

{"id":1062,"date":"2018-12-18T00:09:12","date_gmt":"2018-12-17T23:09:12","guid":{"rendered":"https:\/\/teslafm.net\/?page_id=1062"},"modified":"2021-03-11T21:13:35","modified_gmt":"2021-03-11T20:13:35","slug":"resonancias-2","status":"publish","type":"page","link":"https:\/\/teslafm.net\/en\/resonancias-2\/","title":{"rendered":"Resonances #2"},"content":{"rendered":"<h2><span style=\"color: #ffffff;\"><strong>Resonances #2<\/strong><\/span><\/h2>\n<p><span style=\"color: #808080;\"><em>Acoustic Noise and Contemporary Music<\/em><\/span><\/p>\n<p><iframe src=\"https:\/\/www.mixcloud.com\/widget\/iframe\/?hide_cover=1&amp;feed=%2FTeslafm_net%2Fresonancias-2-dani-blue%2F\" width=\"100%\" height=\"120\" frameborder=\"0\"><\/iframe><\/p>\n<p><span style=\"color: #808080;\">01.<strong> Jani Christou<\/strong> - Enantron\u00f3mia<\/span><br \/>\n<span style=\"color: #808080;\">02. <strong>Benjamin de la Fuente<\/strong> - Got rit of the Shackles<\/span><br \/>\n<span style=\"color: #808080;\">03. <strong>Michael von Biel<\/strong> - Quartet n\u00baII - 1963<\/span><br \/>\n<span style=\"color: #808080;\">04. <strong>Raphael Cendo<\/strong> - In Vivo<\/span><br \/>\n<span style=\"color: #808080;\">05. <strong>Yann Roobin<\/strong> - Metal n\u00baI<\/span><br \/>\n<span style=\"color: #808080;\">06. <strong>Iannis Xenakis<\/strong> - Persepolis (with movement) (excerpt) - 1971<\/span><\/p>","protected":false},"excerpt":{"rendered":"<p>Resonancias #2 Acoustic Noise and Contemporary Music 01. Jani Christou - Enantron\u00f3mia 02. Benjamin de la Fuente - Got rit of the Shackles 03. Michael von Biel - Quartet n\u00baII - 1963 04. Raphael Cendo - In Vivo 05. Yann Roobin - Metal n\u00baI 06. Iannis Xenakis - Persepolis (avec movement) (excerpt) - 1971<\/p>","protected":false},"author":19,"featured_media":0,"parent":0,"menu_order":0,"comment_status":"closed","ping_status":"closed","template":"","meta":{"footnotes":""},"class_list":["post-1062","page","type-page","status-publish","hentry"],"yoast_head":"<!-- This site is optimized with the Yoast SEO plugin v27.2 - https:\/\/yoast.com\/product\/yoast-seo-wordpress\/ -->\n<title>Resonancias #2 -<\/title>\n<meta name=\"robots\" content=\"index, follow, max-snippet:-1, max-image-preview:large, max-video-preview:-1\" \/>\n<link rel=\"canonical\" href=\"https:\/\/teslafm.net\/en\/resonancias-2\/\" \/>\n<meta property=\"og:locale\" content=\"en_US\" \/>\n<meta property=\"og:type\" content=\"article\" \/>\n<meta property=\"og:title\" content=\"Resonancias #2 -\" \/>\n<meta property=\"og:description\" content=\"Resonancias #2 Ruido Ac\u00fastico y M\u00fasica Contempor\u00e1nea 01. Jani Christou &#8211; Enantron\u00f3mia 02. Benjamin de la Fuente &#8211; Got rit of the Shackles 03. Michael von Biel &#8211; Cuarteto n\u00baII &#8211; 1963 04. Raphael Cendo &#8211; In Vivo 05. Yann Roobin &#8211; Metal n\u00baI 06. Iannis Xenakis &#8211; Persepolis (avec movement) (excerpt) &#8211; 1971\" \/>\n<meta property=\"og:url\" content=\"https:\/\/teslafm.net\/en\/resonancias-2\/\" \/>\n<meta property=\"article:publisher\" content=\"https:\/\/www.facebook.com\/teslafm.net\" \/>\n<meta property=\"article:modified_time\" content=\"2021-03-11T20:13:35+00:00\" \/>\n<meta property=\"og:image\" content=\"https:\/\/teslafm.net\/wp-content\/uploads\/2022\/09\/header-image-4-temp.png\" \/>\n\t<meta property=\"og:image:width\" content=\"1274\" \/>\n\t<meta property=\"og:image:height\" content=\"818\" \/>\n\t<meta property=\"og:image:type\" content=\"image\/png\" \/>\n<meta name=\"twitter:card\" content=\"summary_large_image\" \/>\n<meta name=\"twitter:site\" content=\"@teslafm\" \/>\n<meta name=\"twitter:label1\" content=\"Est. reading time\" \/>\n\t<meta name=\"twitter:data1\" content=\"1 minute\" \/>\n<script type=\"application\/ld+json\" class=\"yoast-schema-graph\">{\"@context\":\"https:\/\/schema.org\",\"@graph\":[{\"@type\":\"WebPage\",\"@id\":\"https:\/\/teslafm.net\/resonancias-2\/\",\"url\":\"https:\/\/teslafm.net\/resonancias-2\/\",\"name\":\"Resonancias #2 -\",\"isPartOf\":{\"@id\":\"https:\/\/teslafm.net\/#website\"},\"datePublished\":\"2018-12-17T23:09:12+00:00\",\"dateModified\":\"2021-03-11T20:13:35+00:00\",\"breadcrumb\":{\"@id\":\"https:\/\/teslafm.net\/resonancias-2\/#breadcrumb\"},\"inLanguage\":\"en-US\",\"potentialAction\":[{\"@type\":\"ReadAction\",\"target\":[\"https:\/\/teslafm.net\/resonancias-2\/\"]}]},{\"@type\":\"BreadcrumbList\",\"@id\":\"https:\/\/teslafm.net\/resonancias-2\/#breadcrumb\",\"itemListElement\":[{\"@type\":\"ListItem\",\"position\":1,\"name\":\"Portada\",\"item\":\"https:\/\/teslafm.net\/\"},{\"@type\":\"ListItem\",\"position\":2,\"name\":\"Resonancias #2\"}]},{\"@type\":\"WebSite\",\"@id\":\"https:\/\/teslafm.net\/#website\",\"url\":\"https:\/\/teslafm.net\/\",\"name\":\"TeslaFM\",\"description\":\"An experimental and creative radio\",\"publisher\":{\"@id\":\"https:\/\/teslafm.net\/#organization\"},\"potentialAction\":[{\"@type\":\"SearchAction\",\"target\":{\"@type\":\"EntryPoint\",\"urlTemplate\":\"https:\/\/teslafm.net\/?s={search_term_string}\"},\"query-input\":{\"@type\":\"PropertyValueSpecification\",\"valueRequired\":true,\"valueName\":\"search_term_string\"}}],\"inLanguage\":\"en-US\"},{\"@type\":\"Organization\",\"@id\":\"https:\/\/teslafm.net\/#organization\",\"name\":\"TeslaFM\",\"url\":\"https:\/\/teslafm.net\/\",\"logo\":{\"@type\":\"ImageObject\",\"inLanguage\":\"en-US\",\"@id\":\"https:\/\/teslafm.net\/#\/schema\/logo\/image\/\",\"url\":\"https:\/\/teslafm.net\/wp-content\/uploads\/2020\/06\/logo-tesla.png\",\"contentUrl\":\"https:\/\/teslafm.net\/wp-content\/uploads\/2020\/06\/logo-tesla.png\",\"width\":512,\"height\":512,\"caption\":\"TeslaFM\"},\"image\":{\"@id\":\"https:\/\/teslafm.net\/#\/schema\/logo\/image\/\"},\"sameAs\":[\"https:\/\/www.facebook.com\/teslafm.net\",\"https:\/\/x.com\/teslafm\"]}]}<\/script>\n<!-- \/ Yoast SEO plugin. -->","yoast_head_json":{"title":"Resonances #2 -","robots":{"index":"index","follow":"follow","max-snippet":"max-snippet:-1","max-image-preview":"max-image-preview:large","max-video-preview":"max-video-preview:-1"},"canonical":"https:\/\/teslafm.net\/en\/resonancias-2\/","og_locale":"en_US","og_type":"article","og_title":"Resonancias #2 -","og_description":"Resonancias #2 Ruido Ac\u00fastico y M\u00fasica Contempor\u00e1nea 01. Jani Christou &#8211; Enantron\u00f3mia 02. Benjamin de la Fuente &#8211; Got rit of the Shackles 03. Michael von Biel &#8211; Cuarteto n\u00baII &#8211; 1963 04. Raphael Cendo &#8211; In Vivo 05. Yann Roobin &#8211; Metal n\u00baI 06. Iannis Xenakis &#8211; Persepolis (avec movement) (excerpt) &#8211; 1971","og_url":"https:\/\/teslafm.net\/en\/resonancias-2\/","article_publisher":"https:\/\/www.facebook.com\/teslafm.net","article_modified_time":"2021-03-11T20:13:35+00:00","og_image":[{"width":1274,"height":818,"url":"https:\/\/teslafm.net\/wp-content\/uploads\/2022\/09\/header-image-4-temp.png","type":"image\/png"}],"twitter_card":"summary_large_image","twitter_site":"@teslafm","twitter_misc":{"Est. reading time":"1 minute"},"schema":{"@context":"https:\/\/schema.org","@graph":[{"@type":"WebPage","@id":"https:\/\/teslafm.net\/resonancias-2\/","url":"https:\/\/teslafm.net\/resonancias-2\/","name":"Resonances #2 -","isPartOf":{"@id":"https:\/\/teslafm.net\/#website"},"datePublished":"2018-12-17T23:09:12+00:00","dateModified":"2021-03-11T20:13:35+00:00","breadcrumb":{"@id":"https:\/\/teslafm.net\/resonancias-2\/#breadcrumb"},"inLanguage":"en-US","potentialAction":[{"@type":"ReadAction","target":["https:\/\/teslafm.net\/resonancias-2\/"]}]},{"@type":"BreadcrumbList","@id":"https:\/\/teslafm.net\/resonancias-2\/#breadcrumb","itemListElement":[{"@type":"ListItem","position":1,"name":"Portada","item":"https:\/\/teslafm.net\/"},{"@type":"ListItem","position":2,"name":"Resonancias #2"}]},{"@type":"WebSite","@id":"https:\/\/teslafm.net\/#website","url":"https:\/\/teslafm.net\/","name":"TeslaFM","description":"An experimental and creative radio","publisher":{"@id":"https:\/\/teslafm.net\/#organization"},"potentialAction":[{"@type":"SearchAction","target":{"@type":"EntryPoint","urlTemplate":"https:\/\/teslafm.net\/?s={search_term_string}"},"query-input":{"@type":"PropertyValueSpecification","valueRequired":true,"valueName":"search_term_string"}}],"inLanguage":"en-US"},{"@type":"Organization","@id":"https:\/\/teslafm.net\/#organization","name":"TeslaFM","url":"https:\/\/teslafm.net\/","logo":{"@type":"ImageObject","inLanguage":"en-US","@id":"https:\/\/teslafm.net\/#\/schema\/logo\/image\/","url":"https:\/\/teslafm.net\/wp-content\/uploads\/2020\/06\/logo-tesla.png","contentUrl":"https:\/\/teslafm.net\/wp-content\/uploads\/2020\/06\/logo-tesla.png","width":512,"height":512,"caption":"TeslaFM"},"image":{"@id":"https:\/\/teslafm.net\/#\/schema\/logo\/image\/"},"sameAs":["https:\/\/www.facebook.com\/teslafm.net","https:\/\/x.com\/teslafm"]}]}},"rttpg_featured_image_url":null,"rttpg_author":{"display_name":"Ishak","author_link":"https:\/\/teslafm.net\/en\/author\/cravan\/"},"rttpg_comment":0,"rttpg_category":null,"rttpg_excerpt":"Resonancias #2 Ruido Ac\u00fastico y M\u00fasica Contempor\u00e1nea 01. Jani Christou &#8211; Enantron\u00f3mia 02. Benjamin de la Fuente &#8211; Got rit of the Shackles 03. Michael von Biel &#8211; Cuarteto n\u00baII &#8211; 1963 04. Raphael Cendo &#8211; In Vivo 05. Yann Roobin &#8211; Metal n\u00baI 06. Iannis Xenakis &#8211; Persepolis (avec movement) (excerpt) &#8211; 1971","_links":{"self":[{"href":"https:\/\/teslafm.net\/en\/wp-json\/wp\/v2\/pages\/1062","targetHints":{"allow":["GET"]}}],"collection":[{"href":"https:\/\/teslafm.net\/en\/wp-json\/wp\/v2\/pages"}],"about":[{"href":"https:\/\/teslafm.net\/en\/wp-json\/wp\/v2\/types\/page"}],"author":[{"embeddable":true,"href":"https:\/\/teslafm.net\/en\/wp-json\/wp\/v2\/users\/19"}],"replies":[{"embeddable":true,"href":"https:\/\/teslafm.net\/en\/wp-json\/wp\/v2\/comments?post=1062"}],"version-history":[{"count":14,"href":"https:\/\/teslafm.net\/en\/wp-json\/wp\/v2\/pages\/1062\/revisions"}],"predecessor-version":[{"id":57419,"href":"https:\/\/teslafm.net\/en\/wp-json\/wp\/v2\/pages\/1062\/revisions\/57419"}],"wp:attachment":[{"href":"https:\/\/teslafm.net\/en\/wp-json\/wp\/v2\/media?parent=1062"}],"curies":[{"name":"wp","href":"https:\/\/api.w.org\/{rel}","templated":true}]}}