

{"id":1097,"date":"2018-12-28T14:09:38","date_gmt":"2018-12-28T13:09:38","guid":{"rendered":"https:\/\/teslafm.net\/?page_id=1097"},"modified":"2021-03-06T16:44:55","modified_gmt":"2021-03-06T15:44:55","slug":"eftos-2","status":"publish","type":"page","link":"https:\/\/teslafm.net\/en\/eftos-2\/","title":{"rendered":"EFTOS #2"},"content":{"rendered":"<h2><span style=\"color: #ffffff;\"><strong>EFTOS #2<\/strong><\/span><\/h2>\n<p><span style=\"color: #808080;\"><em>December 2018<\/em><\/span><\/p>\n<p><iframe src=\"https:\/\/www.mixcloud.com\/widget\/iframe\/?hide_cover=1&amp;feed=%2FTeslafm_net%2Femissions-from-the-other-side-2-gonzo%2F\" width=\"100%\" height=\"120\" frameborder=\"0\"><\/iframe><\/p>\n<p><img fetchpriority=\"high\" decoding=\"async\" src=\"http:\/\/teslafm.net\/wp-content\/uploads\/2018\/12\/IMG-20181205-WA0001.jpg\" alt=\"\" width=\"480\" height=\"480\" \/><\/p>\n<p><span style=\"color: #808080;\">01. <b>Rollinka<\/b> - Behind the Door<\/span><br \/>\n<span style=\"color: #808080;\">02. <b>Shit &amp; Shine<\/b> - Bottle Brush<\/span><br \/>\n<span style=\"color: #808080;\">03. <b>Bernard Palaglia<\/b> - Simple<\/span><br \/>\n<span style=\"color: #808080;\">04. <b>Life Garden<\/b> \u2013 8<\/span><br \/>\n<span style=\"color: #808080;\">05. <b>Shiny Black Mater<\/b> - Le masque musique<\/span><br \/>\n<span style=\"color: #808080;\">06. <b>Jorge Reyes<\/b> - The Sorcerer of Quiet Bliss<\/span><br \/>\n<span style=\"color: #808080;\">07. <b>Pope<\/b> - Dark Smoke<\/span><br \/>\n<span style=\"color: #808080;\">08. <b>Marc Barreca<\/b> - The Urge to Buy Terrorizes You<\/span><br \/>\n<span style=\"color: #808080;\">09. <b>Popular Mechanics<\/b> - Always You<\/span><br \/>\n<span style=\"color: #808080;\">10. <b>Roberto Cacciapaglia<\/b> - 2nd Movement<\/span><br \/>\n<span style=\"color: #808080;\">11. <b>Marina la Palma<\/b> - Hong-Kong Shoes<\/span><br \/>\n<span style=\"color: #808080;\">12. <b>Haku<\/b> - Eia Wau, Haleakala<\/span><br \/>\n<span style=\"color: #808080;\">13. Ksi\u0119\u017cyc - Walczyk III<\/span><br \/>\n<span style=\"color: #808080;\">14. <b>Unknown Artist<\/b> - Untitled<\/span><br \/>\n<span style=\"color: #808080;\">15. <b>Deux Filles<\/b> - Oakwood Green<\/span><br \/>\n<span style=\"color: #808080;\">16. <b>Japan Blues<\/b> - Yakuza No Uta<\/span><br \/>\n<span style=\"color: #808080;\">17. <b>Lotte K\u00e6rs\u00e5 with Gr\u00e6sr\u00f8dderne<\/b> - Pr\u00f8v Og G\u00f8r Li'Som Jeg<\/span><br \/>\n<span style=\"color: #808080;\">18. <b>Laaraji<\/b> - Kalimba (over the novel \"Many Moons\" by James Thurber)<\/span><br \/>\n<span style=\"color: #808080;\">18. <b>Rollinka<\/b> - Behind the Door<\/span><\/p>","protected":false},"excerpt":{"rendered":"<p>EFTOS #2 Diciembre 2018 \ufeff 01. Rollinka &#8211; Behind the Door 02. Shit &amp; Shine &#8211; Bottle Brush 03. Bernard Palaglia &#8211; Simple 04. Life Garden &#8211; 8 05. Shiny Black Mater &#8211; Le masque musique 06. Jorge Reyes &#8211; El Hechicero de la Dicha Tranquila 07. Pope &#8211; Dark Smoke 08. Marc Barreca &#8211; [&hellip;]<\/p>\n","protected":false},"author":19,"featured_media":0,"parent":0,"menu_order":0,"comment_status":"closed","ping_status":"closed","template":"","meta":{"footnotes":""},"class_list":["post-1097","page","type-page","status-publish","hentry"],"yoast_head":"<!-- This site is optimized with the Yoast SEO plugin v27.4 - https:\/\/yoast.com\/product\/yoast-seo-wordpress\/ -->\n<title>EFTOS #2 -<\/title>\n<meta name=\"robots\" content=\"index, follow, max-snippet:-1, max-image-preview:large, max-video-preview:-1\" \/>\n<link rel=\"canonical\" href=\"https:\/\/teslafm.net\/en\/eftos-2\/\" \/>\n<meta property=\"og:locale\" content=\"en_US\" \/>\n<meta property=\"og:type\" content=\"article\" \/>\n<meta property=\"og:title\" content=\"EFTOS #2 -\" \/>\n<meta property=\"og:description\" content=\"EFTOS #2 Diciembre 2018 \ufeff 01. Rollinka &#8211; Behind the Door 02. Shit &amp; Shine &#8211; Bottle Brush 03. Bernard Palaglia &#8211; Simple 04. Life Garden &#8211; 8 05. Shiny Black Mater &#8211; Le masque musique 06. Jorge Reyes &#8211; El Hechicero de la Dicha Tranquila 07. Pope &#8211; Dark Smoke 08. Marc Barreca &#8211; [&hellip;]\" \/>\n<meta property=\"og:url\" content=\"https:\/\/teslafm.net\/en\/eftos-2\/\" \/>\n<meta property=\"article:publisher\" content=\"https:\/\/www.facebook.com\/teslafm.net\" \/>\n<meta property=\"article:modified_time\" content=\"2021-03-06T15:44:55+00:00\" \/>\n<meta property=\"og:image\" content=\"http:\/\/teslafm.net\/wp-content\/uploads\/2018\/12\/IMG-20181205-WA0001.jpg\" \/>\n<meta name=\"twitter:card\" content=\"summary_large_image\" \/>\n<meta name=\"twitter:site\" content=\"@teslafm\" \/>\n<meta name=\"twitter:label1\" content=\"Est. reading time\" \/>\n\t<meta name=\"twitter:data1\" content=\"1 minute\" \/>\n<script type=\"application\/ld+json\" class=\"yoast-schema-graph\">{\"@context\":\"https:\\\/\\\/schema.org\",\"@graph\":[{\"@type\":\"WebPage\",\"@id\":\"https:\\\/\\\/teslafm.net\\\/eftos-2\\\/\",\"url\":\"https:\\\/\\\/teslafm.net\\\/eftos-2\\\/\",\"name\":\"EFTOS #2 -\",\"isPartOf\":{\"@id\":\"https:\\\/\\\/teslafm.net\\\/#website\"},\"primaryImageOfPage\":{\"@id\":\"https:\\\/\\\/teslafm.net\\\/eftos-2\\\/#primaryimage\"},\"image\":{\"@id\":\"https:\\\/\\\/teslafm.net\\\/eftos-2\\\/#primaryimage\"},\"thumbnailUrl\":\"http:\\\/\\\/teslafm.net\\\/wp-content\\\/uploads\\\/2018\\\/12\\\/IMG-20181205-WA0001.jpg\",\"datePublished\":\"2018-12-28T13:09:38+00:00\",\"dateModified\":\"2021-03-06T15:44:55+00:00\",\"breadcrumb\":{\"@id\":\"https:\\\/\\\/teslafm.net\\\/eftos-2\\\/#breadcrumb\"},\"inLanguage\":\"en-US\",\"potentialAction\":[{\"@type\":\"ReadAction\",\"target\":[\"https:\\\/\\\/teslafm.net\\\/eftos-2\\\/\"]}]},{\"@type\":\"ImageObject\",\"inLanguage\":\"en-US\",\"@id\":\"https:\\\/\\\/teslafm.net\\\/eftos-2\\\/#primaryimage\",\"url\":\"http:\\\/\\\/teslafm.net\\\/wp-content\\\/uploads\\\/2018\\\/12\\\/IMG-20181205-WA0001.jpg\",\"contentUrl\":\"http:\\\/\\\/teslafm.net\\\/wp-content\\\/uploads\\\/2018\\\/12\\\/IMG-20181205-WA0001.jpg\"},{\"@type\":\"BreadcrumbList\",\"@id\":\"https:\\\/\\\/teslafm.net\\\/eftos-2\\\/#breadcrumb\",\"itemListElement\":[{\"@type\":\"ListItem\",\"position\":1,\"name\":\"Portada\",\"item\":\"https:\\\/\\\/teslafm.net\\\/\"},{\"@type\":\"ListItem\",\"position\":2,\"name\":\"EFTOS #2\"}]},{\"@type\":\"WebSite\",\"@id\":\"https:\\\/\\\/teslafm.net\\\/#website\",\"url\":\"https:\\\/\\\/teslafm.net\\\/\",\"name\":\"TeslaFM\",\"description\":\"An experimental and creative radio\",\"publisher\":{\"@id\":\"https:\\\/\\\/teslafm.net\\\/#organization\"},\"potentialAction\":[{\"@type\":\"SearchAction\",\"target\":{\"@type\":\"EntryPoint\",\"urlTemplate\":\"https:\\\/\\\/teslafm.net\\\/?s={search_term_string}\"},\"query-input\":{\"@type\":\"PropertyValueSpecification\",\"valueRequired\":true,\"valueName\":\"search_term_string\"}}],\"inLanguage\":\"en-US\"},{\"@type\":\"Organization\",\"@id\":\"https:\\\/\\\/teslafm.net\\\/#organization\",\"name\":\"TeslaFM\",\"url\":\"https:\\\/\\\/teslafm.net\\\/\",\"logo\":{\"@type\":\"ImageObject\",\"inLanguage\":\"en-US\",\"@id\":\"https:\\\/\\\/teslafm.net\\\/#\\\/schema\\\/logo\\\/image\\\/\",\"url\":\"https:\\\/\\\/teslafm.net\\\/wp-content\\\/uploads\\\/2020\\\/06\\\/logo-tesla.png\",\"contentUrl\":\"https:\\\/\\\/teslafm.net\\\/wp-content\\\/uploads\\\/2020\\\/06\\\/logo-tesla.png\",\"width\":512,\"height\":512,\"caption\":\"TeslaFM\"},\"image\":{\"@id\":\"https:\\\/\\\/teslafm.net\\\/#\\\/schema\\\/logo\\\/image\\\/\"},\"sameAs\":[\"https:\\\/\\\/www.facebook.com\\\/teslafm.net\",\"https:\\\/\\\/x.com\\\/teslafm\"]}]}<\/script>\n<!-- \/ Yoast SEO plugin. -->","yoast_head_json":{"title":"EFTOS #2 -","robots":{"index":"index","follow":"follow","max-snippet":"max-snippet:-1","max-image-preview":"max-image-preview:large","max-video-preview":"max-video-preview:-1"},"canonical":"https:\/\/teslafm.net\/en\/eftos-2\/","og_locale":"en_US","og_type":"article","og_title":"EFTOS #2 -","og_description":"EFTOS #2 Diciembre 2018 \ufeff 01. Rollinka &#8211; Behind the Door 02. Shit &amp; Shine &#8211; Bottle Brush 03. Bernard Palaglia &#8211; Simple 04. Life Garden &#8211; 8 05. Shiny Black Mater &#8211; Le masque musique 06. Jorge Reyes &#8211; El Hechicero de la Dicha Tranquila 07. Pope &#8211; Dark Smoke 08. Marc Barreca &#8211; [&hellip;]","og_url":"https:\/\/teslafm.net\/en\/eftos-2\/","article_publisher":"https:\/\/www.facebook.com\/teslafm.net","article_modified_time":"2021-03-06T15:44:55+00:00","og_image":[{"url":"http:\/\/teslafm.net\/wp-content\/uploads\/2018\/12\/IMG-20181205-WA0001.jpg","type":"","width":"","height":""}],"twitter_card":"summary_large_image","twitter_site":"@teslafm","twitter_misc":{"Est. reading time":"1 minute"},"schema":{"@context":"https:\/\/schema.org","@graph":[{"@type":"WebPage","@id":"https:\/\/teslafm.net\/eftos-2\/","url":"https:\/\/teslafm.net\/eftos-2\/","name":"EFTOS #2 -","isPartOf":{"@id":"https:\/\/teslafm.net\/#website"},"primaryImageOfPage":{"@id":"https:\/\/teslafm.net\/eftos-2\/#primaryimage"},"image":{"@id":"https:\/\/teslafm.net\/eftos-2\/#primaryimage"},"thumbnailUrl":"http:\/\/teslafm.net\/wp-content\/uploads\/2018\/12\/IMG-20181205-WA0001.jpg","datePublished":"2018-12-28T13:09:38+00:00","dateModified":"2021-03-06T15:44:55+00:00","breadcrumb":{"@id":"https:\/\/teslafm.net\/eftos-2\/#breadcrumb"},"inLanguage":"en-US","potentialAction":[{"@type":"ReadAction","target":["https:\/\/teslafm.net\/eftos-2\/"]}]},{"@type":"ImageObject","inLanguage":"en-US","@id":"https:\/\/teslafm.net\/eftos-2\/#primaryimage","url":"http:\/\/teslafm.net\/wp-content\/uploads\/2018\/12\/IMG-20181205-WA0001.jpg","contentUrl":"http:\/\/teslafm.net\/wp-content\/uploads\/2018\/12\/IMG-20181205-WA0001.jpg"},{"@type":"BreadcrumbList","@id":"https:\/\/teslafm.net\/eftos-2\/#breadcrumb","itemListElement":[{"@type":"ListItem","position":1,"name":"Portada","item":"https:\/\/teslafm.net\/"},{"@type":"ListItem","position":2,"name":"EFTOS #2"}]},{"@type":"WebSite","@id":"https:\/\/teslafm.net\/#website","url":"https:\/\/teslafm.net\/","name":"TeslaFM","description":"An experimental and creative radio","publisher":{"@id":"https:\/\/teslafm.net\/#organization"},"potentialAction":[{"@type":"SearchAction","target":{"@type":"EntryPoint","urlTemplate":"https:\/\/teslafm.net\/?s={search_term_string}"},"query-input":{"@type":"PropertyValueSpecification","valueRequired":true,"valueName":"search_term_string"}}],"inLanguage":"en-US"},{"@type":"Organization","@id":"https:\/\/teslafm.net\/#organization","name":"TeslaFM","url":"https:\/\/teslafm.net\/","logo":{"@type":"ImageObject","inLanguage":"en-US","@id":"https:\/\/teslafm.net\/#\/schema\/logo\/image\/","url":"https:\/\/teslafm.net\/wp-content\/uploads\/2020\/06\/logo-tesla.png","contentUrl":"https:\/\/teslafm.net\/wp-content\/uploads\/2020\/06\/logo-tesla.png","width":512,"height":512,"caption":"TeslaFM"},"image":{"@id":"https:\/\/teslafm.net\/#\/schema\/logo\/image\/"},"sameAs":["https:\/\/www.facebook.com\/teslafm.net","https:\/\/x.com\/teslafm"]}]}},"rttpg_featured_image_url":null,"rttpg_author":{"display_name":"Ishak","author_link":"https:\/\/teslafm.net\/en\/author\/cravan\/"},"rttpg_comment":0,"rttpg_category":null,"rttpg_excerpt":"EFTOS #2 Diciembre 2018 \ufeff 01. Rollinka &#8211; Behind the Door 02. Shit &amp; Shine &#8211; Bottle Brush 03. Bernard Palaglia &#8211; Simple 04. Life Garden &#8211; 8 05. Shiny Black Mater &#8211; Le masque musique 06. Jorge Reyes &#8211; El Hechicero de la Dicha Tranquila 07. Pope &#8211; Dark Smoke 08. Marc Barreca &#8211;&hellip;","_links":{"self":[{"href":"https:\/\/teslafm.net\/en\/wp-json\/wp\/v2\/pages\/1097","targetHints":{"allow":["GET"]}}],"collection":[{"href":"https:\/\/teslafm.net\/en\/wp-json\/wp\/v2\/pages"}],"about":[{"href":"https:\/\/teslafm.net\/en\/wp-json\/wp\/v2\/types\/page"}],"author":[{"embeddable":true,"href":"https:\/\/teslafm.net\/en\/wp-json\/wp\/v2\/users\/19"}],"replies":[{"embeddable":true,"href":"https:\/\/teslafm.net\/en\/wp-json\/wp\/v2\/comments?post=1097"}],"version-history":[{"count":6,"href":"https:\/\/teslafm.net\/en\/wp-json\/wp\/v2\/pages\/1097\/revisions"}],"predecessor-version":[{"id":57161,"href":"https:\/\/teslafm.net\/en\/wp-json\/wp\/v2\/pages\/1097\/revisions\/57161"}],"wp:attachment":[{"href":"https:\/\/teslafm.net\/en\/wp-json\/wp\/v2\/media?parent=1097"}],"curies":[{"name":"wp","href":"https:\/\/api.w.org\/{rel}","templated":true}]}}