

{"id":1120,"date":"2018-12-23T17:34:22","date_gmt":"2018-12-23T16:34:22","guid":{"rendered":"https:\/\/teslafm.net\/?page_id=1120"},"modified":"2021-03-06T15:55:13","modified_gmt":"2021-03-06T14:55:13","slug":"luna-llena-1","status":"publish","type":"page","link":"https:\/\/teslafm.net\/en\/luna-llena-1\/","title":{"rendered":"Full Moon #1"},"content":{"rendered":"<h2><strong><span style=\"color: #ffffff;\">Full Moon #1<\/span><br \/>\n<\/strong><\/h2>\n<p><span style=\"color: #808080;\"><em>Carmilla Deconstructed by J.Sheridan Le Fanu<\/em><\/span><\/p>\n<p><iframe src=\"https:\/\/www.mixcloud.com\/widget\/iframe\/?hide_cover=1&amp;feed=%2FTeslafm_net%2Fluna-llena-carmilla-deconstructed%2F\" width=\"100%\" height=\"120\" frameborder=\"0\"><\/iframe><\/p>\n<p><img fetchpriority=\"high\" decoding=\"async\" class=\"alignnone size-large wp-image-57123\" src=\"https:\/\/teslafm.net\/wp-content\/uploads\/2021\/03\/Carmilla-deconstructed-1024x704-1-1024x704.jpg\" alt=\"\" width=\"1024\" height=\"704\" srcset=\"https:\/\/teslafm.net\/wp-content\/uploads\/2021\/03\/Carmilla-deconstructed-1024x704-1-1024x704.jpg 1024w, https:\/\/teslafm.net\/wp-content\/uploads\/2021\/03\/Carmilla-deconstructed-1024x704-1-300x206.jpg 300w, https:\/\/teslafm.net\/wp-content\/uploads\/2021\/03\/Carmilla-deconstructed-1024x704-1-768x528.jpg 768w, https:\/\/teslafm.net\/wp-content\/uploads\/2021\/03\/Carmilla-deconstructed-1024x704-1-1536x1056.jpg 1536w, https:\/\/teslafm.net\/wp-content\/uploads\/2021\/03\/Carmilla-deconstructed-1024x704-1.jpg 1571w\" sizes=\"(max-width: 1024px) 100vw, 1024px\" \/><\/p>\n<p><span style=\"color: #808080;\"><b>Carmilla by J.Sheridan Le Fanu<\/b>is a novel written in 1872, overshadowed by the subsequent popularity of Dracula by <b>Bram Stoker<\/b>. This is a condensed version in one hour, told in English and deconstructed.<\/span><\/p>\n<p><span style=\"color: #808080;\"><b>MUSIC<br \/>\n<\/b>In vain by Georges Friedrich Haas.<\/span><\/p>\n<p><span style=\"color: #808080;\">Produced by <b>Shak Benavides<\/b> and <b>Ea7_dmZ<\/b>.<\/span><\/p>","protected":false},"excerpt":{"rendered":"<p>Luna llena #1 Carmilla Deconstruida de J.Sheridan Le Fanu Carmilla de J.Sheridan Le Fanu, es una novela escrita en 1872, ensombrecida por la posterior popularidad de Dr\u00e1cula de Bram Stoker. Esta es una versi\u00f3n resumida en una hora, relatada en ingl\u00e9s y deconstruida. M\u00daSICA In vain de Georges Friedrich Haas. Producido por Shak Benavides y [&hellip;]<\/p>\n","protected":false},"author":19,"featured_media":0,"parent":0,"menu_order":0,"comment_status":"closed","ping_status":"closed","template":"","meta":{"footnotes":""},"class_list":["post-1120","page","type-page","status-publish","hentry"],"yoast_head":"<!-- This site is optimized with the Yoast SEO plugin v27.2 - https:\/\/yoast.com\/product\/yoast-seo-wordpress\/ -->\n<title>Luna llena #1 -<\/title>\n<meta name=\"robots\" content=\"index, follow, max-snippet:-1, max-image-preview:large, max-video-preview:-1\" \/>\n<link rel=\"canonical\" href=\"https:\/\/teslafm.net\/en\/luna-llena-1\/\" \/>\n<meta property=\"og:locale\" content=\"en_US\" \/>\n<meta property=\"og:type\" content=\"article\" \/>\n<meta property=\"og:title\" content=\"Luna llena #1 -\" \/>\n<meta property=\"og:description\" content=\"Luna llena #1 Carmilla Deconstruida de J.Sheridan Le Fanu Carmilla de J.Sheridan Le Fanu, es una novela escrita en 1872, ensombrecida por la posterior popularidad de Dr\u00e1cula de Bram Stoker. Esta es una versi\u00f3n resumida en una hora, relatada en ingl\u00e9s y deconstruida. M\u00daSICA In vain de Georges Friedrich Haas. Producido por Shak Benavides y [&hellip;]\" \/>\n<meta property=\"og:url\" content=\"https:\/\/teslafm.net\/en\/luna-llena-1\/\" \/>\n<meta property=\"article:publisher\" content=\"https:\/\/www.facebook.com\/teslafm.net\" \/>\n<meta property=\"article:modified_time\" content=\"2021-03-06T14:55:13+00:00\" \/>\n<meta property=\"og:image\" content=\"https:\/\/teslafm.net\/wp-content\/uploads\/2021\/03\/Carmilla-deconstructed-1024x704-1-1024x704.jpg\" \/>\n<meta name=\"twitter:card\" content=\"summary_large_image\" \/>\n<meta name=\"twitter:site\" content=\"@teslafm\" \/>\n<meta name=\"twitter:label1\" content=\"Est. reading time\" \/>\n\t<meta name=\"twitter:data1\" content=\"1 minute\" \/>\n<script type=\"application\/ld+json\" class=\"yoast-schema-graph\">{\"@context\":\"https:\/\/schema.org\",\"@graph\":[{\"@type\":\"WebPage\",\"@id\":\"https:\/\/teslafm.net\/luna-llena-1\/\",\"url\":\"https:\/\/teslafm.net\/luna-llena-1\/\",\"name\":\"Luna llena #1 -\",\"isPartOf\":{\"@id\":\"https:\/\/teslafm.net\/#website\"},\"primaryImageOfPage\":{\"@id\":\"https:\/\/teslafm.net\/luna-llena-1\/#primaryimage\"},\"image\":{\"@id\":\"https:\/\/teslafm.net\/luna-llena-1\/#primaryimage\"},\"thumbnailUrl\":\"https:\/\/teslafm.net\/wp-content\/uploads\/2021\/03\/Carmilla-deconstructed-1024x704-1-1024x704.jpg\",\"datePublished\":\"2018-12-23T16:34:22+00:00\",\"dateModified\":\"2021-03-06T14:55:13+00:00\",\"breadcrumb\":{\"@id\":\"https:\/\/teslafm.net\/luna-llena-1\/#breadcrumb\"},\"inLanguage\":\"en-US\",\"potentialAction\":[{\"@type\":\"ReadAction\",\"target\":[\"https:\/\/teslafm.net\/luna-llena-1\/\"]}]},{\"@type\":\"ImageObject\",\"inLanguage\":\"en-US\",\"@id\":\"https:\/\/teslafm.net\/luna-llena-1\/#primaryimage\",\"url\":\"https:\/\/teslafm.net\/wp-content\/uploads\/2021\/03\/Carmilla-deconstructed-1024x704-1-1024x704.jpg\",\"contentUrl\":\"https:\/\/teslafm.net\/wp-content\/uploads\/2021\/03\/Carmilla-deconstructed-1024x704-1-1024x704.jpg\"},{\"@type\":\"BreadcrumbList\",\"@id\":\"https:\/\/teslafm.net\/luna-llena-1\/#breadcrumb\",\"itemListElement\":[{\"@type\":\"ListItem\",\"position\":1,\"name\":\"Portada\",\"item\":\"https:\/\/teslafm.net\/\"},{\"@type\":\"ListItem\",\"position\":2,\"name\":\"Luna llena #1\"}]},{\"@type\":\"WebSite\",\"@id\":\"https:\/\/teslafm.net\/#website\",\"url\":\"https:\/\/teslafm.net\/\",\"name\":\"TeslaFM\",\"description\":\"An experimental and creative radio\",\"publisher\":{\"@id\":\"https:\/\/teslafm.net\/#organization\"},\"potentialAction\":[{\"@type\":\"SearchAction\",\"target\":{\"@type\":\"EntryPoint\",\"urlTemplate\":\"https:\/\/teslafm.net\/?s={search_term_string}\"},\"query-input\":{\"@type\":\"PropertyValueSpecification\",\"valueRequired\":true,\"valueName\":\"search_term_string\"}}],\"inLanguage\":\"en-US\"},{\"@type\":\"Organization\",\"@id\":\"https:\/\/teslafm.net\/#organization\",\"name\":\"TeslaFM\",\"url\":\"https:\/\/teslafm.net\/\",\"logo\":{\"@type\":\"ImageObject\",\"inLanguage\":\"en-US\",\"@id\":\"https:\/\/teslafm.net\/#\/schema\/logo\/image\/\",\"url\":\"https:\/\/teslafm.net\/wp-content\/uploads\/2020\/06\/logo-tesla.png\",\"contentUrl\":\"https:\/\/teslafm.net\/wp-content\/uploads\/2020\/06\/logo-tesla.png\",\"width\":512,\"height\":512,\"caption\":\"TeslaFM\"},\"image\":{\"@id\":\"https:\/\/teslafm.net\/#\/schema\/logo\/image\/\"},\"sameAs\":[\"https:\/\/www.facebook.com\/teslafm.net\",\"https:\/\/x.com\/teslafm\"]}]}<\/script>\n<!-- \/ Yoast SEO plugin. -->","yoast_head_json":{"title":"Full Moon #1 -","robots":{"index":"index","follow":"follow","max-snippet":"max-snippet:-1","max-image-preview":"max-image-preview:large","max-video-preview":"max-video-preview:-1"},"canonical":"https:\/\/teslafm.net\/en\/luna-llena-1\/","og_locale":"en_US","og_type":"article","og_title":"Luna llena #1 -","og_description":"Luna llena #1 Carmilla Deconstruida de J.Sheridan Le Fanu Carmilla de J.Sheridan Le Fanu, es una novela escrita en 1872, ensombrecida por la posterior popularidad de Dr\u00e1cula de Bram Stoker. Esta es una versi\u00f3n resumida en una hora, relatada en ingl\u00e9s y deconstruida. M\u00daSICA In vain de Georges Friedrich Haas. Producido por Shak Benavides y [&hellip;]","og_url":"https:\/\/teslafm.net\/en\/luna-llena-1\/","article_publisher":"https:\/\/www.facebook.com\/teslafm.net","article_modified_time":"2021-03-06T14:55:13+00:00","og_image":[{"url":"https:\/\/teslafm.net\/wp-content\/uploads\/2021\/03\/Carmilla-deconstructed-1024x704-1-1024x704.jpg","type":"","width":"","height":""}],"twitter_card":"summary_large_image","twitter_site":"@teslafm","twitter_misc":{"Est. reading time":"1 minute"},"schema":{"@context":"https:\/\/schema.org","@graph":[{"@type":"WebPage","@id":"https:\/\/teslafm.net\/luna-llena-1\/","url":"https:\/\/teslafm.net\/luna-llena-1\/","name":"Full Moon #1 -","isPartOf":{"@id":"https:\/\/teslafm.net\/#website"},"primaryImageOfPage":{"@id":"https:\/\/teslafm.net\/luna-llena-1\/#primaryimage"},"image":{"@id":"https:\/\/teslafm.net\/luna-llena-1\/#primaryimage"},"thumbnailUrl":"https:\/\/teslafm.net\/wp-content\/uploads\/2021\/03\/Carmilla-deconstructed-1024x704-1-1024x704.jpg","datePublished":"2018-12-23T16:34:22+00:00","dateModified":"2021-03-06T14:55:13+00:00","breadcrumb":{"@id":"https:\/\/teslafm.net\/luna-llena-1\/#breadcrumb"},"inLanguage":"en-US","potentialAction":[{"@type":"ReadAction","target":["https:\/\/teslafm.net\/luna-llena-1\/"]}]},{"@type":"ImageObject","inLanguage":"en-US","@id":"https:\/\/teslafm.net\/luna-llena-1\/#primaryimage","url":"https:\/\/teslafm.net\/wp-content\/uploads\/2021\/03\/Carmilla-deconstructed-1024x704-1-1024x704.jpg","contentUrl":"https:\/\/teslafm.net\/wp-content\/uploads\/2021\/03\/Carmilla-deconstructed-1024x704-1-1024x704.jpg"},{"@type":"BreadcrumbList","@id":"https:\/\/teslafm.net\/luna-llena-1\/#breadcrumb","itemListElement":[{"@type":"ListItem","position":1,"name":"Portada","item":"https:\/\/teslafm.net\/"},{"@type":"ListItem","position":2,"name":"Luna llena #1"}]},{"@type":"WebSite","@id":"https:\/\/teslafm.net\/#website","url":"https:\/\/teslafm.net\/","name":"TeslaFM","description":"An experimental and creative radio","publisher":{"@id":"https:\/\/teslafm.net\/#organization"},"potentialAction":[{"@type":"SearchAction","target":{"@type":"EntryPoint","urlTemplate":"https:\/\/teslafm.net\/?s={search_term_string}"},"query-input":{"@type":"PropertyValueSpecification","valueRequired":true,"valueName":"search_term_string"}}],"inLanguage":"en-US"},{"@type":"Organization","@id":"https:\/\/teslafm.net\/#organization","name":"TeslaFM","url":"https:\/\/teslafm.net\/","logo":{"@type":"ImageObject","inLanguage":"en-US","@id":"https:\/\/teslafm.net\/#\/schema\/logo\/image\/","url":"https:\/\/teslafm.net\/wp-content\/uploads\/2020\/06\/logo-tesla.png","contentUrl":"https:\/\/teslafm.net\/wp-content\/uploads\/2020\/06\/logo-tesla.png","width":512,"height":512,"caption":"TeslaFM"},"image":{"@id":"https:\/\/teslafm.net\/#\/schema\/logo\/image\/"},"sameAs":["https:\/\/www.facebook.com\/teslafm.net","https:\/\/x.com\/teslafm"]}]}},"rttpg_featured_image_url":null,"rttpg_author":{"display_name":"Ishak","author_link":"https:\/\/teslafm.net\/en\/author\/cravan\/"},"rttpg_comment":0,"rttpg_category":null,"rttpg_excerpt":"Luna llena #1 Carmilla Deconstruida de J.Sheridan Le Fanu Carmilla de J.Sheridan Le Fanu, es una novela escrita en 1872, ensombrecida por la posterior popularidad de Dr\u00e1cula de Bram Stoker. Esta es una versi\u00f3n resumida en una hora, relatada en ingl\u00e9s y deconstruida. M\u00daSICA In vain de Georges Friedrich Haas. Producido por Shak Benavides y&hellip;","_links":{"self":[{"href":"https:\/\/teslafm.net\/en\/wp-json\/wp\/v2\/pages\/1120","targetHints":{"allow":["GET"]}}],"collection":[{"href":"https:\/\/teslafm.net\/en\/wp-json\/wp\/v2\/pages"}],"about":[{"href":"https:\/\/teslafm.net\/en\/wp-json\/wp\/v2\/types\/page"}],"author":[{"embeddable":true,"href":"https:\/\/teslafm.net\/en\/wp-json\/wp\/v2\/users\/19"}],"replies":[{"embeddable":true,"href":"https:\/\/teslafm.net\/en\/wp-json\/wp\/v2\/comments?post=1120"}],"version-history":[{"count":11,"href":"https:\/\/teslafm.net\/en\/wp-json\/wp\/v2\/pages\/1120\/revisions"}],"predecessor-version":[{"id":57125,"href":"https:\/\/teslafm.net\/en\/wp-json\/wp\/v2\/pages\/1120\/revisions\/57125"}],"wp:attachment":[{"href":"https:\/\/teslafm.net\/en\/wp-json\/wp\/v2\/media?parent=1120"}],"curies":[{"name":"wp","href":"https:\/\/api.w.org\/{rel}","templated":true}]}}