

{"id":1146,"date":"2019-01-07T10:38:44","date_gmt":"2019-01-07T09:38:44","guid":{"rendered":"https:\/\/teslafm.net\/?page_id=1146"},"modified":"2021-04-05T16:50:16","modified_gmt":"2021-04-05T14:50:16","slug":"room3327","status":"publish","type":"page","link":"https:\/\/teslafm.net\/en\/room3327\/","title":{"rendered":"Room 3327"},"content":{"rendered":"<div data-elementor-type=\"wp-page\" data-elementor-id=\"1146\" class=\"elementor elementor-1146\">\n\t\t\t\t\t\t<section class=\"elementor-section elementor-top-section elementor-element elementor-element-e699ecd elementor-section-boxed elementor-section-height-default elementor-section-height-default\" data-id=\"e699ecd\" data-element_type=\"section\" data-e-type=\"section\">\n\t\t\t\t\t\t<div class=\"elementor-container elementor-column-gap-default\">\n\t\t\t\t\t<div class=\"elementor-column elementor-col-33 elementor-top-column elementor-element elementor-element-98087d8\" data-id=\"98087d8\" data-element_type=\"column\" data-e-type=\"column\">\n\t\t\t<div class=\"elementor-widget-wrap elementor-element-populated\">\n\t\t\t\t\t\t<div class=\"elementor-element elementor-element-219142c elementor-widget elementor-widget-image\" data-id=\"219142c\" data-element_type=\"widget\" data-e-type=\"widget\" data-widget_type=\"image.default\">\n\t\t\t\t<div class=\"elementor-widget-container\">\n\t\t\t\t\t\t\t\t\t\t\t\t\t\t\t<img fetchpriority=\"high\" decoding=\"async\" width=\"300\" height=\"300\" src=\"https:\/\/teslafm.net\/wp-content\/uploads\/2020\/05\/mateo-cavalakis-300x300.jpg\" class=\"attachment-medium size-medium wp-image-51539\" alt=\"\" srcset=\"https:\/\/teslafm.net\/wp-content\/uploads\/2020\/05\/mateo-cavalakis-300x300.jpg 300w, https:\/\/teslafm.net\/wp-content\/uploads\/2020\/05\/mateo-cavalakis-150x150.jpg 150w, https:\/\/teslafm.net\/wp-content\/uploads\/2020\/05\/mateo-cavalakis-100x100.jpg 100w, https:\/\/teslafm.net\/wp-content\/uploads\/2020\/05\/mateo-cavalakis.jpg 450w\" sizes=\"(max-width: 300px) 100vw, 300px\" \/>\t\t\t\t\t\t\t\t\t\t\t\t\t\t\t<\/div>\n\t\t\t\t<\/div>\n\t\t\t\t\t<\/div>\n\t\t<\/div>\n\t\t\t\t<div class=\"elementor-column elementor-col-33 elementor-top-column elementor-element elementor-element-c5bc7ef\" data-id=\"c5bc7ef\" data-element_type=\"column\" data-e-type=\"column\" data-settings=\"{&quot;background_background&quot;:&quot;classic&quot;}\">\n\t\t\t<div class=\"elementor-widget-wrap elementor-element-populated\">\n\t\t\t\t\t\t<div class=\"elementor-element elementor-element-02579c3 elementor-widget elementor-widget-heading\" data-id=\"02579c3\" data-element_type=\"widget\" data-e-type=\"widget\" data-widget_type=\"heading.default\">\n\t\t\t\t<div class=\"elementor-widget-container\">\n\t\t\t\t\t<h2 class=\"elementor-heading-title elementor-size-default\">MATEO CAVALAKIS<\/h2>\t\t\t\t<\/div>\n\t\t\t\t<\/div>\n\t\t\t\t<div class=\"elementor-element elementor-element-bcf1380 elementor-widget elementor-widget-text-editor\" data-id=\"bcf1380\" data-element_type=\"widget\" data-e-type=\"widget\" data-widget_type=\"text-editor.default\">\n\t\t\t\t<div class=\"elementor-widget-container\">\n\t\t\t\t\t\t\t\t\t<p><span class=\"tojvnm2t a6sixzi8 abs2jz4q a8s20v7p t1p8iaqh k5wvi7nf q3lfd5jv pk4s997a bipmatt0 cebpdrjk qowsmv63 owwhemhu dp1hu0rb dhp61c6y iyyx5f41\">Mateo Cavalakis aka <a href=\"https:\/\/www.mixcloud.com\/pixie-mclavis\/\" target=\"_blank\" rel=\"noopener\"><strong>e.h soundsystem<\/strong><\/a> is from Greece, and started out participating in a pirate radio station in his hometown. Having studied in the UK, he was exposed to the jungle\/drum'n'bass, dub\/reggae, hiphop and electronic scene of the time. He started DJing at the university bar. Since 2005 he lives in Barcelona as a dj, making radio and collecting music. His relationship with experimental music comes from his love for any sound production that manifests something of the human soul.<\/span><\/p>\t\t\t\t\t\t\t\t<\/div>\n\t\t\t\t<\/div>\n\t\t\t\t\t<\/div>\n\t\t<\/div>\n\t\t\t\t<div class=\"elementor-column elementor-col-33 elementor-top-column elementor-element elementor-element-a245312\" data-id=\"a245312\" data-element_type=\"column\" data-e-type=\"column\" data-settings=\"{&quot;background_background&quot;:&quot;classic&quot;}\">\n\t\t\t<div class=\"elementor-widget-wrap elementor-element-populated\">\n\t\t\t\t\t\t<div class=\"elementor-element elementor-element-d7e760e elementor-widget elementor-widget-heading\" data-id=\"d7e760e\" data-element_type=\"widget\" data-e-type=\"widget\" data-widget_type=\"heading.default\">\n\t\t\t\t<div class=\"elementor-widget-container\">\n\t\t\t\t\t<h2 class=\"elementor-heading-title elementor-size-default\">ROOM 3327<\/h2>\t\t\t\t<\/div>\n\t\t\t\t<\/div>\n\t\t\t\t<div class=\"elementor-element elementor-element-6dd67b0 elementor-widget elementor-widget-text-editor\" data-id=\"6dd67b0\" data-element_type=\"widget\" data-e-type=\"widget\" data-widget_type=\"text-editor.default\">\n\t\t\t\t<div class=\"elementor-widget-container\">\n\t\t\t\t\t\t\t\t\t<p><span style=\"color: #808080;\">The sessions for TeslaFM are the product of a love for the rare, the very close to the internal and the intimate.<\/span><br \/><span style=\"color: #808080;\">It is a perfect channel to express what I want to those who want to listen a little closer.<\/span><\/p><p><span style=\"color: #808080;\">Produced by <\/span><span style=\"color: #999999;\"><strong>e.h soundsystem.<\/strong><\/span><\/p>\t\t\t\t\t\t\t\t<\/div>\n\t\t\t\t<\/div>\n\t\t\t\t\t<\/div>\n\t\t<\/div>\n\t\t\t\t\t<\/div>\n\t\t<\/section>\n\t\t\t\t<section class=\"elementor-section elementor-top-section elementor-element elementor-element-5d4a8c2 elementor-section-boxed elementor-section-height-default elementor-section-height-default\" data-id=\"5d4a8c2\" data-element_type=\"section\" data-e-type=\"section\">\n\t\t\t\t\t\t<div class=\"elementor-container elementor-column-gap-default\">\n\t\t\t\t\t<div class=\"elementor-column elementor-col-25 elementor-top-column elementor-element elementor-element-a3603fa\" data-id=\"a3603fa\" data-element_type=\"column\" data-e-type=\"column\">\n\t\t\t<div class=\"elementor-widget-wrap elementor-element-populated\">\n\t\t\t\t\t\t<div class=\"elementor-element elementor-element-79200d1 elementor-widget elementor-widget-testimonial\" data-id=\"79200d1\" data-element_type=\"widget\" data-e-type=\"widget\" data-widget_type=\"testimonial.default\">\n\t\t\t\t<div class=\"elementor-widget-container\">\n\t\t\t\t\t\t\t<div class=\"elementor-testimonial-wrapper\">\n\t\t\t\t\t\t\t<div class=\"elementor-testimonial-content\">If you like Room 3327, we recommend:<\/div>\n\t\t\t\n\t\t\t\t\t\t<div class=\"elementor-testimonial-meta elementor-has-image elementor-testimonial-image-position-aside\">\n\t\t\t\t<div class=\"elementor-testimonial-meta-inner\">\n\t\t\t\t\t\t\t\t\t\t\t<div class=\"elementor-testimonial-image\">\n\t\t\t\t\t\t\t<a href=\"https:\/\/teslafm.net\/en\/emissions-from-the-other-side\/\" target=\"_blank\"><img decoding=\"async\" src=\"https:\/\/teslafm.net\/wp-content\/uploads\/elementor\/thumbs\/EFTOS-new-logo-p2bfns8n1oe1omdfu8hkb3uzup9ly0rz101q1f4vji.jpg\" title=\"EFTOS new logo\" alt=\"EFTOS new logo\" loading=\"lazy\" \/><\/a>\t\t\t\t\t\t<\/div>\n\t\t\t\t\t\n\t\t\t\t\t\t\t\t\t\t<div class=\"elementor-testimonial-details\">\n\t\t\t\t\t\t\t\t\t\t\t\t\t\t<a class=\"elementor-testimonial-name\" href=\"https:\/\/teslafm.net\/en\/emissions-from-the-other-side\/\" target=\"_blank\">EFTOS<\/a>\n\t\t\t\t\t\t\t\t\t\t\t\t\t\t\t\t\t\t\t\t\t\t<a class=\"elementor-testimonial-job\" href=\"https:\/\/teslafm.net\/en\/emissions-from-the-other-side\/\" target=\"_blank\">Gonzo<\/a>\n\t\t\t\t\t\t\t\t\t\t\t\t\t<\/div>\n\t\t\t\t\t\t\t\t\t<\/div>\n\t\t\t<\/div>\n\t\t\t\t\t<\/div>\n\t\t\t\t\t\t<\/div>\n\t\t\t\t<\/div>\n\t\t\t\t\t<\/div>\n\t\t<\/div>\n\t\t\t\t<div class=\"elementor-column elementor-col-25 elementor-top-column elementor-element elementor-element-ac401d2\" data-id=\"ac401d2\" data-element_type=\"column\" data-e-type=\"column\">\n\t\t\t<div class=\"elementor-widget-wrap\">\n\t\t\t\t\t\t\t<\/div>\n\t\t<\/div>\n\t\t\t\t<div class=\"elementor-column elementor-col-25 elementor-top-column elementor-element elementor-element-6037b24\" data-id=\"6037b24\" data-element_type=\"column\" data-e-type=\"column\">\n\t\t\t<div class=\"elementor-widget-wrap\">\n\t\t\t\t\t\t\t<\/div>\n\t\t<\/div>\n\t\t\t\t<div class=\"elementor-column elementor-col-25 elementor-top-column elementor-element elementor-element-30167a4\" data-id=\"30167a4\" data-element_type=\"column\" data-e-type=\"column\">\n\t\t\t<div class=\"elementor-widget-wrap\">\n\t\t\t\t\t\t\t<\/div>\n\t\t<\/div>\n\t\t\t\t\t<\/div>\n\t\t<\/section>\n\t\t\t\t<section class=\"elementor-section elementor-top-section elementor-element elementor-element-38f86d0 elementor-section-boxed elementor-section-height-default elementor-section-height-default\" data-id=\"38f86d0\" data-element_type=\"section\" data-e-type=\"section\">\n\t\t\t\t\t\t<div class=\"elementor-container elementor-column-gap-default\">\n\t\t\t\t\t<div class=\"elementor-column elementor-col-100 elementor-top-column elementor-element elementor-element-31d66a6\" data-id=\"31d66a6\" data-element_type=\"column\" data-e-type=\"column\">\n\t\t\t<div class=\"elementor-widget-wrap elementor-element-populated\">\n\t\t\t\t\t\t<div class=\"elementor-element elementor-element-b022677 elementor-widget elementor-widget-spacer\" data-id=\"b022677\" data-element_type=\"widget\" data-e-type=\"widget\" data-widget_type=\"spacer.default\">\n\t\t\t\t<div class=\"elementor-widget-container\">\n\t\t\t\t\t\t\t<div class=\"elementor-spacer\">\n\t\t\t<div class=\"elementor-spacer-inner\"><\/div>\n\t\t<\/div>\n\t\t\t\t\t\t<\/div>\n\t\t\t\t<\/div>\n\t\t\t\t\t<\/div>\n\t\t<\/div>\n\t\t\t\t\t<\/div>\n\t\t<\/section>\n\t\t\t\t<section class=\"elementor-section elementor-top-section elementor-element elementor-element-5eb10a18 elementor-section-boxed elementor-section-height-default elementor-section-height-default\" data-id=\"5eb10a18\" data-element_type=\"section\" data-e-type=\"section\">\n\t\t\t\t\t\t<div class=\"elementor-container elementor-column-gap-default\">\n\t\t\t\t\t<div class=\"elementor-column elementor-col-100 elementor-top-column elementor-element elementor-element-6af2d3d6\" data-id=\"6af2d3d6\" data-element_type=\"column\" data-e-type=\"column\">\n\t\t\t<div class=\"elementor-widget-wrap elementor-element-populated\">\n\t\t\t\t\t\t<div class=\"elementor-element elementor-element-645047f4 elementor-widget elementor-widget-text-editor\" data-id=\"645047f4\" data-element_type=\"widget\" data-e-type=\"widget\" data-widget_type=\"text-editor.default\">\n\t\t\t\t<div class=\"elementor-widget-container\">\n\t\t\t\t\t\t\t\t\t<p><a href=\"https:\/\/teslafm.net\/en\/room-3327-18\/\"><strong>Room 3327 #18 \/ + info<\/strong><\/a> <span style=\"color: #808080;\"><em>June 2020<\/em><\/span><\/p><p><iframe src=\"https:\/\/www.mixcloud.com\/widget\/iframe\/?hide_cover=1&amp;feed=%2FTeslafm_net%2Froom-3327-18-eh-soundsystem%2F\" width=\"100%\" height=\"120\" frameborder=\"0\"><\/iframe><\/p><p><a href=\"https:\/\/teslafm.net\/en\/room-3327-17\/\"><strong>Room 3327 #17 \/ + info<\/strong><\/a> <span style=\"color: #808080;\"><em>May 2020<\/em><\/span><\/p><p><iframe src=\"https:\/\/www.mixcloud.com\/widget\/iframe\/?hide_cover=1&amp;feed=%2FTeslafm_net%2Froom-17-e-h-soundsystem%2F\" width=\"100%\" height=\"120\" frameborder=\"0\"><\/iframe><\/p><p><a href=\"https:\/\/teslafm.net\/en\/room-3327-16\/\"><strong>Room 3327 #16\/ + info<\/strong><\/a> <span style=\"color: #808080;\"><em>April 2020<\/em><\/span><\/p><p><iframe src=\"https:\/\/www.mixcloud.com\/widget\/iframe\/?hide_cover=1&amp;feed=%2FTeslafm_net%2Froom-3327-16-eh-soundsystem%2F\" width=\"100%\" height=\"120\" frameborder=\"0\"><\/iframe><\/p><p><a href=\"https:\/\/teslafm.net\/en\/room-3327-15\/\"><strong>Room 3327 #15 \/ + info<\/strong><\/a> <span style=\"color: #808080;\"><em>March 2020<\/em><\/span><\/p><p><iframe src=\"https:\/\/www.mixcloud.com\/widget\/iframe\/?hide_cover=1&amp;feed=%2FTeslafm_net%2Froom-3327-15-eh-soundsystem%2F\" width=\"100%\" height=\"120\" frameborder=\"0\"><\/iframe><\/p><p><a href=\"https:\/\/teslafm.net\/en\/room-3327-14\/\"><strong>Room 3327 #14 \/ + info<\/strong><\/a> <span style=\"color: #808080;\"><em>February 2020<\/em><\/span><\/p><p><iframe src=\"https:\/\/www.mixcloud.com\/widget\/iframe\/?hide_cover=1&amp;feed=%2FTeslafm_net%2Froom-3327-14-eh-soundsystem%2F\" width=\"100%\" height=\"120\" frameborder=\"0\"><\/iframe><\/p><p><a href=\"https:\/\/teslafm.net\/en\/room-3327-13\/\"><strong>Room 3327 #13 \/ + info<\/strong><\/a> <span style=\"color: #808080;\"><em>January 2020<\/em><\/span><\/p><p><iframe src=\"https:\/\/www.mixcloud.com\/widget\/iframe\/?hide_cover=1&amp;feed=%2FTeslafm_net%2Froom-3327-13-eh-soundsystem%2F\" width=\"100%\" height=\"120\" frameborder=\"0\"><\/iframe><\/p><p><a href=\"https:\/\/teslafm.net\/en\/room-3327-12\/\"><strong>Room 3327 #12 \/+ info<\/strong><\/a> <span style=\"color: #808080;\"><em>December 2019<\/em><\/span><\/p><p><iframe src=\"https:\/\/www.mixcloud.com\/widget\/iframe\/?hide_cover=1&amp;feed=%2FTeslafm_net%2Froom-3327-12-eh-soundsystem%2F\" width=\"100%\" height=\"120\" frameborder=\"0\"><\/iframe><\/p><p><a href=\"https:\/\/teslafm.net\/en\/room-3327-11\/\"><strong>Room 3327 #11 \/ + info<\/strong><\/a> <span style=\"color: #808080;\"><em>November 2019<\/em><\/span><\/p><p><iframe src=\"https:\/\/www.mixcloud.com\/widget\/iframe\/?hide_cover=1&amp;feed=%2FTeslafm_net%2Froom-3327-11-eh-soundsystem%2F\" width=\"100%\" height=\"120\" frameborder=\"0\"><\/iframe><\/p><p><a href=\"https:\/\/teslafm.net\/en\/room-3327-10\/\"><strong>Room 3327 #10 \/ + info <\/strong><\/a> <span style=\"color: #808080;\"><em>October 2019<\/em><\/span><\/p><p><iframe src=\"https:\/\/www.mixcloud.com\/widget\/iframe\/?hide_cover=1&amp;feed=%2FTeslafm_net%2Froom-3327-10-eh-soundsystem%2F\" width=\"100%\" height=\"120\" frameborder=\"0\"><\/iframe><\/p><p><a href=\"https:\/\/teslafm.net\/en\/room-3327-9\/\"><strong>Room 3327 #9 \/ + info<\/strong><\/a> <span style=\"color: #808080;\"><em>September 2019<\/em><\/span><\/p><p><iframe src=\"https:\/\/www.mixcloud.com\/widget\/iframe\/?hide_cover=1&amp;feed=%2FTeslafm_net%2Froom-3327-9-eh-soundsystem%2F\" width=\"100%\" height=\"120\" frameborder=\"0\"><\/iframe><\/p><p><a href=\"https:\/\/teslafm.net\/en\/room-3327-8\/\"><strong>Room 3327 #8 \/ + info<\/strong><\/a> <span style=\"color: #808080;\"><em>July 2019<\/em><\/span><\/p><p><iframe src=\"https:\/\/www.mixcloud.com\/widget\/iframe\/?hide_cover=1&amp;feed=%2FTeslafm_net%2Froom-3327-8-eh-soundsystem%2F\" width=\"100%\" height=\"120\" frameborder=\"0\"><\/iframe><\/p><p><a href=\"https:\/\/teslafm.net\/en\/room-3327-7\/\"><strong>Room 3327 #7 \/ + info<\/strong><\/a> <span style=\"color: #808080;\"><em>June 2019<\/em><\/span><\/p><p><iframe src=\"https:\/\/www.mixcloud.com\/widget\/iframe\/?hide_cover=1&amp;feed=%2FTeslafm_net%2Froom-3327-7-eh-soundsystem%2F\" width=\"100%\" height=\"120\" frameborder=\"0\"><\/iframe><\/p><p><a href=\"https:\/\/teslafm.net\/en\/room-3327-6\/\"><strong>Room 3327 #6 \/ + info<\/strong><\/a> <span style=\"color: #808080;\"><em>May 2019<\/em><\/span><\/p><p><iframe src=\"https:\/\/www.mixcloud.com\/widget\/iframe\/?hide_cover=1&amp;feed=%2FTeslafm_net%2Froom-3327-6-eh-soundsystem%2F\" width=\"100%\" height=\"120\" frameborder=\"0\"><\/iframe><\/p><p><a href=\"https:\/\/teslafm.net\/en\/room-3327-5\/\"><strong>Room 3327 #5 \/ + info<\/strong><\/a> <span style=\"color: #808080;\"><em>April 2019<\/em><\/span><\/p><p><iframe src=\"https:\/\/www.mixcloud.com\/widget\/iframe\/?hide_cover=1&amp;feed=%2FTeslafm_net%2Froom-3327-5-eh-soundsystem%2F\" width=\"100%\" height=\"120\" frameborder=\"0\"><\/iframe><\/p><p><a href=\"https:\/\/teslafm.net\/en\/room-3327-4\/\"><strong>Room 3327 #4 \/ + info<\/strong><\/a> <span style=\"color: #808080;\"><em>March 2019<\/em><\/span><\/p><p><iframe src=\"https:\/\/www.mixcloud.com\/widget\/iframe\/?hide_cover=1&amp;feed=%2FTeslafm_net%2Froom-3327-4-eh-soundsystem%2F\" width=\"100%\" height=\"120\" frameborder=\"0\"><\/iframe><\/p><p><a href=\"https:\/\/teslafm.net\/en\/room-3327-3\/\"><strong>Room 3327 #3 \/ + info<\/strong><\/a> <span style=\"color: #808080;\"><em>February 2019<\/em><\/span><\/p><p><iframe src=\"https:\/\/www.mixcloud.com\/widget\/iframe\/?hide_cover=1&amp;feed=%2FTeslafm_net%2Froom-3327-3-eh-soundsystem%2F\" width=\"100%\" height=\"120\" frameborder=\"0\"><\/iframe><\/p><p><a href=\"https:\/\/teslafm.net\/en\/room-3327-2\/\"><strong>Room 3327 #2 \/ + info <\/strong><\/a> <span style=\"color: #808080;\"><em>January 2019<\/em><\/span><\/p><p><iframe src=\"https:\/\/www.mixcloud.com\/widget\/iframe\/?hide_cover=1&amp;feed=%2FTeslafm_net%2Froom-3327-2-eh-soundsystem%2F\" width=\"100%\" height=\"120\" frameborder=\"0\"><\/iframe><\/p><p><a href=\"https:\/\/teslafm.net\/en\/room-3327-1\/\"><strong>Room 3327 #1 \/<\/strong> <strong>+ info<\/strong><\/a> <span style=\"color: #808080;\"><em>September 2018<\/em><\/span><\/p><p><iframe src=\"https:\/\/www.mixcloud.com\/widget\/iframe\/?hide_cover=1&amp;feed=%2FTeslafm_net%2Feh-soundsystem-mix-for-teslafm%2F\" width=\"100%\" height=\"120\" frameborder=\"0\"><\/iframe><\/p>\t\t\t\t\t\t\t\t<\/div>\n\t\t\t\t<\/div>\n\t\t\t\t\t<\/div>\n\t\t<\/div>\n\t\t\t\t\t<\/div>\n\t\t<\/section>\n\t\t\t\t<\/div>","protected":false},"excerpt":{"rendered":"<p>MATEO CAVALAKIS Mateo Cavalakis aka e.h soundsystem es de Grecia, y empez\u00f3 participando en una radio pirata de su ciudad. Habiendo estudiado en Reino Unido, se expuso a la escena del jungle\/drum\u2019n\u2019bass, dub\/reggae, hiphop y electr\u00f3nica de la \u00e9poca. Empez\u00f3 a pinchar en el bar de la universidad. Desde 2005 vive en Barcelona como dj, [&hellip;]<\/p>\n","protected":false},"author":19,"featured_media":0,"parent":0,"menu_order":0,"comment_status":"closed","ping_status":"closed","template":"","meta":{"footnotes":""},"class_list":["post-1146","page","type-page","status-publish","hentry"],"yoast_head":"<!-- This site is optimized with the Yoast SEO plugin v27.2 - https:\/\/yoast.com\/product\/yoast-seo-wordpress\/ -->\n<title>Room 3327 -<\/title>\n<meta name=\"robots\" content=\"index, follow, max-snippet:-1, max-image-preview:large, max-video-preview:-1\" \/>\n<link rel=\"canonical\" href=\"https:\/\/teslafm.net\/en\/room3327\/\" \/>\n<meta property=\"og:locale\" content=\"en_US\" \/>\n<meta property=\"og:type\" content=\"article\" \/>\n<meta property=\"og:title\" content=\"Room 3327 -\" \/>\n<meta property=\"og:description\" content=\"MATEO CAVALAKIS Mateo Cavalakis aka e.h soundsystem es de Grecia, y empez\u00f3 participando en una radio pirata de su ciudad. Habiendo estudiado en Reino Unido, se expuso a la escena del jungle\/drum\u2019n\u2019bass, dub\/reggae, hiphop y electr\u00f3nica de la \u00e9poca. Empez\u00f3 a pinchar en el bar de la universidad. Desde 2005 vive en Barcelona como dj, [&hellip;]\" \/>\n<meta property=\"og:url\" content=\"https:\/\/teslafm.net\/en\/room3327\/\" \/>\n<meta property=\"article:publisher\" content=\"https:\/\/www.facebook.com\/teslafm.net\" \/>\n<meta property=\"article:modified_time\" content=\"2021-04-05T14:50:16+00:00\" \/>\n<meta property=\"og:image\" content=\"https:\/\/teslafm.net\/wp-content\/uploads\/2020\/05\/mateo-cavalakis-300x300.jpg\" \/>\n<meta name=\"twitter:card\" content=\"summary_large_image\" \/>\n<meta name=\"twitter:site\" content=\"@teslafm\" \/>\n<meta name=\"twitter:label1\" content=\"Est. reading time\" \/>\n\t<meta name=\"twitter:data1\" content=\"2 minutes\" \/>\n<script type=\"application\/ld+json\" class=\"yoast-schema-graph\">{\"@context\":\"https:\/\/schema.org\",\"@graph\":[{\"@type\":\"WebPage\",\"@id\":\"https:\/\/teslafm.net\/room3327\/\",\"url\":\"https:\/\/teslafm.net\/room3327\/\",\"name\":\"Room 3327 -\",\"isPartOf\":{\"@id\":\"https:\/\/teslafm.net\/#website\"},\"primaryImageOfPage\":{\"@id\":\"https:\/\/teslafm.net\/room3327\/#primaryimage\"},\"image\":{\"@id\":\"https:\/\/teslafm.net\/room3327\/#primaryimage\"},\"thumbnailUrl\":\"https:\/\/teslafm.net\/wp-content\/uploads\/2020\/05\/mateo-cavalakis-300x300.jpg\",\"datePublished\":\"2019-01-07T09:38:44+00:00\",\"dateModified\":\"2021-04-05T14:50:16+00:00\",\"breadcrumb\":{\"@id\":\"https:\/\/teslafm.net\/room3327\/#breadcrumb\"},\"inLanguage\":\"en-US\",\"potentialAction\":[{\"@type\":\"ReadAction\",\"target\":[\"https:\/\/teslafm.net\/room3327\/\"]}]},{\"@type\":\"ImageObject\",\"inLanguage\":\"en-US\",\"@id\":\"https:\/\/teslafm.net\/room3327\/#primaryimage\",\"url\":\"https:\/\/teslafm.net\/wp-content\/uploads\/2020\/05\/mateo-cavalakis-300x300.jpg\",\"contentUrl\":\"https:\/\/teslafm.net\/wp-content\/uploads\/2020\/05\/mateo-cavalakis-300x300.jpg\"},{\"@type\":\"BreadcrumbList\",\"@id\":\"https:\/\/teslafm.net\/room3327\/#breadcrumb\",\"itemListElement\":[{\"@type\":\"ListItem\",\"position\":1,\"name\":\"Portada\",\"item\":\"https:\/\/teslafm.net\/\"},{\"@type\":\"ListItem\",\"position\":2,\"name\":\"Room 3327\"}]},{\"@type\":\"WebSite\",\"@id\":\"https:\/\/teslafm.net\/#website\",\"url\":\"https:\/\/teslafm.net\/\",\"name\":\"TeslaFM\",\"description\":\"An experimental and creative radio\",\"publisher\":{\"@id\":\"https:\/\/teslafm.net\/#organization\"},\"potentialAction\":[{\"@type\":\"SearchAction\",\"target\":{\"@type\":\"EntryPoint\",\"urlTemplate\":\"https:\/\/teslafm.net\/?s={search_term_string}\"},\"query-input\":{\"@type\":\"PropertyValueSpecification\",\"valueRequired\":true,\"valueName\":\"search_term_string\"}}],\"inLanguage\":\"en-US\"},{\"@type\":\"Organization\",\"@id\":\"https:\/\/teslafm.net\/#organization\",\"name\":\"TeslaFM\",\"url\":\"https:\/\/teslafm.net\/\",\"logo\":{\"@type\":\"ImageObject\",\"inLanguage\":\"en-US\",\"@id\":\"https:\/\/teslafm.net\/#\/schema\/logo\/image\/\",\"url\":\"https:\/\/teslafm.net\/wp-content\/uploads\/2020\/06\/logo-tesla.png\",\"contentUrl\":\"https:\/\/teslafm.net\/wp-content\/uploads\/2020\/06\/logo-tesla.png\",\"width\":512,\"height\":512,\"caption\":\"TeslaFM\"},\"image\":{\"@id\":\"https:\/\/teslafm.net\/#\/schema\/logo\/image\/\"},\"sameAs\":[\"https:\/\/www.facebook.com\/teslafm.net\",\"https:\/\/x.com\/teslafm\"]}]}<\/script>\n<!-- \/ Yoast SEO plugin. -->","yoast_head_json":{"title":"Room 3327 -","robots":{"index":"index","follow":"follow","max-snippet":"max-snippet:-1","max-image-preview":"max-image-preview:large","max-video-preview":"max-video-preview:-1"},"canonical":"https:\/\/teslafm.net\/en\/room3327\/","og_locale":"en_US","og_type":"article","og_title":"Room 3327 -","og_description":"MATEO CAVALAKIS Mateo Cavalakis aka e.h soundsystem es de Grecia, y empez\u00f3 participando en una radio pirata de su ciudad. Habiendo estudiado en Reino Unido, se expuso a la escena del jungle\/drum\u2019n\u2019bass, dub\/reggae, hiphop y electr\u00f3nica de la \u00e9poca. Empez\u00f3 a pinchar en el bar de la universidad. Desde 2005 vive en Barcelona como dj, [&hellip;]","og_url":"https:\/\/teslafm.net\/en\/room3327\/","article_publisher":"https:\/\/www.facebook.com\/teslafm.net","article_modified_time":"2021-04-05T14:50:16+00:00","og_image":[{"url":"https:\/\/teslafm.net\/wp-content\/uploads\/2020\/05\/mateo-cavalakis-300x300.jpg","type":"","width":"","height":""}],"twitter_card":"summary_large_image","twitter_site":"@teslafm","twitter_misc":{"Est. reading time":"2 minutes"},"schema":{"@context":"https:\/\/schema.org","@graph":[{"@type":"WebPage","@id":"https:\/\/teslafm.net\/room3327\/","url":"https:\/\/teslafm.net\/room3327\/","name":"Room 3327 -","isPartOf":{"@id":"https:\/\/teslafm.net\/#website"},"primaryImageOfPage":{"@id":"https:\/\/teslafm.net\/room3327\/#primaryimage"},"image":{"@id":"https:\/\/teslafm.net\/room3327\/#primaryimage"},"thumbnailUrl":"https:\/\/teslafm.net\/wp-content\/uploads\/2020\/05\/mateo-cavalakis-300x300.jpg","datePublished":"2019-01-07T09:38:44+00:00","dateModified":"2021-04-05T14:50:16+00:00","breadcrumb":{"@id":"https:\/\/teslafm.net\/room3327\/#breadcrumb"},"inLanguage":"en-US","potentialAction":[{"@type":"ReadAction","target":["https:\/\/teslafm.net\/room3327\/"]}]},{"@type":"ImageObject","inLanguage":"en-US","@id":"https:\/\/teslafm.net\/room3327\/#primaryimage","url":"https:\/\/teslafm.net\/wp-content\/uploads\/2020\/05\/mateo-cavalakis-300x300.jpg","contentUrl":"https:\/\/teslafm.net\/wp-content\/uploads\/2020\/05\/mateo-cavalakis-300x300.jpg"},{"@type":"BreadcrumbList","@id":"https:\/\/teslafm.net\/room3327\/#breadcrumb","itemListElement":[{"@type":"ListItem","position":1,"name":"Portada","item":"https:\/\/teslafm.net\/"},{"@type":"ListItem","position":2,"name":"Room 3327"}]},{"@type":"WebSite","@id":"https:\/\/teslafm.net\/#website","url":"https:\/\/teslafm.net\/","name":"TeslaFM","description":"An experimental and creative radio","publisher":{"@id":"https:\/\/teslafm.net\/#organization"},"potentialAction":[{"@type":"SearchAction","target":{"@type":"EntryPoint","urlTemplate":"https:\/\/teslafm.net\/?s={search_term_string}"},"query-input":{"@type":"PropertyValueSpecification","valueRequired":true,"valueName":"search_term_string"}}],"inLanguage":"en-US"},{"@type":"Organization","@id":"https:\/\/teslafm.net\/#organization","name":"TeslaFM","url":"https:\/\/teslafm.net\/","logo":{"@type":"ImageObject","inLanguage":"en-US","@id":"https:\/\/teslafm.net\/#\/schema\/logo\/image\/","url":"https:\/\/teslafm.net\/wp-content\/uploads\/2020\/06\/logo-tesla.png","contentUrl":"https:\/\/teslafm.net\/wp-content\/uploads\/2020\/06\/logo-tesla.png","width":512,"height":512,"caption":"TeslaFM"},"image":{"@id":"https:\/\/teslafm.net\/#\/schema\/logo\/image\/"},"sameAs":["https:\/\/www.facebook.com\/teslafm.net","https:\/\/x.com\/teslafm"]}]}},"rttpg_featured_image_url":null,"rttpg_author":{"display_name":"Ishak","author_link":"https:\/\/teslafm.net\/en\/author\/cravan\/"},"rttpg_comment":0,"rttpg_category":null,"rttpg_excerpt":"MATEO CAVALAKIS Mateo Cavalakis aka e.h soundsystem es de Grecia, y empez\u00f3 participando en una radio pirata de su ciudad. Habiendo estudiado en Reino Unido, se expuso a la escena del jungle\/drum\u2019n\u2019bass, dub\/reggae, hiphop y electr\u00f3nica de la \u00e9poca. Empez\u00f3 a pinchar en el bar de la universidad. Desde 2005 vive en Barcelona como dj,&hellip;","_links":{"self":[{"href":"https:\/\/teslafm.net\/en\/wp-json\/wp\/v2\/pages\/1146","targetHints":{"allow":["GET"]}}],"collection":[{"href":"https:\/\/teslafm.net\/en\/wp-json\/wp\/v2\/pages"}],"about":[{"href":"https:\/\/teslafm.net\/en\/wp-json\/wp\/v2\/types\/page"}],"author":[{"embeddable":true,"href":"https:\/\/teslafm.net\/en\/wp-json\/wp\/v2\/users\/19"}],"replies":[{"embeddable":true,"href":"https:\/\/teslafm.net\/en\/wp-json\/wp\/v2\/comments?post=1146"}],"version-history":[{"count":38,"href":"https:\/\/teslafm.net\/en\/wp-json\/wp\/v2\/pages\/1146\/revisions"}],"predecessor-version":[{"id":57784,"href":"https:\/\/teslafm.net\/en\/wp-json\/wp\/v2\/pages\/1146\/revisions\/57784"}],"wp:attachment":[{"href":"https:\/\/teslafm.net\/en\/wp-json\/wp\/v2\/media?parent=1146"}],"curies":[{"name":"wp","href":"https:\/\/api.w.org\/{rel}","templated":true}]}}