

{"id":1179,"date":"2019-01-09T18:17:31","date_gmt":"2019-01-09T17:17:31","guid":{"rendered":"https:\/\/teslafm.net\/?page_id=1179"},"modified":"2021-10-09T12:48:51","modified_gmt":"2021-10-09T10:48:51","slug":"lostracks","status":"publish","type":"page","link":"https:\/\/teslafm.net\/en\/lostracks\/","title":{"rendered":"Lostracks"},"content":{"rendered":"<div data-elementor-type=\"wp-page\" data-elementor-id=\"1179\" class=\"elementor elementor-1179\">\n\t\t\t\t\t\t<section class=\"elementor-section elementor-top-section elementor-element elementor-element-f0d8ae5 elementor-section-boxed elementor-section-height-default elementor-section-height-default\" data-id=\"f0d8ae5\" data-element_type=\"section\" data-e-type=\"section\">\n\t\t\t\t\t\t<div class=\"elementor-container elementor-column-gap-default\">\n\t\t\t\t\t<div class=\"elementor-column elementor-col-33 elementor-top-column elementor-element elementor-element-ee534bf\" data-id=\"ee534bf\" data-element_type=\"column\" data-e-type=\"column\">\n\t\t\t<div class=\"elementor-widget-wrap elementor-element-populated\">\n\t\t\t\t\t\t<div class=\"elementor-element elementor-element-b1a4c8f elementor-widget elementor-widget-image\" data-id=\"b1a4c8f\" data-element_type=\"widget\" data-e-type=\"widget\" data-widget_type=\"image.default\">\n\t\t\t\t<div class=\"elementor-widget-container\">\n\t\t\t\t\t\t\t\t\t\t\t\t\t\t\t<img fetchpriority=\"high\" decoding=\"async\" width=\"300\" height=\"300\" src=\"https:\/\/teslafm.net\/wp-content\/uploads\/2021\/04\/davidlost-300x300.png\" class=\"attachment-medium size-medium wp-image-57716\" alt=\"\" srcset=\"https:\/\/teslafm.net\/wp-content\/uploads\/2021\/04\/davidlost-300x300.png 300w, https:\/\/teslafm.net\/wp-content\/uploads\/2021\/04\/davidlost-150x150.png 150w, https:\/\/teslafm.net\/wp-content\/uploads\/2021\/04\/davidlost.png 683w\" sizes=\"(max-width: 300px) 100vw, 300px\" \/>\t\t\t\t\t\t\t\t\t\t\t\t\t\t\t<\/div>\n\t\t\t\t<\/div>\n\t\t\t\t\t<\/div>\n\t\t<\/div>\n\t\t\t\t<div class=\"elementor-column elementor-col-33 elementor-top-column elementor-element elementor-element-cac3955\" data-id=\"cac3955\" data-element_type=\"column\" data-e-type=\"column\" data-settings=\"{&quot;background_background&quot;:&quot;classic&quot;}\">\n\t\t\t<div class=\"elementor-widget-wrap elementor-element-populated\">\n\t\t\t\t\t\t<div class=\"elementor-element elementor-element-8fd60ed elementor-widget elementor-widget-heading\" data-id=\"8fd60ed\" data-element_type=\"widget\" data-e-type=\"widget\" data-widget_type=\"heading.default\">\n\t\t\t\t<div class=\"elementor-widget-container\">\n\t\t\t\t\t<h2 class=\"elementor-heading-title elementor-size-default\">DAVID MORALES<\/h2>\t\t\t\t<\/div>\n\t\t\t\t<\/div>\n\t\t\t\t<div class=\"elementor-element elementor-element-f6f086a elementor-widget elementor-widget-text-editor\" data-id=\"f6f086a\" data-element_type=\"widget\" data-e-type=\"widget\" data-widget_type=\"text-editor.default\">\n\t\t\t\t<div class=\"elementor-widget-container\">\n\t\t\t\t\t\t\t\t\t<p><span class=\"tojvnm2t a6sixzi8 abs2jz4q a8s20v7p t1p8iaqh k5wvi7nf q3lfd5jv pk4s997a bipmatt0 cebpdrjk qowsmv63 owwhemhu dp1hu0rb dhp61c6y iyyx5f41\"><a href=\"https:\/\/www.mixcloud.com\/DavidLost\/stream\/\" target=\"_blank\" rel=\"noopener\"><strong>DavidLost<\/strong><\/a>Barcelona 1976. DJ and owner of the specialized store <strong>Lostracks Records<\/strong>. With more than 20 years of experience DavidLost is a versatile and eclectic dj. His sessions include the darkest sounds of wave, E.B.M and trance, through house and italo, to techno and acid from the beginnings of electronic music. He has played in the most important clubs in Barcelona, he was resident of the MOOG club; the national ones: Specka (Madrid), Jimmy Jazz, Kubik (Vitoria), Kafe Antzokia (Bilbao) and in the international ones: Jackson Pollock Bar, Drifters Club (Freiburg), Sameheads (Berlin).<\/span><\/p>\t\t\t\t\t\t\t\t<\/div>\n\t\t\t\t<\/div>\n\t\t\t\t\t<\/div>\n\t\t<\/div>\n\t\t\t\t<div class=\"elementor-column elementor-col-33 elementor-top-column elementor-element elementor-element-fcb4dbc\" data-id=\"fcb4dbc\" data-element_type=\"column\" data-e-type=\"column\" data-settings=\"{&quot;background_background&quot;:&quot;classic&quot;}\">\n\t\t\t<div class=\"elementor-widget-wrap elementor-element-populated\">\n\t\t\t\t\t\t<div class=\"elementor-element elementor-element-9e7f56c elementor-widget elementor-widget-heading\" data-id=\"9e7f56c\" data-element_type=\"widget\" data-e-type=\"widget\" data-widget_type=\"heading.default\">\n\t\t\t\t<div class=\"elementor-widget-container\">\n\t\t\t\t\t<h2 class=\"elementor-heading-title elementor-size-default\">LOSTRACKS<\/h2>\t\t\t\t<\/div>\n\t\t\t\t<\/div>\n\t\t\t\t<div class=\"elementor-element elementor-element-8220911 elementor-widget elementor-widget-text-editor\" data-id=\"8220911\" data-element_type=\"widget\" data-e-type=\"widget\" data-widget_type=\"text-editor.default\">\n\t\t\t\t<div class=\"elementor-widget-container\">\n\t\t\t\t\t\t\t\t\t<p><span style=\"color: #808080;\">Lostracks Records performs a program of impressions and lost mixes with all the baggage between the 80\u2032 and the most current of the Dark Ambient Wave and Industrial scene.<\/span><\/p><p><span style=\"color: #808080;\">Produced by <strong>David Lost.<\/strong><\/span><\/p>\t\t\t\t\t\t\t\t<\/div>\n\t\t\t\t<\/div>\n\t\t\t\t\t<\/div>\n\t\t<\/div>\n\t\t\t\t\t<\/div>\n\t\t<\/section>\n\t\t\t\t<section class=\"elementor-section elementor-top-section elementor-element elementor-element-a5e96bb elementor-section-boxed elementor-section-height-default elementor-section-height-default\" data-id=\"a5e96bb\" data-element_type=\"section\" data-e-type=\"section\">\n\t\t\t\t\t\t<div class=\"elementor-container elementor-column-gap-default\">\n\t\t\t\t\t<div class=\"elementor-column elementor-col-25 elementor-top-column elementor-element elementor-element-d1a6a3b\" data-id=\"d1a6a3b\" data-element_type=\"column\" data-e-type=\"column\">\n\t\t\t<div class=\"elementor-widget-wrap elementor-element-populated\">\n\t\t\t\t\t\t<div class=\"elementor-element elementor-element-463e514 elementor-widget elementor-widget-testimonial\" data-id=\"463e514\" data-element_type=\"widget\" data-e-type=\"widget\" data-widget_type=\"testimonial.default\">\n\t\t\t\t<div class=\"elementor-widget-container\">\n\t\t\t\t\t\t\t<div class=\"elementor-testimonial-wrapper\">\n\t\t\t\t\t\t\t<div class=\"elementor-testimonial-content\">If you like Lostracks, we recommend:<\/div>\n\t\t\t\n\t\t\t\t\t\t<div class=\"elementor-testimonial-meta elementor-has-image elementor-testimonial-image-position-aside\">\n\t\t\t\t<div class=\"elementor-testimonial-meta-inner\">\n\t\t\t\t\t\t\t\t\t\t\t<div class=\"elementor-testimonial-image\">\n\t\t\t\t\t\t\t<a href=\"https:\/\/teslafm.net\/en\/antropologia-del-honor\/\" target=\"_blank\"><img decoding=\"async\" src=\"https:\/\/teslafm.net\/wp-content\/uploads\/elementor\/thumbs\/logo-p6yypcfo8vyo9902rzutzqw4aeg06tfzl5ij6irhke.jpg\" title=\"logo\" alt=\"logo\" loading=\"lazy\" \/><\/a>\t\t\t\t\t\t<\/div>\n\t\t\t\t\t\n\t\t\t\t\t\t\t\t\t\t<div class=\"elementor-testimonial-details\">\n\t\t\t\t\t\t\t\t\t\t\t\t\t\t<a class=\"elementor-testimonial-name\" href=\"https:\/\/teslafm.net\/en\/antropologia-del-honor\/\" target=\"_blank\">Anthropology of Honor<\/a>\n\t\t\t\t\t\t\t\t\t\t\t\t\t\t\t\t\t\t\t\t\t\t<a class=\"elementor-testimonial-job\" href=\"https:\/\/teslafm.net\/en\/antropologia-del-honor\/\" target=\"_blank\">Die -6-<\/a>\n\t\t\t\t\t\t\t\t\t\t\t\t\t<\/div>\n\t\t\t\t\t\t\t\t\t<\/div>\n\t\t\t<\/div>\n\t\t\t\t\t<\/div>\n\t\t\t\t\t\t<\/div>\n\t\t\t\t<\/div>\n\t\t\t\t\t<\/div>\n\t\t<\/div>\n\t\t\t\t<div class=\"elementor-column elementor-col-25 elementor-top-column elementor-element elementor-element-996506c\" data-id=\"996506c\" data-element_type=\"column\" data-e-type=\"column\">\n\t\t\t<div class=\"elementor-widget-wrap elementor-element-populated\">\n\t\t\t\t\t\t<div class=\"elementor-element elementor-element-7e59f40 elementor-widget elementor-widget-testimonial\" data-id=\"7e59f40\" data-element_type=\"widget\" data-e-type=\"widget\" data-widget_type=\"testimonial.default\">\n\t\t\t\t<div class=\"elementor-widget-container\">\n\t\t\t\t\t\t\t<div class=\"elementor-testimonial-wrapper\">\n\t\t\t\t\t\t\t<div class=\"elementor-testimonial-content\">If you like TeslaFM, we recommend:<\/div>\n\t\t\t\n\t\t\t\t\t\t<div class=\"elementor-testimonial-meta elementor-has-image elementor-testimonial-image-position-aside\">\n\t\t\t\t<div class=\"elementor-testimonial-meta-inner\">\n\t\t\t\t\t\t\t\t\t\t\t<div class=\"elementor-testimonial-image\">\n\t\t\t\t\t\t\t<a href=\"https:\/\/teslafm.net\/en\/escuela-cinica\/\" target=\"_blank\"><img decoding=\"async\" src=\"https:\/\/teslafm.net\/wp-content\/uploads\/elementor\/thumbs\/ec-palb5obic6413r6dz724u9rmhc7gt97dqr9iav1lta.png\" title=\"ec\" alt=\"ec\" loading=\"lazy\" \/><\/a>\t\t\t\t\t\t<\/div>\n\t\t\t\t\t\n\t\t\t\t\t\t\t\t\t\t<div class=\"elementor-testimonial-details\">\n\t\t\t\t\t\t\t\t\t\t\t\t\t\t<a class=\"elementor-testimonial-name\" href=\"https:\/\/teslafm.net\/en\/escuela-cinica\/\" target=\"_blank\">Cynical School<\/a>\n\t\t\t\t\t\t\t\t\t\t\t\t\t\t\t\t\t\t\t\t\t\t<a class=\"elementor-testimonial-job\" href=\"https:\/\/teslafm.net\/en\/escuela-cinica\/\" target=\"_blank\">Stahlfabrik<\/a>\n\t\t\t\t\t\t\t\t\t\t\t\t\t<\/div>\n\t\t\t\t\t\t\t\t\t<\/div>\n\t\t\t<\/div>\n\t\t\t\t\t<\/div>\n\t\t\t\t\t\t<\/div>\n\t\t\t\t<\/div>\n\t\t\t\t\t<\/div>\n\t\t<\/div>\n\t\t\t\t<div class=\"elementor-column elementor-col-25 elementor-top-column elementor-element elementor-element-8a4070a\" data-id=\"8a4070a\" data-element_type=\"column\" data-e-type=\"column\">\n\t\t\t<div class=\"elementor-widget-wrap elementor-element-populated\">\n\t\t\t\t\t\t<div class=\"elementor-element elementor-element-0dbe5b8 elementor-widget elementor-widget-testimonial\" data-id=\"0dbe5b8\" data-element_type=\"widget\" data-e-type=\"widget\" data-widget_type=\"testimonial.default\">\n\t\t\t\t<div class=\"elementor-widget-container\">\n\t\t\t\t\t\t\t<div class=\"elementor-testimonial-wrapper\">\n\t\t\t\t\t\t\t<div class=\"elementor-testimonial-content\">If you like TeslaFM, we recommend:<\/div>\n\t\t\t\n\t\t\t\t\t\t<div class=\"elementor-testimonial-meta elementor-has-image elementor-testimonial-image-position-aside\">\n\t\t\t\t<div class=\"elementor-testimonial-meta-inner\">\n\t\t\t\t\t\t\t\t\t\t\t<div class=\"elementor-testimonial-image\">\n\t\t\t\t\t\t\t<a href=\"https:\/\/teslafm.net\/en\/spur\/\" target=\"_blank\"><img decoding=\"async\" src=\"https:\/\/teslafm.net\/wp-content\/uploads\/elementor\/thumbs\/spur-logo-p465y7b6j2auu3u298j6i2iws6floyzfl8bhk4shim.png\" title=\"spur logo\" alt=\"spur logo\" loading=\"lazy\" \/><\/a>\t\t\t\t\t\t<\/div>\n\t\t\t\t\t\n\t\t\t\t\t\t\t\t\t\t<div class=\"elementor-testimonial-details\">\n\t\t\t\t\t\t\t\t\t\t\t\t\t\t<a class=\"elementor-testimonial-name\" href=\"https:\/\/teslafm.net\/en\/spur\/\" target=\"_blank\">Spur<\/a>\n\t\t\t\t\t\t\t\t\t\t\t\t\t\t\t\t\t\t\t\t\t\t<a class=\"elementor-testimonial-job\" href=\"https:\/\/teslafm.net\/en\/spur\/\" target=\"_blank\">Vinilette<\/a>\n\t\t\t\t\t\t\t\t\t\t\t\t\t<\/div>\n\t\t\t\t\t\t\t\t\t<\/div>\n\t\t\t<\/div>\n\t\t\t\t\t<\/div>\n\t\t\t\t\t\t<\/div>\n\t\t\t\t<\/div>\n\t\t\t\t\t<\/div>\n\t\t<\/div>\n\t\t\t\t<div class=\"elementor-column elementor-col-25 elementor-top-column elementor-element elementor-element-193e903\" data-id=\"193e903\" data-element_type=\"column\" data-e-type=\"column\">\n\t\t\t<div class=\"elementor-widget-wrap\">\n\t\t\t\t\t\t\t<\/div>\n\t\t<\/div>\n\t\t\t\t\t<\/div>\n\t\t<\/section>\n\t\t\t\t<section class=\"elementor-section elementor-top-section elementor-element elementor-element-e4ad50b elementor-section-boxed elementor-section-height-default elementor-section-height-default\" data-id=\"e4ad50b\" data-element_type=\"section\" data-e-type=\"section\">\n\t\t\t\t\t\t<div class=\"elementor-container elementor-column-gap-default\">\n\t\t\t\t\t<div class=\"elementor-column elementor-col-100 elementor-top-column elementor-element elementor-element-9e18bfc\" data-id=\"9e18bfc\" data-element_type=\"column\" data-e-type=\"column\">\n\t\t\t<div class=\"elementor-widget-wrap elementor-element-populated\">\n\t\t\t\t\t\t<div class=\"elementor-element elementor-element-586fc84 elementor-widget elementor-widget-spacer\" data-id=\"586fc84\" data-element_type=\"widget\" data-e-type=\"widget\" data-widget_type=\"spacer.default\">\n\t\t\t\t<div class=\"elementor-widget-container\">\n\t\t\t\t\t\t\t<div class=\"elementor-spacer\">\n\t\t\t<div class=\"elementor-spacer-inner\"><\/div>\n\t\t<\/div>\n\t\t\t\t\t\t<\/div>\n\t\t\t\t<\/div>\n\t\t\t\t\t<\/div>\n\t\t<\/div>\n\t\t\t\t\t<\/div>\n\t\t<\/section>\n\t\t\t\t<section class=\"elementor-section elementor-top-section elementor-element elementor-element-2bc38f6c elementor-section-boxed elementor-section-height-default elementor-section-height-default\" data-id=\"2bc38f6c\" data-element_type=\"section\" data-e-type=\"section\">\n\t\t\t\t\t\t<div class=\"elementor-container elementor-column-gap-default\">\n\t\t\t\t\t<div class=\"elementor-column elementor-col-100 elementor-top-column elementor-element elementor-element-7d1367a4\" data-id=\"7d1367a4\" data-element_type=\"column\" data-e-type=\"column\">\n\t\t\t<div class=\"elementor-widget-wrap elementor-element-populated\">\n\t\t\t\t\t\t<div class=\"elementor-element elementor-element-10588e6e elementor-widget elementor-widget-text-editor\" data-id=\"10588e6e\" data-element_type=\"widget\" data-e-type=\"widget\" data-widget_type=\"text-editor.default\">\n\t\t\t\t<div class=\"elementor-widget-container\">\n\t\t\t\t\t\t\t\t\t<a href=\"https:\/\/teslafm.net\/en\/lostracks-11\/\"><strong>Lostracks #11 \/ + info <\/strong><\/a><span style=\"color: #808080;\"><em>December 2019<\/em><\/span>\n\n<iframe src=\"https:\/\/www.mixcloud.com\/widget\/iframe\/?hide_cover=1&amp;feed=%2FTeslafm_net%2Flostracks-11-davidlost%2F\" width=\"100%\" height=\"120\" frameborder=\"0\"><\/iframe>\n\n<a href=\"https:\/\/teslafm.net\/en\/lostracks-10\/\"><strong>Lostracks #10 \/ + info <\/strong><\/a><span style=\"color: #808080;\"><em>November 2019<\/em><\/span>\n\n<iframe src=\"https:\/\/www.mixcloud.com\/widget\/iframe\/?hide_cover=1&amp;feed=%2FTeslafm_net%2Flostracks-10-davidlost%2F\" width=\"100%\" height=\"120\" frameborder=\"0\"><\/iframe>\n\n<a href=\"https:\/\/teslafm.net\/en\/lostracks-9\/\"><strong>Lostracks #9 \/ + info <\/strong><\/a><span style=\"color: #808080;\"><em>October 2019<\/em><\/span>\n\n<iframe src=\"https:\/\/www.mixcloud.com\/widget\/iframe\/?hide_cover=1&amp;feed=%2FTeslafm_net%2Flostracks-9-davidlost%2F\" width=\"100%\" height=\"120\" frameborder=\"0\"><\/iframe>\n\n<a href=\"https:\/\/teslafm.net\/en\/lostracks-8\/\"><strong>Lostracks #8 \/ + info <\/strong><\/a><span style=\"color: #808080;\"><em>September 2019<\/em><\/span>\n\n<iframe src=\"https:\/\/www.mixcloud.com\/widget\/iframe\/?hide_cover=1&amp;feed=%2FTeslafm_net%2Flostracks-8-davidlost%2F\" width=\"100%\" height=\"120\" frameborder=\"0\"><\/iframe>\n\n<a href=\"https:\/\/teslafm.net\/en\/lostracks-7\/\"><strong>Lostracks #7 \/ + info <\/strong><\/a><span style=\"color: #808080;\"><em>July 2019<\/em><\/span>\n\n<iframe src=\"https:\/\/www.mixcloud.com\/widget\/iframe\/?hide_cover=1&amp;feed=%2FTeslafm_net%2Flostracks-7-davidlost%2F\" width=\"100%\" height=\"120\" frameborder=\"0\"><\/iframe>\n\n<a href=\"https:\/\/teslafm.net\/en\/lostracks-6\/\"><strong>Lostracks #6 \/ + info <\/strong><\/a><span style=\"color: #808080;\"><em>June 2019<\/em><\/span>\n\n<iframe src=\"https:\/\/www.mixcloud.com\/widget\/iframe\/?hide_cover=1&amp;feed=%2FTeslafm_net%2Flostracks-6-davidlost%2F\" width=\"100%\" height=\"120\" frameborder=\"0\"><\/iframe>\n\n<a href=\"https:\/\/teslafm.net\/en\/lostracks-5\/\"><strong>Lostracks #5 \/ + info <\/strong><\/a><span style=\"color: #808080;\"><em>May 2019<\/em><\/span>\n\n<iframe src=\"https:\/\/www.mixcloud.com\/widget\/iframe\/?hide_cover=1&amp;feed=%2FTeslafm_net%2Flostracks-5-davidlost%2F\" width=\"100%\" height=\"120\" frameborder=\"0\"><\/iframe>\n\n<a href=\"https:\/\/teslafm.net\/en\/lostracks-4\/\"><strong>Lostracks #4 \/ + info <\/strong><\/a><span style=\"color: #808080;\"><em>April 2019<\/em><\/span>\n\n<iframe src=\"https:\/\/www.mixcloud.com\/widget\/iframe\/?hide_cover=1&amp;feed=%2FTeslafm_net%2Flostracks-4-davidlost%2F\" width=\"100%\" height=\"120\" frameborder=\"0\"><\/iframe>\n\n<a href=\"https:\/\/teslafm.net\/en\/lostracks-3\/\"><strong>Lostracks #3 \/ + info <\/strong><\/a><span style=\"color: #808080;\"><em>March 2019<\/em><\/span>\n\n<iframe src=\"https:\/\/www.mixcloud.com\/widget\/iframe\/?hide_cover=1&amp;feed=%2FTeslafm_net%2Flostracks-3-davidlost%2F\" width=\"100%\" height=\"120\" frameborder=\"0\"><\/iframe>\n\n<a href=\"https:\/\/teslafm.net\/en\/lostracks-2\/\"><strong>Lostracks #2 \/ + info <\/strong><\/a><span style=\"color: #808080;\"><em>February 2019<\/em><\/span>\n\n<iframe src=\"https:\/\/www.mixcloud.com\/widget\/iframe\/?hide_cover=1&amp;feed=%2FTeslafm_net%2Flostracks-2-davidlost%2F\" width=\"100%\" height=\"120\" frameborder=\"0\"><\/iframe>\n\n<a href=\"https:\/\/teslafm.net\/en\/lostracks-1\/\"><strong>Lostracks #1 \/ + info <\/strong><\/a><span style=\"color: #808080;\"><em>January 2019<\/em><\/span>\n\n<iframe src=\"https:\/\/www.mixcloud.com\/widget\/iframe\/?hide_cover=1&amp;feed=%2FTeslafm_net%2Flostracks-1-david-lost%2F\" width=\"100%\" height=\"120\" frameborder=\"0\"><\/iframe>\n\n\t\t\t\t\t\t\t\t<\/div>\n\t\t\t\t<\/div>\n\t\t\t\t\t<\/div>\n\t\t<\/div>\n\t\t\t\t\t<\/div>\n\t\t<\/section>\n\t\t\t\t<\/div>","protected":false},"excerpt":{"rendered":"<p>DAVID MORALES DavidLost, Barcelona 1976. Pinchadiscos y propietario de la tienda especializada Lostracks Records. Con m\u00e1s de 20 a\u00f1os de trayectoria DavidLost es un dj vers\u00e1til y ecl\u00e9ctico. En sus sesiones tienen cabida los sonidos m\u00e1s oscuros de la wave, la E.B.M y el trance, pasando por el house y el italo, hasta el techno [&hellip;]<\/p>\n","protected":false},"author":19,"featured_media":0,"parent":0,"menu_order":0,"comment_status":"closed","ping_status":"closed","template":"","meta":{"footnotes":""},"class_list":["post-1179","page","type-page","status-publish","hentry"],"yoast_head":"<!-- This site is optimized with the Yoast SEO plugin v27.2 - https:\/\/yoast.com\/product\/yoast-seo-wordpress\/ -->\n<title>Lostracks -<\/title>\n<meta name=\"robots\" content=\"index, follow, max-snippet:-1, max-image-preview:large, max-video-preview:-1\" \/>\n<link rel=\"canonical\" href=\"https:\/\/teslafm.net\/en\/lostracks\/\" \/>\n<meta property=\"og:locale\" content=\"en_US\" \/>\n<meta property=\"og:type\" content=\"article\" \/>\n<meta property=\"og:title\" content=\"Lostracks -\" \/>\n<meta property=\"og:description\" content=\"DAVID MORALES DavidLost, Barcelona 1976. Pinchadiscos y propietario de la tienda especializada Lostracks Records. Con m\u00e1s de 20 a\u00f1os de trayectoria DavidLost es un dj vers\u00e1til y ecl\u00e9ctico. En sus sesiones tienen cabida los sonidos m\u00e1s oscuros de la wave, la E.B.M y el trance, pasando por el house y el italo, hasta el techno [&hellip;]\" \/>\n<meta property=\"og:url\" content=\"https:\/\/teslafm.net\/en\/lostracks\/\" \/>\n<meta property=\"article:publisher\" content=\"https:\/\/www.facebook.com\/teslafm.net\" \/>\n<meta property=\"article:modified_time\" content=\"2021-10-09T10:48:51+00:00\" \/>\n<meta property=\"og:image\" content=\"https:\/\/teslafm.net\/wp-content\/uploads\/2021\/04\/davidlost-300x300.png\" \/>\n<meta name=\"twitter:card\" content=\"summary_large_image\" \/>\n<meta name=\"twitter:site\" content=\"@teslafm\" \/>\n<meta name=\"twitter:label1\" content=\"Est. reading time\" \/>\n\t<meta name=\"twitter:data1\" content=\"2 minutes\" \/>\n<script type=\"application\/ld+json\" class=\"yoast-schema-graph\">{\"@context\":\"https:\/\/schema.org\",\"@graph\":[{\"@type\":\"WebPage\",\"@id\":\"https:\/\/teslafm.net\/lostracks\/\",\"url\":\"https:\/\/teslafm.net\/lostracks\/\",\"name\":\"Lostracks -\",\"isPartOf\":{\"@id\":\"https:\/\/teslafm.net\/#website\"},\"primaryImageOfPage\":{\"@id\":\"https:\/\/teslafm.net\/lostracks\/#primaryimage\"},\"image\":{\"@id\":\"https:\/\/teslafm.net\/lostracks\/#primaryimage\"},\"thumbnailUrl\":\"https:\/\/teslafm.net\/wp-content\/uploads\/2021\/04\/davidlost-300x300.png\",\"datePublished\":\"2019-01-09T17:17:31+00:00\",\"dateModified\":\"2021-10-09T10:48:51+00:00\",\"breadcrumb\":{\"@id\":\"https:\/\/teslafm.net\/lostracks\/#breadcrumb\"},\"inLanguage\":\"en-US\",\"potentialAction\":[{\"@type\":\"ReadAction\",\"target\":[\"https:\/\/teslafm.net\/lostracks\/\"]}]},{\"@type\":\"ImageObject\",\"inLanguage\":\"en-US\",\"@id\":\"https:\/\/teslafm.net\/lostracks\/#primaryimage\",\"url\":\"https:\/\/teslafm.net\/wp-content\/uploads\/2021\/04\/davidlost-300x300.png\",\"contentUrl\":\"https:\/\/teslafm.net\/wp-content\/uploads\/2021\/04\/davidlost-300x300.png\"},{\"@type\":\"BreadcrumbList\",\"@id\":\"https:\/\/teslafm.net\/lostracks\/#breadcrumb\",\"itemListElement\":[{\"@type\":\"ListItem\",\"position\":1,\"name\":\"Portada\",\"item\":\"https:\/\/teslafm.net\/\"},{\"@type\":\"ListItem\",\"position\":2,\"name\":\"Lostracks\"}]},{\"@type\":\"WebSite\",\"@id\":\"https:\/\/teslafm.net\/#website\",\"url\":\"https:\/\/teslafm.net\/\",\"name\":\"TeslaFM\",\"description\":\"An experimental and creative radio\",\"publisher\":{\"@id\":\"https:\/\/teslafm.net\/#organization\"},\"potentialAction\":[{\"@type\":\"SearchAction\",\"target\":{\"@type\":\"EntryPoint\",\"urlTemplate\":\"https:\/\/teslafm.net\/?s={search_term_string}\"},\"query-input\":{\"@type\":\"PropertyValueSpecification\",\"valueRequired\":true,\"valueName\":\"search_term_string\"}}],\"inLanguage\":\"en-US\"},{\"@type\":\"Organization\",\"@id\":\"https:\/\/teslafm.net\/#organization\",\"name\":\"TeslaFM\",\"url\":\"https:\/\/teslafm.net\/\",\"logo\":{\"@type\":\"ImageObject\",\"inLanguage\":\"en-US\",\"@id\":\"https:\/\/teslafm.net\/#\/schema\/logo\/image\/\",\"url\":\"https:\/\/teslafm.net\/wp-content\/uploads\/2020\/06\/logo-tesla.png\",\"contentUrl\":\"https:\/\/teslafm.net\/wp-content\/uploads\/2020\/06\/logo-tesla.png\",\"width\":512,\"height\":512,\"caption\":\"TeslaFM\"},\"image\":{\"@id\":\"https:\/\/teslafm.net\/#\/schema\/logo\/image\/\"},\"sameAs\":[\"https:\/\/www.facebook.com\/teslafm.net\",\"https:\/\/x.com\/teslafm\"]}]}<\/script>\n<!-- \/ Yoast SEO plugin. -->","yoast_head_json":{"title":"Lostracks -","robots":{"index":"index","follow":"follow","max-snippet":"max-snippet:-1","max-image-preview":"max-image-preview:large","max-video-preview":"max-video-preview:-1"},"canonical":"https:\/\/teslafm.net\/en\/lostracks\/","og_locale":"en_US","og_type":"article","og_title":"Lostracks -","og_description":"DAVID MORALES DavidLost, Barcelona 1976. Pinchadiscos y propietario de la tienda especializada Lostracks Records. Con m\u00e1s de 20 a\u00f1os de trayectoria DavidLost es un dj vers\u00e1til y ecl\u00e9ctico. En sus sesiones tienen cabida los sonidos m\u00e1s oscuros de la wave, la E.B.M y el trance, pasando por el house y el italo, hasta el techno [&hellip;]","og_url":"https:\/\/teslafm.net\/en\/lostracks\/","article_publisher":"https:\/\/www.facebook.com\/teslafm.net","article_modified_time":"2021-10-09T10:48:51+00:00","og_image":[{"url":"https:\/\/teslafm.net\/wp-content\/uploads\/2021\/04\/davidlost-300x300.png","type":"","width":"","height":""}],"twitter_card":"summary_large_image","twitter_site":"@teslafm","twitter_misc":{"Est. reading time":"2 minutes"},"schema":{"@context":"https:\/\/schema.org","@graph":[{"@type":"WebPage","@id":"https:\/\/teslafm.net\/lostracks\/","url":"https:\/\/teslafm.net\/lostracks\/","name":"Lostracks -","isPartOf":{"@id":"https:\/\/teslafm.net\/#website"},"primaryImageOfPage":{"@id":"https:\/\/teslafm.net\/lostracks\/#primaryimage"},"image":{"@id":"https:\/\/teslafm.net\/lostracks\/#primaryimage"},"thumbnailUrl":"https:\/\/teslafm.net\/wp-content\/uploads\/2021\/04\/davidlost-300x300.png","datePublished":"2019-01-09T17:17:31+00:00","dateModified":"2021-10-09T10:48:51+00:00","breadcrumb":{"@id":"https:\/\/teslafm.net\/lostracks\/#breadcrumb"},"inLanguage":"en-US","potentialAction":[{"@type":"ReadAction","target":["https:\/\/teslafm.net\/lostracks\/"]}]},{"@type":"ImageObject","inLanguage":"en-US","@id":"https:\/\/teslafm.net\/lostracks\/#primaryimage","url":"https:\/\/teslafm.net\/wp-content\/uploads\/2021\/04\/davidlost-300x300.png","contentUrl":"https:\/\/teslafm.net\/wp-content\/uploads\/2021\/04\/davidlost-300x300.png"},{"@type":"BreadcrumbList","@id":"https:\/\/teslafm.net\/lostracks\/#breadcrumb","itemListElement":[{"@type":"ListItem","position":1,"name":"Portada","item":"https:\/\/teslafm.net\/"},{"@type":"ListItem","position":2,"name":"Lostracks"}]},{"@type":"WebSite","@id":"https:\/\/teslafm.net\/#website","url":"https:\/\/teslafm.net\/","name":"TeslaFM","description":"An experimental and creative radio","publisher":{"@id":"https:\/\/teslafm.net\/#organization"},"potentialAction":[{"@type":"SearchAction","target":{"@type":"EntryPoint","urlTemplate":"https:\/\/teslafm.net\/?s={search_term_string}"},"query-input":{"@type":"PropertyValueSpecification","valueRequired":true,"valueName":"search_term_string"}}],"inLanguage":"en-US"},{"@type":"Organization","@id":"https:\/\/teslafm.net\/#organization","name":"TeslaFM","url":"https:\/\/teslafm.net\/","logo":{"@type":"ImageObject","inLanguage":"en-US","@id":"https:\/\/teslafm.net\/#\/schema\/logo\/image\/","url":"https:\/\/teslafm.net\/wp-content\/uploads\/2020\/06\/logo-tesla.png","contentUrl":"https:\/\/teslafm.net\/wp-content\/uploads\/2020\/06\/logo-tesla.png","width":512,"height":512,"caption":"TeslaFM"},"image":{"@id":"https:\/\/teslafm.net\/#\/schema\/logo\/image\/"},"sameAs":["https:\/\/www.facebook.com\/teslafm.net","https:\/\/x.com\/teslafm"]}]}},"rttpg_featured_image_url":null,"rttpg_author":{"display_name":"Ishak","author_link":"https:\/\/teslafm.net\/en\/author\/cravan\/"},"rttpg_comment":0,"rttpg_category":null,"rttpg_excerpt":"DAVID MORALES DavidLost, Barcelona 1976. Pinchadiscos y propietario de la tienda especializada Lostracks Records. Con m\u00e1s de 20 a\u00f1os de trayectoria DavidLost es un dj vers\u00e1til y ecl\u00e9ctico. En sus sesiones tienen cabida los sonidos m\u00e1s oscuros de la wave, la E.B.M y el trance, pasando por el house y el italo, hasta el techno&hellip;","_links":{"self":[{"href":"https:\/\/teslafm.net\/en\/wp-json\/wp\/v2\/pages\/1179","targetHints":{"allow":["GET"]}}],"collection":[{"href":"https:\/\/teslafm.net\/en\/wp-json\/wp\/v2\/pages"}],"about":[{"href":"https:\/\/teslafm.net\/en\/wp-json\/wp\/v2\/types\/page"}],"author":[{"embeddable":true,"href":"https:\/\/teslafm.net\/en\/wp-json\/wp\/v2\/users\/19"}],"replies":[{"embeddable":true,"href":"https:\/\/teslafm.net\/en\/wp-json\/wp\/v2\/comments?post=1179"}],"version-history":[{"count":31,"href":"https:\/\/teslafm.net\/en\/wp-json\/wp\/v2\/pages\/1179\/revisions"}],"predecessor-version":[{"id":58895,"href":"https:\/\/teslafm.net\/en\/wp-json\/wp\/v2\/pages\/1179\/revisions\/58895"}],"wp:attachment":[{"href":"https:\/\/teslafm.net\/en\/wp-json\/wp\/v2\/media?parent=1179"}],"curies":[{"name":"wp","href":"https:\/\/api.w.org\/{rel}","templated":true}]}}