

{"id":1249,"date":"2019-01-23T15:47:03","date_gmt":"2019-01-23T14:47:03","guid":{"rendered":"https:\/\/teslafm.net\/?page_id=1249"},"modified":"2020-10-02T23:05:27","modified_gmt":"2020-10-02T21:05:27","slug":"la-pantalla-silenciosa-4","status":"publish","type":"page","link":"https:\/\/teslafm.net\/en\/la-pantalla-silenciosa-4\/","title":{"rendered":"The Silent Screen #4"},"content":{"rendered":"\t\t<div data-elementor-type=\"wp-page\" data-elementor-id=\"1249\" class=\"elementor elementor-1249\">\n\t\t\t\t\t\t<section class=\"elementor-section elementor-top-section elementor-element elementor-element-17fa6ffb elementor-section-boxed elementor-section-height-default elementor-section-height-default\" data-id=\"17fa6ffb\" data-element_type=\"section\" data-e-type=\"section\">\n\t\t\t\t\t\t<div class=\"elementor-container elementor-column-gap-default\">\n\t\t\t\t\t<div class=\"elementor-column elementor-col-100 elementor-top-column elementor-element elementor-element-5e819d52\" data-id=\"5e819d52\" data-element_type=\"column\" data-e-type=\"column\">\n\t\t\t<div class=\"elementor-widget-wrap elementor-element-populated\">\n\t\t\t\t\t\t<div class=\"elementor-element elementor-element-540e4d40 elementor-widget elementor-widget-text-editor\" data-id=\"540e4d40\" data-element_type=\"widget\" data-e-type=\"widget\" data-widget_type=\"text-editor.default\">\n\t\t\t\t<div class=\"elementor-widget-container\">\n\t\t\t\t\t\t\t\t\t<h2><span style=\"color: #ffffff;\"><strong>La Pantalla Silenciosa #4<\/strong><\/span><\/h2>\n<p><iframe src=\"https:\/\/www.mixcloud.com\/widget\/iframe\/?hide_cover=1&amp;feed=%2FTeslafm_net%2Fla-pantalla-silenciosa-4-lxs-valientes-duermen-solxs%2F\" width=\"100%\" height=\"120\" frameborder=\"0\"><\/iframe><\/p>\n<h6><span style=\"color: #808080;\"><b>El Nacimiento de Una Naci\u00f3n &#8211; M\u00fasica: Joseph Carl Breil<\/b><\/span><\/h6>\n<p><span style=\"color: #808080;\"><b>The Birth of a Nation<\/b> (Estados Unidos, 1915) 190\u2019. Direcci\u00f3n: <b>D.W. Griffith<\/b>. Gui\u00f3n: <b>D.W. Griffith<\/b>, <b>Frank E. Woods<\/b> (Novela: <b>Thomas F. Dixon Jr.<\/b>) M\u00fasica: Pel\u00edcula muda (<b>Joseph Carl Breil, D.W. Griffith<\/b>).Fotograf\u00eda: <b>G.W. Bitzer<\/b> (B&amp;W).<\/span><\/p>\n<p><span style=\"color: #808080;\">En 1915 se estren\u00f3<b> El nacimiento de una naci\u00f3n<\/b> y nada volvi\u00f3 a ser igual. <b>D.W. Griffith<\/b> cre\u00f3 el lenguaje cinematogr\u00e1fico. De repente el cine usaba de una forma expresiva sus recursos y no se limitaba a ser teatro filmado. Al director se le pas\u00f3 a conocer como el padre del cine moderno y su obra se estudia en todas las facultades de Comunicaci\u00f3n Audiovisual. A pesar de que el s\u00e9ptimo arte es lo que es gracias a ella, no se puede olvidar que <b>El nacimiento de una naci\u00f3n<\/b> es una pel\u00edcula que ensalza el racismo y que considera h\u00e9roes a los miembros de <b>Ku Klux Klan<\/b> y villanos a la gente de color. <\/span><\/p>\n<p><span style=\"color: #808080;\">Debido a la importancia de su obra se suele pasar por alto su contenido xen\u00f3fobo. El film, que cuenta la historia de dos familias amigas que representan el norte y el sur de los Estados Unidos durante la Guerra de Secesi\u00f3n, muestra a los negros como violentos y rebeldes, y al <b>Ku Klux Klan<\/b> como los \u00fanicos capaces de contener el caos que la poblaci\u00f3n de color generaba en las zonas del sur. Borrachos, violadores, ladrones\u2026 as\u00ed ve\u00eda <b>Griffith<\/b> a la poblaci\u00f3n afroamericana.<\/span><\/p>\n<p><span style=\"color: #808080;\">El estreno del filme lleg\u00f3 acompa\u00f1ado de pol\u00e9mica. Las asociaciones en favor de los derechos de los negros protestaron en los cines donde se proyectaba y por otro lado aumentaron los actos violentos de bandas racistas en contra de la poblaci\u00f3n de color. Por si fuera poco en los cr\u00e9ditos iniciales aparec\u00eda en pantalla una frase del presidente <b>Woodrow Wilson<\/b> alabando al <b>Ku Klux Klan<\/b> como <i>\u201cprotector del sur\u201d<\/i>. El propio <b>Wilson<\/b> se vio obligado a declarar ante la prensa que reprobaba la <i>\u201clamentable producci\u00f3n\u201d<\/i>.&nbsp;<\/span><span style=\"color: #808080;\">Los a\u00f1os han hecho que la pel\u00edcula de <b>Griffith<\/b> haya quedado marcada como la madre del cine, una madre racista, pero a la que no se le puede negar su importancia. Faltaba un acto de justicia po\u00e9tica para encontrar el equilibrio y ha llegado este a\u00f1o con el estreno de una pel\u00edcula que comparte t\u00edtulo con la obra original, pero que tiene un mensaje radicalmente opuesto.<\/span><\/p>\n<p><span style=\"color: #808080;\"><b>Joseph Carl Breil<\/b> (29 de junio de 1870 \u2013 23 de enero de 1926) fue un tenor l\u00edrico, director de escena, compositor y director de orquesta estadounidense . Fue uno de los primeros compositores estadounidenses en componer m\u00fasica espec\u00edfica para pel\u00edculas. Su primera pel\u00edcula fue <b>Les amours de la reine \u00c9lisabeth<\/b> (1912), protagonizada por <b>Sarah Bernhardt <\/b>. M\u00e1s tarde, compuso y arregl\u00f3 partituras para varias otras pel\u00edculas antiguas, incluidas epopeyas como <b>El nacimiento de una naci\u00f3n<\/b> (1915) e <b>Intolerancia<\/b> (1916), de <b>DW Griffith<\/b> , y tambi\u00e9n obtuvo la versi\u00f3n preliminar del <b>Fantasma de la \u00f3pera<\/b> (1925). ), una puntuaci\u00f3n que ahora se pierde. [ cita requerida ] Su tema de amor para <i>\u201cEl nacimiento de una naci\u00f3n\u201d,<\/i> titulado <i>\u201cThe Perfect Song\u201d<\/i>, fue publicado por<b> Chappell &amp; Co<\/b>. en un arreglo para voz y teclado. M\u00e1s tarde fue utilizado como el tema para el programa de radio <i>\u201cAmos y Andy\u201d<\/i>.<\/span><\/p>\t\t\t\t\t\t\t\t<\/div>\n\t\t\t\t<\/div>\n\t\t\t\t\t<\/div>\n\t\t<\/div>\n\t\t\t\t\t<\/div>\n\t\t<\/section>\n\t\t\t\t<section class=\"elementor-section elementor-top-section elementor-element elementor-element-868dec2 elementor-section-boxed elementor-section-height-default elementor-section-height-default\" data-id=\"868dec2\" data-element_type=\"section\" data-e-type=\"section\">\n\t\t\t\t\t\t<div class=\"elementor-container elementor-column-gap-default\">\n\t\t\t\t\t<div class=\"elementor-column elementor-col-100 elementor-top-column elementor-element elementor-element-77a2c0f\" data-id=\"77a2c0f\" data-element_type=\"column\" data-e-type=\"column\">\n\t\t\t<div class=\"elementor-widget-wrap elementor-element-populated\">\n\t\t\t\t\t\t<section class=\"elementor-section elementor-inner-section elementor-element elementor-element-f09b700 elementor-section-boxed elementor-section-height-default elementor-section-height-default\" data-id=\"f09b700\" data-element_type=\"section\" data-e-type=\"section\">\n\t\t\t\t\t\t<div class=\"elementor-container elementor-column-gap-default\">\n\t\t\t\t\t<div class=\"elementor-column elementor-col-50 elementor-inner-column elementor-element elementor-element-8e40721\" data-id=\"8e40721\" data-element_type=\"column\" data-e-type=\"column\">\n\t\t\t<div class=\"elementor-widget-wrap elementor-element-populated\">\n\t\t\t\t\t\t<div class=\"elementor-element elementor-element-de7301b elementor-widget elementor-widget-image\" data-id=\"de7301b\" data-element_type=\"widget\" data-e-type=\"widget\" data-widget_type=\"image.default\">\n\t\t\t\t<div class=\"elementor-widget-container\">\n\t\t\t\t\t\t\t\t\t\t\t\t\t\t\t<img fetchpriority=\"high\" decoding=\"async\" width=\"772\" height=\"1024\" src=\"https:\/\/teslafm.net\/wp-content\/uploads\/2019\/01\/Sheet_music_for__The_Perfect_Song__from_The_Birth_of_a_Nation-772x1024.jpg\" class=\"attachment-large size-large wp-image-1250\" alt=\"\" srcset=\"https:\/\/teslafm.net\/wp-content\/uploads\/2019\/01\/Sheet_music_for__The_Perfect_Song__from_The_Birth_of_a_Nation-772x1024.jpg 772w, https:\/\/teslafm.net\/wp-content\/uploads\/2019\/01\/Sheet_music_for__The_Perfect_Song__from_The_Birth_of_a_Nation-226x300.jpg 226w, https:\/\/teslafm.net\/wp-content\/uploads\/2019\/01\/Sheet_music_for__The_Perfect_Song__from_The_Birth_of_a_Nation-768x1018.jpg 768w, https:\/\/teslafm.net\/wp-content\/uploads\/2019\/01\/Sheet_music_for__The_Perfect_Song__from_The_Birth_of_a_Nation.jpg 1573w\" sizes=\"(max-width: 772px) 100vw, 772px\" \/>\t\t\t\t\t\t\t\t\t\t\t\t\t\t\t<\/div>\n\t\t\t\t<\/div>\n\t\t\t\t\t<\/div>\n\t\t<\/div>\n\t\t\t\t<div class=\"elementor-column elementor-col-50 elementor-inner-column elementor-element elementor-element-89de41e\" data-id=\"89de41e\" data-element_type=\"column\" data-e-type=\"column\">\n\t\t\t<div class=\"elementor-widget-wrap elementor-element-populated\">\n\t\t\t\t\t\t<div class=\"elementor-element elementor-element-92eaa70 elementor-widget elementor-widget-image\" data-id=\"92eaa70\" data-element_type=\"widget\" data-e-type=\"widget\" data-widget_type=\"image.default\">\n\t\t\t\t<div class=\"elementor-widget-container\">\n\t\t\t\t\t\t\t\t\t\t\t\t\t\t\t<img decoding=\"async\" width=\"1000\" height=\"680\" src=\"https:\/\/teslafm.net\/wp-content\/uploads\/2019\/01\/la-1475182629-snap-photo.jpg\" class=\"attachment-large size-large wp-image-1251\" alt=\"\" srcset=\"https:\/\/teslafm.net\/wp-content\/uploads\/2019\/01\/la-1475182629-snap-photo.jpg 1000w, https:\/\/teslafm.net\/wp-content\/uploads\/2019\/01\/la-1475182629-snap-photo-300x204.jpg 300w, https:\/\/teslafm.net\/wp-content\/uploads\/2019\/01\/la-1475182629-snap-photo-768x522.jpg 768w\" sizes=\"(max-width: 1000px) 100vw, 1000px\" \/>\t\t\t\t\t\t\t\t\t\t\t\t\t\t\t<\/div>\n\t\t\t\t<\/div>\n\t\t\t\t\t<\/div>\n\t\t<\/div>\n\t\t\t\t\t<\/div>\n\t\t<\/section>\n\t\t\t\t\t<\/div>\n\t\t<\/div>\n\t\t\t\t\t<\/div>\n\t\t<\/section>\n\t\t\t\t<\/div>\n\t\t","protected":false},"excerpt":{"rendered":"<p>La Pantalla Silenciosa #4 El Nacimiento de Una Naci\u00f3n &#8211; M\u00fasica: Joseph Carl Breil The Birth of a Nation (Estados Unidos, 1915) 190\u2019. Direcci\u00f3n: D.W. Griffith. Gui\u00f3n: D.W. Griffith, Frank E. Woods (Novela: Thomas F. Dixon Jr.) M\u00fasica: Pel\u00edcula muda (Joseph Carl Breil, D.W. Griffith).Fotograf\u00eda: G.W. Bitzer (B&amp;W). En 1915 se estren\u00f3 El nacimiento de [&hellip;]<\/p>\n","protected":false},"author":19,"featured_media":0,"parent":0,"menu_order":0,"comment_status":"closed","ping_status":"closed","template":"","meta":{"footnotes":""},"class_list":["post-1249","page","type-page","status-publish","hentry"],"yoast_head":"<!-- This site is optimized with the Yoast SEO plugin v27.2 - https:\/\/yoast.com\/product\/yoast-seo-wordpress\/ -->\n<title>La Pantalla Silenciosa #4 -<\/title>\n<meta name=\"robots\" content=\"index, follow, max-snippet:-1, max-image-preview:large, max-video-preview:-1\" \/>\n<link rel=\"canonical\" href=\"https:\/\/teslafm.net\/en\/la-pantalla-silenciosa-4\/\" \/>\n<meta property=\"og:locale\" content=\"en_US\" \/>\n<meta property=\"og:type\" content=\"article\" \/>\n<meta property=\"og:title\" content=\"La Pantalla Silenciosa #4 -\" \/>\n<meta property=\"og:description\" content=\"La Pantalla Silenciosa #4 El Nacimiento de Una Naci\u00f3n &#8211; M\u00fasica: Joseph Carl Breil The Birth of a Nation (Estados Unidos, 1915) 190\u2019. Direcci\u00f3n: D.W. Griffith. Gui\u00f3n: D.W. Griffith, Frank E. Woods (Novela: Thomas F. Dixon Jr.) M\u00fasica: Pel\u00edcula muda (Joseph Carl Breil, D.W. Griffith).Fotograf\u00eda: G.W. Bitzer (B&amp;W). En 1915 se estren\u00f3 El nacimiento de [&hellip;]\" \/>\n<meta property=\"og:url\" content=\"https:\/\/teslafm.net\/en\/la-pantalla-silenciosa-4\/\" \/>\n<meta property=\"article:publisher\" content=\"https:\/\/www.facebook.com\/teslafm.net\" \/>\n<meta property=\"article:modified_time\" content=\"2020-10-02T21:05:27+00:00\" \/>\n<meta property=\"og:image\" content=\"https:\/\/teslafm.net\/wp-content\/uploads\/2019\/01\/Sheet_music_for__The_Perfect_Song__from_The_Birth_of_a_Nation-772x1024.jpg\" \/>\n<meta name=\"twitter:card\" content=\"summary_large_image\" \/>\n<meta name=\"twitter:site\" content=\"@teslafm\" \/>\n<meta name=\"twitter:label1\" content=\"Est. reading time\" \/>\n\t<meta name=\"twitter:data1\" content=\"3 minutes\" \/>\n<script type=\"application\/ld+json\" class=\"yoast-schema-graph\">{\"@context\":\"https:\/\/schema.org\",\"@graph\":[{\"@type\":\"WebPage\",\"@id\":\"https:\/\/teslafm.net\/la-pantalla-silenciosa-4\/\",\"url\":\"https:\/\/teslafm.net\/la-pantalla-silenciosa-4\/\",\"name\":\"La Pantalla Silenciosa #4 -\",\"isPartOf\":{\"@id\":\"https:\/\/teslafm.net\/#website\"},\"primaryImageOfPage\":{\"@id\":\"https:\/\/teslafm.net\/la-pantalla-silenciosa-4\/#primaryimage\"},\"image\":{\"@id\":\"https:\/\/teslafm.net\/la-pantalla-silenciosa-4\/#primaryimage\"},\"thumbnailUrl\":\"https:\/\/teslafm.net\/wp-content\/uploads\/2019\/01\/Sheet_music_for__The_Perfect_Song__from_The_Birth_of_a_Nation-772x1024.jpg\",\"datePublished\":\"2019-01-23T14:47:03+00:00\",\"dateModified\":\"2020-10-02T21:05:27+00:00\",\"breadcrumb\":{\"@id\":\"https:\/\/teslafm.net\/la-pantalla-silenciosa-4\/#breadcrumb\"},\"inLanguage\":\"en-US\",\"potentialAction\":[{\"@type\":\"ReadAction\",\"target\":[\"https:\/\/teslafm.net\/la-pantalla-silenciosa-4\/\"]}]},{\"@type\":\"ImageObject\",\"inLanguage\":\"en-US\",\"@id\":\"https:\/\/teslafm.net\/la-pantalla-silenciosa-4\/#primaryimage\",\"url\":\"https:\/\/teslafm.net\/wp-content\/uploads\/2019\/01\/Sheet_music_for__The_Perfect_Song__from_The_Birth_of_a_Nation-772x1024.jpg\",\"contentUrl\":\"https:\/\/teslafm.net\/wp-content\/uploads\/2019\/01\/Sheet_music_for__The_Perfect_Song__from_The_Birth_of_a_Nation-772x1024.jpg\"},{\"@type\":\"BreadcrumbList\",\"@id\":\"https:\/\/teslafm.net\/la-pantalla-silenciosa-4\/#breadcrumb\",\"itemListElement\":[{\"@type\":\"ListItem\",\"position\":1,\"name\":\"Portada\",\"item\":\"https:\/\/teslafm.net\/\"},{\"@type\":\"ListItem\",\"position\":2,\"name\":\"La Pantalla Silenciosa #4\"}]},{\"@type\":\"WebSite\",\"@id\":\"https:\/\/teslafm.net\/#website\",\"url\":\"https:\/\/teslafm.net\/\",\"name\":\"TeslaFM\",\"description\":\"An experimental and creative radio\",\"publisher\":{\"@id\":\"https:\/\/teslafm.net\/#organization\"},\"potentialAction\":[{\"@type\":\"SearchAction\",\"target\":{\"@type\":\"EntryPoint\",\"urlTemplate\":\"https:\/\/teslafm.net\/?s={search_term_string}\"},\"query-input\":{\"@type\":\"PropertyValueSpecification\",\"valueRequired\":true,\"valueName\":\"search_term_string\"}}],\"inLanguage\":\"en-US\"},{\"@type\":\"Organization\",\"@id\":\"https:\/\/teslafm.net\/#organization\",\"name\":\"TeslaFM\",\"url\":\"https:\/\/teslafm.net\/\",\"logo\":{\"@type\":\"ImageObject\",\"inLanguage\":\"en-US\",\"@id\":\"https:\/\/teslafm.net\/#\/schema\/logo\/image\/\",\"url\":\"https:\/\/teslafm.net\/wp-content\/uploads\/2020\/06\/logo-tesla.png\",\"contentUrl\":\"https:\/\/teslafm.net\/wp-content\/uploads\/2020\/06\/logo-tesla.png\",\"width\":512,\"height\":512,\"caption\":\"TeslaFM\"},\"image\":{\"@id\":\"https:\/\/teslafm.net\/#\/schema\/logo\/image\/\"},\"sameAs\":[\"https:\/\/www.facebook.com\/teslafm.net\",\"https:\/\/x.com\/teslafm\"]}]}<\/script>\n<!-- \/ Yoast SEO plugin. -->","yoast_head_json":{"title":"The Silent Screen #4 -","robots":{"index":"index","follow":"follow","max-snippet":"max-snippet:-1","max-image-preview":"max-image-preview:large","max-video-preview":"max-video-preview:-1"},"canonical":"https:\/\/teslafm.net\/en\/la-pantalla-silenciosa-4\/","og_locale":"en_US","og_type":"article","og_title":"La Pantalla Silenciosa #4 -","og_description":"La Pantalla Silenciosa #4 El Nacimiento de Una Naci\u00f3n &#8211; M\u00fasica: Joseph Carl Breil The Birth of a Nation (Estados Unidos, 1915) 190\u2019. Direcci\u00f3n: D.W. Griffith. Gui\u00f3n: D.W. Griffith, Frank E. Woods (Novela: Thomas F. Dixon Jr.) M\u00fasica: Pel\u00edcula muda (Joseph Carl Breil, D.W. Griffith).Fotograf\u00eda: G.W. Bitzer (B&amp;W). En 1915 se estren\u00f3 El nacimiento de [&hellip;]","og_url":"https:\/\/teslafm.net\/en\/la-pantalla-silenciosa-4\/","article_publisher":"https:\/\/www.facebook.com\/teslafm.net","article_modified_time":"2020-10-02T21:05:27+00:00","og_image":[{"url":"https:\/\/teslafm.net\/wp-content\/uploads\/2019\/01\/Sheet_music_for__The_Perfect_Song__from_The_Birth_of_a_Nation-772x1024.jpg","type":"","width":"","height":""}],"twitter_card":"summary_large_image","twitter_site":"@teslafm","twitter_misc":{"Est. reading time":"3 minutes"},"schema":{"@context":"https:\/\/schema.org","@graph":[{"@type":"WebPage","@id":"https:\/\/teslafm.net\/la-pantalla-silenciosa-4\/","url":"https:\/\/teslafm.net\/la-pantalla-silenciosa-4\/","name":"The Silent Screen #4 -","isPartOf":{"@id":"https:\/\/teslafm.net\/#website"},"primaryImageOfPage":{"@id":"https:\/\/teslafm.net\/la-pantalla-silenciosa-4\/#primaryimage"},"image":{"@id":"https:\/\/teslafm.net\/la-pantalla-silenciosa-4\/#primaryimage"},"thumbnailUrl":"https:\/\/teslafm.net\/wp-content\/uploads\/2019\/01\/Sheet_music_for__The_Perfect_Song__from_The_Birth_of_a_Nation-772x1024.jpg","datePublished":"2019-01-23T14:47:03+00:00","dateModified":"2020-10-02T21:05:27+00:00","breadcrumb":{"@id":"https:\/\/teslafm.net\/la-pantalla-silenciosa-4\/#breadcrumb"},"inLanguage":"en-US","potentialAction":[{"@type":"ReadAction","target":["https:\/\/teslafm.net\/la-pantalla-silenciosa-4\/"]}]},{"@type":"ImageObject","inLanguage":"en-US","@id":"https:\/\/teslafm.net\/la-pantalla-silenciosa-4\/#primaryimage","url":"https:\/\/teslafm.net\/wp-content\/uploads\/2019\/01\/Sheet_music_for__The_Perfect_Song__from_The_Birth_of_a_Nation-772x1024.jpg","contentUrl":"https:\/\/teslafm.net\/wp-content\/uploads\/2019\/01\/Sheet_music_for__The_Perfect_Song__from_The_Birth_of_a_Nation-772x1024.jpg"},{"@type":"BreadcrumbList","@id":"https:\/\/teslafm.net\/la-pantalla-silenciosa-4\/#breadcrumb","itemListElement":[{"@type":"ListItem","position":1,"name":"Portada","item":"https:\/\/teslafm.net\/"},{"@type":"ListItem","position":2,"name":"La Pantalla Silenciosa #4"}]},{"@type":"WebSite","@id":"https:\/\/teslafm.net\/#website","url":"https:\/\/teslafm.net\/","name":"TeslaFM","description":"An experimental and creative radio","publisher":{"@id":"https:\/\/teslafm.net\/#organization"},"potentialAction":[{"@type":"SearchAction","target":{"@type":"EntryPoint","urlTemplate":"https:\/\/teslafm.net\/?s={search_term_string}"},"query-input":{"@type":"PropertyValueSpecification","valueRequired":true,"valueName":"search_term_string"}}],"inLanguage":"en-US"},{"@type":"Organization","@id":"https:\/\/teslafm.net\/#organization","name":"TeslaFM","url":"https:\/\/teslafm.net\/","logo":{"@type":"ImageObject","inLanguage":"en-US","@id":"https:\/\/teslafm.net\/#\/schema\/logo\/image\/","url":"https:\/\/teslafm.net\/wp-content\/uploads\/2020\/06\/logo-tesla.png","contentUrl":"https:\/\/teslafm.net\/wp-content\/uploads\/2020\/06\/logo-tesla.png","width":512,"height":512,"caption":"TeslaFM"},"image":{"@id":"https:\/\/teslafm.net\/#\/schema\/logo\/image\/"},"sameAs":["https:\/\/www.facebook.com\/teslafm.net","https:\/\/x.com\/teslafm"]}]}},"rttpg_featured_image_url":null,"rttpg_author":{"display_name":"Ishak","author_link":"https:\/\/teslafm.net\/en\/author\/cravan\/"},"rttpg_comment":0,"rttpg_category":null,"rttpg_excerpt":"La Pantalla Silenciosa #4 El Nacimiento de Una Naci\u00f3n &#8211; M\u00fasica: Joseph Carl Breil The Birth of a Nation (Estados Unidos, 1915) 190\u2019. Direcci\u00f3n: D.W. Griffith. Gui\u00f3n: D.W. Griffith, Frank E. Woods (Novela: Thomas F. Dixon Jr.) M\u00fasica: Pel\u00edcula muda (Joseph Carl Breil, D.W. Griffith).Fotograf\u00eda: G.W. Bitzer (B&amp;W). En 1915 se estren\u00f3 El nacimiento de&hellip;","_links":{"self":[{"href":"https:\/\/teslafm.net\/en\/wp-json\/wp\/v2\/pages\/1249","targetHints":{"allow":["GET"]}}],"collection":[{"href":"https:\/\/teslafm.net\/en\/wp-json\/wp\/v2\/pages"}],"about":[{"href":"https:\/\/teslafm.net\/en\/wp-json\/wp\/v2\/types\/page"}],"author":[{"embeddable":true,"href":"https:\/\/teslafm.net\/en\/wp-json\/wp\/v2\/users\/19"}],"replies":[{"embeddable":true,"href":"https:\/\/teslafm.net\/en\/wp-json\/wp\/v2\/comments?post=1249"}],"version-history":[{"count":15,"href":"https:\/\/teslafm.net\/en\/wp-json\/wp\/v2\/pages\/1249\/revisions"}],"predecessor-version":[{"id":55031,"href":"https:\/\/teslafm.net\/en\/wp-json\/wp\/v2\/pages\/1249\/revisions\/55031"}],"wp:attachment":[{"href":"https:\/\/teslafm.net\/en\/wp-json\/wp\/v2\/media?parent=1249"}],"curies":[{"name":"wp","href":"https:\/\/api.w.org\/{rel}","templated":true}]}}