

{"id":1379,"date":"2019-01-28T08:35:55","date_gmt":"2019-01-28T07:35:55","guid":{"rendered":"https:\/\/teslafm.net\/?page_id=1379"},"modified":"2021-02-04T11:31:56","modified_gmt":"2021-02-04T10:31:56","slug":"ananke-4","status":"publish","type":"page","link":"https:\/\/teslafm.net\/en\/ananke-4\/","title":{"rendered":"Anank\u00e9 #4"},"content":{"rendered":"<h2><span style=\"color: #ffffff;\"><strong>Anank\u00e9 Chapter IV<\/strong><\/span><\/h2>\n<p><span style=\"color: #808080;\"><em>January 2019<\/em><\/span><\/p>\n<p><iframe src=\"https:\/\/www.mixcloud.com\/widget\/iframe\/?hide_cover=1&amp;feed=%2FTeslafm_net%2Fanank%C3%A9-4-jaco%2F\" width=\"100%\" height=\"120\" frameborder=\"0\"><\/iframe><\/p>\n<p><span style=\"color: #808080;\">01. <strong>\u00c1ine O'Dwyer<\/strong> - The Ruling Of Pan - Music For Church Cleaners Vol. I and II (MIE, 2015)<\/span><br \/>\n<span style=\"color: #808080;\">02. <strong>Isards<\/strong> - The Myotragus Cave - Aurea Aetas (Detakon, 2011)<\/span><br \/>\n<span style=\"color: #808080;\">03. <strong>Meridian Brothers<\/strong> - Song Of The Modern Templar - The Advent Of The Female Castle (La Distritofonica, 2006)<\/span><br \/>\n<span style=\"color: #808080;\">04. <strong>Mid-Air Thief<\/strong> - Ahhhh, These Chains! - Crumbling (Self-released, Botanical House, 2018).<\/span><br \/>\n<span style=\"color: #808080;\">05. <strong>Ian Humberstone<\/strong> - Song For Mariann Voaden - Devon Folklore Tapes Vol. 1: Two Witches (Folklore Tapes, 2011\/2014 reissue).<\/span><br \/>\n<span style=\"color: #808080;\">06. <strong>Belbury Poly<\/strong> - The Willows - The Willows (Ghost Box, 2004\/2011 reissue)<\/span><br \/>\n<span style=\"color: #808080;\">07. <strong>Program<\/strong> - Il y a - L'Enfer Ti\u00e8de (Lithium, 2002)<\/span><br \/>\n<span style=\"color: #808080;\">08. <strong>Zuli<\/strong> - Nari - Terminal (UIQ, 2018)<\/span><br \/>\n<span style=\"color: #808080;\">09. <strong>Autechre<\/strong> - Sinistrail Sentinel - (Warp, 2018).<\/span><br \/>\n<span style=\"color: #808080;\">10. <strong>Kelly Moran<\/strong> - Autowave - Ultraviolet (Warp, 2018)<\/span><br \/>\n<span style=\"color: #808080;\">11. <strong>Pablo's Eye<\/strong> - Amb 8 - Bardo for Pablo (Stroom, 2018 reissue, original 1995).<\/span><br \/>\n<span style=\"color: #808080;\">12. <strong>Masaru Sato<\/strong> - Titles (Yojimbo) - Yojimbo O.S.T. (MGM, 1962\/Toho, 2002 reissue)<\/span><br \/>\n<span style=\"color: #808080;\">13. <strong>D'Angelo And The Vanguard<\/strong> - 1000 Deaths - Black Messiah (RCA, 2014)<\/span><br \/>\n<span style=\"color: #808080;\">14. <strong>Mica Levi &amp; Oliver Coates<\/strong> - Mob Of Waters - Remain Calm (Slip, 2016)<\/span><br \/>\n<span style=\"color: #808080;\">15 . <strong>Julia Kent<\/strong> - Terrain - Asperities (Leaf, 2015)<\/span><br \/>\n<span style=\"color: #808080;\">16. <strong>Alvarius B.<\/strong> - Dracula Frizzi - Blood Operatives of the Barium Sunset (Abduction, 2005)<\/span><br \/>\n<span style=\"color: #808080;\">17. <strong>Germ\u00e1n Carrascosa And The Joy Of The Barrio<\/strong> - My Friend Jonah - Satan's Tail (El Nebula Recordings, 2017)<\/span><br \/>\n<span style=\"color: #808080;\">18. <strong>Sonny Sharrock<\/strong> - Black Woman - Black Woman (Vortex, 1969)<\/span><\/p>","protected":false},"excerpt":{"rendered":"<p>Anank\u00e9 Cap\u00edtulo IV Enero 2019 \ufeff 01. \u00c1ine O&#8217;Dwyer &#8211; The Ruling Of Pan &#8211; Music for Church Cleaners Vol. I and II (MIE, 2015) 02. Isards &#8211; La Cova del Myotragus &#8211; Aurea Aetas (Detakon, 2011) 03. Meridian Brothers &#8211; Canci\u00f3n Del Moderno Templario &#8211; El Advenimiento del Castillo Mujer (La Distritofonica, 2006) 04. [&hellip;]<\/p>\n","protected":false},"author":19,"featured_media":0,"parent":0,"menu_order":0,"comment_status":"closed","ping_status":"closed","template":"","meta":{"footnotes":""},"class_list":["post-1379","page","type-page","status-publish","hentry"],"yoast_head":"<!-- This site is optimized with the Yoast SEO plugin v27.4 - https:\/\/yoast.com\/product\/yoast-seo-wordpress\/ -->\n<title>Anank\u00e9 #4 -<\/title>\n<meta name=\"robots\" content=\"index, follow, max-snippet:-1, max-image-preview:large, max-video-preview:-1\" \/>\n<link rel=\"canonical\" href=\"https:\/\/teslafm.net\/en\/ananke-4\/\" \/>\n<meta property=\"og:locale\" content=\"en_US\" \/>\n<meta property=\"og:type\" content=\"article\" \/>\n<meta property=\"og:title\" content=\"Anank\u00e9 #4 -\" \/>\n<meta property=\"og:description\" content=\"Anank\u00e9 Cap\u00edtulo IV Enero 2019 \ufeff 01. \u00c1ine O&#8217;Dwyer &#8211; The Ruling Of Pan &#8211; Music for Church Cleaners Vol. I and II (MIE, 2015) 02. Isards &#8211; La Cova del Myotragus &#8211; Aurea Aetas (Detakon, 2011) 03. Meridian Brothers &#8211; Canci\u00f3n Del Moderno Templario &#8211; El Advenimiento del Castillo Mujer (La Distritofonica, 2006) 04. [&hellip;]\" \/>\n<meta property=\"og:url\" content=\"https:\/\/teslafm.net\/en\/ananke-4\/\" \/>\n<meta property=\"article:publisher\" content=\"https:\/\/www.facebook.com\/teslafm.net\" \/>\n<meta property=\"article:modified_time\" content=\"2021-02-04T10:31:56+00:00\" \/>\n<meta property=\"og:image\" content=\"https:\/\/teslafm.net\/wp-content\/uploads\/2022\/09\/header-image-4-temp.png\" \/>\n\t<meta property=\"og:image:width\" content=\"1274\" \/>\n\t<meta property=\"og:image:height\" content=\"818\" \/>\n\t<meta property=\"og:image:type\" content=\"image\/png\" \/>\n<meta name=\"twitter:card\" content=\"summary_large_image\" \/>\n<meta name=\"twitter:site\" content=\"@teslafm\" \/>\n<meta name=\"twitter:label1\" content=\"Est. reading time\" \/>\n\t<meta name=\"twitter:data1\" content=\"1 minute\" \/>\n<script type=\"application\/ld+json\" class=\"yoast-schema-graph\">{\"@context\":\"https:\\\/\\\/schema.org\",\"@graph\":[{\"@type\":\"WebPage\",\"@id\":\"https:\\\/\\\/teslafm.net\\\/ananke-4\\\/\",\"url\":\"https:\\\/\\\/teslafm.net\\\/ananke-4\\\/\",\"name\":\"Anank\u00e9 #4 -\",\"isPartOf\":{\"@id\":\"https:\\\/\\\/teslafm.net\\\/#website\"},\"datePublished\":\"2019-01-28T07:35:55+00:00\",\"dateModified\":\"2021-02-04T10:31:56+00:00\",\"breadcrumb\":{\"@id\":\"https:\\\/\\\/teslafm.net\\\/ananke-4\\\/#breadcrumb\"},\"inLanguage\":\"en-US\",\"potentialAction\":[{\"@type\":\"ReadAction\",\"target\":[\"https:\\\/\\\/teslafm.net\\\/ananke-4\\\/\"]}]},{\"@type\":\"BreadcrumbList\",\"@id\":\"https:\\\/\\\/teslafm.net\\\/ananke-4\\\/#breadcrumb\",\"itemListElement\":[{\"@type\":\"ListItem\",\"position\":1,\"name\":\"Portada\",\"item\":\"https:\\\/\\\/teslafm.net\\\/\"},{\"@type\":\"ListItem\",\"position\":2,\"name\":\"Anank\u00e9 #4\"}]},{\"@type\":\"WebSite\",\"@id\":\"https:\\\/\\\/teslafm.net\\\/#website\",\"url\":\"https:\\\/\\\/teslafm.net\\\/\",\"name\":\"TeslaFM\",\"description\":\"An experimental and creative radio\",\"publisher\":{\"@id\":\"https:\\\/\\\/teslafm.net\\\/#organization\"},\"potentialAction\":[{\"@type\":\"SearchAction\",\"target\":{\"@type\":\"EntryPoint\",\"urlTemplate\":\"https:\\\/\\\/teslafm.net\\\/?s={search_term_string}\"},\"query-input\":{\"@type\":\"PropertyValueSpecification\",\"valueRequired\":true,\"valueName\":\"search_term_string\"}}],\"inLanguage\":\"en-US\"},{\"@type\":\"Organization\",\"@id\":\"https:\\\/\\\/teslafm.net\\\/#organization\",\"name\":\"TeslaFM\",\"url\":\"https:\\\/\\\/teslafm.net\\\/\",\"logo\":{\"@type\":\"ImageObject\",\"inLanguage\":\"en-US\",\"@id\":\"https:\\\/\\\/teslafm.net\\\/#\\\/schema\\\/logo\\\/image\\\/\",\"url\":\"https:\\\/\\\/teslafm.net\\\/wp-content\\\/uploads\\\/2020\\\/06\\\/logo-tesla.png\",\"contentUrl\":\"https:\\\/\\\/teslafm.net\\\/wp-content\\\/uploads\\\/2020\\\/06\\\/logo-tesla.png\",\"width\":512,\"height\":512,\"caption\":\"TeslaFM\"},\"image\":{\"@id\":\"https:\\\/\\\/teslafm.net\\\/#\\\/schema\\\/logo\\\/image\\\/\"},\"sameAs\":[\"https:\\\/\\\/www.facebook.com\\\/teslafm.net\",\"https:\\\/\\\/x.com\\\/teslafm\"]}]}<\/script>\n<!-- \/ Yoast SEO plugin. -->","yoast_head_json":{"title":"Anank\u00e9 #4 -","robots":{"index":"index","follow":"follow","max-snippet":"max-snippet:-1","max-image-preview":"max-image-preview:large","max-video-preview":"max-video-preview:-1"},"canonical":"https:\/\/teslafm.net\/en\/ananke-4\/","og_locale":"en_US","og_type":"article","og_title":"Anank\u00e9 #4 -","og_description":"Anank\u00e9 Cap\u00edtulo IV Enero 2019 \ufeff 01. \u00c1ine O&#8217;Dwyer &#8211; The Ruling Of Pan &#8211; Music for Church Cleaners Vol. I and II (MIE, 2015) 02. Isards &#8211; La Cova del Myotragus &#8211; Aurea Aetas (Detakon, 2011) 03. Meridian Brothers &#8211; Canci\u00f3n Del Moderno Templario &#8211; El Advenimiento del Castillo Mujer (La Distritofonica, 2006) 04. [&hellip;]","og_url":"https:\/\/teslafm.net\/en\/ananke-4\/","article_publisher":"https:\/\/www.facebook.com\/teslafm.net","article_modified_time":"2021-02-04T10:31:56+00:00","og_image":[{"width":1274,"height":818,"url":"https:\/\/teslafm.net\/wp-content\/uploads\/2022\/09\/header-image-4-temp.png","type":"image\/png"}],"twitter_card":"summary_large_image","twitter_site":"@teslafm","twitter_misc":{"Est. reading time":"1 minute"},"schema":{"@context":"https:\/\/schema.org","@graph":[{"@type":"WebPage","@id":"https:\/\/teslafm.net\/ananke-4\/","url":"https:\/\/teslafm.net\/ananke-4\/","name":"Anank\u00e9 #4 -","isPartOf":{"@id":"https:\/\/teslafm.net\/#website"},"datePublished":"2019-01-28T07:35:55+00:00","dateModified":"2021-02-04T10:31:56+00:00","breadcrumb":{"@id":"https:\/\/teslafm.net\/ananke-4\/#breadcrumb"},"inLanguage":"en-US","potentialAction":[{"@type":"ReadAction","target":["https:\/\/teslafm.net\/ananke-4\/"]}]},{"@type":"BreadcrumbList","@id":"https:\/\/teslafm.net\/ananke-4\/#breadcrumb","itemListElement":[{"@type":"ListItem","position":1,"name":"Portada","item":"https:\/\/teslafm.net\/"},{"@type":"ListItem","position":2,"name":"Anank\u00e9 #4"}]},{"@type":"WebSite","@id":"https:\/\/teslafm.net\/#website","url":"https:\/\/teslafm.net\/","name":"TeslaFM","description":"An experimental and creative radio","publisher":{"@id":"https:\/\/teslafm.net\/#organization"},"potentialAction":[{"@type":"SearchAction","target":{"@type":"EntryPoint","urlTemplate":"https:\/\/teslafm.net\/?s={search_term_string}"},"query-input":{"@type":"PropertyValueSpecification","valueRequired":true,"valueName":"search_term_string"}}],"inLanguage":"en-US"},{"@type":"Organization","@id":"https:\/\/teslafm.net\/#organization","name":"TeslaFM","url":"https:\/\/teslafm.net\/","logo":{"@type":"ImageObject","inLanguage":"en-US","@id":"https:\/\/teslafm.net\/#\/schema\/logo\/image\/","url":"https:\/\/teslafm.net\/wp-content\/uploads\/2020\/06\/logo-tesla.png","contentUrl":"https:\/\/teslafm.net\/wp-content\/uploads\/2020\/06\/logo-tesla.png","width":512,"height":512,"caption":"TeslaFM"},"image":{"@id":"https:\/\/teslafm.net\/#\/schema\/logo\/image\/"},"sameAs":["https:\/\/www.facebook.com\/teslafm.net","https:\/\/x.com\/teslafm"]}]}},"rttpg_featured_image_url":null,"rttpg_author":{"display_name":"Ishak","author_link":"https:\/\/teslafm.net\/en\/author\/cravan\/"},"rttpg_comment":0,"rttpg_category":null,"rttpg_excerpt":"Anank\u00e9 Cap\u00edtulo IV Enero 2019 \ufeff 01. \u00c1ine O&#8217;Dwyer &#8211; The Ruling Of Pan &#8211; Music for Church Cleaners Vol. I and II (MIE, 2015) 02. Isards &#8211; La Cova del Myotragus &#8211; Aurea Aetas (Detakon, 2011) 03. Meridian Brothers &#8211; Canci\u00f3n Del Moderno Templario &#8211; El Advenimiento del Castillo Mujer (La Distritofonica, 2006) 04.&hellip;","_links":{"self":[{"href":"https:\/\/teslafm.net\/en\/wp-json\/wp\/v2\/pages\/1379","targetHints":{"allow":["GET"]}}],"collection":[{"href":"https:\/\/teslafm.net\/en\/wp-json\/wp\/v2\/pages"}],"about":[{"href":"https:\/\/teslafm.net\/en\/wp-json\/wp\/v2\/types\/page"}],"author":[{"embeddable":true,"href":"https:\/\/teslafm.net\/en\/wp-json\/wp\/v2\/users\/19"}],"replies":[{"embeddable":true,"href":"https:\/\/teslafm.net\/en\/wp-json\/wp\/v2\/comments?post=1379"}],"version-history":[{"count":11,"href":"https:\/\/teslafm.net\/en\/wp-json\/wp\/v2\/pages\/1379\/revisions"}],"predecessor-version":[{"id":56675,"href":"https:\/\/teslafm.net\/en\/wp-json\/wp\/v2\/pages\/1379\/revisions\/56675"}],"wp:attachment":[{"href":"https:\/\/teslafm.net\/en\/wp-json\/wp\/v2\/media?parent=1379"}],"curies":[{"name":"wp","href":"https:\/\/api.w.org\/{rel}","templated":true}]}}