

{"id":1504,"date":"2019-02-06T09:10:43","date_gmt":"2019-02-06T08:10:43","guid":{"rendered":"https:\/\/teslafm.net\/?page_id=1504"},"modified":"2020-10-02T22:44:48","modified_gmt":"2020-10-02T20:44:48","slug":"el-velo-de-isis-5","status":"publish","type":"page","link":"https:\/\/teslafm.net\/en\/el-velo-de-isis-5\/","title":{"rendered":"The Veil of Isis #5"},"content":{"rendered":"<div data-elementor-type=\"wp-page\" data-elementor-id=\"1504\" class=\"elementor elementor-1504\">\n\t\t\t\t\t\t<section class=\"elementor-section elementor-top-section elementor-element elementor-element-5c659b27 elementor-section-boxed elementor-section-height-default elementor-section-height-default\" data-id=\"5c659b27\" data-element_type=\"section\" data-e-type=\"section\">\n\t\t\t\t\t\t<div class=\"elementor-container elementor-column-gap-default\">\n\t\t\t\t\t<div class=\"elementor-column elementor-col-100 elementor-top-column elementor-element elementor-element-1e8c8111\" data-id=\"1e8c8111\" data-element_type=\"column\" data-e-type=\"column\">\n\t\t\t<div class=\"elementor-widget-wrap elementor-element-populated\">\n\t\t\t\t\t\t<div class=\"elementor-element elementor-element-6d8d5416 elementor-widget elementor-widget-text-editor\" data-id=\"6d8d5416\" data-element_type=\"widget\" data-e-type=\"widget\" data-widget_type=\"text-editor.default\">\n\t\t\t\t<div class=\"elementor-widget-container\">\n\t\t\t\t\t\t\t\t\t<h1><span style=\"color: #ffffff;\"><strong>The Veil of Isis #5<\/strong><\/span><\/h1>\n<p><span style=\"color: #808080;\"><em>Camille Claudel<\/em><\/span><\/p>\n<h2><iframe src=\"https:\/\/www.mixcloud.com\/widget\/iframe\/?hide_cover=1&amp;feed=%2FTeslafm_net%2Fel-velo-de-isis-5-shak-benavides%2F\" width=\"100%\" height=\"120\" frameborder=\"0\"><\/iframe><\/h2>\n<div class=\"mod\" lang=\"es-ES\" data-md=\"50\" data-hveid=\"CAYQAA\" data-ved=\"2ahUKEwirvoq80abgAhV18eAKHShfCm0QkCkwEnoECAYQAA\">\n<div class=\"hb8SAc kno-fb-ctx\" data-hveid=\"CAYQAQ\" data-ved=\"2ahUKEwirvoq80abgAhV18eAKHShfCm0QziAoADASegQIBhAB\">\n<div class=\"r-imqJjdEFkwd0\">\n<div class=\"kno-rdesc r-ivJmoVoE8igA\" data-rtid=\"ivJmoVoE8igA\">\n<div class=\"zloOqf kno-fb-ctx\" data-ved=\"2ahUKEwirvoq80abgAhV18eAKHShfCm0QyxMoADAVegQIBhAJ\"><span style=\"color: #808080;\"><em>Camille Anastacia Kendall Maria Nicola Claudel<\/em> (<span class=\"LrzXr kno-fv\">December 8, 1864, F\u00e8re-en-Tardenois, France<\/span> - <span class=\"LrzXr kno-fv\">October 19, 1943, Montfavet, Avignon, France).<\/span><\/span><\/div>\n<\/div>\n<\/div>\n<\/div>\n<\/div>\n<p><span style=\"color: #808080;\"><strong>Camille Claudel,<\/strong> always in the shadow of his mentor and lover <strong>Auguste Rodi<\/strong><strong>n.<\/strong> However, <strong>his talent was equivalent,<\/strong> And there are even those who claim that the sculptor helped shape some of the great works of the master (not to say that he stole them directly). <\/span><span style=\"color: #808080;\">What is certain is that if Claudel had been born a man, her recognition would have been different.<\/span><\/p>\n<p><span style=\"color: #808080;\"><b>Camille Claudel<\/b> was born a sculptor. From a very young age she enjoyed molding clay and her ability to reflect in that material the faces of her loved ones was already evident. A game that lasted until she grew up and that did not please her family at all, who saw her as a future wife, mother and <i>\"home artist\"<\/i>.<\/span><\/p>\n<p><span style=\"color: #808080;\">At the age of 17, she was admitted to a <b>Academy of Art<\/b> Parisian and suddenly, <b>Auguste Rodin<\/b> became aware of the young woman's artistic talent, entering his life like an earthquake. From student of the already legendary sculptor, she would become his muse, and from there his lover.<\/span><\/p>\n<p><span style=\"color: #808080;\">The talent of <strong>Claudel<\/strong> was evident, but the envy and machismo of the time made her the object of unfortunate comments that questioned her artistic ability. The shadow of <strong>Rodin<\/strong> was too long and the artist began to have a love\/hate relationship. She loved the master with all her soul, but she also hated him for receiving all the public recognition, constant commissions and praise. She was his simple pupil and lover.<\/span><\/p>\n<p><span style=\"color: #808080;\"><strong>Claudel<\/strong> finally abandoned <strong>Rodin<\/strong> (who had no intention of leaving his wife) and would end up going crazy... Or so they say. Recent biographies speak of manipulations and mistreatment by her entourage, and she was even forced to enter a sordid psychiatric hospital with the official diagnosis of \"mental illness\".<em>persecutory anxiety and delusions of grandeur\".<\/em><\/span><\/p>\n<p><span style=\"color: #808080;\">In all, 30 years of unjust confinement in a sordid place where he was denied visitors and where he died without doing a single work.<\/span><\/p>\n<p><span style=\"color: #808080;\">Even so, the sculptor left a work of art of <strong>overwhelming talent.<\/strong> His naturalism had traits of <strong>impressionism<\/strong> and <strong>symbolism, always looking for emotion<\/strong> which translates into a <strong>exquisite drama<\/strong> thanks to a perfect mastery of the techniques and to its enormous <strong>sensitivity.<\/strong><\/span><\/p>\n<p><span style=\"color: #808080;\">Thanks to it, it was demonstrated that <strong>it is possible to sculpt emotion.<\/strong><\/span><\/p>\t\t\t\t\t\t\t\t<\/div>\n\t\t\t\t<\/div>\n\t\t\t\t\t<\/div>\n\t\t<\/div>\n\t\t\t\t\t<\/div>\n\t\t<\/section>\n\t\t\t\t<section class=\"elementor-section elementor-top-section elementor-element elementor-element-63f551a elementor-section-boxed elementor-section-height-default elementor-section-height-default\" data-id=\"63f551a\" data-element_type=\"section\" data-e-type=\"section\">\n\t\t\t\t\t\t<div class=\"elementor-container elementor-column-gap-default\">\n\t\t\t\t\t<div class=\"elementor-column elementor-col-100 elementor-top-column elementor-element elementor-element-402940e\" data-id=\"402940e\" data-element_type=\"column\" data-e-type=\"column\">\n\t\t\t<div class=\"elementor-widget-wrap elementor-element-populated\">\n\t\t\t\t\t\t<div class=\"elementor-element elementor-element-7f69c2b elementor-widget elementor-widget-gallery\" data-id=\"7f69c2b\" data-element_type=\"widget\" data-e-type=\"widget\" data-settings=\"{&quot;columns&quot;:2,&quot;aspect_ratio&quot;:&quot;4:3&quot;,&quot;gallery_layout&quot;:&quot;grid&quot;,&quot;columns_tablet&quot;:2,&quot;columns_mobile&quot;:1,&quot;gap&quot;:{&quot;unit&quot;:&quot;px&quot;,&quot;size&quot;:10,&quot;sizes&quot;:[]},&quot;gap_tablet&quot;:{&quot;unit&quot;:&quot;px&quot;,&quot;size&quot;:10,&quot;sizes&quot;:[]},&quot;gap_mobile&quot;:{&quot;unit&quot;:&quot;px&quot;,&quot;size&quot;:10,&quot;sizes&quot;:[]},&quot;link_to&quot;:&quot;file&quot;,&quot;overlay_background&quot;:&quot;yes&quot;,&quot;content_hover_animation&quot;:&quot;fade-in&quot;}\" data-widget_type=\"gallery.default\">\n\t\t\t\t<div class=\"elementor-widget-container\">\n\t\t\t\t\t\t\t<div class=\"elementor-gallery__container\">\n\t\t\t\t\t\t\t<a class=\"e-gallery-item elementor-gallery-item elementor-animated-content\" href=\"https:\/\/teslafm.net\/wp-content\/uploads\/2019\/02\/camille-claudel-retrato-424x510.jpg\" data-elementor-open-lightbox=\"yes\" data-elementor-lightbox-slideshow=\"all-7f69c2b\" data-elementor-lightbox-title=\"camille-claudel-retrato-424x510\" data-e-action-hash=\"#elementor-action%3Aaction%3Dlightbox%26settings%3DeyJpZCI6MTUwNiwidXJsIjoiaHR0cHM6XC9cL3Rlc2xhZm0ubmV0XC93cC1jb250ZW50XC91cGxvYWRzXC8yMDE5XC8wMlwvY2FtaWxsZS1jbGF1ZGVsLXJldHJhdG8tNDI0eDUxMC5qcGciLCJzbGlkZXNob3ciOiJhbGwtN2Y2OWMyYiJ9\">\n\t\t\t\t\t<div class=\"e-gallery-image elementor-gallery-item__image\" data-thumbnail=\"https:\/\/teslafm.net\/wp-content\/uploads\/2019\/02\/camille-claudel-retrato-424x510.jpg\" data-width=\"424\" data-height=\"510\" alt=\"\" ><\/div>\n\t\t\t\t\t\t\t\t\t\t\t<div class=\"elementor-gallery-item__overlay\"><\/div>\n\t\t\t\t\t\t\t\t\t\t\t\t\t\t<\/a>\n\t\t\t\t\t\t\t<a class=\"e-gallery-item elementor-gallery-item elementor-animated-content\" href=\"https:\/\/teslafm.net\/wp-content\/uploads\/2019\/02\/1889-La-edad-madura-Museo-de-Orsay.jpg\" data-elementor-open-lightbox=\"yes\" data-elementor-lightbox-slideshow=\"all-7f69c2b\" data-elementor-lightbox-title=\"(1889) La edad madura (Museo de Orsay)\" data-e-action-hash=\"#elementor-action%3Aaction%3Dlightbox%26settings%3DeyJpZCI6MTUwOSwidXJsIjoiaHR0cHM6XC9cL3Rlc2xhZm0ubmV0XC93cC1jb250ZW50XC91cGxvYWRzXC8yMDE5XC8wMlwvMTg4OS1MYS1lZGFkLW1hZHVyYS1NdXNlby1kZS1PcnNheS5qcGciLCJzbGlkZXNob3ciOiJhbGwtN2Y2OWMyYiJ9\">\n\t\t\t\t\t<div class=\"e-gallery-image elementor-gallery-item__image\" data-thumbnail=\"https:\/\/teslafm.net\/wp-content\/uploads\/2019\/02\/1889-La-edad-madura-Museo-de-Orsay.jpg\" data-width=\"400\" data-height=\"329\" alt=\"\" ><\/div>\n\t\t\t\t\t\t\t\t\t\t\t<div class=\"elementor-gallery-item__overlay\"><\/div>\n\t\t\t\t\t\t\t\t\t\t\t\t\t\t<\/a>\n\t\t\t\t\t<\/div>\n\t\t\t\t\t<\/div>\n\t\t\t\t<\/div>\n\t\t\t\t\t<\/div>\n\t\t<\/div>\n\t\t\t\t\t<\/div>\n\t\t<\/section>\n\t\t\t\t<\/div>","protected":false},"excerpt":{"rendered":"<p>El Velo de Isis #5 Camille Claudel Camille Anastacia Kendall Maria Nicola Claudel (8 de diciembre de 1864, F\u00e8re-en-Tardenois, Francia &#8211; 19 de octubre de 1943, Montfavet, Avi\u00f1\u00f3n, Francia). Camille Claudel, siempre a la sombra de su mentor y amante Auguste Rodin. Sin embargo, su talento fue equivalente, e incluso hay quien afirma que la [&hellip;]<\/p>\n","protected":false},"author":19,"featured_media":0,"parent":0,"menu_order":0,"comment_status":"closed","ping_status":"closed","template":"","meta":{"footnotes":""},"class_list":["post-1504","page","type-page","status-publish","hentry"],"yoast_head":"<!-- This site is optimized with the Yoast SEO plugin v27.2 - https:\/\/yoast.com\/product\/yoast-seo-wordpress\/ -->\n<title>El Velo de Isis #5 -<\/title>\n<meta name=\"robots\" content=\"index, follow, max-snippet:-1, max-image-preview:large, max-video-preview:-1\" \/>\n<link rel=\"canonical\" href=\"https:\/\/teslafm.net\/en\/el-velo-de-isis-5\/\" \/>\n<meta property=\"og:locale\" content=\"en_US\" \/>\n<meta property=\"og:type\" content=\"article\" \/>\n<meta property=\"og:title\" content=\"El Velo de Isis #5 -\" \/>\n<meta property=\"og:description\" content=\"El Velo de Isis #5 Camille Claudel Camille Anastacia Kendall Maria Nicola Claudel (8 de diciembre de 1864, F\u00e8re-en-Tardenois, Francia &#8211; 19 de octubre de 1943, Montfavet, Avi\u00f1\u00f3n, Francia). Camille Claudel, siempre a la sombra de su mentor y amante Auguste Rodin. Sin embargo, su talento fue equivalente, e incluso hay quien afirma que la [&hellip;]\" \/>\n<meta property=\"og:url\" content=\"https:\/\/teslafm.net\/en\/el-velo-de-isis-5\/\" \/>\n<meta property=\"article:publisher\" content=\"https:\/\/www.facebook.com\/teslafm.net\" \/>\n<meta property=\"article:modified_time\" content=\"2020-10-02T20:44:48+00:00\" \/>\n<meta property=\"og:image\" content=\"https:\/\/teslafm.net\/wp-content\/uploads\/2022\/09\/header-image-4-temp.png\" \/>\n\t<meta property=\"og:image:width\" content=\"1274\" \/>\n\t<meta property=\"og:image:height\" content=\"818\" \/>\n\t<meta property=\"og:image:type\" content=\"image\/png\" \/>\n<meta name=\"twitter:card\" content=\"summary_large_image\" \/>\n<meta name=\"twitter:site\" content=\"@teslafm\" \/>\n<meta name=\"twitter:label1\" content=\"Est. reading time\" \/>\n\t<meta name=\"twitter:data1\" content=\"2 minutes\" \/>\n<script type=\"application\/ld+json\" class=\"yoast-schema-graph\">{\"@context\":\"https:\/\/schema.org\",\"@graph\":[{\"@type\":\"WebPage\",\"@id\":\"https:\/\/teslafm.net\/el-velo-de-isis-5\/\",\"url\":\"https:\/\/teslafm.net\/el-velo-de-isis-5\/\",\"name\":\"El Velo de Isis #5 -\",\"isPartOf\":{\"@id\":\"https:\/\/teslafm.net\/#website\"},\"datePublished\":\"2019-02-06T08:10:43+00:00\",\"dateModified\":\"2020-10-02T20:44:48+00:00\",\"breadcrumb\":{\"@id\":\"https:\/\/teslafm.net\/el-velo-de-isis-5\/#breadcrumb\"},\"inLanguage\":\"en-US\",\"potentialAction\":[{\"@type\":\"ReadAction\",\"target\":[\"https:\/\/teslafm.net\/el-velo-de-isis-5\/\"]}]},{\"@type\":\"BreadcrumbList\",\"@id\":\"https:\/\/teslafm.net\/el-velo-de-isis-5\/#breadcrumb\",\"itemListElement\":[{\"@type\":\"ListItem\",\"position\":1,\"name\":\"Portada\",\"item\":\"https:\/\/teslafm.net\/\"},{\"@type\":\"ListItem\",\"position\":2,\"name\":\"El Velo de Isis #5\"}]},{\"@type\":\"WebSite\",\"@id\":\"https:\/\/teslafm.net\/#website\",\"url\":\"https:\/\/teslafm.net\/\",\"name\":\"TeslaFM\",\"description\":\"An experimental and creative radio\",\"publisher\":{\"@id\":\"https:\/\/teslafm.net\/#organization\"},\"potentialAction\":[{\"@type\":\"SearchAction\",\"target\":{\"@type\":\"EntryPoint\",\"urlTemplate\":\"https:\/\/teslafm.net\/?s={search_term_string}\"},\"query-input\":{\"@type\":\"PropertyValueSpecification\",\"valueRequired\":true,\"valueName\":\"search_term_string\"}}],\"inLanguage\":\"en-US\"},{\"@type\":\"Organization\",\"@id\":\"https:\/\/teslafm.net\/#organization\",\"name\":\"TeslaFM\",\"url\":\"https:\/\/teslafm.net\/\",\"logo\":{\"@type\":\"ImageObject\",\"inLanguage\":\"en-US\",\"@id\":\"https:\/\/teslafm.net\/#\/schema\/logo\/image\/\",\"url\":\"https:\/\/teslafm.net\/wp-content\/uploads\/2020\/06\/logo-tesla.png\",\"contentUrl\":\"https:\/\/teslafm.net\/wp-content\/uploads\/2020\/06\/logo-tesla.png\",\"width\":512,\"height\":512,\"caption\":\"TeslaFM\"},\"image\":{\"@id\":\"https:\/\/teslafm.net\/#\/schema\/logo\/image\/\"},\"sameAs\":[\"https:\/\/www.facebook.com\/teslafm.net\",\"https:\/\/x.com\/teslafm\"]}]}<\/script>\n<!-- \/ Yoast SEO plugin. -->","yoast_head_json":{"title":"The Veil of Isis #5 -","robots":{"index":"index","follow":"follow","max-snippet":"max-snippet:-1","max-image-preview":"max-image-preview:large","max-video-preview":"max-video-preview:-1"},"canonical":"https:\/\/teslafm.net\/en\/el-velo-de-isis-5\/","og_locale":"en_US","og_type":"article","og_title":"El Velo de Isis #5 -","og_description":"El Velo de Isis #5 Camille Claudel Camille Anastacia Kendall Maria Nicola Claudel (8 de diciembre de 1864, F\u00e8re-en-Tardenois, Francia &#8211; 19 de octubre de 1943, Montfavet, Avi\u00f1\u00f3n, Francia). Camille Claudel, siempre a la sombra de su mentor y amante Auguste Rodin. Sin embargo, su talento fue equivalente, e incluso hay quien afirma que la [&hellip;]","og_url":"https:\/\/teslafm.net\/en\/el-velo-de-isis-5\/","article_publisher":"https:\/\/www.facebook.com\/teslafm.net","article_modified_time":"2020-10-02T20:44:48+00:00","og_image":[{"width":1274,"height":818,"url":"https:\/\/teslafm.net\/wp-content\/uploads\/2022\/09\/header-image-4-temp.png","type":"image\/png"}],"twitter_card":"summary_large_image","twitter_site":"@teslafm","twitter_misc":{"Est. reading time":"2 minutes"},"schema":{"@context":"https:\/\/schema.org","@graph":[{"@type":"WebPage","@id":"https:\/\/teslafm.net\/el-velo-de-isis-5\/","url":"https:\/\/teslafm.net\/el-velo-de-isis-5\/","name":"The Veil of Isis #5 -","isPartOf":{"@id":"https:\/\/teslafm.net\/#website"},"datePublished":"2019-02-06T08:10:43+00:00","dateModified":"2020-10-02T20:44:48+00:00","breadcrumb":{"@id":"https:\/\/teslafm.net\/el-velo-de-isis-5\/#breadcrumb"},"inLanguage":"en-US","potentialAction":[{"@type":"ReadAction","target":["https:\/\/teslafm.net\/el-velo-de-isis-5\/"]}]},{"@type":"BreadcrumbList","@id":"https:\/\/teslafm.net\/el-velo-de-isis-5\/#breadcrumb","itemListElement":[{"@type":"ListItem","position":1,"name":"Portada","item":"https:\/\/teslafm.net\/"},{"@type":"ListItem","position":2,"name":"El Velo de Isis #5"}]},{"@type":"WebSite","@id":"https:\/\/teslafm.net\/#website","url":"https:\/\/teslafm.net\/","name":"TeslaFM","description":"An experimental and creative radio","publisher":{"@id":"https:\/\/teslafm.net\/#organization"},"potentialAction":[{"@type":"SearchAction","target":{"@type":"EntryPoint","urlTemplate":"https:\/\/teslafm.net\/?s={search_term_string}"},"query-input":{"@type":"PropertyValueSpecification","valueRequired":true,"valueName":"search_term_string"}}],"inLanguage":"en-US"},{"@type":"Organization","@id":"https:\/\/teslafm.net\/#organization","name":"TeslaFM","url":"https:\/\/teslafm.net\/","logo":{"@type":"ImageObject","inLanguage":"en-US","@id":"https:\/\/teslafm.net\/#\/schema\/logo\/image\/","url":"https:\/\/teslafm.net\/wp-content\/uploads\/2020\/06\/logo-tesla.png","contentUrl":"https:\/\/teslafm.net\/wp-content\/uploads\/2020\/06\/logo-tesla.png","width":512,"height":512,"caption":"TeslaFM"},"image":{"@id":"https:\/\/teslafm.net\/#\/schema\/logo\/image\/"},"sameAs":["https:\/\/www.facebook.com\/teslafm.net","https:\/\/x.com\/teslafm"]}]}},"rttpg_featured_image_url":null,"rttpg_author":{"display_name":"Ishak","author_link":"https:\/\/teslafm.net\/en\/author\/cravan\/"},"rttpg_comment":0,"rttpg_category":null,"rttpg_excerpt":"El Velo de Isis #5 Camille Claudel Camille Anastacia Kendall Maria Nicola Claudel (8 de diciembre de 1864, F\u00e8re-en-Tardenois, Francia &#8211; 19 de octubre de 1943, Montfavet, Avi\u00f1\u00f3n, Francia). Camille Claudel, siempre a la sombra de su mentor y amante Auguste Rodin. Sin embargo, su talento fue equivalente, e incluso hay quien afirma que la&hellip;","_links":{"self":[{"href":"https:\/\/teslafm.net\/en\/wp-json\/wp\/v2\/pages\/1504","targetHints":{"allow":["GET"]}}],"collection":[{"href":"https:\/\/teslafm.net\/en\/wp-json\/wp\/v2\/pages"}],"about":[{"href":"https:\/\/teslafm.net\/en\/wp-json\/wp\/v2\/types\/page"}],"author":[{"embeddable":true,"href":"https:\/\/teslafm.net\/en\/wp-json\/wp\/v2\/users\/19"}],"replies":[{"embeddable":true,"href":"https:\/\/teslafm.net\/en\/wp-json\/wp\/v2\/comments?post=1504"}],"version-history":[{"count":12,"href":"https:\/\/teslafm.net\/en\/wp-json\/wp\/v2\/pages\/1504\/revisions"}],"predecessor-version":[{"id":55020,"href":"https:\/\/teslafm.net\/en\/wp-json\/wp\/v2\/pages\/1504\/revisions\/55020"}],"wp:attachment":[{"href":"https:\/\/teslafm.net\/en\/wp-json\/wp\/v2\/media?parent=1504"}],"curies":[{"name":"wp","href":"https:\/\/api.w.org\/{rel}","templated":true}]}}