

{"id":1542,"date":"2019-02-08T23:12:58","date_gmt":"2019-02-08T22:12:58","guid":{"rendered":"https:\/\/teslafm.net\/?page_id=1542"},"modified":"2020-05-21T15:05:59","modified_gmt":"2020-05-21T13:05:59","slug":"escuela-cinica-3","status":"publish","type":"page","link":"https:\/\/teslafm.net\/en\/escuela-cinica-3\/","title":{"rendered":"School of Cynics #3"},"content":{"rendered":"<h2><span style=\"color: #ffffff;\"><strong>School of Cynics #3<\/strong><\/span><\/h2>\n<p><span style=\"color: #808080;\"><em>Disobedient Bodies, Chris Carter, Bi-cephalic Heart, Geometric Splendor<\/em><\/span><\/p>\n<p><iframe src=\"https:\/\/www.mixcloud.com\/widget\/iframe\/?hide_cover=1&amp;feed=%2FTeslafm_net%2Fescuela-c%C3%ADnica-3-stahlfabrik%2F\" width=\"100%\" height=\"120\" frameborder=\"0\"><\/iframe><\/p>\n<p><img fetchpriority=\"high\" decoding=\"async\" class=\"alignnone wp-image-4208 size-full\" src=\"http:\/\/teslafm.net\/wp-content\/uploads\/2020\/01\/CARTEL-PROGRAMA-3-1.jpg\" alt=\"\" width=\"1000\" height=\"652\" srcset=\"https:\/\/teslafm.net\/wp-content\/uploads\/2020\/01\/CARTEL-PROGRAMA-3-1.jpg 1000w, https:\/\/teslafm.net\/wp-content\/uploads\/2020\/01\/CARTEL-PROGRAMA-3-1-300x196.jpg 300w, https:\/\/teslafm.net\/wp-content\/uploads\/2020\/01\/CARTEL-PROGRAMA-3-1-768x501.jpg 768w, https:\/\/teslafm.net\/wp-content\/uploads\/2020\/01\/CARTEL-PROGRAMA-3-1-600x391.jpg 600w\" sizes=\"(max-width: 1000px) 100vw, 1000px\" \/><\/p>","protected":false},"excerpt":{"rendered":"<p>Cynical School #3 Disobedient Bodies, Chris Carter, Two-Headed Heart, Geometric Splendor<\/p>","protected":false},"author":19,"featured_media":0,"parent":0,"menu_order":0,"comment_status":"closed","ping_status":"closed","template":"","meta":{"footnotes":""},"class_list":["post-1542","page","type-page","status-publish","hentry"],"yoast_head":"<!-- This site is optimized with the Yoast SEO plugin v27.4 - https:\/\/yoast.com\/product\/yoast-seo-wordpress\/ -->\n<title>Escuela C\u00ednica #3 -<\/title>\n<meta name=\"robots\" content=\"index, follow, max-snippet:-1, max-image-preview:large, max-video-preview:-1\" \/>\n<link rel=\"canonical\" href=\"https:\/\/teslafm.net\/en\/escuela-cinica-3\/\" \/>\n<meta property=\"og:locale\" content=\"en_US\" \/>\n<meta property=\"og:type\" content=\"article\" \/>\n<meta property=\"og:title\" content=\"Escuela C\u00ednica #3 -\" \/>\n<meta property=\"og:description\" content=\"Escuela C\u00ednica #3 Cuerpos Desobedientes, Chris Carter, Coraz\u00f3n Bic\u00e9falo, Esplendor Geom\u00e9trico\" \/>\n<meta property=\"og:url\" content=\"https:\/\/teslafm.net\/en\/escuela-cinica-3\/\" \/>\n<meta property=\"article:publisher\" content=\"https:\/\/www.facebook.com\/teslafm.net\" \/>\n<meta property=\"article:modified_time\" content=\"2020-05-21T13:05:59+00:00\" \/>\n<meta property=\"og:image\" content=\"http:\/\/teslafm.net\/wp-content\/uploads\/2020\/01\/CARTEL-PROGRAMA-3-1.jpg\" \/>\n<meta name=\"twitter:card\" content=\"summary_large_image\" \/>\n<meta name=\"twitter:site\" content=\"@teslafm\" \/>\n<script type=\"application\/ld+json\" class=\"yoast-schema-graph\">{\"@context\":\"https:\\\/\\\/schema.org\",\"@graph\":[{\"@type\":\"WebPage\",\"@id\":\"https:\\\/\\\/teslafm.net\\\/escuela-cinica-3\\\/\",\"url\":\"https:\\\/\\\/teslafm.net\\\/escuela-cinica-3\\\/\",\"name\":\"Escuela C\u00ednica #3 -\",\"isPartOf\":{\"@id\":\"https:\\\/\\\/teslafm.net\\\/#website\"},\"primaryImageOfPage\":{\"@id\":\"https:\\\/\\\/teslafm.net\\\/escuela-cinica-3\\\/#primaryimage\"},\"image\":{\"@id\":\"https:\\\/\\\/teslafm.net\\\/escuela-cinica-3\\\/#primaryimage\"},\"thumbnailUrl\":\"http:\\\/\\\/teslafm.net\\\/wp-content\\\/uploads\\\/2020\\\/01\\\/CARTEL-PROGRAMA-3-1.jpg\",\"datePublished\":\"2019-02-08T22:12:58+00:00\",\"dateModified\":\"2020-05-21T13:05:59+00:00\",\"breadcrumb\":{\"@id\":\"https:\\\/\\\/teslafm.net\\\/escuela-cinica-3\\\/#breadcrumb\"},\"inLanguage\":\"en-US\",\"potentialAction\":[{\"@type\":\"ReadAction\",\"target\":[\"https:\\\/\\\/teslafm.net\\\/escuela-cinica-3\\\/\"]}]},{\"@type\":\"ImageObject\",\"inLanguage\":\"en-US\",\"@id\":\"https:\\\/\\\/teslafm.net\\\/escuela-cinica-3\\\/#primaryimage\",\"url\":\"http:\\\/\\\/teslafm.net\\\/wp-content\\\/uploads\\\/2020\\\/01\\\/CARTEL-PROGRAMA-3-1.jpg\",\"contentUrl\":\"http:\\\/\\\/teslafm.net\\\/wp-content\\\/uploads\\\/2020\\\/01\\\/CARTEL-PROGRAMA-3-1.jpg\"},{\"@type\":\"BreadcrumbList\",\"@id\":\"https:\\\/\\\/teslafm.net\\\/escuela-cinica-3\\\/#breadcrumb\",\"itemListElement\":[{\"@type\":\"ListItem\",\"position\":1,\"name\":\"Portada\",\"item\":\"https:\\\/\\\/teslafm.net\\\/\"},{\"@type\":\"ListItem\",\"position\":2,\"name\":\"Escuela C\u00ednica #3\"}]},{\"@type\":\"WebSite\",\"@id\":\"https:\\\/\\\/teslafm.net\\\/#website\",\"url\":\"https:\\\/\\\/teslafm.net\\\/\",\"name\":\"TeslaFM\",\"description\":\"An experimental and creative radio\",\"publisher\":{\"@id\":\"https:\\\/\\\/teslafm.net\\\/#organization\"},\"potentialAction\":[{\"@type\":\"SearchAction\",\"target\":{\"@type\":\"EntryPoint\",\"urlTemplate\":\"https:\\\/\\\/teslafm.net\\\/?s={search_term_string}\"},\"query-input\":{\"@type\":\"PropertyValueSpecification\",\"valueRequired\":true,\"valueName\":\"search_term_string\"}}],\"inLanguage\":\"en-US\"},{\"@type\":\"Organization\",\"@id\":\"https:\\\/\\\/teslafm.net\\\/#organization\",\"name\":\"TeslaFM\",\"url\":\"https:\\\/\\\/teslafm.net\\\/\",\"logo\":{\"@type\":\"ImageObject\",\"inLanguage\":\"en-US\",\"@id\":\"https:\\\/\\\/teslafm.net\\\/#\\\/schema\\\/logo\\\/image\\\/\",\"url\":\"https:\\\/\\\/teslafm.net\\\/wp-content\\\/uploads\\\/2020\\\/06\\\/logo-tesla.png\",\"contentUrl\":\"https:\\\/\\\/teslafm.net\\\/wp-content\\\/uploads\\\/2020\\\/06\\\/logo-tesla.png\",\"width\":512,\"height\":512,\"caption\":\"TeslaFM\"},\"image\":{\"@id\":\"https:\\\/\\\/teslafm.net\\\/#\\\/schema\\\/logo\\\/image\\\/\"},\"sameAs\":[\"https:\\\/\\\/www.facebook.com\\\/teslafm.net\",\"https:\\\/\\\/x.com\\\/teslafm\"]}]}<\/script>\n<!-- \/ Yoast SEO plugin. -->","yoast_head_json":{"title":"Escuela C\u00ednica #3 -","robots":{"index":"index","follow":"follow","max-snippet":"max-snippet:-1","max-image-preview":"max-image-preview:large","max-video-preview":"max-video-preview:-1"},"canonical":"https:\/\/teslafm.net\/en\/escuela-cinica-3\/","og_locale":"en_US","og_type":"article","og_title":"Escuela C\u00ednica #3 -","og_description":"Escuela C\u00ednica #3 Cuerpos Desobedientes, Chris Carter, Coraz\u00f3n Bic\u00e9falo, Esplendor Geom\u00e9trico","og_url":"https:\/\/teslafm.net\/en\/escuela-cinica-3\/","article_publisher":"https:\/\/www.facebook.com\/teslafm.net","article_modified_time":"2020-05-21T13:05:59+00:00","og_image":[{"url":"http:\/\/teslafm.net\/wp-content\/uploads\/2020\/01\/CARTEL-PROGRAMA-3-1.jpg","type":"","width":"","height":""}],"twitter_card":"summary_large_image","twitter_site":"@teslafm","schema":{"@context":"https:\/\/schema.org","@graph":[{"@type":"WebPage","@id":"https:\/\/teslafm.net\/escuela-cinica-3\/","url":"https:\/\/teslafm.net\/escuela-cinica-3\/","name":"Escuela C\u00ednica #3 -","isPartOf":{"@id":"https:\/\/teslafm.net\/#website"},"primaryImageOfPage":{"@id":"https:\/\/teslafm.net\/escuela-cinica-3\/#primaryimage"},"image":{"@id":"https:\/\/teslafm.net\/escuela-cinica-3\/#primaryimage"},"thumbnailUrl":"http:\/\/teslafm.net\/wp-content\/uploads\/2020\/01\/CARTEL-PROGRAMA-3-1.jpg","datePublished":"2019-02-08T22:12:58+00:00","dateModified":"2020-05-21T13:05:59+00:00","breadcrumb":{"@id":"https:\/\/teslafm.net\/escuela-cinica-3\/#breadcrumb"},"inLanguage":"en-US","potentialAction":[{"@type":"ReadAction","target":["https:\/\/teslafm.net\/escuela-cinica-3\/"]}]},{"@type":"ImageObject","inLanguage":"en-US","@id":"https:\/\/teslafm.net\/escuela-cinica-3\/#primaryimage","url":"http:\/\/teslafm.net\/wp-content\/uploads\/2020\/01\/CARTEL-PROGRAMA-3-1.jpg","contentUrl":"http:\/\/teslafm.net\/wp-content\/uploads\/2020\/01\/CARTEL-PROGRAMA-3-1.jpg"},{"@type":"BreadcrumbList","@id":"https:\/\/teslafm.net\/escuela-cinica-3\/#breadcrumb","itemListElement":[{"@type":"ListItem","position":1,"name":"Portada","item":"https:\/\/teslafm.net\/"},{"@type":"ListItem","position":2,"name":"Escuela C\u00ednica #3"}]},{"@type":"WebSite","@id":"https:\/\/teslafm.net\/#website","url":"https:\/\/teslafm.net\/","name":"TeslaFM","description":"An experimental and creative radio","publisher":{"@id":"https:\/\/teslafm.net\/#organization"},"potentialAction":[{"@type":"SearchAction","target":{"@type":"EntryPoint","urlTemplate":"https:\/\/teslafm.net\/?s={search_term_string}"},"query-input":{"@type":"PropertyValueSpecification","valueRequired":true,"valueName":"search_term_string"}}],"inLanguage":"en-US"},{"@type":"Organization","@id":"https:\/\/teslafm.net\/#organization","name":"TeslaFM","url":"https:\/\/teslafm.net\/","logo":{"@type":"ImageObject","inLanguage":"en-US","@id":"https:\/\/teslafm.net\/#\/schema\/logo\/image\/","url":"https:\/\/teslafm.net\/wp-content\/uploads\/2020\/06\/logo-tesla.png","contentUrl":"https:\/\/teslafm.net\/wp-content\/uploads\/2020\/06\/logo-tesla.png","width":512,"height":512,"caption":"TeslaFM"},"image":{"@id":"https:\/\/teslafm.net\/#\/schema\/logo\/image\/"},"sameAs":["https:\/\/www.facebook.com\/teslafm.net","https:\/\/x.com\/teslafm"]}]}},"rttpg_featured_image_url":null,"rttpg_author":{"display_name":"Ishak","author_link":"https:\/\/teslafm.net\/en\/author\/cravan\/"},"rttpg_comment":0,"rttpg_category":null,"rttpg_excerpt":"Escuela C\u00ednica #3 Cuerpos Desobedientes, Chris Carter, Coraz\u00f3n Bic\u00e9falo, Esplendor Geom\u00e9trico","_links":{"self":[{"href":"https:\/\/teslafm.net\/en\/wp-json\/wp\/v2\/pages\/1542","targetHints":{"allow":["GET"]}}],"collection":[{"href":"https:\/\/teslafm.net\/en\/wp-json\/wp\/v2\/pages"}],"about":[{"href":"https:\/\/teslafm.net\/en\/wp-json\/wp\/v2\/types\/page"}],"author":[{"embeddable":true,"href":"https:\/\/teslafm.net\/en\/wp-json\/wp\/v2\/users\/19"}],"replies":[{"embeddable":true,"href":"https:\/\/teslafm.net\/en\/wp-json\/wp\/v2\/comments?post=1542"}],"version-history":[{"count":6,"href":"https:\/\/teslafm.net\/en\/wp-json\/wp\/v2\/pages\/1542\/revisions"}],"predecessor-version":[{"id":52880,"href":"https:\/\/teslafm.net\/en\/wp-json\/wp\/v2\/pages\/1542\/revisions\/52880"}],"wp:attachment":[{"href":"https:\/\/teslafm.net\/en\/wp-json\/wp\/v2\/media?parent=1542"}],"curies":[{"name":"wp","href":"https:\/\/api.w.org\/{rel}","templated":true}]}}