

{"id":1571,"date":"2019-02-09T13:14:38","date_gmt":"2019-02-09T12:14:38","guid":{"rendered":"https:\/\/teslafm.net\/?page_id=1571"},"modified":"2021-05-20T18:03:34","modified_gmt":"2021-05-20T16:03:34","slug":"periferic-sounds","status":"publish","type":"page","link":"https:\/\/teslafm.net\/en\/periferic-sounds\/","title":{"rendered":"Peripheral Sounds"},"content":{"rendered":"<div data-elementor-type=\"wp-page\" data-elementor-id=\"1571\" class=\"elementor elementor-1571\">\n\t\t\t\t\t\t<section class=\"elementor-section elementor-top-section elementor-element elementor-element-4d8c4d1 elementor-section-boxed elementor-section-height-default elementor-section-height-default\" data-id=\"4d8c4d1\" data-element_type=\"section\" data-e-type=\"section\">\n\t\t\t\t\t\t<div class=\"elementor-container elementor-column-gap-default\">\n\t\t\t\t\t<div class=\"elementor-column elementor-col-33 elementor-top-column elementor-element elementor-element-2db7bf4\" data-id=\"2db7bf4\" data-element_type=\"column\" data-e-type=\"column\">\n\t\t\t<div class=\"elementor-widget-wrap elementor-element-populated\">\n\t\t\t\t\t\t<div class=\"elementor-element elementor-element-0f4af7f elementor-widget elementor-widget-image\" data-id=\"0f4af7f\" data-element_type=\"widget\" data-e-type=\"widget\" data-widget_type=\"image.default\">\n\t\t\t\t<div class=\"elementor-widget-container\">\n\t\t\t\t\t\t\t\t\t\t\t\t\t\t\t<img fetchpriority=\"high\" decoding=\"async\" width=\"300\" height=\"300\" src=\"https:\/\/teslafm.net\/wp-content\/uploads\/2021\/04\/sofia-300x300.png\" class=\"attachment-medium size-medium wp-image-57743\" alt=\"\" srcset=\"https:\/\/teslafm.net\/wp-content\/uploads\/2021\/04\/sofia.png 300w, https:\/\/teslafm.net\/wp-content\/uploads\/2021\/04\/sofia-150x150.png 150w\" sizes=\"(max-width: 300px) 100vw, 300px\" \/>\t\t\t\t\t\t\t\t\t\t\t\t\t\t\t<\/div>\n\t\t\t\t<\/div>\n\t\t\t\t\t<\/div>\n\t\t<\/div>\n\t\t\t\t<div class=\"elementor-column elementor-col-33 elementor-top-column elementor-element elementor-element-446edff\" data-id=\"446edff\" data-element_type=\"column\" data-e-type=\"column\" data-settings=\"{&quot;background_background&quot;:&quot;classic&quot;}\">\n\t\t\t<div class=\"elementor-widget-wrap elementor-element-populated\">\n\t\t\t\t\t\t<div class=\"elementor-element elementor-element-71c1d6d elementor-widget elementor-widget-heading\" data-id=\"71c1d6d\" data-element_type=\"widget\" data-e-type=\"widget\" data-widget_type=\"heading.default\">\n\t\t\t\t<div class=\"elementor-widget-container\">\n\t\t\t\t\t<h2 class=\"elementor-heading-title elementor-size-default\">SOFIA BERTOMEU<\/h2>\t\t\t\t<\/div>\n\t\t\t\t<\/div>\n\t\t\t\t<div class=\"elementor-element elementor-element-0f11663 elementor-widget elementor-widget-text-editor\" data-id=\"0f11663\" data-element_type=\"widget\" data-e-type=\"widget\" data-widget_type=\"text-editor.default\">\n\t\t\t\t<div class=\"elementor-widget-container\">\n\t\t\t\t\t\t\t\t\t<p align=\"justify\">(Benidorm, 1991). He studied fine arts complemented with a master's degree in history from the University of Murcia. He began experimenting with sound when he was on Erasmus in Porto (2011-2012).<\/p><p align=\"justify\">He has performed concerts in Berlin and Murcia. Exhibited in Rome, Murcia and Croatia. Published on labels such as Matching Head and Dokuro.it. And he has also performed sound artistic residencies at <strong>IN-SONORA<\/strong> (2018) and in <strong>Puertas de Castilla Cultural Center<\/strong>.<\/p><p align=\"justify\">More info: <a href=\"https:\/\/www.sofia-bertomeu.com\/\" target=\"_blank\" rel=\"noopener\">Sofia Bertomeu<\/a><\/p>\t\t\t\t\t\t\t\t<\/div>\n\t\t\t\t<\/div>\n\t\t\t\t\t<\/div>\n\t\t<\/div>\n\t\t\t\t<div class=\"elementor-column elementor-col-33 elementor-top-column elementor-element elementor-element-336f685\" data-id=\"336f685\" data-element_type=\"column\" data-e-type=\"column\" data-settings=\"{&quot;background_background&quot;:&quot;classic&quot;}\">\n\t\t\t<div class=\"elementor-widget-wrap elementor-element-populated\">\n\t\t\t\t\t\t<div class=\"elementor-element elementor-element-a25e749 elementor-widget elementor-widget-heading\" data-id=\"a25e749\" data-element_type=\"widget\" data-e-type=\"widget\" data-widget_type=\"heading.default\">\n\t\t\t\t<div class=\"elementor-widget-container\">\n\t\t\t\t\t<h2 class=\"elementor-heading-title elementor-size-default\">PERIPHERAL SOUNDS<\/h2>\t\t\t\t<\/div>\n\t\t\t\t<\/div>\n\t\t\t\t<div class=\"elementor-element elementor-element-023bc3f elementor-widget elementor-widget-text-editor\" data-id=\"023bc3f\" data-element_type=\"widget\" data-e-type=\"widget\" data-widget_type=\"text-editor.default\">\n\t\t\t\t<div class=\"elementor-widget-container\">\n\t\t\t\t\t\t\t\t\t<p><span style=\"color: #808080;\">A space to feel and reflect on the wide world of sound, its textures and meanings; focused on artists and composers who work with sound from a conceptual perspective, regardless of the \"musical\" genre.<\/span><br \/><span style=\"color: #808080;\">On some occasions it will be thematically focused and on others it will be exclusively aimed at specific creators.<\/span><\/p><p><span style=\"color: #808080;\">Produced by <b>Sofia Bertomeu<\/b>.<\/span><\/p>\t\t\t\t\t\t\t\t<\/div>\n\t\t\t\t<\/div>\n\t\t\t\t\t<\/div>\n\t\t<\/div>\n\t\t\t\t\t<\/div>\n\t\t<\/section>\n\t\t\t\t<section class=\"elementor-section elementor-top-section elementor-element elementor-element-aa9554a elementor-section-boxed elementor-section-height-default elementor-section-height-default\" data-id=\"aa9554a\" data-element_type=\"section\" data-e-type=\"section\">\n\t\t\t\t\t\t<div class=\"elementor-container elementor-column-gap-default\">\n\t\t\t\t\t<div class=\"elementor-column elementor-col-25 elementor-top-column elementor-element elementor-element-d306fbb\" data-id=\"d306fbb\" data-element_type=\"column\" data-e-type=\"column\">\n\t\t\t<div class=\"elementor-widget-wrap elementor-element-populated\">\n\t\t\t\t\t\t<div class=\"elementor-element elementor-element-70eafb8 elementor-widget elementor-widget-testimonial\" data-id=\"70eafb8\" data-element_type=\"widget\" data-e-type=\"widget\" data-widget_type=\"testimonial.default\">\n\t\t\t\t<div class=\"elementor-widget-container\">\n\t\t\t\t\t\t\t<div class=\"elementor-testimonial-wrapper\">\n\t\t\t\t\t\t\t<div class=\"elementor-testimonial-content\">If you like Periferic Sounds, we recommend:<\/div>\n\t\t\t\n\t\t\t\t\t\t<div class=\"elementor-testimonial-meta elementor-has-image elementor-testimonial-image-position-aside\">\n\t\t\t\t<div class=\"elementor-testimonial-meta-inner\">\n\t\t\t\t\t\t\t\t\t\t\t<div class=\"elementor-testimonial-image\">\n\t\t\t\t\t\t\t<a href=\"https:\/\/teslafm.net\/en\/rizoma\/\" target=\"_blank\"><img decoding=\"async\" src=\"https:\/\/teslafm.net\/wp-content\/uploads\/elementor\/thumbs\/caratula-programa-p6z1st4oomjr0l3ewod664aw8b1xyoy3wuicwrhtpq.jpg\" title=\"program cover\" alt=\"caratula programa\" loading=\"lazy\" \/><\/a>\t\t\t\t\t\t<\/div>\n\t\t\t\t\t\n\t\t\t\t\t\t\t\t\t\t<div class=\"elementor-testimonial-details\">\n\t\t\t\t\t\t\t\t\t\t\t\t\t\t<a class=\"elementor-testimonial-name\" href=\"https:\/\/teslafm.net\/en\/rizoma\/\" target=\"_blank\">Rhizome<\/a>\n\t\t\t\t\t\t\t\t\t\t\t\t\t\t\t\t\t\t\t\t\t\t<a class=\"elementor-testimonial-job\" href=\"https:\/\/teslafm.net\/en\/rizoma\/\" target=\"_blank\">Vulkana<\/a>\n\t\t\t\t\t\t\t\t\t\t\t\t\t<\/div>\n\t\t\t\t\t\t\t\t\t<\/div>\n\t\t\t<\/div>\n\t\t\t\t\t<\/div>\n\t\t\t\t\t\t<\/div>\n\t\t\t\t<\/div>\n\t\t\t\t\t<\/div>\n\t\t<\/div>\n\t\t\t\t<div class=\"elementor-column elementor-col-25 elementor-top-column elementor-element elementor-element-7d5c578\" data-id=\"7d5c578\" data-element_type=\"column\" data-e-type=\"column\">\n\t\t\t<div class=\"elementor-widget-wrap elementor-element-populated\">\n\t\t\t\t\t\t<div class=\"elementor-element elementor-element-f48d9b4 elementor-widget elementor-widget-testimonial\" data-id=\"f48d9b4\" data-element_type=\"widget\" data-e-type=\"widget\" data-widget_type=\"testimonial.default\">\n\t\t\t\t<div class=\"elementor-widget-container\">\n\t\t\t\t\t\t\t<div class=\"elementor-testimonial-wrapper\">\n\t\t\t\t\t\t\t<div class=\"elementor-testimonial-content\">If you like TeslaFM, we recommend:<\/div>\n\t\t\t\n\t\t\t\t\t\t<div class=\"elementor-testimonial-meta elementor-has-image elementor-testimonial-image-position-aside\">\n\t\t\t\t<div class=\"elementor-testimonial-meta-inner\">\n\t\t\t\t\t\t\t\t\t\t\t<div class=\"elementor-testimonial-image\">\n\t\t\t\t\t\t\t<a href=\"https:\/\/teslafm.net\/en\/space-oddity-recollection\/\" target=\"_blank\"><img decoding=\"async\" src=\"https:\/\/teslafm.net\/wp-content\/uploads\/elementor\/thumbs\/logo_Space_Oddity_Recolection-p2bl0de7bo10gemn9hdr6iaxgs0z1hc467z5udl0oe.jpg\" title=\"logo_Space_Oddity_Recollection\" alt=\"logo_Space_Oddity_Recolection\" loading=\"lazy\" \/><\/a>\t\t\t\t\t\t<\/div>\n\t\t\t\t\t\n\t\t\t\t\t\t\t\t\t\t<div class=\"elementor-testimonial-details\">\n\t\t\t\t\t\t\t\t\t\t\t\t\t\t<a class=\"elementor-testimonial-name\" href=\"https:\/\/teslafm.net\/en\/space-oddity-recollection\/\" target=\"_blank\">Space Oddity Recollection<\/a>\n\t\t\t\t\t\t\t\t\t\t\t\t\t\t\t\t\t\t\t\t\t\t<a class=\"elementor-testimonial-job\" href=\"https:\/\/teslafm.net\/en\/space-oddity-recollection\/\" target=\"_blank\">Monika Pich<\/a>\n\t\t\t\t\t\t\t\t\t\t\t\t\t<\/div>\n\t\t\t\t\t\t\t\t\t<\/div>\n\t\t\t<\/div>\n\t\t\t\t\t<\/div>\n\t\t\t\t\t\t<\/div>\n\t\t\t\t<\/div>\n\t\t\t\t\t<\/div>\n\t\t<\/div>\n\t\t\t\t<div class=\"elementor-column elementor-col-25 elementor-top-column elementor-element elementor-element-aa8546e\" data-id=\"aa8546e\" data-element_type=\"column\" data-e-type=\"column\">\n\t\t\t<div class=\"elementor-widget-wrap\">\n\t\t\t\t\t\t\t<\/div>\n\t\t<\/div>\n\t\t\t\t<div class=\"elementor-column elementor-col-25 elementor-top-column elementor-element elementor-element-cdeda32\" data-id=\"cdeda32\" data-element_type=\"column\" data-e-type=\"column\">\n\t\t\t<div class=\"elementor-widget-wrap\">\n\t\t\t\t\t\t\t<\/div>\n\t\t<\/div>\n\t\t\t\t\t<\/div>\n\t\t<\/section>\n\t\t\t\t<section class=\"elementor-section elementor-top-section elementor-element elementor-element-5818acd elementor-section-boxed elementor-section-height-default elementor-section-height-default\" data-id=\"5818acd\" data-element_type=\"section\" data-e-type=\"section\">\n\t\t\t\t\t\t<div class=\"elementor-container elementor-column-gap-default\">\n\t\t\t\t\t<div class=\"elementor-column elementor-col-100 elementor-top-column elementor-element elementor-element-8a81c66\" data-id=\"8a81c66\" data-element_type=\"column\" data-e-type=\"column\">\n\t\t\t<div class=\"elementor-widget-wrap elementor-element-populated\">\n\t\t\t\t\t\t<div class=\"elementor-element elementor-element-5fc8091 elementor-widget elementor-widget-spacer\" data-id=\"5fc8091\" data-element_type=\"widget\" data-e-type=\"widget\" data-widget_type=\"spacer.default\">\n\t\t\t\t<div class=\"elementor-widget-container\">\n\t\t\t\t\t\t\t<div class=\"elementor-spacer\">\n\t\t\t<div class=\"elementor-spacer-inner\"><\/div>\n\t\t<\/div>\n\t\t\t\t\t\t<\/div>\n\t\t\t\t<\/div>\n\t\t\t\t\t<\/div>\n\t\t<\/div>\n\t\t\t\t\t<\/div>\n\t\t<\/section>\n\t\t\t\t<section class=\"elementor-section elementor-top-section elementor-element elementor-element-23bda9af elementor-section-boxed elementor-section-height-default elementor-section-height-default\" data-id=\"23bda9af\" data-element_type=\"section\" data-e-type=\"section\">\n\t\t\t\t\t\t<div class=\"elementor-container elementor-column-gap-default\">\n\t\t\t\t\t<div class=\"elementor-column elementor-col-100 elementor-top-column elementor-element elementor-element-46ec154b\" data-id=\"46ec154b\" data-element_type=\"column\" data-e-type=\"column\">\n\t\t\t<div class=\"elementor-widget-wrap elementor-element-populated\">\n\t\t\t\t\t\t<div class=\"elementor-element elementor-element-7e5a0caf elementor-widget elementor-widget-text-editor\" data-id=\"7e5a0caf\" data-element_type=\"widget\" data-e-type=\"widget\" data-widget_type=\"text-editor.default\">\n\t\t\t\t<div class=\"elementor-widget-container\">\n\t\t\t\t\t\t\t\t\t<a href=\"https:\/\/teslafm.net\/en\/periferic-sounds-5\/\"><strong>Periferic Sounds #5 \/ + info <\/strong><\/a><span style=\"color: #808080;\">J<em>ulio 2019<\/em><\/span>\n\n<iframe src=\"https:\/\/www.mixcloud.com\/widget\/iframe\/?hide_cover=1&amp;feed=%2FTeslafm_net%2Fperiferic-sounds-5-sof%C3%ADa-bertomeu%2F\" width=\"100%\" height=\"120\" frameborder=\"0\"><\/iframe>\n\n<a href=\"https:\/\/teslafm.net\/en\/periferic-sounds-4\/\"><strong>Periferic Sounds #4 \/ + info <\/strong><\/a><span style=\"color: #808080;\"><em>June 2019<\/em><\/span>\n\n<iframe src=\"https:\/\/www.mixcloud.com\/widget\/iframe\/?hide_cover=1&amp;feed=%2FTeslafm_net%2Fperiferic-sounds-4-sof%C3%ADa-bertomeu%2F\" width=\"100%\" height=\"120\" frameborder=\"0\"><\/iframe>\n\n<a href=\"https:\/\/teslafm.net\/en\/periferic-sounds-3\/\"><strong>Periferic Sounds #3 \/ + info <\/strong><\/a><span style=\"color: #808080;\"><em>May 2019<\/em><\/span>\n\n<iframe src=\"https:\/\/www.mixcloud.com\/widget\/iframe\/?hide_cover=1&amp;feed=%2FTeslafm_net%2Fperiferic-sounds-3-sof%C3%ADa-bertomeu%2F\" width=\"100%\" height=\"120\" frameborder=\"0\"><\/iframe>\n\n<a href=\"https:\/\/teslafm.net\/en\/periferic-sounds-2\/\"><strong>Periferic Sounds #2 \/ + info <\/strong><\/a><span style=\"color: #808080;\"><em>April 2019<\/em><\/span>\n\n<iframe src=\"https:\/\/www.mixcloud.com\/widget\/iframe\/?hide_cover=1&amp;feed=%2FTeslafm_net%2Fperiferic-sounds-2-sof%C3%ADa-bertomeu%2F\" width=\"100%\" height=\"120\" frameborder=\"0\"><\/iframe>\n\n<a href=\"https:\/\/teslafm.net\/en\/periferic-sounds-1\/\"><strong>Periferic Sounds #1 \/ + info <\/strong><\/a><span style=\"color: #808080;\"><em>March 2019<\/em><\/span>\n\n<iframe src=\"https:\/\/www.mixcloud.com\/widget\/iframe\/?hide_cover=1&amp;feed=%2FTeslafm_net%2Fperiferic-sounds-1-sof%C3%ADa-bertomeu%2F\" width=\"100%\" height=\"120\" frameborder=\"0\"><\/iframe>\n\n\t\t\t\t\t\t\t\t<\/div>\n\t\t\t\t<\/div>\n\t\t\t\t\t<\/div>\n\t\t<\/div>\n\t\t\t\t\t<\/div>\n\t\t<\/section>\n\t\t\t\t<\/div>","protected":false},"excerpt":{"rendered":"<p>SOF\u00cdA BERTOMEU (Benidorm, 1991). Estudi\u00f3 bellas artes complement\u00e1ndolo con un m\u00e1ster en historia por la Universidad de Murcia. Comenz\u00f3 a experimentar con el sonido cuando estuvo de Erasmus en Oporto (2011-2012). Ha realizado conciertos en Berl\u00edn y Murc\u00eda. Expuesto en Roma, Murc\u00eda y Croacia. Publicado en sellos como Matching Head y Dokuro.it. Y ha realizado [&hellip;]<\/p>\n","protected":false},"author":19,"featured_media":0,"parent":0,"menu_order":0,"comment_status":"closed","ping_status":"closed","template":"","meta":{"footnotes":""},"class_list":["post-1571","page","type-page","status-publish","hentry"],"yoast_head":"<!-- This site is optimized with the Yoast SEO plugin v27.2 - https:\/\/yoast.com\/product\/yoast-seo-wordpress\/ -->\n<title>Periferic Sounds -<\/title>\n<meta name=\"robots\" content=\"index, follow, max-snippet:-1, max-image-preview:large, max-video-preview:-1\" \/>\n<link rel=\"canonical\" href=\"https:\/\/teslafm.net\/en\/periferic-sounds\/\" \/>\n<meta property=\"og:locale\" content=\"en_US\" \/>\n<meta property=\"og:type\" content=\"article\" \/>\n<meta property=\"og:title\" content=\"Periferic Sounds -\" \/>\n<meta property=\"og:description\" content=\"SOF\u00cdA BERTOMEU (Benidorm, 1991). Estudi\u00f3 bellas artes complement\u00e1ndolo con un m\u00e1ster en historia por la Universidad de Murcia. Comenz\u00f3 a experimentar con el sonido cuando estuvo de Erasmus en Oporto (2011-2012). Ha realizado conciertos en Berl\u00edn y Murc\u00eda. Expuesto en Roma, Murc\u00eda y Croacia. Publicado en sellos como Matching Head y Dokuro.it. Y ha realizado [&hellip;]\" \/>\n<meta property=\"og:url\" content=\"https:\/\/teslafm.net\/en\/periferic-sounds\/\" \/>\n<meta property=\"article:publisher\" content=\"https:\/\/www.facebook.com\/teslafm.net\" \/>\n<meta property=\"article:modified_time\" content=\"2021-05-20T16:03:34+00:00\" \/>\n<meta property=\"og:image\" content=\"https:\/\/teslafm.net\/wp-content\/uploads\/2021\/04\/sofia-300x300.png\" \/>\n<meta name=\"twitter:card\" content=\"summary_large_image\" \/>\n<meta name=\"twitter:site\" content=\"@teslafm\" \/>\n<meta name=\"twitter:label1\" content=\"Est. reading time\" \/>\n\t<meta name=\"twitter:data1\" content=\"2 minutes\" \/>\n<script type=\"application\/ld+json\" class=\"yoast-schema-graph\">{\"@context\":\"https:\/\/schema.org\",\"@graph\":[{\"@type\":\"WebPage\",\"@id\":\"https:\/\/teslafm.net\/periferic-sounds\/\",\"url\":\"https:\/\/teslafm.net\/periferic-sounds\/\",\"name\":\"Periferic Sounds -\",\"isPartOf\":{\"@id\":\"https:\/\/teslafm.net\/#website\"},\"primaryImageOfPage\":{\"@id\":\"https:\/\/teslafm.net\/periferic-sounds\/#primaryimage\"},\"image\":{\"@id\":\"https:\/\/teslafm.net\/periferic-sounds\/#primaryimage\"},\"thumbnailUrl\":\"https:\/\/teslafm.net\/wp-content\/uploads\/2021\/04\/sofia-300x300.png\",\"datePublished\":\"2019-02-09T12:14:38+00:00\",\"dateModified\":\"2021-05-20T16:03:34+00:00\",\"breadcrumb\":{\"@id\":\"https:\/\/teslafm.net\/periferic-sounds\/#breadcrumb\"},\"inLanguage\":\"en-US\",\"potentialAction\":[{\"@type\":\"ReadAction\",\"target\":[\"https:\/\/teslafm.net\/periferic-sounds\/\"]}]},{\"@type\":\"ImageObject\",\"inLanguage\":\"en-US\",\"@id\":\"https:\/\/teslafm.net\/periferic-sounds\/#primaryimage\",\"url\":\"https:\/\/teslafm.net\/wp-content\/uploads\/2021\/04\/sofia-300x300.png\",\"contentUrl\":\"https:\/\/teslafm.net\/wp-content\/uploads\/2021\/04\/sofia-300x300.png\"},{\"@type\":\"BreadcrumbList\",\"@id\":\"https:\/\/teslafm.net\/periferic-sounds\/#breadcrumb\",\"itemListElement\":[{\"@type\":\"ListItem\",\"position\":1,\"name\":\"Portada\",\"item\":\"https:\/\/teslafm.net\/\"},{\"@type\":\"ListItem\",\"position\":2,\"name\":\"Periferic Sounds\"}]},{\"@type\":\"WebSite\",\"@id\":\"https:\/\/teslafm.net\/#website\",\"url\":\"https:\/\/teslafm.net\/\",\"name\":\"TeslaFM\",\"description\":\"An experimental and creative radio\",\"publisher\":{\"@id\":\"https:\/\/teslafm.net\/#organization\"},\"potentialAction\":[{\"@type\":\"SearchAction\",\"target\":{\"@type\":\"EntryPoint\",\"urlTemplate\":\"https:\/\/teslafm.net\/?s={search_term_string}\"},\"query-input\":{\"@type\":\"PropertyValueSpecification\",\"valueRequired\":true,\"valueName\":\"search_term_string\"}}],\"inLanguage\":\"en-US\"},{\"@type\":\"Organization\",\"@id\":\"https:\/\/teslafm.net\/#organization\",\"name\":\"TeslaFM\",\"url\":\"https:\/\/teslafm.net\/\",\"logo\":{\"@type\":\"ImageObject\",\"inLanguage\":\"en-US\",\"@id\":\"https:\/\/teslafm.net\/#\/schema\/logo\/image\/\",\"url\":\"https:\/\/teslafm.net\/wp-content\/uploads\/2020\/06\/logo-tesla.png\",\"contentUrl\":\"https:\/\/teslafm.net\/wp-content\/uploads\/2020\/06\/logo-tesla.png\",\"width\":512,\"height\":512,\"caption\":\"TeslaFM\"},\"image\":{\"@id\":\"https:\/\/teslafm.net\/#\/schema\/logo\/image\/\"},\"sameAs\":[\"https:\/\/www.facebook.com\/teslafm.net\",\"https:\/\/x.com\/teslafm\"]}]}<\/script>\n<!-- \/ Yoast SEO plugin. -->","yoast_head_json":{"title":"Periferic Sounds -","robots":{"index":"index","follow":"follow","max-snippet":"max-snippet:-1","max-image-preview":"max-image-preview:large","max-video-preview":"max-video-preview:-1"},"canonical":"https:\/\/teslafm.net\/en\/periferic-sounds\/","og_locale":"en_US","og_type":"article","og_title":"Periferic Sounds -","og_description":"SOF\u00cdA BERTOMEU (Benidorm, 1991). Estudi\u00f3 bellas artes complement\u00e1ndolo con un m\u00e1ster en historia por la Universidad de Murcia. Comenz\u00f3 a experimentar con el sonido cuando estuvo de Erasmus en Oporto (2011-2012). Ha realizado conciertos en Berl\u00edn y Murc\u00eda. Expuesto en Roma, Murc\u00eda y Croacia. Publicado en sellos como Matching Head y Dokuro.it. Y ha realizado [&hellip;]","og_url":"https:\/\/teslafm.net\/en\/periferic-sounds\/","article_publisher":"https:\/\/www.facebook.com\/teslafm.net","article_modified_time":"2021-05-20T16:03:34+00:00","og_image":[{"url":"https:\/\/teslafm.net\/wp-content\/uploads\/2021\/04\/sofia-300x300.png","type":"","width":"","height":""}],"twitter_card":"summary_large_image","twitter_site":"@teslafm","twitter_misc":{"Est. reading time":"2 minutes"},"schema":{"@context":"https:\/\/schema.org","@graph":[{"@type":"WebPage","@id":"https:\/\/teslafm.net\/periferic-sounds\/","url":"https:\/\/teslafm.net\/periferic-sounds\/","name":"Periferic Sounds -","isPartOf":{"@id":"https:\/\/teslafm.net\/#website"},"primaryImageOfPage":{"@id":"https:\/\/teslafm.net\/periferic-sounds\/#primaryimage"},"image":{"@id":"https:\/\/teslafm.net\/periferic-sounds\/#primaryimage"},"thumbnailUrl":"https:\/\/teslafm.net\/wp-content\/uploads\/2021\/04\/sofia-300x300.png","datePublished":"2019-02-09T12:14:38+00:00","dateModified":"2021-05-20T16:03:34+00:00","breadcrumb":{"@id":"https:\/\/teslafm.net\/periferic-sounds\/#breadcrumb"},"inLanguage":"en-US","potentialAction":[{"@type":"ReadAction","target":["https:\/\/teslafm.net\/periferic-sounds\/"]}]},{"@type":"ImageObject","inLanguage":"en-US","@id":"https:\/\/teslafm.net\/periferic-sounds\/#primaryimage","url":"https:\/\/teslafm.net\/wp-content\/uploads\/2021\/04\/sofia-300x300.png","contentUrl":"https:\/\/teslafm.net\/wp-content\/uploads\/2021\/04\/sofia-300x300.png"},{"@type":"BreadcrumbList","@id":"https:\/\/teslafm.net\/periferic-sounds\/#breadcrumb","itemListElement":[{"@type":"ListItem","position":1,"name":"Portada","item":"https:\/\/teslafm.net\/"},{"@type":"ListItem","position":2,"name":"Periferic Sounds"}]},{"@type":"WebSite","@id":"https:\/\/teslafm.net\/#website","url":"https:\/\/teslafm.net\/","name":"TeslaFM","description":"An experimental and creative radio","publisher":{"@id":"https:\/\/teslafm.net\/#organization"},"potentialAction":[{"@type":"SearchAction","target":{"@type":"EntryPoint","urlTemplate":"https:\/\/teslafm.net\/?s={search_term_string}"},"query-input":{"@type":"PropertyValueSpecification","valueRequired":true,"valueName":"search_term_string"}}],"inLanguage":"en-US"},{"@type":"Organization","@id":"https:\/\/teslafm.net\/#organization","name":"TeslaFM","url":"https:\/\/teslafm.net\/","logo":{"@type":"ImageObject","inLanguage":"en-US","@id":"https:\/\/teslafm.net\/#\/schema\/logo\/image\/","url":"https:\/\/teslafm.net\/wp-content\/uploads\/2020\/06\/logo-tesla.png","contentUrl":"https:\/\/teslafm.net\/wp-content\/uploads\/2020\/06\/logo-tesla.png","width":512,"height":512,"caption":"TeslaFM"},"image":{"@id":"https:\/\/teslafm.net\/#\/schema\/logo\/image\/"},"sameAs":["https:\/\/www.facebook.com\/teslafm.net","https:\/\/x.com\/teslafm"]}]}},"rttpg_featured_image_url":null,"rttpg_author":{"display_name":"Ishak","author_link":"https:\/\/teslafm.net\/en\/author\/cravan\/"},"rttpg_comment":0,"rttpg_category":null,"rttpg_excerpt":"SOF\u00cdA BERTOMEU (Benidorm, 1991). Estudi\u00f3 bellas artes complement\u00e1ndolo con un m\u00e1ster en historia por la Universidad de Murcia. Comenz\u00f3 a experimentar con el sonido cuando estuvo de Erasmus en Oporto (2011-2012). Ha realizado conciertos en Berl\u00edn y Murc\u00eda. Expuesto en Roma, Murc\u00eda y Croacia. Publicado en sellos como Matching Head y Dokuro.it. Y ha realizado&hellip;","_links":{"self":[{"href":"https:\/\/teslafm.net\/en\/wp-json\/wp\/v2\/pages\/1571","targetHints":{"allow":["GET"]}}],"collection":[{"href":"https:\/\/teslafm.net\/en\/wp-json\/wp\/v2\/pages"}],"about":[{"href":"https:\/\/teslafm.net\/en\/wp-json\/wp\/v2\/types\/page"}],"author":[{"embeddable":true,"href":"https:\/\/teslafm.net\/en\/wp-json\/wp\/v2\/users\/19"}],"replies":[{"embeddable":true,"href":"https:\/\/teslafm.net\/en\/wp-json\/wp\/v2\/comments?post=1571"}],"version-history":[{"count":30,"href":"https:\/\/teslafm.net\/en\/wp-json\/wp\/v2\/pages\/1571\/revisions"}],"predecessor-version":[{"id":58161,"href":"https:\/\/teslafm.net\/en\/wp-json\/wp\/v2\/pages\/1571\/revisions\/58161"}],"wp:attachment":[{"href":"https:\/\/teslafm.net\/en\/wp-json\/wp\/v2\/media?parent=1571"}],"curies":[{"name":"wp","href":"https:\/\/api.w.org\/{rel}","templated":true}]}}