

{"id":1687,"date":"2019-02-15T10:55:52","date_gmt":"2019-02-15T09:55:52","guid":{"rendered":"https:\/\/teslafm.net\/?page_id=1687"},"modified":"2021-05-10T20:03:56","modified_gmt":"2021-05-10T18:03:56","slug":"seccion-aurea","status":"publish","type":"page","link":"https:\/\/teslafm.net\/en\/seccion-aurea\/","title":{"rendered":"Golden Section"},"content":{"rendered":"<div data-elementor-type=\"wp-page\" data-elementor-id=\"1687\" class=\"elementor elementor-1687\">\n\t\t\t\t\t\t<section class=\"elementor-section elementor-top-section elementor-element elementor-element-4e8b6de elementor-section-boxed elementor-section-height-default elementor-section-height-default\" data-id=\"4e8b6de\" data-element_type=\"section\" data-e-type=\"section\">\n\t\t\t\t\t\t<div class=\"elementor-container elementor-column-gap-default\">\n\t\t\t\t\t<div class=\"elementor-column elementor-col-33 elementor-top-column elementor-element elementor-element-9f09296\" data-id=\"9f09296\" data-element_type=\"column\" data-e-type=\"column\">\n\t\t\t<div class=\"elementor-widget-wrap elementor-element-populated\">\n\t\t\t\t\t\t<div class=\"elementor-element elementor-element-58f8505 elementor-widget elementor-widget-image\" data-id=\"58f8505\" data-element_type=\"widget\" data-e-type=\"widget\" data-widget_type=\"image.default\">\n\t\t\t\t<div class=\"elementor-widget-container\">\n\t\t\t\t\t\t\t\t\t\t\t\t\t\t\t<img fetchpriority=\"high\" decoding=\"async\" width=\"300\" height=\"300\" src=\"https:\/\/teslafm.net\/wp-content\/uploads\/2021\/04\/Foto_TESLA-FM-300x300.jpg\" class=\"attachment-medium size-medium wp-image-57734\" alt=\"\" srcset=\"https:\/\/teslafm.net\/wp-content\/uploads\/2021\/04\/Foto_TESLA-FM-300x300.jpg 300w, https:\/\/teslafm.net\/wp-content\/uploads\/2021\/04\/Foto_TESLA-FM-150x150.jpg 150w, https:\/\/teslafm.net\/wp-content\/uploads\/2021\/04\/Foto_TESLA-FM-768x768.jpg 768w, https:\/\/teslafm.net\/wp-content\/uploads\/2021\/04\/Foto_TESLA-FM.jpg 960w\" sizes=\"(max-width: 300px) 100vw, 300px\" \/>\t\t\t\t\t\t\t\t\t\t\t\t\t\t\t<\/div>\n\t\t\t\t<\/div>\n\t\t\t\t\t<\/div>\n\t\t<\/div>\n\t\t\t\t<div class=\"elementor-column elementor-col-33 elementor-top-column elementor-element elementor-element-f2e133c\" data-id=\"f2e133c\" data-element_type=\"column\" data-e-type=\"column\" data-settings=\"{&quot;background_background&quot;:&quot;classic&quot;}\">\n\t\t\t<div class=\"elementor-widget-wrap elementor-element-populated\">\n\t\t\t\t\t\t<div class=\"elementor-element elementor-element-49a04d5 elementor-widget elementor-widget-heading\" data-id=\"49a04d5\" data-element_type=\"widget\" data-e-type=\"widget\" data-widget_type=\"heading.default\">\n\t\t\t\t<div class=\"elementor-widget-container\">\n\t\t\t\t\t<h2 class=\"elementor-heading-title elementor-size-default\">ALFONSO ALFONSO<\/h2>\t\t\t\t<\/div>\n\t\t\t\t<\/div>\n\t\t\t\t<div class=\"elementor-element elementor-element-3fc1bb8 elementor-widget elementor-widget-text-editor\" data-id=\"3fc1bb8\" data-element_type=\"widget\" data-e-type=\"widget\" data-widget_type=\"text-editor.default\">\n\t\t\t\t<div class=\"elementor-widget-container\">\n\t\t\t\t\t\t\t\t\t<p>Musician involved in different projects and collaborations over the years, the main of which have been <strong>Schwarz<\/strong>He fronted the band for twenty years and recorded nine albums with it. He is currently part of <strong>Espiricom<\/strong>avant-trance-rock duo whose first album has just been released. He also does electronica (some would add the word \"psychedelic\", he prefers \"esoteric\") solo under the alias of <a href=\"https:\/\/artificiero.bandcamp.com\/\" target=\"_blank\" rel=\"noopener\"><strong>Artificer<\/strong><\/a>, a project with which he has already released an LP and from which a second album will appear in mid-2019.<\/p>\t\t\t\t\t\t\t\t<\/div>\n\t\t\t\t<\/div>\n\t\t\t\t\t<\/div>\n\t\t<\/div>\n\t\t\t\t<div class=\"elementor-column elementor-col-33 elementor-top-column elementor-element elementor-element-cd8f26f\" data-id=\"cd8f26f\" data-element_type=\"column\" data-e-type=\"column\" data-settings=\"{&quot;background_background&quot;:&quot;classic&quot;}\">\n\t\t\t<div class=\"elementor-widget-wrap elementor-element-populated\">\n\t\t\t\t\t\t<div class=\"elementor-element elementor-element-47a57a7 elementor-widget elementor-widget-heading\" data-id=\"47a57a7\" data-element_type=\"widget\" data-e-type=\"widget\" data-widget_type=\"heading.default\">\n\t\t\t\t<div class=\"elementor-widget-container\">\n\t\t\t\t\t<h2 class=\"elementor-heading-title elementor-size-default\">AUREA SECTION<\/h2>\t\t\t\t<\/div>\n\t\t\t\t<\/div>\n\t\t\t\t<div class=\"elementor-element elementor-element-b13c13a elementor-widget elementor-widget-text-editor\" data-id=\"b13c13a\" data-element_type=\"widget\" data-e-type=\"widget\" data-widget_type=\"text-editor.default\">\n\t\t\t\t<div class=\"elementor-widget-container\">\n\t\t\t\t\t\t\t\t\t<p><span style=\"color: #808080;\">It is a program of music and words about occultism and visionary mind. Texts of recognized authors within occultism, esoteric philosophy and oblique thinking, and sounds evocative of elevated\/alternative states of consciousness and transformative experiences. All this with a good dose of heterodoxy in both fields, as it should be.<\/span><\/p><p><span style=\"color: #808080;\">Produced by <b>Alfonso Alfonso<\/b>.<\/span><\/p>\t\t\t\t\t\t\t\t<\/div>\n\t\t\t\t<\/div>\n\t\t\t\t\t<\/div>\n\t\t<\/div>\n\t\t\t\t\t<\/div>\n\t\t<\/section>\n\t\t\t\t<section class=\"elementor-section elementor-top-section elementor-element elementor-element-2d926ef elementor-section-boxed elementor-section-height-default elementor-section-height-default\" data-id=\"2d926ef\" data-element_type=\"section\" data-e-type=\"section\">\n\t\t\t\t\t\t<div class=\"elementor-container elementor-column-gap-default\">\n\t\t\t\t\t<div class=\"elementor-column elementor-col-25 elementor-top-column elementor-element elementor-element-4f7cf70\" data-id=\"4f7cf70\" data-element_type=\"column\" data-e-type=\"column\">\n\t\t\t<div class=\"elementor-widget-wrap elementor-element-populated\">\n\t\t\t\t\t\t<div class=\"elementor-element elementor-element-bce551e elementor-widget elementor-widget-testimonial\" data-id=\"bce551e\" data-element_type=\"widget\" data-e-type=\"widget\" data-widget_type=\"testimonial.default\">\n\t\t\t\t<div class=\"elementor-widget-container\">\n\t\t\t\t\t\t\t<div class=\"elementor-testimonial-wrapper\">\n\t\t\t\t\t\t\t<div class=\"elementor-testimonial-content\">If you like Secci\u00f3n \u00c1urea, we recommend you:<\/div>\n\t\t\t\n\t\t\t\t\t\t<div class=\"elementor-testimonial-meta elementor-has-image elementor-testimonial-image-position-aside\">\n\t\t\t\t<div class=\"elementor-testimonial-meta-inner\">\n\t\t\t\t\t\t\t\t\t\t\t<div class=\"elementor-testimonial-image\">\n\t\t\t\t\t\t\t<a href=\"https:\/\/teslafm.net\/en\/la-politica-del-ruido\/\" target=\"_blank\"><img decoding=\"async\" src=\"https:\/\/teslafm.net\/wp-content\/uploads\/elementor\/thumbs\/la-politica-del-ruido-p6yypi2pdw6e6wrvv2alepgvupo7h02dlxfg26j4j2.jpg\" title=\"the-politics-of-noise\" alt=\"la-politica-del-ruido\" loading=\"lazy\" \/><\/a>\t\t\t\t\t\t<\/div>\n\t\t\t\t\t\n\t\t\t\t\t\t\t\t\t\t<div class=\"elementor-testimonial-details\">\n\t\t\t\t\t\t\t\t\t\t\t\t\t\t<a class=\"elementor-testimonial-name\" href=\"https:\/\/teslafm.net\/en\/la-politica-del-ruido\/\" target=\"_blank\">Noise Policy<\/a>\n\t\t\t\t\t\t\t\t\t\t\t\t\t\t\t\t\t\t\t\t\t\t<a class=\"elementor-testimonial-job\" href=\"https:\/\/teslafm.net\/en\/la-politica-del-ruido\/\" target=\"_blank\">Susan Drone<\/a>\n\t\t\t\t\t\t\t\t\t\t\t\t\t<\/div>\n\t\t\t\t\t\t\t\t\t<\/div>\n\t\t\t<\/div>\n\t\t\t\t\t<\/div>\n\t\t\t\t\t\t<\/div>\n\t\t\t\t<\/div>\n\t\t\t\t\t<\/div>\n\t\t<\/div>\n\t\t\t\t<div class=\"elementor-column elementor-col-25 elementor-top-column elementor-element elementor-element-f2e6b0b\" data-id=\"f2e6b0b\" data-element_type=\"column\" data-e-type=\"column\">\n\t\t\t<div class=\"elementor-widget-wrap elementor-element-populated\">\n\t\t\t\t\t\t<div class=\"elementor-element elementor-element-3f7722d elementor-widget elementor-widget-testimonial\" data-id=\"3f7722d\" data-element_type=\"widget\" data-e-type=\"widget\" data-widget_type=\"testimonial.default\">\n\t\t\t\t<div class=\"elementor-widget-container\">\n\t\t\t\t\t\t\t<div class=\"elementor-testimonial-wrapper\">\n\t\t\t\t\t\t\t<div class=\"elementor-testimonial-content\">If you like TeslaFM, we recommend:<\/div>\n\t\t\t\n\t\t\t\t\t\t<div class=\"elementor-testimonial-meta elementor-has-image elementor-testimonial-image-position-aside\">\n\t\t\t\t<div class=\"elementor-testimonial-meta-inner\">\n\t\t\t\t\t\t\t\t\t\t\t<div class=\"elementor-testimonial-image\">\n\t\t\t\t\t\t\t<a href=\"https:\/\/teslafm.net\/en\/teoria-incertidumbre\/\" target=\"_blank\"><img decoding=\"async\" src=\"https:\/\/teslafm.net\/wp-content\/uploads\/elementor\/thumbs\/teor\u00eda-i-p1qjlang95gfipktu50bi9d4tvz3iixmmq3cs6qze6.png\" title=\"theory i\" alt=\"teor\u00eda i\" loading=\"lazy\" \/><\/a>\t\t\t\t\t\t<\/div>\n\t\t\t\t\t\n\t\t\t\t\t\t\t\t\t\t<div class=\"elementor-testimonial-details\">\n\t\t\t\t\t\t\t\t\t\t\t\t\t\t<a class=\"elementor-testimonial-name\" href=\"https:\/\/teslafm.net\/en\/teoria-incertidumbre\/\" target=\"_blank\">Uncertainty Theory<\/a>\n\t\t\t\t\t\t\t\t\t\t\t\t\t\t\t\t\t\t\t\t\t\t<a class=\"elementor-testimonial-job\" href=\"https:\/\/teslafm.net\/en\/teoria-incertidumbre\/\" target=\"_blank\">Andrea Bravo<\/a>\n\t\t\t\t\t\t\t\t\t\t\t\t\t<\/div>\n\t\t\t\t\t\t\t\t\t<\/div>\n\t\t\t<\/div>\n\t\t\t\t\t<\/div>\n\t\t\t\t\t\t<\/div>\n\t\t\t\t<\/div>\n\t\t\t\t\t<\/div>\n\t\t<\/div>\n\t\t\t\t<div class=\"elementor-column elementor-col-25 elementor-top-column elementor-element elementor-element-ede1d01\" data-id=\"ede1d01\" data-element_type=\"column\" data-e-type=\"column\">\n\t\t\t<div class=\"elementor-widget-wrap\">\n\t\t\t\t\t\t\t<\/div>\n\t\t<\/div>\n\t\t\t\t<div class=\"elementor-column elementor-col-25 elementor-top-column elementor-element elementor-element-5d0dd81\" data-id=\"5d0dd81\" data-element_type=\"column\" data-e-type=\"column\">\n\t\t\t<div class=\"elementor-widget-wrap\">\n\t\t\t\t\t\t\t<\/div>\n\t\t<\/div>\n\t\t\t\t\t<\/div>\n\t\t<\/section>\n\t\t\t\t<section class=\"elementor-section elementor-top-section elementor-element elementor-element-4084c1b elementor-section-boxed elementor-section-height-default elementor-section-height-default\" data-id=\"4084c1b\" data-element_type=\"section\" data-e-type=\"section\">\n\t\t\t\t\t\t<div class=\"elementor-container elementor-column-gap-default\">\n\t\t\t\t\t<div class=\"elementor-column elementor-col-100 elementor-top-column elementor-element elementor-element-2172fa2\" data-id=\"2172fa2\" data-element_type=\"column\" data-e-type=\"column\">\n\t\t\t<div class=\"elementor-widget-wrap elementor-element-populated\">\n\t\t\t\t\t\t<div class=\"elementor-element elementor-element-8b59dfd elementor-widget elementor-widget-spacer\" data-id=\"8b59dfd\" data-element_type=\"widget\" data-e-type=\"widget\" data-widget_type=\"spacer.default\">\n\t\t\t\t<div class=\"elementor-widget-container\">\n\t\t\t\t\t\t\t<div class=\"elementor-spacer\">\n\t\t\t<div class=\"elementor-spacer-inner\"><\/div>\n\t\t<\/div>\n\t\t\t\t\t\t<\/div>\n\t\t\t\t<\/div>\n\t\t\t\t\t<\/div>\n\t\t<\/div>\n\t\t\t\t\t<\/div>\n\t\t<\/section>\n\t\t\t\t<section class=\"elementor-section elementor-top-section elementor-element elementor-element-675db129 elementor-section-boxed elementor-section-height-default elementor-section-height-default\" data-id=\"675db129\" data-element_type=\"section\" data-e-type=\"section\">\n\t\t\t\t\t\t<div class=\"elementor-container elementor-column-gap-default\">\n\t\t\t\t\t<div class=\"elementor-column elementor-col-100 elementor-top-column elementor-element elementor-element-261fe3f8\" data-id=\"261fe3f8\" data-element_type=\"column\" data-e-type=\"column\">\n\t\t\t<div class=\"elementor-widget-wrap elementor-element-populated\">\n\t\t\t\t\t\t<div class=\"elementor-element elementor-element-525ecfff elementor-widget elementor-widget-text-editor\" data-id=\"525ecfff\" data-element_type=\"widget\" data-e-type=\"widget\" data-widget_type=\"text-editor.default\">\n\t\t\t\t<div class=\"elementor-widget-container\">\n\t\t\t\t\t\t\t\t\t<p><a href=\"https:\/\/teslafm.net\/en\/seccion-aurea-11\/\"><strong>Golden Section #11 \/ + info <\/strong><\/a><span style=\"color: #808080;\"><em>February 2020<\/em><\/span><\/p><p><iframe src=\"https:\/\/www.mixcloud.com\/widget\/iframe\/?hide_cover=1&amp;feed=%2FTeslafm_net%2Fsecci%C3%B3n-%C3%A1urea-11-alfonso-alfonso%2F\" width=\"100%\" height=\"120\" frameborder=\"0\"><\/iframe><\/p><p><a href=\"https:\/\/teslafm.net\/en\/seccion-aurea-10\/\"><strong>Golden Section #10 \/ + info <\/strong><\/a><span style=\"color: #808080;\"><em>January 2020<\/em><\/span><\/p><p><iframe src=\"https:\/\/www.mixcloud.com\/widget\/iframe\/?hide_cover=1&amp;feed=%2FTeslafm_net%2Fsecci%C3%B3n-%C3%A1urea-10-alfonso-alfonso%2F\" width=\"100%\" height=\"120\" frameborder=\"0\"><\/iframe><\/p><p><a href=\"https:\/\/teslafm.net\/en\/seccion-aurea-9\/\"><strong>Golden Section #9 \/ + info <\/strong><\/a><span style=\"color: #808080;\"><em>December 2019<\/em><\/span><\/p><p><iframe src=\"https:\/\/www.mixcloud.com\/widget\/iframe\/?hide_cover=1&amp;feed=%2FTeslafm_net%2Fsecci%C3%B3n-%C3%A1urea-9-alfonso-alfonso%2F\" width=\"100%\" height=\"120\" frameborder=\"0\"><\/iframe><\/p><p><a href=\"https:\/\/teslafm.net\/en\/seccion-aurea-8\/\"><strong>Golden Section #8 \/ + info <\/strong><\/a><span style=\"color: #808080;\"><em>November 2019<\/em><\/span><\/p><p><iframe src=\"https:\/\/www.mixcloud.com\/widget\/iframe\/?hide_cover=1&amp;feed=%2FTeslafm_net%2Fsecci%C3%B3n-%C3%A1urea-8-alfonso-alfonso%2F\" width=\"100%\" height=\"120\" frameborder=\"0\"><\/iframe><\/p><p><a href=\"https:\/\/teslafm.net\/en\/seccion-aurea-7\/\"><strong>Golden Section #7 \/ + info <\/strong><\/a><span style=\"color: #808080;\"><em>October 2019<\/em><\/span><\/p><p><iframe src=\"https:\/\/www.mixcloud.com\/widget\/iframe\/?hide_cover=1&amp;feed=%2FTeslafm_net%2Fsecci%C3%B3n-%C3%A1urea-7-alfonso-alfonso%2F\" width=\"100%\" height=\"120\" frameborder=\"0\"><\/iframe><\/p><p><a href=\"https:\/\/teslafm.net\/en\/seccion-aurea-6\/\"><strong>Golden Section #6 \/ + info <\/strong><\/a><span style=\"color: #808080;\"><em>September 2019<\/em><\/span><\/p><p><iframe src=\"https:\/\/www.mixcloud.com\/widget\/iframe\/?hide_cover=1&amp;feed=%2FTeslafm_net%2Fsecci%C3%B3n-%C3%A1urea-6-alfonso-alfonso%2F\" width=\"100%\" height=\"120\" frameborder=\"0\"><\/iframe><\/p><p><a href=\"https:\/\/teslafm.net\/en\/seccion-aurea-5\/\"><strong>Golden Section #5 \/ + info <\/strong><\/a><span style=\"color: #808080;\"><em>Juli0 2019<\/em><\/span><\/p><p><iframe src=\"https:\/\/www.mixcloud.com\/widget\/iframe\/?hide_cover=1&amp;feed=%2FTeslafm_net%2Fsecci%C3%B3n-%C3%A1urea-5-alfonso-alfonso%2F\" width=\"100%\" height=\"120\" frameborder=\"0\"><\/iframe><\/p><p><a href=\"https:\/\/teslafm.net\/en\/seccion-aurea-4\/\"><strong>Golden Section #4 \/ + info\u00a0<\/strong> <\/a><span style=\"color: #808080;\"><em>June 2019<\/em><\/span><\/p><p><iframe src=\"https:\/\/www.mixcloud.com\/widget\/iframe\/?hide_cover=1&amp;feed=%2FTeslafm_net%2Fsecci%C3%B3n-%C3%A1urea-4-alfonso-alfonso%2F\" width=\"100%\" height=\"120\" frameborder=\"0\"><\/iframe><\/p><p><a href=\"https:\/\/teslafm.net\/en\/seccion-aurea-3\/\"><strong>Golden Section #3 \/ + info <\/strong><\/a><span style=\"color: #808080;\"><em>May 2019<\/em><\/span><\/p><p><iframe src=\"https:\/\/www.mixcloud.com\/widget\/iframe\/?hide_cover=1&amp;feed=%2FTeslafm_net%2Fsecci%C3%B3n-%C3%A1urea-3-alfonso-alfonso%2F\" width=\"100%\" height=\"120\" frameborder=\"0\"><\/iframe><\/p><p><a href=\"https:\/\/teslafm.net\/en\/seccion-aurea-2\/\"><strong>Golden Section #2 \/ + info<\/strong><\/a> <span style=\"color: #808080;\"><em>April 2019<\/em><\/span><\/p><p><iframe src=\"https:\/\/www.mixcloud.com\/widget\/iframe\/?hide_cover=1&amp;feed=%2FTeslafm_net%2Fsecci%C3%B3n-%C3%A1urea-2-alfonso-alfonso%2F\" width=\"100%\" height=\"120\" frameborder=\"0\"><\/iframe><\/p><p><a href=\"https:\/\/teslafm.net\/en\/seccion-aurea-1\/\"><strong>Golden Section #1 \/ + info<\/strong> <\/a><span style=\"color: #808080;\"><em>March 2019<\/em><\/span><\/p><p><iframe src=\"https:\/\/www.mixcloud.com\/widget\/iframe\/?hide_cover=1&amp;feed=%2FTeslafm_net%2Fsecci%C3%B3n-%C3%A1urea-1-alfonso-alfonso%2F\" width=\"100%\" height=\"120\" frameborder=\"0\"><\/iframe><\/p>\t\t\t\t\t\t\t\t<\/div>\n\t\t\t\t<\/div>\n\t\t\t\t\t<\/div>\n\t\t<\/div>\n\t\t\t\t\t<\/div>\n\t\t<\/section>\n\t\t\t\t<\/div>","protected":false},"excerpt":{"rendered":"<p>ALFONSO ALFONSO M\u00fasico involucrado en diferentes proyectos y colaboraciones a lo largo de los a\u00f1os, el principal de los cuales ha sido Schwarz, banda en la que estuvo al frente veinte a\u00f1os y con la que grab\u00f3 nueve \u00e1lbumes. Actualmente forma parte de Espiricom, d\u00fao de avant-trance-rock cuyo primer disco acaba de aparecer. Tambi\u00e9n hace [&hellip;]<\/p>\n","protected":false},"author":19,"featured_media":0,"parent":0,"menu_order":0,"comment_status":"closed","ping_status":"closed","template":"","meta":{"footnotes":""},"class_list":["post-1687","page","type-page","status-publish","hentry"],"yoast_head":"<!-- This site is optimized with the Yoast SEO plugin v27.4 - https:\/\/yoast.com\/product\/yoast-seo-wordpress\/ -->\n<title>Secci\u00f3n \u00c1urea -<\/title>\n<meta name=\"robots\" content=\"index, follow, max-snippet:-1, max-image-preview:large, max-video-preview:-1\" \/>\n<link rel=\"canonical\" href=\"https:\/\/teslafm.net\/en\/seccion-aurea\/\" \/>\n<meta property=\"og:locale\" content=\"en_US\" \/>\n<meta property=\"og:type\" content=\"article\" \/>\n<meta property=\"og:title\" content=\"Secci\u00f3n \u00c1urea -\" \/>\n<meta property=\"og:description\" content=\"ALFONSO ALFONSO M\u00fasico involucrado en diferentes proyectos y colaboraciones a lo largo de los a\u00f1os, el principal de los cuales ha sido Schwarz, banda en la que estuvo al frente veinte a\u00f1os y con la que grab\u00f3 nueve \u00e1lbumes. Actualmente forma parte de Espiricom, d\u00fao de avant-trance-rock cuyo primer disco acaba de aparecer. Tambi\u00e9n hace [&hellip;]\" \/>\n<meta property=\"og:url\" content=\"https:\/\/teslafm.net\/en\/seccion-aurea\/\" \/>\n<meta property=\"article:publisher\" content=\"https:\/\/www.facebook.com\/teslafm.net\" \/>\n<meta property=\"article:modified_time\" content=\"2021-05-10T18:03:56+00:00\" \/>\n<meta property=\"og:image\" content=\"https:\/\/teslafm.net\/wp-content\/uploads\/2021\/04\/Foto_TESLA-FM-300x300.jpg\" \/>\n<meta name=\"twitter:card\" content=\"summary_large_image\" \/>\n<meta name=\"twitter:site\" content=\"@teslafm\" \/>\n<meta name=\"twitter:label1\" content=\"Est. reading time\" \/>\n\t<meta name=\"twitter:data1\" content=\"2 minutes\" \/>\n<script type=\"application\/ld+json\" class=\"yoast-schema-graph\">{\"@context\":\"https:\\\/\\\/schema.org\",\"@graph\":[{\"@type\":\"WebPage\",\"@id\":\"https:\\\/\\\/teslafm.net\\\/seccion-aurea\\\/\",\"url\":\"https:\\\/\\\/teslafm.net\\\/seccion-aurea\\\/\",\"name\":\"Secci\u00f3n \u00c1urea -\",\"isPartOf\":{\"@id\":\"https:\\\/\\\/teslafm.net\\\/#website\"},\"primaryImageOfPage\":{\"@id\":\"https:\\\/\\\/teslafm.net\\\/seccion-aurea\\\/#primaryimage\"},\"image\":{\"@id\":\"https:\\\/\\\/teslafm.net\\\/seccion-aurea\\\/#primaryimage\"},\"thumbnailUrl\":\"https:\\\/\\\/teslafm.net\\\/wp-content\\\/uploads\\\/2021\\\/04\\\/Foto_TESLA-FM-300x300.jpg\",\"datePublished\":\"2019-02-15T09:55:52+00:00\",\"dateModified\":\"2021-05-10T18:03:56+00:00\",\"breadcrumb\":{\"@id\":\"https:\\\/\\\/teslafm.net\\\/seccion-aurea\\\/#breadcrumb\"},\"inLanguage\":\"en-US\",\"potentialAction\":[{\"@type\":\"ReadAction\",\"target\":[\"https:\\\/\\\/teslafm.net\\\/seccion-aurea\\\/\"]}]},{\"@type\":\"ImageObject\",\"inLanguage\":\"en-US\",\"@id\":\"https:\\\/\\\/teslafm.net\\\/seccion-aurea\\\/#primaryimage\",\"url\":\"https:\\\/\\\/teslafm.net\\\/wp-content\\\/uploads\\\/2021\\\/04\\\/Foto_TESLA-FM-300x300.jpg\",\"contentUrl\":\"https:\\\/\\\/teslafm.net\\\/wp-content\\\/uploads\\\/2021\\\/04\\\/Foto_TESLA-FM-300x300.jpg\"},{\"@type\":\"BreadcrumbList\",\"@id\":\"https:\\\/\\\/teslafm.net\\\/seccion-aurea\\\/#breadcrumb\",\"itemListElement\":[{\"@type\":\"ListItem\",\"position\":1,\"name\":\"Portada\",\"item\":\"https:\\\/\\\/teslafm.net\\\/\"},{\"@type\":\"ListItem\",\"position\":2,\"name\":\"Secci\u00f3n \u00c1urea\"}]},{\"@type\":\"WebSite\",\"@id\":\"https:\\\/\\\/teslafm.net\\\/#website\",\"url\":\"https:\\\/\\\/teslafm.net\\\/\",\"name\":\"TeslaFM\",\"description\":\"An experimental and creative radio\",\"publisher\":{\"@id\":\"https:\\\/\\\/teslafm.net\\\/#organization\"},\"potentialAction\":[{\"@type\":\"SearchAction\",\"target\":{\"@type\":\"EntryPoint\",\"urlTemplate\":\"https:\\\/\\\/teslafm.net\\\/?s={search_term_string}\"},\"query-input\":{\"@type\":\"PropertyValueSpecification\",\"valueRequired\":true,\"valueName\":\"search_term_string\"}}],\"inLanguage\":\"en-US\"},{\"@type\":\"Organization\",\"@id\":\"https:\\\/\\\/teslafm.net\\\/#organization\",\"name\":\"TeslaFM\",\"url\":\"https:\\\/\\\/teslafm.net\\\/\",\"logo\":{\"@type\":\"ImageObject\",\"inLanguage\":\"en-US\",\"@id\":\"https:\\\/\\\/teslafm.net\\\/#\\\/schema\\\/logo\\\/image\\\/\",\"url\":\"https:\\\/\\\/teslafm.net\\\/wp-content\\\/uploads\\\/2020\\\/06\\\/logo-tesla.png\",\"contentUrl\":\"https:\\\/\\\/teslafm.net\\\/wp-content\\\/uploads\\\/2020\\\/06\\\/logo-tesla.png\",\"width\":512,\"height\":512,\"caption\":\"TeslaFM\"},\"image\":{\"@id\":\"https:\\\/\\\/teslafm.net\\\/#\\\/schema\\\/logo\\\/image\\\/\"},\"sameAs\":[\"https:\\\/\\\/www.facebook.com\\\/teslafm.net\",\"https:\\\/\\\/x.com\\\/teslafm\"]}]}<\/script>\n<!-- \/ Yoast SEO plugin. -->","yoast_head_json":{"title":"Golden Section -","robots":{"index":"index","follow":"follow","max-snippet":"max-snippet:-1","max-image-preview":"max-image-preview:large","max-video-preview":"max-video-preview:-1"},"canonical":"https:\/\/teslafm.net\/en\/seccion-aurea\/","og_locale":"en_US","og_type":"article","og_title":"Secci\u00f3n \u00c1urea -","og_description":"ALFONSO ALFONSO M\u00fasico involucrado en diferentes proyectos y colaboraciones a lo largo de los a\u00f1os, el principal de los cuales ha sido Schwarz, banda en la que estuvo al frente veinte a\u00f1os y con la que grab\u00f3 nueve \u00e1lbumes. Actualmente forma parte de Espiricom, d\u00fao de avant-trance-rock cuyo primer disco acaba de aparecer. Tambi\u00e9n hace [&hellip;]","og_url":"https:\/\/teslafm.net\/en\/seccion-aurea\/","article_publisher":"https:\/\/www.facebook.com\/teslafm.net","article_modified_time":"2021-05-10T18:03:56+00:00","og_image":[{"url":"https:\/\/teslafm.net\/wp-content\/uploads\/2021\/04\/Foto_TESLA-FM-300x300.jpg","type":"","width":"","height":""}],"twitter_card":"summary_large_image","twitter_site":"@teslafm","twitter_misc":{"Est. reading time":"2 minutes"},"schema":{"@context":"https:\/\/schema.org","@graph":[{"@type":"WebPage","@id":"https:\/\/teslafm.net\/seccion-aurea\/","url":"https:\/\/teslafm.net\/seccion-aurea\/","name":"Golden Section -","isPartOf":{"@id":"https:\/\/teslafm.net\/#website"},"primaryImageOfPage":{"@id":"https:\/\/teslafm.net\/seccion-aurea\/#primaryimage"},"image":{"@id":"https:\/\/teslafm.net\/seccion-aurea\/#primaryimage"},"thumbnailUrl":"https:\/\/teslafm.net\/wp-content\/uploads\/2021\/04\/Foto_TESLA-FM-300x300.jpg","datePublished":"2019-02-15T09:55:52+00:00","dateModified":"2021-05-10T18:03:56+00:00","breadcrumb":{"@id":"https:\/\/teslafm.net\/seccion-aurea\/#breadcrumb"},"inLanguage":"en-US","potentialAction":[{"@type":"ReadAction","target":["https:\/\/teslafm.net\/seccion-aurea\/"]}]},{"@type":"ImageObject","inLanguage":"en-US","@id":"https:\/\/teslafm.net\/seccion-aurea\/#primaryimage","url":"https:\/\/teslafm.net\/wp-content\/uploads\/2021\/04\/Foto_TESLA-FM-300x300.jpg","contentUrl":"https:\/\/teslafm.net\/wp-content\/uploads\/2021\/04\/Foto_TESLA-FM-300x300.jpg"},{"@type":"BreadcrumbList","@id":"https:\/\/teslafm.net\/seccion-aurea\/#breadcrumb","itemListElement":[{"@type":"ListItem","position":1,"name":"Portada","item":"https:\/\/teslafm.net\/"},{"@type":"ListItem","position":2,"name":"Secci\u00f3n \u00c1urea"}]},{"@type":"WebSite","@id":"https:\/\/teslafm.net\/#website","url":"https:\/\/teslafm.net\/","name":"TeslaFM","description":"An experimental and creative radio","publisher":{"@id":"https:\/\/teslafm.net\/#organization"},"potentialAction":[{"@type":"SearchAction","target":{"@type":"EntryPoint","urlTemplate":"https:\/\/teslafm.net\/?s={search_term_string}"},"query-input":{"@type":"PropertyValueSpecification","valueRequired":true,"valueName":"search_term_string"}}],"inLanguage":"en-US"},{"@type":"Organization","@id":"https:\/\/teslafm.net\/#organization","name":"TeslaFM","url":"https:\/\/teslafm.net\/","logo":{"@type":"ImageObject","inLanguage":"en-US","@id":"https:\/\/teslafm.net\/#\/schema\/logo\/image\/","url":"https:\/\/teslafm.net\/wp-content\/uploads\/2020\/06\/logo-tesla.png","contentUrl":"https:\/\/teslafm.net\/wp-content\/uploads\/2020\/06\/logo-tesla.png","width":512,"height":512,"caption":"TeslaFM"},"image":{"@id":"https:\/\/teslafm.net\/#\/schema\/logo\/image\/"},"sameAs":["https:\/\/www.facebook.com\/teslafm.net","https:\/\/x.com\/teslafm"]}]}},"rttpg_featured_image_url":null,"rttpg_author":{"display_name":"Ishak","author_link":"https:\/\/teslafm.net\/en\/author\/cravan\/"},"rttpg_comment":0,"rttpg_category":null,"rttpg_excerpt":"ALFONSO ALFONSO M\u00fasico involucrado en diferentes proyectos y colaboraciones a lo largo de los a\u00f1os, el principal de los cuales ha sido Schwarz, banda en la que estuvo al frente veinte a\u00f1os y con la que grab\u00f3 nueve \u00e1lbumes. Actualmente forma parte de Espiricom, d\u00fao de avant-trance-rock cuyo primer disco acaba de aparecer. Tambi\u00e9n hace&hellip;","_links":{"self":[{"href":"https:\/\/teslafm.net\/en\/wp-json\/wp\/v2\/pages\/1687","targetHints":{"allow":["GET"]}}],"collection":[{"href":"https:\/\/teslafm.net\/en\/wp-json\/wp\/v2\/pages"}],"about":[{"href":"https:\/\/teslafm.net\/en\/wp-json\/wp\/v2\/types\/page"}],"author":[{"embeddable":true,"href":"https:\/\/teslafm.net\/en\/wp-json\/wp\/v2\/users\/19"}],"replies":[{"embeddable":true,"href":"https:\/\/teslafm.net\/en\/wp-json\/wp\/v2\/comments?post=1687"}],"version-history":[{"count":45,"href":"https:\/\/teslafm.net\/en\/wp-json\/wp\/v2\/pages\/1687\/revisions"}],"predecessor-version":[{"id":58054,"href":"https:\/\/teslafm.net\/en\/wp-json\/wp\/v2\/pages\/1687\/revisions\/58054"}],"wp:attachment":[{"href":"https:\/\/teslafm.net\/en\/wp-json\/wp\/v2\/media?parent=1687"}],"curies":[{"name":"wp","href":"https:\/\/api.w.org\/{rel}","templated":true}]}}