

{"id":1702,"date":"2019-02-19T11:42:31","date_gmt":"2019-02-19T10:42:31","guid":{"rendered":"https:\/\/teslafm.net\/?page_id=1702"},"modified":"2020-10-04T15:10:54","modified_gmt":"2020-10-04T13:10:54","slug":"luna-llena-2","status":"publish","type":"page","link":"https:\/\/teslafm.net\/en\/luna-llena-2\/","title":{"rendered":"Full Moon #2"},"content":{"rendered":"<div data-elementor-type=\"wp-page\" data-elementor-id=\"1702\" class=\"elementor elementor-1702\">\n\t\t\t\t\t\t<section class=\"elementor-section elementor-top-section elementor-element elementor-element-72d9c81 elementor-section-boxed elementor-section-height-default elementor-section-height-default\" data-id=\"72d9c81\" data-element_type=\"section\" data-e-type=\"section\">\n\t\t\t\t\t\t<div class=\"elementor-container elementor-column-gap-default\">\n\t\t\t\t\t<div class=\"elementor-column elementor-col-100 elementor-top-column elementor-element elementor-element-b256059\" data-id=\"b256059\" data-element_type=\"column\" data-e-type=\"column\">\n\t\t\t<div class=\"elementor-widget-wrap elementor-element-populated\">\n\t\t\t\t\t\t<div class=\"elementor-element elementor-element-952ed6a elementor-widget elementor-widget-text-editor\" data-id=\"952ed6a\" data-element_type=\"widget\" data-e-type=\"widget\" data-widget_type=\"text-editor.default\">\n\t\t\t\t<div class=\"elementor-widget-container\">\n\t\t\t\t\t\t\t\t\t<h2><span style=\"color: #ffffff;\"><strong>Full Moon #2<\/strong><\/span><\/h2><p><span style=\"color: #808080;\"><em>Dada and Avant-Garde Music<\/em><\/span><\/p><p><iframe src=\"https:\/\/www.mixcloud.com\/widget\/iframe\/?hide_cover=1&amp;feed=%2FTeslafm_net%2Fluna-llena-2-dad%C3%A1-y-m%C3%BAsica-vanguardista%2F\" width=\"100%\" height=\"120\" frameborder=\"0\"><\/iframe><\/p>\t\t\t\t\t\t\t\t<\/div>\n\t\t\t\t<\/div>\n\t\t\t\t\t<\/div>\n\t\t<\/div>\n\t\t\t\t\t<\/div>\n\t\t<\/section>\n\t\t\t\t<section class=\"elementor-section elementor-top-section elementor-element elementor-element-dd1eee8 elementor-section-boxed elementor-section-height-default elementor-section-height-default\" data-id=\"dd1eee8\" data-element_type=\"section\" data-e-type=\"section\">\n\t\t\t\t\t\t<div class=\"elementor-container elementor-column-gap-default\">\n\t\t\t\t\t<div class=\"elementor-column elementor-col-100 elementor-top-column elementor-element elementor-element-005d6d7\" data-id=\"005d6d7\" data-element_type=\"column\" data-e-type=\"column\">\n\t\t\t<div class=\"elementor-widget-wrap elementor-element-populated\">\n\t\t\t\t\t\t<div class=\"elementor-element elementor-element-fb977e4 elementor-widget elementor-widget-gallery\" data-id=\"fb977e4\" data-element_type=\"widget\" data-e-type=\"widget\" data-settings=\"{&quot;aspect_ratio&quot;:&quot;9:16&quot;,&quot;gallery_layout&quot;:&quot;grid&quot;,&quot;columns&quot;:4,&quot;columns_tablet&quot;:2,&quot;columns_mobile&quot;:1,&quot;gap&quot;:{&quot;unit&quot;:&quot;px&quot;,&quot;size&quot;:10,&quot;sizes&quot;:[]},&quot;gap_tablet&quot;:{&quot;unit&quot;:&quot;px&quot;,&quot;size&quot;:10,&quot;sizes&quot;:[]},&quot;gap_mobile&quot;:{&quot;unit&quot;:&quot;px&quot;,&quot;size&quot;:10,&quot;sizes&quot;:[]},&quot;link_to&quot;:&quot;file&quot;,&quot;overlay_background&quot;:&quot;yes&quot;,&quot;content_hover_animation&quot;:&quot;fade-in&quot;}\" data-widget_type=\"gallery.default\">\n\t\t\t\t<div class=\"elementor-widget-container\">\n\t\t\t\t\t\t\t<div class=\"elementor-gallery__container\">\n\t\t\t\t\t\t\t<a class=\"e-gallery-item elementor-gallery-item elementor-animated-content\" href=\"https:\/\/teslafm.net\/wp-content\/uploads\/2020\/05\/tristan-tzara-siete-manifiestos-dada.jpg\" data-elementor-open-lightbox=\"yes\" data-elementor-lightbox-slideshow=\"all-fb977e4\" data-elementor-lightbox-title=\"tristan-tzara-siete-manifiestos-dada\" data-e-action-hash=\"#elementor-action%3Aaction%3Dlightbox%26settings%3DeyJpZCI6NTM2ODIsInVybCI6Imh0dHBzOlwvXC90ZXNsYWZtLm5ldFwvd3AtY29udGVudFwvdXBsb2Fkc1wvMjAyMFwvMDVcL3RyaXN0YW4tdHphcmEtc2lldGUtbWFuaWZpZXN0b3MtZGFkYS5qcGciLCJzbGlkZXNob3ciOiJhbGwtZmI5NzdlNCJ9\">\n\t\t\t\t\t<div class=\"e-gallery-image elementor-gallery-item__image\" data-thumbnail=\"https:\/\/teslafm.net\/wp-content\/uploads\/2020\/05\/tristan-tzara-siete-manifiestos-dada.jpg\" data-width=\"638\" data-height=\"852\" alt=\"\" ><\/div>\n\t\t\t\t\t\t\t\t\t\t\t<div class=\"elementor-gallery-item__overlay\"><\/div>\n\t\t\t\t\t\t\t\t\t\t\t\t\t\t<\/a>\n\t\t\t\t\t\t\t<a class=\"e-gallery-item elementor-gallery-item elementor-animated-content\" href=\"https:\/\/teslafm.net\/wp-content\/uploads\/2020\/05\/erik-satie-1922-c2a9-man-ray.jpg\" data-elementor-open-lightbox=\"yes\" data-elementor-lightbox-slideshow=\"all-fb977e4\" data-elementor-lightbox-title=\"erik-satie-1922-c2a9-man-ray\" data-e-action-hash=\"#elementor-action%3Aaction%3Dlightbox%26settings%3DeyJpZCI6NTM2ODQsInVybCI6Imh0dHBzOlwvXC90ZXNsYWZtLm5ldFwvd3AtY29udGVudFwvdXBsb2Fkc1wvMjAyMFwvMDVcL2VyaWstc2F0aWUtMTkyMi1jMmE5LW1hbi1yYXkuanBnIiwic2xpZGVzaG93IjoiYWxsLWZiOTc3ZTQifQ%3D%3D\">\n\t\t\t\t\t<div class=\"e-gallery-image elementor-gallery-item__image\" data-thumbnail=\"https:\/\/teslafm.net\/wp-content\/uploads\/2020\/05\/erik-satie-1922-c2a9-man-ray.jpg\" data-width=\"307\" data-height=\"439\" alt=\"\" ><\/div>\n\t\t\t\t\t\t\t\t\t\t\t<div class=\"elementor-gallery-item__overlay\"><\/div>\n\t\t\t\t\t\t\t\t\t\t\t\t\t\t<\/a>\n\t\t\t\t\t\t\t<a class=\"e-gallery-item elementor-gallery-item elementor-animated-content\" href=\"https:\/\/teslafm.net\/wp-content\/uploads\/2020\/05\/Jean-Cocteau-y-el-m\u00fasico-Georges-Auric-en-1924-BNF.jpg\" data-elementor-open-lightbox=\"yes\" data-elementor-lightbox-slideshow=\"all-fb977e4\" data-elementor-lightbox-title=\"Jean-Cocteau-y-el-m\u00fasico-Georges-Auric-en-1924-BNF\" data-e-action-hash=\"#elementor-action%3Aaction%3Dlightbox%26settings%3DeyJpZCI6NTM2NzIsInVybCI6Imh0dHBzOlwvXC90ZXNsYWZtLm5ldFwvd3AtY29udGVudFwvdXBsb2Fkc1wvMjAyMFwvMDVcL0plYW4tQ29jdGVhdS15LWVsLW1cdTAwZmFzaWNvLUdlb3JnZXMtQXVyaWMtZW4tMTkyNC1CTkYuanBnIiwic2xpZGVzaG93IjoiYWxsLWZiOTc3ZTQifQ%3D%3D\">\n\t\t\t\t\t<div class=\"e-gallery-image elementor-gallery-item__image\" data-thumbnail=\"https:\/\/teslafm.net\/wp-content\/uploads\/2020\/05\/Jean-Cocteau-y-el-m\u00fasico-Georges-Auric-en-1924-BNF.jpg\" data-width=\"247\" data-height=\"346\" alt=\"\" ><\/div>\n\t\t\t\t\t\t\t\t\t\t\t<div class=\"elementor-gallery-item__overlay\"><\/div>\n\t\t\t\t\t\t\t\t\t\t\t\t\t\t<\/a>\n\t\t\t\t\t\t\t<a class=\"e-gallery-item elementor-gallery-item elementor-animated-content\" href=\"https:\/\/teslafm.net\/wp-content\/uploads\/2020\/05\/d2fef6d3f200967c191aaf35b6befaef-jean-cocteau-vintage-men.jpg\" data-elementor-open-lightbox=\"yes\" data-elementor-lightbox-slideshow=\"all-fb977e4\" data-elementor-lightbox-title=\"d2fef6d3f200967c191aaf35b6befaef--jean-cocteau-vintage-men\" data-e-action-hash=\"#elementor-action%3Aaction%3Dlightbox%26settings%3DeyJpZCI6NTM2NzMsInVybCI6Imh0dHBzOlwvXC90ZXNsYWZtLm5ldFwvd3AtY29udGVudFwvdXBsb2Fkc1wvMjAyMFwvMDVcL2QyZmVmNmQzZjIwMDk2N2MxOTFhYWYzNWI2YmVmYWVmLWplYW4tY29jdGVhdS12aW50YWdlLW1lbi5qcGciLCJzbGlkZXNob3ciOiJhbGwtZmI5NzdlNCJ9\">\n\t\t\t\t\t<div class=\"e-gallery-image elementor-gallery-item__image\" data-thumbnail=\"https:\/\/teslafm.net\/wp-content\/uploads\/2020\/05\/d2fef6d3f200967c191aaf35b6befaef-jean-cocteau-vintage-men.jpg\" data-width=\"236\" data-height=\"349\" alt=\"\" ><\/div>\n\t\t\t\t\t\t\t\t\t\t\t<div class=\"elementor-gallery-item__overlay\"><\/div>\n\t\t\t\t\t\t\t\t\t\t\t\t\t\t<\/a>\n\t\t\t\t\t<\/div>\n\t\t\t\t\t<\/div>\n\t\t\t\t<\/div>\n\t\t\t\t\t<\/div>\n\t\t<\/div>\n\t\t\t\t\t<\/div>\n\t\t<\/section>\n\t\t\t\t<section class=\"elementor-section elementor-top-section elementor-element elementor-element-cea7b63 elementor-section-boxed elementor-section-height-default elementor-section-height-default\" data-id=\"cea7b63\" data-element_type=\"section\" data-e-type=\"section\">\n\t\t\t\t\t\t<div class=\"elementor-container elementor-column-gap-default\">\n\t\t\t\t\t<div class=\"elementor-column elementor-col-100 elementor-top-column elementor-element elementor-element-35435ca7\" data-id=\"35435ca7\" data-element_type=\"column\" data-e-type=\"column\">\n\t\t\t<div class=\"elementor-widget-wrap elementor-element-populated\">\n\t\t\t\t\t\t<div class=\"elementor-element elementor-element-1ccd6e7c elementor-widget elementor-widget-text-editor\" data-id=\"1ccd6e7c\" data-element_type=\"widget\" data-e-type=\"widget\" data-widget_type=\"text-editor.default\">\n\t\t\t\t<div class=\"elementor-widget-container\">\n\t\t\t\t\t\t\t\t\t<p><span style=\"color: #808080;\">Readings of the following Dadaist manifestos by Tristan Tzara contained in The Seven Dada Manifestos of 1918.<\/span><\/p><p><span style=\"color: #808080;\">01. Manifesto of Mr. Antipirin<br \/>02. <\/span><span style=\"color: #808080;\">Proclamation without pretense<br \/><\/span><span style=\"color: #808080;\">03. <\/span><span style=\"color: #808080;\">Manifesto of Mr. Aa the antiphilosopher<br \/><\/span><span style=\"color: #808080;\">04. Mr. Aa the antiphilosopher sends us this manifesto<br \/><\/span><span style=\"color: #808080;\">05. Dada, manifesto on weak love and bitter love ( I - IV)<\/span><\/p><p><span style=\"color: #808080;\">Voice: <strong>Shak Benavides<\/strong><\/span><\/p><p><strong><span style=\"color: #808080;\"><b>MUSIC SELECTION<\/b><br \/><\/span><\/strong><span style=\"color: #808080;\">01. <strong>Erik Satie<\/strong> - Parade: Ballet realiste on a theme of Jean Cocteau (1916)<br \/>02. <\/span><span style=\"color: #808080;\"><strong>Georges Auric<\/strong> - Trois Interludes: Le Pouf, Le Gloxinia, Le Tilbury (1914)*.<br \/><\/span><span style=\"color: #808080;\">03. <strong>Darius Milhaud<\/strong> - Le Bouef sur le toit: Ballet after Jean Cocteau (1919)<br \/><\/span><span style=\"color: #808080;\">04. <strong>Georges Auric<\/strong> - Interlude<\/span><\/p><p><span style=\"color: #808080;\">*Poems written by <strong>Ren\u00e9 Chalupt<\/strong> (1885-1957) in 1912, for the magazine <strong>Recueil pour Ariane ou Le Pavillon dans le Parc<\/strong>sung by <strong>Sonia de Beaufort<\/strong>.<\/span><\/p><p><span style=\"color: #808080;\">Produced by <strong>Shak Benavides<\/strong>.<\/span><\/p>\t\t\t\t\t\t\t\t<\/div>\n\t\t\t\t<\/div>\n\t\t\t\t\t<\/div>\n\t\t<\/div>\n\t\t\t\t\t<\/div>\n\t\t<\/section>\n\t\t\t\t<\/div>","protected":false},"excerpt":{"rendered":"<p>Luna Llena #2 Dad\u00e1 y M\u00fasica Vanguardista Lecturas de los siguientes manifiestos dada\u00edstas de Tristan Tzara contenidos en Los Siete Manifiestos Dada de 1918. 01. Manifiesto del se\u00f1or Antipirina02. Proclamaci\u00f3n sin pretensi\u00f3n03. Manifiesto del se\u00f1or Aa el antifil\u00f3sofo04. Se\u00f1or Aa el antifil\u00f3sofo nos env\u00eda este manifiesto05. Dada, manifiesto sobre el amor d\u00e9bil y el amor [&hellip;]<\/p>\n","protected":false},"author":19,"featured_media":0,"parent":0,"menu_order":0,"comment_status":"closed","ping_status":"closed","template":"","meta":{"footnotes":""},"class_list":["post-1702","page","type-page","status-publish","hentry"],"yoast_head":"<!-- This site is optimized with the Yoast SEO plugin v27.2 - https:\/\/yoast.com\/product\/yoast-seo-wordpress\/ -->\n<title>Luna Llena #2 -<\/title>\n<meta name=\"robots\" content=\"index, follow, max-snippet:-1, max-image-preview:large, max-video-preview:-1\" \/>\n<link rel=\"canonical\" href=\"https:\/\/teslafm.net\/en\/luna-llena-2\/\" \/>\n<meta property=\"og:locale\" content=\"en_US\" \/>\n<meta property=\"og:type\" content=\"article\" \/>\n<meta property=\"og:title\" content=\"Luna Llena #2 -\" \/>\n<meta property=\"og:description\" content=\"Luna Llena #2 Dad\u00e1 y M\u00fasica Vanguardista Lecturas de los siguientes manifiestos dada\u00edstas de Tristan Tzara contenidos en Los Siete Manifiestos Dada de 1918. 01. Manifiesto del se\u00f1or Antipirina02. Proclamaci\u00f3n sin pretensi\u00f3n03. Manifiesto del se\u00f1or Aa el antifil\u00f3sofo04. Se\u00f1or Aa el antifil\u00f3sofo nos env\u00eda este manifiesto05. Dada, manifiesto sobre el amor d\u00e9bil y el amor [&hellip;]\" \/>\n<meta property=\"og:url\" content=\"https:\/\/teslafm.net\/en\/luna-llena-2\/\" \/>\n<meta property=\"article:publisher\" content=\"https:\/\/www.facebook.com\/teslafm.net\" \/>\n<meta property=\"article:modified_time\" content=\"2020-10-04T13:10:54+00:00\" \/>\n<meta property=\"og:image\" content=\"https:\/\/teslafm.net\/wp-content\/uploads\/2022\/09\/header-image-4-temp.png\" \/>\n\t<meta property=\"og:image:width\" content=\"1274\" \/>\n\t<meta property=\"og:image:height\" content=\"818\" \/>\n\t<meta property=\"og:image:type\" content=\"image\/png\" \/>\n<meta name=\"twitter:card\" content=\"summary_large_image\" \/>\n<meta name=\"twitter:site\" content=\"@teslafm\" \/>\n<meta name=\"twitter:label1\" content=\"Est. reading time\" \/>\n\t<meta name=\"twitter:data1\" content=\"1 minute\" \/>\n<script type=\"application\/ld+json\" class=\"yoast-schema-graph\">{\"@context\":\"https:\/\/schema.org\",\"@graph\":[{\"@type\":\"WebPage\",\"@id\":\"https:\/\/teslafm.net\/luna-llena-2\/\",\"url\":\"https:\/\/teslafm.net\/luna-llena-2\/\",\"name\":\"Luna Llena #2 -\",\"isPartOf\":{\"@id\":\"https:\/\/teslafm.net\/#website\"},\"datePublished\":\"2019-02-19T10:42:31+00:00\",\"dateModified\":\"2020-10-04T13:10:54+00:00\",\"breadcrumb\":{\"@id\":\"https:\/\/teslafm.net\/luna-llena-2\/#breadcrumb\"},\"inLanguage\":\"en-US\",\"potentialAction\":[{\"@type\":\"ReadAction\",\"target\":[\"https:\/\/teslafm.net\/luna-llena-2\/\"]}]},{\"@type\":\"BreadcrumbList\",\"@id\":\"https:\/\/teslafm.net\/luna-llena-2\/#breadcrumb\",\"itemListElement\":[{\"@type\":\"ListItem\",\"position\":1,\"name\":\"Portada\",\"item\":\"https:\/\/teslafm.net\/\"},{\"@type\":\"ListItem\",\"position\":2,\"name\":\"Luna Llena #2\"}]},{\"@type\":\"WebSite\",\"@id\":\"https:\/\/teslafm.net\/#website\",\"url\":\"https:\/\/teslafm.net\/\",\"name\":\"TeslaFM\",\"description\":\"An experimental and creative radio\",\"publisher\":{\"@id\":\"https:\/\/teslafm.net\/#organization\"},\"potentialAction\":[{\"@type\":\"SearchAction\",\"target\":{\"@type\":\"EntryPoint\",\"urlTemplate\":\"https:\/\/teslafm.net\/?s={search_term_string}\"},\"query-input\":{\"@type\":\"PropertyValueSpecification\",\"valueRequired\":true,\"valueName\":\"search_term_string\"}}],\"inLanguage\":\"en-US\"},{\"@type\":\"Organization\",\"@id\":\"https:\/\/teslafm.net\/#organization\",\"name\":\"TeslaFM\",\"url\":\"https:\/\/teslafm.net\/\",\"logo\":{\"@type\":\"ImageObject\",\"inLanguage\":\"en-US\",\"@id\":\"https:\/\/teslafm.net\/#\/schema\/logo\/image\/\",\"url\":\"https:\/\/teslafm.net\/wp-content\/uploads\/2020\/06\/logo-tesla.png\",\"contentUrl\":\"https:\/\/teslafm.net\/wp-content\/uploads\/2020\/06\/logo-tesla.png\",\"width\":512,\"height\":512,\"caption\":\"TeslaFM\"},\"image\":{\"@id\":\"https:\/\/teslafm.net\/#\/schema\/logo\/image\/\"},\"sameAs\":[\"https:\/\/www.facebook.com\/teslafm.net\",\"https:\/\/x.com\/teslafm\"]}]}<\/script>\n<!-- \/ Yoast SEO plugin. -->","yoast_head_json":{"title":"Full Moon #2 -","robots":{"index":"index","follow":"follow","max-snippet":"max-snippet:-1","max-image-preview":"max-image-preview:large","max-video-preview":"max-video-preview:-1"},"canonical":"https:\/\/teslafm.net\/en\/luna-llena-2\/","og_locale":"en_US","og_type":"article","og_title":"Luna Llena #2 -","og_description":"Luna Llena #2 Dad\u00e1 y M\u00fasica Vanguardista Lecturas de los siguientes manifiestos dada\u00edstas de Tristan Tzara contenidos en Los Siete Manifiestos Dada de 1918. 01. Manifiesto del se\u00f1or Antipirina02. Proclamaci\u00f3n sin pretensi\u00f3n03. Manifiesto del se\u00f1or Aa el antifil\u00f3sofo04. Se\u00f1or Aa el antifil\u00f3sofo nos env\u00eda este manifiesto05. Dada, manifiesto sobre el amor d\u00e9bil y el amor [&hellip;]","og_url":"https:\/\/teslafm.net\/en\/luna-llena-2\/","article_publisher":"https:\/\/www.facebook.com\/teslafm.net","article_modified_time":"2020-10-04T13:10:54+00:00","og_image":[{"width":1274,"height":818,"url":"https:\/\/teslafm.net\/wp-content\/uploads\/2022\/09\/header-image-4-temp.png","type":"image\/png"}],"twitter_card":"summary_large_image","twitter_site":"@teslafm","twitter_misc":{"Est. reading time":"1 minute"},"schema":{"@context":"https:\/\/schema.org","@graph":[{"@type":"WebPage","@id":"https:\/\/teslafm.net\/luna-llena-2\/","url":"https:\/\/teslafm.net\/luna-llena-2\/","name":"Full Moon #2 -","isPartOf":{"@id":"https:\/\/teslafm.net\/#website"},"datePublished":"2019-02-19T10:42:31+00:00","dateModified":"2020-10-04T13:10:54+00:00","breadcrumb":{"@id":"https:\/\/teslafm.net\/luna-llena-2\/#breadcrumb"},"inLanguage":"en-US","potentialAction":[{"@type":"ReadAction","target":["https:\/\/teslafm.net\/luna-llena-2\/"]}]},{"@type":"BreadcrumbList","@id":"https:\/\/teslafm.net\/luna-llena-2\/#breadcrumb","itemListElement":[{"@type":"ListItem","position":1,"name":"Portada","item":"https:\/\/teslafm.net\/"},{"@type":"ListItem","position":2,"name":"Luna Llena #2"}]},{"@type":"WebSite","@id":"https:\/\/teslafm.net\/#website","url":"https:\/\/teslafm.net\/","name":"TeslaFM","description":"An experimental and creative radio","publisher":{"@id":"https:\/\/teslafm.net\/#organization"},"potentialAction":[{"@type":"SearchAction","target":{"@type":"EntryPoint","urlTemplate":"https:\/\/teslafm.net\/?s={search_term_string}"},"query-input":{"@type":"PropertyValueSpecification","valueRequired":true,"valueName":"search_term_string"}}],"inLanguage":"en-US"},{"@type":"Organization","@id":"https:\/\/teslafm.net\/#organization","name":"TeslaFM","url":"https:\/\/teslafm.net\/","logo":{"@type":"ImageObject","inLanguage":"en-US","@id":"https:\/\/teslafm.net\/#\/schema\/logo\/image\/","url":"https:\/\/teslafm.net\/wp-content\/uploads\/2020\/06\/logo-tesla.png","contentUrl":"https:\/\/teslafm.net\/wp-content\/uploads\/2020\/06\/logo-tesla.png","width":512,"height":512,"caption":"TeslaFM"},"image":{"@id":"https:\/\/teslafm.net\/#\/schema\/logo\/image\/"},"sameAs":["https:\/\/www.facebook.com\/teslafm.net","https:\/\/x.com\/teslafm"]}]}},"rttpg_featured_image_url":null,"rttpg_author":{"display_name":"Ishak","author_link":"https:\/\/teslafm.net\/en\/author\/cravan\/"},"rttpg_comment":0,"rttpg_category":null,"rttpg_excerpt":"Luna Llena #2 Dad\u00e1 y M\u00fasica Vanguardista Lecturas de los siguientes manifiestos dada\u00edstas de Tristan Tzara contenidos en Los Siete Manifiestos Dada de 1918. 01. Manifiesto del se\u00f1or Antipirina02. Proclamaci\u00f3n sin pretensi\u00f3n03. Manifiesto del se\u00f1or Aa el antifil\u00f3sofo04. Se\u00f1or Aa el antifil\u00f3sofo nos env\u00eda este manifiesto05. Dada, manifiesto sobre el amor d\u00e9bil y el amor&hellip;","_links":{"self":[{"href":"https:\/\/teslafm.net\/en\/wp-json\/wp\/v2\/pages\/1702","targetHints":{"allow":["GET"]}}],"collection":[{"href":"https:\/\/teslafm.net\/en\/wp-json\/wp\/v2\/pages"}],"about":[{"href":"https:\/\/teslafm.net\/en\/wp-json\/wp\/v2\/types\/page"}],"author":[{"embeddable":true,"href":"https:\/\/teslafm.net\/en\/wp-json\/wp\/v2\/users\/19"}],"replies":[{"embeddable":true,"href":"https:\/\/teslafm.net\/en\/wp-json\/wp\/v2\/comments?post=1702"}],"version-history":[{"count":15,"href":"https:\/\/teslafm.net\/en\/wp-json\/wp\/v2\/pages\/1702\/revisions"}],"predecessor-version":[{"id":55216,"href":"https:\/\/teslafm.net\/en\/wp-json\/wp\/v2\/pages\/1702\/revisions\/55216"}],"wp:attachment":[{"href":"https:\/\/teslafm.net\/en\/wp-json\/wp\/v2\/media?parent=1702"}],"curies":[{"name":"wp","href":"https:\/\/api.w.org\/{rel}","templated":true}]}}