

{"id":1742,"date":"2018-08-03T03:29:19","date_gmt":"2018-08-03T01:29:19","guid":{"rendered":"https:\/\/teslafm.net\/?page_id=1742"},"modified":"2020-07-13T15:08:47","modified_gmt":"2020-07-13T13:08:47","slug":"politica-de-privacidad","status":"publish","type":"page","link":"https:\/\/teslafm.net\/en\/politica-de-privacidad\/","title":{"rendered":"Privacy Policy"},"content":{"rendered":"<h2><span style=\"color: #808080;\"><strong>Who we are<\/strong><\/span><\/h2>\n<p><span style=\"color: #808080;\">Our web address is:<\/span> <a href=\"https:\/\/teslafm.net\/en\/\">teslafm.net\u00a0<\/a><\/p>\n<h2><span style=\"color: #808080;\"><strong>What personal data do we collect and why do we collect it?<\/strong><\/span><\/h2>\n<h3><span style=\"color: #808080;\"><strong>Newsletters<\/strong><\/span><\/h3>\n<p><span style=\"color: #808080;\">We maintain newsletter mailings for a certain period of time for customer service purposes, but we do not use the information sent through them for marketing purposes.<\/span><\/p>\n<h3><span style=\"color: #808080;\"><strong>Cookies used on this website<\/strong><\/span><\/h3>\n<p><span style=\"color: #808080;\">In accordance with the guidelines of the Spanish Data Protection Agency, we proceed to detail the use of <em>cookies<\/em> that makes this website in order to inform you as accurately as possible.<\/span><\/p>\n<p><span style=\"color: #808080;\">This website uses the following <strong>own cookies<\/strong>:<\/span><\/p>\n<ul>\n<li><span style=\"color: #808080;\">Session cookies, to ensure that users who make entries in the newsletter are human and not automated applications. In this way we combat the <em>spam<\/em>.<\/span><\/li>\n<\/ul>\n<p><span style=\"color: #808080;\">This website uses the following <strong>third party cookies<\/strong>:<\/span><\/p>\n<ul>\n<li><span style=\"color: #808080;\">Google Analytics: Stores <em>cookies<\/em> in order to compile statistics on traffic and volume of visits to this website. By using this website you consent to the processing of data about you by Google. Therefore, the exercise of any rights in this regard must be done by communicating directly with Google.<\/span><\/li>\n<li><span style=\"color: #808080;\">Social networks: Each social network uses its own <em>cookies<\/em> so that you can click on buttons of the type <em>I like<\/em>.<\/span><\/li>\n<\/ul>\n<h3><span style=\"color: #808080;\"><strong>Embedded content from other websites<\/strong><\/span><\/h3>\n<p><span style=\"color: #808080;\">Articles on this site may include embedded content (e.g., videos, images, articles, etc.). Embedded content from other websites behaves in exactly the same way as if the visitor had visited the other website.<\/span><\/p>\n<p><span style=\"color: #808080;\">These sites may collect data about you, use cookies, embed additional third-party tracking, and monitor your interaction with that embedded content, including tracking your interaction with the embedded content if you have an account and are logged in to that site.<\/span><\/p>\n<h3><span style=\"color: #808080;\"><strong>Disabling or deleting cookies<\/strong><\/span><\/h3>\n<p><span style=\"color: #808080;\">At any time you may exercise your right to disable or delete cookies from this website. These actions are performed differently depending on the browser you are using.<\/span><\/p>\n<h3><span style=\"color: #808080;\"><strong>Additional notes<\/strong><\/span><\/h3>\n<ul>\n<li><span style=\"color: #808080;\">Neither this website nor its legal representatives are responsible for the content or the veracity of the privacy policies of the third parties mentioned in this privacy policy. <em>cookies<\/em>.<\/span><\/li>\n<li><span style=\"color: #808080;\">Web browsers are the tools in charge of storing the information that is stored in the <em>cookies<\/em> and from this place you must carry out your right to eliminate or deactivate them. Neither this website nor their legal representatives can guarantee the correct or incorrect handling of the <em>cookies<\/em> by the aforementioned browsers.<\/span><\/li>\n<li><span style=\"color: #808080;\">In some cases it is necessary to install <em>cookies<\/em> so that the browser does not forget your decision not to accept them.<\/span><\/li>\n<li><span style=\"color: #808080;\">In the case of <em>cookies<\/em> Google Analytics, this company stores the <em>cookies<\/em> on servers located in the United States and undertakes not to share it with third parties, except where necessary for the operation of the system or where required by law. According to Google does not store your IP address. Google Inc. is a company adhered to the Safe Harbor Agreement which guarantees that all data transferred will be treated with a level of protection in accordance with the<\/span> <span style=\"color: #808080;\">European regulations. If you want information about Google's use of cookies<\/span> <a href=\"https:\/\/developers.google.com\/analytics\/devguides\/collection\/analyticsjs\/cookie-usage?hl=es&amp;csw=1\" target=\"_blank\" rel=\"noopener noreferrer\">please find attached this link<\/a>.<\/li>\n<\/ul>\n<h2><span style=\"color: #808080;\"><strong>How long we keep your data<\/strong><\/span><\/h2>\n<p><span style=\"color: #808080;\">If you make an entry in the newsletter, analytics records are retained for one year until you revoke your consent.<\/span><\/p>\n<h2><span style=\"color: #808080;\"><strong>What rights do you have over your data<\/strong><\/span><\/h2>\n<p><span style=\"color: #808080;\">If you have made a newsletter entry on this website, you may request to receive an export file of the personal data we hold about you, including any data you have provided to us. You may also request that we delete any personal data we hold about you. This does not include any data that we are required to retain for administrative, legal or security purposes.<\/span><\/p>\n<h2><span style=\"color: #808080;\"><strong>Our contact information<\/strong><\/span><\/h2>\n<p><span style=\"color: #808080;\">The person responsible for the processing of your contact data is:<\/span><\/p>\n<p><span style=\"color: #808080;\">The Secret Society of Silence<\/span><\/p>\n<p><span style=\"color: #808080;\">Symphonion Studio, Barcelona<\/span><\/p>\n<p><span style=\"color: #808080;\">Contact email:<\/span> <span style=\"color: #808080;\">data(at)teslafm.net<\/span><\/p>\n<p>&nbsp;<\/p>\n<p>&nbsp;<\/p>","protected":false},"excerpt":{"rendered":"<p>Qui\u00e9nes somos La direcci\u00f3n de nuestra web es: teslafm.net\u00a0 Qu\u00e9 datos personales recogemos y por qu\u00e9 los recogemos Boletines informativos Mantenemos los env\u00edos de boletines informativos durante un cierto per\u00edodo con fines de servicio al cliente, pero no utilizamos la informaci\u00f3n enviada a trav\u00e9s de ellos con fines de marketing Cookies utilizadas en este sitio [&hellip;]<\/p>\n","protected":false},"author":19,"featured_media":0,"parent":0,"menu_order":0,"comment_status":"closed","ping_status":"closed","template":"","meta":{"footnotes":""},"class_list":["post-1742","page","type-page","status-publish","hentry"],"yoast_head":"<!-- This site is optimized with the Yoast SEO plugin v27.2 - https:\/\/yoast.com\/product\/yoast-seo-wordpress\/ -->\n<title>Pol\u00edtica de Privacidad -<\/title>\n<meta name=\"robots\" content=\"index, follow, max-snippet:-1, max-image-preview:large, max-video-preview:-1\" \/>\n<link rel=\"canonical\" href=\"https:\/\/teslafm.net\/en\/politica-de-privacidad\/\" \/>\n<meta property=\"og:locale\" content=\"en_US\" \/>\n<meta property=\"og:type\" content=\"article\" \/>\n<meta property=\"og:title\" content=\"Pol\u00edtica de Privacidad -\" \/>\n<meta property=\"og:description\" content=\"Qui\u00e9nes somos La direcci\u00f3n de nuestra web es: teslafm.net\u00a0 Qu\u00e9 datos personales recogemos y por qu\u00e9 los recogemos Boletines informativos Mantenemos los env\u00edos de boletines informativos durante un cierto per\u00edodo con fines de servicio al cliente, pero no utilizamos la informaci\u00f3n enviada a trav\u00e9s de ellos con fines de marketing Cookies utilizadas en este sitio [&hellip;]\" \/>\n<meta property=\"og:url\" content=\"https:\/\/teslafm.net\/en\/politica-de-privacidad\/\" \/>\n<meta property=\"article:publisher\" content=\"https:\/\/www.facebook.com\/teslafm.net\" \/>\n<meta property=\"article:modified_time\" content=\"2020-07-13T13:08:47+00:00\" \/>\n<meta property=\"og:image\" content=\"https:\/\/teslafm.net\/wp-content\/uploads\/2022\/09\/header-image-4-temp.png\" \/>\n\t<meta property=\"og:image:width\" content=\"1274\" \/>\n\t<meta property=\"og:image:height\" content=\"818\" \/>\n\t<meta property=\"og:image:type\" content=\"image\/png\" \/>\n<meta name=\"twitter:card\" content=\"summary_large_image\" \/>\n<meta name=\"twitter:site\" content=\"@teslafm\" \/>\n<meta name=\"twitter:label1\" content=\"Est. reading time\" \/>\n\t<meta name=\"twitter:data1\" content=\"4 minutes\" \/>\n<script type=\"application\/ld+json\" class=\"yoast-schema-graph\">{\"@context\":\"https:\/\/schema.org\",\"@graph\":[{\"@type\":\"WebPage\",\"@id\":\"https:\/\/teslafm.net\/politica-de-privacidad\/\",\"url\":\"https:\/\/teslafm.net\/politica-de-privacidad\/\",\"name\":\"Pol\u00edtica de Privacidad -\",\"isPartOf\":{\"@id\":\"https:\/\/teslafm.net\/#website\"},\"datePublished\":\"2018-08-03T01:29:19+00:00\",\"dateModified\":\"2020-07-13T13:08:47+00:00\",\"breadcrumb\":{\"@id\":\"https:\/\/teslafm.net\/politica-de-privacidad\/#breadcrumb\"},\"inLanguage\":\"en-US\",\"potentialAction\":[{\"@type\":\"ReadAction\",\"target\":[\"https:\/\/teslafm.net\/politica-de-privacidad\/\"]}]},{\"@type\":\"BreadcrumbList\",\"@id\":\"https:\/\/teslafm.net\/politica-de-privacidad\/#breadcrumb\",\"itemListElement\":[{\"@type\":\"ListItem\",\"position\":1,\"name\":\"Portada\",\"item\":\"https:\/\/teslafm.net\/\"},{\"@type\":\"ListItem\",\"position\":2,\"name\":\"Pol\u00edtica de Privacidad\"}]},{\"@type\":\"WebSite\",\"@id\":\"https:\/\/teslafm.net\/#website\",\"url\":\"https:\/\/teslafm.net\/\",\"name\":\"TeslaFM\",\"description\":\"An experimental and creative radio\",\"publisher\":{\"@id\":\"https:\/\/teslafm.net\/#organization\"},\"potentialAction\":[{\"@type\":\"SearchAction\",\"target\":{\"@type\":\"EntryPoint\",\"urlTemplate\":\"https:\/\/teslafm.net\/?s={search_term_string}\"},\"query-input\":{\"@type\":\"PropertyValueSpecification\",\"valueRequired\":true,\"valueName\":\"search_term_string\"}}],\"inLanguage\":\"en-US\"},{\"@type\":\"Organization\",\"@id\":\"https:\/\/teslafm.net\/#organization\",\"name\":\"TeslaFM\",\"url\":\"https:\/\/teslafm.net\/\",\"logo\":{\"@type\":\"ImageObject\",\"inLanguage\":\"en-US\",\"@id\":\"https:\/\/teslafm.net\/#\/schema\/logo\/image\/\",\"url\":\"https:\/\/teslafm.net\/wp-content\/uploads\/2020\/06\/logo-tesla.png\",\"contentUrl\":\"https:\/\/teslafm.net\/wp-content\/uploads\/2020\/06\/logo-tesla.png\",\"width\":512,\"height\":512,\"caption\":\"TeslaFM\"},\"image\":{\"@id\":\"https:\/\/teslafm.net\/#\/schema\/logo\/image\/\"},\"sameAs\":[\"https:\/\/www.facebook.com\/teslafm.net\",\"https:\/\/x.com\/teslafm\"]}]}<\/script>\n<!-- \/ Yoast SEO plugin. -->","yoast_head_json":{"title":"Privacy Policy -","robots":{"index":"index","follow":"follow","max-snippet":"max-snippet:-1","max-image-preview":"max-image-preview:large","max-video-preview":"max-video-preview:-1"},"canonical":"https:\/\/teslafm.net\/en\/politica-de-privacidad\/","og_locale":"en_US","og_type":"article","og_title":"Pol\u00edtica de Privacidad -","og_description":"Qui\u00e9nes somos La direcci\u00f3n de nuestra web es: teslafm.net\u00a0 Qu\u00e9 datos personales recogemos y por qu\u00e9 los recogemos Boletines informativos Mantenemos los env\u00edos de boletines informativos durante un cierto per\u00edodo con fines de servicio al cliente, pero no utilizamos la informaci\u00f3n enviada a trav\u00e9s de ellos con fines de marketing Cookies utilizadas en este sitio [&hellip;]","og_url":"https:\/\/teslafm.net\/en\/politica-de-privacidad\/","article_publisher":"https:\/\/www.facebook.com\/teslafm.net","article_modified_time":"2020-07-13T13:08:47+00:00","og_image":[{"width":1274,"height":818,"url":"https:\/\/teslafm.net\/wp-content\/uploads\/2022\/09\/header-image-4-temp.png","type":"image\/png"}],"twitter_card":"summary_large_image","twitter_site":"@teslafm","twitter_misc":{"Est. reading time":"4 minutes"},"schema":{"@context":"https:\/\/schema.org","@graph":[{"@type":"WebPage","@id":"https:\/\/teslafm.net\/politica-de-privacidad\/","url":"https:\/\/teslafm.net\/politica-de-privacidad\/","name":"Privacy Policy -","isPartOf":{"@id":"https:\/\/teslafm.net\/#website"},"datePublished":"2018-08-03T01:29:19+00:00","dateModified":"2020-07-13T13:08:47+00:00","breadcrumb":{"@id":"https:\/\/teslafm.net\/politica-de-privacidad\/#breadcrumb"},"inLanguage":"en-US","potentialAction":[{"@type":"ReadAction","target":["https:\/\/teslafm.net\/politica-de-privacidad\/"]}]},{"@type":"BreadcrumbList","@id":"https:\/\/teslafm.net\/politica-de-privacidad\/#breadcrumb","itemListElement":[{"@type":"ListItem","position":1,"name":"Portada","item":"https:\/\/teslafm.net\/"},{"@type":"ListItem","position":2,"name":"Pol\u00edtica de Privacidad"}]},{"@type":"WebSite","@id":"https:\/\/teslafm.net\/#website","url":"https:\/\/teslafm.net\/","name":"TeslaFM","description":"An experimental and creative radio","publisher":{"@id":"https:\/\/teslafm.net\/#organization"},"potentialAction":[{"@type":"SearchAction","target":{"@type":"EntryPoint","urlTemplate":"https:\/\/teslafm.net\/?s={search_term_string}"},"query-input":{"@type":"PropertyValueSpecification","valueRequired":true,"valueName":"search_term_string"}}],"inLanguage":"en-US"},{"@type":"Organization","@id":"https:\/\/teslafm.net\/#organization","name":"TeslaFM","url":"https:\/\/teslafm.net\/","logo":{"@type":"ImageObject","inLanguage":"en-US","@id":"https:\/\/teslafm.net\/#\/schema\/logo\/image\/","url":"https:\/\/teslafm.net\/wp-content\/uploads\/2020\/06\/logo-tesla.png","contentUrl":"https:\/\/teslafm.net\/wp-content\/uploads\/2020\/06\/logo-tesla.png","width":512,"height":512,"caption":"TeslaFM"},"image":{"@id":"https:\/\/teslafm.net\/#\/schema\/logo\/image\/"},"sameAs":["https:\/\/www.facebook.com\/teslafm.net","https:\/\/x.com\/teslafm"]}]}},"rttpg_featured_image_url":null,"rttpg_author":{"display_name":"Ishak","author_link":"https:\/\/teslafm.net\/en\/author\/cravan\/"},"rttpg_comment":0,"rttpg_category":null,"rttpg_excerpt":"Qui\u00e9nes somos La direcci\u00f3n de nuestra web es: teslafm.net\u00a0 Qu\u00e9 datos personales recogemos y por qu\u00e9 los recogemos Boletines informativos Mantenemos los env\u00edos de boletines informativos durante un cierto per\u00edodo con fines de servicio al cliente, pero no utilizamos la informaci\u00f3n enviada a trav\u00e9s de ellos con fines de marketing Cookies utilizadas en este sitio&hellip;","_links":{"self":[{"href":"https:\/\/teslafm.net\/en\/wp-json\/wp\/v2\/pages\/1742","targetHints":{"allow":["GET"]}}],"collection":[{"href":"https:\/\/teslafm.net\/en\/wp-json\/wp\/v2\/pages"}],"about":[{"href":"https:\/\/teslafm.net\/en\/wp-json\/wp\/v2\/types\/page"}],"author":[{"embeddable":true,"href":"https:\/\/teslafm.net\/en\/wp-json\/wp\/v2\/users\/19"}],"replies":[{"embeddable":true,"href":"https:\/\/teslafm.net\/en\/wp-json\/wp\/v2\/comments?post=1742"}],"version-history":[{"count":11,"href":"https:\/\/teslafm.net\/en\/wp-json\/wp\/v2\/pages\/1742\/revisions"}],"predecessor-version":[{"id":54485,"href":"https:\/\/teslafm.net\/en\/wp-json\/wp\/v2\/pages\/1742\/revisions\/54485"}],"wp:attachment":[{"href":"https:\/\/teslafm.net\/en\/wp-json\/wp\/v2\/media?parent=1742"}],"curies":[{"name":"wp","href":"https:\/\/api.w.org\/{rel}","templated":true}]}}