

{"id":1831,"date":"2019-02-28T09:32:57","date_gmt":"2019-02-28T08:32:57","guid":{"rendered":"https:\/\/teslafm.net\/?page_id=1831"},"modified":"2020-07-12T17:40:24","modified_gmt":"2020-07-12T15:40:24","slug":"teoria-incertidumbre-5","status":"publish","type":"page","link":"https:\/\/teslafm.net\/en\/teoria-incertidumbre-5\/","title":{"rendered":"Uncertainty Theory #5"},"content":{"rendered":"<div data-elementor-type=\"wp-page\" data-elementor-id=\"1831\" class=\"elementor elementor-1831\">\n\t\t\t\t\t\t<section class=\"elementor-section elementor-top-section elementor-element elementor-element-e929091 elementor-section-boxed elementor-section-height-default elementor-section-height-default\" data-id=\"e929091\" data-element_type=\"section\" data-e-type=\"section\">\n\t\t\t\t\t\t<div class=\"elementor-container elementor-column-gap-default\">\n\t\t\t\t\t<div class=\"elementor-column elementor-col-100 elementor-top-column elementor-element elementor-element-d5b5b00\" data-id=\"d5b5b00\" data-element_type=\"column\" data-e-type=\"column\">\n\t\t\t<div class=\"elementor-widget-wrap elementor-element-populated\">\n\t\t\t\t\t\t<div class=\"elementor-element elementor-element-9143675 elementor-widget elementor-widget-text-editor\" data-id=\"9143675\" data-element_type=\"widget\" data-e-type=\"widget\" data-widget_type=\"text-editor.default\">\n\t\t\t\t<div class=\"elementor-widget-container\">\n\t\t\t\t\t\t\t\t\t<h2><span style=\"color: #ffffff;\"><strong>Uncertainty Theory #5<\/strong><\/span><\/h2>\n<p><span style=\"color: #808080;\"><em>Harry Partch and his instruments<\/em><\/span><\/p>\n<p><iframe src=\"https:\/\/www.mixcloud.com\/widget\/iframe\/?hide_cover=1&amp;feed=%2FTeslafm_net%2Fteor%C3%ADa-incertidumbre-5-andrea-bravo%2F\" width=\"100%\" height=\"120\" frameborder=\"0\" data-mce-fragment=\"1\"><\/iframe><\/p>\n<p><span style=\"color: #808080;\"><b>INTRODUCTION<\/b><\/span><\/p>\n<p><span style=\"color: #808080;\"><strong>Harry Partch<\/strong>- Gourd Tree &amp; Cone Gong (from the album The World of Harry Partch (1969))<\/span><\/p>\n<p><b style=\"color: rgb(128, 128, 128);\"><br>WORKS<\/b><br><\/p>\n<p><span style=\"color: #808080;\"><strong>Harry Partch<\/strong> - The Dreamer That Remains (1972)<\/span><br><span style=\"color: #808080;\"><strong>Harry Partch<\/strong> -The Bewitched (1955)<\/span><\/p>\n<p><b style=\"color: rgb(128, 128, 128);\"><br>INSTRUMENT<\/b><br><\/p>\n<p><span style=\"color: #808080;\"><strong>Gourd Tree<\/strong> from 1964 is a percussive instrument composed of 12 Buddhist temple style bells that are placed in front of treated gourds, these function as resonators that are placed in the trunk of a not very thick eucalyptus tree that is worked, thus emulating a kind of fruit tree.<\/span><\/p>\n<p><span style=\"color: #808080;\"><strong>Cone Gong<\/strong> are a pair of treated gongs purchased at a store in Venice, California in 1965, made from church bells and eucalyptus.&nbsp;<\/span><strong><span style=\"color: #808080;\">Both pieces function as a whole and are played by a standing person.<\/span><\/strong><\/p>\n<p><b style=\"color: rgb(128, 128, 128);\"><br>ABOUT THE CREATOR<\/b><br><\/p>\n<p><span style=\"color: #808080;\"><strong>Harry Partch<\/strong> (1901-1976) was a unique composer and designer of instruments adapted from recycled instruments. One of his main characteristics is that he was 22 years old in 1923, <strong>Partch<\/strong> was working on a book finally published in 1949 under the title Genesis of a Music (<em>\"Genesis of a music\".<\/em>). This book is a reflection on his own music, with articles on music theory and instrument design. It is considered a seminal text on the music theory of <strong>microtonalism<\/strong>the microtonal system was an invention of <strong>Partch<\/strong> which consists of a tuning mode that divides the 12-note piano scale into 43 notes, for which he took as much inspiration from the far eastern percussion of Western Europe as necessary. Also in the book he explains his concept <em>corporeality<\/em> (<em>\"corporeality\"<\/em>): the fusion of all artistic forms in a single body.<\/span><\/p>\n<p><span style=\"color: #808080;\"><strong>Harry Partch<\/strong> was an extraordinary character, a fierce drinker, who avoided mainstream music - even avant-garde mainstrean - and lived most of his life in the California desert, he built his own instruments from leftover material such as: jet fuel tanks, pyrex chemical flasks, artillery shells casings, bottles and empty keyboards.<\/span><\/p>\n<p><span style=\"color: #808080;\">His music combines rhythmic and tonal sophistication directly with a near primitivism and mysticism. The result is one of the most distinctive works produced in the United States to date.<\/span><\/p>\t\t\t\t\t\t\t\t<\/div>\n\t\t\t\t<\/div>\n\t\t\t\t\t<\/div>\n\t\t<\/div>\n\t\t\t\t\t<\/div>\n\t\t<\/section>\n\t\t\t\t<section class=\"elementor-section elementor-top-section elementor-element elementor-element-a9af78f elementor-section-full_width elementor-section-height-default elementor-section-height-default\" data-id=\"a9af78f\" data-element_type=\"section\" data-e-type=\"section\">\n\t\t\t\t\t\t<div class=\"elementor-container elementor-column-gap-default\">\n\t\t\t\t\t<div class=\"elementor-column elementor-col-100 elementor-top-column elementor-element elementor-element-1074379\" data-id=\"1074379\" data-element_type=\"column\" data-e-type=\"column\">\n\t\t\t<div class=\"elementor-widget-wrap elementor-element-populated\">\n\t\t\t\t\t\t<div class=\"elementor-element elementor-element-e290f8b elementor-widget elementor-widget-image\" data-id=\"e290f8b\" data-element_type=\"widget\" data-e-type=\"widget\" data-widget_type=\"image.default\">\n\t\t\t\t<div class=\"elementor-widget-container\">\n\t\t\t\t\t\t\t\t\t\t\t\t\t\t\t<img fetchpriority=\"high\" decoding=\"async\" width=\"793\" height=\"599\" src=\"https:\/\/teslafm.net\/wp-content\/uploads\/2019\/02\/partch.jpg\" class=\"attachment-2048x2048 size-2048x2048 wp-image-1839\" alt=\"\" srcset=\"https:\/\/teslafm.net\/wp-content\/uploads\/2019\/02\/partch.jpg 793w, https:\/\/teslafm.net\/wp-content\/uploads\/2019\/02\/partch-300x227.jpg 300w, https:\/\/teslafm.net\/wp-content\/uploads\/2019\/02\/partch-768x580.jpg 768w\" sizes=\"(max-width: 793px) 100vw, 793px\" \/>\t\t\t\t\t\t\t\t\t\t\t\t\t\t\t<\/div>\n\t\t\t\t<\/div>\n\t\t\t\t\t<\/div>\n\t\t<\/div>\n\t\t\t\t\t<\/div>\n\t\t<\/section>\n\t\t\t\t<section class=\"elementor-section elementor-top-section elementor-element elementor-element-723e43d elementor-section-boxed elementor-section-height-default elementor-section-height-default\" data-id=\"723e43d\" data-element_type=\"section\" data-e-type=\"section\">\n\t\t\t\t\t\t<div class=\"elementor-container elementor-column-gap-default\">\n\t\t\t\t\t<div class=\"elementor-column elementor-col-100 elementor-top-column elementor-element elementor-element-9e9f54b\" data-id=\"9e9f54b\" data-element_type=\"column\" data-e-type=\"column\">\n\t\t\t<div class=\"elementor-widget-wrap elementor-element-populated\">\n\t\t\t\t\t\t<div class=\"elementor-element elementor-element-ed27f00 elementor-widget elementor-widget-video\" data-id=\"ed27f00\" data-element_type=\"widget\" data-e-type=\"widget\" data-settings=\"{&quot;youtube_url&quot;:&quot;https:\\\/\\\/www.youtube.com\\\/watch?v=gabwEfNcSrI&quot;,&quot;video_type&quot;:&quot;youtube&quot;,&quot;controls&quot;:&quot;yes&quot;}\" data-widget_type=\"video.default\">\n\t\t\t\t<div class=\"elementor-widget-container\">\n\t\t\t\t\t\t\t<div class=\"elementor-wrapper elementor-open-inline\">\n\t\t\t<div class=\"elementor-video\"><\/div>\t\t<\/div>\n\t\t\t\t\t\t<\/div>\n\t\t\t\t<\/div>\n\t\t\t\t\t<\/div>\n\t\t<\/div>\n\t\t\t\t\t<\/div>\n\t\t<\/section>\n\t\t\t\t<\/div>","protected":false},"excerpt":{"rendered":"<p>Teor\u00eda Incertidumbre #5 Harry Partch y sus instrumentos INTRODUCCI\u00d3N Harry Partch\u2013 Gourd Tree &amp; Cone Gong (del disco The World of Harry Partch (1969) OBRAS Harry Partch \u2013 The Dreamer That Remains (1972)Harry Partch \u2013The Bewitched (1955) INSTRUMENTO Gourd Tree de 1964 es un instrumento percusivo que est\u00e1 compuesto de 12 campanas de estilo de [&hellip;]<\/p>\n","protected":false},"author":19,"featured_media":0,"parent":0,"menu_order":0,"comment_status":"closed","ping_status":"closed","template":"","meta":{"footnotes":""},"class_list":["post-1831","page","type-page","status-publish","hentry"],"yoast_head":"<!-- This site is optimized with the Yoast SEO plugin v27.4 - https:\/\/yoast.com\/product\/yoast-seo-wordpress\/ -->\n<title>Teor\u00eda Incertidumbre #5 -<\/title>\n<meta name=\"robots\" content=\"index, follow, max-snippet:-1, max-image-preview:large, max-video-preview:-1\" \/>\n<link rel=\"canonical\" href=\"https:\/\/teslafm.net\/en\/teoria-incertidumbre-5\/\" \/>\n<meta property=\"og:locale\" content=\"en_US\" \/>\n<meta property=\"og:type\" content=\"article\" \/>\n<meta property=\"og:title\" content=\"Teor\u00eda Incertidumbre #5 -\" \/>\n<meta property=\"og:description\" content=\"Teor\u00eda Incertidumbre #5 Harry Partch y sus instrumentos INTRODUCCI\u00d3N Harry Partch\u2013 Gourd Tree &amp; Cone Gong (del disco The World of Harry Partch (1969) OBRAS Harry Partch \u2013 The Dreamer That Remains (1972)Harry Partch \u2013The Bewitched (1955) INSTRUMENTO Gourd Tree de 1964 es un instrumento percusivo que est\u00e1 compuesto de 12 campanas de estilo de [&hellip;]\" \/>\n<meta property=\"og:url\" content=\"https:\/\/teslafm.net\/en\/teoria-incertidumbre-5\/\" \/>\n<meta property=\"article:publisher\" content=\"https:\/\/www.facebook.com\/teslafm.net\" \/>\n<meta property=\"article:modified_time\" content=\"2020-07-12T15:40:24+00:00\" \/>\n<meta property=\"og:image\" content=\"https:\/\/teslafm.net\/wp-content\/uploads\/2019\/02\/partch.jpg\" \/>\n<meta name=\"twitter:card\" content=\"summary_large_image\" \/>\n<meta name=\"twitter:site\" content=\"@teslafm\" \/>\n<meta name=\"twitter:label1\" content=\"Est. reading time\" \/>\n\t<meta name=\"twitter:data1\" content=\"2 minutes\" \/>\n<script type=\"application\/ld+json\" class=\"yoast-schema-graph\">{\"@context\":\"https:\\\/\\\/schema.org\",\"@graph\":[{\"@type\":\"WebPage\",\"@id\":\"https:\\\/\\\/teslafm.net\\\/teoria-incertidumbre-5\\\/\",\"url\":\"https:\\\/\\\/teslafm.net\\\/teoria-incertidumbre-5\\\/\",\"name\":\"Teor\u00eda Incertidumbre #5 -\",\"isPartOf\":{\"@id\":\"https:\\\/\\\/teslafm.net\\\/#website\"},\"primaryImageOfPage\":{\"@id\":\"https:\\\/\\\/teslafm.net\\\/teoria-incertidumbre-5\\\/#primaryimage\"},\"image\":{\"@id\":\"https:\\\/\\\/teslafm.net\\\/teoria-incertidumbre-5\\\/#primaryimage\"},\"thumbnailUrl\":\"https:\\\/\\\/teslafm.net\\\/wp-content\\\/uploads\\\/2019\\\/02\\\/partch.jpg\",\"datePublished\":\"2019-02-28T08:32:57+00:00\",\"dateModified\":\"2020-07-12T15:40:24+00:00\",\"breadcrumb\":{\"@id\":\"https:\\\/\\\/teslafm.net\\\/teoria-incertidumbre-5\\\/#breadcrumb\"},\"inLanguage\":\"en-US\",\"potentialAction\":[{\"@type\":\"ReadAction\",\"target\":[\"https:\\\/\\\/teslafm.net\\\/teoria-incertidumbre-5\\\/\"]}]},{\"@type\":\"ImageObject\",\"inLanguage\":\"en-US\",\"@id\":\"https:\\\/\\\/teslafm.net\\\/teoria-incertidumbre-5\\\/#primaryimage\",\"url\":\"https:\\\/\\\/teslafm.net\\\/wp-content\\\/uploads\\\/2019\\\/02\\\/partch.jpg\",\"contentUrl\":\"https:\\\/\\\/teslafm.net\\\/wp-content\\\/uploads\\\/2019\\\/02\\\/partch.jpg\"},{\"@type\":\"BreadcrumbList\",\"@id\":\"https:\\\/\\\/teslafm.net\\\/teoria-incertidumbre-5\\\/#breadcrumb\",\"itemListElement\":[{\"@type\":\"ListItem\",\"position\":1,\"name\":\"Portada\",\"item\":\"https:\\\/\\\/teslafm.net\\\/\"},{\"@type\":\"ListItem\",\"position\":2,\"name\":\"Teor\u00eda Incertidumbre #5\"}]},{\"@type\":\"WebSite\",\"@id\":\"https:\\\/\\\/teslafm.net\\\/#website\",\"url\":\"https:\\\/\\\/teslafm.net\\\/\",\"name\":\"TeslaFM\",\"description\":\"An experimental and creative radio\",\"publisher\":{\"@id\":\"https:\\\/\\\/teslafm.net\\\/#organization\"},\"potentialAction\":[{\"@type\":\"SearchAction\",\"target\":{\"@type\":\"EntryPoint\",\"urlTemplate\":\"https:\\\/\\\/teslafm.net\\\/?s={search_term_string}\"},\"query-input\":{\"@type\":\"PropertyValueSpecification\",\"valueRequired\":true,\"valueName\":\"search_term_string\"}}],\"inLanguage\":\"en-US\"},{\"@type\":\"Organization\",\"@id\":\"https:\\\/\\\/teslafm.net\\\/#organization\",\"name\":\"TeslaFM\",\"url\":\"https:\\\/\\\/teslafm.net\\\/\",\"logo\":{\"@type\":\"ImageObject\",\"inLanguage\":\"en-US\",\"@id\":\"https:\\\/\\\/teslafm.net\\\/#\\\/schema\\\/logo\\\/image\\\/\",\"url\":\"https:\\\/\\\/teslafm.net\\\/wp-content\\\/uploads\\\/2020\\\/06\\\/logo-tesla.png\",\"contentUrl\":\"https:\\\/\\\/teslafm.net\\\/wp-content\\\/uploads\\\/2020\\\/06\\\/logo-tesla.png\",\"width\":512,\"height\":512,\"caption\":\"TeslaFM\"},\"image\":{\"@id\":\"https:\\\/\\\/teslafm.net\\\/#\\\/schema\\\/logo\\\/image\\\/\"},\"sameAs\":[\"https:\\\/\\\/www.facebook.com\\\/teslafm.net\",\"https:\\\/\\\/x.com\\\/teslafm\"]}]}<\/script>\n<!-- \/ Yoast SEO plugin. -->","yoast_head_json":{"title":"Theory Uncertainty #5 -","robots":{"index":"index","follow":"follow","max-snippet":"max-snippet:-1","max-image-preview":"max-image-preview:large","max-video-preview":"max-video-preview:-1"},"canonical":"https:\/\/teslafm.net\/en\/teoria-incertidumbre-5\/","og_locale":"en_US","og_type":"article","og_title":"Teor\u00eda Incertidumbre #5 -","og_description":"Teor\u00eda Incertidumbre #5 Harry Partch y sus instrumentos INTRODUCCI\u00d3N Harry Partch\u2013 Gourd Tree &amp; Cone Gong (del disco The World of Harry Partch (1969) OBRAS Harry Partch \u2013 The Dreamer That Remains (1972)Harry Partch \u2013The Bewitched (1955) INSTRUMENTO Gourd Tree de 1964 es un instrumento percusivo que est\u00e1 compuesto de 12 campanas de estilo de [&hellip;]","og_url":"https:\/\/teslafm.net\/en\/teoria-incertidumbre-5\/","article_publisher":"https:\/\/www.facebook.com\/teslafm.net","article_modified_time":"2020-07-12T15:40:24+00:00","og_image":[{"url":"https:\/\/teslafm.net\/wp-content\/uploads\/2019\/02\/partch.jpg","type":"","width":"","height":""}],"twitter_card":"summary_large_image","twitter_site":"@teslafm","twitter_misc":{"Est. reading time":"2 minutes"},"schema":{"@context":"https:\/\/schema.org","@graph":[{"@type":"WebPage","@id":"https:\/\/teslafm.net\/teoria-incertidumbre-5\/","url":"https:\/\/teslafm.net\/teoria-incertidumbre-5\/","name":"Theory Uncertainty #5 -","isPartOf":{"@id":"https:\/\/teslafm.net\/#website"},"primaryImageOfPage":{"@id":"https:\/\/teslafm.net\/teoria-incertidumbre-5\/#primaryimage"},"image":{"@id":"https:\/\/teslafm.net\/teoria-incertidumbre-5\/#primaryimage"},"thumbnailUrl":"https:\/\/teslafm.net\/wp-content\/uploads\/2019\/02\/partch.jpg","datePublished":"2019-02-28T08:32:57+00:00","dateModified":"2020-07-12T15:40:24+00:00","breadcrumb":{"@id":"https:\/\/teslafm.net\/teoria-incertidumbre-5\/#breadcrumb"},"inLanguage":"en-US","potentialAction":[{"@type":"ReadAction","target":["https:\/\/teslafm.net\/teoria-incertidumbre-5\/"]}]},{"@type":"ImageObject","inLanguage":"en-US","@id":"https:\/\/teslafm.net\/teoria-incertidumbre-5\/#primaryimage","url":"https:\/\/teslafm.net\/wp-content\/uploads\/2019\/02\/partch.jpg","contentUrl":"https:\/\/teslafm.net\/wp-content\/uploads\/2019\/02\/partch.jpg"},{"@type":"BreadcrumbList","@id":"https:\/\/teslafm.net\/teoria-incertidumbre-5\/#breadcrumb","itemListElement":[{"@type":"ListItem","position":1,"name":"Portada","item":"https:\/\/teslafm.net\/"},{"@type":"ListItem","position":2,"name":"Teor\u00eda Incertidumbre #5"}]},{"@type":"WebSite","@id":"https:\/\/teslafm.net\/#website","url":"https:\/\/teslafm.net\/","name":"TeslaFM","description":"An experimental and creative radio","publisher":{"@id":"https:\/\/teslafm.net\/#organization"},"potentialAction":[{"@type":"SearchAction","target":{"@type":"EntryPoint","urlTemplate":"https:\/\/teslafm.net\/?s={search_term_string}"},"query-input":{"@type":"PropertyValueSpecification","valueRequired":true,"valueName":"search_term_string"}}],"inLanguage":"en-US"},{"@type":"Organization","@id":"https:\/\/teslafm.net\/#organization","name":"TeslaFM","url":"https:\/\/teslafm.net\/","logo":{"@type":"ImageObject","inLanguage":"en-US","@id":"https:\/\/teslafm.net\/#\/schema\/logo\/image\/","url":"https:\/\/teslafm.net\/wp-content\/uploads\/2020\/06\/logo-tesla.png","contentUrl":"https:\/\/teslafm.net\/wp-content\/uploads\/2020\/06\/logo-tesla.png","width":512,"height":512,"caption":"TeslaFM"},"image":{"@id":"https:\/\/teslafm.net\/#\/schema\/logo\/image\/"},"sameAs":["https:\/\/www.facebook.com\/teslafm.net","https:\/\/x.com\/teslafm"]}]}},"rttpg_featured_image_url":null,"rttpg_author":{"display_name":"Ishak","author_link":"https:\/\/teslafm.net\/en\/author\/cravan\/"},"rttpg_comment":0,"rttpg_category":null,"rttpg_excerpt":"Teor\u00eda Incertidumbre #5 Harry Partch y sus instrumentos INTRODUCCI\u00d3N Harry Partch\u2013 Gourd Tree &amp; Cone Gong (del disco The World of Harry Partch (1969) OBRAS Harry Partch \u2013 The Dreamer That Remains (1972)Harry Partch \u2013The Bewitched (1955) INSTRUMENTO Gourd Tree de 1964 es un instrumento percusivo que est\u00e1 compuesto de 12 campanas de estilo de&hellip;","_links":{"self":[{"href":"https:\/\/teslafm.net\/en\/wp-json\/wp\/v2\/pages\/1831","targetHints":{"allow":["GET"]}}],"collection":[{"href":"https:\/\/teslafm.net\/en\/wp-json\/wp\/v2\/pages"}],"about":[{"href":"https:\/\/teslafm.net\/en\/wp-json\/wp\/v2\/types\/page"}],"author":[{"embeddable":true,"href":"https:\/\/teslafm.net\/en\/wp-json\/wp\/v2\/users\/19"}],"replies":[{"embeddable":true,"href":"https:\/\/teslafm.net\/en\/wp-json\/wp\/v2\/comments?post=1831"}],"version-history":[{"count":14,"href":"https:\/\/teslafm.net\/en\/wp-json\/wp\/v2\/pages\/1831\/revisions"}],"predecessor-version":[{"id":54442,"href":"https:\/\/teslafm.net\/en\/wp-json\/wp\/v2\/pages\/1831\/revisions\/54442"}],"wp:attachment":[{"href":"https:\/\/teslafm.net\/en\/wp-json\/wp\/v2\/media?parent=1831"}],"curies":[{"name":"wp","href":"https:\/\/api.w.org\/{rel}","templated":true}]}}