

{"id":2010,"date":"2019-03-11T12:00:40","date_gmt":"2019-03-11T11:00:40","guid":{"rendered":"https:\/\/teslafm.net\/?page_id=2010"},"modified":"2021-05-10T20:01:32","modified_gmt":"2021-05-10T18:01:32","slug":"how-do-you-noise","status":"publish","type":"page","link":"https:\/\/teslafm.net\/en\/how-do-you-noise\/","title":{"rendered":"How do you noise!"},"content":{"rendered":"<div data-elementor-type=\"wp-page\" data-elementor-id=\"2010\" class=\"elementor elementor-2010\">\n\t\t\t\t\t\t<section class=\"elementor-section elementor-top-section elementor-element elementor-element-189ed2c elementor-section-boxed elementor-section-height-default elementor-section-height-default\" data-id=\"189ed2c\" data-element_type=\"section\" data-e-type=\"section\">\n\t\t\t\t\t\t<div class=\"elementor-container elementor-column-gap-default\">\n\t\t\t\t\t<div class=\"elementor-column elementor-col-33 elementor-top-column elementor-element elementor-element-0526660\" data-id=\"0526660\" data-element_type=\"column\" data-e-type=\"column\">\n\t\t\t<div class=\"elementor-widget-wrap elementor-element-populated\">\n\t\t\t\t\t\t<div class=\"elementor-element elementor-element-82f3820 elementor-widget elementor-widget-image\" data-id=\"82f3820\" data-element_type=\"widget\" data-e-type=\"widget\" data-widget_type=\"image.default\">\n\t\t\t\t<div class=\"elementor-widget-container\">\n\t\t\t\t\t\t\t\t\t\t\t\t\t\t\t<img fetchpriority=\"high\" decoding=\"async\" width=\"300\" height=\"299\" src=\"https:\/\/teslafm.net\/wp-content\/uploads\/2021\/04\/AA.png\" class=\"attachment-medium size-medium wp-image-57771\" alt=\"\" srcset=\"https:\/\/teslafm.net\/wp-content\/uploads\/2021\/04\/AA.png 300w, https:\/\/teslafm.net\/wp-content\/uploads\/2021\/04\/AA-150x150.png 150w\" sizes=\"(max-width: 300px) 100vw, 300px\" \/>\t\t\t\t\t\t\t\t\t\t\t\t\t\t\t<\/div>\n\t\t\t\t<\/div>\n\t\t\t\t\t<\/div>\n\t\t<\/div>\n\t\t\t\t<div class=\"elementor-column elementor-col-33 elementor-top-column elementor-element elementor-element-83f7859\" data-id=\"83f7859\" data-element_type=\"column\" data-e-type=\"column\" data-settings=\"{&quot;background_background&quot;:&quot;classic&quot;}\">\n\t\t\t<div class=\"elementor-widget-wrap elementor-element-populated\">\n\t\t\t\t\t\t<div class=\"elementor-element elementor-element-04c11bb elementor-widget elementor-widget-heading\" data-id=\"04c11bb\" data-element_type=\"widget\" data-e-type=\"widget\" data-widget_type=\"heading.default\">\n\t\t\t\t<div class=\"elementor-widget-container\">\n\t\t\t\t\t<h2 class=\"elementor-heading-title elementor-size-default\">ALESSANDRO CONTINI &amp; ALICE PINTUS<\/h2>\t\t\t\t<\/div>\n\t\t\t\t<\/div>\n\t\t\t\t<div class=\"elementor-element elementor-element-b760474 elementor-widget elementor-widget-text-editor\" data-id=\"b760474\" data-element_type=\"widget\" data-e-type=\"widget\" data-widget_type=\"text-editor.default\">\n\t\t\t\t<div class=\"elementor-widget-container\">\n\t\t\t\t\t\t\t\t\t<p><strong>AA<\/strong> are a couple, share a house, two cats and a love for experimental and avant-garde music.<\/p><p><a href=\"http:\/\/www.alessandrocontini.it\/\" target=\"_blank\" rel=\"noopener\">Alessandro<\/a> studied Computer Science and Music Technology in Milan, Italy. He works in the open source field, and for the last 10 years has organized and led workshops on building hardware and software to make sounds and noise.<\/p><p>Alice is an interaction designer. She has always loved electronics and <em>circuit bending<\/em>and has built machines for <em>noise<\/em>. Alice loves contemporary classical music because she can think more clearly while listening to it.<\/p>\t\t\t\t\t\t\t\t<\/div>\n\t\t\t\t<\/div>\n\t\t\t\t\t<\/div>\n\t\t<\/div>\n\t\t\t\t<div class=\"elementor-column elementor-col-33 elementor-top-column elementor-element elementor-element-54b16a1\" data-id=\"54b16a1\" data-element_type=\"column\" data-e-type=\"column\" data-settings=\"{&quot;background_background&quot;:&quot;classic&quot;}\">\n\t\t\t<div class=\"elementor-widget-wrap elementor-element-populated\">\n\t\t\t\t\t\t<div class=\"elementor-element elementor-element-3c638a3 elementor-widget elementor-widget-heading\" data-id=\"3c638a3\" data-element_type=\"widget\" data-e-type=\"widget\" data-widget_type=\"heading.default\">\n\t\t\t\t<div class=\"elementor-widget-container\">\n\t\t\t\t\t<h2 class=\"elementor-heading-title elementor-size-default\">HOW DO YOU NOISE!<\/h2>\t\t\t\t<\/div>\n\t\t\t\t<\/div>\n\t\t\t\t<div class=\"elementor-element elementor-element-d52c177 elementor-widget elementor-widget-text-editor\" data-id=\"d52c177\" data-element_type=\"widget\" data-e-type=\"widget\" data-widget_type=\"text-editor.default\">\n\t\t\t\t<div class=\"elementor-widget-container\">\n\t\t\t\t\t\t\t\t\t<p><span style=\"color: #808080;\">\"How do you noise!\" is a program where we investigate audio techniques for making noise, experimental music and sound art. Each episode focuses on a specific technique, think field recording, non-imput mixing, contact microphones, circuit bending just to name a few.<\/span><br \/><span style=\"color: #808080;\">We'll listen to some pieces performed using the technique, from renowned artists to underground performances by local people, and maybe talk a bit about how to reproduce it.<\/span><\/p><p><span style=\"color: #808080;\">Produced by <strong>AA<\/strong>.<\/span><\/p>\t\t\t\t\t\t\t\t<\/div>\n\t\t\t\t<\/div>\n\t\t\t\t\t<\/div>\n\t\t<\/div>\n\t\t\t\t\t<\/div>\n\t\t<\/section>\n\t\t\t\t<section class=\"elementor-section elementor-top-section elementor-element elementor-element-7200cf2 elementor-section-boxed elementor-section-height-default elementor-section-height-default\" data-id=\"7200cf2\" data-element_type=\"section\" data-e-type=\"section\">\n\t\t\t\t\t\t<div class=\"elementor-container elementor-column-gap-default\">\n\t\t\t\t\t<div class=\"elementor-column elementor-col-25 elementor-top-column elementor-element elementor-element-8d8930f\" data-id=\"8d8930f\" data-element_type=\"column\" data-e-type=\"column\">\n\t\t\t<div class=\"elementor-widget-wrap elementor-element-populated\">\n\t\t\t\t\t\t<div class=\"elementor-element elementor-element-85139b6 elementor-widget elementor-widget-testimonial\" data-id=\"85139b6\" data-element_type=\"widget\" data-e-type=\"widget\" data-widget_type=\"testimonial.default\">\n\t\t\t\t<div class=\"elementor-widget-container\">\n\t\t\t\t\t\t\t<div class=\"elementor-testimonial-wrapper\">\n\t\t\t\t\t\t\t<div class=\"elementor-testimonial-content\">If you like How do you noise?, we recommend you:<\/div>\n\t\t\t\n\t\t\t\t\t\t<div class=\"elementor-testimonial-meta elementor-has-image elementor-testimonial-image-position-aside\">\n\t\t\t\t<div class=\"elementor-testimonial-meta-inner\">\n\t\t\t\t\t\t\t\t\t\t\t<div class=\"elementor-testimonial-image\">\n\t\t\t\t\t\t\t<a href=\"https:\/\/teslafm.net\/en\/digital-entropy\/\" target=\"_blank\"><img decoding=\"async\" src=\"https:\/\/teslafm.net\/wp-content\/uploads\/elementor\/thumbs\/DigitalEntropy_logo-p6yyp7qhaps8n76wjftp5a2tbh364bxbwi93s4ygfi.png\" title=\"DigitalEntropy_logo\" alt=\"DigitalEntropy_logo\" loading=\"lazy\" \/><\/a>\t\t\t\t\t\t<\/div>\n\t\t\t\t\t\n\t\t\t\t\t\t\t\t\t\t<div class=\"elementor-testimonial-details\">\n\t\t\t\t\t\t\t\t\t\t\t\t\t\t<a class=\"elementor-testimonial-name\" href=\"https:\/\/teslafm.net\/en\/digital-entropy\/\" target=\"_blank\">Digital Entropy<\/a>\n\t\t\t\t\t\t\t\t\t\t\t\t\t\t\t\t\t\t\t\t\t\t<a class=\"elementor-testimonial-job\" href=\"https:\/\/teslafm.net\/en\/digital-entropy\/\" target=\"_blank\">Nikka<\/a>\n\t\t\t\t\t\t\t\t\t\t\t\t\t<\/div>\n\t\t\t\t\t\t\t\t\t<\/div>\n\t\t\t<\/div>\n\t\t\t\t\t<\/div>\n\t\t\t\t\t\t<\/div>\n\t\t\t\t<\/div>\n\t\t\t\t\t<\/div>\n\t\t<\/div>\n\t\t\t\t<div class=\"elementor-column elementor-col-25 elementor-top-column elementor-element elementor-element-74af174\" data-id=\"74af174\" data-element_type=\"column\" data-e-type=\"column\">\n\t\t\t<div class=\"elementor-widget-wrap\">\n\t\t\t\t\t\t\t<\/div>\n\t\t<\/div>\n\t\t\t\t<div class=\"elementor-column elementor-col-25 elementor-top-column elementor-element elementor-element-65d2ad3\" data-id=\"65d2ad3\" data-element_type=\"column\" data-e-type=\"column\">\n\t\t\t<div class=\"elementor-widget-wrap\">\n\t\t\t\t\t\t\t<\/div>\n\t\t<\/div>\n\t\t\t\t<div class=\"elementor-column elementor-col-25 elementor-top-column elementor-element elementor-element-95cdfc9\" data-id=\"95cdfc9\" data-element_type=\"column\" data-e-type=\"column\">\n\t\t\t<div class=\"elementor-widget-wrap\">\n\t\t\t\t\t\t\t<\/div>\n\t\t<\/div>\n\t\t\t\t\t<\/div>\n\t\t<\/section>\n\t\t\t\t<section class=\"elementor-section elementor-top-section elementor-element elementor-element-5c0e6ce elementor-section-boxed elementor-section-height-default elementor-section-height-default\" data-id=\"5c0e6ce\" data-element_type=\"section\" data-e-type=\"section\">\n\t\t\t\t\t\t<div class=\"elementor-container elementor-column-gap-default\">\n\t\t\t\t\t<div class=\"elementor-column elementor-col-100 elementor-top-column elementor-element elementor-element-059eaec\" data-id=\"059eaec\" data-element_type=\"column\" data-e-type=\"column\">\n\t\t\t<div class=\"elementor-widget-wrap elementor-element-populated\">\n\t\t\t\t\t\t<div class=\"elementor-element elementor-element-db844f0 elementor-widget elementor-widget-spacer\" data-id=\"db844f0\" data-element_type=\"widget\" data-e-type=\"widget\" data-widget_type=\"spacer.default\">\n\t\t\t\t<div class=\"elementor-widget-container\">\n\t\t\t\t\t\t\t<div class=\"elementor-spacer\">\n\t\t\t<div class=\"elementor-spacer-inner\"><\/div>\n\t\t<\/div>\n\t\t\t\t\t\t<\/div>\n\t\t\t\t<\/div>\n\t\t\t\t\t<\/div>\n\t\t<\/div>\n\t\t\t\t\t<\/div>\n\t\t<\/section>\n\t\t\t\t<section class=\"elementor-section elementor-top-section elementor-element elementor-element-74160785 elementor-section-boxed elementor-section-height-default elementor-section-height-default\" data-id=\"74160785\" data-element_type=\"section\" data-e-type=\"section\">\n\t\t\t\t\t\t<div class=\"elementor-container elementor-column-gap-default\">\n\t\t\t\t\t<div class=\"elementor-column elementor-col-100 elementor-top-column elementor-element elementor-element-4ea89254\" data-id=\"4ea89254\" data-element_type=\"column\" data-e-type=\"column\">\n\t\t\t<div class=\"elementor-widget-wrap elementor-element-populated\">\n\t\t\t\t\t\t<div class=\"elementor-element elementor-element-28ae5e4f elementor-widget elementor-widget-text-editor\" data-id=\"28ae5e4f\" data-element_type=\"widget\" data-e-type=\"widget\" data-widget_type=\"text-editor.default\">\n\t\t\t\t<div class=\"elementor-widget-container\">\n\t\t\t\t\t\t\t\t\t<p><a href=\"https:\/\/teslafm.net\/en\/how-do-you-noise-5\/\"><strong>How Do You Noise? #5 \/ + info \u00a0<\/strong><\/a><span style=\"color: #808080;\"><em>Percussion instruments<br \/><\/em><\/span><\/p><p><iframe src=\"https:\/\/www.mixcloud.com\/widget\/iframe\/?hide_cover=1&amp;feed=%2FTeslafm_net%2Fhow-do-you-noise-5-aa%2F\" width=\"100%\" height=\"120\" frameborder=\"0\"><\/iframe><\/p><p><a href=\"https:\/\/teslafm.net\/en\/how-do-you-noise-4\/\"><strong>How Do You Noise? #4 \/ + info \u00a0<\/strong><\/a><span style=\"color: #808080;\"><em>The human voice<br \/><\/em><\/span><\/p><p><iframe src=\"https:\/\/www.mixcloud.com\/widget\/iframe\/?hide_cover=1&amp;feed=%2FTeslafm_net%2Fhow-do-you-noise-4-aa%2F\" width=\"100%\" height=\"120\" frameborder=\"0\"><\/iframe><\/p><p><a href=\"https:\/\/teslafm.net\/en\/how-do-you-noise-3\/\"><strong>How Do You Noise? #3 \/ + info \u00a0<\/strong><\/a><span style=\"color: #808080;\"><em>Contact microphone<br \/><\/em><\/span><\/p><p><iframe src=\"https:\/\/www.mixcloud.com\/widget\/iframe\/?hide_cover=1&amp;feed=%2FTeslafm_net%2Fhow-do-you-noise-3-aa%2F\" width=\"100%\" height=\"120\" frameborder=\"0\"><\/iframe><\/p><p><a href=\"https:\/\/teslafm.net\/en\/how-do-you-noise-2\/\"><strong>How Do You Noise? #2 \/ + info \u00a0<\/strong><\/a><span style=\"color: #808080;\"><em>Tape music<br \/><\/em><\/span><\/p><p><iframe src=\"https:\/\/www.mixcloud.com\/widget\/iframe\/?hide_cover=1&amp;feed=%2FTeslafm_net%2Fhow-do-you-noise-2-aa%2F\" width=\"100%\" height=\"120\" frameborder=\"0\"><\/iframe><\/p><p><a href=\"https:\/\/teslafm.net\/en\/how-do-you-noise-1\/\"><strong>How Do You Noise? #1 \/ + info \u00a0 <\/strong><\/a><span style=\"color: #808080;\"><em>Field recordings<\/em><\/span><\/p><p><iframe src=\"https:\/\/www.mixcloud.com\/widget\/iframe\/?hide_cover=1&amp;feed=%2FTeslafm_net%2Fhow-do-you-noise-1-aa%2F\" width=\"100%\" height=\"120\" frameborder=\"0\"><\/iframe><\/p>\t\t\t\t\t\t\t\t<\/div>\n\t\t\t\t<\/div>\n\t\t\t\t\t<\/div>\n\t\t<\/div>\n\t\t\t\t\t<\/div>\n\t\t<\/section>\n\t\t\t\t<\/div>","protected":false},"excerpt":{"rendered":"<p>ALESSANDRO CONTINI &#038; ALICE PINTUS AA son pareja, comparten casa, dos gatos y el amor por la m\u00fasica experimental y de vanguardia. Alessandro estudi\u00f3 Ciencias de la Computaci\u00f3n y Tecnolog\u00eda Musical en Mil\u00e1n, Italia. Trabaja en el campo del c\u00f3digo abierto, y en los \u00faltimos 10 a\u00f1os ha organizado y dirigido talleres sobre la construcci\u00f3n [&hellip;]<\/p>\n","protected":false},"author":19,"featured_media":0,"parent":0,"menu_order":0,"comment_status":"closed","ping_status":"closed","template":"","meta":{"footnotes":""},"class_list":["post-2010","page","type-page","status-publish","hentry"],"yoast_head":"<!-- This site is optimized with the Yoast SEO plugin v27.2 - https:\/\/yoast.com\/product\/yoast-seo-wordpress\/ -->\n<title>How do you noise!? -<\/title>\n<meta name=\"robots\" content=\"index, follow, max-snippet:-1, max-image-preview:large, max-video-preview:-1\" \/>\n<link rel=\"canonical\" href=\"https:\/\/teslafm.net\/en\/how-do-you-noise\/\" \/>\n<meta property=\"og:locale\" content=\"en_US\" \/>\n<meta property=\"og:type\" content=\"article\" \/>\n<meta property=\"og:title\" content=\"How do you noise!? -\" \/>\n<meta property=\"og:description\" content=\"ALESSANDRO CONTINI &#038; ALICE PINTUS AA son pareja, comparten casa, dos gatos y el amor por la m\u00fasica experimental y de vanguardia. Alessandro estudi\u00f3 Ciencias de la Computaci\u00f3n y Tecnolog\u00eda Musical en Mil\u00e1n, Italia. Trabaja en el campo del c\u00f3digo abierto, y en los \u00faltimos 10 a\u00f1os ha organizado y dirigido talleres sobre la construcci\u00f3n [&hellip;]\" \/>\n<meta property=\"og:url\" content=\"https:\/\/teslafm.net\/en\/how-do-you-noise\/\" \/>\n<meta property=\"article:publisher\" content=\"https:\/\/www.facebook.com\/teslafm.net\" \/>\n<meta property=\"article:modified_time\" content=\"2021-05-10T18:01:32+00:00\" \/>\n<meta property=\"og:image\" content=\"https:\/\/teslafm.net\/wp-content\/uploads\/2021\/04\/AA.png\" \/>\n<meta name=\"twitter:card\" content=\"summary_large_image\" \/>\n<meta name=\"twitter:site\" content=\"@teslafm\" \/>\n<meta name=\"twitter:label1\" content=\"Est. reading time\" \/>\n\t<meta name=\"twitter:data1\" content=\"2 minutes\" \/>\n<script type=\"application\/ld+json\" class=\"yoast-schema-graph\">{\"@context\":\"https:\/\/schema.org\",\"@graph\":[{\"@type\":\"WebPage\",\"@id\":\"https:\/\/teslafm.net\/how-do-you-noise\/\",\"url\":\"https:\/\/teslafm.net\/how-do-you-noise\/\",\"name\":\"How do you noise!? -\",\"isPartOf\":{\"@id\":\"https:\/\/teslafm.net\/#website\"},\"primaryImageOfPage\":{\"@id\":\"https:\/\/teslafm.net\/how-do-you-noise\/#primaryimage\"},\"image\":{\"@id\":\"https:\/\/teslafm.net\/how-do-you-noise\/#primaryimage\"},\"thumbnailUrl\":\"https:\/\/teslafm.net\/wp-content\/uploads\/2021\/04\/AA.png\",\"datePublished\":\"2019-03-11T11:00:40+00:00\",\"dateModified\":\"2021-05-10T18:01:32+00:00\",\"breadcrumb\":{\"@id\":\"https:\/\/teslafm.net\/how-do-you-noise\/#breadcrumb\"},\"inLanguage\":\"en-US\",\"potentialAction\":[{\"@type\":\"ReadAction\",\"target\":[\"https:\/\/teslafm.net\/how-do-you-noise\/\"]}]},{\"@type\":\"ImageObject\",\"inLanguage\":\"en-US\",\"@id\":\"https:\/\/teslafm.net\/how-do-you-noise\/#primaryimage\",\"url\":\"https:\/\/teslafm.net\/wp-content\/uploads\/2021\/04\/AA.png\",\"contentUrl\":\"https:\/\/teslafm.net\/wp-content\/uploads\/2021\/04\/AA.png\"},{\"@type\":\"BreadcrumbList\",\"@id\":\"https:\/\/teslafm.net\/how-do-you-noise\/#breadcrumb\",\"itemListElement\":[{\"@type\":\"ListItem\",\"position\":1,\"name\":\"Portada\",\"item\":\"https:\/\/teslafm.net\/\"},{\"@type\":\"ListItem\",\"position\":2,\"name\":\"How do you noise!?\"}]},{\"@type\":\"WebSite\",\"@id\":\"https:\/\/teslafm.net\/#website\",\"url\":\"https:\/\/teslafm.net\/\",\"name\":\"TeslaFM\",\"description\":\"An experimental and creative radio\",\"publisher\":{\"@id\":\"https:\/\/teslafm.net\/#organization\"},\"potentialAction\":[{\"@type\":\"SearchAction\",\"target\":{\"@type\":\"EntryPoint\",\"urlTemplate\":\"https:\/\/teslafm.net\/?s={search_term_string}\"},\"query-input\":{\"@type\":\"PropertyValueSpecification\",\"valueRequired\":true,\"valueName\":\"search_term_string\"}}],\"inLanguage\":\"en-US\"},{\"@type\":\"Organization\",\"@id\":\"https:\/\/teslafm.net\/#organization\",\"name\":\"TeslaFM\",\"url\":\"https:\/\/teslafm.net\/\",\"logo\":{\"@type\":\"ImageObject\",\"inLanguage\":\"en-US\",\"@id\":\"https:\/\/teslafm.net\/#\/schema\/logo\/image\/\",\"url\":\"https:\/\/teslafm.net\/wp-content\/uploads\/2020\/06\/logo-tesla.png\",\"contentUrl\":\"https:\/\/teslafm.net\/wp-content\/uploads\/2020\/06\/logo-tesla.png\",\"width\":512,\"height\":512,\"caption\":\"TeslaFM\"},\"image\":{\"@id\":\"https:\/\/teslafm.net\/#\/schema\/logo\/image\/\"},\"sameAs\":[\"https:\/\/www.facebook.com\/teslafm.net\",\"https:\/\/x.com\/teslafm\"]}]}<\/script>\n<!-- \/ Yoast SEO plugin. -->","yoast_head_json":{"title":"How do you noise? -","robots":{"index":"index","follow":"follow","max-snippet":"max-snippet:-1","max-image-preview":"max-image-preview:large","max-video-preview":"max-video-preview:-1"},"canonical":"https:\/\/teslafm.net\/en\/how-do-you-noise\/","og_locale":"en_US","og_type":"article","og_title":"How do you noise!? -","og_description":"ALESSANDRO CONTINI &#038; ALICE PINTUS AA son pareja, comparten casa, dos gatos y el amor por la m\u00fasica experimental y de vanguardia. Alessandro estudi\u00f3 Ciencias de la Computaci\u00f3n y Tecnolog\u00eda Musical en Mil\u00e1n, Italia. Trabaja en el campo del c\u00f3digo abierto, y en los \u00faltimos 10 a\u00f1os ha organizado y dirigido talleres sobre la construcci\u00f3n [&hellip;]","og_url":"https:\/\/teslafm.net\/en\/how-do-you-noise\/","article_publisher":"https:\/\/www.facebook.com\/teslafm.net","article_modified_time":"2021-05-10T18:01:32+00:00","og_image":[{"url":"https:\/\/teslafm.net\/wp-content\/uploads\/2021\/04\/AA.png","type":"","width":"","height":""}],"twitter_card":"summary_large_image","twitter_site":"@teslafm","twitter_misc":{"Est. reading time":"2 minutes"},"schema":{"@context":"https:\/\/schema.org","@graph":[{"@type":"WebPage","@id":"https:\/\/teslafm.net\/how-do-you-noise\/","url":"https:\/\/teslafm.net\/how-do-you-noise\/","name":"How do you noise? -","isPartOf":{"@id":"https:\/\/teslafm.net\/#website"},"primaryImageOfPage":{"@id":"https:\/\/teslafm.net\/how-do-you-noise\/#primaryimage"},"image":{"@id":"https:\/\/teslafm.net\/how-do-you-noise\/#primaryimage"},"thumbnailUrl":"https:\/\/teslafm.net\/wp-content\/uploads\/2021\/04\/AA.png","datePublished":"2019-03-11T11:00:40+00:00","dateModified":"2021-05-10T18:01:32+00:00","breadcrumb":{"@id":"https:\/\/teslafm.net\/how-do-you-noise\/#breadcrumb"},"inLanguage":"en-US","potentialAction":[{"@type":"ReadAction","target":["https:\/\/teslafm.net\/how-do-you-noise\/"]}]},{"@type":"ImageObject","inLanguage":"en-US","@id":"https:\/\/teslafm.net\/how-do-you-noise\/#primaryimage","url":"https:\/\/teslafm.net\/wp-content\/uploads\/2021\/04\/AA.png","contentUrl":"https:\/\/teslafm.net\/wp-content\/uploads\/2021\/04\/AA.png"},{"@type":"BreadcrumbList","@id":"https:\/\/teslafm.net\/how-do-you-noise\/#breadcrumb","itemListElement":[{"@type":"ListItem","position":1,"name":"Portada","item":"https:\/\/teslafm.net\/"},{"@type":"ListItem","position":2,"name":"How do you noise!?"}]},{"@type":"WebSite","@id":"https:\/\/teslafm.net\/#website","url":"https:\/\/teslafm.net\/","name":"TeslaFM","description":"An experimental and creative radio","publisher":{"@id":"https:\/\/teslafm.net\/#organization"},"potentialAction":[{"@type":"SearchAction","target":{"@type":"EntryPoint","urlTemplate":"https:\/\/teslafm.net\/?s={search_term_string}"},"query-input":{"@type":"PropertyValueSpecification","valueRequired":true,"valueName":"search_term_string"}}],"inLanguage":"en-US"},{"@type":"Organization","@id":"https:\/\/teslafm.net\/#organization","name":"TeslaFM","url":"https:\/\/teslafm.net\/","logo":{"@type":"ImageObject","inLanguage":"en-US","@id":"https:\/\/teslafm.net\/#\/schema\/logo\/image\/","url":"https:\/\/teslafm.net\/wp-content\/uploads\/2020\/06\/logo-tesla.png","contentUrl":"https:\/\/teslafm.net\/wp-content\/uploads\/2020\/06\/logo-tesla.png","width":512,"height":512,"caption":"TeslaFM"},"image":{"@id":"https:\/\/teslafm.net\/#\/schema\/logo\/image\/"},"sameAs":["https:\/\/www.facebook.com\/teslafm.net","https:\/\/x.com\/teslafm"]}]}},"rttpg_featured_image_url":null,"rttpg_author":{"display_name":"Ishak","author_link":"https:\/\/teslafm.net\/en\/author\/cravan\/"},"rttpg_comment":0,"rttpg_category":null,"rttpg_excerpt":"ALESSANDRO CONTINI &#038; ALICE PINTUS AA son pareja, comparten casa, dos gatos y el amor por la m\u00fasica experimental y de vanguardia. Alessandro estudi\u00f3 Ciencias de la Computaci\u00f3n y Tecnolog\u00eda Musical en Mil\u00e1n, Italia. Trabaja en el campo del c\u00f3digo abierto, y en los \u00faltimos 10 a\u00f1os ha organizado y dirigido talleres sobre la construcci\u00f3n&hellip;","_links":{"self":[{"href":"https:\/\/teslafm.net\/en\/wp-json\/wp\/v2\/pages\/2010","targetHints":{"allow":["GET"]}}],"collection":[{"href":"https:\/\/teslafm.net\/en\/wp-json\/wp\/v2\/pages"}],"about":[{"href":"https:\/\/teslafm.net\/en\/wp-json\/wp\/v2\/types\/page"}],"author":[{"embeddable":true,"href":"https:\/\/teslafm.net\/en\/wp-json\/wp\/v2\/users\/19"}],"replies":[{"embeddable":true,"href":"https:\/\/teslafm.net\/en\/wp-json\/wp\/v2\/comments?post=2010"}],"version-history":[{"count":26,"href":"https:\/\/teslafm.net\/en\/wp-json\/wp\/v2\/pages\/2010\/revisions"}],"predecessor-version":[{"id":58051,"href":"https:\/\/teslafm.net\/en\/wp-json\/wp\/v2\/pages\/2010\/revisions\/58051"}],"wp:attachment":[{"href":"https:\/\/teslafm.net\/en\/wp-json\/wp\/v2\/media?parent=2010"}],"curies":[{"name":"wp","href":"https:\/\/api.w.org\/{rel}","templated":true}]}}