

{"id":2054,"date":"2019-03-13T09:51:10","date_gmt":"2019-03-13T08:51:10","guid":{"rendered":"https:\/\/teslafm.net\/?page_id=2054"},"modified":"2020-09-27T01:15:26","modified_gmt":"2020-09-26T23:15:26","slug":"teoria-incertidumbre-6","status":"publish","type":"page","link":"https:\/\/teslafm.net\/en\/teoria-incertidumbre-6\/","title":{"rendered":"Uncertainty Theory #6"},"content":{"rendered":"<div data-elementor-type=\"wp-page\" data-elementor-id=\"2054\" class=\"elementor elementor-2054\">\n\t\t\t\t\t\t<section class=\"elementor-section elementor-top-section elementor-element elementor-element-164e323a elementor-section-boxed elementor-section-height-default elementor-section-height-default\" data-id=\"164e323a\" data-element_type=\"section\" data-e-type=\"section\">\n\t\t\t\t\t\t<div class=\"elementor-container elementor-column-gap-default\">\n\t\t\t\t\t<div class=\"elementor-column elementor-col-100 elementor-top-column elementor-element elementor-element-1a41b52\" data-id=\"1a41b52\" data-element_type=\"column\" data-e-type=\"column\">\n\t\t\t<div class=\"elementor-widget-wrap elementor-element-populated\">\n\t\t\t\t\t\t<div class=\"elementor-element elementor-element-54046415 elementor-widget elementor-widget-text-editor\" data-id=\"54046415\" data-element_type=\"widget\" data-e-type=\"widget\" data-widget_type=\"text-editor.default\">\n\t\t\t\t<div class=\"elementor-widget-container\">\n\t\t\t\t\t\t\t\t\t<h2><span style=\"color: #ffffff;\"><strong>Uncertainty Theory #6<\/strong><\/span><\/h2>\n<p><span style=\"color: #808080;\"><em>Harry Partch and the Chromelodeon<\/em><\/span><\/p>\n<p><iframe src=\"https:\/\/www.mixcloud.com\/widget\/iframe\/?hide_cover=1&amp;feed=%2FTeslafm_net%2Fteor%C3%ADa-incertidumbre-6-andrea-bravo%2F\" width=\"100%\" height=\"120\" frameborder=\"0\"><\/iframe><\/p>\n<p><span style=\"font-family: arial, helvetica, sans-serif; color: #808080;\"><b>INTRODUCTION<\/b><\/span><\/p>\n<p><span style=\"font-family: arial, helvetica, sans-serif; color: #808080;\"><strong>Harry Partch.<\/strong> Chromelodeon I (from the album The World of Harry Partch (1969))<\/span><\/p>\n<p><strong><span style=\"font-family: arial, helvetica, sans-serif; color: #808080;\"><br><b>WORKS<\/b><\/span><\/strong><\/p>\n<p><span style=\"font-family: arial, helvetica, sans-serif; color: #808080;\"><strong>Harry Partch.<\/strong> And on the Seventh Day Petals Fell in Petaluma (1963-1966)<\/span><\/p>\n<p align=\"JUSTIFY\"><span style=\"font-family: arial, helvetica, sans-serif; color: #808080;\"><b>Chromelodeon I<\/b>was adapted from a harmonium with a range of 6 octaves and two sets of tonal pieces, worked at the University of Wisconsin in 1945, the process of adaptation consisted in removing the 146 pieces of the two sets, each set contained 73 pieces, these pieces are replaced by other 73 pieces but with the range of the 43 tones of the microtonal system and so on. The \"octave\" now has another range, which produces in the musician at the beginning a psychological shock for the training of the instrument.<\/span><\/p>\n<p><span style=\"font-family: arial, helvetica, sans-serif; color: #808080;\">The concept of the instrument was absolutely <em>\"chromatic\"<\/em>by approaching the largest possible number of <em>\"colors\"<\/em> (tones).<\/span><\/p>\n<p><strong><span style=\"font-family: arial, helvetica, sans-serif; color: #808080;\"><br><b>ON THE ORIGINAL INSTRUMENT<\/b><\/span><\/strong><\/p>\n<p align=\"JUSTIFY\"><span style=\"font-family: arial, helvetica, sans-serif; color: #808080;\">The <strong>harmonium<\/strong> o <strong>harmonium<\/strong> (also called harmonium or harmonium) is a wind instrument with keyboard, similar in appearance to the organ, but without pipes and of much smaller size; it is a typical musical instrument of devotional music used in Asia.<\/span><\/p>\n<p align=\"JUSTIFY\"><span style=\"font-family: arial, helvetica, sans-serif; color: #808080;\">Originally developed in Germany in the early 18th century, the harmonium underwent a sudden change in its architecture when the English took it to India where it had its first impact on the Asian population. The original harmonium quickly underwent some modifications to become a floor organ, where the Indian singer could sit, pump, finger and sing at the same time. The tonal scale of the various pedal cascades within the structure of the harmonium was changed to the tonal scale of <i>do <\/i>sharp major.<\/span><\/p>\n<p align=\"JUSTIFY\"><span style=\"font-family: arial, helvetica, sans-serif; color: #808080;\">In the 19th century, in Calcutta, India, <strong>Dwarkanath Ghose<\/strong> modified the instrument so that it was pumped by one hand, while the other played only the melody, obtaining a splendid boom throughout India and Pakistan.<\/span><\/p>\n<p align=\"JUSTIFY\"><span style=\"font-family: arial, helvetica, sans-serif;\"><span style=\"color: #808080;\">In the West it is classified as a free reed wind instrument. It has a keyboard, which controls by means of valves the passage of air through metal reeds that produce the sound. The air intake is produced by means of bellows, operated by pedals by the same interpreter. To achieve a uniform sound, the air from the bellows passes to an intermediate bellows called the <em>\"secret\"<\/em> o <em>\"reserved\"<\/em> that maintains a <\/span><\/span><span style=\"font-family: arial, helvetica, sans-serif; color: #808080;\">constant pressure. However, the register called <em>\"expression\"<\/em> allows air to enter directly from the bellows to the reeds, allowing the performer to achieve more expressive sounds (forte, piano, staccato...)<\/span><\/p>\n<p align=\"JUSTIFY\"><span style=\"font-family: arial, helvetica, sans-serif; color: #808080;\">It also has a system of registers operated by knobs, which allow the passage of air to one or another set of reeds. With this system it is possible to produce different sounds in timbre, pitch or nuance; besides being able to divide the keyboard in two sections. Some harmoniums even have a register that is operated with the knees and allows the passage of air through all the reeds. In this way, two or even three different keyboards can be comfortably simulated.<\/span><\/p>\n<p align=\"JUSTIFY\"><span style=\"font-family: arial, helvetica, sans-serif; color: #808080;\"><b>Harry Partch<\/b> spent his childhood in small, remote towns in Arizona and New Mexico and grew up listening to songs in Mandarin Chinese, Spanish and the Indian languages of those regions. He learned to play the clarinet, the harmonium, the <span lang=\"zxx\">viola<\/span>piano and guitar. He began to compose at a very early age using the chromatic scale common in Western music, although he later burned all his works from this period because he felt very dissatisfied with the sounds he obtained with it, which did not fit his expressive needs or his musical ideas. <strong>Partch<\/strong> He came to the conclusion that he needed new instruments (which he invented and built himself) and suitable players for them. His first instrument was the <b>monophone<\/b><i><b> <\/b><\/i>(later known as <em>\"adapted viola\"<\/em>). <\/span><\/p>\t\t\t\t\t\t\t\t<\/div>\n\t\t\t\t<\/div>\n\t\t\t\t\t<\/div>\n\t\t<\/div>\n\t\t\t\t\t<\/div>\n\t\t<\/section>\n\t\t\t\t<section class=\"elementor-section elementor-top-section elementor-element elementor-element-59f04f1 elementor-section-boxed elementor-section-height-default elementor-section-height-default\" data-id=\"59f04f1\" data-element_type=\"section\" data-e-type=\"section\">\n\t\t\t\t\t\t<div class=\"elementor-container elementor-column-gap-default\">\n\t\t\t\t\t<div class=\"elementor-column elementor-col-100 elementor-top-column elementor-element elementor-element-fe242c9\" data-id=\"fe242c9\" data-element_type=\"column\" data-e-type=\"column\">\n\t\t\t<div class=\"elementor-widget-wrap elementor-element-populated\">\n\t\t\t\t\t\t<div class=\"elementor-element elementor-element-cf7de8d elementor-widget elementor-widget-heading\" data-id=\"cf7de8d\" data-element_type=\"widget\" data-e-type=\"widget\" data-widget_type=\"heading.default\">\n\t\t\t\t<div class=\"elementor-widget-container\">\n\t\t\t\t\t<h1 class=\"elementor-heading-title elementor-size-small\"><span style=\"color: #808080\"><strong>Harry Partch<\/strong> - And on the Seventh Day Petals Fell in Petaluma (1963-1966) (Excerpt from the work performed by the Musikfabrik Ensemble).<\/h1>\t\t\t\t<\/div>\n\t\t\t\t<\/div>\n\t\t\t\t\t<\/div>\n\t\t<\/div>\n\t\t\t\t\t<\/div>\n\t\t<\/section>\n\t\t\t\t<section class=\"elementor-section elementor-top-section elementor-element elementor-element-b0ceb91 elementor-section-boxed elementor-section-height-default elementor-section-height-default\" data-id=\"b0ceb91\" data-element_type=\"section\" data-e-type=\"section\">\n\t\t\t\t\t\t<div class=\"elementor-container elementor-column-gap-default\">\n\t\t\t\t\t<div class=\"elementor-column elementor-col-100 elementor-top-column elementor-element elementor-element-c45ecaf\" data-id=\"c45ecaf\" data-element_type=\"column\" data-e-type=\"column\">\n\t\t\t<div class=\"elementor-widget-wrap elementor-element-populated\">\n\t\t\t\t\t\t<div class=\"elementor-element elementor-element-d561594 elementor-widget elementor-widget-video\" data-id=\"d561594\" data-element_type=\"widget\" data-e-type=\"widget\" data-settings=\"{&quot;youtube_url&quot;:&quot;https:\\\/\\\/youtu.be\\\/XLT80Urr9Wc&quot;,&quot;video_type&quot;:&quot;youtube&quot;,&quot;controls&quot;:&quot;yes&quot;}\" data-widget_type=\"video.default\">\n\t\t\t\t<div class=\"elementor-widget-container\">\n\t\t\t\t\t\t\t<div class=\"elementor-wrapper elementor-open-inline\">\n\t\t\t<div class=\"elementor-video\"><\/div>\t\t<\/div>\n\t\t\t\t\t\t<\/div>\n\t\t\t\t<\/div>\n\t\t\t\t\t<\/div>\n\t\t<\/div>\n\t\t\t\t\t<\/div>\n\t\t<\/section>\n\t\t\t\t<section class=\"elementor-section elementor-top-section elementor-element elementor-element-483a244 elementor-section-boxed elementor-section-height-default elementor-section-height-default\" data-id=\"483a244\" data-element_type=\"section\" data-e-type=\"section\">\n\t\t\t\t\t\t<div class=\"elementor-container elementor-column-gap-default\">\n\t\t\t\t\t<div class=\"elementor-column elementor-col-100 elementor-top-column elementor-element elementor-element-ee66c00\" data-id=\"ee66c00\" data-element_type=\"column\" data-e-type=\"column\">\n\t\t\t<div class=\"elementor-widget-wrap elementor-element-populated\">\n\t\t\t\t\t\t<div class=\"elementor-element elementor-element-04092d4 elementor-widget elementor-widget-heading\" data-id=\"04092d4\" data-element_type=\"widget\" data-e-type=\"widget\" data-widget_type=\"heading.default\">\n\t\t\t\t<div class=\"elementor-widget-container\">\n\t\t\t\t\t<h1 class=\"elementor-heading-title elementor-size-small\"><span style=\"color: #808080\">A small note in the <strong>Universal International News<\/strong> about <strong>Harry Partch<\/strong> (the <strong>Chromelodeon<\/strong>).<\/span><\/h1>\t\t\t\t<\/div>\n\t\t\t\t<\/div>\n\t\t\t\t\t<\/div>\n\t\t<\/div>\n\t\t\t\t\t<\/div>\n\t\t<\/section>\n\t\t\t\t<section class=\"elementor-section elementor-top-section elementor-element elementor-element-6829401 elementor-section-boxed elementor-section-height-default elementor-section-height-default\" data-id=\"6829401\" data-element_type=\"section\" data-e-type=\"section\">\n\t\t\t\t\t\t<div class=\"elementor-container elementor-column-gap-default\">\n\t\t\t\t\t<div class=\"elementor-column elementor-col-100 elementor-top-column elementor-element elementor-element-d570b74\" data-id=\"d570b74\" data-element_type=\"column\" data-e-type=\"column\">\n\t\t\t<div class=\"elementor-widget-wrap elementor-element-populated\">\n\t\t\t\t\t\t<div class=\"elementor-element elementor-element-5b14b7c elementor-widget elementor-widget-video\" data-id=\"5b14b7c\" data-element_type=\"widget\" data-e-type=\"widget\" data-settings=\"{&quot;youtube_url&quot;:&quot;https:\\\/\\\/youtu.be\\\/cHkd5bEGHBE&quot;,&quot;video_type&quot;:&quot;youtube&quot;,&quot;controls&quot;:&quot;yes&quot;}\" data-widget_type=\"video.default\">\n\t\t\t\t<div class=\"elementor-widget-container\">\n\t\t\t\t\t\t\t<div class=\"elementor-wrapper elementor-open-inline\">\n\t\t\t<div class=\"elementor-video\"><\/div>\t\t<\/div>\n\t\t\t\t\t\t<\/div>\n\t\t\t\t<\/div>\n\t\t\t\t\t<\/div>\n\t\t<\/div>\n\t\t\t\t\t<\/div>\n\t\t<\/section>\n\t\t\t\t<section class=\"elementor-section elementor-top-section elementor-element elementor-element-99ca5fb elementor-section-boxed elementor-section-height-default elementor-section-height-default\" data-id=\"99ca5fb\" data-element_type=\"section\" data-e-type=\"section\">\n\t\t\t\t\t\t<div class=\"elementor-container elementor-column-gap-default\">\n\t\t\t\t\t<div class=\"elementor-column elementor-col-100 elementor-top-column elementor-element elementor-element-bb9c828\" data-id=\"bb9c828\" data-element_type=\"column\" data-e-type=\"column\">\n\t\t\t<div class=\"elementor-widget-wrap elementor-element-populated\">\n\t\t\t\t\t\t<div class=\"elementor-element elementor-element-9723076 elementor-widget elementor-widget-text-editor\" data-id=\"9723076\" data-element_type=\"widget\" data-e-type=\"widget\" data-widget_type=\"text-editor.default\">\n\t\t\t\t<div class=\"elementor-widget-container\">\n\t\t\t\t\t\t\t\t\t<p><span style=\"color: #808080;\"><i>Modulation is the movement from the \"emotion\" of one key to the \"emotion\" of another. <\/i><strong>Harry Partch.<\/strong><\/span><\/p>\t\t\t\t\t\t\t\t<\/div>\n\t\t\t\t<\/div>\n\t\t\t\t\t<\/div>\n\t\t<\/div>\n\t\t\t\t\t<\/div>\n\t\t<\/section>\n\t\t\t\t<\/div>","protected":false},"excerpt":{"rendered":"<p>Teor\u00eda Incertidumbre #6 Harry Partch y el Chromelodeon INTRODUCCI\u00d3N Harry Partch. Chromelodeon I (del disco The World of Harry Partch (1969)) OBRAS Harry Partch. And on the Seventh Day Petals Fell in Petaluma (1963-1966) Chromelodeon I, fue adaptado de un armonio con un rango de 6 octavas y dos sets de piezas de tonalidad, trabajado [&hellip;]<\/p>\n","protected":false},"author":19,"featured_media":0,"parent":0,"menu_order":0,"comment_status":"closed","ping_status":"closed","template":"","meta":{"footnotes":""},"class_list":["post-2054","page","type-page","status-publish","hentry"],"yoast_head":"<!-- This site is optimized with the Yoast SEO plugin v27.5 - https:\/\/yoast.com\/product\/yoast-seo-wordpress\/ -->\n<title>Teor\u00eda Incertidumbre #6 -<\/title>\n<meta name=\"robots\" content=\"index, follow, max-snippet:-1, max-image-preview:large, max-video-preview:-1\" \/>\n<link rel=\"canonical\" href=\"https:\/\/teslafm.net\/en\/teoria-incertidumbre-6\/\" \/>\n<meta property=\"og:locale\" content=\"en_US\" \/>\n<meta property=\"og:type\" content=\"article\" \/>\n<meta property=\"og:title\" content=\"Teor\u00eda Incertidumbre #6 -\" \/>\n<meta property=\"og:description\" content=\"Teor\u00eda Incertidumbre #6 Harry Partch y el Chromelodeon INTRODUCCI\u00d3N Harry Partch. Chromelodeon I (del disco The World of Harry Partch (1969)) OBRAS Harry Partch. And on the Seventh Day Petals Fell in Petaluma (1963-1966) Chromelodeon I, fue adaptado de un armonio con un rango de 6 octavas y dos sets de piezas de tonalidad, trabajado [&hellip;]\" \/>\n<meta property=\"og:url\" content=\"https:\/\/teslafm.net\/en\/teoria-incertidumbre-6\/\" \/>\n<meta property=\"article:publisher\" content=\"https:\/\/www.facebook.com\/teslafm.net\" \/>\n<meta property=\"article:modified_time\" content=\"2020-09-26T23:15:26+00:00\" \/>\n<meta property=\"og:image\" content=\"https:\/\/teslafm.net\/wp-content\/uploads\/2022\/09\/header-image-4-temp.png\" \/>\n\t<meta property=\"og:image:width\" content=\"1274\" \/>\n\t<meta property=\"og:image:height\" content=\"818\" \/>\n\t<meta property=\"og:image:type\" content=\"image\/png\" \/>\n<meta name=\"twitter:card\" content=\"summary_large_image\" \/>\n<meta name=\"twitter:site\" content=\"@teslafm\" \/>\n<meta name=\"twitter:label1\" content=\"Est. reading time\" \/>\n\t<meta name=\"twitter:data1\" content=\"4 minutes\" \/>\n<script type=\"application\/ld+json\" class=\"yoast-schema-graph\">{\"@context\":\"https:\\\/\\\/schema.org\",\"@graph\":[{\"@type\":\"WebPage\",\"@id\":\"https:\\\/\\\/teslafm.net\\\/teoria-incertidumbre-6\\\/\",\"url\":\"https:\\\/\\\/teslafm.net\\\/teoria-incertidumbre-6\\\/\",\"name\":\"Teor\u00eda Incertidumbre #6 -\",\"isPartOf\":{\"@id\":\"https:\\\/\\\/teslafm.net\\\/#website\"},\"datePublished\":\"2019-03-13T08:51:10+00:00\",\"dateModified\":\"2020-09-26T23:15:26+00:00\",\"breadcrumb\":{\"@id\":\"https:\\\/\\\/teslafm.net\\\/teoria-incertidumbre-6\\\/#breadcrumb\"},\"inLanguage\":\"en-US\",\"potentialAction\":[{\"@type\":\"ReadAction\",\"target\":[\"https:\\\/\\\/teslafm.net\\\/teoria-incertidumbre-6\\\/\"]}]},{\"@type\":\"BreadcrumbList\",\"@id\":\"https:\\\/\\\/teslafm.net\\\/teoria-incertidumbre-6\\\/#breadcrumb\",\"itemListElement\":[{\"@type\":\"ListItem\",\"position\":1,\"name\":\"Portada\",\"item\":\"https:\\\/\\\/teslafm.net\\\/\"},{\"@type\":\"ListItem\",\"position\":2,\"name\":\"Teor\u00eda Incertidumbre #6\"}]},{\"@type\":\"WebSite\",\"@id\":\"https:\\\/\\\/teslafm.net\\\/#website\",\"url\":\"https:\\\/\\\/teslafm.net\\\/\",\"name\":\"TeslaFM\",\"description\":\"An experimental and creative radio\",\"publisher\":{\"@id\":\"https:\\\/\\\/teslafm.net\\\/#organization\"},\"potentialAction\":[{\"@type\":\"SearchAction\",\"target\":{\"@type\":\"EntryPoint\",\"urlTemplate\":\"https:\\\/\\\/teslafm.net\\\/?s={search_term_string}\"},\"query-input\":{\"@type\":\"PropertyValueSpecification\",\"valueRequired\":true,\"valueName\":\"search_term_string\"}}],\"inLanguage\":\"en-US\"},{\"@type\":\"Organization\",\"@id\":\"https:\\\/\\\/teslafm.net\\\/#organization\",\"name\":\"TeslaFM\",\"url\":\"https:\\\/\\\/teslafm.net\\\/\",\"logo\":{\"@type\":\"ImageObject\",\"inLanguage\":\"en-US\",\"@id\":\"https:\\\/\\\/teslafm.net\\\/#\\\/schema\\\/logo\\\/image\\\/\",\"url\":\"https:\\\/\\\/teslafm.net\\\/wp-content\\\/uploads\\\/2020\\\/06\\\/logo-tesla.png\",\"contentUrl\":\"https:\\\/\\\/teslafm.net\\\/wp-content\\\/uploads\\\/2020\\\/06\\\/logo-tesla.png\",\"width\":512,\"height\":512,\"caption\":\"TeslaFM\"},\"image\":{\"@id\":\"https:\\\/\\\/teslafm.net\\\/#\\\/schema\\\/logo\\\/image\\\/\"},\"sameAs\":[\"https:\\\/\\\/www.facebook.com\\\/teslafm.net\",\"https:\\\/\\\/x.com\\\/teslafm\"]}]}<\/script>\n<!-- \/ Yoast SEO plugin. -->","yoast_head_json":{"title":"Theory Uncertainty #6 -","robots":{"index":"index","follow":"follow","max-snippet":"max-snippet:-1","max-image-preview":"max-image-preview:large","max-video-preview":"max-video-preview:-1"},"canonical":"https:\/\/teslafm.net\/en\/teoria-incertidumbre-6\/","og_locale":"en_US","og_type":"article","og_title":"Teor\u00eda Incertidumbre #6 -","og_description":"Teor\u00eda Incertidumbre #6 Harry Partch y el Chromelodeon INTRODUCCI\u00d3N Harry Partch. Chromelodeon I (del disco The World of Harry Partch (1969)) OBRAS Harry Partch. And on the Seventh Day Petals Fell in Petaluma (1963-1966) Chromelodeon I, fue adaptado de un armonio con un rango de 6 octavas y dos sets de piezas de tonalidad, trabajado [&hellip;]","og_url":"https:\/\/teslafm.net\/en\/teoria-incertidumbre-6\/","article_publisher":"https:\/\/www.facebook.com\/teslafm.net","article_modified_time":"2020-09-26T23:15:26+00:00","og_image":[{"width":1274,"height":818,"url":"https:\/\/teslafm.net\/wp-content\/uploads\/2022\/09\/header-image-4-temp.png","type":"image\/png"}],"twitter_card":"summary_large_image","twitter_site":"@teslafm","twitter_misc":{"Est. reading time":"4 minutes"},"schema":{"@context":"https:\/\/schema.org","@graph":[{"@type":"WebPage","@id":"https:\/\/teslafm.net\/teoria-incertidumbre-6\/","url":"https:\/\/teslafm.net\/teoria-incertidumbre-6\/","name":"Theory Uncertainty #6 -","isPartOf":{"@id":"https:\/\/teslafm.net\/#website"},"datePublished":"2019-03-13T08:51:10+00:00","dateModified":"2020-09-26T23:15:26+00:00","breadcrumb":{"@id":"https:\/\/teslafm.net\/teoria-incertidumbre-6\/#breadcrumb"},"inLanguage":"en-US","potentialAction":[{"@type":"ReadAction","target":["https:\/\/teslafm.net\/teoria-incertidumbre-6\/"]}]},{"@type":"BreadcrumbList","@id":"https:\/\/teslafm.net\/teoria-incertidumbre-6\/#breadcrumb","itemListElement":[{"@type":"ListItem","position":1,"name":"Portada","item":"https:\/\/teslafm.net\/"},{"@type":"ListItem","position":2,"name":"Teor\u00eda Incertidumbre #6"}]},{"@type":"WebSite","@id":"https:\/\/teslafm.net\/#website","url":"https:\/\/teslafm.net\/","name":"TeslaFM","description":"An experimental and creative radio","publisher":{"@id":"https:\/\/teslafm.net\/#organization"},"potentialAction":[{"@type":"SearchAction","target":{"@type":"EntryPoint","urlTemplate":"https:\/\/teslafm.net\/?s={search_term_string}"},"query-input":{"@type":"PropertyValueSpecification","valueRequired":true,"valueName":"search_term_string"}}],"inLanguage":"en-US"},{"@type":"Organization","@id":"https:\/\/teslafm.net\/#organization","name":"TeslaFM","url":"https:\/\/teslafm.net\/","logo":{"@type":"ImageObject","inLanguage":"en-US","@id":"https:\/\/teslafm.net\/#\/schema\/logo\/image\/","url":"https:\/\/teslafm.net\/wp-content\/uploads\/2020\/06\/logo-tesla.png","contentUrl":"https:\/\/teslafm.net\/wp-content\/uploads\/2020\/06\/logo-tesla.png","width":512,"height":512,"caption":"TeslaFM"},"image":{"@id":"https:\/\/teslafm.net\/#\/schema\/logo\/image\/"},"sameAs":["https:\/\/www.facebook.com\/teslafm.net","https:\/\/x.com\/teslafm"]}]}},"rttpg_featured_image_url":null,"rttpg_author":{"display_name":"Ishak","author_link":"https:\/\/teslafm.net\/en\/author\/cravan\/"},"rttpg_comment":0,"rttpg_category":null,"rttpg_excerpt":"Teor\u00eda Incertidumbre #6 Harry Partch y el Chromelodeon INTRODUCCI\u00d3N Harry Partch. Chromelodeon I (del disco The World of Harry Partch (1969)) OBRAS Harry Partch. And on the Seventh Day Petals Fell in Petaluma (1963-1966) Chromelodeon I, fue adaptado de un armonio con un rango de 6 octavas y dos sets de piezas de tonalidad, trabajado&hellip;","_links":{"self":[{"href":"https:\/\/teslafm.net\/en\/wp-json\/wp\/v2\/pages\/2054","targetHints":{"allow":["GET"]}}],"collection":[{"href":"https:\/\/teslafm.net\/en\/wp-json\/wp\/v2\/pages"}],"about":[{"href":"https:\/\/teslafm.net\/en\/wp-json\/wp\/v2\/types\/page"}],"author":[{"embeddable":true,"href":"https:\/\/teslafm.net\/en\/wp-json\/wp\/v2\/users\/19"}],"replies":[{"embeddable":true,"href":"https:\/\/teslafm.net\/en\/wp-json\/wp\/v2\/comments?post=2054"}],"version-history":[{"count":23,"href":"https:\/\/teslafm.net\/en\/wp-json\/wp\/v2\/pages\/2054\/revisions"}],"predecessor-version":[{"id":54948,"href":"https:\/\/teslafm.net\/en\/wp-json\/wp\/v2\/pages\/2054\/revisions\/54948"}],"wp:attachment":[{"href":"https:\/\/teslafm.net\/en\/wp-json\/wp\/v2\/media?parent=2054"}],"curies":[{"name":"wp","href":"https:\/\/api.w.org\/{rel}","templated":true}]}}