

{"id":2357,"date":"2019-04-18T13:39:59","date_gmt":"2019-04-18T11:39:59","guid":{"rendered":"https:\/\/teslafm.net\/?page_id=2357"},"modified":"2021-03-11T21:40:07","modified_gmt":"2021-03-11T20:40:07","slug":"seccion-aurea-2","status":"publish","type":"page","link":"https:\/\/teslafm.net\/en\/seccion-aurea-2\/","title":{"rendered":"Golden Section #2"},"content":{"rendered":"<h2><span style=\"color: #ffffff;\"><strong>Golden Section #2<\/strong><\/span><\/h2>\n<p><span style=\"color: #808080;\"><em>April 2019<\/em><\/span><\/p>\n<p><iframe src=\"https:\/\/www.mixcloud.com\/widget\/iframe\/?hide_cover=1&amp;feed=%2FTeslafm_net%2Fsecci%C3%B3n-%C3%A1urea-2-alfonso-alfonso%2F\" width=\"100%\" height=\"120\" frameborder=\"0\"><\/iframe><\/p>\n<p><span style=\"color: #808080;\"><b>TEXTS<\/b><\/span><br \/>\n<span style=\"color: #808080;\">\"<em>Fragments of an unknown teaching<\/em>\" of <strong>G.I. Gurdjieff<\/strong>(Although the book is the work of <strong>P.S. Ouspensky<\/strong>all the texts that I read appear in the same posts in the mouths of <strong>Gurdjieff<\/strong>They are also a faithful illustration of his philosophy, so I credit him as the author).<\/span><\/p>\n<p><span style=\"color: #808080;\"><b>MUSIC<\/b><\/span><br \/>\n<span style=\"color: #808080;\">01. <strong>Nour Eddine<\/strong> - Dar Eddamanat (House of Faith)<\/span><br \/>\n<span style=\"color: #808080;\">02. <strong>Monks of the Dip Tse Chok Ling Monastery, Dharamsala<\/strong> - A Traditional Composition for Gya Ling and Dung Chen<\/span><br \/>\n<span style=\"color: #808080;\">03. <strong>The Gamelan of the Walking Warriors<\/strong> - Pemungkah<\/span><br \/>\n<span style=\"color: #808080;\">04. <strong>Zebi Odinaeva<\/strong> - Surudi Khalqi<\/span><br \/>\n<span style=\"color: #808080;\">05.<strong>Traditional Korean Music, Sanjo and Vocal Music<\/strong> - Kyongi-Chapka, Yusanga<\/span><br \/>\n<span style=\"color: #808080;\">06. <strong>Early Field Recordings from Java<\/strong> - Ketawang Tarupala (slendro pathet manyura)<\/span><br \/>\n<span style=\"color: #808080;\">07. <strong>Jerusalem In My Heart<\/strong> - Bein Ithnein<\/span><\/p>\n<p><span style=\"color: #808080;\"><b>MUSICAL BACKGROUND<\/b><\/span><br \/>\n<span style=\"color: #808080;\"><strong>Sleepresearch Faciltiy<\/strong> - Nostromo<\/span><\/p>","protected":false},"excerpt":{"rendered":"<p>Secci\u00f3n \u00c1urea #2 Abril 2019 TEXTOS \u00abFragmentos de una ense\u00f1anza desconocida\u00bb de G.I. Gurdjieff. (Aunque el libro es obra de P.D. Ouspensky, todos los textos que leo aparecen en el mismo puestos en boca de Gurdjieff, y adem\u00e1s son una ilustraci\u00f3n fiel de su filosof\u00eda, por lo que acredito a \u00e9ste como autor). M\u00daSICA 01. [&hellip;]<\/p>\n","protected":false},"author":19,"featured_media":0,"parent":0,"menu_order":0,"comment_status":"closed","ping_status":"closed","template":"","meta":{"footnotes":""},"class_list":["post-2357","page","type-page","status-publish","hentry"],"yoast_head":"<!-- This site is optimized with the Yoast SEO plugin v27.5 - https:\/\/yoast.com\/product\/yoast-seo-wordpress\/ -->\n<title>Secci\u00f3n \u00c1urea #2 -<\/title>\n<meta name=\"robots\" content=\"index, follow, max-snippet:-1, max-image-preview:large, max-video-preview:-1\" \/>\n<link rel=\"canonical\" href=\"https:\/\/teslafm.net\/en\/seccion-aurea-2\/\" \/>\n<meta property=\"og:locale\" content=\"en_US\" \/>\n<meta property=\"og:type\" content=\"article\" \/>\n<meta property=\"og:title\" content=\"Secci\u00f3n \u00c1urea #2 -\" \/>\n<meta property=\"og:description\" content=\"Secci\u00f3n \u00c1urea #2 Abril 2019 TEXTOS \u00abFragmentos de una ense\u00f1anza desconocida\u00bb de G.I. Gurdjieff. (Aunque el libro es obra de P.D. Ouspensky, todos los textos que leo aparecen en el mismo puestos en boca de Gurdjieff, y adem\u00e1s son una ilustraci\u00f3n fiel de su filosof\u00eda, por lo que acredito a \u00e9ste como autor). M\u00daSICA 01. [&hellip;]\" \/>\n<meta property=\"og:url\" content=\"https:\/\/teslafm.net\/en\/seccion-aurea-2\/\" \/>\n<meta property=\"article:publisher\" content=\"https:\/\/www.facebook.com\/teslafm.net\" \/>\n<meta property=\"article:modified_time\" content=\"2021-03-11T20:40:07+00:00\" \/>\n<meta property=\"og:image\" content=\"https:\/\/teslafm.net\/wp-content\/uploads\/2022\/09\/header-image-4-temp.png\" \/>\n\t<meta property=\"og:image:width\" content=\"1274\" \/>\n\t<meta property=\"og:image:height\" content=\"818\" \/>\n\t<meta property=\"og:image:type\" content=\"image\/png\" \/>\n<meta name=\"twitter:card\" content=\"summary_large_image\" \/>\n<meta name=\"twitter:site\" content=\"@teslafm\" \/>\n<meta name=\"twitter:label1\" content=\"Est. reading time\" \/>\n\t<meta name=\"twitter:data1\" content=\"1 minute\" \/>\n<script type=\"application\/ld+json\" class=\"yoast-schema-graph\">{\"@context\":\"https:\\\/\\\/schema.org\",\"@graph\":[{\"@type\":\"WebPage\",\"@id\":\"https:\\\/\\\/teslafm.net\\\/seccion-aurea-2\\\/\",\"url\":\"https:\\\/\\\/teslafm.net\\\/seccion-aurea-2\\\/\",\"name\":\"Secci\u00f3n \u00c1urea #2 -\",\"isPartOf\":{\"@id\":\"https:\\\/\\\/teslafm.net\\\/#website\"},\"datePublished\":\"2019-04-18T11:39:59+00:00\",\"dateModified\":\"2021-03-11T20:40:07+00:00\",\"breadcrumb\":{\"@id\":\"https:\\\/\\\/teslafm.net\\\/seccion-aurea-2\\\/#breadcrumb\"},\"inLanguage\":\"en-US\",\"potentialAction\":[{\"@type\":\"ReadAction\",\"target\":[\"https:\\\/\\\/teslafm.net\\\/seccion-aurea-2\\\/\"]}]},{\"@type\":\"BreadcrumbList\",\"@id\":\"https:\\\/\\\/teslafm.net\\\/seccion-aurea-2\\\/#breadcrumb\",\"itemListElement\":[{\"@type\":\"ListItem\",\"position\":1,\"name\":\"Portada\",\"item\":\"https:\\\/\\\/teslafm.net\\\/\"},{\"@type\":\"ListItem\",\"position\":2,\"name\":\"Secci\u00f3n \u00c1urea #2\"}]},{\"@type\":\"WebSite\",\"@id\":\"https:\\\/\\\/teslafm.net\\\/#website\",\"url\":\"https:\\\/\\\/teslafm.net\\\/\",\"name\":\"TeslaFM\",\"description\":\"An experimental and creative radio\",\"publisher\":{\"@id\":\"https:\\\/\\\/teslafm.net\\\/#organization\"},\"potentialAction\":[{\"@type\":\"SearchAction\",\"target\":{\"@type\":\"EntryPoint\",\"urlTemplate\":\"https:\\\/\\\/teslafm.net\\\/?s={search_term_string}\"},\"query-input\":{\"@type\":\"PropertyValueSpecification\",\"valueRequired\":true,\"valueName\":\"search_term_string\"}}],\"inLanguage\":\"en-US\"},{\"@type\":\"Organization\",\"@id\":\"https:\\\/\\\/teslafm.net\\\/#organization\",\"name\":\"TeslaFM\",\"url\":\"https:\\\/\\\/teslafm.net\\\/\",\"logo\":{\"@type\":\"ImageObject\",\"inLanguage\":\"en-US\",\"@id\":\"https:\\\/\\\/teslafm.net\\\/#\\\/schema\\\/logo\\\/image\\\/\",\"url\":\"https:\\\/\\\/teslafm.net\\\/wp-content\\\/uploads\\\/2020\\\/06\\\/logo-tesla.png\",\"contentUrl\":\"https:\\\/\\\/teslafm.net\\\/wp-content\\\/uploads\\\/2020\\\/06\\\/logo-tesla.png\",\"width\":512,\"height\":512,\"caption\":\"TeslaFM\"},\"image\":{\"@id\":\"https:\\\/\\\/teslafm.net\\\/#\\\/schema\\\/logo\\\/image\\\/\"},\"sameAs\":[\"https:\\\/\\\/www.facebook.com\\\/teslafm.net\",\"https:\\\/\\\/x.com\\\/teslafm\"]}]}<\/script>\n<!-- \/ Yoast SEO plugin. -->","yoast_head_json":{"title":"Secci\u00f3n \u00c1urea #2 -","robots":{"index":"index","follow":"follow","max-snippet":"max-snippet:-1","max-image-preview":"max-image-preview:large","max-video-preview":"max-video-preview:-1"},"canonical":"https:\/\/teslafm.net\/en\/seccion-aurea-2\/","og_locale":"en_US","og_type":"article","og_title":"Secci\u00f3n \u00c1urea #2 -","og_description":"Secci\u00f3n \u00c1urea #2 Abril 2019 TEXTOS \u00abFragmentos de una ense\u00f1anza desconocida\u00bb de G.I. Gurdjieff. (Aunque el libro es obra de P.D. Ouspensky, todos los textos que leo aparecen en el mismo puestos en boca de Gurdjieff, y adem\u00e1s son una ilustraci\u00f3n fiel de su filosof\u00eda, por lo que acredito a \u00e9ste como autor). M\u00daSICA 01. [&hellip;]","og_url":"https:\/\/teslafm.net\/en\/seccion-aurea-2\/","article_publisher":"https:\/\/www.facebook.com\/teslafm.net","article_modified_time":"2021-03-11T20:40:07+00:00","og_image":[{"width":1274,"height":818,"url":"https:\/\/teslafm.net\/wp-content\/uploads\/2022\/09\/header-image-4-temp.png","type":"image\/png"}],"twitter_card":"summary_large_image","twitter_site":"@teslafm","twitter_misc":{"Est. reading time":"1 minute"},"schema":{"@context":"https:\/\/schema.org","@graph":[{"@type":"WebPage","@id":"https:\/\/teslafm.net\/seccion-aurea-2\/","url":"https:\/\/teslafm.net\/seccion-aurea-2\/","name":"Secci\u00f3n \u00c1urea #2 -","isPartOf":{"@id":"https:\/\/teslafm.net\/#website"},"datePublished":"2019-04-18T11:39:59+00:00","dateModified":"2021-03-11T20:40:07+00:00","breadcrumb":{"@id":"https:\/\/teslafm.net\/seccion-aurea-2\/#breadcrumb"},"inLanguage":"en-US","potentialAction":[{"@type":"ReadAction","target":["https:\/\/teslafm.net\/seccion-aurea-2\/"]}]},{"@type":"BreadcrumbList","@id":"https:\/\/teslafm.net\/seccion-aurea-2\/#breadcrumb","itemListElement":[{"@type":"ListItem","position":1,"name":"Portada","item":"https:\/\/teslafm.net\/"},{"@type":"ListItem","position":2,"name":"Secci\u00f3n \u00c1urea #2"}]},{"@type":"WebSite","@id":"https:\/\/teslafm.net\/#website","url":"https:\/\/teslafm.net\/","name":"TeslaFM","description":"An experimental and creative radio","publisher":{"@id":"https:\/\/teslafm.net\/#organization"},"potentialAction":[{"@type":"SearchAction","target":{"@type":"EntryPoint","urlTemplate":"https:\/\/teslafm.net\/?s={search_term_string}"},"query-input":{"@type":"PropertyValueSpecification","valueRequired":true,"valueName":"search_term_string"}}],"inLanguage":"en-US"},{"@type":"Organization","@id":"https:\/\/teslafm.net\/#organization","name":"TeslaFM","url":"https:\/\/teslafm.net\/","logo":{"@type":"ImageObject","inLanguage":"en-US","@id":"https:\/\/teslafm.net\/#\/schema\/logo\/image\/","url":"https:\/\/teslafm.net\/wp-content\/uploads\/2020\/06\/logo-tesla.png","contentUrl":"https:\/\/teslafm.net\/wp-content\/uploads\/2020\/06\/logo-tesla.png","width":512,"height":512,"caption":"TeslaFM"},"image":{"@id":"https:\/\/teslafm.net\/#\/schema\/logo\/image\/"},"sameAs":["https:\/\/www.facebook.com\/teslafm.net","https:\/\/x.com\/teslafm"]}]}},"rttpg_featured_image_url":null,"rttpg_author":{"display_name":"Ishak","author_link":"https:\/\/teslafm.net\/en\/author\/cravan\/"},"rttpg_comment":0,"rttpg_category":null,"rttpg_excerpt":"Secci\u00f3n \u00c1urea #2 Abril 2019 TEXTOS \u00abFragmentos de una ense\u00f1anza desconocida\u00bb de G.I. Gurdjieff. (Aunque el libro es obra de P.D. Ouspensky, todos los textos que leo aparecen en el mismo puestos en boca de Gurdjieff, y adem\u00e1s son una ilustraci\u00f3n fiel de su filosof\u00eda, por lo que acredito a \u00e9ste como autor). M\u00daSICA 01.&hellip;","_links":{"self":[{"href":"https:\/\/teslafm.net\/en\/wp-json\/wp\/v2\/pages\/2357","targetHints":{"allow":["GET"]}}],"collection":[{"href":"https:\/\/teslafm.net\/en\/wp-json\/wp\/v2\/pages"}],"about":[{"href":"https:\/\/teslafm.net\/en\/wp-json\/wp\/v2\/types\/page"}],"author":[{"embeddable":true,"href":"https:\/\/teslafm.net\/en\/wp-json\/wp\/v2\/users\/19"}],"replies":[{"embeddable":true,"href":"https:\/\/teslafm.net\/en\/wp-json\/wp\/v2\/comments?post=2357"}],"version-history":[{"count":8,"href":"https:\/\/teslafm.net\/en\/wp-json\/wp\/v2\/pages\/2357\/revisions"}],"predecessor-version":[{"id":57474,"href":"https:\/\/teslafm.net\/en\/wp-json\/wp\/v2\/pages\/2357\/revisions\/57474"}],"wp:attachment":[{"href":"https:\/\/teslafm.net\/en\/wp-json\/wp\/v2\/media?parent=2357"}],"curies":[{"name":"wp","href":"https:\/\/api.w.org\/{rel}","templated":true}]}}