

{"id":2462,"date":"2019-05-05T10:08:24","date_gmt":"2019-05-05T08:08:24","guid":{"rendered":"https:\/\/teslafm.net\/?page_id=2462"},"modified":"2023-02-23T12:34:53","modified_gmt":"2023-02-23T11:34:53","slug":"escuela-cinica-6","status":"publish","type":"page","link":"https:\/\/teslafm.net\/en\/escuela-cinica-6\/","title":{"rendered":"School of Cynics #6"},"content":{"rendered":"<h2><span style=\"color: #ffffff;\"><strong>School of Cynics #6<\/strong><\/span><\/h2>\n<p><span style=\"color: #808080;\"><em>Cosey Fanni Tutti, Geometric Splendor &amp; Erizonte<\/em><\/span><\/p>\n<p><a href=\"https:\/\/teslafm.net\/en\/Escuela%20Cinica%206%20Cosey%20Fanni%20Tutti%20Esplendor%20Geometrico%20Erizonte.mp3\/\" target=\"_blank\" rel=\"noopener\"><img fetchpriority=\"high\" decoding=\"async\" class=\"alignnone wp-image-61753 size-full\" src=\"http:\/\/teslafm.net\/wp-content\/uploads\/2023\/02\/ec-6.jpg\" alt=\"\" width=\"1121\" height=\"120\" srcset=\"https:\/\/teslafm.net\/wp-content\/uploads\/2023\/02\/ec-6.jpg 1121w, https:\/\/teslafm.net\/wp-content\/uploads\/2023\/02\/ec-6-300x32.jpg 300w, https:\/\/teslafm.net\/wp-content\/uploads\/2023\/02\/ec-6-1024x110.jpg 1024w, https:\/\/teslafm.net\/wp-content\/uploads\/2023\/02\/ec-6-768x82.jpg 768w\" sizes=\"(max-width: 1121px) 100vw, 1121px\" \/><\/a><\/p>\n<p><em><img decoding=\"async\" class=\"alignnone wp-image-2463 size-large\" src=\"https:\/\/teslafm.net\/wp-content\/uploads\/2019\/05\/CARTEL-PROGRAMA-6-1024x552.jpg\" alt=\"\" width=\"1024\" height=\"552\" srcset=\"https:\/\/teslafm.net\/wp-content\/uploads\/2019\/05\/CARTEL-PROGRAMA-6-1024x552.jpg 1024w, https:\/\/teslafm.net\/wp-content\/uploads\/2019\/05\/CARTEL-PROGRAMA-6-300x162.jpg 300w, https:\/\/teslafm.net\/wp-content\/uploads\/2019\/05\/CARTEL-PROGRAMA-6-768x414.jpg 768w\" sizes=\"(max-width: 1024px) 100vw, 1024px\" \/><\/em><\/p>","protected":false},"excerpt":{"rendered":"<p>Cynical School #6 Cosey Fanni Tutti, Geometric Splendor &amp; Erizonte<\/p>","protected":false},"author":19,"featured_media":0,"parent":0,"menu_order":0,"comment_status":"closed","ping_status":"closed","template":"","meta":{"footnotes":""},"class_list":["post-2462","page","type-page","status-publish","hentry"],"yoast_head":"<!-- This site is optimized with the Yoast SEO plugin v27.2 - https:\/\/yoast.com\/product\/yoast-seo-wordpress\/ -->\n<title>Escuela C\u00ednica #6 -<\/title>\n<meta name=\"robots\" content=\"index, follow, max-snippet:-1, max-image-preview:large, max-video-preview:-1\" \/>\n<link rel=\"canonical\" href=\"https:\/\/teslafm.net\/en\/escuela-cinica-6\/\" \/>\n<meta property=\"og:locale\" content=\"en_US\" \/>\n<meta property=\"og:type\" content=\"article\" \/>\n<meta property=\"og:title\" content=\"Escuela C\u00ednica #6 -\" \/>\n<meta property=\"og:description\" content=\"Escuela C\u00ednica #6 Cosey Fanni Tutti, Esplendor Geom\u00e9trico &amp; Erizonte\" \/>\n<meta property=\"og:url\" content=\"https:\/\/teslafm.net\/en\/escuela-cinica-6\/\" \/>\n<meta property=\"article:publisher\" content=\"https:\/\/www.facebook.com\/teslafm.net\" \/>\n<meta property=\"article:modified_time\" content=\"2023-02-23T11:34:53+00:00\" \/>\n<meta property=\"og:image\" content=\"http:\/\/teslafm.net\/wp-content\/uploads\/2023\/02\/ec-6.jpg\" \/>\n<meta name=\"twitter:card\" content=\"summary_large_image\" \/>\n<meta name=\"twitter:site\" content=\"@teslafm\" \/>\n<meta name=\"twitter:label1\" content=\"Est. reading time\" \/>\n\t<meta name=\"twitter:data1\" content=\"1 minute\" \/>\n<script type=\"application\/ld+json\" class=\"yoast-schema-graph\">{\"@context\":\"https:\/\/schema.org\",\"@graph\":[{\"@type\":\"WebPage\",\"@id\":\"https:\/\/teslafm.net\/escuela-cinica-6\/\",\"url\":\"https:\/\/teslafm.net\/escuela-cinica-6\/\",\"name\":\"Escuela C\u00ednica #6 -\",\"isPartOf\":{\"@id\":\"https:\/\/teslafm.net\/#website\"},\"primaryImageOfPage\":{\"@id\":\"https:\/\/teslafm.net\/escuela-cinica-6\/#primaryimage\"},\"image\":{\"@id\":\"https:\/\/teslafm.net\/escuela-cinica-6\/#primaryimage\"},\"thumbnailUrl\":\"http:\/\/teslafm.net\/wp-content\/uploads\/2023\/02\/ec-6.jpg\",\"datePublished\":\"2019-05-05T08:08:24+00:00\",\"dateModified\":\"2023-02-23T11:34:53+00:00\",\"breadcrumb\":{\"@id\":\"https:\/\/teslafm.net\/escuela-cinica-6\/#breadcrumb\"},\"inLanguage\":\"en-US\",\"potentialAction\":[{\"@type\":\"ReadAction\",\"target\":[\"https:\/\/teslafm.net\/escuela-cinica-6\/\"]}]},{\"@type\":\"ImageObject\",\"inLanguage\":\"en-US\",\"@id\":\"https:\/\/teslafm.net\/escuela-cinica-6\/#primaryimage\",\"url\":\"http:\/\/teslafm.net\/wp-content\/uploads\/2023\/02\/ec-6.jpg\",\"contentUrl\":\"http:\/\/teslafm.net\/wp-content\/uploads\/2023\/02\/ec-6.jpg\"},{\"@type\":\"BreadcrumbList\",\"@id\":\"https:\/\/teslafm.net\/escuela-cinica-6\/#breadcrumb\",\"itemListElement\":[{\"@type\":\"ListItem\",\"position\":1,\"name\":\"Portada\",\"item\":\"https:\/\/teslafm.net\/\"},{\"@type\":\"ListItem\",\"position\":2,\"name\":\"Escuela C\u00ednica #6\"}]},{\"@type\":\"WebSite\",\"@id\":\"https:\/\/teslafm.net\/#website\",\"url\":\"https:\/\/teslafm.net\/\",\"name\":\"TeslaFM\",\"description\":\"An experimental and creative radio\",\"publisher\":{\"@id\":\"https:\/\/teslafm.net\/#organization\"},\"potentialAction\":[{\"@type\":\"SearchAction\",\"target\":{\"@type\":\"EntryPoint\",\"urlTemplate\":\"https:\/\/teslafm.net\/?s={search_term_string}\"},\"query-input\":{\"@type\":\"PropertyValueSpecification\",\"valueRequired\":true,\"valueName\":\"search_term_string\"}}],\"inLanguage\":\"en-US\"},{\"@type\":\"Organization\",\"@id\":\"https:\/\/teslafm.net\/#organization\",\"name\":\"TeslaFM\",\"url\":\"https:\/\/teslafm.net\/\",\"logo\":{\"@type\":\"ImageObject\",\"inLanguage\":\"en-US\",\"@id\":\"https:\/\/teslafm.net\/#\/schema\/logo\/image\/\",\"url\":\"https:\/\/teslafm.net\/wp-content\/uploads\/2020\/06\/logo-tesla.png\",\"contentUrl\":\"https:\/\/teslafm.net\/wp-content\/uploads\/2020\/06\/logo-tesla.png\",\"width\":512,\"height\":512,\"caption\":\"TeslaFM\"},\"image\":{\"@id\":\"https:\/\/teslafm.net\/#\/schema\/logo\/image\/\"},\"sameAs\":[\"https:\/\/www.facebook.com\/teslafm.net\",\"https:\/\/x.com\/teslafm\"]}]}<\/script>\n<!-- \/ Yoast SEO plugin. -->","yoast_head_json":{"title":"Escuela C\u00ednica #6 -","robots":{"index":"index","follow":"follow","max-snippet":"max-snippet:-1","max-image-preview":"max-image-preview:large","max-video-preview":"max-video-preview:-1"},"canonical":"https:\/\/teslafm.net\/en\/escuela-cinica-6\/","og_locale":"en_US","og_type":"article","og_title":"Escuela C\u00ednica #6 -","og_description":"Escuela C\u00ednica #6 Cosey Fanni Tutti, Esplendor Geom\u00e9trico &amp; Erizonte","og_url":"https:\/\/teslafm.net\/en\/escuela-cinica-6\/","article_publisher":"https:\/\/www.facebook.com\/teslafm.net","article_modified_time":"2023-02-23T11:34:53+00:00","og_image":[{"url":"http:\/\/teslafm.net\/wp-content\/uploads\/2023\/02\/ec-6.jpg","type":"","width":"","height":""}],"twitter_card":"summary_large_image","twitter_site":"@teslafm","twitter_misc":{"Est. reading time":"1 minute"},"schema":{"@context":"https:\/\/schema.org","@graph":[{"@type":"WebPage","@id":"https:\/\/teslafm.net\/escuela-cinica-6\/","url":"https:\/\/teslafm.net\/escuela-cinica-6\/","name":"Escuela C\u00ednica #6 -","isPartOf":{"@id":"https:\/\/teslafm.net\/#website"},"primaryImageOfPage":{"@id":"https:\/\/teslafm.net\/escuela-cinica-6\/#primaryimage"},"image":{"@id":"https:\/\/teslafm.net\/escuela-cinica-6\/#primaryimage"},"thumbnailUrl":"http:\/\/teslafm.net\/wp-content\/uploads\/2023\/02\/ec-6.jpg","datePublished":"2019-05-05T08:08:24+00:00","dateModified":"2023-02-23T11:34:53+00:00","breadcrumb":{"@id":"https:\/\/teslafm.net\/escuela-cinica-6\/#breadcrumb"},"inLanguage":"en-US","potentialAction":[{"@type":"ReadAction","target":["https:\/\/teslafm.net\/escuela-cinica-6\/"]}]},{"@type":"ImageObject","inLanguage":"en-US","@id":"https:\/\/teslafm.net\/escuela-cinica-6\/#primaryimage","url":"http:\/\/teslafm.net\/wp-content\/uploads\/2023\/02\/ec-6.jpg","contentUrl":"http:\/\/teslafm.net\/wp-content\/uploads\/2023\/02\/ec-6.jpg"},{"@type":"BreadcrumbList","@id":"https:\/\/teslafm.net\/escuela-cinica-6\/#breadcrumb","itemListElement":[{"@type":"ListItem","position":1,"name":"Portada","item":"https:\/\/teslafm.net\/"},{"@type":"ListItem","position":2,"name":"Escuela C\u00ednica #6"}]},{"@type":"WebSite","@id":"https:\/\/teslafm.net\/#website","url":"https:\/\/teslafm.net\/","name":"TeslaFM","description":"An experimental and creative radio","publisher":{"@id":"https:\/\/teslafm.net\/#organization"},"potentialAction":[{"@type":"SearchAction","target":{"@type":"EntryPoint","urlTemplate":"https:\/\/teslafm.net\/?s={search_term_string}"},"query-input":{"@type":"PropertyValueSpecification","valueRequired":true,"valueName":"search_term_string"}}],"inLanguage":"en-US"},{"@type":"Organization","@id":"https:\/\/teslafm.net\/#organization","name":"TeslaFM","url":"https:\/\/teslafm.net\/","logo":{"@type":"ImageObject","inLanguage":"en-US","@id":"https:\/\/teslafm.net\/#\/schema\/logo\/image\/","url":"https:\/\/teslafm.net\/wp-content\/uploads\/2020\/06\/logo-tesla.png","contentUrl":"https:\/\/teslafm.net\/wp-content\/uploads\/2020\/06\/logo-tesla.png","width":512,"height":512,"caption":"TeslaFM"},"image":{"@id":"https:\/\/teslafm.net\/#\/schema\/logo\/image\/"},"sameAs":["https:\/\/www.facebook.com\/teslafm.net","https:\/\/x.com\/teslafm"]}]}},"rttpg_featured_image_url":null,"rttpg_author":{"display_name":"Ishak","author_link":"https:\/\/teslafm.net\/en\/author\/cravan\/"},"rttpg_comment":0,"rttpg_category":null,"rttpg_excerpt":"Escuela C\u00ednica #6 Cosey Fanni Tutti, Esplendor Geom\u00e9trico &amp; Erizonte","_links":{"self":[{"href":"https:\/\/teslafm.net\/en\/wp-json\/wp\/v2\/pages\/2462","targetHints":{"allow":["GET"]}}],"collection":[{"href":"https:\/\/teslafm.net\/en\/wp-json\/wp\/v2\/pages"}],"about":[{"href":"https:\/\/teslafm.net\/en\/wp-json\/wp\/v2\/types\/page"}],"author":[{"embeddable":true,"href":"https:\/\/teslafm.net\/en\/wp-json\/wp\/v2\/users\/19"}],"replies":[{"embeddable":true,"href":"https:\/\/teslafm.net\/en\/wp-json\/wp\/v2\/comments?post=2462"}],"version-history":[{"count":6,"href":"https:\/\/teslafm.net\/en\/wp-json\/wp\/v2\/pages\/2462\/revisions"}],"predecessor-version":[{"id":2489,"href":"https:\/\/teslafm.net\/en\/wp-json\/wp\/v2\/pages\/2462\/revisions\/2489"}],"wp:attachment":[{"href":"https:\/\/teslafm.net\/en\/wp-json\/wp\/v2\/media?parent=2462"}],"curies":[{"name":"wp","href":"https:\/\/api.w.org\/{rel}","templated":true}]}}