

{"id":2479,"date":"2019-05-07T23:37:43","date_gmt":"2019-05-07T21:37:43","guid":{"rendered":"https:\/\/teslafm.net\/?page_id=2479"},"modified":"2020-07-12T19:04:50","modified_gmt":"2020-07-12T17:04:50","slug":"teoria-incertidumbre-8","status":"publish","type":"page","link":"https:\/\/teslafm.net\/en\/teoria-incertidumbre-8\/","title":{"rendered":"Uncertainty Theory #8"},"content":{"rendered":"<div data-elementor-type=\"wp-page\" data-elementor-id=\"2479\" class=\"elementor elementor-2479\">\n\t\t\t\t\t\t<section class=\"elementor-section elementor-top-section elementor-element elementor-element-16e0740 elementor-section-boxed elementor-section-height-default elementor-section-height-default\" data-id=\"16e0740\" data-element_type=\"section\" data-e-type=\"section\">\n\t\t\t\t\t\t<div class=\"elementor-container elementor-column-gap-default\">\n\t\t\t\t\t<div class=\"elementor-column elementor-col-100 elementor-top-column elementor-element elementor-element-fac29e2\" data-id=\"fac29e2\" data-element_type=\"column\" data-e-type=\"column\">\n\t\t\t<div class=\"elementor-widget-wrap elementor-element-populated\">\n\t\t\t\t\t\t<div class=\"elementor-element elementor-element-607d3b4 elementor-widget elementor-widget-text-editor\" data-id=\"607d3b4\" data-element_type=\"widget\" data-e-type=\"widget\" data-widget_type=\"text-editor.default\">\n\t\t\t\t<div class=\"elementor-widget-container\">\n\t\t\t\t\t\t\t\t\t<h2><span style=\"color: #ffffff;\"><strong>Uncertainty Theory #8<\/strong><\/span><\/h2><p><span style=\"color: #808080;\"><em>Crystal Harmonica<\/em><\/span><\/p><p><iframe src=\"https:\/\/www.mixcloud.com\/widget\/iframe\/?hide_cover=1&amp;feed=%2FTeslafm_net%2Fteor%C3%ADa-incertidumbre-8-andrea-bravo%2F\" width=\"100%\" height=\"120\" frameborder=\"0\"><\/iframe><\/p>\t\t\t\t\t\t\t\t<\/div>\n\t\t\t\t<\/div>\n\t\t\t\t\t<\/div>\n\t\t<\/div>\n\t\t\t\t\t<\/div>\n\t\t<\/section>\n\t\t\t\t<section class=\"elementor-section elementor-top-section elementor-element elementor-element-308c413 elementor-section-boxed elementor-section-height-default elementor-section-height-default\" data-id=\"308c413\" data-element_type=\"section\" data-e-type=\"section\">\n\t\t\t\t\t\t<div class=\"elementor-container elementor-column-gap-default\">\n\t\t\t\t\t<div class=\"elementor-column elementor-col-100 elementor-top-column elementor-element elementor-element-105cfc9\" data-id=\"105cfc9\" data-element_type=\"column\" data-e-type=\"column\">\n\t\t\t<div class=\"elementor-widget-wrap elementor-element-populated\">\n\t\t\t\t\t\t<div class=\"elementor-element elementor-element-0700904 elementor-widget elementor-widget-image\" data-id=\"0700904\" data-element_type=\"widget\" data-e-type=\"widget\" data-widget_type=\"image.default\">\n\t\t\t\t<div class=\"elementor-widget-container\">\n\t\t\t\t\t\t\t\t\t\t\t\t\t\t\t<img fetchpriority=\"high\" decoding=\"async\" width=\"1280\" height=\"720\" src=\"https:\/\/teslafm.net\/wp-content\/uploads\/2019\/05\/Armonica-de-Cristal.jpg\" class=\"attachment-full size-full wp-image-2484\" alt=\"\" srcset=\"https:\/\/teslafm.net\/wp-content\/uploads\/2019\/05\/Armonica-de-Cristal.jpg 1280w, https:\/\/teslafm.net\/wp-content\/uploads\/2019\/05\/Armonica-de-Cristal-300x169.jpg 300w, https:\/\/teslafm.net\/wp-content\/uploads\/2019\/05\/Armonica-de-Cristal-1024x576.jpg 1024w, https:\/\/teslafm.net\/wp-content\/uploads\/2019\/05\/Armonica-de-Cristal-768x432.jpg 768w, https:\/\/teslafm.net\/wp-content\/uploads\/2019\/05\/Armonica-de-Cristal-600x338.jpg 600w\" sizes=\"(max-width: 1280px) 100vw, 1280px\" \/>\t\t\t\t\t\t\t\t\t\t\t\t\t\t\t<\/div>\n\t\t\t\t<\/div>\n\t\t\t\t\t<\/div>\n\t\t<\/div>\n\t\t\t\t\t<\/div>\n\t\t<\/section>\n\t\t\t\t<section class=\"elementor-section elementor-top-section elementor-element elementor-element-2d67b21 elementor-section-boxed elementor-section-height-default elementor-section-height-default\" data-id=\"2d67b21\" data-element_type=\"section\" data-e-type=\"section\">\n\t\t\t\t\t\t<div class=\"elementor-container elementor-column-gap-default\">\n\t\t\t\t\t<div class=\"elementor-column elementor-col-100 elementor-top-column elementor-element elementor-element-2d1b5475\" data-id=\"2d1b5475\" data-element_type=\"column\" data-e-type=\"column\">\n\t\t\t<div class=\"elementor-widget-wrap elementor-element-populated\">\n\t\t\t\t\t\t<div class=\"elementor-element elementor-element-225283c0 elementor-widget elementor-widget-text-editor\" data-id=\"225283c0\" data-element_type=\"widget\" data-e-type=\"widget\" data-widget_type=\"text-editor.default\">\n\t\t\t\t<div class=\"elementor-widget-container\">\n\t\t\t\t\t\t\t\t\t<p>\u00a0<\/p><p><strong><span style=\"color: #808080;\">WORKS<\/span><\/strong><\/p><p><span style=\"color: #808080;\"><strong>Carl Leopold R\u00f6llig<\/strong> - Quintet For Glass Harmonica &amp; String Quartet in C minor - I. Largo mesto.<br \/><\/span><span style=\"color: #808080;\"><strong>William Penne<\/strong> - Crystal Rainbows The Sounds of Harmonious Craft (1978) (US, Electronic, Experimental).<\/span><\/p><p><span style=\"color: #808080;\"><strong><br \/>CRYSTAL HARMONICA<\/strong><\/span><\/p><p><span style=\"color: #808080;\">Invented by <strong>Benjamin Franklin<\/strong> in 1762.<\/span><\/p><p><span style=\"color: #808080;\">Based on the possibility of rattling the rims of the glass bowls with water with wet fingers. The glass harmonica consists of a series of glass bowls of different sizes superimposed and aligned horizontally, crossed by a shaft connected by belt to a pedal that makes them rotate while playing, in the manner of an old sewing machine. It is played by wetting the fingers lightly and touching the plates as they rotate, which produces a crystalline sound. It currently has a four octave register.<\/span><\/p><p><span style=\"color: #808080;\">In some places it was banned because it was considered harmful. It was said that it caused cancer in those who touched it; although today it is known that the real cause was the lead with which the crystals were made in the past and that it could also be the cause of <a style=\"color: #808080;\" href=\"https:\/\/es.wikipedia.org\/wiki\/Saturnismo\">saturnism<\/a>For this reason, its use is becoming more and more frequent again, albeit with harmonicas made of lead-free crystals.<\/span><\/p><p><span style=\"color: #808080;\"><strong><br \/>INSTRUMENT EXHIBITION (including the Crystal Harmonica)<\/strong><\/span><\/p><p><span style=\"color: #808080;\">In Washington in the 1970's there was an exhibition called \".<em>The Harmonious Craft: American Musical Instruments'\",<\/em>\u00a0which consisted of showcasing handcrafted American instruments and some also considered esoteric. The seal <strong>Sounds Reasonable<\/strong> asks <strong>William Penn<\/strong> to compose music based on the instruments in the exhibition. As a curiosity in the exhibition there were also instruments of <strong>Harry Partch<\/strong>.<\/span><\/p><p><span style=\"color: #808080;\">The instruments selected by <strong>William Penn<\/strong> were:<\/span><\/p><p><span style=\"color: #808080;\"><em>Cloud Chamber Bowls<\/em> designed by <strong>Harry Partch<\/strong>.<br \/><\/span><span style=\"color: #808080;\">A <em>stainless steel cello single string <\/em>from <strong>Robert Rutman<\/strong>.<br \/><\/span><span style=\"color: #808080;\">The <em>Electronic Jawbone <\/em>from <strong>Bob Natalini<\/strong>.<br \/><\/span><span style=\"color: #808080;\">A <em>Triple Ocarina <\/em>from <strong>Susan Rawcliffe<\/strong>.<br \/><\/span><span style=\"color: #808080;\">A <em>steel string guitar <\/em>from <strong>Max Krimmel<\/strong>.<br \/><\/span><span style=\"color: #808080;\">A <em>bicentennial turkey tambourine <\/em>from <strong>Jan Brooks Loyd.<br \/><\/strong><\/span><span style=\"color: #808080;\">Crystal Harmonica.<br \/><\/span><span style=\"color: #808080;\">Others.<\/span><\/p>\t\t\t\t\t\t\t\t<\/div>\n\t\t\t\t<\/div>\n\t\t\t\t\t<\/div>\n\t\t<\/div>\n\t\t\t\t\t<\/div>\n\t\t<\/section>\n\t\t\t\t<section class=\"elementor-section elementor-top-section elementor-element elementor-element-afc2d0c elementor-section-boxed elementor-section-height-default elementor-section-height-default\" data-id=\"afc2d0c\" data-element_type=\"section\" data-e-type=\"section\">\n\t\t\t\t\t\t<div class=\"elementor-container elementor-column-gap-default\">\n\t\t\t\t\t<div class=\"elementor-column elementor-col-100 elementor-top-column elementor-element elementor-element-f0857bb\" data-id=\"f0857bb\" data-element_type=\"column\" data-e-type=\"column\">\n\t\t\t<div class=\"elementor-widget-wrap elementor-element-populated\">\n\t\t\t\t\t\t<div class=\"elementor-element elementor-element-5dc96e0 elementor-widget elementor-widget-video\" data-id=\"5dc96e0\" data-element_type=\"widget\" data-e-type=\"widget\" data-settings=\"{&quot;youtube_url&quot;:&quot;https:\\\/\\\/www.youtube.com\\\/watch?v=_XPfoFZYso8&quot;,&quot;video_type&quot;:&quot;youtube&quot;,&quot;controls&quot;:&quot;yes&quot;}\" data-widget_type=\"video.default\">\n\t\t\t\t<div class=\"elementor-widget-container\">\n\t\t\t\t\t\t\t<div class=\"elementor-wrapper elementor-open-inline\">\n\t\t\t<div class=\"elementor-video\"><\/div>\t\t<\/div>\n\t\t\t\t\t\t<\/div>\n\t\t\t\t<\/div>\n\t\t\t\t\t<\/div>\n\t\t<\/div>\n\t\t\t\t\t<\/div>\n\t\t<\/section>\n\t\t\t\t<\/div>","protected":false},"excerpt":{"rendered":"<p>Teor\u00eda Incertidumbre #8 Arm\u00f3nica de Cristal \u00a0 OBRAS Carl Leopold R\u00f6llig &#8211; Quintet For Glass Harmonica &amp; String Quartet in C minor \u2013 I. Largo mesto.William Penne &#8211; Crystal Rainbows The Sounds of Harmonious Craft (1978) (US, Electronic, Experimental). ARM\u00d3NICA DE CRISTAL Inventado por Benjamin Franklin en 1762. Basada en la posibilidad de hacer sonar [&hellip;]<\/p>\n","protected":false},"author":19,"featured_media":0,"parent":0,"menu_order":0,"comment_status":"closed","ping_status":"closed","template":"","meta":{"footnotes":""},"class_list":["post-2479","page","type-page","status-publish","hentry"],"yoast_head":"<!-- This site is optimized with the Yoast SEO plugin v27.5 - https:\/\/yoast.com\/product\/yoast-seo-wordpress\/ -->\n<title>Teor\u00eda Incertidumbre #8 -<\/title>\n<meta name=\"robots\" content=\"index, follow, max-snippet:-1, max-image-preview:large, max-video-preview:-1\" \/>\n<link rel=\"canonical\" href=\"https:\/\/teslafm.net\/en\/teoria-incertidumbre-8\/\" \/>\n<meta property=\"og:locale\" content=\"en_US\" \/>\n<meta property=\"og:type\" content=\"article\" \/>\n<meta property=\"og:title\" content=\"Teor\u00eda Incertidumbre #8 -\" \/>\n<meta property=\"og:description\" content=\"Teor\u00eda Incertidumbre #8 Arm\u00f3nica de Cristal \u00a0 OBRAS Carl Leopold R\u00f6llig &#8211; Quintet For Glass Harmonica &amp; String Quartet in C minor \u2013 I. Largo mesto.William Penne &#8211; Crystal Rainbows The Sounds of Harmonious Craft (1978) (US, Electronic, Experimental). ARM\u00d3NICA DE CRISTAL Inventado por Benjamin Franklin en 1762. Basada en la posibilidad de hacer sonar [&hellip;]\" \/>\n<meta property=\"og:url\" content=\"https:\/\/teslafm.net\/en\/teoria-incertidumbre-8\/\" \/>\n<meta property=\"article:publisher\" content=\"https:\/\/www.facebook.com\/teslafm.net\" \/>\n<meta property=\"article:modified_time\" content=\"2020-07-12T17:04:50+00:00\" \/>\n<meta property=\"og:image\" content=\"https:\/\/teslafm.net\/wp-content\/uploads\/2019\/05\/Armonica-de-Cristal.jpg\" \/>\n<meta name=\"twitter:card\" content=\"summary_large_image\" \/>\n<meta name=\"twitter:site\" content=\"@teslafm\" \/>\n<meta name=\"twitter:label1\" content=\"Est. reading time\" \/>\n\t<meta name=\"twitter:data1\" content=\"2 minutes\" \/>\n<script type=\"application\/ld+json\" class=\"yoast-schema-graph\">{\"@context\":\"https:\\\/\\\/schema.org\",\"@graph\":[{\"@type\":\"WebPage\",\"@id\":\"https:\\\/\\\/teslafm.net\\\/teoria-incertidumbre-8\\\/\",\"url\":\"https:\\\/\\\/teslafm.net\\\/teoria-incertidumbre-8\\\/\",\"name\":\"Teor\u00eda Incertidumbre #8 -\",\"isPartOf\":{\"@id\":\"https:\\\/\\\/teslafm.net\\\/#website\"},\"primaryImageOfPage\":{\"@id\":\"https:\\\/\\\/teslafm.net\\\/teoria-incertidumbre-8\\\/#primaryimage\"},\"image\":{\"@id\":\"https:\\\/\\\/teslafm.net\\\/teoria-incertidumbre-8\\\/#primaryimage\"},\"thumbnailUrl\":\"https:\\\/\\\/teslafm.net\\\/wp-content\\\/uploads\\\/2019\\\/05\\\/Armonica-de-Cristal.jpg\",\"datePublished\":\"2019-05-07T21:37:43+00:00\",\"dateModified\":\"2020-07-12T17:04:50+00:00\",\"breadcrumb\":{\"@id\":\"https:\\\/\\\/teslafm.net\\\/teoria-incertidumbre-8\\\/#breadcrumb\"},\"inLanguage\":\"en-US\",\"potentialAction\":[{\"@type\":\"ReadAction\",\"target\":[\"https:\\\/\\\/teslafm.net\\\/teoria-incertidumbre-8\\\/\"]}]},{\"@type\":\"ImageObject\",\"inLanguage\":\"en-US\",\"@id\":\"https:\\\/\\\/teslafm.net\\\/teoria-incertidumbre-8\\\/#primaryimage\",\"url\":\"https:\\\/\\\/teslafm.net\\\/wp-content\\\/uploads\\\/2019\\\/05\\\/Armonica-de-Cristal.jpg\",\"contentUrl\":\"https:\\\/\\\/teslafm.net\\\/wp-content\\\/uploads\\\/2019\\\/05\\\/Armonica-de-Cristal.jpg\"},{\"@type\":\"BreadcrumbList\",\"@id\":\"https:\\\/\\\/teslafm.net\\\/teoria-incertidumbre-8\\\/#breadcrumb\",\"itemListElement\":[{\"@type\":\"ListItem\",\"position\":1,\"name\":\"Portada\",\"item\":\"https:\\\/\\\/teslafm.net\\\/\"},{\"@type\":\"ListItem\",\"position\":2,\"name\":\"Teor\u00eda Incertidumbre #8\"}]},{\"@type\":\"WebSite\",\"@id\":\"https:\\\/\\\/teslafm.net\\\/#website\",\"url\":\"https:\\\/\\\/teslafm.net\\\/\",\"name\":\"TeslaFM\",\"description\":\"An experimental and creative radio\",\"publisher\":{\"@id\":\"https:\\\/\\\/teslafm.net\\\/#organization\"},\"potentialAction\":[{\"@type\":\"SearchAction\",\"target\":{\"@type\":\"EntryPoint\",\"urlTemplate\":\"https:\\\/\\\/teslafm.net\\\/?s={search_term_string}\"},\"query-input\":{\"@type\":\"PropertyValueSpecification\",\"valueRequired\":true,\"valueName\":\"search_term_string\"}}],\"inLanguage\":\"en-US\"},{\"@type\":\"Organization\",\"@id\":\"https:\\\/\\\/teslafm.net\\\/#organization\",\"name\":\"TeslaFM\",\"url\":\"https:\\\/\\\/teslafm.net\\\/\",\"logo\":{\"@type\":\"ImageObject\",\"inLanguage\":\"en-US\",\"@id\":\"https:\\\/\\\/teslafm.net\\\/#\\\/schema\\\/logo\\\/image\\\/\",\"url\":\"https:\\\/\\\/teslafm.net\\\/wp-content\\\/uploads\\\/2020\\\/06\\\/logo-tesla.png\",\"contentUrl\":\"https:\\\/\\\/teslafm.net\\\/wp-content\\\/uploads\\\/2020\\\/06\\\/logo-tesla.png\",\"width\":512,\"height\":512,\"caption\":\"TeslaFM\"},\"image\":{\"@id\":\"https:\\\/\\\/teslafm.net\\\/#\\\/schema\\\/logo\\\/image\\\/\"},\"sameAs\":[\"https:\\\/\\\/www.facebook.com\\\/teslafm.net\",\"https:\\\/\\\/x.com\\\/teslafm\"]}]}<\/script>\n<!-- \/ Yoast SEO plugin. -->","yoast_head_json":{"title":"Theory Uncertainty #8 -","robots":{"index":"index","follow":"follow","max-snippet":"max-snippet:-1","max-image-preview":"max-image-preview:large","max-video-preview":"max-video-preview:-1"},"canonical":"https:\/\/teslafm.net\/en\/teoria-incertidumbre-8\/","og_locale":"en_US","og_type":"article","og_title":"Teor\u00eda Incertidumbre #8 -","og_description":"Teor\u00eda Incertidumbre #8 Arm\u00f3nica de Cristal \u00a0 OBRAS Carl Leopold R\u00f6llig &#8211; Quintet For Glass Harmonica &amp; String Quartet in C minor \u2013 I. Largo mesto.William Penne &#8211; Crystal Rainbows The Sounds of Harmonious Craft (1978) (US, Electronic, Experimental). ARM\u00d3NICA DE CRISTAL Inventado por Benjamin Franklin en 1762. Basada en la posibilidad de hacer sonar [&hellip;]","og_url":"https:\/\/teslafm.net\/en\/teoria-incertidumbre-8\/","article_publisher":"https:\/\/www.facebook.com\/teslafm.net","article_modified_time":"2020-07-12T17:04:50+00:00","og_image":[{"url":"https:\/\/teslafm.net\/wp-content\/uploads\/2019\/05\/Armonica-de-Cristal.jpg","type":"","width":"","height":""}],"twitter_card":"summary_large_image","twitter_site":"@teslafm","twitter_misc":{"Est. reading time":"2 minutes"},"schema":{"@context":"https:\/\/schema.org","@graph":[{"@type":"WebPage","@id":"https:\/\/teslafm.net\/teoria-incertidumbre-8\/","url":"https:\/\/teslafm.net\/teoria-incertidumbre-8\/","name":"Theory Uncertainty #8 -","isPartOf":{"@id":"https:\/\/teslafm.net\/#website"},"primaryImageOfPage":{"@id":"https:\/\/teslafm.net\/teoria-incertidumbre-8\/#primaryimage"},"image":{"@id":"https:\/\/teslafm.net\/teoria-incertidumbre-8\/#primaryimage"},"thumbnailUrl":"https:\/\/teslafm.net\/wp-content\/uploads\/2019\/05\/Armonica-de-Cristal.jpg","datePublished":"2019-05-07T21:37:43+00:00","dateModified":"2020-07-12T17:04:50+00:00","breadcrumb":{"@id":"https:\/\/teslafm.net\/teoria-incertidumbre-8\/#breadcrumb"},"inLanguage":"en-US","potentialAction":[{"@type":"ReadAction","target":["https:\/\/teslafm.net\/teoria-incertidumbre-8\/"]}]},{"@type":"ImageObject","inLanguage":"en-US","@id":"https:\/\/teslafm.net\/teoria-incertidumbre-8\/#primaryimage","url":"https:\/\/teslafm.net\/wp-content\/uploads\/2019\/05\/Armonica-de-Cristal.jpg","contentUrl":"https:\/\/teslafm.net\/wp-content\/uploads\/2019\/05\/Armonica-de-Cristal.jpg"},{"@type":"BreadcrumbList","@id":"https:\/\/teslafm.net\/teoria-incertidumbre-8\/#breadcrumb","itemListElement":[{"@type":"ListItem","position":1,"name":"Portada","item":"https:\/\/teslafm.net\/"},{"@type":"ListItem","position":2,"name":"Teor\u00eda Incertidumbre #8"}]},{"@type":"WebSite","@id":"https:\/\/teslafm.net\/#website","url":"https:\/\/teslafm.net\/","name":"TeslaFM","description":"An experimental and creative radio","publisher":{"@id":"https:\/\/teslafm.net\/#organization"},"potentialAction":[{"@type":"SearchAction","target":{"@type":"EntryPoint","urlTemplate":"https:\/\/teslafm.net\/?s={search_term_string}"},"query-input":{"@type":"PropertyValueSpecification","valueRequired":true,"valueName":"search_term_string"}}],"inLanguage":"en-US"},{"@type":"Organization","@id":"https:\/\/teslafm.net\/#organization","name":"TeslaFM","url":"https:\/\/teslafm.net\/","logo":{"@type":"ImageObject","inLanguage":"en-US","@id":"https:\/\/teslafm.net\/#\/schema\/logo\/image\/","url":"https:\/\/teslafm.net\/wp-content\/uploads\/2020\/06\/logo-tesla.png","contentUrl":"https:\/\/teslafm.net\/wp-content\/uploads\/2020\/06\/logo-tesla.png","width":512,"height":512,"caption":"TeslaFM"},"image":{"@id":"https:\/\/teslafm.net\/#\/schema\/logo\/image\/"},"sameAs":["https:\/\/www.facebook.com\/teslafm.net","https:\/\/x.com\/teslafm"]}]}},"rttpg_featured_image_url":null,"rttpg_author":{"display_name":"Ishak","author_link":"https:\/\/teslafm.net\/en\/author\/cravan\/"},"rttpg_comment":0,"rttpg_category":null,"rttpg_excerpt":"Teor\u00eda Incertidumbre #8 Arm\u00f3nica de Cristal \u00a0 OBRAS Carl Leopold R\u00f6llig &#8211; Quintet For Glass Harmonica &amp; String Quartet in C minor \u2013 I. Largo mesto.William Penne &#8211; Crystal Rainbows The Sounds of Harmonious Craft (1978) (US, Electronic, Experimental). ARM\u00d3NICA DE CRISTAL Inventado por Benjamin Franklin en 1762. Basada en la posibilidad de hacer sonar&hellip;","_links":{"self":[{"href":"https:\/\/teslafm.net\/en\/wp-json\/wp\/v2\/pages\/2479","targetHints":{"allow":["GET"]}}],"collection":[{"href":"https:\/\/teslafm.net\/en\/wp-json\/wp\/v2\/pages"}],"about":[{"href":"https:\/\/teslafm.net\/en\/wp-json\/wp\/v2\/types\/page"}],"author":[{"embeddable":true,"href":"https:\/\/teslafm.net\/en\/wp-json\/wp\/v2\/users\/19"}],"replies":[{"embeddable":true,"href":"https:\/\/teslafm.net\/en\/wp-json\/wp\/v2\/comments?post=2479"}],"version-history":[{"count":12,"href":"https:\/\/teslafm.net\/en\/wp-json\/wp\/v2\/pages\/2479\/revisions"}],"predecessor-version":[{"id":54462,"href":"https:\/\/teslafm.net\/en\/wp-json\/wp\/v2\/pages\/2479\/revisions\/54462"}],"wp:attachment":[{"href":"https:\/\/teslafm.net\/en\/wp-json\/wp\/v2\/media?parent=2479"}],"curies":[{"name":"wp","href":"https:\/\/api.w.org\/{rel}","templated":true}]}}