

{"id":2621,"date":"2019-06-04T22:56:29","date_gmt":"2019-06-04T20:56:29","guid":{"rendered":"https:\/\/teslafm.net\/?page_id=2621"},"modified":"2021-02-04T11:36:14","modified_gmt":"2021-02-04T10:36:14","slug":"ananke-9","status":"publish","type":"page","link":"https:\/\/teslafm.net\/en\/ananke-9\/","title":{"rendered":"Anank\u00e9 #9"},"content":{"rendered":"<h2><span style=\"color: #ffffff;\"><strong>Anank\u00e9 Chapter IX<\/strong><\/span><\/h2>\n<p><span style=\"color: #808080;\"><em>June 2019<\/em><\/span><\/p>\n<p><iframe src=\"https:\/\/www.mixcloud.com\/widget\/iframe\/?hide_cover=1&amp;feed=%2FTeslafm_net%2Fanank%C3%A9-9-jaco%2F\" width=\"100%\" height=\"120\" frameborder=\"0\"><\/iframe><\/p>\n<p><span style=\"color: #808080;\">01. <strong>Akauzazte<\/strong> - Zazpiak Bat - Etzazuaka (M\u00e0gia Roja, 2015)<\/span><br \/>\n<span style=\"color: #808080;\">02. <strong>Tuluum Shimmering<\/strong> - Khual Yaang: To Summon The Spirits (O.S.T from DVD, 2009)<\/span><br \/>\n<span style=\"color: #808080;\">03. <strong>The Chi Factory<\/strong> - Part One - The Mantra Recordings (Astral, 2019)<\/span><br \/>\n<span style=\"color: #808080;\">04. <strong>Sote<\/strong> - Brass Tacks - Parallel Persia (Diagonal, 2019)<\/span><br \/>\n<span style=\"color: #808080;\">05. <strong>Sajjra<\/strong> - Aurora - The Sun Ramains The Same (Foug\u00e8re Musique - Urbanoide Records - Aloardi, 2015)<\/span><br \/>\n<span style=\"color: #808080;\">06. <strong>Meitei<\/strong> - Myo - Komachi (M\u00e9tron, 2019)<\/span><br \/>\n<span style=\"color: #808080;\">07. <strong>Weyes Blood<\/strong> - Andromeda - Titanic Rising (Sub Pop, 2019)<\/span><br \/>\n<span style=\"color: #808080;\">08. <strong>Abigail Mead<\/strong> - Ruins - Full Metal Jacket O.S.T. (Warner Bros. 1987)<\/span><br \/>\n<span style=\"color: #808080;\">09. <strong>Maja S. K. Ratkje<\/strong> - Sayago - en sadan glidende lyd - Sult (Rune Grammofon, 2019).<\/span><br \/>\n<span style=\"color: #808080;\">10. <strong>Marissa Nadler &amp; Stephen Brodsky<\/strong> - For The Sun - Droneflower (Sacred Bones, 2019)<\/span><br \/>\n<span style=\"color: #808080;\">11. <strong>Chicaloyoh<\/strong> - Dehors s'enfuit - La Boue Ralentit le Cercle (213, 2017)<\/span><br \/>\n<span style=\"color: #808080;\">12. <strong>Ana Roxanne<\/strong> - Immortality - ~<em>~~<\/em> (Self-published, 2019)<\/span><br \/>\n<span style=\"color: #808080;\">13. <strong>Cindy Lee<\/strong> - Left Hand Path - Model Express (CCQSK, 2018).<\/span><br \/>\n<span style=\"color: #808080;\">14. <strong>Xiu Xiu<\/strong> - Yellow Candle - Yellow Candle (Polyvinyl, 2019)<\/span><br \/>\n<span style=\"color: #808080;\">15. <strong>Black Mountain Transmitter<\/strong> - Part One - Playing with Dead Things (Auris Apothecary, 2012)<\/span><br \/>\n<span style=\"color: #808080;\">16.<strong> A.A. Williams<\/strong> - Terrible Friends - A.A. Williams (Holy Roar, 2019).<\/span><br \/>\n<span style=\"color: #808080;\">17. <strong>The Brian Jonestown Massacre<\/strong> - Second Sighting - Revelation (A \/, 2014)<\/span><br \/>\n<span style=\"color: #808080;\">18. <strong>Kyle Bobby Dunn<\/strong> - Triple Axel On Cremazie - From Here to Eternity (Past Inside The Present, 2019)<\/span><br \/>\n<span style=\"color: #808080;\">19. <strong>Reyes Oteo<\/strong> - Unda Maris Electronicae - Various - AMEE Collection Volume 02 (AMEE, 2010)<\/span><br \/>\n<span style=\"color: #808080;\">20. <strong>Dr. Strangely Strange<\/strong> - Ship Of Fools - Kip of the Serenes (Island, 1969)<\/span><\/p>","protected":false},"excerpt":{"rendered":"<p>Anank\u00e9 Cap\u00edtulo IX Junio 2019 01. Akauzazte &#8211; Zazpiak Bat &#8211; Etzazuaka (M\u00e0gia Roja, 2015) 02. Tuluum Shimmering &#8211; Khual Yaang: To Summon The Spirits (O.S.T from DVD, 2009) 03. The Chi Factory &#8211; Part One &#8211; The Mantra Recordings (Astral, 2019) 04. Sote &#8211; Brass Tacks &#8211; Parallel Persia (Diagonal, 2019) 05. Sajjra &#8211; [&hellip;]<\/p>\n","protected":false},"author":19,"featured_media":0,"parent":0,"menu_order":0,"comment_status":"closed","ping_status":"closed","template":"","meta":{"footnotes":""},"class_list":["post-2621","page","type-page","status-publish","hentry"],"yoast_head":"<!-- This site is optimized with the Yoast SEO plugin v27.4 - https:\/\/yoast.com\/product\/yoast-seo-wordpress\/ -->\n<title>Anank\u00e9 #9 -<\/title>\n<meta name=\"robots\" content=\"index, follow, max-snippet:-1, max-image-preview:large, max-video-preview:-1\" \/>\n<link rel=\"canonical\" href=\"https:\/\/teslafm.net\/en\/ananke-9\/\" \/>\n<meta property=\"og:locale\" content=\"en_US\" \/>\n<meta property=\"og:type\" content=\"article\" \/>\n<meta property=\"og:title\" content=\"Anank\u00e9 #9 -\" \/>\n<meta property=\"og:description\" content=\"Anank\u00e9 Cap\u00edtulo IX Junio 2019 01. Akauzazte &#8211; Zazpiak Bat &#8211; Etzazuaka (M\u00e0gia Roja, 2015) 02. Tuluum Shimmering &#8211; Khual Yaang: To Summon The Spirits (O.S.T from DVD, 2009) 03. The Chi Factory &#8211; Part One &#8211; The Mantra Recordings (Astral, 2019) 04. Sote &#8211; Brass Tacks &#8211; Parallel Persia (Diagonal, 2019) 05. Sajjra &#8211; [&hellip;]\" \/>\n<meta property=\"og:url\" content=\"https:\/\/teslafm.net\/en\/ananke-9\/\" \/>\n<meta property=\"article:publisher\" content=\"https:\/\/www.facebook.com\/teslafm.net\" \/>\n<meta property=\"article:modified_time\" content=\"2021-02-04T10:36:14+00:00\" \/>\n<meta property=\"og:image\" content=\"https:\/\/teslafm.net\/wp-content\/uploads\/2022\/09\/header-image-4-temp.png\" \/>\n\t<meta property=\"og:image:width\" content=\"1274\" \/>\n\t<meta property=\"og:image:height\" content=\"818\" \/>\n\t<meta property=\"og:image:type\" content=\"image\/png\" \/>\n<meta name=\"twitter:card\" content=\"summary_large_image\" \/>\n<meta name=\"twitter:site\" content=\"@teslafm\" \/>\n<meta name=\"twitter:label1\" content=\"Est. reading time\" \/>\n\t<meta name=\"twitter:data1\" content=\"1 minute\" \/>\n<script type=\"application\/ld+json\" class=\"yoast-schema-graph\">{\"@context\":\"https:\\\/\\\/schema.org\",\"@graph\":[{\"@type\":\"WebPage\",\"@id\":\"https:\\\/\\\/teslafm.net\\\/ananke-9\\\/\",\"url\":\"https:\\\/\\\/teslafm.net\\\/ananke-9\\\/\",\"name\":\"Anank\u00e9 #9 -\",\"isPartOf\":{\"@id\":\"https:\\\/\\\/teslafm.net\\\/#website\"},\"datePublished\":\"2019-06-04T20:56:29+00:00\",\"dateModified\":\"2021-02-04T10:36:14+00:00\",\"breadcrumb\":{\"@id\":\"https:\\\/\\\/teslafm.net\\\/ananke-9\\\/#breadcrumb\"},\"inLanguage\":\"en-US\",\"potentialAction\":[{\"@type\":\"ReadAction\",\"target\":[\"https:\\\/\\\/teslafm.net\\\/ananke-9\\\/\"]}]},{\"@type\":\"BreadcrumbList\",\"@id\":\"https:\\\/\\\/teslafm.net\\\/ananke-9\\\/#breadcrumb\",\"itemListElement\":[{\"@type\":\"ListItem\",\"position\":1,\"name\":\"Portada\",\"item\":\"https:\\\/\\\/teslafm.net\\\/\"},{\"@type\":\"ListItem\",\"position\":2,\"name\":\"Anank\u00e9 #9\"}]},{\"@type\":\"WebSite\",\"@id\":\"https:\\\/\\\/teslafm.net\\\/#website\",\"url\":\"https:\\\/\\\/teslafm.net\\\/\",\"name\":\"TeslaFM\",\"description\":\"An experimental and creative radio\",\"publisher\":{\"@id\":\"https:\\\/\\\/teslafm.net\\\/#organization\"},\"potentialAction\":[{\"@type\":\"SearchAction\",\"target\":{\"@type\":\"EntryPoint\",\"urlTemplate\":\"https:\\\/\\\/teslafm.net\\\/?s={search_term_string}\"},\"query-input\":{\"@type\":\"PropertyValueSpecification\",\"valueRequired\":true,\"valueName\":\"search_term_string\"}}],\"inLanguage\":\"en-US\"},{\"@type\":\"Organization\",\"@id\":\"https:\\\/\\\/teslafm.net\\\/#organization\",\"name\":\"TeslaFM\",\"url\":\"https:\\\/\\\/teslafm.net\\\/\",\"logo\":{\"@type\":\"ImageObject\",\"inLanguage\":\"en-US\",\"@id\":\"https:\\\/\\\/teslafm.net\\\/#\\\/schema\\\/logo\\\/image\\\/\",\"url\":\"https:\\\/\\\/teslafm.net\\\/wp-content\\\/uploads\\\/2020\\\/06\\\/logo-tesla.png\",\"contentUrl\":\"https:\\\/\\\/teslafm.net\\\/wp-content\\\/uploads\\\/2020\\\/06\\\/logo-tesla.png\",\"width\":512,\"height\":512,\"caption\":\"TeslaFM\"},\"image\":{\"@id\":\"https:\\\/\\\/teslafm.net\\\/#\\\/schema\\\/logo\\\/image\\\/\"},\"sameAs\":[\"https:\\\/\\\/www.facebook.com\\\/teslafm.net\",\"https:\\\/\\\/x.com\\\/teslafm\"]}]}<\/script>\n<!-- \/ Yoast SEO plugin. -->","yoast_head_json":{"title":"Anank\u00e9 #9 -","robots":{"index":"index","follow":"follow","max-snippet":"max-snippet:-1","max-image-preview":"max-image-preview:large","max-video-preview":"max-video-preview:-1"},"canonical":"https:\/\/teslafm.net\/en\/ananke-9\/","og_locale":"en_US","og_type":"article","og_title":"Anank\u00e9 #9 -","og_description":"Anank\u00e9 Cap\u00edtulo IX Junio 2019 01. Akauzazte &#8211; Zazpiak Bat &#8211; Etzazuaka (M\u00e0gia Roja, 2015) 02. Tuluum Shimmering &#8211; Khual Yaang: To Summon The Spirits (O.S.T from DVD, 2009) 03. The Chi Factory &#8211; Part One &#8211; The Mantra Recordings (Astral, 2019) 04. Sote &#8211; Brass Tacks &#8211; Parallel Persia (Diagonal, 2019) 05. Sajjra &#8211; [&hellip;]","og_url":"https:\/\/teslafm.net\/en\/ananke-9\/","article_publisher":"https:\/\/www.facebook.com\/teslafm.net","article_modified_time":"2021-02-04T10:36:14+00:00","og_image":[{"width":1274,"height":818,"url":"https:\/\/teslafm.net\/wp-content\/uploads\/2022\/09\/header-image-4-temp.png","type":"image\/png"}],"twitter_card":"summary_large_image","twitter_site":"@teslafm","twitter_misc":{"Est. reading time":"1 minute"},"schema":{"@context":"https:\/\/schema.org","@graph":[{"@type":"WebPage","@id":"https:\/\/teslafm.net\/ananke-9\/","url":"https:\/\/teslafm.net\/ananke-9\/","name":"Anank\u00e9 #9 -","isPartOf":{"@id":"https:\/\/teslafm.net\/#website"},"datePublished":"2019-06-04T20:56:29+00:00","dateModified":"2021-02-04T10:36:14+00:00","breadcrumb":{"@id":"https:\/\/teslafm.net\/ananke-9\/#breadcrumb"},"inLanguage":"en-US","potentialAction":[{"@type":"ReadAction","target":["https:\/\/teslafm.net\/ananke-9\/"]}]},{"@type":"BreadcrumbList","@id":"https:\/\/teslafm.net\/ananke-9\/#breadcrumb","itemListElement":[{"@type":"ListItem","position":1,"name":"Portada","item":"https:\/\/teslafm.net\/"},{"@type":"ListItem","position":2,"name":"Anank\u00e9 #9"}]},{"@type":"WebSite","@id":"https:\/\/teslafm.net\/#website","url":"https:\/\/teslafm.net\/","name":"TeslaFM","description":"An experimental and creative radio","publisher":{"@id":"https:\/\/teslafm.net\/#organization"},"potentialAction":[{"@type":"SearchAction","target":{"@type":"EntryPoint","urlTemplate":"https:\/\/teslafm.net\/?s={search_term_string}"},"query-input":{"@type":"PropertyValueSpecification","valueRequired":true,"valueName":"search_term_string"}}],"inLanguage":"en-US"},{"@type":"Organization","@id":"https:\/\/teslafm.net\/#organization","name":"TeslaFM","url":"https:\/\/teslafm.net\/","logo":{"@type":"ImageObject","inLanguage":"en-US","@id":"https:\/\/teslafm.net\/#\/schema\/logo\/image\/","url":"https:\/\/teslafm.net\/wp-content\/uploads\/2020\/06\/logo-tesla.png","contentUrl":"https:\/\/teslafm.net\/wp-content\/uploads\/2020\/06\/logo-tesla.png","width":512,"height":512,"caption":"TeslaFM"},"image":{"@id":"https:\/\/teslafm.net\/#\/schema\/logo\/image\/"},"sameAs":["https:\/\/www.facebook.com\/teslafm.net","https:\/\/x.com\/teslafm"]}]}},"rttpg_featured_image_url":null,"rttpg_author":{"display_name":"Ishak","author_link":"https:\/\/teslafm.net\/en\/author\/cravan\/"},"rttpg_comment":0,"rttpg_category":null,"rttpg_excerpt":"Anank\u00e9 Cap\u00edtulo IX Junio 2019 01. Akauzazte &#8211; Zazpiak Bat &#8211; Etzazuaka (M\u00e0gia Roja, 2015) 02. Tuluum Shimmering &#8211; Khual Yaang: To Summon The Spirits (O.S.T from DVD, 2009) 03. The Chi Factory &#8211; Part One &#8211; The Mantra Recordings (Astral, 2019) 04. Sote &#8211; Brass Tacks &#8211; Parallel Persia (Diagonal, 2019) 05. Sajjra &#8211;&hellip;","_links":{"self":[{"href":"https:\/\/teslafm.net\/en\/wp-json\/wp\/v2\/pages\/2621","targetHints":{"allow":["GET"]}}],"collection":[{"href":"https:\/\/teslafm.net\/en\/wp-json\/wp\/v2\/pages"}],"about":[{"href":"https:\/\/teslafm.net\/en\/wp-json\/wp\/v2\/types\/page"}],"author":[{"embeddable":true,"href":"https:\/\/teslafm.net\/en\/wp-json\/wp\/v2\/users\/19"}],"replies":[{"embeddable":true,"href":"https:\/\/teslafm.net\/en\/wp-json\/wp\/v2\/comments?post=2621"}],"version-history":[{"count":6,"href":"https:\/\/teslafm.net\/en\/wp-json\/wp\/v2\/pages\/2621\/revisions"}],"predecessor-version":[{"id":56682,"href":"https:\/\/teslafm.net\/en\/wp-json\/wp\/v2\/pages\/2621\/revisions\/56682"}],"wp:attachment":[{"href":"https:\/\/teslafm.net\/en\/wp-json\/wp\/v2\/media?parent=2621"}],"curies":[{"name":"wp","href":"https:\/\/api.w.org\/{rel}","templated":true}]}}