

{"id":2658,"date":"2019-06-05T15:34:29","date_gmt":"2019-06-05T13:34:29","guid":{"rendered":"https:\/\/teslafm.net\/?page_id=2658"},"modified":"2021-04-05T18:05:14","modified_gmt":"2021-04-05T16:05:14","slug":"teoria-incertidumbre-9","status":"publish","type":"page","link":"https:\/\/teslafm.net\/en\/teoria-incertidumbre-9\/","title":{"rendered":"Uncertainty Theory #9"},"content":{"rendered":"<div data-elementor-type=\"wp-page\" data-elementor-id=\"2658\" class=\"elementor elementor-2658\">\n\t\t\t\t\t\t<section class=\"elementor-section elementor-top-section elementor-element elementor-element-3f70e7d3 elementor-section-boxed elementor-section-height-default elementor-section-height-default\" data-id=\"3f70e7d3\" data-element_type=\"section\" data-e-type=\"section\">\n\t\t\t\t\t\t<div class=\"elementor-container elementor-column-gap-default\">\n\t\t\t\t\t<div class=\"elementor-column elementor-col-100 elementor-top-column elementor-element elementor-element-77dd303e\" data-id=\"77dd303e\" data-element_type=\"column\" data-e-type=\"column\">\n\t\t\t<div class=\"elementor-widget-wrap elementor-element-populated\">\n\t\t\t\t\t\t<div class=\"elementor-element elementor-element-3a5ba393 elementor-widget elementor-widget-text-editor\" data-id=\"3a5ba393\" data-element_type=\"widget\" data-e-type=\"widget\" data-widget_type=\"text-editor.default\">\n\t\t\t\t<div class=\"elementor-widget-container\">\n\t\t\t\t\t\t\t\t\t<h2><span style=\"color: #ffffff;\"><strong>Uncertainty Theory #9<\/strong><\/span><\/h2><p><span style=\"color: #808080;\"><em>Tesla and the number 9, the trombone and Dead Can Dance<\/em><\/span><\/p><p><iframe src=\"https:\/\/www.mixcloud.com\/widget\/iframe\/?hide_cover=1&amp;feed=%2FTeslafm_net%2Fteor%C3%ADa-incertidumbre-9-andrea-bravo%2F\" width=\"100%\" height=\"120\" frameborder=\"0\"><\/iframe><\/p><p><span style=\"color: #808080;\"><b>INTRODUCTION<\/b><\/span><\/p><p><span style=\"color: #808080;\">- About number 9.<br \/><\/span><span style=\"color: #808080;\">- Nikola Tesla and his obsession with the numbers 3,6,9.<br \/><\/span><span style=\"color: #808080;\">- 9 words related to the program: Sound-Frequency-Color -Light-Occultism-Context-Experimentation-Instrument-Invisible\/All.<br \/><\/span><span style=\"color: #808080;\">- First pages of chapter IV Sound and Color from the book Keys to Inner Space (Keys to Inner Space) by Lehman Hisey.<br \/><\/span><span style=\"color: #808080;\">- In the invisibility of what the mathematical Theory of Everything describes.<\/span><\/p><p><b style=\"color: #808080;\"><br \/>WORKS<\/b><\/p><p><span style=\"color: #808080;\"><b>Dead Can Dance<\/b>:<br \/><\/span><b style=\"color: #808080;\">De Profundis<\/b><span style=\"color: #808080;\"> (out of the depths of sorrow) - Spleen and Ideal (1985)<br \/><\/span><b style=\"color: #808080;\">Ascension<\/b><span style=\"color: #808080;\"> - Spleen and Ideal (1985).<br \/><\/span><b style=\"color: #808080;\">Anywhere Out Of The World<\/b><span style=\"color: #808080;\"> - Within The Realm Of A Dying Sun (1987)<\/span><\/p><p><span style=\"color: #808080;\"><b><br \/>INSTRUMENT<\/b><\/span><\/p><p><span style=\"color: #808080;\">The Trombone<\/span><\/p><p><iframe title=\"CONSTRUCTION OF A SLIDE TROMBONE\" width=\"1140\" height=\"855\" src=\"https:\/\/www.youtube.com\/embed\/Q3ry11004lI?feature=oembed\" frameborder=\"0\" allow=\"accelerometer; autoplay; encrypted-media; gyroscope; picture-in-picture\" allowfullscreen><\/iframe><\/p><p><span style=\"color: #808080;\">As a timeless instrument that comes mainly from animal horns and has fascinated different cultures and has thousands of years of existence and continues to be exploited to this day.<\/span><\/p><p><span style=\"color: #808080;\">The trombone is a brass instrument. Its sound is produced by the vibration of the player's lips in the part called the mouthpiece from the air column (air flow). The different notes are obtained by the movement of a movable tube, called a rod, lengthening the distance that the vibrating air must travel, thus producing sounds that can also be controlled by a greater or lesser pressure of the air blown by the performer on the rod. Seven different positions are differentiated along the length of the rod. The longer the air column is lengthened with each position, the deeper the sound produced is than in the previous one. However, there are also trombones with valves. Like almost all instruments of this brass family, the trombone is made of brass (although nowadays many factories also opt for copper and silver plating), and consists of a cylindrical, open tube wound on itself.<\/span><\/p><p><span style=\"color: #808080;\">It is in this century that composers have exploited all the possibilities of the trombone, not only in the orchestra (entrusting it with important solos), but also in its role as a solo instrument, as the literature for solo trombone has increased considerably.<\/span><\/p><p><span style=\"color: #808080;\"><b><br \/>DEAD CAN DANCE<\/b><\/span><\/p><p><span style=\"color: #808080;\">The name <strong>Dead Can Dance<\/strong> means to put life back into something that is dead, or has not been used for a long time. Some of the instruments they use are ancient or rare in Western music. Perhaps the first thing we should try to decipher before we talk about <strong>Dead Can Dance<\/strong>is the origin and meaning of its name, which, according to statements made by <strong>Gerrard<\/strong> and <strong>Perry<\/strong> was born out of an extensive process of meditation, faced with the need to inject new life into music and instruments that could be considered dead and obsolete. It is precisely this interpretation that justifies the use of a whole range of musical elements, ranging from the most common, such as guitar, keyboards, percussion and synthesizers, to others of much more classical nuances, such as bagpipes, violin, cello, tuba, yang-chin or hurdy-gurdy.<\/span><\/p>\t\t\t\t\t\t\t\t<\/div>\n\t\t\t\t<\/div>\n\t\t\t\t\t<\/div>\n\t\t<\/div>\n\t\t\t\t\t<\/div>\n\t\t<\/section>\n\t\t\t\t<section class=\"elementor-section elementor-top-section elementor-element elementor-element-a1ee112 elementor-section-boxed elementor-section-height-default elementor-section-height-default\" data-id=\"a1ee112\" data-element_type=\"section\" data-e-type=\"section\">\n\t\t\t\t\t\t<div class=\"elementor-container elementor-column-gap-default\">\n\t\t\t\t\t<div class=\"elementor-column elementor-col-25 elementor-top-column elementor-element elementor-element-1e9eeec\" data-id=\"1e9eeec\" data-element_type=\"column\" data-e-type=\"column\">\n\t\t\t<div class=\"elementor-widget-wrap elementor-element-populated\">\n\t\t\t\t\t\t<div class=\"elementor-element elementor-element-b1984cc elementor-widget elementor-widget-image\" data-id=\"b1984cc\" data-element_type=\"widget\" data-e-type=\"widget\" data-widget_type=\"image.default\">\n\t\t\t\t<div class=\"elementor-widget-container\">\n\t\t\t\t\t\t\t\t\t\t\t\t\t\t\t<img fetchpriority=\"high\" decoding=\"async\" width=\"600\" height=\"471\" src=\"https:\/\/teslafm.net\/wp-content\/uploads\/2019\/06\/9-Tesla-Vortex-Based-Mathematics.jpg\" class=\"attachment-large size-large wp-image-2659\" alt=\"\" srcset=\"https:\/\/teslafm.net\/wp-content\/uploads\/2019\/06\/9-Tesla-Vortex-Based-Mathematics.jpg 600w, https:\/\/teslafm.net\/wp-content\/uploads\/2019\/06\/9-Tesla-Vortex-Based-Mathematics-300x236.jpg 300w\" sizes=\"(max-width: 600px) 100vw, 600px\" \/>\t\t\t\t\t\t\t\t\t\t\t\t\t\t\t<\/div>\n\t\t\t\t<\/div>\n\t\t\t\t\t<\/div>\n\t\t<\/div>\n\t\t\t\t<div class=\"elementor-column elementor-col-25 elementor-top-column elementor-element elementor-element-f5ea129\" data-id=\"f5ea129\" data-element_type=\"column\" data-e-type=\"column\">\n\t\t\t<div class=\"elementor-widget-wrap elementor-element-populated\">\n\t\t\t\t\t\t<div class=\"elementor-element elementor-element-af320a7 elementor-widget elementor-widget-image\" data-id=\"af320a7\" data-element_type=\"widget\" data-e-type=\"widget\" data-widget_type=\"image.default\">\n\t\t\t\t<div class=\"elementor-widget-container\">\n\t\t\t\t\t\t\t\t\t\t\t\t\t\t\t<img decoding=\"async\" width=\"1024\" height=\"982\" src=\"https:\/\/teslafm.net\/wp-content\/uploads\/2019\/06\/trombon-tenor-schagerl-1024x982.jpg\" class=\"attachment-large size-large wp-image-2660\" alt=\"\" srcset=\"https:\/\/teslafm.net\/wp-content\/uploads\/2019\/06\/trombon-tenor-schagerl-1024x982.jpg 1024w, https:\/\/teslafm.net\/wp-content\/uploads\/2019\/06\/trombon-tenor-schagerl-600x575.jpg 600w, https:\/\/teslafm.net\/wp-content\/uploads\/2019\/06\/trombon-tenor-schagerl-300x288.jpg 300w, https:\/\/teslafm.net\/wp-content\/uploads\/2019\/06\/trombon-tenor-schagerl-768x737.jpg 768w, https:\/\/teslafm.net\/wp-content\/uploads\/2019\/06\/trombon-tenor-schagerl.jpg 1147w\" sizes=\"(max-width: 1024px) 100vw, 1024px\" \/>\t\t\t\t\t\t\t\t\t\t\t\t\t\t\t<\/div>\n\t\t\t\t<\/div>\n\t\t\t\t\t<\/div>\n\t\t<\/div>\n\t\t\t\t<div class=\"elementor-column elementor-col-50 elementor-top-column elementor-element elementor-element-2415979\" data-id=\"2415979\" data-element_type=\"column\" data-e-type=\"column\">\n\t\t\t<div class=\"elementor-widget-wrap elementor-element-populated\">\n\t\t\t\t\t\t<div class=\"elementor-element elementor-element-495840a elementor-widget elementor-widget-image\" data-id=\"495840a\" data-element_type=\"widget\" data-e-type=\"widget\" data-widget_type=\"image.default\">\n\t\t\t\t<div class=\"elementor-widget-container\">\n\t\t\t\t\t\t\t\t\t\t\t\t\t\t\t<img decoding=\"async\" width=\"1024\" height=\"568\" src=\"https:\/\/teslafm.net\/wp-content\/uploads\/2019\/06\/Dead-Can-Dance-80s-1024x568.jpg\" class=\"attachment-large size-large wp-image-2661\" alt=\"\" srcset=\"https:\/\/teslafm.net\/wp-content\/uploads\/2019\/06\/Dead-Can-Dance-80s-1024x568.jpg 1024w, https:\/\/teslafm.net\/wp-content\/uploads\/2019\/06\/Dead-Can-Dance-80s-600x333.jpg 600w, https:\/\/teslafm.net\/wp-content\/uploads\/2019\/06\/Dead-Can-Dance-80s-300x167.jpg 300w, https:\/\/teslafm.net\/wp-content\/uploads\/2019\/06\/Dead-Can-Dance-80s-768x426.jpg 768w, https:\/\/teslafm.net\/wp-content\/uploads\/2019\/06\/Dead-Can-Dance-80s.jpg 1600w\" sizes=\"(max-width: 1024px) 100vw, 1024px\" \/>\t\t\t\t\t\t\t\t\t\t\t\t\t\t\t<\/div>\n\t\t\t\t<\/div>\n\t\t\t\t\t<\/div>\n\t\t<\/div>\n\t\t\t\t\t<\/div>\n\t\t<\/section>\n\t\t\t\t<\/div>","protected":false},"excerpt":{"rendered":"<p>Teor\u00eda Incertidumbre #9 Tesla y el n\u00famero 9, el tromb\u00f3n y Dead Can Dance INTRODUCCI\u00d3N &#8211; Sobre el n\u00famero 9.&#8211; Nikola Tesla y su obsesi\u00f3n con los n\u00fameros 3,6,9.&#8211; 9 palabras relacionadas con el programa: Sonido-Frecuencia-Color -Luz-Ocultismo-Contexto-Experimentaci\u00f3n-Instrumento-Invisible\/Todo.&#8211; Primeras p\u00e1ginas del cap\u00edtulo IV Sonido y Color del libro Gu\u00eda del Ocultismo (Keys to Inner Space) de [&hellip;]<\/p>\n","protected":false},"author":19,"featured_media":0,"parent":0,"menu_order":0,"comment_status":"closed","ping_status":"closed","template":"","meta":{"footnotes":""},"class_list":["post-2658","page","type-page","status-publish","hentry"],"yoast_head":"<!-- This site is optimized with the Yoast SEO plugin v27.4 - https:\/\/yoast.com\/product\/yoast-seo-wordpress\/ -->\n<title>Teor\u00eda Incertidumbre #9 -<\/title>\n<meta name=\"robots\" content=\"index, follow, max-snippet:-1, max-image-preview:large, max-video-preview:-1\" \/>\n<link rel=\"canonical\" href=\"https:\/\/teslafm.net\/en\/teoria-incertidumbre-9\/\" \/>\n<meta property=\"og:locale\" content=\"en_US\" \/>\n<meta property=\"og:type\" content=\"article\" \/>\n<meta property=\"og:title\" content=\"Teor\u00eda Incertidumbre #9 -\" \/>\n<meta property=\"og:description\" content=\"Teor\u00eda Incertidumbre #9 Tesla y el n\u00famero 9, el tromb\u00f3n y Dead Can Dance INTRODUCCI\u00d3N &#8211; Sobre el n\u00famero 9.&#8211; Nikola Tesla y su obsesi\u00f3n con los n\u00fameros 3,6,9.&#8211; 9 palabras relacionadas con el programa: Sonido-Frecuencia-Color -Luz-Ocultismo-Contexto-Experimentaci\u00f3n-Instrumento-Invisible\/Todo.&#8211; Primeras p\u00e1ginas del cap\u00edtulo IV Sonido y Color del libro Gu\u00eda del Ocultismo (Keys to Inner Space) de [&hellip;]\" \/>\n<meta property=\"og:url\" content=\"https:\/\/teslafm.net\/en\/teoria-incertidumbre-9\/\" \/>\n<meta property=\"article:publisher\" content=\"https:\/\/www.facebook.com\/teslafm.net\" \/>\n<meta property=\"article:modified_time\" content=\"2021-04-05T16:05:14+00:00\" \/>\n<meta property=\"og:image\" content=\"https:\/\/teslafm.net\/wp-content\/uploads\/2019\/06\/9-Tesla-Vortex-Based-Mathematics.jpg\" \/>\n<meta name=\"twitter:card\" content=\"summary_large_image\" \/>\n<meta name=\"twitter:site\" content=\"@teslafm\" \/>\n<meta name=\"twitter:label1\" content=\"Est. reading time\" \/>\n\t<meta name=\"twitter:data1\" content=\"3 minutes\" \/>\n<script type=\"application\/ld+json\" class=\"yoast-schema-graph\">{\"@context\":\"https:\\\/\\\/schema.org\",\"@graph\":[{\"@type\":\"WebPage\",\"@id\":\"https:\\\/\\\/teslafm.net\\\/teoria-incertidumbre-9\\\/\",\"url\":\"https:\\\/\\\/teslafm.net\\\/teoria-incertidumbre-9\\\/\",\"name\":\"Teor\u00eda Incertidumbre #9 -\",\"isPartOf\":{\"@id\":\"https:\\\/\\\/teslafm.net\\\/#website\"},\"primaryImageOfPage\":{\"@id\":\"https:\\\/\\\/teslafm.net\\\/teoria-incertidumbre-9\\\/#primaryimage\"},\"image\":{\"@id\":\"https:\\\/\\\/teslafm.net\\\/teoria-incertidumbre-9\\\/#primaryimage\"},\"thumbnailUrl\":\"https:\\\/\\\/teslafm.net\\\/wp-content\\\/uploads\\\/2019\\\/06\\\/9-Tesla-Vortex-Based-Mathematics.jpg\",\"datePublished\":\"2019-06-05T13:34:29+00:00\",\"dateModified\":\"2021-04-05T16:05:14+00:00\",\"breadcrumb\":{\"@id\":\"https:\\\/\\\/teslafm.net\\\/teoria-incertidumbre-9\\\/#breadcrumb\"},\"inLanguage\":\"en-US\",\"potentialAction\":[{\"@type\":\"ReadAction\",\"target\":[\"https:\\\/\\\/teslafm.net\\\/teoria-incertidumbre-9\\\/\"]}]},{\"@type\":\"ImageObject\",\"inLanguage\":\"en-US\",\"@id\":\"https:\\\/\\\/teslafm.net\\\/teoria-incertidumbre-9\\\/#primaryimage\",\"url\":\"https:\\\/\\\/teslafm.net\\\/wp-content\\\/uploads\\\/2019\\\/06\\\/9-Tesla-Vortex-Based-Mathematics.jpg\",\"contentUrl\":\"https:\\\/\\\/teslafm.net\\\/wp-content\\\/uploads\\\/2019\\\/06\\\/9-Tesla-Vortex-Based-Mathematics.jpg\"},{\"@type\":\"BreadcrumbList\",\"@id\":\"https:\\\/\\\/teslafm.net\\\/teoria-incertidumbre-9\\\/#breadcrumb\",\"itemListElement\":[{\"@type\":\"ListItem\",\"position\":1,\"name\":\"Portada\",\"item\":\"https:\\\/\\\/teslafm.net\\\/\"},{\"@type\":\"ListItem\",\"position\":2,\"name\":\"Teor\u00eda Incertidumbre #9\"}]},{\"@type\":\"WebSite\",\"@id\":\"https:\\\/\\\/teslafm.net\\\/#website\",\"url\":\"https:\\\/\\\/teslafm.net\\\/\",\"name\":\"TeslaFM\",\"description\":\"An experimental and creative radio\",\"publisher\":{\"@id\":\"https:\\\/\\\/teslafm.net\\\/#organization\"},\"potentialAction\":[{\"@type\":\"SearchAction\",\"target\":{\"@type\":\"EntryPoint\",\"urlTemplate\":\"https:\\\/\\\/teslafm.net\\\/?s={search_term_string}\"},\"query-input\":{\"@type\":\"PropertyValueSpecification\",\"valueRequired\":true,\"valueName\":\"search_term_string\"}}],\"inLanguage\":\"en-US\"},{\"@type\":\"Organization\",\"@id\":\"https:\\\/\\\/teslafm.net\\\/#organization\",\"name\":\"TeslaFM\",\"url\":\"https:\\\/\\\/teslafm.net\\\/\",\"logo\":{\"@type\":\"ImageObject\",\"inLanguage\":\"en-US\",\"@id\":\"https:\\\/\\\/teslafm.net\\\/#\\\/schema\\\/logo\\\/image\\\/\",\"url\":\"https:\\\/\\\/teslafm.net\\\/wp-content\\\/uploads\\\/2020\\\/06\\\/logo-tesla.png\",\"contentUrl\":\"https:\\\/\\\/teslafm.net\\\/wp-content\\\/uploads\\\/2020\\\/06\\\/logo-tesla.png\",\"width\":512,\"height\":512,\"caption\":\"TeslaFM\"},\"image\":{\"@id\":\"https:\\\/\\\/teslafm.net\\\/#\\\/schema\\\/logo\\\/image\\\/\"},\"sameAs\":[\"https:\\\/\\\/www.facebook.com\\\/teslafm.net\",\"https:\\\/\\\/x.com\\\/teslafm\"]}]}<\/script>\n<!-- \/ Yoast SEO plugin. -->","yoast_head_json":{"title":"Theory Uncertainty #9 -","robots":{"index":"index","follow":"follow","max-snippet":"max-snippet:-1","max-image-preview":"max-image-preview:large","max-video-preview":"max-video-preview:-1"},"canonical":"https:\/\/teslafm.net\/en\/teoria-incertidumbre-9\/","og_locale":"en_US","og_type":"article","og_title":"Teor\u00eda Incertidumbre #9 -","og_description":"Teor\u00eda Incertidumbre #9 Tesla y el n\u00famero 9, el tromb\u00f3n y Dead Can Dance INTRODUCCI\u00d3N &#8211; Sobre el n\u00famero 9.&#8211; Nikola Tesla y su obsesi\u00f3n con los n\u00fameros 3,6,9.&#8211; 9 palabras relacionadas con el programa: Sonido-Frecuencia-Color -Luz-Ocultismo-Contexto-Experimentaci\u00f3n-Instrumento-Invisible\/Todo.&#8211; Primeras p\u00e1ginas del cap\u00edtulo IV Sonido y Color del libro Gu\u00eda del Ocultismo (Keys to Inner Space) de [&hellip;]","og_url":"https:\/\/teslafm.net\/en\/teoria-incertidumbre-9\/","article_publisher":"https:\/\/www.facebook.com\/teslafm.net","article_modified_time":"2021-04-05T16:05:14+00:00","og_image":[{"url":"https:\/\/teslafm.net\/wp-content\/uploads\/2019\/06\/9-Tesla-Vortex-Based-Mathematics.jpg","type":"","width":"","height":""}],"twitter_card":"summary_large_image","twitter_site":"@teslafm","twitter_misc":{"Est. reading time":"3 minutes"},"schema":{"@context":"https:\/\/schema.org","@graph":[{"@type":"WebPage","@id":"https:\/\/teslafm.net\/teoria-incertidumbre-9\/","url":"https:\/\/teslafm.net\/teoria-incertidumbre-9\/","name":"Theory Uncertainty #9 -","isPartOf":{"@id":"https:\/\/teslafm.net\/#website"},"primaryImageOfPage":{"@id":"https:\/\/teslafm.net\/teoria-incertidumbre-9\/#primaryimage"},"image":{"@id":"https:\/\/teslafm.net\/teoria-incertidumbre-9\/#primaryimage"},"thumbnailUrl":"https:\/\/teslafm.net\/wp-content\/uploads\/2019\/06\/9-Tesla-Vortex-Based-Mathematics.jpg","datePublished":"2019-06-05T13:34:29+00:00","dateModified":"2021-04-05T16:05:14+00:00","breadcrumb":{"@id":"https:\/\/teslafm.net\/teoria-incertidumbre-9\/#breadcrumb"},"inLanguage":"en-US","potentialAction":[{"@type":"ReadAction","target":["https:\/\/teslafm.net\/teoria-incertidumbre-9\/"]}]},{"@type":"ImageObject","inLanguage":"en-US","@id":"https:\/\/teslafm.net\/teoria-incertidumbre-9\/#primaryimage","url":"https:\/\/teslafm.net\/wp-content\/uploads\/2019\/06\/9-Tesla-Vortex-Based-Mathematics.jpg","contentUrl":"https:\/\/teslafm.net\/wp-content\/uploads\/2019\/06\/9-Tesla-Vortex-Based-Mathematics.jpg"},{"@type":"BreadcrumbList","@id":"https:\/\/teslafm.net\/teoria-incertidumbre-9\/#breadcrumb","itemListElement":[{"@type":"ListItem","position":1,"name":"Portada","item":"https:\/\/teslafm.net\/"},{"@type":"ListItem","position":2,"name":"Teor\u00eda Incertidumbre #9"}]},{"@type":"WebSite","@id":"https:\/\/teslafm.net\/#website","url":"https:\/\/teslafm.net\/","name":"TeslaFM","description":"An experimental and creative radio","publisher":{"@id":"https:\/\/teslafm.net\/#organization"},"potentialAction":[{"@type":"SearchAction","target":{"@type":"EntryPoint","urlTemplate":"https:\/\/teslafm.net\/?s={search_term_string}"},"query-input":{"@type":"PropertyValueSpecification","valueRequired":true,"valueName":"search_term_string"}}],"inLanguage":"en-US"},{"@type":"Organization","@id":"https:\/\/teslafm.net\/#organization","name":"TeslaFM","url":"https:\/\/teslafm.net\/","logo":{"@type":"ImageObject","inLanguage":"en-US","@id":"https:\/\/teslafm.net\/#\/schema\/logo\/image\/","url":"https:\/\/teslafm.net\/wp-content\/uploads\/2020\/06\/logo-tesla.png","contentUrl":"https:\/\/teslafm.net\/wp-content\/uploads\/2020\/06\/logo-tesla.png","width":512,"height":512,"caption":"TeslaFM"},"image":{"@id":"https:\/\/teslafm.net\/#\/schema\/logo\/image\/"},"sameAs":["https:\/\/www.facebook.com\/teslafm.net","https:\/\/x.com\/teslafm"]}]}},"rttpg_featured_image_url":null,"rttpg_author":{"display_name":"Ishak","author_link":"https:\/\/teslafm.net\/en\/author\/cravan\/"},"rttpg_comment":0,"rttpg_category":null,"rttpg_excerpt":"Teor\u00eda Incertidumbre #9 Tesla y el n\u00famero 9, el tromb\u00f3n y Dead Can Dance INTRODUCCI\u00d3N &#8211; Sobre el n\u00famero 9.&#8211; Nikola Tesla y su obsesi\u00f3n con los n\u00fameros 3,6,9.&#8211; 9 palabras relacionadas con el programa: Sonido-Frecuencia-Color -Luz-Ocultismo-Contexto-Experimentaci\u00f3n-Instrumento-Invisible\/Todo.&#8211; Primeras p\u00e1ginas del cap\u00edtulo IV Sonido y Color del libro Gu\u00eda del Ocultismo (Keys to Inner Space) de&hellip;","_links":{"self":[{"href":"https:\/\/teslafm.net\/en\/wp-json\/wp\/v2\/pages\/2658","targetHints":{"allow":["GET"]}}],"collection":[{"href":"https:\/\/teslafm.net\/en\/wp-json\/wp\/v2\/pages"}],"about":[{"href":"https:\/\/teslafm.net\/en\/wp-json\/wp\/v2\/types\/page"}],"author":[{"embeddable":true,"href":"https:\/\/teslafm.net\/en\/wp-json\/wp\/v2\/users\/19"}],"replies":[{"embeddable":true,"href":"https:\/\/teslafm.net\/en\/wp-json\/wp\/v2\/comments?post=2658"}],"version-history":[{"count":21,"href":"https:\/\/teslafm.net\/en\/wp-json\/wp\/v2\/pages\/2658\/revisions"}],"predecessor-version":[{"id":57793,"href":"https:\/\/teslafm.net\/en\/wp-json\/wp\/v2\/pages\/2658\/revisions\/57793"}],"wp:attachment":[{"href":"https:\/\/teslafm.net\/en\/wp-json\/wp\/v2\/media?parent=2658"}],"curies":[{"name":"wp","href":"https:\/\/api.w.org\/{rel}","templated":true}]}}