

{"id":2776,"date":"2019-06-26T18:52:04","date_gmt":"2019-06-26T16:52:04","guid":{"rendered":"https:\/\/teslafm.net\/?page_id=2776"},"modified":"2021-03-09T19:57:13","modified_gmt":"2021-03-09T18:57:13","slug":"la-politica-del-ruido-5","status":"publish","type":"page","link":"https:\/\/teslafm.net\/en\/la-politica-del-ruido-5\/","title":{"rendered":"The Noise Policy #5"},"content":{"rendered":"<h2><span style=\"color: #ffffff;\"><strong>The Noise Policy #5<\/strong><\/span><\/h2>\n<p><span style=\"color: #808080;\"><em>June 2019<\/em><\/span><\/p>\n<p><iframe src=\"https:\/\/www.mixcloud.com\/widget\/iframe\/?hide_cover=1&amp;feed=%2FTeslafm_net%2Fla-pol%C3%ADtica-del-ruido-5-susana-l%C3%B3pez%2F\" width=\"100%\" height=\"120\" frameborder=\"0\"><\/iframe><\/p>\n<p><span style=\"color: #808080;\">01. <strong>BJ Nilsen<\/strong><\/span><br \/>\n<span style=\"color: #808080;\">02. <strong>Karlheinz Stockhausen<\/strong> - Gesang der J\u00fcnglinge<\/span><br \/>\n<span style=\"color: #808080;\">03. <strong>Zoviet France<\/strong> - Porky Pig<\/span><br \/>\n<span style=\"color: #808080;\">04. <strong>Susan Drone<\/strong> - Autumn Equinox<\/span><\/p>\n<p><span style=\"color: #808080;\"><strong><b>TEXTS<br \/>\n<\/b><\/strong><strong>Jacques Attali.<\/strong> Noises. Essay on the political economy of music.<\/span><\/p>","protected":false},"excerpt":{"rendered":"<p>The Politics of Noise #5 June 2019 01. BJ Nilsen 02. Karlheinz Stockhausen - Gesang der J\u00fcnglinge 03. Zoviet France - Porky Pig 04. Susan Drone - Autumn Equinox TEXTS Jacques Attali. Noises. Essay on the political economy of music.<\/p>","protected":false},"author":19,"featured_media":0,"parent":0,"menu_order":0,"comment_status":"closed","ping_status":"closed","template":"","meta":{"footnotes":""},"class_list":["post-2776","page","type-page","status-publish","hentry"],"yoast_head":"<!-- This site is optimized with the Yoast SEO plugin v27.4 - https:\/\/yoast.com\/product\/yoast-seo-wordpress\/ -->\n<title>La Pol\u00edtica del Ruido #5 -<\/title>\n<meta name=\"robots\" content=\"index, follow, max-snippet:-1, max-image-preview:large, max-video-preview:-1\" \/>\n<link rel=\"canonical\" href=\"https:\/\/teslafm.net\/en\/la-politica-del-ruido-5\/\" \/>\n<meta property=\"og:locale\" content=\"en_US\" \/>\n<meta property=\"og:type\" content=\"article\" \/>\n<meta property=\"og:title\" content=\"La Pol\u00edtica del Ruido #5 -\" \/>\n<meta property=\"og:description\" content=\"La Pol\u00edtica del Ruido #5 Junio 2019 01. BJ Nilsen 02. Karlheinz Stockhausen \u2013 Gesang der J\u00fcnglinge 03. Zoviet France \u2013 Porky Pig 04. Susan Drone \u2013 Autumn Equinox TEXTOS Jacques Attali. Ruidos. Ensayo sobre la econom\u00eda pol\u00edtica de la m\u00fasica.\" \/>\n<meta property=\"og:url\" content=\"https:\/\/teslafm.net\/en\/la-politica-del-ruido-5\/\" \/>\n<meta property=\"article:publisher\" content=\"https:\/\/www.facebook.com\/teslafm.net\" \/>\n<meta property=\"article:modified_time\" content=\"2021-03-09T18:57:13+00:00\" \/>\n<meta property=\"og:image\" content=\"https:\/\/teslafm.net\/wp-content\/uploads\/2022\/09\/header-image-4-temp.png\" \/>\n\t<meta property=\"og:image:width\" content=\"1274\" \/>\n\t<meta property=\"og:image:height\" content=\"818\" \/>\n\t<meta property=\"og:image:type\" content=\"image\/png\" \/>\n<meta name=\"twitter:card\" content=\"summary_large_image\" \/>\n<meta name=\"twitter:site\" content=\"@teslafm\" \/>\n<meta name=\"twitter:label1\" content=\"Est. reading time\" \/>\n\t<meta name=\"twitter:data1\" content=\"1 minute\" \/>\n<script type=\"application\/ld+json\" class=\"yoast-schema-graph\">{\"@context\":\"https:\\\/\\\/schema.org\",\"@graph\":[{\"@type\":\"WebPage\",\"@id\":\"https:\\\/\\\/teslafm.net\\\/la-politica-del-ruido-5\\\/\",\"url\":\"https:\\\/\\\/teslafm.net\\\/la-politica-del-ruido-5\\\/\",\"name\":\"La Pol\u00edtica del Ruido #5 -\",\"isPartOf\":{\"@id\":\"https:\\\/\\\/teslafm.net\\\/#website\"},\"datePublished\":\"2019-06-26T16:52:04+00:00\",\"dateModified\":\"2021-03-09T18:57:13+00:00\",\"breadcrumb\":{\"@id\":\"https:\\\/\\\/teslafm.net\\\/la-politica-del-ruido-5\\\/#breadcrumb\"},\"inLanguage\":\"en-US\",\"potentialAction\":[{\"@type\":\"ReadAction\",\"target\":[\"https:\\\/\\\/teslafm.net\\\/la-politica-del-ruido-5\\\/\"]}]},{\"@type\":\"BreadcrumbList\",\"@id\":\"https:\\\/\\\/teslafm.net\\\/la-politica-del-ruido-5\\\/#breadcrumb\",\"itemListElement\":[{\"@type\":\"ListItem\",\"position\":1,\"name\":\"Portada\",\"item\":\"https:\\\/\\\/teslafm.net\\\/\"},{\"@type\":\"ListItem\",\"position\":2,\"name\":\"La Pol\u00edtica del Ruido #5\"}]},{\"@type\":\"WebSite\",\"@id\":\"https:\\\/\\\/teslafm.net\\\/#website\",\"url\":\"https:\\\/\\\/teslafm.net\\\/\",\"name\":\"TeslaFM\",\"description\":\"An experimental and creative radio\",\"publisher\":{\"@id\":\"https:\\\/\\\/teslafm.net\\\/#organization\"},\"potentialAction\":[{\"@type\":\"SearchAction\",\"target\":{\"@type\":\"EntryPoint\",\"urlTemplate\":\"https:\\\/\\\/teslafm.net\\\/?s={search_term_string}\"},\"query-input\":{\"@type\":\"PropertyValueSpecification\",\"valueRequired\":true,\"valueName\":\"search_term_string\"}}],\"inLanguage\":\"en-US\"},{\"@type\":\"Organization\",\"@id\":\"https:\\\/\\\/teslafm.net\\\/#organization\",\"name\":\"TeslaFM\",\"url\":\"https:\\\/\\\/teslafm.net\\\/\",\"logo\":{\"@type\":\"ImageObject\",\"inLanguage\":\"en-US\",\"@id\":\"https:\\\/\\\/teslafm.net\\\/#\\\/schema\\\/logo\\\/image\\\/\",\"url\":\"https:\\\/\\\/teslafm.net\\\/wp-content\\\/uploads\\\/2020\\\/06\\\/logo-tesla.png\",\"contentUrl\":\"https:\\\/\\\/teslafm.net\\\/wp-content\\\/uploads\\\/2020\\\/06\\\/logo-tesla.png\",\"width\":512,\"height\":512,\"caption\":\"TeslaFM\"},\"image\":{\"@id\":\"https:\\\/\\\/teslafm.net\\\/#\\\/schema\\\/logo\\\/image\\\/\"},\"sameAs\":[\"https:\\\/\\\/www.facebook.com\\\/teslafm.net\",\"https:\\\/\\\/x.com\\\/teslafm\"]}]}<\/script>\n<!-- \/ Yoast SEO plugin. -->","yoast_head_json":{"title":"The Noise Policy #5 -","robots":{"index":"index","follow":"follow","max-snippet":"max-snippet:-1","max-image-preview":"max-image-preview:large","max-video-preview":"max-video-preview:-1"},"canonical":"https:\/\/teslafm.net\/en\/la-politica-del-ruido-5\/","og_locale":"en_US","og_type":"article","og_title":"La Pol\u00edtica del Ruido #5 -","og_description":"La Pol\u00edtica del Ruido #5 Junio 2019 01. BJ Nilsen 02. Karlheinz Stockhausen \u2013 Gesang der J\u00fcnglinge 03. Zoviet France \u2013 Porky Pig 04. Susan Drone \u2013 Autumn Equinox TEXTOS Jacques Attali. Ruidos. Ensayo sobre la econom\u00eda pol\u00edtica de la m\u00fasica.","og_url":"https:\/\/teslafm.net\/en\/la-politica-del-ruido-5\/","article_publisher":"https:\/\/www.facebook.com\/teslafm.net","article_modified_time":"2021-03-09T18:57:13+00:00","og_image":[{"width":1274,"height":818,"url":"https:\/\/teslafm.net\/wp-content\/uploads\/2022\/09\/header-image-4-temp.png","type":"image\/png"}],"twitter_card":"summary_large_image","twitter_site":"@teslafm","twitter_misc":{"Est. reading time":"1 minute"},"schema":{"@context":"https:\/\/schema.org","@graph":[{"@type":"WebPage","@id":"https:\/\/teslafm.net\/la-politica-del-ruido-5\/","url":"https:\/\/teslafm.net\/la-politica-del-ruido-5\/","name":"The Noise Policy #5 -","isPartOf":{"@id":"https:\/\/teslafm.net\/#website"},"datePublished":"2019-06-26T16:52:04+00:00","dateModified":"2021-03-09T18:57:13+00:00","breadcrumb":{"@id":"https:\/\/teslafm.net\/la-politica-del-ruido-5\/#breadcrumb"},"inLanguage":"en-US","potentialAction":[{"@type":"ReadAction","target":["https:\/\/teslafm.net\/la-politica-del-ruido-5\/"]}]},{"@type":"BreadcrumbList","@id":"https:\/\/teslafm.net\/la-politica-del-ruido-5\/#breadcrumb","itemListElement":[{"@type":"ListItem","position":1,"name":"Portada","item":"https:\/\/teslafm.net\/"},{"@type":"ListItem","position":2,"name":"La Pol\u00edtica del Ruido #5"}]},{"@type":"WebSite","@id":"https:\/\/teslafm.net\/#website","url":"https:\/\/teslafm.net\/","name":"TeslaFM","description":"An experimental and creative radio","publisher":{"@id":"https:\/\/teslafm.net\/#organization"},"potentialAction":[{"@type":"SearchAction","target":{"@type":"EntryPoint","urlTemplate":"https:\/\/teslafm.net\/?s={search_term_string}"},"query-input":{"@type":"PropertyValueSpecification","valueRequired":true,"valueName":"search_term_string"}}],"inLanguage":"en-US"},{"@type":"Organization","@id":"https:\/\/teslafm.net\/#organization","name":"TeslaFM","url":"https:\/\/teslafm.net\/","logo":{"@type":"ImageObject","inLanguage":"en-US","@id":"https:\/\/teslafm.net\/#\/schema\/logo\/image\/","url":"https:\/\/teslafm.net\/wp-content\/uploads\/2020\/06\/logo-tesla.png","contentUrl":"https:\/\/teslafm.net\/wp-content\/uploads\/2020\/06\/logo-tesla.png","width":512,"height":512,"caption":"TeslaFM"},"image":{"@id":"https:\/\/teslafm.net\/#\/schema\/logo\/image\/"},"sameAs":["https:\/\/www.facebook.com\/teslafm.net","https:\/\/x.com\/teslafm"]}]}},"rttpg_featured_image_url":null,"rttpg_author":{"display_name":"Ishak","author_link":"https:\/\/teslafm.net\/en\/author\/cravan\/"},"rttpg_comment":0,"rttpg_category":null,"rttpg_excerpt":"La Pol\u00edtica del Ruido #5 Junio 2019 01. BJ Nilsen 02. Karlheinz Stockhausen \u2013 Gesang der J\u00fcnglinge 03. Zoviet France \u2013 Porky Pig 04. Susan Drone \u2013 Autumn Equinox TEXTOS Jacques Attali. Ruidos. Ensayo sobre la econom\u00eda pol\u00edtica de la m\u00fasica.","_links":{"self":[{"href":"https:\/\/teslafm.net\/en\/wp-json\/wp\/v2\/pages\/2776","targetHints":{"allow":["GET"]}}],"collection":[{"href":"https:\/\/teslafm.net\/en\/wp-json\/wp\/v2\/pages"}],"about":[{"href":"https:\/\/teslafm.net\/en\/wp-json\/wp\/v2\/types\/page"}],"author":[{"embeddable":true,"href":"https:\/\/teslafm.net\/en\/wp-json\/wp\/v2\/users\/19"}],"replies":[{"embeddable":true,"href":"https:\/\/teslafm.net\/en\/wp-json\/wp\/v2\/comments?post=2776"}],"version-history":[{"count":8,"href":"https:\/\/teslafm.net\/en\/wp-json\/wp\/v2\/pages\/2776\/revisions"}],"predecessor-version":[{"id":57264,"href":"https:\/\/teslafm.net\/en\/wp-json\/wp\/v2\/pages\/2776\/revisions\/57264"}],"wp:attachment":[{"href":"https:\/\/teslafm.net\/en\/wp-json\/wp\/v2\/media?parent=2776"}],"curies":[{"name":"wp","href":"https:\/\/api.w.org\/{rel}","templated":true}]}}