

{"id":2804,"date":"2019-07-02T21:46:50","date_gmt":"2019-07-02T19:46:50","guid":{"rendered":"https:\/\/teslafm.net\/?page_id=2804"},"modified":"2021-02-04T11:38:20","modified_gmt":"2021-02-04T10:38:20","slug":"ananke-10","status":"publish","type":"page","link":"https:\/\/teslafm.net\/en\/ananke-10\/","title":{"rendered":"Anank\u00e9 #10"},"content":{"rendered":"<h2><span style=\"color: #ffffff;\"><strong>Anank\u00e9 Chapter X<\/strong><\/span><\/h2>\n<p><span style=\"color: #808080;\"><em>July 2019<\/em><\/span><\/p>\n<p><iframe src=\"https:\/\/www.mixcloud.com\/widget\/iframe\/?hide_cover=1&amp;feed=%2FTeslafm_net%2Fanank%C3%A9-10-jaco%2F\" width=\"100%\" height=\"120\" frameborder=\"0\"><\/iframe><\/p>\n<p><span style=\"color: #808080;\">01. <strong>Markant<\/strong> - Lebenszeit - Untitled (Markant, 1999)<\/span><br \/>\n<span style=\"color: #808080;\">02. <strong>Roland Kayn<\/strong> - Rhenit - Tektra (Colosseum, 1984)<\/span><br \/>\n<span style=\"color: #808080;\">03. <strong>Junkie Flamingos<\/strong> - Goetia - Lemegeton Party (Helen Scarsdale, 2019).<\/span><br \/>\n<span style=\"color: #808080;\">04. <strong>Penelope Trappes<\/strong> - Carry Me (Cosey Fanni Tutti Rework) - Penelope Redeux (Houndstooth, 2019).<\/span><br \/>\n<span style=\"color: #808080;\">05. <strong>Anne Tardos<\/strong> - Refrigerator Defrosting - Gatherings (New Wilderness Audiographics, 1982\/Recital, 2019).<\/span><br \/>\n<span style=\"color: #808080;\">06. <strong>Anna<\/strong> - Systems Breaking Down - Systems Breaking Down (RCA, 1982\/Be With Records, 2016).<\/span><br \/>\n<span style=\"color: #808080;\">07. <strong>Hildur Gu\u00f0nad\u00f3ttir<\/strong> - Bridge Of Death - Chernobyl O.S.T. (HBO, 2019)<\/span><br \/>\n<span style=\"color: #808080;\">08. <strong>T<\/strong> - Wood-Blood - Dark Fields (Klamm Records, 1983\/Equilibrio, 2019)<\/span><br \/>\n<span style=\"color: #808080;\">09. <strong>Chen Yi - Rug<\/strong> - \"The\" 1978 - 1983 (90% Wasser 2006\/2018).<\/span><br \/>\n<span style=\"color: #808080;\">10. <strong>Earthen Sea<\/strong> - Living Space - Grass And Trees (Kranky, 2019)<\/span><br \/>\n<span style=\"color: #808080;\">11. <strong>Scorn<\/strong> - Feather - Feather (Ohm Resistance, 2019)<\/span><br \/>\n<span style=\"color: #808080;\">12. <strong>Ellen Arkbro<\/strong> - Chords For Guitar - Chords (Subtext, 2019)<\/span><br \/>\n<span style=\"color: #808080;\">13. <strong>Bristol Pirates<\/strong> - Excerpt - Death Is Not The End - Bristol Pirates - V\/A (Death Is Not The End, 2019)<\/span><br \/>\n<span style=\"color: #808080;\">14. <strong>LOFT<\/strong> - That Hyde Trakk - And Depart From Mono Games (Tri Angle, 2019)<\/span><br \/>\n<span style=\"color: #808080;\">15. <strong>Sisso<\/strong> - New Bit - Mateso (Nyege Nyege, 2019)<\/span><br \/>\n<span style=\"color: #808080;\">16. <strong>Slauson Malone<\/strong> - 04\/04\/68, I can make you fell free - A Quiet Farwell, 2016-2018 (Self-released, 2019).<\/span><br \/>\n<span style=\"color: #808080;\">17. <strong>Jai Paul<\/strong> - jasmine - demo - Leak 04-13 (Bait Ones) (XL, 2019)<\/span><br \/>\n<span style=\"color: #808080;\">18. <strong>Shygirl<\/strong> - Beauts - PDA Volume 1 - V\/A (PDA, 2019)<\/span><br \/>\n<span style=\"color: #808080;\">19 . <strong>Black Zone Magick Chant<\/strong> - Where Will We Meet When Our Ashes Are Spread In The Wind \/ Crystal Monastery - Voyage Sacrifice (Shelter Press, 2019).<\/span><br \/>\n<span style=\"color: #808080;\">20. <strong>RAP<\/strong> - Baptism - Export (Self-released, 2019)<\/span><br \/>\n<span style=\"color: #808080;\">21. <strong>Katie Dey<\/strong> - Solipsisting - Solipsisters (Run For Cover, 2019)<\/span><br \/>\n<span style=\"color: #808080;\">22. <strong>Ann Peebles<\/strong> - Troubles, Heartaches &amp; Sadness - Straight From The Heart (Hi Records, 1971)<\/span><\/p>","protected":false},"excerpt":{"rendered":"<p>Anank\u00e9 Cap\u00edtulo X Julio 2019 01. Markant &#8211; Lebenszeit &#8211; Untitled (Markant, 1999) 02. Roland Kayn &#8211; Rhenit &#8211; Tektra (Colosseum, 1984) 03. Junkie Flamingos &#8211; Goetia &#8211; Lemegeton Party (Helen Scarsdale, 2019) 04. Penelope Trappes &#8211; Carry Me (Cosey Fanni Tutti Rework) &#8211; Penelope Redeux (Houndstooth, 2019) 05. Anne Tardos &#8211; Refrigerator Defrosting &#8211; [&hellip;]<\/p>\n","protected":false},"author":19,"featured_media":0,"parent":0,"menu_order":0,"comment_status":"closed","ping_status":"closed","template":"","meta":{"footnotes":""},"class_list":["post-2804","page","type-page","status-publish","hentry"],"yoast_head":"<!-- This site is optimized with the Yoast SEO plugin v27.4 - https:\/\/yoast.com\/product\/yoast-seo-wordpress\/ -->\n<title>Anank\u00e9 #10 -<\/title>\n<meta name=\"robots\" content=\"index, follow, max-snippet:-1, max-image-preview:large, max-video-preview:-1\" \/>\n<link rel=\"canonical\" href=\"https:\/\/teslafm.net\/en\/ananke-10\/\" \/>\n<meta property=\"og:locale\" content=\"en_US\" \/>\n<meta property=\"og:type\" content=\"article\" \/>\n<meta property=\"og:title\" content=\"Anank\u00e9 #10 -\" \/>\n<meta property=\"og:description\" content=\"Anank\u00e9 Cap\u00edtulo X Julio 2019 01. Markant &#8211; Lebenszeit &#8211; Untitled (Markant, 1999) 02. Roland Kayn &#8211; Rhenit &#8211; Tektra (Colosseum, 1984) 03. Junkie Flamingos &#8211; Goetia &#8211; Lemegeton Party (Helen Scarsdale, 2019) 04. Penelope Trappes &#8211; Carry Me (Cosey Fanni Tutti Rework) &#8211; Penelope Redeux (Houndstooth, 2019) 05. Anne Tardos &#8211; Refrigerator Defrosting &#8211; [&hellip;]\" \/>\n<meta property=\"og:url\" content=\"https:\/\/teslafm.net\/en\/ananke-10\/\" \/>\n<meta property=\"article:publisher\" content=\"https:\/\/www.facebook.com\/teslafm.net\" \/>\n<meta property=\"article:modified_time\" content=\"2021-02-04T10:38:20+00:00\" \/>\n<meta property=\"og:image\" content=\"https:\/\/teslafm.net\/wp-content\/uploads\/2022\/09\/header-image-4-temp.png\" \/>\n\t<meta property=\"og:image:width\" content=\"1274\" \/>\n\t<meta property=\"og:image:height\" content=\"818\" \/>\n\t<meta property=\"og:image:type\" content=\"image\/png\" \/>\n<meta name=\"twitter:card\" content=\"summary_large_image\" \/>\n<meta name=\"twitter:site\" content=\"@teslafm\" \/>\n<meta name=\"twitter:label1\" content=\"Est. reading time\" \/>\n\t<meta name=\"twitter:data1\" content=\"2 minutes\" \/>\n<script type=\"application\/ld+json\" class=\"yoast-schema-graph\">{\"@context\":\"https:\\\/\\\/schema.org\",\"@graph\":[{\"@type\":\"WebPage\",\"@id\":\"https:\\\/\\\/teslafm.net\\\/ananke-10\\\/\",\"url\":\"https:\\\/\\\/teslafm.net\\\/ananke-10\\\/\",\"name\":\"Anank\u00e9 #10 -\",\"isPartOf\":{\"@id\":\"https:\\\/\\\/teslafm.net\\\/#website\"},\"datePublished\":\"2019-07-02T19:46:50+00:00\",\"dateModified\":\"2021-02-04T10:38:20+00:00\",\"breadcrumb\":{\"@id\":\"https:\\\/\\\/teslafm.net\\\/ananke-10\\\/#breadcrumb\"},\"inLanguage\":\"en-US\",\"potentialAction\":[{\"@type\":\"ReadAction\",\"target\":[\"https:\\\/\\\/teslafm.net\\\/ananke-10\\\/\"]}]},{\"@type\":\"BreadcrumbList\",\"@id\":\"https:\\\/\\\/teslafm.net\\\/ananke-10\\\/#breadcrumb\",\"itemListElement\":[{\"@type\":\"ListItem\",\"position\":1,\"name\":\"Portada\",\"item\":\"https:\\\/\\\/teslafm.net\\\/\"},{\"@type\":\"ListItem\",\"position\":2,\"name\":\"Anank\u00e9 #10\"}]},{\"@type\":\"WebSite\",\"@id\":\"https:\\\/\\\/teslafm.net\\\/#website\",\"url\":\"https:\\\/\\\/teslafm.net\\\/\",\"name\":\"TeslaFM\",\"description\":\"An experimental and creative radio\",\"publisher\":{\"@id\":\"https:\\\/\\\/teslafm.net\\\/#organization\"},\"potentialAction\":[{\"@type\":\"SearchAction\",\"target\":{\"@type\":\"EntryPoint\",\"urlTemplate\":\"https:\\\/\\\/teslafm.net\\\/?s={search_term_string}\"},\"query-input\":{\"@type\":\"PropertyValueSpecification\",\"valueRequired\":true,\"valueName\":\"search_term_string\"}}],\"inLanguage\":\"en-US\"},{\"@type\":\"Organization\",\"@id\":\"https:\\\/\\\/teslafm.net\\\/#organization\",\"name\":\"TeslaFM\",\"url\":\"https:\\\/\\\/teslafm.net\\\/\",\"logo\":{\"@type\":\"ImageObject\",\"inLanguage\":\"en-US\",\"@id\":\"https:\\\/\\\/teslafm.net\\\/#\\\/schema\\\/logo\\\/image\\\/\",\"url\":\"https:\\\/\\\/teslafm.net\\\/wp-content\\\/uploads\\\/2020\\\/06\\\/logo-tesla.png\",\"contentUrl\":\"https:\\\/\\\/teslafm.net\\\/wp-content\\\/uploads\\\/2020\\\/06\\\/logo-tesla.png\",\"width\":512,\"height\":512,\"caption\":\"TeslaFM\"},\"image\":{\"@id\":\"https:\\\/\\\/teslafm.net\\\/#\\\/schema\\\/logo\\\/image\\\/\"},\"sameAs\":[\"https:\\\/\\\/www.facebook.com\\\/teslafm.net\",\"https:\\\/\\\/x.com\\\/teslafm\"]}]}<\/script>\n<!-- \/ Yoast SEO plugin. -->","yoast_head_json":{"title":"Anank\u00e9 #10 -","robots":{"index":"index","follow":"follow","max-snippet":"max-snippet:-1","max-image-preview":"max-image-preview:large","max-video-preview":"max-video-preview:-1"},"canonical":"https:\/\/teslafm.net\/en\/ananke-10\/","og_locale":"en_US","og_type":"article","og_title":"Anank\u00e9 #10 -","og_description":"Anank\u00e9 Cap\u00edtulo X Julio 2019 01. Markant &#8211; Lebenszeit &#8211; Untitled (Markant, 1999) 02. Roland Kayn &#8211; Rhenit &#8211; Tektra (Colosseum, 1984) 03. Junkie Flamingos &#8211; Goetia &#8211; Lemegeton Party (Helen Scarsdale, 2019) 04. Penelope Trappes &#8211; Carry Me (Cosey Fanni Tutti Rework) &#8211; Penelope Redeux (Houndstooth, 2019) 05. Anne Tardos &#8211; Refrigerator Defrosting &#8211; [&hellip;]","og_url":"https:\/\/teslafm.net\/en\/ananke-10\/","article_publisher":"https:\/\/www.facebook.com\/teslafm.net","article_modified_time":"2021-02-04T10:38:20+00:00","og_image":[{"width":1274,"height":818,"url":"https:\/\/teslafm.net\/wp-content\/uploads\/2022\/09\/header-image-4-temp.png","type":"image\/png"}],"twitter_card":"summary_large_image","twitter_site":"@teslafm","twitter_misc":{"Est. reading time":"2 minutes"},"schema":{"@context":"https:\/\/schema.org","@graph":[{"@type":"WebPage","@id":"https:\/\/teslafm.net\/ananke-10\/","url":"https:\/\/teslafm.net\/ananke-10\/","name":"Anank\u00e9 #10 -","isPartOf":{"@id":"https:\/\/teslafm.net\/#website"},"datePublished":"2019-07-02T19:46:50+00:00","dateModified":"2021-02-04T10:38:20+00:00","breadcrumb":{"@id":"https:\/\/teslafm.net\/ananke-10\/#breadcrumb"},"inLanguage":"en-US","potentialAction":[{"@type":"ReadAction","target":["https:\/\/teslafm.net\/ananke-10\/"]}]},{"@type":"BreadcrumbList","@id":"https:\/\/teslafm.net\/ananke-10\/#breadcrumb","itemListElement":[{"@type":"ListItem","position":1,"name":"Portada","item":"https:\/\/teslafm.net\/"},{"@type":"ListItem","position":2,"name":"Anank\u00e9 #10"}]},{"@type":"WebSite","@id":"https:\/\/teslafm.net\/#website","url":"https:\/\/teslafm.net\/","name":"TeslaFM","description":"An experimental and creative radio","publisher":{"@id":"https:\/\/teslafm.net\/#organization"},"potentialAction":[{"@type":"SearchAction","target":{"@type":"EntryPoint","urlTemplate":"https:\/\/teslafm.net\/?s={search_term_string}"},"query-input":{"@type":"PropertyValueSpecification","valueRequired":true,"valueName":"search_term_string"}}],"inLanguage":"en-US"},{"@type":"Organization","@id":"https:\/\/teslafm.net\/#organization","name":"TeslaFM","url":"https:\/\/teslafm.net\/","logo":{"@type":"ImageObject","inLanguage":"en-US","@id":"https:\/\/teslafm.net\/#\/schema\/logo\/image\/","url":"https:\/\/teslafm.net\/wp-content\/uploads\/2020\/06\/logo-tesla.png","contentUrl":"https:\/\/teslafm.net\/wp-content\/uploads\/2020\/06\/logo-tesla.png","width":512,"height":512,"caption":"TeslaFM"},"image":{"@id":"https:\/\/teslafm.net\/#\/schema\/logo\/image\/"},"sameAs":["https:\/\/www.facebook.com\/teslafm.net","https:\/\/x.com\/teslafm"]}]}},"rttpg_featured_image_url":null,"rttpg_author":{"display_name":"Ishak","author_link":"https:\/\/teslafm.net\/en\/author\/cravan\/"},"rttpg_comment":0,"rttpg_category":null,"rttpg_excerpt":"Anank\u00e9 Cap\u00edtulo X Julio 2019 01. Markant &#8211; Lebenszeit &#8211; Untitled (Markant, 1999) 02. Roland Kayn &#8211; Rhenit &#8211; Tektra (Colosseum, 1984) 03. Junkie Flamingos &#8211; Goetia &#8211; Lemegeton Party (Helen Scarsdale, 2019) 04. Penelope Trappes &#8211; Carry Me (Cosey Fanni Tutti Rework) &#8211; Penelope Redeux (Houndstooth, 2019) 05. Anne Tardos &#8211; Refrigerator Defrosting &#8211;&hellip;","_links":{"self":[{"href":"https:\/\/teslafm.net\/en\/wp-json\/wp\/v2\/pages\/2804","targetHints":{"allow":["GET"]}}],"collection":[{"href":"https:\/\/teslafm.net\/en\/wp-json\/wp\/v2\/pages"}],"about":[{"href":"https:\/\/teslafm.net\/en\/wp-json\/wp\/v2\/types\/page"}],"author":[{"embeddable":true,"href":"https:\/\/teslafm.net\/en\/wp-json\/wp\/v2\/users\/19"}],"replies":[{"embeddable":true,"href":"https:\/\/teslafm.net\/en\/wp-json\/wp\/v2\/comments?post=2804"}],"version-history":[{"count":5,"href":"https:\/\/teslafm.net\/en\/wp-json\/wp\/v2\/pages\/2804\/revisions"}],"predecessor-version":[{"id":56684,"href":"https:\/\/teslafm.net\/en\/wp-json\/wp\/v2\/pages\/2804\/revisions\/56684"}],"wp:attachment":[{"href":"https:\/\/teslafm.net\/en\/wp-json\/wp\/v2\/media?parent=2804"}],"curies":[{"name":"wp","href":"https:\/\/api.w.org\/{rel}","templated":true}]}}