

{"id":2810,"date":"2019-07-03T21:58:00","date_gmt":"2019-07-03T19:58:00","guid":{"rendered":"https:\/\/teslafm.net\/?page_id=2810"},"modified":"2020-07-10T01:12:37","modified_gmt":"2020-07-09T23:12:37","slug":"teoria-incertidumbre-10","status":"publish","type":"page","link":"https:\/\/teslafm.net\/en\/teoria-incertidumbre-10\/","title":{"rendered":"Uncertainty Theory #10"},"content":{"rendered":"<div data-elementor-type=\"wp-page\" data-elementor-id=\"2810\" class=\"elementor elementor-2810\">\n\t\t\t\t\t\t<section class=\"elementor-section elementor-top-section elementor-element elementor-element-5fcfd352 elementor-section-boxed elementor-section-height-default elementor-section-height-default\" data-id=\"5fcfd352\" data-element_type=\"section\" data-e-type=\"section\">\n\t\t\t\t\t\t<div class=\"elementor-container elementor-column-gap-default\">\n\t\t\t\t\t<div class=\"elementor-column elementor-col-100 elementor-top-column elementor-element elementor-element-75ba5556\" data-id=\"75ba5556\" data-element_type=\"column\" data-e-type=\"column\">\n\t\t\t<div class=\"elementor-widget-wrap elementor-element-populated\">\n\t\t\t\t\t\t<div class=\"elementor-element elementor-element-571e8dff elementor-widget elementor-widget-text-editor\" data-id=\"571e8dff\" data-element_type=\"widget\" data-e-type=\"widget\" data-widget_type=\"text-editor.default\">\n\t\t\t\t<div class=\"elementor-widget-container\">\n\t\t\t\t\t\t\t\t\t<h2><span style=\"color: #ffffff;\"><strong>Uncertainty Theory #10<\/strong><\/span><\/h2><p><span style=\"color: #808080;\"><em>The number 10 in the Tarot, Lehman Hisey's Guide to the Occult, Alan Moore, KLF and the tapeloop.<\/em><\/span><\/p><p><iframe src=\"https:\/\/www.mixcloud.com\/widget\/iframe\/?hide_cover=1&amp;feed=%2FTeslafm_net%2Fteor%C3%ADa-incertidumbre-10-andrea-bravo%2F\" width=\"100%\" height=\"120\" frameborder=\"0\"><\/iframe><\/p><p align=\"justify\"><span style=\"color: #808080;\"><b>INTRODUCTION<\/b><\/span><\/p><p><span style=\"color: #808080;\">On the symbolism of the number 10 in the tarot and its relationship with what they say about matter and mind in <strong>Guide to the Occult<\/strong> from <strong>Lehman Hisey<\/strong> and also an excerpt from a text on <strong>Alan Moore<\/strong> in the book <strong>The KLF<\/strong> - Chaos and Magic of <strong>John Higgs<\/strong>. Plus the presentation of the instrument of the day which is the cassette used as a metainstrumento in the technique of <strong>Tape Loop<\/strong>.<\/span><\/p><p><span style=\"color: #808080;\">This introduction can be encompassed by the word-symbol <strong>WHEEL<\/strong>.<\/span><\/p><p><span style=\"color: #808080;\"><b>WORKS<\/b><\/span><\/p><p><span style=\"color: #808080;\"><strong>Sarah Davachi<\/strong> - Praha (in cassette format - Qualities of Bodies Permanent - 2015).<\/span><\/p><p><span style=\"color: #808080;\"><strong>KLF<\/strong> - Brownsville Turnaround on the Tex-Mex Border\", \"Pulling out of Ricardo and the Dusk is Falling Fast\", \"Six Hours to Louisiana, Black Coffee Going Cold\". Pulling out of Ricardo and the Dusk is Falling Fast\", \"Six Hours to Louisiana, Black Coffee Going Cold\", \"Dream Time in Lake Jackson\", \"Dream Time in Lake Jackson\", \"Dream Time in Lake Jackson\", \"Dream Time in Lake Jackson\". , \"Dream Time in Lake Jackson\",<\/span><\/p><p><span style=\"color: #808080;\">\"Madrugada Eterna\" (Chill Out - 1990).<\/span><\/p><p><span style=\"color: #808080;\"><strong>Sarah Davachi<\/strong> - For Voice (All My Circles Run -2017)<\/span><\/p><p><span style=\"color: #808080;\">Instrument, the cassette tape as an instrument in the technique of <strong>Tape Loop<\/strong>.<\/span><\/p><p><iframe title=\"How To Make an 8-Second Tape Loop\" width=\"1140\" height=\"641\" src=\"https:\/\/www.youtube.com\/embed\/n0zX8rqThA8?feature=oembed\" frameborder=\"0\" allow=\"accelerometer; autoplay; encrypted-media; gyroscope; picture-in-picture\" allowfullscreen><\/iframe><\/p><p><span style=\"color: #808080;\">The <strong>cassette<\/strong> is a magnetic tape sound recording format that was widely used between the early 1970s and early 1990s and regularly until the early 2000s. Although originally intended as a medium for dictation, improvements in sound fidelity led to the cassette supplanting the open-reel tape recorder in most of its domestic uses. Its applications extended from portable audio home recording to data storage for computers. Between the 1970s and the late 1990s, the cassette was one of the two most common formats for pre-recorded music, along with the <span lang=\"zxx\">vinyl records<\/span>. They were later replaced by the compact disc.<\/span><\/p><p><span style=\"color: #808080;\"><strong>Tape Loop<\/strong>The sound is recorded onto a section of magnetic tape and this tape is cut and spliced end-to-end, creating a circle or loop that can be played continuously, usually on a reel-to-reel machine.<\/span><\/p><p><span style=\"color: #808080;\"><strong>KLF - CHILL OUT (1990)<\/strong><\/span><\/p><p><span style=\"color: #808080;\"><strong>Chill out<\/strong> (an informal English term meaning to relax) is a contemporary musical genre that encompasses many disparate strands of musical genres with a common trait: its harmonious, relaxed and very calm composition. <\/span><span style=\"color: #808080;\">The <strong>Chill Out<\/strong> is characterized above all by the smooth way in which some genres such as opera are combined or remixed, <span lang=\"zxx\">Techno<\/span>, <span lang=\"zxx\">ambient music<\/span>rock and some other genres related to the use of synthesizers, drum machines and sound effects.<\/span><\/p><p><span style=\"color: #808080;\">The term originated in an area called <em>\"The White Room\"<\/em> at the nightclub <strong>Heaven<\/strong> in London in 1989. Its DJs were <strong>Jimmy Cauty<\/strong> and <strong>Alex Patterson<\/strong>. They created ambient mixes from sources such as Brian Eno, Pink Floyd, Mike Oldfield, etc. The purpose of the room was to allow the dancers the opportunity to <strong>\"relax\" <\/strong>of the fast rhythm played on the main dance floor. The group <strong>KLF<\/strong> subsequently released an album called <strong>Chill Out<\/strong> (1990) his third album, with uncredited contributions from <strong>Patterson<\/strong>.<\/span><\/p><p align=\"justify\"><span style=\"color: #808080;\">It was one of the first ambient house concept albums. The music describes a mythical nighttime journey to the US Gulf Coast states beginning in Texas and ending in Louisiana. The album cover and its bucolic picture of white sheep sitting on the green grass of an open barn, with a blue sky as an idyllic backdrop.<\/span><\/p>\t\t\t\t\t\t\t\t<\/div>\n\t\t\t\t<\/div>\n\t\t\t\t\t<\/div>\n\t\t<\/div>\n\t\t\t\t\t<\/div>\n\t\t<\/section>\n\t\t\t\t<section class=\"elementor-section elementor-top-section elementor-element elementor-element-ac9fbc0 elementor-section-boxed elementor-section-height-default elementor-section-height-default\" data-id=\"ac9fbc0\" data-element_type=\"section\" data-e-type=\"section\">\n\t\t\t\t\t\t<div class=\"elementor-container elementor-column-gap-default\">\n\t\t\t\t\t<div class=\"elementor-column elementor-col-100 elementor-top-column elementor-element elementor-element-29361db\" data-id=\"29361db\" data-element_type=\"column\" data-e-type=\"column\">\n\t\t\t<div class=\"elementor-widget-wrap elementor-element-populated\">\n\t\t\t\t\t\t<div class=\"elementor-element elementor-element-700f93e elementor-widget elementor-widget-gallery\" data-id=\"700f93e\" data-element_type=\"widget\" data-e-type=\"widget\" data-settings=\"{&quot;columns&quot;:3,&quot;gallery_layout&quot;:&quot;grid&quot;,&quot;columns_tablet&quot;:2,&quot;columns_mobile&quot;:1,&quot;gap&quot;:{&quot;unit&quot;:&quot;px&quot;,&quot;size&quot;:10,&quot;sizes&quot;:[]},&quot;gap_tablet&quot;:{&quot;unit&quot;:&quot;px&quot;,&quot;size&quot;:10,&quot;sizes&quot;:[]},&quot;gap_mobile&quot;:{&quot;unit&quot;:&quot;px&quot;,&quot;size&quot;:10,&quot;sizes&quot;:[]},&quot;link_to&quot;:&quot;file&quot;,&quot;aspect_ratio&quot;:&quot;3:2&quot;,&quot;overlay_background&quot;:&quot;yes&quot;,&quot;content_hover_animation&quot;:&quot;fade-in&quot;}\" data-widget_type=\"gallery.default\">\n\t\t\t\t<div class=\"elementor-widget-container\">\n\t\t\t\t\t\t\t<div class=\"elementor-gallery__container\">\n\t\t\t\t\t\t\t<a class=\"e-gallery-item elementor-gallery-item elementor-animated-content\" href=\"https:\/\/teslafm.net\/wp-content\/uploads\/2019\/07\/800px-Roland_RE-101_Space_Echo_-_looped_tape.jpg\" data-elementor-open-lightbox=\"yes\" data-elementor-lightbox-slideshow=\"all-700f93e\" data-elementor-lightbox-title=\"800px-Roland_RE-101_Space_Echo_-_looped_tape\" data-e-action-hash=\"#elementor-action%3Aaction%3Dlightbox%26settings%3DeyJpZCI6MjgxMywidXJsIjoiaHR0cHM6XC9cL3Rlc2xhZm0ubmV0XC93cC1jb250ZW50XC91cGxvYWRzXC8yMDE5XC8wN1wvODAwcHgtUm9sYW5kX1JFLTEwMV9TcGFjZV9FY2hvXy1fbG9vcGVkX3RhcGUuanBnIiwic2xpZGVzaG93IjoiYWxsLTcwMGY5M2UifQ%3D%3D\">\n\t\t\t\t\t<div class=\"e-gallery-image elementor-gallery-item__image\" data-thumbnail=\"https:\/\/teslafm.net\/wp-content\/uploads\/2019\/07\/800px-Roland_RE-101_Space_Echo_-_looped_tape-300x199.jpg\" data-width=\"300\" data-height=\"199\" alt=\"\" ><\/div>\n\t\t\t\t\t\t\t\t\t\t\t<div class=\"elementor-gallery-item__overlay\"><\/div>\n\t\t\t\t\t\t\t\t\t\t\t\t\t\t<\/a>\n\t\t\t\t\t\t\t<a class=\"e-gallery-item elementor-gallery-item elementor-animated-content\" href=\"https:\/\/teslafm.net\/wp-content\/uploads\/2019\/07\/loop-1.jpg\" data-elementor-open-lightbox=\"yes\" data-elementor-lightbox-slideshow=\"all-700f93e\" data-elementor-lightbox-title=\"loop-1\" data-e-action-hash=\"#elementor-action%3Aaction%3Dlightbox%26settings%3DeyJpZCI6MjgxNCwidXJsIjoiaHR0cHM6XC9cL3Rlc2xhZm0ubmV0XC93cC1jb250ZW50XC91cGxvYWRzXC8yMDE5XC8wN1wvbG9vcC0xLmpwZyIsInNsaWRlc2hvdyI6ImFsbC03MDBmOTNlIn0%3D\">\n\t\t\t\t\t<div class=\"e-gallery-image elementor-gallery-item__image\" data-thumbnail=\"https:\/\/teslafm.net\/wp-content\/uploads\/2019\/07\/loop-1-300x266.jpg\" data-width=\"300\" data-height=\"266\" alt=\"\" ><\/div>\n\t\t\t\t\t\t\t\t\t\t\t<div class=\"elementor-gallery-item__overlay\"><\/div>\n\t\t\t\t\t\t\t\t\t\t\t\t\t\t<\/a>\n\t\t\t\t\t\t\t<a class=\"e-gallery-item elementor-gallery-item elementor-animated-content\" href=\"https:\/\/teslafm.net\/wp-content\/uploads\/2019\/07\/loops-1.jpg\" data-elementor-open-lightbox=\"yes\" data-elementor-lightbox-slideshow=\"all-700f93e\" data-elementor-lightbox-title=\"loops-1\" data-e-action-hash=\"#elementor-action%3Aaction%3Dlightbox%26settings%3DeyJpZCI6MjgxNSwidXJsIjoiaHR0cHM6XC9cL3Rlc2xhZm0ubmV0XC93cC1jb250ZW50XC91cGxvYWRzXC8yMDE5XC8wN1wvbG9vcHMtMS5qcGciLCJzbGlkZXNob3ciOiJhbGwtNzAwZjkzZSJ9\">\n\t\t\t\t\t<div class=\"e-gallery-image elementor-gallery-item__image\" data-thumbnail=\"https:\/\/teslafm.net\/wp-content\/uploads\/2019\/07\/loops-1-298x300.jpg\" data-width=\"298\" data-height=\"300\" alt=\"\" ><\/div>\n\t\t\t\t\t\t\t\t\t\t\t<div class=\"elementor-gallery-item__overlay\"><\/div>\n\t\t\t\t\t\t\t\t\t\t\t\t\t\t<\/a>\n\t\t\t\t\t<\/div>\n\t\t\t\t\t<\/div>\n\t\t\t\t<\/div>\n\t\t\t\t\t<\/div>\n\t\t<\/div>\n\t\t\t\t\t<\/div>\n\t\t<\/section>\n\t\t\t\t<section class=\"elementor-section elementor-top-section elementor-element elementor-element-18aa158 elementor-section-boxed elementor-section-height-default elementor-section-height-default\" data-id=\"18aa158\" data-element_type=\"section\" data-e-type=\"section\">\n\t\t\t\t\t\t<div class=\"elementor-container elementor-column-gap-default\">\n\t\t\t\t\t<div class=\"elementor-column elementor-col-100 elementor-top-column elementor-element elementor-element-5084a27\" data-id=\"5084a27\" data-element_type=\"column\" data-e-type=\"column\">\n\t\t\t<div class=\"elementor-widget-wrap elementor-element-populated\">\n\t\t\t\t\t\t<div class=\"elementor-element elementor-element-1fd31aa elementor-widget elementor-widget-gallery\" data-id=\"1fd31aa\" data-element_type=\"widget\" data-e-type=\"widget\" data-settings=\"{&quot;columns&quot;:3,&quot;gallery_layout&quot;:&quot;grid&quot;,&quot;columns_tablet&quot;:2,&quot;columns_mobile&quot;:1,&quot;gap&quot;:{&quot;unit&quot;:&quot;px&quot;,&quot;size&quot;:10,&quot;sizes&quot;:[]},&quot;gap_tablet&quot;:{&quot;unit&quot;:&quot;px&quot;,&quot;size&quot;:10,&quot;sizes&quot;:[]},&quot;gap_mobile&quot;:{&quot;unit&quot;:&quot;px&quot;,&quot;size&quot;:10,&quot;sizes&quot;:[]},&quot;link_to&quot;:&quot;file&quot;,&quot;aspect_ratio&quot;:&quot;3:2&quot;,&quot;overlay_background&quot;:&quot;yes&quot;,&quot;content_hover_animation&quot;:&quot;fade-in&quot;}\" data-widget_type=\"gallery.default\">\n\t\t\t\t<div class=\"elementor-widget-container\">\n\t\t\t\t\t\t\t<div class=\"elementor-gallery__container\">\n\t\t\t\t\t\t\t<a class=\"e-gallery-item elementor-gallery-item elementor-animated-content\" href=\"https:\/\/teslafm.net\/wp-content\/uploads\/2019\/07\/KLF-logo.jpg\" data-elementor-open-lightbox=\"yes\" data-elementor-lightbox-slideshow=\"all-1fd31aa\" data-elementor-lightbox-title=\"KLF logo\" data-e-action-hash=\"#elementor-action%3Aaction%3Dlightbox%26settings%3DeyJpZCI6MjgxNiwidXJsIjoiaHR0cHM6XC9cL3Rlc2xhZm0ubmV0XC93cC1jb250ZW50XC91cGxvYWRzXC8yMDE5XC8wN1wvS0xGLWxvZ28uanBnIiwic2xpZGVzaG93IjoiYWxsLTFmZDMxYWEifQ%3D%3D\">\n\t\t\t\t\t<div class=\"e-gallery-image elementor-gallery-item__image\" data-thumbnail=\"https:\/\/teslafm.net\/wp-content\/uploads\/2019\/07\/KLF-logo-300x300.jpg\" data-width=\"300\" data-height=\"300\" alt=\"\" ><\/div>\n\t\t\t\t\t\t\t\t\t\t\t<div class=\"elementor-gallery-item__overlay\"><\/div>\n\t\t\t\t\t\t\t\t\t\t\t\t\t\t<\/a>\n\t\t\t\t\t\t\t<a class=\"e-gallery-item elementor-gallery-item elementor-animated-content\" href=\"https:\/\/teslafm.net\/wp-content\/uploads\/2019\/07\/KLF-y-ovejas-como-el-disco-Chill-Out.jpg\" data-elementor-open-lightbox=\"yes\" data-elementor-lightbox-slideshow=\"all-1fd31aa\" data-elementor-lightbox-title=\"KLF y ovejas (como el disco Chill Out)\" data-e-action-hash=\"#elementor-action%3Aaction%3Dlightbox%26settings%3DeyJpZCI6MjgxNywidXJsIjoiaHR0cHM6XC9cL3Rlc2xhZm0ubmV0XC93cC1jb250ZW50XC91cGxvYWRzXC8yMDE5XC8wN1wvS0xGLXktb3ZlamFzLWNvbW8tZWwtZGlzY28tQ2hpbGwtT3V0LmpwZyIsInNsaWRlc2hvdyI6ImFsbC0xZmQzMWFhIn0%3D\">\n\t\t\t\t\t<div class=\"e-gallery-image elementor-gallery-item__image\" data-thumbnail=\"https:\/\/teslafm.net\/wp-content\/uploads\/2019\/07\/KLF-y-ovejas-como-el-disco-Chill-Out-218x300.jpg\" data-width=\"218\" data-height=\"300\" alt=\"\" ><\/div>\n\t\t\t\t\t\t\t\t\t\t\t<div class=\"elementor-gallery-item__overlay\"><\/div>\n\t\t\t\t\t\t\t\t\t\t\t\t\t\t<\/a>\n\t\t\t\t\t\t\t<a class=\"e-gallery-item elementor-gallery-item elementor-animated-content\" href=\"https:\/\/teslafm.net\/wp-content\/uploads\/2019\/07\/KLF.png\" data-elementor-open-lightbox=\"yes\" data-elementor-lightbox-slideshow=\"all-1fd31aa\" data-elementor-lightbox-title=\"KLF\" data-e-action-hash=\"#elementor-action%3Aaction%3Dlightbox%26settings%3DeyJpZCI6MjgxOCwidXJsIjoiaHR0cHM6XC9cL3Rlc2xhZm0ubmV0XC93cC1jb250ZW50XC91cGxvYWRzXC8yMDE5XC8wN1wvS0xGLnBuZyIsInNsaWRlc2hvdyI6ImFsbC0xZmQzMWFhIn0%3D\">\n\t\t\t\t\t<div class=\"e-gallery-image elementor-gallery-item__image\" data-thumbnail=\"https:\/\/teslafm.net\/wp-content\/uploads\/2019\/07\/KLF-300x150.png\" data-width=\"300\" data-height=\"150\" alt=\"\" ><\/div>\n\t\t\t\t\t\t\t\t\t\t\t<div class=\"elementor-gallery-item__overlay\"><\/div>\n\t\t\t\t\t\t\t\t\t\t\t\t\t\t<\/a>\n\t\t\t\t\t<\/div>\n\t\t\t\t\t<\/div>\n\t\t\t\t<\/div>\n\t\t\t\t\t<\/div>\n\t\t<\/div>\n\t\t\t\t\t<\/div>\n\t\t<\/section>\n\t\t\t\t<\/div>","protected":false},"excerpt":{"rendered":"<p>Teor\u00eda Incertidumbre #10 El n\u00famero 10 en el Tarot, Gu\u00eda del Ocultismo de Lehman Hisey, Alan Moore, KLF y la tapeloop INTRODUCCI\u00d3N Sobre el simbolismo del n\u00famero 10 en el tarot y su relaci\u00f3n con lo que cuentan sobre la materia y la mente en Gu\u00eda del Ocultismo de Lehman Hisey y tambi\u00e9n un extracto [&hellip;]<\/p>\n","protected":false},"author":19,"featured_media":0,"parent":0,"menu_order":0,"comment_status":"closed","ping_status":"closed","template":"","meta":{"footnotes":""},"class_list":["post-2810","page","type-page","status-publish","hentry"],"yoast_head":"<!-- This site is optimized with the Yoast SEO plugin v27.4 - https:\/\/yoast.com\/product\/yoast-seo-wordpress\/ -->\n<title>Teor\u00eda Incertidumbre #10 -<\/title>\n<meta name=\"robots\" content=\"index, follow, max-snippet:-1, max-image-preview:large, max-video-preview:-1\" \/>\n<link rel=\"canonical\" href=\"https:\/\/teslafm.net\/en\/teoria-incertidumbre-10\/\" \/>\n<meta property=\"og:locale\" content=\"en_US\" \/>\n<meta property=\"og:type\" content=\"article\" \/>\n<meta property=\"og:title\" content=\"Teor\u00eda Incertidumbre #10 -\" \/>\n<meta property=\"og:description\" content=\"Teor\u00eda Incertidumbre #10 El n\u00famero 10 en el Tarot, Gu\u00eda del Ocultismo de Lehman Hisey, Alan Moore, KLF y la tapeloop INTRODUCCI\u00d3N Sobre el simbolismo del n\u00famero 10 en el tarot y su relaci\u00f3n con lo que cuentan sobre la materia y la mente en Gu\u00eda del Ocultismo de Lehman Hisey y tambi\u00e9n un extracto [&hellip;]\" \/>\n<meta property=\"og:url\" content=\"https:\/\/teslafm.net\/en\/teoria-incertidumbre-10\/\" \/>\n<meta property=\"article:publisher\" content=\"https:\/\/www.facebook.com\/teslafm.net\" \/>\n<meta property=\"article:modified_time\" content=\"2020-07-09T23:12:37+00:00\" \/>\n<meta property=\"og:image\" content=\"https:\/\/teslafm.net\/wp-content\/uploads\/2022\/09\/header-image-4-temp.png\" \/>\n\t<meta property=\"og:image:width\" content=\"1274\" \/>\n\t<meta property=\"og:image:height\" content=\"818\" \/>\n\t<meta property=\"og:image:type\" content=\"image\/png\" \/>\n<meta name=\"twitter:card\" content=\"summary_large_image\" \/>\n<meta name=\"twitter:site\" content=\"@teslafm\" \/>\n<meta name=\"twitter:label1\" content=\"Est. reading time\" \/>\n\t<meta name=\"twitter:data1\" content=\"3 minutes\" \/>\n<script type=\"application\/ld+json\" class=\"yoast-schema-graph\">{\"@context\":\"https:\\\/\\\/schema.org\",\"@graph\":[{\"@type\":\"WebPage\",\"@id\":\"https:\\\/\\\/teslafm.net\\\/teoria-incertidumbre-10\\\/\",\"url\":\"https:\\\/\\\/teslafm.net\\\/teoria-incertidumbre-10\\\/\",\"name\":\"Teor\u00eda Incertidumbre #10 -\",\"isPartOf\":{\"@id\":\"https:\\\/\\\/teslafm.net\\\/#website\"},\"datePublished\":\"2019-07-03T19:58:00+00:00\",\"dateModified\":\"2020-07-09T23:12:37+00:00\",\"breadcrumb\":{\"@id\":\"https:\\\/\\\/teslafm.net\\\/teoria-incertidumbre-10\\\/#breadcrumb\"},\"inLanguage\":\"en-US\",\"potentialAction\":[{\"@type\":\"ReadAction\",\"target\":[\"https:\\\/\\\/teslafm.net\\\/teoria-incertidumbre-10\\\/\"]}]},{\"@type\":\"BreadcrumbList\",\"@id\":\"https:\\\/\\\/teslafm.net\\\/teoria-incertidumbre-10\\\/#breadcrumb\",\"itemListElement\":[{\"@type\":\"ListItem\",\"position\":1,\"name\":\"Portada\",\"item\":\"https:\\\/\\\/teslafm.net\\\/\"},{\"@type\":\"ListItem\",\"position\":2,\"name\":\"Teor\u00eda Incertidumbre #10\"}]},{\"@type\":\"WebSite\",\"@id\":\"https:\\\/\\\/teslafm.net\\\/#website\",\"url\":\"https:\\\/\\\/teslafm.net\\\/\",\"name\":\"TeslaFM\",\"description\":\"An experimental and creative radio\",\"publisher\":{\"@id\":\"https:\\\/\\\/teslafm.net\\\/#organization\"},\"potentialAction\":[{\"@type\":\"SearchAction\",\"target\":{\"@type\":\"EntryPoint\",\"urlTemplate\":\"https:\\\/\\\/teslafm.net\\\/?s={search_term_string}\"},\"query-input\":{\"@type\":\"PropertyValueSpecification\",\"valueRequired\":true,\"valueName\":\"search_term_string\"}}],\"inLanguage\":\"en-US\"},{\"@type\":\"Organization\",\"@id\":\"https:\\\/\\\/teslafm.net\\\/#organization\",\"name\":\"TeslaFM\",\"url\":\"https:\\\/\\\/teslafm.net\\\/\",\"logo\":{\"@type\":\"ImageObject\",\"inLanguage\":\"en-US\",\"@id\":\"https:\\\/\\\/teslafm.net\\\/#\\\/schema\\\/logo\\\/image\\\/\",\"url\":\"https:\\\/\\\/teslafm.net\\\/wp-content\\\/uploads\\\/2020\\\/06\\\/logo-tesla.png\",\"contentUrl\":\"https:\\\/\\\/teslafm.net\\\/wp-content\\\/uploads\\\/2020\\\/06\\\/logo-tesla.png\",\"width\":512,\"height\":512,\"caption\":\"TeslaFM\"},\"image\":{\"@id\":\"https:\\\/\\\/teslafm.net\\\/#\\\/schema\\\/logo\\\/image\\\/\"},\"sameAs\":[\"https:\\\/\\\/www.facebook.com\\\/teslafm.net\",\"https:\\\/\\\/x.com\\\/teslafm\"]}]}<\/script>\n<!-- \/ Yoast SEO plugin. -->","yoast_head_json":{"title":"Uncertainty Theory #10 - Uncertainty Theory #10 - Uncertainty Theory #10 -","robots":{"index":"index","follow":"follow","max-snippet":"max-snippet:-1","max-image-preview":"max-image-preview:large","max-video-preview":"max-video-preview:-1"},"canonical":"https:\/\/teslafm.net\/en\/teoria-incertidumbre-10\/","og_locale":"en_US","og_type":"article","og_title":"Teor\u00eda Incertidumbre #10 -","og_description":"Teor\u00eda Incertidumbre #10 El n\u00famero 10 en el Tarot, Gu\u00eda del Ocultismo de Lehman Hisey, Alan Moore, KLF y la tapeloop INTRODUCCI\u00d3N Sobre el simbolismo del n\u00famero 10 en el tarot y su relaci\u00f3n con lo que cuentan sobre la materia y la mente en Gu\u00eda del Ocultismo de Lehman Hisey y tambi\u00e9n un extracto [&hellip;]","og_url":"https:\/\/teslafm.net\/en\/teoria-incertidumbre-10\/","article_publisher":"https:\/\/www.facebook.com\/teslafm.net","article_modified_time":"2020-07-09T23:12:37+00:00","og_image":[{"width":1274,"height":818,"url":"https:\/\/teslafm.net\/wp-content\/uploads\/2022\/09\/header-image-4-temp.png","type":"image\/png"}],"twitter_card":"summary_large_image","twitter_site":"@teslafm","twitter_misc":{"Est. reading time":"3 minutes"},"schema":{"@context":"https:\/\/schema.org","@graph":[{"@type":"WebPage","@id":"https:\/\/teslafm.net\/teoria-incertidumbre-10\/","url":"https:\/\/teslafm.net\/teoria-incertidumbre-10\/","name":"Uncertainty Theory #10 - Uncertainty Theory #10 - Uncertainty Theory #10 -","isPartOf":{"@id":"https:\/\/teslafm.net\/#website"},"datePublished":"2019-07-03T19:58:00+00:00","dateModified":"2020-07-09T23:12:37+00:00","breadcrumb":{"@id":"https:\/\/teslafm.net\/teoria-incertidumbre-10\/#breadcrumb"},"inLanguage":"en-US","potentialAction":[{"@type":"ReadAction","target":["https:\/\/teslafm.net\/teoria-incertidumbre-10\/"]}]},{"@type":"BreadcrumbList","@id":"https:\/\/teslafm.net\/teoria-incertidumbre-10\/#breadcrumb","itemListElement":[{"@type":"ListItem","position":1,"name":"Portada","item":"https:\/\/teslafm.net\/"},{"@type":"ListItem","position":2,"name":"Teor\u00eda Incertidumbre #10"}]},{"@type":"WebSite","@id":"https:\/\/teslafm.net\/#website","url":"https:\/\/teslafm.net\/","name":"TeslaFM","description":"An experimental and creative radio","publisher":{"@id":"https:\/\/teslafm.net\/#organization"},"potentialAction":[{"@type":"SearchAction","target":{"@type":"EntryPoint","urlTemplate":"https:\/\/teslafm.net\/?s={search_term_string}"},"query-input":{"@type":"PropertyValueSpecification","valueRequired":true,"valueName":"search_term_string"}}],"inLanguage":"en-US"},{"@type":"Organization","@id":"https:\/\/teslafm.net\/#organization","name":"TeslaFM","url":"https:\/\/teslafm.net\/","logo":{"@type":"ImageObject","inLanguage":"en-US","@id":"https:\/\/teslafm.net\/#\/schema\/logo\/image\/","url":"https:\/\/teslafm.net\/wp-content\/uploads\/2020\/06\/logo-tesla.png","contentUrl":"https:\/\/teslafm.net\/wp-content\/uploads\/2020\/06\/logo-tesla.png","width":512,"height":512,"caption":"TeslaFM"},"image":{"@id":"https:\/\/teslafm.net\/#\/schema\/logo\/image\/"},"sameAs":["https:\/\/www.facebook.com\/teslafm.net","https:\/\/x.com\/teslafm"]}]}},"rttpg_featured_image_url":null,"rttpg_author":{"display_name":"Ishak","author_link":"https:\/\/teslafm.net\/en\/author\/cravan\/"},"rttpg_comment":0,"rttpg_category":null,"rttpg_excerpt":"Teor\u00eda Incertidumbre #10 El n\u00famero 10 en el Tarot, Gu\u00eda del Ocultismo de Lehman Hisey, Alan Moore, KLF y la tapeloop INTRODUCCI\u00d3N Sobre el simbolismo del n\u00famero 10 en el tarot y su relaci\u00f3n con lo que cuentan sobre la materia y la mente en Gu\u00eda del Ocultismo de Lehman Hisey y tambi\u00e9n un extracto&hellip;","_links":{"self":[{"href":"https:\/\/teslafm.net\/en\/wp-json\/wp\/v2\/pages\/2810","targetHints":{"allow":["GET"]}}],"collection":[{"href":"https:\/\/teslafm.net\/en\/wp-json\/wp\/v2\/pages"}],"about":[{"href":"https:\/\/teslafm.net\/en\/wp-json\/wp\/v2\/types\/page"}],"author":[{"embeddable":true,"href":"https:\/\/teslafm.net\/en\/wp-json\/wp\/v2\/users\/19"}],"replies":[{"embeddable":true,"href":"https:\/\/teslafm.net\/en\/wp-json\/wp\/v2\/comments?post=2810"}],"version-history":[{"count":11,"href":"https:\/\/teslafm.net\/en\/wp-json\/wp\/v2\/pages\/2810\/revisions"}],"predecessor-version":[{"id":54322,"href":"https:\/\/teslafm.net\/en\/wp-json\/wp\/v2\/pages\/2810\/revisions\/54322"}],"wp:attachment":[{"href":"https:\/\/teslafm.net\/en\/wp-json\/wp\/v2\/media?parent=2810"}],"curies":[{"name":"wp","href":"https:\/\/api.w.org\/{rel}","templated":true}]}}