

{"id":2876,"date":"2019-07-11T15:38:46","date_gmt":"2019-07-11T13:38:46","guid":{"rendered":"https:\/\/teslafm.net\/?page_id=2876"},"modified":"2021-03-11T21:41:52","modified_gmt":"2021-03-11T20:41:52","slug":"seccion-aurea-5","status":"publish","type":"page","link":"https:\/\/teslafm.net\/en\/seccion-aurea-5\/","title":{"rendered":"Golden Section #5"},"content":{"rendered":"<h2><span style=\"color: #ffffff;\"><strong>Golden Section #5<\/strong><\/span><\/h2>\n<p><span style=\"color: #808080;\"><em>July 2019<\/em><\/span><\/p>\n<p><iframe src=\"https:\/\/www.mixcloud.com\/widget\/iframe\/?hide_cover=1&amp;feed=%2FTeslafm_net%2Fsecci%C3%B3n-%C3%A1urea-5-alfonso-alfonso%2F\" width=\"100%\" height=\"120\" frameborder=\"0\"><\/iframe><\/p>\n<p><span style=\"color: #808080;\"><b>TEXTS<\/b><\/span><br \/>\n<span style=\"color: #808080;\">\"<em>The Satanic Bible<\/em>\" of <b>Anton LaVey<\/b><\/span><\/p>\n<p><span style=\"color: #808080;\"><b>MUSIC<\/b><\/span><br \/>\n<span style=\"color: #808080;\">01. <strong>John Zorn<\/strong> - Mercy<\/span><br \/>\n<span style=\"color: #808080;\">02. <strong>Diamanda Galas<\/strong> - Sono l'Antichrist<\/span><br \/>\n<span style=\"color: #808080;\">03. <strong>Chaos As Shelter<\/strong> - The Sacrifice<\/span><br \/>\n<span style=\"color: #808080;\">04. <strong>Bass Communion<\/strong> - Ghosts On Magnetic Tape 2<\/span><br \/>\n<span style=\"color: #808080;\">05. <strong>Zombie<\/strong> - Spirit Warrior<\/span><br \/>\n<span style=\"color: #808080;\">06. <strong>Third Ear Band<\/strong> - Mosaic<\/span><br \/>\n<span style=\"color: #808080;\">07. <strong>Skullflower<\/strong> - Dakshinikalika<\/span><\/p>","protected":false},"excerpt":{"rendered":"<p>Golden Section #5 July 2019 TEXTS \"The Satanic Bible\" by Anton LaVey MUSIC 01. John Zorn - Misericordia 02. Diamanda Galas - Sono l'Antichristo 03. Chaos As Shelter - The Sacrifice 04. Bass Communion - Ghosts On Magnetic Tape 2 05. Zombi - Spirit Warrior 06. Third Ear Band - Mosaic 07. Skullflower - Dakshinikalika<\/p>","protected":false},"author":19,"featured_media":0,"parent":0,"menu_order":0,"comment_status":"closed","ping_status":"closed","template":"","meta":{"footnotes":""},"class_list":["post-2876","page","type-page","status-publish","hentry"],"yoast_head":"<!-- This site is optimized with the Yoast SEO plugin v27.4 - https:\/\/yoast.com\/product\/yoast-seo-wordpress\/ -->\n<title>Secci\u00f3n \u00c1urea #5 -<\/title>\n<meta name=\"robots\" content=\"index, follow, max-snippet:-1, max-image-preview:large, max-video-preview:-1\" \/>\n<link rel=\"canonical\" href=\"https:\/\/teslafm.net\/en\/seccion-aurea-5\/\" \/>\n<meta property=\"og:locale\" content=\"en_US\" \/>\n<meta property=\"og:type\" content=\"article\" \/>\n<meta property=\"og:title\" content=\"Secci\u00f3n \u00c1urea #5 -\" \/>\n<meta property=\"og:description\" content=\"Secci\u00f3n \u00c1urea #5 Julio 2019 TEXTOS \u00abLa Biblia Sat\u00e1nica\u00bb de Anton LaVey M\u00daSICA 01. John Zorn &#8211; Misericordia 02. Diamanda Galas &#8211; Sono l&#8217;Antichristo 03. Chaos As Shelter &#8211; The Sacrifice 04. Bass Communion &#8211; Ghosts On Magnetic Tape 2 05. Zombi &#8211; Spirit Warrior 06. Third Ear Band &#8211; Mosaic 07. Skullflower &#8211; Dakshinikalika\" \/>\n<meta property=\"og:url\" content=\"https:\/\/teslafm.net\/en\/seccion-aurea-5\/\" \/>\n<meta property=\"article:publisher\" content=\"https:\/\/www.facebook.com\/teslafm.net\" \/>\n<meta property=\"article:modified_time\" content=\"2021-03-11T20:41:52+00:00\" \/>\n<meta property=\"og:image\" content=\"https:\/\/teslafm.net\/wp-content\/uploads\/2022\/09\/header-image-4-temp.png\" \/>\n\t<meta property=\"og:image:width\" content=\"1274\" \/>\n\t<meta property=\"og:image:height\" content=\"818\" \/>\n\t<meta property=\"og:image:type\" content=\"image\/png\" \/>\n<meta name=\"twitter:card\" content=\"summary_large_image\" \/>\n<meta name=\"twitter:site\" content=\"@teslafm\" \/>\n<meta name=\"twitter:label1\" content=\"Est. reading time\" \/>\n\t<meta name=\"twitter:data1\" content=\"1 minute\" \/>\n<script type=\"application\/ld+json\" class=\"yoast-schema-graph\">{\"@context\":\"https:\\\/\\\/schema.org\",\"@graph\":[{\"@type\":\"WebPage\",\"@id\":\"https:\\\/\\\/teslafm.net\\\/seccion-aurea-5\\\/\",\"url\":\"https:\\\/\\\/teslafm.net\\\/seccion-aurea-5\\\/\",\"name\":\"Secci\u00f3n \u00c1urea #5 -\",\"isPartOf\":{\"@id\":\"https:\\\/\\\/teslafm.net\\\/#website\"},\"datePublished\":\"2019-07-11T13:38:46+00:00\",\"dateModified\":\"2021-03-11T20:41:52+00:00\",\"breadcrumb\":{\"@id\":\"https:\\\/\\\/teslafm.net\\\/seccion-aurea-5\\\/#breadcrumb\"},\"inLanguage\":\"en-US\",\"potentialAction\":[{\"@type\":\"ReadAction\",\"target\":[\"https:\\\/\\\/teslafm.net\\\/seccion-aurea-5\\\/\"]}]},{\"@type\":\"BreadcrumbList\",\"@id\":\"https:\\\/\\\/teslafm.net\\\/seccion-aurea-5\\\/#breadcrumb\",\"itemListElement\":[{\"@type\":\"ListItem\",\"position\":1,\"name\":\"Portada\",\"item\":\"https:\\\/\\\/teslafm.net\\\/\"},{\"@type\":\"ListItem\",\"position\":2,\"name\":\"Secci\u00f3n \u00c1urea #5\"}]},{\"@type\":\"WebSite\",\"@id\":\"https:\\\/\\\/teslafm.net\\\/#website\",\"url\":\"https:\\\/\\\/teslafm.net\\\/\",\"name\":\"TeslaFM\",\"description\":\"An experimental and creative radio\",\"publisher\":{\"@id\":\"https:\\\/\\\/teslafm.net\\\/#organization\"},\"potentialAction\":[{\"@type\":\"SearchAction\",\"target\":{\"@type\":\"EntryPoint\",\"urlTemplate\":\"https:\\\/\\\/teslafm.net\\\/?s={search_term_string}\"},\"query-input\":{\"@type\":\"PropertyValueSpecification\",\"valueRequired\":true,\"valueName\":\"search_term_string\"}}],\"inLanguage\":\"en-US\"},{\"@type\":\"Organization\",\"@id\":\"https:\\\/\\\/teslafm.net\\\/#organization\",\"name\":\"TeslaFM\",\"url\":\"https:\\\/\\\/teslafm.net\\\/\",\"logo\":{\"@type\":\"ImageObject\",\"inLanguage\":\"en-US\",\"@id\":\"https:\\\/\\\/teslafm.net\\\/#\\\/schema\\\/logo\\\/image\\\/\",\"url\":\"https:\\\/\\\/teslafm.net\\\/wp-content\\\/uploads\\\/2020\\\/06\\\/logo-tesla.png\",\"contentUrl\":\"https:\\\/\\\/teslafm.net\\\/wp-content\\\/uploads\\\/2020\\\/06\\\/logo-tesla.png\",\"width\":512,\"height\":512,\"caption\":\"TeslaFM\"},\"image\":{\"@id\":\"https:\\\/\\\/teslafm.net\\\/#\\\/schema\\\/logo\\\/image\\\/\"},\"sameAs\":[\"https:\\\/\\\/www.facebook.com\\\/teslafm.net\",\"https:\\\/\\\/x.com\\\/teslafm\"]}]}<\/script>\n<!-- \/ Yoast SEO plugin. -->","yoast_head_json":{"title":"Golden Section #5 -","robots":{"index":"index","follow":"follow","max-snippet":"max-snippet:-1","max-image-preview":"max-image-preview:large","max-video-preview":"max-video-preview:-1"},"canonical":"https:\/\/teslafm.net\/en\/seccion-aurea-5\/","og_locale":"en_US","og_type":"article","og_title":"Secci\u00f3n \u00c1urea #5 -","og_description":"Secci\u00f3n \u00c1urea #5 Julio 2019 TEXTOS \u00abLa Biblia Sat\u00e1nica\u00bb de Anton LaVey M\u00daSICA 01. John Zorn &#8211; Misericordia 02. Diamanda Galas &#8211; Sono l&#8217;Antichristo 03. Chaos As Shelter &#8211; The Sacrifice 04. Bass Communion &#8211; Ghosts On Magnetic Tape 2 05. Zombi &#8211; Spirit Warrior 06. Third Ear Band &#8211; Mosaic 07. Skullflower &#8211; Dakshinikalika","og_url":"https:\/\/teslafm.net\/en\/seccion-aurea-5\/","article_publisher":"https:\/\/www.facebook.com\/teslafm.net","article_modified_time":"2021-03-11T20:41:52+00:00","og_image":[{"width":1274,"height":818,"url":"https:\/\/teslafm.net\/wp-content\/uploads\/2022\/09\/header-image-4-temp.png","type":"image\/png"}],"twitter_card":"summary_large_image","twitter_site":"@teslafm","twitter_misc":{"Est. reading time":"1 minute"},"schema":{"@context":"https:\/\/schema.org","@graph":[{"@type":"WebPage","@id":"https:\/\/teslafm.net\/seccion-aurea-5\/","url":"https:\/\/teslafm.net\/seccion-aurea-5\/","name":"Golden Section #5 -","isPartOf":{"@id":"https:\/\/teslafm.net\/#website"},"datePublished":"2019-07-11T13:38:46+00:00","dateModified":"2021-03-11T20:41:52+00:00","breadcrumb":{"@id":"https:\/\/teslafm.net\/seccion-aurea-5\/#breadcrumb"},"inLanguage":"en-US","potentialAction":[{"@type":"ReadAction","target":["https:\/\/teslafm.net\/seccion-aurea-5\/"]}]},{"@type":"BreadcrumbList","@id":"https:\/\/teslafm.net\/seccion-aurea-5\/#breadcrumb","itemListElement":[{"@type":"ListItem","position":1,"name":"Portada","item":"https:\/\/teslafm.net\/"},{"@type":"ListItem","position":2,"name":"Secci\u00f3n \u00c1urea #5"}]},{"@type":"WebSite","@id":"https:\/\/teslafm.net\/#website","url":"https:\/\/teslafm.net\/","name":"TeslaFM","description":"An experimental and creative radio","publisher":{"@id":"https:\/\/teslafm.net\/#organization"},"potentialAction":[{"@type":"SearchAction","target":{"@type":"EntryPoint","urlTemplate":"https:\/\/teslafm.net\/?s={search_term_string}"},"query-input":{"@type":"PropertyValueSpecification","valueRequired":true,"valueName":"search_term_string"}}],"inLanguage":"en-US"},{"@type":"Organization","@id":"https:\/\/teslafm.net\/#organization","name":"TeslaFM","url":"https:\/\/teslafm.net\/","logo":{"@type":"ImageObject","inLanguage":"en-US","@id":"https:\/\/teslafm.net\/#\/schema\/logo\/image\/","url":"https:\/\/teslafm.net\/wp-content\/uploads\/2020\/06\/logo-tesla.png","contentUrl":"https:\/\/teslafm.net\/wp-content\/uploads\/2020\/06\/logo-tesla.png","width":512,"height":512,"caption":"TeslaFM"},"image":{"@id":"https:\/\/teslafm.net\/#\/schema\/logo\/image\/"},"sameAs":["https:\/\/www.facebook.com\/teslafm.net","https:\/\/x.com\/teslafm"]}]}},"rttpg_featured_image_url":null,"rttpg_author":{"display_name":"Ishak","author_link":"https:\/\/teslafm.net\/en\/author\/cravan\/"},"rttpg_comment":0,"rttpg_category":null,"rttpg_excerpt":"Secci\u00f3n \u00c1urea #5 Julio 2019 TEXTOS \u00abLa Biblia Sat\u00e1nica\u00bb de Anton LaVey M\u00daSICA 01. John Zorn &#8211; Misericordia 02. Diamanda Galas &#8211; Sono l&#8217;Antichristo 03. Chaos As Shelter &#8211; The Sacrifice 04. Bass Communion &#8211; Ghosts On Magnetic Tape 2 05. Zombi &#8211; Spirit Warrior 06. Third Ear Band &#8211; Mosaic 07. Skullflower &#8211; Dakshinikalika","_links":{"self":[{"href":"https:\/\/teslafm.net\/en\/wp-json\/wp\/v2\/pages\/2876","targetHints":{"allow":["GET"]}}],"collection":[{"href":"https:\/\/teslafm.net\/en\/wp-json\/wp\/v2\/pages"}],"about":[{"href":"https:\/\/teslafm.net\/en\/wp-json\/wp\/v2\/types\/page"}],"author":[{"embeddable":true,"href":"https:\/\/teslafm.net\/en\/wp-json\/wp\/v2\/users\/19"}],"replies":[{"embeddable":true,"href":"https:\/\/teslafm.net\/en\/wp-json\/wp\/v2\/comments?post=2876"}],"version-history":[{"count":8,"href":"https:\/\/teslafm.net\/en\/wp-json\/wp\/v2\/pages\/2876\/revisions"}],"predecessor-version":[{"id":57479,"href":"https:\/\/teslafm.net\/en\/wp-json\/wp\/v2\/pages\/2876\/revisions\/57479"}],"wp:attachment":[{"href":"https:\/\/teslafm.net\/en\/wp-json\/wp\/v2\/media?parent=2876"}],"curies":[{"name":"wp","href":"https:\/\/api.w.org\/{rel}","templated":true}]}}