

{"id":2929,"date":"2019-07-15T23:37:52","date_gmt":"2019-07-15T21:37:52","guid":{"rendered":"https:\/\/teslafm.net\/?page_id=2929"},"modified":"2023-02-23T13:34:47","modified_gmt":"2023-02-23T12:34:47","slug":"museo-contemporaneo","status":"publish","type":"page","link":"https:\/\/teslafm.net\/en\/museo-contemporaneo\/","title":{"rendered":"Contemporary Museum"},"content":{"rendered":"<div data-elementor-type=\"wp-page\" data-elementor-id=\"2929\" class=\"elementor elementor-2929\">\n\t\t\t\t\t\t<section class=\"elementor-section elementor-top-section elementor-element elementor-element-d227b05 elementor-section-boxed elementor-section-height-default elementor-section-height-default\" data-id=\"d227b05\" data-element_type=\"section\" data-e-type=\"section\">\n\t\t\t\t\t\t<div class=\"elementor-container elementor-column-gap-default\">\n\t\t\t\t\t<div class=\"elementor-column elementor-col-100 elementor-top-column elementor-element elementor-element-dcd4555\" data-id=\"dcd4555\" data-element_type=\"column\" data-e-type=\"column\">\n\t\t\t<div class=\"elementor-widget-wrap elementor-element-populated\">\n\t\t\t\t\t\t<div class=\"elementor-element elementor-element-318e6c7 elementor-widget elementor-widget-heading\" data-id=\"318e6c7\" data-element_type=\"widget\" data-e-type=\"widget\" data-widget_type=\"heading.default\">\n\t\t\t\t<div class=\"elementor-widget-container\">\n\t\t\t\t\t<h2 class=\"elementor-heading-title elementor-size-default\">CONTEMPORARY MUSEUM<\/h2>\t\t\t\t<\/div>\n\t\t\t\t<\/div>\n\t\t\t\t\t<\/div>\n\t\t<\/div>\n\t\t\t\t\t<\/div>\n\t\t<\/section>\n\t\t\t\t<section class=\"elementor-section elementor-top-section elementor-element elementor-element-3719cd1 elementor-section-boxed elementor-section-height-default elementor-section-height-default\" data-id=\"3719cd1\" data-element_type=\"section\" data-e-type=\"section\">\n\t\t\t\t\t\t<div class=\"elementor-container elementor-column-gap-default\">\n\t\t\t\t\t<div class=\"elementor-column elementor-col-100 elementor-top-column elementor-element elementor-element-e4821b9\" data-id=\"e4821b9\" data-element_type=\"column\" data-e-type=\"column\">\n\t\t\t<div class=\"elementor-widget-wrap elementor-element-populated\">\n\t\t\t\t\t\t<div class=\"elementor-element elementor-element-ba2c1ad elementor-widget elementor-widget-spacer\" data-id=\"ba2c1ad\" data-element_type=\"widget\" data-e-type=\"widget\" data-widget_type=\"spacer.default\">\n\t\t\t\t<div class=\"elementor-widget-container\">\n\t\t\t\t\t\t\t<div class=\"elementor-spacer\">\n\t\t\t<div class=\"elementor-spacer-inner\"><\/div>\n\t\t<\/div>\n\t\t\t\t\t\t<\/div>\n\t\t\t\t<\/div>\n\t\t\t\t\t<\/div>\n\t\t<\/div>\n\t\t\t\t\t<\/div>\n\t\t<\/section>\n\t\t\t\t<section class=\"elementor-section elementor-top-section elementor-element elementor-element-e10b375 elementor-section-boxed elementor-section-height-default elementor-section-height-default\" data-id=\"e10b375\" data-element_type=\"section\" data-e-type=\"section\">\n\t\t\t\t\t\t<div class=\"elementor-container elementor-column-gap-default\">\n\t\t\t\t\t<div class=\"elementor-column elementor-col-100 elementor-top-column elementor-element elementor-element-7eb3cba\" data-id=\"7eb3cba\" data-element_type=\"column\" data-e-type=\"column\">\n\t\t\t<div class=\"elementor-widget-wrap elementor-element-populated\">\n\t\t\t\t\t\t<div class=\"elementor-element elementor-element-f2da92f elementor-widget elementor-widget-text-editor\" data-id=\"f2da92f\" data-element_type=\"widget\" data-e-type=\"widget\" data-widget_type=\"text-editor.default\">\n\t\t\t\t<div class=\"elementor-widget-container\">\n\t\t\t\t\t\t\t\t\t<p><span style=\"color: #808080;\">Text: <b>Dani Blue<\/b>.<\/span><\/p><div class=\"\"><span style=\"color: #808080;\"><span class=\"\">According to Greek mythology\u00a0<em class=\"\"><strong class=\"\">mus<\/strong><\/em><\/span><em class=\"\"><span class=\"\">eo\u00a0<\/span><\/em>(in Latin\u00a0<em class=\"\"><strong class=\"\">musaeum<\/strong><\/em>) was the house of the muses. Nine deities that according to the fable inhabited the Parnassus or the Helicon presided by Apollo. All of them were sisters who personified the arts and sciences. Thus,\u00a0<strong class=\"\">Calliope<\/strong>\u00a0of Epic Poetry,\u00a0<strong class=\"\">Clio<\/strong>\u00a0of History,\u00a0<strong class=\"\">Erato<\/strong>\u00a0of Lyric Poetry,\u00a0<strong class=\"\">Euterpe<\/strong>\u00a0of Music,\u00a0<strong class=\"\">Melpomene<\/strong>\u00a0of Tragedy,\u00a0<strong class=\"\">Polimnia<\/strong>\u00a0of Pantomime,\u00a0<strong class=\"\">Talia<\/strong>\u00a0of the Comedia,\u00a0<strong class=\"\">Terpsichore<\/strong>\u00a0of Dance and\u00a0<strong class=\"\">Urania<\/strong>\u00a0of Astronomy. Its main raison d'\u00eatre was the protection of the mentioned arts and the inspiration to artists.\u00a0<\/span><\/div><div class=\"\"><span class=\"\" style=\"color: #808080;\">\u00a0<\/span><\/div><div class=\"\"><span class=\"\" style=\"color: #808080;\"><b class=\"\">Contemporary<\/b>The chronologically simultaneous, that which exists at the same time as something taken as a reference.<\/span><\/div><div class=\"\"><span class=\"\" style=\"color: #808080;\">\u00a0<\/span><\/div><div class=\"\"><span class=\"\" style=\"color: #808080;\">These one-hour capsules present contrasting sound artifacts that embrace different aesthetic currents but with the common denominator of belonging to the so-called 20th century. <i>\"Contemporary Music\".<\/i>. Each <b class=\"\">Contemporary Museum\u00a0<\/b>The exhibition includes a selection of musical pieces in the fields of academic music, field recording, drone music, phonetic\/sound poetry, collage or electronic music that induce us to exercise the <i>\"art\"<\/i> to see the music, to stop time or to levitate by exercising creative listening or the <i>\"deep-listening\"<\/i>. The aesthetic and\/or philosophical foundations of each artist are exposed in these avant-garde and exploratory works, the result of the search for freer forms of sound\/musical expression in accordance with the complexity of the new paradigms that modern society brings us. Most of these works date from the second half of the 20th century. With the trauma of the apocalyptic world wars, the existentialist currents of thought, the impetuous advance of technology or the influence of music from distant cultures, these creators seek a language that allows them to build a discourse capable of reflecting their intellectual, existential, moral, etc... concerns. They are sound exhibitions that stimulate the involvement of the listener by offering a journey through different stylistic paths where abstraction gives way to free interpretation, generating highly particular and intimate emotions depending on the receiver and betting on new concepts regarding musical creation or the same sound fact itself.\u00a0<\/span><\/div><div class=\"\"><span class=\"\" style=\"color: #808080;\">\u00a0<\/span><\/div><div class=\"\"><span class=\"\" style=\"color: #808080;\">Just like the muse Euterpe,\u00a0<b class=\"\">Teslafm\u00a0<\/b>protects and showcases the cultured and enriching music for the human soul and shelters it in <b class=\"\">Contemporary Museum,\u00a0<\/b>which is a true reflection of a large part of the universe of our station.<b class=\"\">\u00a0<\/b><\/span><\/div><p><span style=\"color: #808080;\">They are broadcast in rotation and can be listened to in streaming.<\/span><\/p>\t\t\t\t\t\t\t\t<\/div>\n\t\t\t\t<\/div>\n\t\t\t\t\t<\/div>\n\t\t<\/div>\n\t\t\t\t\t<\/div>\n\t\t<\/section>\n\t\t\t\t<section class=\"elementor-section elementor-top-section elementor-element elementor-element-7eb1191a elementor-section-boxed elementor-section-height-default elementor-section-height-default\" data-id=\"7eb1191a\" data-element_type=\"section\" data-e-type=\"section\">\n\t\t\t\t\t\t<div class=\"elementor-container elementor-column-gap-default\">\n\t\t\t\t\t<div class=\"elementor-column elementor-col-100 elementor-top-column elementor-element elementor-element-5b77f601\" data-id=\"5b77f601\" data-element_type=\"column\" data-e-type=\"column\">\n\t\t\t<div class=\"elementor-widget-wrap elementor-element-populated\">\n\t\t\t\t\t\t<div class=\"elementor-element elementor-element-218a2bb9 elementor-widget elementor-widget-text-editor\" data-id=\"218a2bb9\" data-element_type=\"widget\" data-e-type=\"widget\" data-widget_type=\"text-editor.default\">\n\t\t\t\t<div class=\"elementor-widget-container\">\n\t\t\t\t\t\t\t\t\t<p><span style=\"color: #808080;\">Musical selection blocks 1 to 12, and 18 to 26 by: <b>Is<\/b><\/span><b style=\"color: #808080;\">hak Benavides<\/b><span style=\"color: #808080;\">.<br \/><\/span><span style=\"color: #808080;\">Musical selection blocks from 13 to 17 by: <\/span><strong style=\"color: #808080;\">Stahlfabrik.<\/strong><\/p><p><iframe src=\"https:\/\/www.mixcloud.com\/widget\/iframe\/?hide_cover=1&amp;feed=%2FTeslafm_net%2Fmuseo-contempor%C3%A1neo-1%2F\" width=\"100%\" height=\"120\" frameborder=\"0\"><\/iframe><\/p><p><iframe src=\"https:\/\/www.mixcloud.com\/widget\/iframe\/?hide_cover=1&amp;feed=%2FTeslafm_net%2Fmuseo-contempor%C3%A1neo-2%2F\" width=\"100%\" height=\"120\" frameborder=\"0\"><\/iframe><\/p><p><iframe src=\"https:\/\/www.mixcloud.com\/widget\/iframe\/?hide_cover=1&amp;feed=%2FTeslafm_net%2Fmuseo-contempor%C3%A1neo-3%2F\" width=\"100%\" height=\"120\" frameborder=\"0\"><\/iframe><\/p><p><iframe src=\"https:\/\/www.mixcloud.com\/widget\/iframe\/?hide_cover=1&amp;feed=%2FTeslafm_net%2Fmuseo-contempor%C3%A1neo-4%2F\" width=\"100%\" height=\"120\" frameborder=\"0\"><\/iframe><\/p><p><iframe src=\"https:\/\/www.mixcloud.com\/widget\/iframe\/?hide_cover=1&amp;feed=%2FTeslafm_net%2Fmuseo-contempor%C3%A1neo-5%2F\" width=\"100%\" height=\"120\" frameborder=\"0\"><\/iframe><\/p><p><iframe src=\"https:\/\/www.mixcloud.com\/widget\/iframe\/?hide_cover=1&amp;feed=%2FTeslafm_net%2Fmuseo-contempor%C3%A1neo-6%2F\" width=\"100%\" height=\"120\" frameborder=\"0\"><\/iframe><\/p><p><iframe src=\"https:\/\/www.mixcloud.com\/widget\/iframe\/?hide_cover=1&amp;feed=%2FTeslafm_net%2Fmuseo-contempor%C3%A1neo-7%2F\" width=\"100%\" height=\"120\" frameborder=\"0\"><\/iframe><\/p><p><iframe src=\"https:\/\/www.mixcloud.com\/widget\/iframe\/?hide_cover=1&amp;feed=%2FTeslafm_net%2Fm%C3%BAsica-contempor%C3%A1nea-8%2F\" width=\"100%\" height=\"120\" frameborder=\"0\"><\/iframe><\/p><p><iframe src=\"https:\/\/www.mixcloud.com\/widget\/iframe\/?hide_cover=1&amp;feed=%2FTeslafm_net%2Fmuseo-contempor%C3%A1neo-9%2F\" width=\"100%\" height=\"120\" frameborder=\"0\"><\/iframe><\/p><p><iframe src=\"https:\/\/www.mixcloud.com\/widget\/iframe\/?hide_cover=1&amp;feed=%2FTeslafm_net%2Fmuseo-contempor%C3%A1neo-10%2F\" width=\"100%\" height=\"120\" frameborder=\"0\"><\/iframe><\/p><p><iframe src=\"https:\/\/www.mixcloud.com\/widget\/iframe\/?hide_cover=1&amp;feed=%2FTeslafm_net%2Fmuseo-contempor%C3%A1neo-11%2F\" width=\"100%\" height=\"120\" frameborder=\"0\"><\/iframe><\/p><p><iframe src=\"https:\/\/www.mixcloud.com\/widget\/iframe\/?hide_cover=1&amp;feed=%2FTeslafm_net%2Fmuseo-contempor%C3%A1neo-12%2F\" width=\"100%\" height=\"120\" frameborder=\"0\"><\/iframe><\/p><p><iframe src=\"https:\/\/www.mixcloud.com\/widget\/iframe\/?hide_cover=1&amp;feed=%2FTeslafm_net%2Fmuseo-contempor%C3%A1neo-13%2F\" width=\"100%\" height=\"120\" frameborder=\"0\"><\/iframe><\/p><p><iframe src=\"https:\/\/www.mixcloud.com\/widget\/iframe\/?hide_cover=1&amp;feed=%2FTeslafm_net%2Fmuseo-contempor%C3%A1neo-14%2F\" width=\"100%\" height=\"120\" frameborder=\"0\"><\/iframe><\/p><p><iframe src=\"https:\/\/www.mixcloud.com\/widget\/iframe\/?hide_cover=1&amp;feed=%2FTeslafm_net%2Fmuseo-contempor%C3%A1neo-15%2F\" width=\"100%\" height=\"120\" frameborder=\"0\"><\/iframe><\/p><p><iframe src=\"https:\/\/www.mixcloud.com\/widget\/iframe\/?hide_cover=1&amp;feed=%2FTeslafm_net%2Fmuseo-contempor%C3%A1neo-16%2F\" width=\"100%\" height=\"120\" frameborder=\"0\"><\/iframe><\/p><p><iframe src=\"https:\/\/www.mixcloud.com\/widget\/iframe\/?hide_cover=1&amp;feed=%2FTeslafm_net%2Fmuseo-contempor%C3%A1neo-17%2F\" width=\"100%\" height=\"120\" frameborder=\"0\"><\/iframe><\/p><p><iframe src=\"https:\/\/www.mixcloud.com\/widget\/iframe\/?hide_cover=1&amp;feed=%2FTeslafm_net%2Fmuseo-contempor%C3%A1neo-18%2F\" width=\"100%\" height=\"120\" frameborder=\"0\"><\/iframe><\/p><p><iframe src=\"https:\/\/www.mixcloud.com\/widget\/iframe\/?hide_cover=1&amp;feed=%2FTeslafm_net%2Fmuseo-contempor%C3%A1neo-19%2F\" width=\"100%\" height=\"120\" frameborder=\"0\"><\/iframe><\/p><p><iframe src=\"https:\/\/www.mixcloud.com\/widget\/iframe\/?hide_cover=1&amp;feed=%2FTeslafm_net%2Fmuseo-contempor%C3%A1nedo-20%2F\" width=\"100%\" height=\"120\" frameborder=\"0\"><\/iframe><\/p><p><iframe src=\"https:\/\/www.mixcloud.com\/widget\/iframe\/?hide_cover=1&amp;feed=%2FTeslafm_net%2Fmuseo-contempor%C3%A1neo-21%2F\" width=\"100%\" height=\"120\" frameborder=\"0\"><\/iframe><\/p><p><iframe src=\"https:\/\/www.mixcloud.com\/widget\/iframe\/?hide_cover=1&amp;feed=%2FTeslafm_net%2Fmuseo-contempor%C3%A1neo-22%2F\" width=\"100%\" height=\"120\" frameborder=\"0\"><\/iframe><\/p><p><iframe src=\"https:\/\/www.mixcloud.com\/widget\/iframe\/?hide_cover=1&amp;feed=%2FTeslafm_net%2Fmuseo-contempor%C3%A1neo-23%2F\" width=\"100%\" height=\"120\" frameborder=\"0\"><\/iframe><\/p><p><iframe src=\"https:\/\/www.mixcloud.com\/widget\/iframe\/?hide_cover=1&amp;feed=%2FTeslafm_net%2Fmuseo-contempor%C3%A1neo-24%2F\" width=\"100%\" height=\"120\" frameborder=\"0\"><\/iframe><\/p><p><iframe src=\"https:\/\/www.mixcloud.com\/widget\/iframe\/?hide_cover=1&amp;feed=%2FTeslafm_net%2Fmuseo-contempor%C3%A1neo-25%2F\" width=\"100%\" height=\"120\" frameborder=\"0\"><\/iframe><\/p><p><iframe src=\"https:\/\/www.mixcloud.com\/widget\/iframe\/?hide_cover=1&amp;feed=%2FTeslafm_net%2Fmuseo-contempor%C3%A1neo-26%2F\" width=\"100%\" height=\"120\" frameborder=\"0\"><\/iframe><\/p>\t\t\t\t\t\t\t\t<\/div>\n\t\t\t\t<\/div>\n\t\t\t\t\t<\/div>\n\t\t<\/div>\n\t\t\t\t\t<\/div>\n\t\t<\/section>\n\t\t\t\t<\/div>","protected":false},"excerpt":{"rendered":"<p>MUSEO CONTEMPOR\u00c1NEO Texto: Dani Blue. Seg\u00fan la mitolog\u00eda griega\u00a0museo\u00a0(en lat\u00edn\u00a0musaeum) era la casa de las musas. Nueve deidades que seg\u00fan la f\u00e1bula habitaban en el Parnaso o en el Helic\u00f3n presididas por Apolo. Todas ellas eran hermanas que personificaban las artes y las ciencias. As\u00ed,\u00a0Cal\u00edope\u00a0lo era de la Poes\u00eda \u00c9pica,\u00a0Cl\u00edo\u00a0de la Historia,\u00a0Erato\u00a0de la Poes\u00eda L\u00edrica,\u00a0Euterpe\u00a0de [&hellip;]<\/p>\n","protected":false},"author":19,"featured_media":0,"parent":0,"menu_order":0,"comment_status":"closed","ping_status":"closed","template":"","meta":{"footnotes":""},"class_list":["post-2929","page","type-page","status-publish","hentry"],"yoast_head":"<!-- This site is optimized with the Yoast SEO plugin v27.2 - https:\/\/yoast.com\/product\/yoast-seo-wordpress\/ -->\n<title>Museo Contempor\u00e1neo -<\/title>\n<meta name=\"robots\" content=\"index, follow, max-snippet:-1, max-image-preview:large, max-video-preview:-1\" \/>\n<link rel=\"canonical\" href=\"https:\/\/teslafm.net\/en\/museo-contemporaneo\/\" \/>\n<meta property=\"og:locale\" content=\"en_US\" \/>\n<meta property=\"og:type\" content=\"article\" \/>\n<meta property=\"og:title\" content=\"Museo Contempor\u00e1neo -\" \/>\n<meta property=\"og:description\" content=\"MUSEO CONTEMPOR\u00c1NEO Texto: Dani Blue. Seg\u00fan la mitolog\u00eda griega\u00a0museo\u00a0(en lat\u00edn\u00a0musaeum) era la casa de las musas. Nueve deidades que seg\u00fan la f\u00e1bula habitaban en el Parnaso o en el Helic\u00f3n presididas por Apolo. Todas ellas eran hermanas que personificaban las artes y las ciencias. As\u00ed,\u00a0Cal\u00edope\u00a0lo era de la Poes\u00eda \u00c9pica,\u00a0Cl\u00edo\u00a0de la Historia,\u00a0Erato\u00a0de la Poes\u00eda L\u00edrica,\u00a0Euterpe\u00a0de [&hellip;]\" \/>\n<meta property=\"og:url\" content=\"https:\/\/teslafm.net\/en\/museo-contemporaneo\/\" \/>\n<meta property=\"article:publisher\" content=\"https:\/\/www.facebook.com\/teslafm.net\" \/>\n<meta property=\"article:modified_time\" content=\"2023-02-23T12:34:47+00:00\" \/>\n<meta property=\"og:image\" content=\"https:\/\/teslafm.net\/wp-content\/uploads\/2022\/09\/header-image-4-temp.png\" \/>\n\t<meta property=\"og:image:width\" content=\"1274\" \/>\n\t<meta property=\"og:image:height\" content=\"818\" \/>\n\t<meta property=\"og:image:type\" content=\"image\/png\" \/>\n<meta name=\"twitter:card\" content=\"summary_large_image\" \/>\n<meta name=\"twitter:site\" content=\"@teslafm\" \/>\n<meta name=\"twitter:label1\" content=\"Est. reading time\" \/>\n\t<meta name=\"twitter:data1\" content=\"3 minutes\" \/>\n<script type=\"application\/ld+json\" class=\"yoast-schema-graph\">{\"@context\":\"https:\/\/schema.org\",\"@graph\":[{\"@type\":\"WebPage\",\"@id\":\"https:\/\/teslafm.net\/museo-contemporaneo\/\",\"url\":\"https:\/\/teslafm.net\/museo-contemporaneo\/\",\"name\":\"Museo Contempor\u00e1neo -\",\"isPartOf\":{\"@id\":\"https:\/\/teslafm.net\/#website\"},\"datePublished\":\"2019-07-15T21:37:52+00:00\",\"dateModified\":\"2023-02-23T12:34:47+00:00\",\"breadcrumb\":{\"@id\":\"https:\/\/teslafm.net\/museo-contemporaneo\/#breadcrumb\"},\"inLanguage\":\"en-US\",\"potentialAction\":[{\"@type\":\"ReadAction\",\"target\":[\"https:\/\/teslafm.net\/museo-contemporaneo\/\"]}]},{\"@type\":\"BreadcrumbList\",\"@id\":\"https:\/\/teslafm.net\/museo-contemporaneo\/#breadcrumb\",\"itemListElement\":[{\"@type\":\"ListItem\",\"position\":1,\"name\":\"Portada\",\"item\":\"https:\/\/teslafm.net\/\"},{\"@type\":\"ListItem\",\"position\":2,\"name\":\"Museo Contempor\u00e1neo\"}]},{\"@type\":\"WebSite\",\"@id\":\"https:\/\/teslafm.net\/#website\",\"url\":\"https:\/\/teslafm.net\/\",\"name\":\"TeslaFM\",\"description\":\"An experimental and creative radio\",\"publisher\":{\"@id\":\"https:\/\/teslafm.net\/#organization\"},\"potentialAction\":[{\"@type\":\"SearchAction\",\"target\":{\"@type\":\"EntryPoint\",\"urlTemplate\":\"https:\/\/teslafm.net\/?s={search_term_string}\"},\"query-input\":{\"@type\":\"PropertyValueSpecification\",\"valueRequired\":true,\"valueName\":\"search_term_string\"}}],\"inLanguage\":\"en-US\"},{\"@type\":\"Organization\",\"@id\":\"https:\/\/teslafm.net\/#organization\",\"name\":\"TeslaFM\",\"url\":\"https:\/\/teslafm.net\/\",\"logo\":{\"@type\":\"ImageObject\",\"inLanguage\":\"en-US\",\"@id\":\"https:\/\/teslafm.net\/#\/schema\/logo\/image\/\",\"url\":\"https:\/\/teslafm.net\/wp-content\/uploads\/2020\/06\/logo-tesla.png\",\"contentUrl\":\"https:\/\/teslafm.net\/wp-content\/uploads\/2020\/06\/logo-tesla.png\",\"width\":512,\"height\":512,\"caption\":\"TeslaFM\"},\"image\":{\"@id\":\"https:\/\/teslafm.net\/#\/schema\/logo\/image\/\"},\"sameAs\":[\"https:\/\/www.facebook.com\/teslafm.net\",\"https:\/\/x.com\/teslafm\"]}]}<\/script>\n<!-- \/ Yoast SEO plugin. -->","yoast_head_json":{"title":"Contemporary Museum -","robots":{"index":"index","follow":"follow","max-snippet":"max-snippet:-1","max-image-preview":"max-image-preview:large","max-video-preview":"max-video-preview:-1"},"canonical":"https:\/\/teslafm.net\/en\/museo-contemporaneo\/","og_locale":"en_US","og_type":"article","og_title":"Museo Contempor\u00e1neo -","og_description":"MUSEO CONTEMPOR\u00c1NEO Texto: Dani Blue. Seg\u00fan la mitolog\u00eda griega\u00a0museo\u00a0(en lat\u00edn\u00a0musaeum) era la casa de las musas. Nueve deidades que seg\u00fan la f\u00e1bula habitaban en el Parnaso o en el Helic\u00f3n presididas por Apolo. Todas ellas eran hermanas que personificaban las artes y las ciencias. As\u00ed,\u00a0Cal\u00edope\u00a0lo era de la Poes\u00eda \u00c9pica,\u00a0Cl\u00edo\u00a0de la Historia,\u00a0Erato\u00a0de la Poes\u00eda L\u00edrica,\u00a0Euterpe\u00a0de [&hellip;]","og_url":"https:\/\/teslafm.net\/en\/museo-contemporaneo\/","article_publisher":"https:\/\/www.facebook.com\/teslafm.net","article_modified_time":"2023-02-23T12:34:47+00:00","og_image":[{"width":1274,"height":818,"url":"https:\/\/teslafm.net\/wp-content\/uploads\/2022\/09\/header-image-4-temp.png","type":"image\/png"}],"twitter_card":"summary_large_image","twitter_site":"@teslafm","twitter_misc":{"Est. reading time":"3 minutes"},"schema":{"@context":"https:\/\/schema.org","@graph":[{"@type":"WebPage","@id":"https:\/\/teslafm.net\/museo-contemporaneo\/","url":"https:\/\/teslafm.net\/museo-contemporaneo\/","name":"Contemporary Museum -","isPartOf":{"@id":"https:\/\/teslafm.net\/#website"},"datePublished":"2019-07-15T21:37:52+00:00","dateModified":"2023-02-23T12:34:47+00:00","breadcrumb":{"@id":"https:\/\/teslafm.net\/museo-contemporaneo\/#breadcrumb"},"inLanguage":"en-US","potentialAction":[{"@type":"ReadAction","target":["https:\/\/teslafm.net\/museo-contemporaneo\/"]}]},{"@type":"BreadcrumbList","@id":"https:\/\/teslafm.net\/museo-contemporaneo\/#breadcrumb","itemListElement":[{"@type":"ListItem","position":1,"name":"Portada","item":"https:\/\/teslafm.net\/"},{"@type":"ListItem","position":2,"name":"Museo Contempor\u00e1neo"}]},{"@type":"WebSite","@id":"https:\/\/teslafm.net\/#website","url":"https:\/\/teslafm.net\/","name":"TeslaFM","description":"An experimental and creative radio","publisher":{"@id":"https:\/\/teslafm.net\/#organization"},"potentialAction":[{"@type":"SearchAction","target":{"@type":"EntryPoint","urlTemplate":"https:\/\/teslafm.net\/?s={search_term_string}"},"query-input":{"@type":"PropertyValueSpecification","valueRequired":true,"valueName":"search_term_string"}}],"inLanguage":"en-US"},{"@type":"Organization","@id":"https:\/\/teslafm.net\/#organization","name":"TeslaFM","url":"https:\/\/teslafm.net\/","logo":{"@type":"ImageObject","inLanguage":"en-US","@id":"https:\/\/teslafm.net\/#\/schema\/logo\/image\/","url":"https:\/\/teslafm.net\/wp-content\/uploads\/2020\/06\/logo-tesla.png","contentUrl":"https:\/\/teslafm.net\/wp-content\/uploads\/2020\/06\/logo-tesla.png","width":512,"height":512,"caption":"TeslaFM"},"image":{"@id":"https:\/\/teslafm.net\/#\/schema\/logo\/image\/"},"sameAs":["https:\/\/www.facebook.com\/teslafm.net","https:\/\/x.com\/teslafm"]}]}},"rttpg_featured_image_url":null,"rttpg_author":{"display_name":"Ishak","author_link":"https:\/\/teslafm.net\/en\/author\/cravan\/"},"rttpg_comment":0,"rttpg_category":null,"rttpg_excerpt":"MUSEO CONTEMPOR\u00c1NEO Texto: Dani Blue. Seg\u00fan la mitolog\u00eda griega\u00a0museo\u00a0(en lat\u00edn\u00a0musaeum) era la casa de las musas. Nueve deidades que seg\u00fan la f\u00e1bula habitaban en el Parnaso o en el Helic\u00f3n presididas por Apolo. Todas ellas eran hermanas que personificaban las artes y las ciencias. As\u00ed,\u00a0Cal\u00edope\u00a0lo era de la Poes\u00eda \u00c9pica,\u00a0Cl\u00edo\u00a0de la Historia,\u00a0Erato\u00a0de la Poes\u00eda L\u00edrica,\u00a0Euterpe\u00a0de&hellip;","_links":{"self":[{"href":"https:\/\/teslafm.net\/en\/wp-json\/wp\/v2\/pages\/2929","targetHints":{"allow":["GET"]}}],"collection":[{"href":"https:\/\/teslafm.net\/en\/wp-json\/wp\/v2\/pages"}],"about":[{"href":"https:\/\/teslafm.net\/en\/wp-json\/wp\/v2\/types\/page"}],"author":[{"embeddable":true,"href":"https:\/\/teslafm.net\/en\/wp-json\/wp\/v2\/users\/19"}],"replies":[{"embeddable":true,"href":"https:\/\/teslafm.net\/en\/wp-json\/wp\/v2\/comments?post=2929"}],"version-history":[{"count":22,"href":"https:\/\/teslafm.net\/en\/wp-json\/wp\/v2\/pages\/2929\/revisions"}],"predecessor-version":[{"id":61808,"href":"https:\/\/teslafm.net\/en\/wp-json\/wp\/v2\/pages\/2929\/revisions\/61808"}],"wp:attachment":[{"href":"https:\/\/teslafm.net\/en\/wp-json\/wp\/v2\/media?parent=2929"}],"curies":[{"name":"wp","href":"https:\/\/api.w.org\/{rel}","templated":true}]}}