

{"id":2968,"date":"2019-07-16T22:06:16","date_gmt":"2019-07-16T20:06:16","guid":{"rendered":"https:\/\/teslafm.net\/?page_id=2968"},"modified":"2023-06-08T12:20:53","modified_gmt":"2023-06-08T10:20:53","slug":"la-voix-humaine","status":"publish","type":"page","link":"https:\/\/teslafm.net\/en\/la-voix-humaine\/","title":{"rendered":"La Voix Humaine"},"content":{"rendered":"<div data-elementor-type=\"wp-page\" data-elementor-id=\"2968\" class=\"elementor elementor-2968\">\n\t\t\t\t\t\t<section class=\"elementor-section elementor-top-section elementor-element elementor-element-120638e elementor-section-boxed elementor-section-height-default elementor-section-height-default\" data-id=\"120638e\" data-element_type=\"section\" data-e-type=\"section\">\n\t\t\t\t\t\t<div class=\"elementor-container elementor-column-gap-default\">\n\t\t\t\t\t<div class=\"elementor-column elementor-col-100 elementor-top-column elementor-element elementor-element-263f835\" data-id=\"263f835\" data-element_type=\"column\" data-e-type=\"column\">\n\t\t\t<div class=\"elementor-widget-wrap elementor-element-populated\">\n\t\t\t\t\t\t<div class=\"elementor-element elementor-element-0634ac6 elementor-widget elementor-widget-heading\" data-id=\"0634ac6\" data-element_type=\"widget\" data-e-type=\"widget\" data-widget_type=\"heading.default\">\n\t\t\t\t<div class=\"elementor-widget-container\">\n\t\t\t\t\t<h2 class=\"elementor-heading-title elementor-size-default\">LA VOIX HUMAINE<\/h2>\t\t\t\t<\/div>\n\t\t\t\t<\/div>\n\t\t\t\t\t<\/div>\n\t\t<\/div>\n\t\t\t\t\t<\/div>\n\t\t<\/section>\n\t\t\t\t<section class=\"elementor-section elementor-top-section elementor-element elementor-element-514667bf elementor-section-boxed elementor-section-height-default elementor-section-height-default\" data-id=\"514667bf\" data-element_type=\"section\" data-e-type=\"section\">\n\t\t\t\t\t\t<div class=\"elementor-container elementor-column-gap-default\">\n\t\t\t\t\t<div class=\"elementor-column elementor-col-100 elementor-top-column elementor-element elementor-element-2f088fb3\" data-id=\"2f088fb3\" data-element_type=\"column\" data-e-type=\"column\">\n\t\t\t<div class=\"elementor-widget-wrap elementor-element-populated\">\n\t\t\t\t\t\t<div class=\"elementor-element elementor-element-fae4b31 elementor-widget elementor-widget-text-editor\" data-id=\"fae4b31\" data-element_type=\"widget\" data-e-type=\"widget\" data-widget_type=\"text-editor.default\">\n\t\t\t\t<div class=\"elementor-widget-container\">\n\t\t\t\t\t\t\t\t\t<p><span style=\"color: #808080;\">La Voix Humaine is a space dedicated to experimentation with the voice in different musical and artistic contexts. This block presents various ways of working with the voice, including sound poetry, choral works, lyrical song, voice in electroacoustic works and spoken word. Each of these forms of working with the voice has its own specific characteristics and techniques. At La Voix Humaine, we seek to explore the voice as a musical instrument and as a means of artistic expression.<\/span><\/p><p><span style=\"color: #808080;\">As in contemporary music, different aesthetic and philosophical currents can be found in La Voix Humaine. Each artist has his or her own vision and approach on how to use the voice as a means of expression. In the capsule you can find works ranging from vocal experimentation to traditional lyrical song. All of them have in common the use of the voice as the central element of the work.<\/span><\/p><p><span style=\"color: #808080;\">Sound poetry is a way of working with the voice in which the spoken word is used as a musical element. In this type of work, words become sounds and techniques such as repetition, superimposition and electronic manipulation are used to create complex sound textures. Sound poetry allows language to be explored in a different way, moving away from conventional linguistic structures and turning words into musical elements.<\/span><\/p><p><span style=\"color: #808080;\">Choral works are compositions for several voices that can range from Gregorian chant to contemporary music. In these works, different techniques of harmonization and counterpoint are used to create complex sound textures. The human voice becomes an instrument within the vocal ensemble, creating a unique sound experience.<\/span><\/p><p><span style=\"color: #808080;\">The lyrical song is a way of working with the voice that focuses on the interpretation of vocal works that require a high level of technique and expressiveness. In this type of work, the voice becomes the main means of expression, transmitting emotions and feelings through music. Lyrical song is an art form that has evolved over the centuries and continues to be a highly valued form of artistic expression today.<\/span><\/p><p><span style=\"color: #808080;\">The voice in electroacoustic works is a way of working with the voice that combines the human voice with technology. In this type of work, the voice is manipulated electronically, creating echoes, reverberation, distortion and other special effects. The voice becomes an element within the work, interacting with the electronic sounds to create a unique sound experience.<\/span><\/p><p><span style=\"color: #808080;\">Spoken word is a way of working with the voice that focuses on the spoken word as a means of artistic expression. In this type of work, the spoken word is used to convey ideas, thoughts and emotions. Spoken word can be combined with music and other sound effects to create a complete artistic experience.<\/span><\/p><p><span style=\"color: #808080;\">\u00a0<\/span><\/p><p><span style=\"color: #808080;\">Musical selection: <strong>Ishak Benavides<\/strong>.<\/span><\/p>\t\t\t\t\t\t\t\t<\/div>\n\t\t\t\t<\/div>\n\t\t\t\t\t<\/div>\n\t\t<\/div>\n\t\t\t\t\t<\/div>\n\t\t<\/section>\n\t\t\t\t<section class=\"elementor-section elementor-top-section elementor-element elementor-element-c84559b elementor-section-boxed elementor-section-height-default elementor-section-height-default\" data-id=\"c84559b\" data-element_type=\"section\" data-e-type=\"section\">\n\t\t\t\t\t\t<div class=\"elementor-container elementor-column-gap-default\">\n\t\t\t\t\t<div class=\"elementor-column elementor-col-100 elementor-top-column elementor-element elementor-element-e7a45d6\" data-id=\"e7a45d6\" data-element_type=\"column\" data-e-type=\"column\">\n\t\t\t<div class=\"elementor-widget-wrap\">\n\t\t\t\t\t\t\t<\/div>\n\t\t<\/div>\n\t\t\t\t\t<\/div>\n\t\t<\/section>\n\t\t\t\t<section class=\"elementor-section elementor-top-section elementor-element elementor-element-ecc8f4d elementor-section-boxed elementor-section-height-default elementor-section-height-default\" data-id=\"ecc8f4d\" data-element_type=\"section\" data-e-type=\"section\">\n\t\t\t\t\t\t<div class=\"elementor-container elementor-column-gap-default\">\n\t\t\t\t\t<div class=\"elementor-column elementor-col-100 elementor-top-column elementor-element elementor-element-d5bc159\" data-id=\"d5bc159\" data-element_type=\"column\" data-e-type=\"column\">\n\t\t\t<div class=\"elementor-widget-wrap elementor-element-populated\">\n\t\t\t\t\t\t<div class=\"elementor-element elementor-element-934a513 elementor-widget elementor-widget-text-editor\" data-id=\"934a513\" data-element_type=\"widget\" data-e-type=\"widget\" data-widget_type=\"text-editor.default\">\n\t\t\t\t<div class=\"elementor-widget-container\">\n\t\t\t\t\t\t\t\t\t<iframe src=\"https:\/\/www.mixcloud.com\/widget\/iframe\/?hide_cover=1&amp;feed=%2FTeslafm_net%2Fla-voix-humaine-1%2F\" width=\"100%\" height=\"120\" frameborder=\"0\"><\/iframe>\n\n<iframe src=\"https:\/\/www.mixcloud.com\/widget\/iframe\/?hide_cover=1&amp;feed=%2FTeslafm_net%2Fla-voix-humaine-2%2F\" width=\"100%\" height=\"120\" frameborder=\"0\"><\/iframe>\n\n<iframe src=\"https:\/\/www.mixcloud.com\/widget\/iframe\/?hide_cover=1&amp;feed=%2FTeslafm_net%2Fla-vix-humaine-3%2F\" width=\"100%\" height=\"120\" frameborder=\"0\"><\/iframe>\n\n<iframe src=\"https:\/\/www.mixcloud.com\/widget\/iframe\/?hide_cover=1&amp;feed=%2FTeslafm_net%2Fla-voix-humaine-4%2F\" width=\"100%\" height=\"120\" frameborder=\"0\"><\/iframe>\n\n<iframe src=\"https:\/\/www.mixcloud.com\/widget\/iframe\/?hide_cover=1&amp;feed=%2FTeslafm_net%2Fla-voix-humaine-5%2F\" width=\"100%\" height=\"120\" frameborder=\"0\"><\/iframe>\n\n<iframe src=\"https:\/\/www.mixcloud.com\/widget\/iframe\/?hide_cover=1&amp;feed=%2FTeslafm_net%2Fla-voix-humaine-6%2F\" width=\"100%\" height=\"120\" frameborder=\"0\"><\/iframe>\n\n<iframe src=\"https:\/\/www.mixcloud.com\/widget\/iframe\/?hide_cover=1&amp;feed=%2FTeslafm_net%2Fla-voix-humaine-7%2F\" width=\"100%\" height=\"120\" frameborder=\"0\"><\/iframe>\n\n<iframe src=\"https:\/\/www.mixcloud.com\/widget\/iframe\/?hide_cover=1&amp;feed=%2FTeslafm_net%2Fla-voix-humaine-8%2F\" width=\"100%\" height=\"120\" frameborder=\"0\"><\/iframe>\n\n<iframe width=\"100%\" height=\"120\" src=\"https:\/\/www.mixcloud.com\/widget\/iframe\/?hide_cover=1&#038;feed=%2FTeslafm_net%2Fla-voix-humaine-9%2F\" frameborder=\"0\" ><\/iframe>\n\n<iframe width=\"100%\" height=\"120\" src=\"https:\/\/www.mixcloud.com\/widget\/iframe\/?hide_cover=1&#038;feed=%2FTeslafm_net%2Fla-voix-humaine-10%2F\" frameborder=\"0\" ><\/iframe>\n\n<iframe width=\"100%\" height=\"120\" src=\"https:\/\/www.mixcloud.com\/widget\/iframe\/?hide_cover=1&#038;feed=%2FTeslafm_net%2Fla-voix-humaine-11%2F\" frameborder=\"0\" ><\/iframe>\n\n<iframe width=\"100%\" height=\"120\" src=\"https:\/\/www.mixcloud.com\/widget\/iframe\/?hide_cover=1&#038;feed=%2FTeslafm_net%2Fla-voix-humaine-12%2F\" frameborder=\"0\" ><\/iframe>\t\t\t\t\t\t\t\t<\/div>\n\t\t\t\t<\/div>\n\t\t\t\t\t<\/div>\n\t\t<\/div>\n\t\t\t\t\t<\/div>\n\t\t<\/section>\n\t\t\t\t<\/div>","protected":false},"excerpt":{"rendered":"<p>LA VOIX HUMAINE La Voix Humaine es un espacio dedicado a la experimentaci\u00f3n con la voz en diferentes contextos musicales y art\u00edsticos. En este bloque se presentan diversas formas de trabajar con la voz, incluyendo la poes\u00eda sonora, las obras corales, la canci\u00f3n l\u00edrica, la voz en obras electroac\u00fasticas y el spoken word. Cada una [&hellip;]<\/p>\n","protected":false},"author":19,"featured_media":0,"parent":0,"menu_order":0,"comment_status":"closed","ping_status":"closed","template":"","meta":{"footnotes":""},"class_list":["post-2968","page","type-page","status-publish","hentry"],"yoast_head":"<!-- This site is optimized with the Yoast SEO plugin v27.2 - https:\/\/yoast.com\/product\/yoast-seo-wordpress\/ -->\n<title>La Voix Humaine -<\/title>\n<meta name=\"robots\" content=\"index, follow, max-snippet:-1, max-image-preview:large, max-video-preview:-1\" \/>\n<link rel=\"canonical\" href=\"https:\/\/teslafm.net\/en\/la-voix-humaine\/\" \/>\n<meta property=\"og:locale\" content=\"en_US\" \/>\n<meta property=\"og:type\" content=\"article\" \/>\n<meta property=\"og:title\" content=\"La Voix Humaine -\" \/>\n<meta property=\"og:description\" content=\"LA VOIX HUMAINE La Voix Humaine es un espacio dedicado a la experimentaci\u00f3n con la voz en diferentes contextos musicales y art\u00edsticos. En este bloque se presentan diversas formas de trabajar con la voz, incluyendo la poes\u00eda sonora, las obras corales, la canci\u00f3n l\u00edrica, la voz en obras electroac\u00fasticas y el spoken word. Cada una [&hellip;]\" \/>\n<meta property=\"og:url\" content=\"https:\/\/teslafm.net\/en\/la-voix-humaine\/\" \/>\n<meta property=\"article:publisher\" content=\"https:\/\/www.facebook.com\/teslafm.net\" \/>\n<meta property=\"article:modified_time\" content=\"2023-06-08T10:20:53+00:00\" \/>\n<meta property=\"og:image\" content=\"https:\/\/teslafm.net\/wp-content\/uploads\/2022\/09\/header-image-4-temp.png\" \/>\n\t<meta property=\"og:image:width\" content=\"1274\" \/>\n\t<meta property=\"og:image:height\" content=\"818\" \/>\n\t<meta property=\"og:image:type\" content=\"image\/png\" \/>\n<meta name=\"twitter:card\" content=\"summary_large_image\" \/>\n<meta name=\"twitter:site\" content=\"@teslafm\" \/>\n<meta name=\"twitter:label1\" content=\"Est. reading time\" \/>\n\t<meta name=\"twitter:data1\" content=\"3 minutes\" \/>\n<script type=\"application\/ld+json\" class=\"yoast-schema-graph\">{\"@context\":\"https:\/\/schema.org\",\"@graph\":[{\"@type\":\"WebPage\",\"@id\":\"https:\/\/teslafm.net\/la-voix-humaine\/\",\"url\":\"https:\/\/teslafm.net\/la-voix-humaine\/\",\"name\":\"La Voix Humaine -\",\"isPartOf\":{\"@id\":\"https:\/\/teslafm.net\/#website\"},\"datePublished\":\"2019-07-16T20:06:16+00:00\",\"dateModified\":\"2023-06-08T10:20:53+00:00\",\"breadcrumb\":{\"@id\":\"https:\/\/teslafm.net\/la-voix-humaine\/#breadcrumb\"},\"inLanguage\":\"en-US\",\"potentialAction\":[{\"@type\":\"ReadAction\",\"target\":[\"https:\/\/teslafm.net\/la-voix-humaine\/\"]}]},{\"@type\":\"BreadcrumbList\",\"@id\":\"https:\/\/teslafm.net\/la-voix-humaine\/#breadcrumb\",\"itemListElement\":[{\"@type\":\"ListItem\",\"position\":1,\"name\":\"Portada\",\"item\":\"https:\/\/teslafm.net\/\"},{\"@type\":\"ListItem\",\"position\":2,\"name\":\"La Voix Humaine\"}]},{\"@type\":\"WebSite\",\"@id\":\"https:\/\/teslafm.net\/#website\",\"url\":\"https:\/\/teslafm.net\/\",\"name\":\"TeslaFM\",\"description\":\"An experimental and creative radio\",\"publisher\":{\"@id\":\"https:\/\/teslafm.net\/#organization\"},\"potentialAction\":[{\"@type\":\"SearchAction\",\"target\":{\"@type\":\"EntryPoint\",\"urlTemplate\":\"https:\/\/teslafm.net\/?s={search_term_string}\"},\"query-input\":{\"@type\":\"PropertyValueSpecification\",\"valueRequired\":true,\"valueName\":\"search_term_string\"}}],\"inLanguage\":\"en-US\"},{\"@type\":\"Organization\",\"@id\":\"https:\/\/teslafm.net\/#organization\",\"name\":\"TeslaFM\",\"url\":\"https:\/\/teslafm.net\/\",\"logo\":{\"@type\":\"ImageObject\",\"inLanguage\":\"en-US\",\"@id\":\"https:\/\/teslafm.net\/#\/schema\/logo\/image\/\",\"url\":\"https:\/\/teslafm.net\/wp-content\/uploads\/2020\/06\/logo-tesla.png\",\"contentUrl\":\"https:\/\/teslafm.net\/wp-content\/uploads\/2020\/06\/logo-tesla.png\",\"width\":512,\"height\":512,\"caption\":\"TeslaFM\"},\"image\":{\"@id\":\"https:\/\/teslafm.net\/#\/schema\/logo\/image\/\"},\"sameAs\":[\"https:\/\/www.facebook.com\/teslafm.net\",\"https:\/\/x.com\/teslafm\"]}]}<\/script>\n<!-- \/ Yoast SEO plugin. -->","yoast_head_json":{"title":"La Voix Humaine -","robots":{"index":"index","follow":"follow","max-snippet":"max-snippet:-1","max-image-preview":"max-image-preview:large","max-video-preview":"max-video-preview:-1"},"canonical":"https:\/\/teslafm.net\/en\/la-voix-humaine\/","og_locale":"en_US","og_type":"article","og_title":"La Voix Humaine -","og_description":"LA VOIX HUMAINE La Voix Humaine es un espacio dedicado a la experimentaci\u00f3n con la voz en diferentes contextos musicales y art\u00edsticos. En este bloque se presentan diversas formas de trabajar con la voz, incluyendo la poes\u00eda sonora, las obras corales, la canci\u00f3n l\u00edrica, la voz en obras electroac\u00fasticas y el spoken word. Cada una [&hellip;]","og_url":"https:\/\/teslafm.net\/en\/la-voix-humaine\/","article_publisher":"https:\/\/www.facebook.com\/teslafm.net","article_modified_time":"2023-06-08T10:20:53+00:00","og_image":[{"width":1274,"height":818,"url":"https:\/\/teslafm.net\/wp-content\/uploads\/2022\/09\/header-image-4-temp.png","type":"image\/png"}],"twitter_card":"summary_large_image","twitter_site":"@teslafm","twitter_misc":{"Est. reading time":"3 minutes"},"schema":{"@context":"https:\/\/schema.org","@graph":[{"@type":"WebPage","@id":"https:\/\/teslafm.net\/la-voix-humaine\/","url":"https:\/\/teslafm.net\/la-voix-humaine\/","name":"La Voix Humaine -","isPartOf":{"@id":"https:\/\/teslafm.net\/#website"},"datePublished":"2019-07-16T20:06:16+00:00","dateModified":"2023-06-08T10:20:53+00:00","breadcrumb":{"@id":"https:\/\/teslafm.net\/la-voix-humaine\/#breadcrumb"},"inLanguage":"en-US","potentialAction":[{"@type":"ReadAction","target":["https:\/\/teslafm.net\/la-voix-humaine\/"]}]},{"@type":"BreadcrumbList","@id":"https:\/\/teslafm.net\/la-voix-humaine\/#breadcrumb","itemListElement":[{"@type":"ListItem","position":1,"name":"Portada","item":"https:\/\/teslafm.net\/"},{"@type":"ListItem","position":2,"name":"La Voix Humaine"}]},{"@type":"WebSite","@id":"https:\/\/teslafm.net\/#website","url":"https:\/\/teslafm.net\/","name":"TeslaFM","description":"An experimental and creative radio","publisher":{"@id":"https:\/\/teslafm.net\/#organization"},"potentialAction":[{"@type":"SearchAction","target":{"@type":"EntryPoint","urlTemplate":"https:\/\/teslafm.net\/?s={search_term_string}"},"query-input":{"@type":"PropertyValueSpecification","valueRequired":true,"valueName":"search_term_string"}}],"inLanguage":"en-US"},{"@type":"Organization","@id":"https:\/\/teslafm.net\/#organization","name":"TeslaFM","url":"https:\/\/teslafm.net\/","logo":{"@type":"ImageObject","inLanguage":"en-US","@id":"https:\/\/teslafm.net\/#\/schema\/logo\/image\/","url":"https:\/\/teslafm.net\/wp-content\/uploads\/2020\/06\/logo-tesla.png","contentUrl":"https:\/\/teslafm.net\/wp-content\/uploads\/2020\/06\/logo-tesla.png","width":512,"height":512,"caption":"TeslaFM"},"image":{"@id":"https:\/\/teslafm.net\/#\/schema\/logo\/image\/"},"sameAs":["https:\/\/www.facebook.com\/teslafm.net","https:\/\/x.com\/teslafm"]}]}},"rttpg_featured_image_url":null,"rttpg_author":{"display_name":"Ishak","author_link":"https:\/\/teslafm.net\/en\/author\/cravan\/"},"rttpg_comment":0,"rttpg_category":null,"rttpg_excerpt":"LA VOIX HUMAINE La Voix Humaine es un espacio dedicado a la experimentaci\u00f3n con la voz en diferentes contextos musicales y art\u00edsticos. En este bloque se presentan diversas formas de trabajar con la voz, incluyendo la poes\u00eda sonora, las obras corales, la canci\u00f3n l\u00edrica, la voz en obras electroac\u00fasticas y el spoken word. Cada una&hellip;","_links":{"self":[{"href":"https:\/\/teslafm.net\/en\/wp-json\/wp\/v2\/pages\/2968","targetHints":{"allow":["GET"]}}],"collection":[{"href":"https:\/\/teslafm.net\/en\/wp-json\/wp\/v2\/pages"}],"about":[{"href":"https:\/\/teslafm.net\/en\/wp-json\/wp\/v2\/types\/page"}],"author":[{"embeddable":true,"href":"https:\/\/teslafm.net\/en\/wp-json\/wp\/v2\/users\/19"}],"replies":[{"embeddable":true,"href":"https:\/\/teslafm.net\/en\/wp-json\/wp\/v2\/comments?post=2968"}],"version-history":[{"count":20,"href":"https:\/\/teslafm.net\/en\/wp-json\/wp\/v2\/pages\/2968\/revisions"}],"predecessor-version":[{"id":62694,"href":"https:\/\/teslafm.net\/en\/wp-json\/wp\/v2\/pages\/2968\/revisions\/62694"}],"wp:attachment":[{"href":"https:\/\/teslafm.net\/en\/wp-json\/wp\/v2\/media?parent=2968"}],"curies":[{"name":"wp","href":"https:\/\/api.w.org\/{rel}","templated":true}]}}