

{"id":3117,"date":"2019-08-20T15:33:56","date_gmt":"2019-08-20T13:33:56","guid":{"rendered":"https:\/\/teslafm.net\/?page_id=3117"},"modified":"2024-07-11T16:26:02","modified_gmt":"2024-07-11T14:26:02","slug":"a-coup-de-jazz","status":"publish","type":"page","link":"https:\/\/teslafm.net\/en\/a-coup-de-jazz\/","title":{"rendered":"\u00c0 Coup de Jazz"},"content":{"rendered":"<div data-elementor-type=\"wp-page\" data-elementor-id=\"3117\" class=\"elementor elementor-3117\">\n\t\t\t\t\t\t<section class=\"elementor-section elementor-top-section elementor-element elementor-element-d886f97 elementor-section-boxed elementor-section-height-default elementor-section-height-default\" data-id=\"d886f97\" data-element_type=\"section\" data-e-type=\"section\">\n\t\t\t\t\t\t<div class=\"elementor-container elementor-column-gap-default\">\n\t\t\t\t\t<div class=\"elementor-column elementor-col-100 elementor-top-column elementor-element elementor-element-eb325cd\" data-id=\"eb325cd\" data-element_type=\"column\" data-e-type=\"column\">\n\t\t\t<div class=\"elementor-widget-wrap elementor-element-populated\">\n\t\t\t\t\t\t<div class=\"elementor-element elementor-element-72cb3a8 elementor-widget elementor-widget-heading\" data-id=\"72cb3a8\" data-element_type=\"widget\" data-e-type=\"widget\" data-widget_type=\"heading.default\">\n\t\t\t\t<div class=\"elementor-widget-container\">\n\t\t\t\t\t<h2 class=\"elementor-heading-title elementor-size-default\">\u00c0 COUP DE JAZZ<\/h2>\t\t\t\t<\/div>\n\t\t\t\t<\/div>\n\t\t\t\t\t<\/div>\n\t\t<\/div>\n\t\t\t\t\t<\/div>\n\t\t<\/section>\n\t\t\t\t<section class=\"elementor-section elementor-top-section elementor-element elementor-element-ff68d46 elementor-section-boxed elementor-section-height-default elementor-section-height-default\" data-id=\"ff68d46\" data-element_type=\"section\" data-e-type=\"section\">\n\t\t\t\t\t\t<div class=\"elementor-container elementor-column-gap-default\">\n\t\t\t\t\t<div class=\"elementor-column elementor-col-100 elementor-top-column elementor-element elementor-element-3a0f305\" data-id=\"3a0f305\" data-element_type=\"column\" data-e-type=\"column\">\n\t\t\t<div class=\"elementor-widget-wrap elementor-element-populated\">\n\t\t\t\t\t\t<div class=\"elementor-element elementor-element-593ead3 elementor-widget elementor-widget-spacer\" data-id=\"593ead3\" data-element_type=\"widget\" data-e-type=\"widget\" data-widget_type=\"spacer.default\">\n\t\t\t\t<div class=\"elementor-widget-container\">\n\t\t\t\t\t\t\t<div class=\"elementor-spacer\">\n\t\t\t<div class=\"elementor-spacer-inner\"><\/div>\n\t\t<\/div>\n\t\t\t\t\t\t<\/div>\n\t\t\t\t<\/div>\n\t\t\t\t\t<\/div>\n\t\t<\/div>\n\t\t\t\t\t<\/div>\n\t\t<\/section>\n\t\t\t\t<section class=\"elementor-section elementor-top-section elementor-element elementor-element-4322772 elementor-section-boxed elementor-section-height-default elementor-section-height-default\" data-id=\"4322772\" data-element_type=\"section\" data-e-type=\"section\">\n\t\t\t\t\t\t<div class=\"elementor-container elementor-column-gap-default\">\n\t\t\t\t\t<div class=\"elementor-column elementor-col-100 elementor-top-column elementor-element elementor-element-6a0987b\" data-id=\"6a0987b\" data-element_type=\"column\" data-e-type=\"column\">\n\t\t\t<div class=\"elementor-widget-wrap elementor-element-populated\">\n\t\t\t\t\t\t<div class=\"elementor-element elementor-element-4cce08c elementor-widget elementor-widget-text-editor\" data-id=\"4cce08c\" data-element_type=\"widget\" data-e-type=\"widget\" data-widget_type=\"text-editor.default\">\n\t\t\t\t<div class=\"elementor-widget-container\">\n\t\t\t\t\t\t\t\t\t<p><span style=\"color: #808080;\">Jazz is a musical genre that originated in the United States in the late 19th century, and is characterized by its improvisation, its rhythmic and harmonic complexity, and its ability to fuse elements of different cultures and musical styles. The \u00c0 Coup de Jazz block focuses on three subgenres of jazz that emerged in the 20th century: spiritual jazz, avant-garde jazz and free jazz. These styles are characterized by their experimentalism, their social and political commitment, and their search for new forms of musical expression.<\/span><\/p><p><span style=\"color: #808080;\">Spiritual jazz is a subgenre of jazz that emerged in the 1950s and is characterized by its fusion of jazz elements with gospel and spiritual music. This style developed in the African-American community and became a form of political and spiritual expression for jazz musicians. Spiritual jazz focuses on themes such as freedom, social justice and spirituality, and uses improvisation and experimentation to create music that seeks to transcend the limitations of the material world. An example of a spiritual jazz artist is <strong>John Coltrane<\/strong>who became a benchmark of the genre with his album <em>A Love Supreme<\/em>.<\/span><\/p><p><span style=\"color: #808080;\">Avant-garde jazz is a subgenre of jazz that emerged in the 1960s and is characterized by its experimentation and rejection of the conventions of traditional jazz. This style focuses on creative freedom and the exploration of new forms of musical expression. Avant-garde jazz draws inspiration from contemporary classical music, free jazz and avant-garde music, and uses techniques such as free improvisation, aleatoric music and electroacoustic music to create music that challenges the listener's expectations. An example of an avant-garde jazz artist is. <strong>Ornette Coleman<\/strong>who became a benchmark of the genre with his album <em>The Shape of Jazz to Come<\/em>.<\/span><\/p><p><span style=\"color: #808080;\">Free jazz is a subgenre of jazz that emerged in the 1960s and is characterized by its free improvisation and its rejection of the rhythmic and harmonic structures of traditional jazz. This style focuses on creative freedom and the exploration of new forms of musical expression, and uses techniques such as collective improvisation, aleatoric music and electroacoustic music to create music that seeks transcendence and liberation for the listener. Free jazz draws inspiration from contemporary classical music, avant-garde jazz and avant-garde music, and uses techniques such as dissonance, atonality and polyrhythm to create music that challenges the listener's expectations. An example of a free jazz artist is <strong>Albert Ayler<\/strong>who became a benchmark of the genre with his album <em>Spiritual Unity<\/em>.<\/span><\/p><p><span style=\"color: #808080;\">In conclusion, the \u00c0 Coup of Jazz capsule focuses on three subgenres of jazz that emerged in the 20th century: spiritual jazz, avant-garde jazz and free jazz. These styles are characterized by their experimentalism, their social and political commitment, and their search for new forms of musical expression. Each of these subgenres has its own characteristics and references, and each has left an important mark on the history of jazz and musical culture in general. In listening to these jazz subgenres, the listener is immersed in a world of creative freedom, musical exploration, and social and political engagement that offers a unique and enriching perspective on contemporary music and culture.<\/span><\/p><p>\u00a0<\/p><p><span style=\"color: #808080;\">Music selection blocks 1, 2, 3, 4, 4, 5, 6, 7, 8, 9, 10, 11 and 12: <b>Ishak Benavides<\/b>.<\/span><\/p><p><span style=\"color: #808080;\">Music selection blocks 13, 14, 15 and 16: <strong>The Brave Sleep Alone<\/strong>.<\/span><\/p>\t\t\t\t\t\t\t\t<\/div>\n\t\t\t\t<\/div>\n\t\t\t\t\t<\/div>\n\t\t<\/div>\n\t\t\t\t\t<\/div>\n\t\t<\/section>\n\t\t\t\t<section class=\"elementor-section elementor-top-section elementor-element elementor-element-c1f7d36 elementor-section-boxed elementor-section-height-default elementor-section-height-default\" data-id=\"c1f7d36\" data-element_type=\"section\" data-e-type=\"section\">\n\t\t\t\t\t\t<div class=\"elementor-container elementor-column-gap-default\">\n\t\t\t\t\t<div class=\"elementor-column elementor-col-33 elementor-top-column elementor-element elementor-element-e964010\" data-id=\"e964010\" data-element_type=\"column\" data-e-type=\"column\">\n\t\t\t<div class=\"elementor-widget-wrap elementor-element-populated\">\n\t\t\t\t\t\t<div class=\"elementor-element elementor-element-d83c463 elementor-widget elementor-widget-image\" data-id=\"d83c463\" data-element_type=\"widget\" data-e-type=\"widget\" data-widget_type=\"image.default\">\n\t\t\t\t<div class=\"elementor-widget-container\">\n\t\t\t\t\t\t\t\t\t\t\t\t\t\t\t<img fetchpriority=\"high\" decoding=\"async\" width=\"300\" height=\"300\" src=\"https:\/\/teslafm.net\/wp-content\/uploads\/2021\/04\/davidvalera-300x300.jpg\" class=\"attachment-medium size-medium wp-image-57727\" alt=\"\" srcset=\"https:\/\/teslafm.net\/wp-content\/uploads\/2021\/04\/davidvalera-300x300.jpg 300w, https:\/\/teslafm.net\/wp-content\/uploads\/2021\/04\/davidvalera-1024x1024.jpg 1024w, https:\/\/teslafm.net\/wp-content\/uploads\/2021\/04\/davidvalera-150x150.jpg 150w, https:\/\/teslafm.net\/wp-content\/uploads\/2021\/04\/davidvalera-768x768.jpg 768w, https:\/\/teslafm.net\/wp-content\/uploads\/2021\/04\/davidvalera.jpg 1080w\" sizes=\"(max-width: 300px) 100vw, 300px\" \/>\t\t\t\t\t\t\t\t\t\t\t\t\t\t\t<\/div>\n\t\t\t\t<\/div>\n\t\t\t\t\t<\/div>\n\t\t<\/div>\n\t\t\t\t<div class=\"elementor-column elementor-col-33 elementor-top-column elementor-element elementor-element-9c139b7\" data-id=\"9c139b7\" data-element_type=\"column\" data-e-type=\"column\" data-settings=\"{&quot;background_background&quot;:&quot;classic&quot;}\">\n\t\t\t<div class=\"elementor-widget-wrap elementor-element-populated\">\n\t\t\t\t\t\t<div class=\"elementor-element elementor-element-db1ea14 elementor-widget elementor-widget-heading\" data-id=\"db1ea14\" data-element_type=\"widget\" data-e-type=\"widget\" data-widget_type=\"heading.default\">\n\t\t\t\t<div class=\"elementor-widget-container\">\n\t\t\t\t\t<h2 class=\"elementor-heading-title elementor-size-default\">THE BRAVE SLEEP ALONE<\/h2>\t\t\t\t<\/div>\n\t\t\t\t<\/div>\n\t\t\t\t<div class=\"elementor-element elementor-element-0077344 elementor-widget elementor-widget-text-editor\" data-id=\"0077344\" data-element_type=\"widget\" data-e-type=\"widget\" data-widget_type=\"text-editor.default\">\n\t\t\t\t<div class=\"elementor-widget-container\">\n\t\t\t\t\t\t\t\t\t<div class=\"elementor-element elementor-element-e8e798a elementor-widget elementor-widget-text-editor\" data-id=\"e8e798a\" data-element_type=\"widget\" data-widget_type=\"text-editor.default\"><div class=\"elementor-widget-container\"><div class=\"elementor-text-editor elementor-clearfix\"><p>He is part of the A Team of the Felguera editorial magazine, <a href=\"http:\/\/www.agenteprovocador.es\/\" target=\"_blank\" rel=\"noopener\"><b>Agent Provocateur<\/b><\/a>. He directs the edition of <a href=\"https:\/\/www.ajoblanco.org\" target=\"_blank\" rel=\"noopener\"><b>Ajoblanco Notebooks<\/b><\/a> (revision of originals from the first period of the libertarian magazine Ajoblanco). He collaborates in the history portal,\u00a0<a href=\"https:\/\/serhistorico.net\/\" target=\"_blank\" rel=\"noopener\"><b>Being Historical<\/b><\/a>. He has collaborated for years as an illustrator in <a href=\"https:\/\/www.ubiquityrecords.com\/shop\/products\/CLUTCHY-HOPKINS-%252d-THE-STORY-TELLER-%28MP3%29.html\" target=\"_blank\" rel=\"noopener\"><b>Ubiquity Records<\/b> <\/a>and columnist in <a href=\"https:\/\/www.enlacefunk.com\/\" target=\"_blank\" rel=\"noopener\"><b>Funk Link<\/b><\/a> and\u00a0<b>Series B Magazine<\/b>. Founder of the collective <a href=\"http:\/\/www.upperegyptseries.com\/\" target=\"_blank\" rel=\"noopener\"><b>Upper Egypt Series<\/b> <\/a>and <b>Quaderns el serrucho<\/b>.<\/p><\/div><\/div><\/div>\t\t\t\t\t\t\t\t<\/div>\n\t\t\t\t<\/div>\n\t\t\t\t\t<\/div>\n\t\t<\/div>\n\t\t\t\t<div class=\"elementor-column elementor-col-33 elementor-top-column elementor-element elementor-element-8104f34\" data-id=\"8104f34\" data-element_type=\"column\" data-e-type=\"column\" data-settings=\"{&quot;background_background&quot;:&quot;classic&quot;}\">\n\t\t\t<div class=\"elementor-widget-wrap elementor-element-populated\">\n\t\t\t\t\t\t<div class=\"elementor-element elementor-element-5cda22e elementor-widget elementor-widget-heading\" data-id=\"5cda22e\" data-element_type=\"widget\" data-e-type=\"widget\" data-widget_type=\"heading.default\">\n\t\t\t\t<div class=\"elementor-widget-container\">\n\t\t\t\t\t<h2 class=\"elementor-heading-title elementor-size-default\">\u00c0 COUP DE JAZZ<\/h2>\t\t\t\t<\/div>\n\t\t\t\t<\/div>\n\t\t\t\t\t<\/div>\n\t\t<\/div>\n\t\t\t\t\t<\/div>\n\t\t<\/section>\n\t\t\t\t<section class=\"elementor-section elementor-top-section elementor-element elementor-element-414b453 elementor-section-boxed elementor-section-height-default elementor-section-height-default\" data-id=\"414b453\" data-element_type=\"section\" data-e-type=\"section\">\n\t\t\t\t\t\t<div class=\"elementor-container elementor-column-gap-default\">\n\t\t\t\t\t<div class=\"elementor-column elementor-col-100 elementor-top-column elementor-element elementor-element-926ad82\" data-id=\"926ad82\" data-element_type=\"column\" data-e-type=\"column\">\n\t\t\t<div class=\"elementor-widget-wrap elementor-element-populated\">\n\t\t\t\t\t\t<div class=\"elementor-element elementor-element-ef574bc elementor-widget elementor-widget-spacer\" data-id=\"ef574bc\" data-element_type=\"widget\" data-e-type=\"widget\" data-widget_type=\"spacer.default\">\n\t\t\t\t<div class=\"elementor-widget-container\">\n\t\t\t\t\t\t\t<div class=\"elementor-spacer\">\n\t\t\t<div class=\"elementor-spacer-inner\"><\/div>\n\t\t<\/div>\n\t\t\t\t\t\t<\/div>\n\t\t\t\t<\/div>\n\t\t\t\t\t<\/div>\n\t\t<\/div>\n\t\t\t\t\t<\/div>\n\t\t<\/section>\n\t\t\t\t<section class=\"elementor-section elementor-top-section elementor-element elementor-element-7b6ce603 elementor-section-boxed elementor-section-height-default elementor-section-height-default\" data-id=\"7b6ce603\" data-element_type=\"section\" data-e-type=\"section\">\n\t\t\t\t\t\t<div class=\"elementor-container elementor-column-gap-default\">\n\t\t\t\t\t<div class=\"elementor-column elementor-col-100 elementor-top-column elementor-element elementor-element-65374470\" data-id=\"65374470\" data-element_type=\"column\" data-e-type=\"column\">\n\t\t\t<div class=\"elementor-widget-wrap elementor-element-populated\">\n\t\t\t\t\t\t<div class=\"elementor-element elementor-element-23744c01 elementor-widget elementor-widget-text-editor\" data-id=\"23744c01\" data-element_type=\"widget\" data-e-type=\"widget\" data-widget_type=\"text-editor.default\">\n\t\t\t\t<div class=\"elementor-widget-container\">\n\t\t\t\t\t\t\t\t\t<div><iframe style=\"color: #797979; letter-spacing: 0px;\" src=\"https:\/\/www.mixcloud.com\/widget\/iframe\/?hide_cover=1&amp;feed=%2FTeslafm_net%2F%C3%A0-coup-de-jazz-1%2F\" width=\"100%\" height=\"120\" frameborder=\"0\"><\/iframe><\/div>\n<iframe src=\"https:\/\/www.mixcloud.com\/widget\/iframe\/?hide_cover=1&amp;feed=%2FTeslafm_net%2F%C3%A0-coup-de-jazz-2%2F\" width=\"100%\" height=\"120\" frameborder=\"0\"><\/iframe>\n\n<iframe src=\"https:\/\/www.mixcloud.com\/widget\/iframe\/?hide_cover=1&amp;feed=%2FTeslafm_net%2F%C3%A0-coup-de-jazz-3%2F\" width=\"100%\" height=\"120\" frameborder=\"0\"><\/iframe>\n\n<iframe src=\"https:\/\/www.mixcloud.com\/widget\/iframe\/?hide_cover=1&amp;feed=%2FTeslafm_net%2F%C3%A0-coup-de-jazz-4%2F\" width=\"100%\" height=\"120\" frameborder=\"0\"><\/iframe>\n\n<iframe src=\"https:\/\/www.mixcloud.com\/widget\/iframe\/?hide_cover=1&amp;feed=%2FTeslafm_net%2F%C3%A0-coup-de-jazz-6%2F\" width=\"100%\" height=\"120\" frameborder=\"0\"><\/iframe>\n\n<iframe src=\"https:\/\/www.mixcloud.com\/widget\/iframe\/?hide_cover=1&amp;feed=%2FTeslafm_net%2F%C3%A0-coup-de-jazz-7%2F\" width=\"100%\" height=\"120\" frameborder=\"0\"><\/iframe>\n\n<iframe src=\"https:\/\/www.mixcloud.com\/widget\/iframe\/?hide_cover=1&amp;feed=%2FTeslafm_net%2F%C3%A0-coup-de-jazz-9%2F\" width=\"100%\" height=\"120\" frameborder=\"0\"><\/iframe>\n\n<iframe src=\"https:\/\/www.mixcloud.com\/widget\/iframe\/?hide_cover=1&amp;feed=%2FTeslafm_net%2F%C3%A0-coup-de-jazz-10%2F\" width=\"100%\" height=\"120\" frameborder=\"0\"><\/iframe>\n\n<iframe src=\"https:\/\/www.mixcloud.com\/widget\/iframe\/?hide_cover=1&amp;feed=%2FTeslafm_net%2F%C3%A0-coup-de-jazz-11%2F\" width=\"100%\" height=\"120\" frameborder=\"0\"><\/iframe>\n\n<iframe src=\"https:\/\/www.mixcloud.com\/widget\/iframe\/?hide_cover=1&amp;feed=%2FTeslafm_net%2F%C3%A0-coup-de-jazz-12%2F\" width=\"100%\" height=\"120\" frameborder=\"0\"><\/iframe>\n\n<iframe width=\"100%\" height=\"120\" src=\"https:\/\/player-widget.mixcloud.com\/widget\/iframe\/?hide_cover=1&#038;feed=%2FTeslafm_net%2F%C3%A0-coup-de-jazz-13-by-david-valera%2F\" frameborder=\"0\" ><\/iframe>\n\n<iframe width=\"100%\" height=\"120\" src=\"https:\/\/player-widget.mixcloud.com\/widget\/iframe\/?hide_cover=1&#038;feed=%2FTeslafm_net%2F%C3%A0-coup-de-jazz-14-by-david-valera%2F\" frameborder=\"0\" ><\/iframe>\n\n<iframe width=\"100%\" height=\"120\" src=\"https:\/\/player-widget.mixcloud.com\/widget\/iframe\/?hide_cover=1&#038;feed=%2FTeslafm_net%2F%C3%A0-coup-de-jazz-15-by-david-valera%2F\" frameborder=\"0\" ><\/iframe>\n\n<iframe width=\"100%\" height=\"120\" src=\"https:\/\/player-widget.mixcloud.com\/widget\/iframe\/?hide_cover=1&#038;feed=%2FTeslafm_net%2F%C3%A0-coup-de-jazz-16-by-david-valera%2F\" frameborder=\"0\" ><\/iframe>\t\t\t\t\t\t\t\t<\/div>\n\t\t\t\t<\/div>\n\t\t\t\t\t<\/div>\n\t\t<\/div>\n\t\t\t\t\t<\/div>\n\t\t<\/section>\n\t\t\t\t<\/div>","protected":false},"excerpt":{"rendered":"<p>\u00c0 COUP DE JAZZ El jazz es un g\u00e9nero musical que se origin\u00f3 en los Estados Unidos a finales del siglo XIX, y se caracteriza por su improvisaci\u00f3n, su complejidad r\u00edtmica y arm\u00f3nica, y su capacidad de fusionar elementos de diferentes culturas y estilos musicales. El bloque \u00c0 Coup de Jazz se enfoca en tres [&hellip;]<\/p>\n","protected":false},"author":19,"featured_media":0,"parent":0,"menu_order":0,"comment_status":"closed","ping_status":"closed","template":"","meta":{"footnotes":""},"class_list":["post-3117","page","type-page","status-publish","hentry"],"yoast_head":"<!-- This site is optimized with the Yoast SEO plugin v27.2 - https:\/\/yoast.com\/product\/yoast-seo-wordpress\/ -->\n<title>\u00c0 Coup de Jazz -<\/title>\n<meta name=\"robots\" content=\"index, follow, max-snippet:-1, max-image-preview:large, max-video-preview:-1\" \/>\n<link rel=\"canonical\" href=\"https:\/\/teslafm.net\/en\/a-coup-de-jazz\/\" \/>\n<meta property=\"og:locale\" content=\"en_US\" \/>\n<meta property=\"og:type\" content=\"article\" \/>\n<meta property=\"og:title\" content=\"\u00c0 Coup de Jazz -\" \/>\n<meta property=\"og:description\" content=\"\u00c0 COUP DE JAZZ El jazz es un g\u00e9nero musical que se origin\u00f3 en los Estados Unidos a finales del siglo XIX, y se caracteriza por su improvisaci\u00f3n, su complejidad r\u00edtmica y arm\u00f3nica, y su capacidad de fusionar elementos de diferentes culturas y estilos musicales. El bloque \u00c0 Coup de Jazz se enfoca en tres [&hellip;]\" \/>\n<meta property=\"og:url\" content=\"https:\/\/teslafm.net\/en\/a-coup-de-jazz\/\" \/>\n<meta property=\"article:publisher\" content=\"https:\/\/www.facebook.com\/teslafm.net\" \/>\n<meta property=\"article:modified_time\" content=\"2024-07-11T14:26:02+00:00\" \/>\n<meta property=\"og:image\" content=\"https:\/\/teslafm.net\/wp-content\/uploads\/2021\/04\/davidvalera-300x300.jpg\" \/>\n<meta name=\"twitter:card\" content=\"summary_large_image\" \/>\n<meta name=\"twitter:site\" content=\"@teslafm\" \/>\n<meta name=\"twitter:label1\" content=\"Est. reading time\" \/>\n\t<meta name=\"twitter:data1\" content=\"4 minutes\" \/>\n<script type=\"application\/ld+json\" class=\"yoast-schema-graph\">{\"@context\":\"https:\/\/schema.org\",\"@graph\":[{\"@type\":\"WebPage\",\"@id\":\"https:\/\/teslafm.net\/a-coup-de-jazz\/\",\"url\":\"https:\/\/teslafm.net\/a-coup-de-jazz\/\",\"name\":\"\u00c0 Coup de Jazz -\",\"isPartOf\":{\"@id\":\"https:\/\/teslafm.net\/#website\"},\"primaryImageOfPage\":{\"@id\":\"https:\/\/teslafm.net\/a-coup-de-jazz\/#primaryimage\"},\"image\":{\"@id\":\"https:\/\/teslafm.net\/a-coup-de-jazz\/#primaryimage\"},\"thumbnailUrl\":\"https:\/\/teslafm.net\/wp-content\/uploads\/2021\/04\/davidvalera-300x300.jpg\",\"datePublished\":\"2019-08-20T13:33:56+00:00\",\"dateModified\":\"2024-07-11T14:26:02+00:00\",\"breadcrumb\":{\"@id\":\"https:\/\/teslafm.net\/a-coup-de-jazz\/#breadcrumb\"},\"inLanguage\":\"en-US\",\"potentialAction\":[{\"@type\":\"ReadAction\",\"target\":[\"https:\/\/teslafm.net\/a-coup-de-jazz\/\"]}]},{\"@type\":\"ImageObject\",\"inLanguage\":\"en-US\",\"@id\":\"https:\/\/teslafm.net\/a-coup-de-jazz\/#primaryimage\",\"url\":\"https:\/\/teslafm.net\/wp-content\/uploads\/2021\/04\/davidvalera-300x300.jpg\",\"contentUrl\":\"https:\/\/teslafm.net\/wp-content\/uploads\/2021\/04\/davidvalera-300x300.jpg\"},{\"@type\":\"BreadcrumbList\",\"@id\":\"https:\/\/teslafm.net\/a-coup-de-jazz\/#breadcrumb\",\"itemListElement\":[{\"@type\":\"ListItem\",\"position\":1,\"name\":\"Portada\",\"item\":\"https:\/\/teslafm.net\/\"},{\"@type\":\"ListItem\",\"position\":2,\"name\":\"\u00c0 Coup de Jazz\"}]},{\"@type\":\"WebSite\",\"@id\":\"https:\/\/teslafm.net\/#website\",\"url\":\"https:\/\/teslafm.net\/\",\"name\":\"TeslaFM\",\"description\":\"An experimental and creative radio\",\"publisher\":{\"@id\":\"https:\/\/teslafm.net\/#organization\"},\"potentialAction\":[{\"@type\":\"SearchAction\",\"target\":{\"@type\":\"EntryPoint\",\"urlTemplate\":\"https:\/\/teslafm.net\/?s={search_term_string}\"},\"query-input\":{\"@type\":\"PropertyValueSpecification\",\"valueRequired\":true,\"valueName\":\"search_term_string\"}}],\"inLanguage\":\"en-US\"},{\"@type\":\"Organization\",\"@id\":\"https:\/\/teslafm.net\/#organization\",\"name\":\"TeslaFM\",\"url\":\"https:\/\/teslafm.net\/\",\"logo\":{\"@type\":\"ImageObject\",\"inLanguage\":\"en-US\",\"@id\":\"https:\/\/teslafm.net\/#\/schema\/logo\/image\/\",\"url\":\"https:\/\/teslafm.net\/wp-content\/uploads\/2020\/06\/logo-tesla.png\",\"contentUrl\":\"https:\/\/teslafm.net\/wp-content\/uploads\/2020\/06\/logo-tesla.png\",\"width\":512,\"height\":512,\"caption\":\"TeslaFM\"},\"image\":{\"@id\":\"https:\/\/teslafm.net\/#\/schema\/logo\/image\/\"},\"sameAs\":[\"https:\/\/www.facebook.com\/teslafm.net\",\"https:\/\/x.com\/teslafm\"]}]}<\/script>\n<!-- \/ Yoast SEO plugin. -->","yoast_head_json":{"title":"\u00c0 Coup de Jazz -","robots":{"index":"index","follow":"follow","max-snippet":"max-snippet:-1","max-image-preview":"max-image-preview:large","max-video-preview":"max-video-preview:-1"},"canonical":"https:\/\/teslafm.net\/en\/a-coup-de-jazz\/","og_locale":"en_US","og_type":"article","og_title":"\u00c0 Coup de Jazz -","og_description":"\u00c0 COUP DE JAZZ El jazz es un g\u00e9nero musical que se origin\u00f3 en los Estados Unidos a finales del siglo XIX, y se caracteriza por su improvisaci\u00f3n, su complejidad r\u00edtmica y arm\u00f3nica, y su capacidad de fusionar elementos de diferentes culturas y estilos musicales. El bloque \u00c0 Coup de Jazz se enfoca en tres [&hellip;]","og_url":"https:\/\/teslafm.net\/en\/a-coup-de-jazz\/","article_publisher":"https:\/\/www.facebook.com\/teslafm.net","article_modified_time":"2024-07-11T14:26:02+00:00","og_image":[{"url":"https:\/\/teslafm.net\/wp-content\/uploads\/2021\/04\/davidvalera-300x300.jpg","type":"","width":"","height":""}],"twitter_card":"summary_large_image","twitter_site":"@teslafm","twitter_misc":{"Est. reading time":"4 minutes"},"schema":{"@context":"https:\/\/schema.org","@graph":[{"@type":"WebPage","@id":"https:\/\/teslafm.net\/a-coup-de-jazz\/","url":"https:\/\/teslafm.net\/a-coup-de-jazz\/","name":"\u00c0 Coup de Jazz -","isPartOf":{"@id":"https:\/\/teslafm.net\/#website"},"primaryImageOfPage":{"@id":"https:\/\/teslafm.net\/a-coup-de-jazz\/#primaryimage"},"image":{"@id":"https:\/\/teslafm.net\/a-coup-de-jazz\/#primaryimage"},"thumbnailUrl":"https:\/\/teslafm.net\/wp-content\/uploads\/2021\/04\/davidvalera-300x300.jpg","datePublished":"2019-08-20T13:33:56+00:00","dateModified":"2024-07-11T14:26:02+00:00","breadcrumb":{"@id":"https:\/\/teslafm.net\/a-coup-de-jazz\/#breadcrumb"},"inLanguage":"en-US","potentialAction":[{"@type":"ReadAction","target":["https:\/\/teslafm.net\/a-coup-de-jazz\/"]}]},{"@type":"ImageObject","inLanguage":"en-US","@id":"https:\/\/teslafm.net\/a-coup-de-jazz\/#primaryimage","url":"https:\/\/teslafm.net\/wp-content\/uploads\/2021\/04\/davidvalera-300x300.jpg","contentUrl":"https:\/\/teslafm.net\/wp-content\/uploads\/2021\/04\/davidvalera-300x300.jpg"},{"@type":"BreadcrumbList","@id":"https:\/\/teslafm.net\/a-coup-de-jazz\/#breadcrumb","itemListElement":[{"@type":"ListItem","position":1,"name":"Portada","item":"https:\/\/teslafm.net\/"},{"@type":"ListItem","position":2,"name":"\u00c0 Coup de Jazz"}]},{"@type":"WebSite","@id":"https:\/\/teslafm.net\/#website","url":"https:\/\/teslafm.net\/","name":"TeslaFM","description":"An experimental and creative radio","publisher":{"@id":"https:\/\/teslafm.net\/#organization"},"potentialAction":[{"@type":"SearchAction","target":{"@type":"EntryPoint","urlTemplate":"https:\/\/teslafm.net\/?s={search_term_string}"},"query-input":{"@type":"PropertyValueSpecification","valueRequired":true,"valueName":"search_term_string"}}],"inLanguage":"en-US"},{"@type":"Organization","@id":"https:\/\/teslafm.net\/#organization","name":"TeslaFM","url":"https:\/\/teslafm.net\/","logo":{"@type":"ImageObject","inLanguage":"en-US","@id":"https:\/\/teslafm.net\/#\/schema\/logo\/image\/","url":"https:\/\/teslafm.net\/wp-content\/uploads\/2020\/06\/logo-tesla.png","contentUrl":"https:\/\/teslafm.net\/wp-content\/uploads\/2020\/06\/logo-tesla.png","width":512,"height":512,"caption":"TeslaFM"},"image":{"@id":"https:\/\/teslafm.net\/#\/schema\/logo\/image\/"},"sameAs":["https:\/\/www.facebook.com\/teslafm.net","https:\/\/x.com\/teslafm"]}]}},"rttpg_featured_image_url":null,"rttpg_author":{"display_name":"Ishak","author_link":"https:\/\/teslafm.net\/en\/author\/cravan\/"},"rttpg_comment":0,"rttpg_category":null,"rttpg_excerpt":"\u00c0 COUP DE JAZZ El jazz es un g\u00e9nero musical que se origin\u00f3 en los Estados Unidos a finales del siglo XIX, y se caracteriza por su improvisaci\u00f3n, su complejidad r\u00edtmica y arm\u00f3nica, y su capacidad de fusionar elementos de diferentes culturas y estilos musicales. El bloque \u00c0 Coup de Jazz se enfoca en tres&hellip;","_links":{"self":[{"href":"https:\/\/teslafm.net\/en\/wp-json\/wp\/v2\/pages\/3117","targetHints":{"allow":["GET"]}}],"collection":[{"href":"https:\/\/teslafm.net\/en\/wp-json\/wp\/v2\/pages"}],"about":[{"href":"https:\/\/teslafm.net\/en\/wp-json\/wp\/v2\/types\/page"}],"author":[{"embeddable":true,"href":"https:\/\/teslafm.net\/en\/wp-json\/wp\/v2\/users\/19"}],"replies":[{"embeddable":true,"href":"https:\/\/teslafm.net\/en\/wp-json\/wp\/v2\/comments?post=3117"}],"version-history":[{"count":21,"href":"https:\/\/teslafm.net\/en\/wp-json\/wp\/v2\/pages\/3117\/revisions"}],"predecessor-version":[{"id":64242,"href":"https:\/\/teslafm.net\/en\/wp-json\/wp\/v2\/pages\/3117\/revisions\/64242"}],"wp:attachment":[{"href":"https:\/\/teslafm.net\/en\/wp-json\/wp\/v2\/media?parent=3117"}],"curies":[{"name":"wp","href":"https:\/\/api.w.org\/{rel}","templated":true}]}}