

{"id":3204,"date":"2019-09-10T17:50:10","date_gmt":"2019-09-10T15:50:10","guid":{"rendered":"https:\/\/teslafm.net\/?page_id=3204"},"modified":"2021-02-04T11:38:56","modified_gmt":"2021-02-04T10:38:56","slug":"ananke-11","status":"publish","type":"page","link":"https:\/\/teslafm.net\/en\/ananke-11\/","title":{"rendered":"Anank\u00e9 #11"},"content":{"rendered":"<h2><span style=\"color: #ffffff;\"><strong>Anank\u00e9 Chapter XI<\/strong><\/span><\/h2>\n<p><span style=\"color: #808080;\"><em>September 2019<\/em><\/span><\/p>\n<p><iframe src=\"https:\/\/www.mixcloud.com\/widget\/iframe\/?hide_cover=1&amp;feed=%2FTeslafm_net%2Fanank%C3%A9-11-jaco%2F\" width=\"100%\" height=\"120\" frameborder=\"0\"><\/iframe><\/p>\n<p><span style=\"color: #808080;\">01. <strong>Lingua Ignota<\/strong> - Faithful Servant Friend Of Christ - Caligula (Profound Lore, 2019)<\/span><br \/>\n<span style=\"color: #808080;\">02. <strong>9T Antiope and Siavash Amini<\/strong> - Silver As In Silence - Harmistice (Hallow Ground, 2019)<\/span><br \/>\n<span style=\"color: #808080;\">03. <strong>Errant Monks<\/strong> - Vigyen El Az \u00cdz - The Limit Experience (Maternal Voice, 2019)<\/span><br \/>\n<span style=\"color: #808080;\">04. <strong>Ifriqiyya Electrique<\/strong> - Danee Danee - Laylet El Booree (Glitterbeat, 2019).<\/span><br \/>\n<span style=\"color: #808080;\">05. <strong>DJ Haram<\/strong> - Grace (K.O.D.) - Grace (Hyperdub, 2019)<\/span><br \/>\n<span style=\"color: #808080;\">06. <strong>Moor Mother<\/strong> - After Images - Analog Fluids of Sonic Black Holes (Don Giovanni, 2019)<\/span><br \/>\n<span style=\"color: #808080;\">07. <strong>J Majik<\/strong> - Full Circle - Full Circle (Infrared, 2019)<\/span><br \/>\n<span style=\"color: #808080;\">08. <strong>Rafael Anton Irisarri<\/strong> - Decay Waves - Solastalgia (Room40, 2019)<\/span><br \/>\n<span style=\"color: #808080;\">09. <strong>Johanna Knutsson<\/strong> - Kungsv\u00e4gen 44 - Tollarp Transmission (Kontra-Musik, 2019).<\/span><br \/>\n<span style=\"color: #808080;\">10. <strong>The Deontic Miracle<\/strong> - Music Of Auspicious Clouds, Part 2 - Selections From 100 Models of Hegikan Roku (Empty\/Blank Forms, 2019)<\/span><br \/>\n<span style=\"color: #808080;\">11. <strong>Harrga<\/strong> - Artaud - H\u00e9ro\u00efques animaux de la mis\u00e8re (Avon Terror Corps, 2019)<\/span><br \/>\n<span style=\"color: #808080;\">12. <strong>Corbusier Design<\/strong> - Flank - Lady - Stadia (Help of Hundreds, 1983\/Dark Entries, 2016)<\/span><br \/>\n<span style=\"color: #808080;\">13. <strong>Mattin<\/strong> - April - Songbook #7 (Munster Records, 2019)<\/span><br \/>\n<span style=\"color: #808080;\">14. <strong>La Fura dels Baus<\/strong> - Sacrifici - Noun (Virgin, 1990)<\/span><br \/>\n<span style=\"color: #808080;\">15. <strong>F\u00e9licia Atkinson<\/strong> - You Have To Have Eyes - The Flower and the Vessel (Shelter Press, 2019).<\/span><br \/>\n<span style=\"color: #808080;\">16. <strong>Zden\u011bk Li\u0161ka<\/strong> - Silver Ball (V\u011bra In Cameo) - Ikarie XB-1 O.S.T. (Finders Keepers, 2019).<\/span><br \/>\n<span style=\"color: #808080;\">17. <strong>Two Daughters<\/strong> - Gloria 2 - Recordings 1979-1981 (Vinyl-on-Demand, 2019)<\/span><\/p>","protected":false},"excerpt":{"rendered":"<p>Anank\u00e9 Cap\u00edtulo XI Septiembre 2019 01. Lingua Ignota &#8211; Faithful Servant Friend Of Christ &#8211; Caligula (Profound Lore, 2019) 02. 9T Antiope and Siavash Amini &#8211; Silver As In Silence &#8211; Harmistice (Hallow Ground, 2019) 03. Errant Monks &#8211; Vigyen El Az \u00cdz &#8211; The Limit Experience (Maternal Voice, 2019) 04. Ifriqiyya Electrique &#8211; Danee [&hellip;]<\/p>\n","protected":false},"author":19,"featured_media":0,"parent":0,"menu_order":0,"comment_status":"closed","ping_status":"closed","template":"","meta":{"footnotes":""},"class_list":["post-3204","page","type-page","status-publish","hentry"],"yoast_head":"<!-- This site is optimized with the Yoast SEO plugin v27.4 - https:\/\/yoast.com\/product\/yoast-seo-wordpress\/ -->\n<title>Anank\u00e9 #11 -<\/title>\n<meta name=\"robots\" content=\"index, follow, max-snippet:-1, max-image-preview:large, max-video-preview:-1\" \/>\n<link rel=\"canonical\" href=\"https:\/\/teslafm.net\/en\/ananke-11\/\" \/>\n<meta property=\"og:locale\" content=\"en_US\" \/>\n<meta property=\"og:type\" content=\"article\" \/>\n<meta property=\"og:title\" content=\"Anank\u00e9 #11 -\" \/>\n<meta property=\"og:description\" content=\"Anank\u00e9 Cap\u00edtulo XI Septiembre 2019 01. Lingua Ignota &#8211; Faithful Servant Friend Of Christ &#8211; Caligula (Profound Lore, 2019) 02. 9T Antiope and Siavash Amini &#8211; Silver As In Silence &#8211; Harmistice (Hallow Ground, 2019) 03. Errant Monks &#8211; Vigyen El Az \u00cdz &#8211; The Limit Experience (Maternal Voice, 2019) 04. Ifriqiyya Electrique &#8211; Danee [&hellip;]\" \/>\n<meta property=\"og:url\" content=\"https:\/\/teslafm.net\/en\/ananke-11\/\" \/>\n<meta property=\"article:publisher\" content=\"https:\/\/www.facebook.com\/teslafm.net\" \/>\n<meta property=\"article:modified_time\" content=\"2021-02-04T10:38:56+00:00\" \/>\n<meta property=\"og:image\" content=\"https:\/\/teslafm.net\/wp-content\/uploads\/2022\/09\/header-image-4-temp.png\" \/>\n\t<meta property=\"og:image:width\" content=\"1274\" \/>\n\t<meta property=\"og:image:height\" content=\"818\" \/>\n\t<meta property=\"og:image:type\" content=\"image\/png\" \/>\n<meta name=\"twitter:card\" content=\"summary_large_image\" \/>\n<meta name=\"twitter:site\" content=\"@teslafm\" \/>\n<meta name=\"twitter:label1\" content=\"Est. reading time\" \/>\n\t<meta name=\"twitter:data1\" content=\"1 minute\" \/>\n<script type=\"application\/ld+json\" class=\"yoast-schema-graph\">{\"@context\":\"https:\\\/\\\/schema.org\",\"@graph\":[{\"@type\":\"WebPage\",\"@id\":\"https:\\\/\\\/teslafm.net\\\/ananke-11\\\/\",\"url\":\"https:\\\/\\\/teslafm.net\\\/ananke-11\\\/\",\"name\":\"Anank\u00e9 #11 -\",\"isPartOf\":{\"@id\":\"https:\\\/\\\/teslafm.net\\\/#website\"},\"datePublished\":\"2019-09-10T15:50:10+00:00\",\"dateModified\":\"2021-02-04T10:38:56+00:00\",\"breadcrumb\":{\"@id\":\"https:\\\/\\\/teslafm.net\\\/ananke-11\\\/#breadcrumb\"},\"inLanguage\":\"en-US\",\"potentialAction\":[{\"@type\":\"ReadAction\",\"target\":[\"https:\\\/\\\/teslafm.net\\\/ananke-11\\\/\"]}]},{\"@type\":\"BreadcrumbList\",\"@id\":\"https:\\\/\\\/teslafm.net\\\/ananke-11\\\/#breadcrumb\",\"itemListElement\":[{\"@type\":\"ListItem\",\"position\":1,\"name\":\"Portada\",\"item\":\"https:\\\/\\\/teslafm.net\\\/\"},{\"@type\":\"ListItem\",\"position\":2,\"name\":\"Anank\u00e9 #11\"}]},{\"@type\":\"WebSite\",\"@id\":\"https:\\\/\\\/teslafm.net\\\/#website\",\"url\":\"https:\\\/\\\/teslafm.net\\\/\",\"name\":\"TeslaFM\",\"description\":\"An experimental and creative radio\",\"publisher\":{\"@id\":\"https:\\\/\\\/teslafm.net\\\/#organization\"},\"potentialAction\":[{\"@type\":\"SearchAction\",\"target\":{\"@type\":\"EntryPoint\",\"urlTemplate\":\"https:\\\/\\\/teslafm.net\\\/?s={search_term_string}\"},\"query-input\":{\"@type\":\"PropertyValueSpecification\",\"valueRequired\":true,\"valueName\":\"search_term_string\"}}],\"inLanguage\":\"en-US\"},{\"@type\":\"Organization\",\"@id\":\"https:\\\/\\\/teslafm.net\\\/#organization\",\"name\":\"TeslaFM\",\"url\":\"https:\\\/\\\/teslafm.net\\\/\",\"logo\":{\"@type\":\"ImageObject\",\"inLanguage\":\"en-US\",\"@id\":\"https:\\\/\\\/teslafm.net\\\/#\\\/schema\\\/logo\\\/image\\\/\",\"url\":\"https:\\\/\\\/teslafm.net\\\/wp-content\\\/uploads\\\/2020\\\/06\\\/logo-tesla.png\",\"contentUrl\":\"https:\\\/\\\/teslafm.net\\\/wp-content\\\/uploads\\\/2020\\\/06\\\/logo-tesla.png\",\"width\":512,\"height\":512,\"caption\":\"TeslaFM\"},\"image\":{\"@id\":\"https:\\\/\\\/teslafm.net\\\/#\\\/schema\\\/logo\\\/image\\\/\"},\"sameAs\":[\"https:\\\/\\\/www.facebook.com\\\/teslafm.net\",\"https:\\\/\\\/x.com\\\/teslafm\"]}]}<\/script>\n<!-- \/ Yoast SEO plugin. -->","yoast_head_json":{"title":"Anank\u00e9 #11 -","robots":{"index":"index","follow":"follow","max-snippet":"max-snippet:-1","max-image-preview":"max-image-preview:large","max-video-preview":"max-video-preview:-1"},"canonical":"https:\/\/teslafm.net\/en\/ananke-11\/","og_locale":"en_US","og_type":"article","og_title":"Anank\u00e9 #11 -","og_description":"Anank\u00e9 Cap\u00edtulo XI Septiembre 2019 01. Lingua Ignota &#8211; Faithful Servant Friend Of Christ &#8211; Caligula (Profound Lore, 2019) 02. 9T Antiope and Siavash Amini &#8211; Silver As In Silence &#8211; Harmistice (Hallow Ground, 2019) 03. Errant Monks &#8211; Vigyen El Az \u00cdz &#8211; The Limit Experience (Maternal Voice, 2019) 04. Ifriqiyya Electrique &#8211; Danee [&hellip;]","og_url":"https:\/\/teslafm.net\/en\/ananke-11\/","article_publisher":"https:\/\/www.facebook.com\/teslafm.net","article_modified_time":"2021-02-04T10:38:56+00:00","og_image":[{"width":1274,"height":818,"url":"https:\/\/teslafm.net\/wp-content\/uploads\/2022\/09\/header-image-4-temp.png","type":"image\/png"}],"twitter_card":"summary_large_image","twitter_site":"@teslafm","twitter_misc":{"Est. reading time":"1 minute"},"schema":{"@context":"https:\/\/schema.org","@graph":[{"@type":"WebPage","@id":"https:\/\/teslafm.net\/ananke-11\/","url":"https:\/\/teslafm.net\/ananke-11\/","name":"Anank\u00e9 #11 -","isPartOf":{"@id":"https:\/\/teslafm.net\/#website"},"datePublished":"2019-09-10T15:50:10+00:00","dateModified":"2021-02-04T10:38:56+00:00","breadcrumb":{"@id":"https:\/\/teslafm.net\/ananke-11\/#breadcrumb"},"inLanguage":"en-US","potentialAction":[{"@type":"ReadAction","target":["https:\/\/teslafm.net\/ananke-11\/"]}]},{"@type":"BreadcrumbList","@id":"https:\/\/teslafm.net\/ananke-11\/#breadcrumb","itemListElement":[{"@type":"ListItem","position":1,"name":"Portada","item":"https:\/\/teslafm.net\/"},{"@type":"ListItem","position":2,"name":"Anank\u00e9 #11"}]},{"@type":"WebSite","@id":"https:\/\/teslafm.net\/#website","url":"https:\/\/teslafm.net\/","name":"TeslaFM","description":"An experimental and creative radio","publisher":{"@id":"https:\/\/teslafm.net\/#organization"},"potentialAction":[{"@type":"SearchAction","target":{"@type":"EntryPoint","urlTemplate":"https:\/\/teslafm.net\/?s={search_term_string}"},"query-input":{"@type":"PropertyValueSpecification","valueRequired":true,"valueName":"search_term_string"}}],"inLanguage":"en-US"},{"@type":"Organization","@id":"https:\/\/teslafm.net\/#organization","name":"TeslaFM","url":"https:\/\/teslafm.net\/","logo":{"@type":"ImageObject","inLanguage":"en-US","@id":"https:\/\/teslafm.net\/#\/schema\/logo\/image\/","url":"https:\/\/teslafm.net\/wp-content\/uploads\/2020\/06\/logo-tesla.png","contentUrl":"https:\/\/teslafm.net\/wp-content\/uploads\/2020\/06\/logo-tesla.png","width":512,"height":512,"caption":"TeslaFM"},"image":{"@id":"https:\/\/teslafm.net\/#\/schema\/logo\/image\/"},"sameAs":["https:\/\/www.facebook.com\/teslafm.net","https:\/\/x.com\/teslafm"]}]}},"rttpg_featured_image_url":null,"rttpg_author":{"display_name":"Ishak","author_link":"https:\/\/teslafm.net\/en\/author\/cravan\/"},"rttpg_comment":0,"rttpg_category":null,"rttpg_excerpt":"Anank\u00e9 Cap\u00edtulo XI Septiembre 2019 01. Lingua Ignota &#8211; Faithful Servant Friend Of Christ &#8211; Caligula (Profound Lore, 2019) 02. 9T Antiope and Siavash Amini &#8211; Silver As In Silence &#8211; Harmistice (Hallow Ground, 2019) 03. Errant Monks &#8211; Vigyen El Az \u00cdz &#8211; The Limit Experience (Maternal Voice, 2019) 04. Ifriqiyya Electrique &#8211; Danee&hellip;","_links":{"self":[{"href":"https:\/\/teslafm.net\/en\/wp-json\/wp\/v2\/pages\/3204","targetHints":{"allow":["GET"]}}],"collection":[{"href":"https:\/\/teslafm.net\/en\/wp-json\/wp\/v2\/pages"}],"about":[{"href":"https:\/\/teslafm.net\/en\/wp-json\/wp\/v2\/types\/page"}],"author":[{"embeddable":true,"href":"https:\/\/teslafm.net\/en\/wp-json\/wp\/v2\/users\/19"}],"replies":[{"embeddable":true,"href":"https:\/\/teslafm.net\/en\/wp-json\/wp\/v2\/comments?post=3204"}],"version-history":[{"count":6,"href":"https:\/\/teslafm.net\/en\/wp-json\/wp\/v2\/pages\/3204\/revisions"}],"predecessor-version":[{"id":56685,"href":"https:\/\/teslafm.net\/en\/wp-json\/wp\/v2\/pages\/3204\/revisions\/56685"}],"wp:attachment":[{"href":"https:\/\/teslafm.net\/en\/wp-json\/wp\/v2\/media?parent=3204"}],"curies":[{"name":"wp","href":"https:\/\/api.w.org\/{rel}","templated":true}]}}