

{"id":3259,"date":"2019-09-18T13:11:57","date_gmt":"2019-09-18T11:11:57","guid":{"rendered":"https:\/\/teslafm.net\/?page_id=3259"},"modified":"2021-03-06T18:25:27","modified_gmt":"2021-03-06T17:25:27","slug":"flushing-toilets-6","status":"publish","type":"page","link":"https:\/\/teslafm.net\/en\/flushing-toilets-6\/","title":{"rendered":"Flushing Toilets #6"},"content":{"rendered":"<h2><span style=\"color: #ffffff;\"><strong>Flushing Toilets #6<\/strong><\/span><\/h2>\n<p><span style=\"color: #808080;\"><em>September 2019<\/em><\/span><\/p>\n<p><iframe src=\"https:\/\/www.mixcloud.com\/widget\/iframe\/?hide_cover=1&amp;feed=%2FTeslafm_net%2Fflushing-toilets-6-pilar-talavera%2F\" width=\"100%\" height=\"120\" frameborder=\"0\"><\/iframe><\/p>\n<p><img fetchpriority=\"high\" decoding=\"async\" class=\"alignnone size-large wp-image-57233\" src=\"https:\/\/teslafm.net\/wp-content\/uploads\/2021\/03\/IMG_8931-1024x1024-1-1024x1024.jpg\" alt=\"\" width=\"1024\" height=\"1024\" srcset=\"https:\/\/teslafm.net\/wp-content\/uploads\/2021\/03\/IMG_8931-1024x1024-1-1024x1024.jpg 1024w, https:\/\/teslafm.net\/wp-content\/uploads\/2021\/03\/IMG_8931-1024x1024-1-300x300.jpg 300w, https:\/\/teslafm.net\/wp-content\/uploads\/2021\/03\/IMG_8931-1024x1024-1-150x150.jpg 150w, https:\/\/teslafm.net\/wp-content\/uploads\/2021\/03\/IMG_8931-1024x1024-1-768x768.jpg 768w, https:\/\/teslafm.net\/wp-content\/uploads\/2021\/03\/IMG_8931-1024x1024-1.jpg 1080w\" sizes=\"(max-width: 1024px) 100vw, 1024px\" \/><\/p>\n<p>&nbsp;<\/p>\n<p><span style=\"color: #808080;\">Thematic: <strong>Zetangas<\/strong> \/ <strong>Food Monsters<\/strong><\/span><br \/>\n<a href=\"https:\/\/zetangas.bandcamp.com\/album\/zetangas-monsters-de-comida\" target=\"_blank\" rel=\"noopener noreferrer\">zetangas.bandcamp.com\/album\/zetangas-monsters-of-food<\/a><\/p>\n<p><span style=\"color: #808080;\">01. Laila-laila-laila-laila (from the album 09\/22\/1953, 2019).<\/span><br \/>\n<span style=\"color: #808080;\">02. Stereoscope (from the album 09\/22\/1953, 2019).<\/span><br \/>\n<span style=\"color: #808080;\">03. S\/T Interlude 007 (from album 09\/22\/1953, 2019).<\/span><br \/>\n<span style=\"color: #808080;\">04. Answer to the question: How has your evolution as a musician been?<\/span><br \/>\n<span style=\"color: #808080;\">05. We never closet (from the album Monsters de Comida 1, 2006)<\/span><br \/>\n<span style=\"color: #808080;\">06. Cadaver man (From the album Food Monsters 1, 2006)<\/span><br \/>\n<span style=\"color: #808080;\">07. Answer to the question: How did you start creating your own instruments?<\/span><br \/>\n<span style=\"color: #808080;\">08. Electric Nostalgia (from the album G-Bone, 2015).<\/span><br \/>\n<span style=\"color: #808080;\">09. My eyes are vibrating (from the album G-Bone, 2015).<\/span><br \/>\n<span style=\"color: #808080;\">10. Answer to the question: Tell us about the importance and relationship between your composing and the creation of your own instruments?<\/span><br \/>\n<span style=\"color: #808080;\">11. Arabian Mosaic (from the album 09\/22\/1953, 2019).<\/span><br \/>\n<span style=\"color: #808080;\">12. Monster World When It's Not Me! (from the album 09\/22\/1953, 2019)<\/span><br \/>\n<span style=\"color: #808080;\">13. Neonati Deforme (from the album 09\/22\/1953, 2019).<\/span><br \/>\n<span style=\"color: #808080;\">14. S\/T Interlude 008 (from the album 09\/22\/1953, 2019).<\/span><br \/>\n<span style=\"color: #808080;\">15. Lock him up on his back (from the album 09\/22\/1953, 2019).<\/span><br \/>\n<span style=\"color: #808080;\">16. Answer to the question: How do you approach the Food Monsters concerts? Do you play alone?<\/span><br \/>\n<span style=\"color: #808080;\">17. Asymmetrical Zuchinni (from the album 09\/22\/1953, 2019).<\/span><br \/>\n<span style=\"color: #808080;\">18. Todo lo que el mounstro se comi\u00f3 (from the album 22\/09\/1953, 2019).<\/span><br \/>\n<span style=\"color: #808080;\">19. Sea of Mars (from the album 09\/22\/1953, 2019)<\/span><br \/>\n<span style=\"color: #808080;\">S\/T Interlude 009 (from the album 09\/22\/1953, 2019).<\/span><br \/>\n<span style=\"color: #808080;\">21. The whole and its place (from the album 09\/22\/1953, 2019).<\/span><\/p>","protected":false},"excerpt":{"rendered":"<p>Flushing Toilets #6 Septiembre 2019 &nbsp; Tem\u00e1tico: Zetangas \/ Monsters de Comida zetangas.bandcamp.com\/album\/zetangas-monsters-de-comida 01. Laila-laila-laila (del \u00e1lbum 22\/09\/1953, 2019) 02. Estereoscopio (del \u00e1lbum 22\/09\/1953, 2019) 03. S\/T Interlude 007 (del \u00e1lbum 22\/09\/1953, 2019) 04. Respuesta a la pregunta: \u00bfC\u00f3mo ha sido tu evoluci\u00f3n como m\u00fasico? 05. We never closet (del \u00e1lbum Monsters de Comida 1, [&hellip;]<\/p>\n","protected":false},"author":19,"featured_media":0,"parent":0,"menu_order":0,"comment_status":"closed","ping_status":"closed","template":"","meta":{"footnotes":""},"class_list":["post-3259","page","type-page","status-publish","hentry"],"yoast_head":"<!-- This site is optimized with the Yoast SEO plugin v27.4 - https:\/\/yoast.com\/product\/yoast-seo-wordpress\/ -->\n<title>Flushing Toilets #6 -<\/title>\n<meta name=\"robots\" content=\"index, follow, max-snippet:-1, max-image-preview:large, max-video-preview:-1\" \/>\n<link rel=\"canonical\" href=\"https:\/\/teslafm.net\/en\/flushing-toilets-6\/\" \/>\n<meta property=\"og:locale\" content=\"en_US\" \/>\n<meta property=\"og:type\" content=\"article\" \/>\n<meta property=\"og:title\" content=\"Flushing Toilets #6 -\" \/>\n<meta property=\"og:description\" content=\"Flushing Toilets #6 Septiembre 2019 &nbsp; Tem\u00e1tico: Zetangas \/ Monsters de Comida zetangas.bandcamp.com\/album\/zetangas-monsters-de-comida 01. Laila-laila-laila (del \u00e1lbum 22\/09\/1953, 2019) 02. Estereoscopio (del \u00e1lbum 22\/09\/1953, 2019) 03. S\/T Interlude 007 (del \u00e1lbum 22\/09\/1953, 2019) 04. Respuesta a la pregunta: \u00bfC\u00f3mo ha sido tu evoluci\u00f3n como m\u00fasico? 05. We never closet (del \u00e1lbum Monsters de Comida 1, [&hellip;]\" \/>\n<meta property=\"og:url\" content=\"https:\/\/teslafm.net\/en\/flushing-toilets-6\/\" \/>\n<meta property=\"article:publisher\" content=\"https:\/\/www.facebook.com\/teslafm.net\" \/>\n<meta property=\"article:modified_time\" content=\"2021-03-06T17:25:27+00:00\" \/>\n<meta property=\"og:image\" content=\"https:\/\/teslafm.net\/wp-content\/uploads\/2021\/03\/IMG_8931-1024x1024-1-1024x1024.jpg\" \/>\n<meta name=\"twitter:card\" content=\"summary_large_image\" \/>\n<meta name=\"twitter:site\" content=\"@teslafm\" \/>\n<meta name=\"twitter:label1\" content=\"Est. reading time\" \/>\n\t<meta name=\"twitter:data1\" content=\"2 minutes\" \/>\n<script type=\"application\/ld+json\" class=\"yoast-schema-graph\">{\"@context\":\"https:\\\/\\\/schema.org\",\"@graph\":[{\"@type\":\"WebPage\",\"@id\":\"https:\\\/\\\/teslafm.net\\\/flushing-toilets-6\\\/\",\"url\":\"https:\\\/\\\/teslafm.net\\\/flushing-toilets-6\\\/\",\"name\":\"Flushing Toilets #6 -\",\"isPartOf\":{\"@id\":\"https:\\\/\\\/teslafm.net\\\/#website\"},\"primaryImageOfPage\":{\"@id\":\"https:\\\/\\\/teslafm.net\\\/flushing-toilets-6\\\/#primaryimage\"},\"image\":{\"@id\":\"https:\\\/\\\/teslafm.net\\\/flushing-toilets-6\\\/#primaryimage\"},\"thumbnailUrl\":\"https:\\\/\\\/teslafm.net\\\/wp-content\\\/uploads\\\/2021\\\/03\\\/IMG_8931-1024x1024-1-1024x1024.jpg\",\"datePublished\":\"2019-09-18T11:11:57+00:00\",\"dateModified\":\"2021-03-06T17:25:27+00:00\",\"breadcrumb\":{\"@id\":\"https:\\\/\\\/teslafm.net\\\/flushing-toilets-6\\\/#breadcrumb\"},\"inLanguage\":\"en-US\",\"potentialAction\":[{\"@type\":\"ReadAction\",\"target\":[\"https:\\\/\\\/teslafm.net\\\/flushing-toilets-6\\\/\"]}]},{\"@type\":\"ImageObject\",\"inLanguage\":\"en-US\",\"@id\":\"https:\\\/\\\/teslafm.net\\\/flushing-toilets-6\\\/#primaryimage\",\"url\":\"https:\\\/\\\/teslafm.net\\\/wp-content\\\/uploads\\\/2021\\\/03\\\/IMG_8931-1024x1024-1-1024x1024.jpg\",\"contentUrl\":\"https:\\\/\\\/teslafm.net\\\/wp-content\\\/uploads\\\/2021\\\/03\\\/IMG_8931-1024x1024-1-1024x1024.jpg\"},{\"@type\":\"BreadcrumbList\",\"@id\":\"https:\\\/\\\/teslafm.net\\\/flushing-toilets-6\\\/#breadcrumb\",\"itemListElement\":[{\"@type\":\"ListItem\",\"position\":1,\"name\":\"Portada\",\"item\":\"https:\\\/\\\/teslafm.net\\\/\"},{\"@type\":\"ListItem\",\"position\":2,\"name\":\"Flushing Toilets #6\"}]},{\"@type\":\"WebSite\",\"@id\":\"https:\\\/\\\/teslafm.net\\\/#website\",\"url\":\"https:\\\/\\\/teslafm.net\\\/\",\"name\":\"TeslaFM\",\"description\":\"An experimental and creative radio\",\"publisher\":{\"@id\":\"https:\\\/\\\/teslafm.net\\\/#organization\"},\"potentialAction\":[{\"@type\":\"SearchAction\",\"target\":{\"@type\":\"EntryPoint\",\"urlTemplate\":\"https:\\\/\\\/teslafm.net\\\/?s={search_term_string}\"},\"query-input\":{\"@type\":\"PropertyValueSpecification\",\"valueRequired\":true,\"valueName\":\"search_term_string\"}}],\"inLanguage\":\"en-US\"},{\"@type\":\"Organization\",\"@id\":\"https:\\\/\\\/teslafm.net\\\/#organization\",\"name\":\"TeslaFM\",\"url\":\"https:\\\/\\\/teslafm.net\\\/\",\"logo\":{\"@type\":\"ImageObject\",\"inLanguage\":\"en-US\",\"@id\":\"https:\\\/\\\/teslafm.net\\\/#\\\/schema\\\/logo\\\/image\\\/\",\"url\":\"https:\\\/\\\/teslafm.net\\\/wp-content\\\/uploads\\\/2020\\\/06\\\/logo-tesla.png\",\"contentUrl\":\"https:\\\/\\\/teslafm.net\\\/wp-content\\\/uploads\\\/2020\\\/06\\\/logo-tesla.png\",\"width\":512,\"height\":512,\"caption\":\"TeslaFM\"},\"image\":{\"@id\":\"https:\\\/\\\/teslafm.net\\\/#\\\/schema\\\/logo\\\/image\\\/\"},\"sameAs\":[\"https:\\\/\\\/www.facebook.com\\\/teslafm.net\",\"https:\\\/\\\/x.com\\\/teslafm\"]}]}<\/script>\n<!-- \/ Yoast SEO plugin. -->","yoast_head_json":{"title":"Flushing Toilets #6 -","robots":{"index":"index","follow":"follow","max-snippet":"max-snippet:-1","max-image-preview":"max-image-preview:large","max-video-preview":"max-video-preview:-1"},"canonical":"https:\/\/teslafm.net\/en\/flushing-toilets-6\/","og_locale":"en_US","og_type":"article","og_title":"Flushing Toilets #6 -","og_description":"Flushing Toilets #6 Septiembre 2019 &nbsp; Tem\u00e1tico: Zetangas \/ Monsters de Comida zetangas.bandcamp.com\/album\/zetangas-monsters-de-comida 01. Laila-laila-laila (del \u00e1lbum 22\/09\/1953, 2019) 02. Estereoscopio (del \u00e1lbum 22\/09\/1953, 2019) 03. S\/T Interlude 007 (del \u00e1lbum 22\/09\/1953, 2019) 04. Respuesta a la pregunta: \u00bfC\u00f3mo ha sido tu evoluci\u00f3n como m\u00fasico? 05. We never closet (del \u00e1lbum Monsters de Comida 1, [&hellip;]","og_url":"https:\/\/teslafm.net\/en\/flushing-toilets-6\/","article_publisher":"https:\/\/www.facebook.com\/teslafm.net","article_modified_time":"2021-03-06T17:25:27+00:00","og_image":[{"url":"https:\/\/teslafm.net\/wp-content\/uploads\/2021\/03\/IMG_8931-1024x1024-1-1024x1024.jpg","type":"","width":"","height":""}],"twitter_card":"summary_large_image","twitter_site":"@teslafm","twitter_misc":{"Est. reading time":"2 minutes"},"schema":{"@context":"https:\/\/schema.org","@graph":[{"@type":"WebPage","@id":"https:\/\/teslafm.net\/flushing-toilets-6\/","url":"https:\/\/teslafm.net\/flushing-toilets-6\/","name":"Flushing Toilets #6 -","isPartOf":{"@id":"https:\/\/teslafm.net\/#website"},"primaryImageOfPage":{"@id":"https:\/\/teslafm.net\/flushing-toilets-6\/#primaryimage"},"image":{"@id":"https:\/\/teslafm.net\/flushing-toilets-6\/#primaryimage"},"thumbnailUrl":"https:\/\/teslafm.net\/wp-content\/uploads\/2021\/03\/IMG_8931-1024x1024-1-1024x1024.jpg","datePublished":"2019-09-18T11:11:57+00:00","dateModified":"2021-03-06T17:25:27+00:00","breadcrumb":{"@id":"https:\/\/teslafm.net\/flushing-toilets-6\/#breadcrumb"},"inLanguage":"en-US","potentialAction":[{"@type":"ReadAction","target":["https:\/\/teslafm.net\/flushing-toilets-6\/"]}]},{"@type":"ImageObject","inLanguage":"en-US","@id":"https:\/\/teslafm.net\/flushing-toilets-6\/#primaryimage","url":"https:\/\/teslafm.net\/wp-content\/uploads\/2021\/03\/IMG_8931-1024x1024-1-1024x1024.jpg","contentUrl":"https:\/\/teslafm.net\/wp-content\/uploads\/2021\/03\/IMG_8931-1024x1024-1-1024x1024.jpg"},{"@type":"BreadcrumbList","@id":"https:\/\/teslafm.net\/flushing-toilets-6\/#breadcrumb","itemListElement":[{"@type":"ListItem","position":1,"name":"Portada","item":"https:\/\/teslafm.net\/"},{"@type":"ListItem","position":2,"name":"Flushing Toilets #6"}]},{"@type":"WebSite","@id":"https:\/\/teslafm.net\/#website","url":"https:\/\/teslafm.net\/","name":"TeslaFM","description":"An experimental and creative radio","publisher":{"@id":"https:\/\/teslafm.net\/#organization"},"potentialAction":[{"@type":"SearchAction","target":{"@type":"EntryPoint","urlTemplate":"https:\/\/teslafm.net\/?s={search_term_string}"},"query-input":{"@type":"PropertyValueSpecification","valueRequired":true,"valueName":"search_term_string"}}],"inLanguage":"en-US"},{"@type":"Organization","@id":"https:\/\/teslafm.net\/#organization","name":"TeslaFM","url":"https:\/\/teslafm.net\/","logo":{"@type":"ImageObject","inLanguage":"en-US","@id":"https:\/\/teslafm.net\/#\/schema\/logo\/image\/","url":"https:\/\/teslafm.net\/wp-content\/uploads\/2020\/06\/logo-tesla.png","contentUrl":"https:\/\/teslafm.net\/wp-content\/uploads\/2020\/06\/logo-tesla.png","width":512,"height":512,"caption":"TeslaFM"},"image":{"@id":"https:\/\/teslafm.net\/#\/schema\/logo\/image\/"},"sameAs":["https:\/\/www.facebook.com\/teslafm.net","https:\/\/x.com\/teslafm"]}]}},"rttpg_featured_image_url":null,"rttpg_author":{"display_name":"Ishak","author_link":"https:\/\/teslafm.net\/en\/author\/cravan\/"},"rttpg_comment":0,"rttpg_category":null,"rttpg_excerpt":"Flushing Toilets #6 Septiembre 2019 &nbsp; Tem\u00e1tico: Zetangas \/ Monsters de Comida zetangas.bandcamp.com\/album\/zetangas-monsters-de-comida 01. Laila-laila-laila (del \u00e1lbum 22\/09\/1953, 2019) 02. Estereoscopio (del \u00e1lbum 22\/09\/1953, 2019) 03. S\/T Interlude 007 (del \u00e1lbum 22\/09\/1953, 2019) 04. Respuesta a la pregunta: \u00bfC\u00f3mo ha sido tu evoluci\u00f3n como m\u00fasico? 05. We never closet (del \u00e1lbum Monsters de Comida 1,&hellip;","_links":{"self":[{"href":"https:\/\/teslafm.net\/en\/wp-json\/wp\/v2\/pages\/3259","targetHints":{"allow":["GET"]}}],"collection":[{"href":"https:\/\/teslafm.net\/en\/wp-json\/wp\/v2\/pages"}],"about":[{"href":"https:\/\/teslafm.net\/en\/wp-json\/wp\/v2\/types\/page"}],"author":[{"embeddable":true,"href":"https:\/\/teslafm.net\/en\/wp-json\/wp\/v2\/users\/19"}],"replies":[{"embeddable":true,"href":"https:\/\/teslafm.net\/en\/wp-json\/wp\/v2\/comments?post=3259"}],"version-history":[{"count":9,"href":"https:\/\/teslafm.net\/en\/wp-json\/wp\/v2\/pages\/3259\/revisions"}],"predecessor-version":[{"id":57234,"href":"https:\/\/teslafm.net\/en\/wp-json\/wp\/v2\/pages\/3259\/revisions\/57234"}],"wp:attachment":[{"href":"https:\/\/teslafm.net\/en\/wp-json\/wp\/v2\/media?parent=3259"}],"curies":[{"name":"wp","href":"https:\/\/api.w.org\/{rel}","templated":true}]}}