

{"id":3424,"date":"2019-10-08T18:40:16","date_gmt":"2019-10-08T16:40:16","guid":{"rendered":"https:\/\/teslafm.net\/?page_id=3424"},"modified":"2021-02-04T11:39:32","modified_gmt":"2021-02-04T10:39:32","slug":"ananke-12","status":"publish","type":"page","link":"https:\/\/teslafm.net\/en\/ananke-12\/","title":{"rendered":"Anank\u00e9 #12"},"content":{"rendered":"<h2><span style=\"color: #ffffff;\"><strong>Anank\u00e9 Chapter XII<\/strong><\/span><\/h2>\n<p><span style=\"color: #808080;\"><em>October 2019<\/em><\/span><\/p>\n<p><iframe src=\"https:\/\/www.mixcloud.com\/widget\/iframe\/?hide_cover=1&amp;feed=%2FTeslafm_net%2Fanank%C3%A9-12-jaco%2F\" width=\"100%\" height=\"120\" frameborder=\"0\"><\/iframe><\/p>\n<p><span style=\"color: #808080;\">01. <strong>Lucius Works Here<\/strong> - A Revolt Against Nature (for Camille Claudel) - Stopped in Time (Sang Records, 2018).<\/span><br \/>\n<span style=\"color: #808080;\">02. <strong>D\u00f8dsmaskin<\/strong> - Det som \u00f8delegger - \u00d8delagt (Malignant, 2019).<\/span><br \/>\n<span style=\"color: #808080;\">03. <strong>Lena Andersson<\/strong> - With a knife - S\u00f6der M\u00e4larstrand (Raster, 2019).<\/span><br \/>\n<span style=\"color: #808080;\">04. <strong>Ike Yard<\/strong> - Ikimono Gitari - Rejoy (Noiztank, 2018)<\/span><br \/>\n<span style=\"color: #808080;\">05. <strong>JK Flesh<\/strong> - Paranoid Archetype - In Your Pit EP (Pressure, 2019)<\/span><br \/>\n<span style=\"color: #808080;\">06. <strong>Carter Tutti Void<\/strong> - T 3.4 - Triumvirate (Conspiracy International, 2019)<\/span><br \/>\n<span style=\"color: #808080;\">07. <strong>Afrodeutsche<\/strong> - The Middle Middle - Break Before Make (Skam, 2019)<\/span><br \/>\n<span style=\"color: #808080;\">08. <strong>Anne Imhof<\/strong> \/ <strong>Billy Bultheel<\/strong> - Opening March - Faust (Pan, 2019)<\/span><br \/>\n<span style=\"color: #808080;\">09. <strong>Anne Gillis<\/strong> - Untitled - Lxgrin - Archives Box 1983-2005 (1984, Art Into Life, 2015)<\/span><br \/>\n<span style=\"color: #808080;\">10. <strong>Consumer Electronics<\/strong> - Play Therapy - Airless Space (Harbinger Sound, 2019).<\/span><br \/>\n<span style=\"color: #808080;\">11. <strong>Dis Fig<\/strong> - U Said U Were - PURGE (Purple Tape Pedigree, 2019)<\/span><br \/>\n<span style=\"color: #808080;\">12. <strong>Low Jack<\/strong> - Wheel - Jingles du Lieu-dit (Editions Gravats, 2019)<\/span><br \/>\n<span style=\"color: #808080;\">13. <strong>DJ Marcelle<\/strong> \/ Another Nice Mess - Hippies Use Side Door - One Place for the First Time (Jahmoni, 2019).<\/span><br \/>\n<span style=\"color: #808080;\">14. <strong>Sadaf<\/strong> - Perfection - History of Heat (Blueberry Records, 2019).<\/span><br \/>\n<span style=\"color: #808080;\">15. <strong>Craig Leon<\/strong> - Departure - Anthology of Interplanetary Folk Music Vol. 2: The Canon (Rvng, 2019)<\/span><br \/>\n<span style=\"color: #808080;\">16. <strong>Black Merlin<\/strong> - Tutur - Hipnotik Tradisi (Island of the Gods, 2016)<\/span><br \/>\n<span style=\"color: #808080;\">17. <strong>Alan Vega With Mr. Pharmacist<\/strong> - You Pay \/ To Many Teardrops (Original Mix) - You Pay \/ To Many Teardrops (Velvet Elk, 2019).<\/span><\/p>","protected":false},"excerpt":{"rendered":"<p>Anank\u00e9 Cap\u00edtulo XII Octubre 2019 01. Lucius Works Here \u2013 Una Revuelta Contra La Naturaleza (para Camille Claudel) \u2013 Detenido en el Tiempo (Sang Records, 2018) 02. D\u00f8dsmaskin \u2013 Det som \u00f8delegger \u2013 \u00d8delagt (Malignant, 2019) 03. Lena Andersson \u2013 Con un cuchillo \u2013 S\u00f6der M\u00e4larstrand (Raster, 2019) 04. Ike Yard \u2013 Ikimono Gitari \u2013 [&hellip;]<\/p>\n","protected":false},"author":19,"featured_media":0,"parent":0,"menu_order":0,"comment_status":"closed","ping_status":"closed","template":"","meta":{"footnotes":""},"class_list":["post-3424","page","type-page","status-publish","hentry"],"yoast_head":"<!-- This site is optimized with the Yoast SEO plugin v27.4 - https:\/\/yoast.com\/product\/yoast-seo-wordpress\/ -->\n<title>Anank\u00e9 #12 -<\/title>\n<meta name=\"robots\" content=\"index, follow, max-snippet:-1, max-image-preview:large, max-video-preview:-1\" \/>\n<link rel=\"canonical\" href=\"https:\/\/teslafm.net\/en\/ananke-12\/\" \/>\n<meta property=\"og:locale\" content=\"en_US\" \/>\n<meta property=\"og:type\" content=\"article\" \/>\n<meta property=\"og:title\" content=\"Anank\u00e9 #12 -\" \/>\n<meta property=\"og:description\" content=\"Anank\u00e9 Cap\u00edtulo XII Octubre 2019 01. Lucius Works Here \u2013 Una Revuelta Contra La Naturaleza (para Camille Claudel) \u2013 Detenido en el Tiempo (Sang Records, 2018) 02. D\u00f8dsmaskin \u2013 Det som \u00f8delegger \u2013 \u00d8delagt (Malignant, 2019) 03. Lena Andersson \u2013 Con un cuchillo \u2013 S\u00f6der M\u00e4larstrand (Raster, 2019) 04. Ike Yard \u2013 Ikimono Gitari \u2013 [&hellip;]\" \/>\n<meta property=\"og:url\" content=\"https:\/\/teslafm.net\/en\/ananke-12\/\" \/>\n<meta property=\"article:publisher\" content=\"https:\/\/www.facebook.com\/teslafm.net\" \/>\n<meta property=\"article:modified_time\" content=\"2021-02-04T10:39:32+00:00\" \/>\n<meta property=\"og:image\" content=\"https:\/\/teslafm.net\/wp-content\/uploads\/2022\/09\/header-image-4-temp.png\" \/>\n\t<meta property=\"og:image:width\" content=\"1274\" \/>\n\t<meta property=\"og:image:height\" content=\"818\" \/>\n\t<meta property=\"og:image:type\" content=\"image\/png\" \/>\n<meta name=\"twitter:card\" content=\"summary_large_image\" \/>\n<meta name=\"twitter:site\" content=\"@teslafm\" \/>\n<meta name=\"twitter:label1\" content=\"Est. reading time\" \/>\n\t<meta name=\"twitter:data1\" content=\"1 minute\" \/>\n<script type=\"application\/ld+json\" class=\"yoast-schema-graph\">{\"@context\":\"https:\\\/\\\/schema.org\",\"@graph\":[{\"@type\":\"WebPage\",\"@id\":\"https:\\\/\\\/teslafm.net\\\/ananke-12\\\/\",\"url\":\"https:\\\/\\\/teslafm.net\\\/ananke-12\\\/\",\"name\":\"Anank\u00e9 #12 -\",\"isPartOf\":{\"@id\":\"https:\\\/\\\/teslafm.net\\\/#website\"},\"datePublished\":\"2019-10-08T16:40:16+00:00\",\"dateModified\":\"2021-02-04T10:39:32+00:00\",\"breadcrumb\":{\"@id\":\"https:\\\/\\\/teslafm.net\\\/ananke-12\\\/#breadcrumb\"},\"inLanguage\":\"en-US\",\"potentialAction\":[{\"@type\":\"ReadAction\",\"target\":[\"https:\\\/\\\/teslafm.net\\\/ananke-12\\\/\"]}]},{\"@type\":\"BreadcrumbList\",\"@id\":\"https:\\\/\\\/teslafm.net\\\/ananke-12\\\/#breadcrumb\",\"itemListElement\":[{\"@type\":\"ListItem\",\"position\":1,\"name\":\"Portada\",\"item\":\"https:\\\/\\\/teslafm.net\\\/\"},{\"@type\":\"ListItem\",\"position\":2,\"name\":\"Anank\u00e9 #12\"}]},{\"@type\":\"WebSite\",\"@id\":\"https:\\\/\\\/teslafm.net\\\/#website\",\"url\":\"https:\\\/\\\/teslafm.net\\\/\",\"name\":\"TeslaFM\",\"description\":\"An experimental and creative radio\",\"publisher\":{\"@id\":\"https:\\\/\\\/teslafm.net\\\/#organization\"},\"potentialAction\":[{\"@type\":\"SearchAction\",\"target\":{\"@type\":\"EntryPoint\",\"urlTemplate\":\"https:\\\/\\\/teslafm.net\\\/?s={search_term_string}\"},\"query-input\":{\"@type\":\"PropertyValueSpecification\",\"valueRequired\":true,\"valueName\":\"search_term_string\"}}],\"inLanguage\":\"en-US\"},{\"@type\":\"Organization\",\"@id\":\"https:\\\/\\\/teslafm.net\\\/#organization\",\"name\":\"TeslaFM\",\"url\":\"https:\\\/\\\/teslafm.net\\\/\",\"logo\":{\"@type\":\"ImageObject\",\"inLanguage\":\"en-US\",\"@id\":\"https:\\\/\\\/teslafm.net\\\/#\\\/schema\\\/logo\\\/image\\\/\",\"url\":\"https:\\\/\\\/teslafm.net\\\/wp-content\\\/uploads\\\/2020\\\/06\\\/logo-tesla.png\",\"contentUrl\":\"https:\\\/\\\/teslafm.net\\\/wp-content\\\/uploads\\\/2020\\\/06\\\/logo-tesla.png\",\"width\":512,\"height\":512,\"caption\":\"TeslaFM\"},\"image\":{\"@id\":\"https:\\\/\\\/teslafm.net\\\/#\\\/schema\\\/logo\\\/image\\\/\"},\"sameAs\":[\"https:\\\/\\\/www.facebook.com\\\/teslafm.net\",\"https:\\\/\\\/x.com\\\/teslafm\"]}]}<\/script>\n<!-- \/ Yoast SEO plugin. -->","yoast_head_json":{"title":"Anank\u00e9 #12 -","robots":{"index":"index","follow":"follow","max-snippet":"max-snippet:-1","max-image-preview":"max-image-preview:large","max-video-preview":"max-video-preview:-1"},"canonical":"https:\/\/teslafm.net\/en\/ananke-12\/","og_locale":"en_US","og_type":"article","og_title":"Anank\u00e9 #12 -","og_description":"Anank\u00e9 Cap\u00edtulo XII Octubre 2019 01. Lucius Works Here \u2013 Una Revuelta Contra La Naturaleza (para Camille Claudel) \u2013 Detenido en el Tiempo (Sang Records, 2018) 02. D\u00f8dsmaskin \u2013 Det som \u00f8delegger \u2013 \u00d8delagt (Malignant, 2019) 03. Lena Andersson \u2013 Con un cuchillo \u2013 S\u00f6der M\u00e4larstrand (Raster, 2019) 04. Ike Yard \u2013 Ikimono Gitari \u2013 [&hellip;]","og_url":"https:\/\/teslafm.net\/en\/ananke-12\/","article_publisher":"https:\/\/www.facebook.com\/teslafm.net","article_modified_time":"2021-02-04T10:39:32+00:00","og_image":[{"width":1274,"height":818,"url":"https:\/\/teslafm.net\/wp-content\/uploads\/2022\/09\/header-image-4-temp.png","type":"image\/png"}],"twitter_card":"summary_large_image","twitter_site":"@teslafm","twitter_misc":{"Est. reading time":"1 minute"},"schema":{"@context":"https:\/\/schema.org","@graph":[{"@type":"WebPage","@id":"https:\/\/teslafm.net\/ananke-12\/","url":"https:\/\/teslafm.net\/ananke-12\/","name":"Anank\u00e9 #12 -","isPartOf":{"@id":"https:\/\/teslafm.net\/#website"},"datePublished":"2019-10-08T16:40:16+00:00","dateModified":"2021-02-04T10:39:32+00:00","breadcrumb":{"@id":"https:\/\/teslafm.net\/ananke-12\/#breadcrumb"},"inLanguage":"en-US","potentialAction":[{"@type":"ReadAction","target":["https:\/\/teslafm.net\/ananke-12\/"]}]},{"@type":"BreadcrumbList","@id":"https:\/\/teslafm.net\/ananke-12\/#breadcrumb","itemListElement":[{"@type":"ListItem","position":1,"name":"Portada","item":"https:\/\/teslafm.net\/"},{"@type":"ListItem","position":2,"name":"Anank\u00e9 #12"}]},{"@type":"WebSite","@id":"https:\/\/teslafm.net\/#website","url":"https:\/\/teslafm.net\/","name":"TeslaFM","description":"An experimental and creative radio","publisher":{"@id":"https:\/\/teslafm.net\/#organization"},"potentialAction":[{"@type":"SearchAction","target":{"@type":"EntryPoint","urlTemplate":"https:\/\/teslafm.net\/?s={search_term_string}"},"query-input":{"@type":"PropertyValueSpecification","valueRequired":true,"valueName":"search_term_string"}}],"inLanguage":"en-US"},{"@type":"Organization","@id":"https:\/\/teslafm.net\/#organization","name":"TeslaFM","url":"https:\/\/teslafm.net\/","logo":{"@type":"ImageObject","inLanguage":"en-US","@id":"https:\/\/teslafm.net\/#\/schema\/logo\/image\/","url":"https:\/\/teslafm.net\/wp-content\/uploads\/2020\/06\/logo-tesla.png","contentUrl":"https:\/\/teslafm.net\/wp-content\/uploads\/2020\/06\/logo-tesla.png","width":512,"height":512,"caption":"TeslaFM"},"image":{"@id":"https:\/\/teslafm.net\/#\/schema\/logo\/image\/"},"sameAs":["https:\/\/www.facebook.com\/teslafm.net","https:\/\/x.com\/teslafm"]}]}},"rttpg_featured_image_url":null,"rttpg_author":{"display_name":"Ishak","author_link":"https:\/\/teslafm.net\/en\/author\/cravan\/"},"rttpg_comment":0,"rttpg_category":null,"rttpg_excerpt":"Anank\u00e9 Cap\u00edtulo XII Octubre 2019 01. Lucius Works Here \u2013 Una Revuelta Contra La Naturaleza (para Camille Claudel) \u2013 Detenido en el Tiempo (Sang Records, 2018) 02. D\u00f8dsmaskin \u2013 Det som \u00f8delegger \u2013 \u00d8delagt (Malignant, 2019) 03. Lena Andersson \u2013 Con un cuchillo \u2013 S\u00f6der M\u00e4larstrand (Raster, 2019) 04. Ike Yard \u2013 Ikimono Gitari \u2013&hellip;","_links":{"self":[{"href":"https:\/\/teslafm.net\/en\/wp-json\/wp\/v2\/pages\/3424","targetHints":{"allow":["GET"]}}],"collection":[{"href":"https:\/\/teslafm.net\/en\/wp-json\/wp\/v2\/pages"}],"about":[{"href":"https:\/\/teslafm.net\/en\/wp-json\/wp\/v2\/types\/page"}],"author":[{"embeddable":true,"href":"https:\/\/teslafm.net\/en\/wp-json\/wp\/v2\/users\/19"}],"replies":[{"embeddable":true,"href":"https:\/\/teslafm.net\/en\/wp-json\/wp\/v2\/comments?post=3424"}],"version-history":[{"count":6,"href":"https:\/\/teslafm.net\/en\/wp-json\/wp\/v2\/pages\/3424\/revisions"}],"predecessor-version":[{"id":56688,"href":"https:\/\/teslafm.net\/en\/wp-json\/wp\/v2\/pages\/3424\/revisions\/56688"}],"wp:attachment":[{"href":"https:\/\/teslafm.net\/en\/wp-json\/wp\/v2\/media?parent=3424"}],"curies":[{"name":"wp","href":"https:\/\/api.w.org\/{rel}","templated":true}]}}