

{"id":3480,"date":"2019-10-11T20:37:31","date_gmt":"2019-10-11T18:37:31","guid":{"rendered":"https:\/\/teslafm.net\/?page_id=3480"},"modified":"2021-03-06T15:50:06","modified_gmt":"2021-03-06T14:50:06","slug":"luna-llena-5","status":"publish","type":"page","link":"https:\/\/teslafm.net\/en\/luna-llena-5\/","title":{"rendered":"Full Moon #5"},"content":{"rendered":"<div data-elementor-type=\"wp-page\" data-elementor-id=\"3480\" class=\"elementor elementor-3480\">\n\t\t\t\t\t\t<section class=\"elementor-section elementor-top-section elementor-element elementor-element-5a3c46c elementor-section-boxed elementor-section-height-default elementor-section-height-default\" data-id=\"5a3c46c\" data-element_type=\"section\" data-e-type=\"section\">\n\t\t\t\t\t\t<div class=\"elementor-container elementor-column-gap-default\">\n\t\t\t\t\t<div class=\"elementor-column elementor-col-100 elementor-top-column elementor-element elementor-element-eeebc7b\" data-id=\"eeebc7b\" data-element_type=\"column\" data-e-type=\"column\">\n\t\t\t<div class=\"elementor-widget-wrap elementor-element-populated\">\n\t\t\t\t\t\t<div class=\"elementor-element elementor-element-0bcc237 elementor-widget elementor-widget-text-editor\" data-id=\"0bcc237\" data-element_type=\"widget\" data-e-type=\"widget\" data-widget_type=\"text-editor.default\">\n\t\t\t\t<div class=\"elementor-widget-container\">\n\t\t\t\t\t\t\t\t\t<h2><span style=\"color: #ffffff;\">Full Moon #5<\/span><\/h2><p><span style=\"color: #808080;\"><em>Spiritism and Amalia Domingo Soler<\/em><\/span><\/p>\t\t\t\t\t\t\t\t<\/div>\n\t\t\t\t<\/div>\n\t\t\t\t\t<\/div>\n\t\t<\/div>\n\t\t\t\t\t<\/div>\n\t\t<\/section>\n\t\t\t\t<section class=\"elementor-section elementor-top-section elementor-element elementor-element-a9c5948 elementor-section-boxed elementor-section-height-default elementor-section-height-default\" data-id=\"a9c5948\" data-element_type=\"section\" data-e-type=\"section\">\n\t\t\t\t\t\t<div class=\"elementor-container elementor-column-gap-default\">\n\t\t\t\t\t<div class=\"elementor-column elementor-col-100 elementor-top-column elementor-element elementor-element-865ce0c\" data-id=\"865ce0c\" data-element_type=\"column\" data-e-type=\"column\">\n\t\t\t<div class=\"elementor-widget-wrap elementor-element-populated\">\n\t\t\t\t\t\t<div class=\"elementor-element elementor-element-63dabc9 elementor-widget elementor-widget-text-editor\" data-id=\"63dabc9\" data-element_type=\"widget\" data-e-type=\"widget\" data-widget_type=\"text-editor.default\">\n\t\t\t\t<div class=\"elementor-widget-container\">\n\t\t\t\t\t\t\t\t\t<p><iframe src=\"https:\/\/www.mixcloud.com\/widget\/iframe\/?hide_cover=1&amp;feed=%2FTeslafm_net%2Fluna-llena-5-espiritismo-y-amalia-domingo-soler%2F\" width=\"100%\" height=\"120\" frameborder=\"0\"><\/iframe><\/p>\t\t\t\t\t\t\t\t<\/div>\n\t\t\t\t<\/div>\n\t\t\t\t\t<\/div>\n\t\t<\/div>\n\t\t\t\t\t<\/div>\n\t\t<\/section>\n\t\t\t\t<section class=\"elementor-section elementor-top-section elementor-element elementor-element-3105bc2 elementor-section-boxed elementor-section-height-default elementor-section-height-default\" data-id=\"3105bc2\" data-element_type=\"section\" data-e-type=\"section\">\n\t\t\t\t\t\t<div class=\"elementor-container elementor-column-gap-default\">\n\t\t\t\t\t<div class=\"elementor-column elementor-col-100 elementor-top-column elementor-element elementor-element-ad0150f\" data-id=\"ad0150f\" data-element_type=\"column\" data-e-type=\"column\">\n\t\t\t<div class=\"elementor-widget-wrap elementor-element-populated\">\n\t\t\t\t\t\t<div class=\"elementor-element elementor-element-0db74d2 elementor-widget elementor-widget-text-editor\" data-id=\"0db74d2\" data-element_type=\"widget\" data-e-type=\"widget\" data-widget_type=\"text-editor.default\">\n\t\t\t\t<div class=\"elementor-widget-container\">\n\t\t\t\t\t\t\t\t\t<p><span style=\"color: #808080;\"><strong>SPIRITISM<\/strong><\/span><\/p><p><span style=\"color: #808080;\">Spiritism. Spiritualism. Science of observation, experimentation and philosophical doctrine. As a practical science, it consists of the relations established with spirits. As a philosophy, it embraces all the moral consequences that flow from these relations. The science that deals with the nature, origin, and destiny of spirits, as well as with their relations with the corporeal world.<\/span><\/p><p><span style=\"color: #808080;\">Natural and scientific philosophy, of reasoned faith, without mysticism or secrets of initiation, without dogmas properly speaking, without liturgies, without symbols, without organized priesthood.<\/span><br \/><span style=\"color: #808080;\"><br \/>Spiritism is the science that deals with the nature, origin and destiny of spirits and the relationships they can establish with man.\u00a0<\/span><span style=\"color: #808080;\">Spiritism is the philosophy that results from these relationships, and that delves into the profound questions of where we come from, who we are, and where we are going.\u00a0<\/span><span style=\"color: #808080;\">Spiritism is founded on the existence of Spirits, these being nothing more than intelligent beings that populate the Universe beyond the material world. The facts and principles on which it rests are lost in the obscurity of the times, being found in the beliefs of many peoples and religions, but interpreted according to the superstitious ideas of each one of them.\u00a0<\/span><span style=\"color: #808080;\">epoch. The supernatural and superstitious now disappear in the light of science, philosophy and reason. It is under this scientific prism, within the science of observation, that it has been possible to ascertain numerous facts that have come to show and demonstrate certain truths that until then had been confined to the sphere of religious beliefs. The number of these facts, their universality, and the experimental observations carried out by numerous outstanding scientists (<b>Sir William Crookes<\/b>, <b>Sir Alfred Russel Wallace<\/b>, <b>Charles Richet<\/b>, <b>Sir Olilver Lodge<\/b>, <b>Cesar Lombroso<\/b>etc.) have made it possible to show a reality beyond the limited vibrations that our physical senses can reach.<\/span><\/p>\t\t\t\t\t\t\t\t<\/div>\n\t\t\t\t<\/div>\n\t\t\t\t\t<\/div>\n\t\t<\/div>\n\t\t\t\t\t<\/div>\n\t\t<\/section>\n\t\t\t\t<section class=\"elementor-section elementor-top-section elementor-element elementor-element-a67b6e4 elementor-section-boxed elementor-section-height-default elementor-section-height-default\" data-id=\"a67b6e4\" data-element_type=\"section\" data-e-type=\"section\">\n\t\t\t\t\t\t<div class=\"elementor-container elementor-column-gap-default\">\n\t\t\t\t\t<div class=\"elementor-column elementor-col-100 elementor-top-column elementor-element elementor-element-d60af44\" data-id=\"d60af44\" data-element_type=\"column\" data-e-type=\"column\">\n\t\t\t<div class=\"elementor-widget-wrap elementor-element-populated\">\n\t\t\t\t\t\t<div class=\"elementor-element elementor-element-a15fd9a elementor-position-left elementor-vertical-align-top elementor-widget elementor-widget-image-box\" data-id=\"a15fd9a\" data-element_type=\"widget\" data-e-type=\"widget\" data-widget_type=\"image-box.default\">\n\t\t\t\t<div class=\"elementor-widget-container\">\n\t\t\t\t\t<div class=\"elementor-image-box-wrapper\"><figure class=\"elementor-image-box-img\"><img fetchpriority=\"high\" decoding=\"async\" width=\"232\" height=\"300\" src=\"https:\/\/teslafm.net\/wp-content\/uploads\/2019\/10\/Amalia_Domingo_Soler-232x300.jpg\" class=\"attachment-medium size-medium wp-image-3505\" alt=\"\" srcset=\"https:\/\/teslafm.net\/wp-content\/uploads\/2019\/10\/Amalia_Domingo_Soler-232x300.jpg 232w, https:\/\/teslafm.net\/wp-content\/uploads\/2019\/10\/Amalia_Domingo_Soler.jpg 402w\" sizes=\"(max-width: 232px) 100vw, 232px\" \/><\/figure><div class=\"elementor-image-box-content\"><h3 class=\"elementor-image-box-title\">Amalia Domingo Soler<\/h3><p class=\"elementor-image-box-description\"><b>Amalia Domingo Soler<\/b>the spiritist lady par excellence, the poetess of Spiritism. Writer, journalist, spiritist divulgator, psychographer medium, titanic defender of the truth against ecclesiastical obscurantism, hope of the poor in spirit.<\/p><\/div><\/div>\t\t\t\t<\/div>\n\t\t\t\t<\/div>\n\t\t\t\t\t<\/div>\n\t\t<\/div>\n\t\t\t\t\t<\/div>\n\t\t<\/section>\n\t\t\t\t<section class=\"elementor-section elementor-top-section elementor-element elementor-element-33a41dc elementor-section-boxed elementor-section-height-default elementor-section-height-default\" data-id=\"33a41dc\" data-element_type=\"section\" data-e-type=\"section\">\n\t\t\t\t\t\t<div class=\"elementor-container elementor-column-gap-default\">\n\t\t\t\t\t<div class=\"elementor-column elementor-col-100 elementor-top-column elementor-element elementor-element-071fff5\" data-id=\"071fff5\" data-element_type=\"column\" data-e-type=\"column\">\n\t\t\t<div class=\"elementor-widget-wrap elementor-element-populated\">\n\t\t\t\t\t\t<div class=\"elementor-element elementor-element-e97f0db elementor-widget elementor-widget-gallery\" data-id=\"e97f0db\" data-element_type=\"widget\" data-e-type=\"widget\" data-settings=\"{&quot;columns&quot;:3,&quot;aspect_ratio&quot;:&quot;4:3&quot;,&quot;gallery_layout&quot;:&quot;grid&quot;,&quot;columns_tablet&quot;:2,&quot;columns_mobile&quot;:1,&quot;gap&quot;:{&quot;unit&quot;:&quot;px&quot;,&quot;size&quot;:10,&quot;sizes&quot;:[]},&quot;gap_tablet&quot;:{&quot;unit&quot;:&quot;px&quot;,&quot;size&quot;:10,&quot;sizes&quot;:[]},&quot;gap_mobile&quot;:{&quot;unit&quot;:&quot;px&quot;,&quot;size&quot;:10,&quot;sizes&quot;:[]},&quot;link_to&quot;:&quot;file&quot;,&quot;content_hover_animation&quot;:&quot;fade-in&quot;}\" data-widget_type=\"gallery.default\">\n\t\t\t\t<div class=\"elementor-widget-container\">\n\t\t\t\t\t\t\t\t<div class=\"elementor-gallery__titles-container e--pointer-none\">\n\t\t\t\t\n\t\t\t\t\t\t\t\t\t<a data-gallery-index=\"0\" class=\"elementor-item elementor-gallery-title\">\n\t\t\t\t\t\t\t\t\t\t\t<\/a>\n\t\t\t\t\t\t\t\t<\/div>\n\t\t\t\t\t<div class=\"elementor-gallery__container\">\n\t\t\t\t\t\t\t<a class=\"e-gallery-item elementor-gallery-item elementor-animated-content\" data-e-gallery-tags=\"0\" href=\"https:\/\/teslafm.net\/wp-content\/uploads\/2021\/01\/AD-A-la-memoria-1.jpeg\" data-elementor-open-lightbox=\"yes\" data-elementor-lightbox-slideshow=\"all-e97f0db\" data-elementor-lightbox-title=\"AD A la memoria 1\" data-e-action-hash=\"#elementor-action%3Aaction%3Dlightbox%26settings%3DeyJpZCI6NTYxMjEsInVybCI6Imh0dHBzOlwvXC90ZXNsYWZtLm5ldFwvd3AtY29udGVudFwvdXBsb2Fkc1wvMjAyMVwvMDFcL0FELUEtbGEtbWVtb3JpYS0xLmpwZWciLCJzbGlkZXNob3ciOiJhbGwtZTk3ZjBkYiJ9\">\n\t\t\t\t\t<div class=\"e-gallery-image elementor-gallery-item__image\" data-thumbnail=\"https:\/\/teslafm.net\/wp-content\/uploads\/2021\/01\/AD-A-la-memoria-1.jpeg\" data-width=\"1196\" data-height=\"974\" alt=\"\" ><\/div>\n\t\t\t\t\t\t\t\t\t\t\t\t\t\t<\/a>\n\t\t\t\t\t\t\t<a class=\"e-gallery-item elementor-gallery-item elementor-animated-content\" data-e-gallery-tags=\"0\" href=\"https:\/\/teslafm.net\/wp-content\/uploads\/2021\/01\/AD-A-la-memoria-2.jpeg\" data-elementor-open-lightbox=\"yes\" data-elementor-lightbox-slideshow=\"all-e97f0db\" data-elementor-lightbox-title=\"AD A la memoria 2\" data-e-action-hash=\"#elementor-action%3Aaction%3Dlightbox%26settings%3DeyJpZCI6NTYxMjIsInVybCI6Imh0dHBzOlwvXC90ZXNsYWZtLm5ldFwvd3AtY29udGVudFwvdXBsb2Fkc1wvMjAyMVwvMDFcL0FELUEtbGEtbWVtb3JpYS0yLmpwZWciLCJzbGlkZXNob3ciOiJhbGwtZTk3ZjBkYiJ9\">\n\t\t\t\t\t<div class=\"e-gallery-image elementor-gallery-item__image\" data-thumbnail=\"https:\/\/teslafm.net\/wp-content\/uploads\/2021\/01\/AD-A-la-memoria-2.jpeg\" data-width=\"1196\" data-height=\"978\" alt=\"\" ><\/div>\n\t\t\t\t\t\t\t\t\t\t\t\t\t\t<\/a>\n\t\t\t\t\t\t\t<a class=\"e-gallery-item elementor-gallery-item elementor-animated-content\" data-e-gallery-tags=\"0\" href=\"https:\/\/teslafm.net\/wp-content\/uploads\/2021\/01\/AD-A-la-memoria-3.jpeg\" data-elementor-open-lightbox=\"yes\" data-elementor-lightbox-slideshow=\"all-e97f0db\" data-elementor-lightbox-title=\"AD A la memoria 3\" data-e-action-hash=\"#elementor-action%3Aaction%3Dlightbox%26settings%3DeyJpZCI6NTYxMjMsInVybCI6Imh0dHBzOlwvXC90ZXNsYWZtLm5ldFwvd3AtY29udGVudFwvdXBsb2Fkc1wvMjAyMVwvMDFcL0FELUEtbGEtbWVtb3JpYS0zLmpwZWciLCJzbGlkZXNob3ciOiJhbGwtZTk3ZjBkYiJ9\">\n\t\t\t\t\t<div class=\"e-gallery-image elementor-gallery-item__image\" data-thumbnail=\"https:\/\/teslafm.net\/wp-content\/uploads\/2021\/01\/AD-A-la-memoria-3.jpeg\" data-width=\"604\" data-height=\"986\" alt=\"\" ><\/div>\n\t\t\t\t\t\t\t\t\t\t\t\t\t\t<\/a>\n\t\t\t\t\t<\/div>\n\t\t\t\t\t<\/div>\n\t\t\t\t<\/div>\n\t\t\t\t\t<\/div>\n\t\t<\/div>\n\t\t\t\t\t<\/div>\n\t\t<\/section>\n\t\t\t\t<section class=\"elementor-section elementor-top-section elementor-element elementor-element-2b3704d elementor-section-boxed elementor-section-height-default elementor-section-height-default\" data-id=\"2b3704d\" data-element_type=\"section\" data-e-type=\"section\">\n\t\t\t\t\t\t<div class=\"elementor-container elementor-column-gap-default\">\n\t\t\t\t\t<div class=\"elementor-column elementor-col-100 elementor-top-column elementor-element elementor-element-3265a84\" data-id=\"3265a84\" data-element_type=\"column\" data-e-type=\"column\">\n\t\t\t<div class=\"elementor-widget-wrap elementor-element-populated\">\n\t\t\t\t\t\t<div class=\"elementor-element elementor-element-3c5e124 elementor-widget elementor-widget-text-editor\" data-id=\"3c5e124\" data-element_type=\"widget\" data-e-type=\"widget\" data-widget_type=\"text-editor.default\">\n\t\t\t\t<div class=\"elementor-widget-container\">\n\t\t\t\t\t\t\t\t\t<p><span style=\"color: #808080;\"><b>POEMS<br \/><\/b><\/span><span style=\"color: #808080;\">In memory of my mother<br \/><\/span><span style=\"color: #808080;\">To the spirit of Sofia<br \/><\/span><span style=\"color: #808080;\">(Voice: Anal\u00eds)<\/span><\/p><p><span style=\"color: #808080;\"><b>SPIRITUALISTIC TALES<br \/><\/b><\/span><span style=\"color: #808080;\">Wait for me <\/span><span style=\"color: #808080;\">(Voice: \u00c1ngeles Roquero)<\/span><\/p><p><strong><span style=\"color: #808080;\"><b>BACKGROUND MUSIC<\/b><br \/><\/span><\/strong><span style=\"color: #808080;\">Mozart - 6 Variations for piano and violin in G Minor K360 on \"H\u00e9las, j'ai perdu mon amant\".<\/span><\/p><p><strong><span style=\"color: #808080;\"><b>MUSICAL PIECES CHOSEN IN THE FOLLOWING ORDER<\/b><br \/><\/span><\/strong><span style=\"color: #808080;\"><strong>Fr\u00e9d\u00e9ric Chopin<\/strong> - Polonaise #15 in B-flat Minor, CT 164, Adieu<br \/><\/span><span style=\"color: #808080;\"><strong>Franz Liszt<\/strong> - Piano Sonata in B Minor S. 178<\/span><\/p><p><a href=\"https:\/\/es.wikipedia.org\/wiki\/Amalia_Domingo_Soler\" target=\"_blank\" rel=\"noopener\">en.wikipedia.org\/wiki\/Amalia_Domingo_Soler<\/a><br \/><a href=\"\/en\/juntadeandalucia.es\/cultura\/bivian\/bivian\/media\/flashbookspending_readings\/spiritist_stories\/files\/amaliadomingo.pdf\/\" target=\"_blank\" rel=\"noopener\">juntadeandalucia.es\/cultura\/bivian\/bivian\/media\/flashbookspending_readings\/spiritist_stories\/files\/amaliadomingo.pdf<\/a><\/p><p><span style=\"color: #808080;\">Produced by <strong>Shak Benavides<\/strong> and <strong>ea7_dmZ<\/strong><\/span><\/p>\t\t\t\t\t\t\t\t<\/div>\n\t\t\t\t<\/div>\n\t\t\t\t\t<\/div>\n\t\t<\/div>\n\t\t\t\t\t<\/div>\n\t\t<\/section>\n\t\t\t\t<\/div>","protected":false},"excerpt":{"rendered":"<p>Luna Llena #5 Espiritismo y Amalia Domingo Soler ESPIRITISMO Espiritismo. Espirit. Ciencia de observaci\u00f3n, experimentaci\u00f3n y doctrina filos\u00f3fica. Como ciencia pr\u00e1ctica, consiste en las relaciones que se establecen con los Esp\u00edritus. Como filosof\u00eda, abarca todas las consecuencias morales que de dichas relaciones emanan. Ciencia que trata de la naturaleza, el origen y destino de los [&hellip;]<\/p>\n","protected":false},"author":19,"featured_media":0,"parent":0,"menu_order":0,"comment_status":"closed","ping_status":"closed","template":"","meta":{"footnotes":""},"class_list":["post-3480","page","type-page","status-publish","hentry"],"yoast_head":"<!-- This site is optimized with the Yoast SEO plugin v27.4 - https:\/\/yoast.com\/product\/yoast-seo-wordpress\/ -->\n<title>Luna Llena #5 -<\/title>\n<meta name=\"robots\" content=\"index, follow, max-snippet:-1, max-image-preview:large, max-video-preview:-1\" \/>\n<link rel=\"canonical\" href=\"https:\/\/teslafm.net\/en\/luna-llena-5\/\" \/>\n<meta property=\"og:locale\" content=\"en_US\" \/>\n<meta property=\"og:type\" content=\"article\" \/>\n<meta property=\"og:title\" content=\"Luna Llena #5 -\" \/>\n<meta property=\"og:description\" content=\"Luna Llena #5 Espiritismo y Amalia Domingo Soler ESPIRITISMO Espiritismo. Espirit. Ciencia de observaci\u00f3n, experimentaci\u00f3n y doctrina filos\u00f3fica. Como ciencia pr\u00e1ctica, consiste en las relaciones que se establecen con los Esp\u00edritus. Como filosof\u00eda, abarca todas las consecuencias morales que de dichas relaciones emanan. Ciencia que trata de la naturaleza, el origen y destino de los [&hellip;]\" \/>\n<meta property=\"og:url\" content=\"https:\/\/teslafm.net\/en\/luna-llena-5\/\" \/>\n<meta property=\"article:publisher\" content=\"https:\/\/www.facebook.com\/teslafm.net\" \/>\n<meta property=\"article:modified_time\" content=\"2021-03-06T14:50:06+00:00\" \/>\n<meta property=\"og:image\" content=\"https:\/\/teslafm.net\/wp-content\/uploads\/2019\/10\/Amalia_Domingo_Soler-232x300.jpg\" \/>\n<meta name=\"twitter:card\" content=\"summary_large_image\" \/>\n<meta name=\"twitter:site\" content=\"@teslafm\" \/>\n<meta name=\"twitter:label1\" content=\"Est. reading time\" \/>\n\t<meta name=\"twitter:data1\" content=\"3 minutes\" \/>\n<script type=\"application\/ld+json\" class=\"yoast-schema-graph\">{\"@context\":\"https:\\\/\\\/schema.org\",\"@graph\":[{\"@type\":\"WebPage\",\"@id\":\"https:\\\/\\\/teslafm.net\\\/luna-llena-5\\\/\",\"url\":\"https:\\\/\\\/teslafm.net\\\/luna-llena-5\\\/\",\"name\":\"Luna Llena #5 -\",\"isPartOf\":{\"@id\":\"https:\\\/\\\/teslafm.net\\\/#website\"},\"primaryImageOfPage\":{\"@id\":\"https:\\\/\\\/teslafm.net\\\/luna-llena-5\\\/#primaryimage\"},\"image\":{\"@id\":\"https:\\\/\\\/teslafm.net\\\/luna-llena-5\\\/#primaryimage\"},\"thumbnailUrl\":\"https:\\\/\\\/teslafm.net\\\/wp-content\\\/uploads\\\/2019\\\/10\\\/Amalia_Domingo_Soler-232x300.jpg\",\"datePublished\":\"2019-10-11T18:37:31+00:00\",\"dateModified\":\"2021-03-06T14:50:06+00:00\",\"breadcrumb\":{\"@id\":\"https:\\\/\\\/teslafm.net\\\/luna-llena-5\\\/#breadcrumb\"},\"inLanguage\":\"en-US\",\"potentialAction\":[{\"@type\":\"ReadAction\",\"target\":[\"https:\\\/\\\/teslafm.net\\\/luna-llena-5\\\/\"]}]},{\"@type\":\"ImageObject\",\"inLanguage\":\"en-US\",\"@id\":\"https:\\\/\\\/teslafm.net\\\/luna-llena-5\\\/#primaryimage\",\"url\":\"https:\\\/\\\/teslafm.net\\\/wp-content\\\/uploads\\\/2019\\\/10\\\/Amalia_Domingo_Soler-232x300.jpg\",\"contentUrl\":\"https:\\\/\\\/teslafm.net\\\/wp-content\\\/uploads\\\/2019\\\/10\\\/Amalia_Domingo_Soler-232x300.jpg\"},{\"@type\":\"BreadcrumbList\",\"@id\":\"https:\\\/\\\/teslafm.net\\\/luna-llena-5\\\/#breadcrumb\",\"itemListElement\":[{\"@type\":\"ListItem\",\"position\":1,\"name\":\"Portada\",\"item\":\"https:\\\/\\\/teslafm.net\\\/\"},{\"@type\":\"ListItem\",\"position\":2,\"name\":\"Luna Llena #5\"}]},{\"@type\":\"WebSite\",\"@id\":\"https:\\\/\\\/teslafm.net\\\/#website\",\"url\":\"https:\\\/\\\/teslafm.net\\\/\",\"name\":\"TeslaFM\",\"description\":\"An experimental and creative radio\",\"publisher\":{\"@id\":\"https:\\\/\\\/teslafm.net\\\/#organization\"},\"potentialAction\":[{\"@type\":\"SearchAction\",\"target\":{\"@type\":\"EntryPoint\",\"urlTemplate\":\"https:\\\/\\\/teslafm.net\\\/?s={search_term_string}\"},\"query-input\":{\"@type\":\"PropertyValueSpecification\",\"valueRequired\":true,\"valueName\":\"search_term_string\"}}],\"inLanguage\":\"en-US\"},{\"@type\":\"Organization\",\"@id\":\"https:\\\/\\\/teslafm.net\\\/#organization\",\"name\":\"TeslaFM\",\"url\":\"https:\\\/\\\/teslafm.net\\\/\",\"logo\":{\"@type\":\"ImageObject\",\"inLanguage\":\"en-US\",\"@id\":\"https:\\\/\\\/teslafm.net\\\/#\\\/schema\\\/logo\\\/image\\\/\",\"url\":\"https:\\\/\\\/teslafm.net\\\/wp-content\\\/uploads\\\/2020\\\/06\\\/logo-tesla.png\",\"contentUrl\":\"https:\\\/\\\/teslafm.net\\\/wp-content\\\/uploads\\\/2020\\\/06\\\/logo-tesla.png\",\"width\":512,\"height\":512,\"caption\":\"TeslaFM\"},\"image\":{\"@id\":\"https:\\\/\\\/teslafm.net\\\/#\\\/schema\\\/logo\\\/image\\\/\"},\"sameAs\":[\"https:\\\/\\\/www.facebook.com\\\/teslafm.net\",\"https:\\\/\\\/x.com\\\/teslafm\"]}]}<\/script>\n<!-- \/ Yoast SEO plugin. -->","yoast_head_json":{"title":"Full Moon #5 -","robots":{"index":"index","follow":"follow","max-snippet":"max-snippet:-1","max-image-preview":"max-image-preview:large","max-video-preview":"max-video-preview:-1"},"canonical":"https:\/\/teslafm.net\/en\/luna-llena-5\/","og_locale":"en_US","og_type":"article","og_title":"Luna Llena #5 -","og_description":"Luna Llena #5 Espiritismo y Amalia Domingo Soler ESPIRITISMO Espiritismo. Espirit. Ciencia de observaci\u00f3n, experimentaci\u00f3n y doctrina filos\u00f3fica. Como ciencia pr\u00e1ctica, consiste en las relaciones que se establecen con los Esp\u00edritus. Como filosof\u00eda, abarca todas las consecuencias morales que de dichas relaciones emanan. Ciencia que trata de la naturaleza, el origen y destino de los [&hellip;]","og_url":"https:\/\/teslafm.net\/en\/luna-llena-5\/","article_publisher":"https:\/\/www.facebook.com\/teslafm.net","article_modified_time":"2021-03-06T14:50:06+00:00","og_image":[{"url":"https:\/\/teslafm.net\/wp-content\/uploads\/2019\/10\/Amalia_Domingo_Soler-232x300.jpg","type":"","width":"","height":""}],"twitter_card":"summary_large_image","twitter_site":"@teslafm","twitter_misc":{"Est. reading time":"3 minutes"},"schema":{"@context":"https:\/\/schema.org","@graph":[{"@type":"WebPage","@id":"https:\/\/teslafm.net\/luna-llena-5\/","url":"https:\/\/teslafm.net\/luna-llena-5\/","name":"Full Moon #5 -","isPartOf":{"@id":"https:\/\/teslafm.net\/#website"},"primaryImageOfPage":{"@id":"https:\/\/teslafm.net\/luna-llena-5\/#primaryimage"},"image":{"@id":"https:\/\/teslafm.net\/luna-llena-5\/#primaryimage"},"thumbnailUrl":"https:\/\/teslafm.net\/wp-content\/uploads\/2019\/10\/Amalia_Domingo_Soler-232x300.jpg","datePublished":"2019-10-11T18:37:31+00:00","dateModified":"2021-03-06T14:50:06+00:00","breadcrumb":{"@id":"https:\/\/teslafm.net\/luna-llena-5\/#breadcrumb"},"inLanguage":"en-US","potentialAction":[{"@type":"ReadAction","target":["https:\/\/teslafm.net\/luna-llena-5\/"]}]},{"@type":"ImageObject","inLanguage":"en-US","@id":"https:\/\/teslafm.net\/luna-llena-5\/#primaryimage","url":"https:\/\/teslafm.net\/wp-content\/uploads\/2019\/10\/Amalia_Domingo_Soler-232x300.jpg","contentUrl":"https:\/\/teslafm.net\/wp-content\/uploads\/2019\/10\/Amalia_Domingo_Soler-232x300.jpg"},{"@type":"BreadcrumbList","@id":"https:\/\/teslafm.net\/luna-llena-5\/#breadcrumb","itemListElement":[{"@type":"ListItem","position":1,"name":"Portada","item":"https:\/\/teslafm.net\/"},{"@type":"ListItem","position":2,"name":"Luna Llena #5"}]},{"@type":"WebSite","@id":"https:\/\/teslafm.net\/#website","url":"https:\/\/teslafm.net\/","name":"TeslaFM","description":"An experimental and creative radio","publisher":{"@id":"https:\/\/teslafm.net\/#organization"},"potentialAction":[{"@type":"SearchAction","target":{"@type":"EntryPoint","urlTemplate":"https:\/\/teslafm.net\/?s={search_term_string}"},"query-input":{"@type":"PropertyValueSpecification","valueRequired":true,"valueName":"search_term_string"}}],"inLanguage":"en-US"},{"@type":"Organization","@id":"https:\/\/teslafm.net\/#organization","name":"TeslaFM","url":"https:\/\/teslafm.net\/","logo":{"@type":"ImageObject","inLanguage":"en-US","@id":"https:\/\/teslafm.net\/#\/schema\/logo\/image\/","url":"https:\/\/teslafm.net\/wp-content\/uploads\/2020\/06\/logo-tesla.png","contentUrl":"https:\/\/teslafm.net\/wp-content\/uploads\/2020\/06\/logo-tesla.png","width":512,"height":512,"caption":"TeslaFM"},"image":{"@id":"https:\/\/teslafm.net\/#\/schema\/logo\/image\/"},"sameAs":["https:\/\/www.facebook.com\/teslafm.net","https:\/\/x.com\/teslafm"]}]}},"rttpg_featured_image_url":null,"rttpg_author":{"display_name":"Ishak","author_link":"https:\/\/teslafm.net\/en\/author\/cravan\/"},"rttpg_comment":0,"rttpg_category":null,"rttpg_excerpt":"Luna Llena #5 Espiritismo y Amalia Domingo Soler ESPIRITISMO Espiritismo. Espirit. Ciencia de observaci\u00f3n, experimentaci\u00f3n y doctrina filos\u00f3fica. Como ciencia pr\u00e1ctica, consiste en las relaciones que se establecen con los Esp\u00edritus. Como filosof\u00eda, abarca todas las consecuencias morales que de dichas relaciones emanan. Ciencia que trata de la naturaleza, el origen y destino de los&hellip;","_links":{"self":[{"href":"https:\/\/teslafm.net\/en\/wp-json\/wp\/v2\/pages\/3480","targetHints":{"allow":["GET"]}}],"collection":[{"href":"https:\/\/teslafm.net\/en\/wp-json\/wp\/v2\/pages"}],"about":[{"href":"https:\/\/teslafm.net\/en\/wp-json\/wp\/v2\/types\/page"}],"author":[{"embeddable":true,"href":"https:\/\/teslafm.net\/en\/wp-json\/wp\/v2\/users\/19"}],"replies":[{"embeddable":true,"href":"https:\/\/teslafm.net\/en\/wp-json\/wp\/v2\/comments?post=3480"}],"version-history":[{"count":48,"href":"https:\/\/teslafm.net\/en\/wp-json\/wp\/v2\/pages\/3480\/revisions"}],"predecessor-version":[{"id":56125,"href":"https:\/\/teslafm.net\/en\/wp-json\/wp\/v2\/pages\/3480\/revisions\/56125"}],"wp:attachment":[{"href":"https:\/\/teslafm.net\/en\/wp-json\/wp\/v2\/media?parent=3480"}],"curies":[{"name":"wp","href":"https:\/\/api.w.org\/{rel}","templated":true}]}}