

{"id":3542,"date":"2019-10-17T15:49:21","date_gmt":"2019-10-17T13:49:21","guid":{"rendered":"https:\/\/teslafm.net\/?page_id=3542"},"modified":"2021-03-11T21:43:04","modified_gmt":"2021-03-11T20:43:04","slug":"seccion-aurea-7","status":"publish","type":"page","link":"https:\/\/teslafm.net\/en\/seccion-aurea-7\/","title":{"rendered":"Golden Section #7"},"content":{"rendered":"<h2><span style=\"color: #ffffff;\"><strong>Golden Section #7<\/strong><\/span><\/h2>\n<p><span style=\"color: #808080;\"><em>October 2019<\/em><\/span><\/p>\n<p><iframe src=\"https:\/\/www.mixcloud.com\/widget\/iframe\/?hide_cover=1&amp;feed=%2FTeslafm_net%2Fsecci%C3%B3n-%C3%A1urea-7-alfonso-alfonso%2F\" width=\"100%\" height=\"120\" frameborder=\"0\"><\/iframe><\/p>\n<p><span style=\"color: #808080;\"><b>TEXTS<\/b><\/span><br \/>\n<span style=\"color: #808080;\">\"<em>Psychonaut<\/em>\"by Peter J. Carroll<\/span><\/p>\n<p><span style=\"color: #808080;\"><b>MUSIC<\/b><\/span><br \/>\n<span style=\"color: #808080;\">01. <strong>Cyclobe<\/strong> - Wounded Galaxies Tap At The Window<\/span><br \/>\n<span style=\"color: #808080;\">02. <strong>Bernardino Femminielli<\/strong> - L'evangeliste consacr\u00e9<\/span><br \/>\n<span style=\"color: #808080;\">03. <strong>Badgerlore<\/strong> - I Remember Your Glass<\/span><br \/>\n<span style=\"color: #808080;\">04. <strong>Kali Malone<\/strong> - Bondage To Formula<\/span><br \/>\n<span style=\"color: #808080;\">05. <strong>Hisato Higuchi<\/strong> - Watashi wa kotoba oushinatta<\/span><br \/>\n<span style=\"color: #808080;\">06. <strong>Charles Wain<\/strong> - Driving Home<\/span><br \/>\n<span style=\"color: #808080;\">07. <strong>Coil<\/strong> - The Sea Priestess<\/span><\/p>","protected":false},"excerpt":{"rendered":"<p>Secci\u00f3n \u00c1urea #7 Octubre 2019 TEXTOS \u00abPsiconauta\u00bb de Peter J. Carroll M\u00daSICA 01. Cyclobe &#8211; Wounded Galaxies Tap At The Window 02. Bernardino Femminielli &#8211; L&#8217;evangeliste consacr\u00e9 03. Badgerlore &#8211; I Remember Your Glass 04. Kali Malone &#8211; Bondage To Formula 05. Hisato Higuchi &#8211; Watashi wa kotoba oushinatta 06. Charles Wain &#8211; Driving Home [&hellip;]<\/p>\n","protected":false},"author":19,"featured_media":0,"parent":0,"menu_order":0,"comment_status":"closed","ping_status":"closed","template":"","meta":{"footnotes":""},"class_list":["post-3542","page","type-page","status-publish","hentry"],"yoast_head":"<!-- This site is optimized with the Yoast SEO plugin v27.4 - https:\/\/yoast.com\/product\/yoast-seo-wordpress\/ -->\n<title>Secci\u00f3n \u00c1urea #7 -<\/title>\n<meta name=\"robots\" content=\"index, follow, max-snippet:-1, max-image-preview:large, max-video-preview:-1\" \/>\n<link rel=\"canonical\" href=\"https:\/\/teslafm.net\/en\/seccion-aurea-7\/\" \/>\n<meta property=\"og:locale\" content=\"en_US\" \/>\n<meta property=\"og:type\" content=\"article\" \/>\n<meta property=\"og:title\" content=\"Secci\u00f3n \u00c1urea #7 -\" \/>\n<meta property=\"og:description\" content=\"Secci\u00f3n \u00c1urea #7 Octubre 2019 TEXTOS \u00abPsiconauta\u00bb de Peter J. Carroll M\u00daSICA 01. Cyclobe &#8211; Wounded Galaxies Tap At The Window 02. Bernardino Femminielli &#8211; L&#8217;evangeliste consacr\u00e9 03. Badgerlore &#8211; I Remember Your Glass 04. Kali Malone &#8211; Bondage To Formula 05. Hisato Higuchi &#8211; Watashi wa kotoba oushinatta 06. Charles Wain &#8211; Driving Home [&hellip;]\" \/>\n<meta property=\"og:url\" content=\"https:\/\/teslafm.net\/en\/seccion-aurea-7\/\" \/>\n<meta property=\"article:publisher\" content=\"https:\/\/www.facebook.com\/teslafm.net\" \/>\n<meta property=\"article:modified_time\" content=\"2021-03-11T20:43:04+00:00\" \/>\n<meta property=\"og:image\" content=\"https:\/\/teslafm.net\/wp-content\/uploads\/2022\/09\/header-image-4-temp.png\" \/>\n\t<meta property=\"og:image:width\" content=\"1274\" \/>\n\t<meta property=\"og:image:height\" content=\"818\" \/>\n\t<meta property=\"og:image:type\" content=\"image\/png\" \/>\n<meta name=\"twitter:card\" content=\"summary_large_image\" \/>\n<meta name=\"twitter:site\" content=\"@teslafm\" \/>\n<meta name=\"twitter:label1\" content=\"Est. reading time\" \/>\n\t<meta name=\"twitter:data1\" content=\"1 minute\" \/>\n<script type=\"application\/ld+json\" class=\"yoast-schema-graph\">{\"@context\":\"https:\\\/\\\/schema.org\",\"@graph\":[{\"@type\":\"WebPage\",\"@id\":\"https:\\\/\\\/teslafm.net\\\/en\\\/seccion-aurea-7\\\/\",\"url\":\"https:\\\/\\\/teslafm.net\\\/en\\\/seccion-aurea-7\\\/\",\"name\":\"Secci\u00f3n \u00c1urea #7 -\",\"isPartOf\":{\"@id\":\"https:\\\/\\\/teslafm.net\\\/#website\"},\"datePublished\":\"2019-10-17T13:49:21+00:00\",\"dateModified\":\"2021-03-11T20:43:04+00:00\",\"breadcrumb\":{\"@id\":\"https:\\\/\\\/teslafm.net\\\/en\\\/seccion-aurea-7\\\/#breadcrumb\"},\"inLanguage\":\"en-US\",\"potentialAction\":[{\"@type\":\"ReadAction\",\"target\":[\"https:\\\/\\\/teslafm.net\\\/en\\\/seccion-aurea-7\\\/\"]}]},{\"@type\":\"BreadcrumbList\",\"@id\":\"https:\\\/\\\/teslafm.net\\\/en\\\/seccion-aurea-7\\\/#breadcrumb\",\"itemListElement\":[{\"@type\":\"ListItem\",\"position\":1,\"name\":\"Portada\",\"item\":\"https:\\\/\\\/teslafm.net\\\/\"},{\"@type\":\"ListItem\",\"position\":2,\"name\":\"Secci\u00f3n \u00c1urea #7\"}]},{\"@type\":\"WebSite\",\"@id\":\"https:\\\/\\\/teslafm.net\\\/#website\",\"url\":\"https:\\\/\\\/teslafm.net\\\/\",\"name\":\"TeslaFM\",\"description\":\"An experimental and creative radio\",\"publisher\":{\"@id\":\"https:\\\/\\\/teslafm.net\\\/#organization\"},\"potentialAction\":[{\"@type\":\"SearchAction\",\"target\":{\"@type\":\"EntryPoint\",\"urlTemplate\":\"https:\\\/\\\/teslafm.net\\\/?s={search_term_string}\"},\"query-input\":{\"@type\":\"PropertyValueSpecification\",\"valueRequired\":true,\"valueName\":\"search_term_string\"}}],\"inLanguage\":\"en-US\"},{\"@type\":\"Organization\",\"@id\":\"https:\\\/\\\/teslafm.net\\\/#organization\",\"name\":\"TeslaFM\",\"url\":\"https:\\\/\\\/teslafm.net\\\/\",\"logo\":{\"@type\":\"ImageObject\",\"inLanguage\":\"en-US\",\"@id\":\"https:\\\/\\\/teslafm.net\\\/#\\\/schema\\\/logo\\\/image\\\/\",\"url\":\"https:\\\/\\\/teslafm.net\\\/wp-content\\\/uploads\\\/2020\\\/06\\\/logo-tesla.png\",\"contentUrl\":\"https:\\\/\\\/teslafm.net\\\/wp-content\\\/uploads\\\/2020\\\/06\\\/logo-tesla.png\",\"width\":512,\"height\":512,\"caption\":\"TeslaFM\"},\"image\":{\"@id\":\"https:\\\/\\\/teslafm.net\\\/#\\\/schema\\\/logo\\\/image\\\/\"},\"sameAs\":[\"https:\\\/\\\/www.facebook.com\\\/teslafm.net\",\"https:\\\/\\\/x.com\\\/teslafm\"]}]}<\/script>\n<!-- \/ Yoast SEO plugin. -->","yoast_head_json":{"title":"Secci\u00f3n \u00c1urea #7 -","robots":{"index":"index","follow":"follow","max-snippet":"max-snippet:-1","max-image-preview":"max-image-preview:large","max-video-preview":"max-video-preview:-1"},"canonical":"https:\/\/teslafm.net\/en\/seccion-aurea-7\/","og_locale":"en_US","og_type":"article","og_title":"Secci\u00f3n \u00c1urea #7 -","og_description":"Secci\u00f3n \u00c1urea #7 Octubre 2019 TEXTOS \u00abPsiconauta\u00bb de Peter J. Carroll M\u00daSICA 01. Cyclobe &#8211; Wounded Galaxies Tap At The Window 02. Bernardino Femminielli &#8211; L&#8217;evangeliste consacr\u00e9 03. Badgerlore &#8211; I Remember Your Glass 04. Kali Malone &#8211; Bondage To Formula 05. Hisato Higuchi &#8211; Watashi wa kotoba oushinatta 06. Charles Wain &#8211; Driving Home [&hellip;]","og_url":"https:\/\/teslafm.net\/en\/seccion-aurea-7\/","article_publisher":"https:\/\/www.facebook.com\/teslafm.net","article_modified_time":"2021-03-11T20:43:04+00:00","og_image":[{"width":1274,"height":818,"url":"https:\/\/teslafm.net\/wp-content\/uploads\/2022\/09\/header-image-4-temp.png","type":"image\/png"}],"twitter_card":"summary_large_image","twitter_site":"@teslafm","twitter_misc":{"Est. reading time":"1 minute"},"schema":{"@context":"https:\/\/schema.org","@graph":[{"@type":"WebPage","@id":"https:\/\/teslafm.net\/en\/seccion-aurea-7\/","url":"https:\/\/teslafm.net\/en\/seccion-aurea-7\/","name":"Secci\u00f3n \u00c1urea #7 -","isPartOf":{"@id":"https:\/\/teslafm.net\/#website"},"datePublished":"2019-10-17T13:49:21+00:00","dateModified":"2021-03-11T20:43:04+00:00","breadcrumb":{"@id":"https:\/\/teslafm.net\/en\/seccion-aurea-7\/#breadcrumb"},"inLanguage":"en-US","potentialAction":[{"@type":"ReadAction","target":["https:\/\/teslafm.net\/en\/seccion-aurea-7\/"]}]},{"@type":"BreadcrumbList","@id":"https:\/\/teslafm.net\/en\/seccion-aurea-7\/#breadcrumb","itemListElement":[{"@type":"ListItem","position":1,"name":"Portada","item":"https:\/\/teslafm.net\/"},{"@type":"ListItem","position":2,"name":"Secci\u00f3n \u00c1urea #7"}]},{"@type":"WebSite","@id":"https:\/\/teslafm.net\/#website","url":"https:\/\/teslafm.net\/","name":"TeslaFM","description":"An experimental and creative radio","publisher":{"@id":"https:\/\/teslafm.net\/#organization"},"potentialAction":[{"@type":"SearchAction","target":{"@type":"EntryPoint","urlTemplate":"https:\/\/teslafm.net\/?s={search_term_string}"},"query-input":{"@type":"PropertyValueSpecification","valueRequired":true,"valueName":"search_term_string"}}],"inLanguage":"en-US"},{"@type":"Organization","@id":"https:\/\/teslafm.net\/#organization","name":"TeslaFM","url":"https:\/\/teslafm.net\/","logo":{"@type":"ImageObject","inLanguage":"en-US","@id":"https:\/\/teslafm.net\/#\/schema\/logo\/image\/","url":"https:\/\/teslafm.net\/wp-content\/uploads\/2020\/06\/logo-tesla.png","contentUrl":"https:\/\/teslafm.net\/wp-content\/uploads\/2020\/06\/logo-tesla.png","width":512,"height":512,"caption":"TeslaFM"},"image":{"@id":"https:\/\/teslafm.net\/#\/schema\/logo\/image\/"},"sameAs":["https:\/\/www.facebook.com\/teslafm.net","https:\/\/x.com\/teslafm"]}]}},"rttpg_featured_image_url":null,"rttpg_author":{"display_name":"Ishak","author_link":"https:\/\/teslafm.net\/en\/author\/cravan\/"},"rttpg_comment":0,"rttpg_category":null,"rttpg_excerpt":"Secci\u00f3n \u00c1urea #7 Octubre 2019 TEXTOS \u00abPsiconauta\u00bb de Peter J. Carroll M\u00daSICA 01. Cyclobe &#8211; Wounded Galaxies Tap At The Window 02. Bernardino Femminielli &#8211; L&#8217;evangeliste consacr\u00e9 03. Badgerlore &#8211; I Remember Your Glass 04. Kali Malone &#8211; Bondage To Formula 05. Hisato Higuchi &#8211; Watashi wa kotoba oushinatta 06. Charles Wain &#8211; Driving Home&hellip;","_links":{"self":[{"href":"https:\/\/teslafm.net\/en\/wp-json\/wp\/v2\/pages\/3542","targetHints":{"allow":["GET"]}}],"collection":[{"href":"https:\/\/teslafm.net\/en\/wp-json\/wp\/v2\/pages"}],"about":[{"href":"https:\/\/teslafm.net\/en\/wp-json\/wp\/v2\/types\/page"}],"author":[{"embeddable":true,"href":"https:\/\/teslafm.net\/en\/wp-json\/wp\/v2\/users\/19"}],"replies":[{"embeddable":true,"href":"https:\/\/teslafm.net\/en\/wp-json\/wp\/v2\/comments?post=3542"}],"version-history":[{"count":6,"href":"https:\/\/teslafm.net\/en\/wp-json\/wp\/v2\/pages\/3542\/revisions"}],"predecessor-version":[{"id":57483,"href":"https:\/\/teslafm.net\/en\/wp-json\/wp\/v2\/pages\/3542\/revisions\/57483"}],"wp:attachment":[{"href":"https:\/\/teslafm.net\/en\/wp-json\/wp\/v2\/media?parent=3542"}],"curies":[{"name":"wp","href":"https:\/\/api.w.org\/{rel}","templated":true}]}}