

{"id":3659,"date":"2019-11-06T18:42:03","date_gmt":"2019-11-06T17:42:03","guid":{"rendered":"https:\/\/teslafm.net\/?page_id=3659"},"modified":"2021-03-13T11:04:30","modified_gmt":"2021-03-13T10:04:30","slug":"teoria-incertidumbre-13","status":"publish","type":"page","link":"https:\/\/teslafm.net\/en\/teoria-incertidumbre-13\/","title":{"rendered":"Uncertainty Theory #13"},"content":{"rendered":"<div data-elementor-type=\"wp-page\" data-elementor-id=\"3659\" class=\"elementor elementor-3659\">\n\t\t\t\t\t\t<section class=\"elementor-section elementor-top-section elementor-element elementor-element-527f2df elementor-section-boxed elementor-section-height-default elementor-section-height-default\" data-id=\"527f2df\" data-element_type=\"section\" data-e-type=\"section\">\n\t\t\t\t\t\t<div class=\"elementor-container elementor-column-gap-default\">\n\t\t\t\t\t<div class=\"elementor-column elementor-col-100 elementor-top-column elementor-element elementor-element-808f6de\" data-id=\"808f6de\" data-element_type=\"column\" data-e-type=\"column\">\n\t\t\t<div class=\"elementor-widget-wrap elementor-element-populated\">\n\t\t\t\t\t\t<div class=\"elementor-element elementor-element-9887649 elementor-widget elementor-widget-text-editor\" data-id=\"9887649\" data-element_type=\"widget\" data-e-type=\"widget\" data-widget_type=\"text-editor.default\">\n\t\t\t\t<div class=\"elementor-widget-container\">\n\t\t\t\t\t\t\t\t\t<h2><span style=\"color: #ffffff;\"><strong>Uncertainty Theory #13<\/strong><\/span><\/h2><p><span style=\"color: #808080;\"><em>Anarchestra by Alex Ferris, Joana Moher and Sly &amp; The Family Drone<\/em><\/span><\/p><p><iframe src=\"https:\/\/www.mixcloud.com\/widget\/iframe\/?hide_cover=1&amp;feed=%2FTeslafm_net%2Fteor%C3%ADa-incertidumbre-13-andrea-bravo%2F\" width=\"100%\" height=\"120\" frameborder=\"0\" data-mce-fragment=\"1\"><\/iframe><\/p><p><span style=\"color: #808080;\"><strong>SUBJECT<\/strong><\/span><\/p><p><span style=\"color: #808080;\">Anarchestra de <strong>Alex Ferris<\/strong>sonoplasty, the sonoplasty of <strong>Joana Moher<\/strong> and the music of <strong>Sly &amp; The Family Drone.<\/strong><\/span><\/p><p><span style=\"color: #808080;\"><b><br \/>MUSIC<\/b><\/span><\/p><p><span style=\"color: #808080;\">Demonstration of <strong>Reroar of Anarchestra<\/strong> (Reroar #5: Adrums, Basok, Crickets - 2016)<br \/><\/span><strong style=\"color: #808080;\">Sly &amp; The Family Drone<\/strong><span style=\"color: #808080;\"> - Heaven's Gate Dog Agility (from the album Gentle Persuaders - 2019).<br \/><\/span><strong style=\"color: #808080;\">Sly &amp; The Family Drone + Dead Neanderthals<\/strong><span style=\"color: #808080;\"> - Ghoul whispers (from the album Molar Wrench - 2017.<\/span><\/p>\t\t\t\t\t\t\t\t<\/div>\n\t\t\t\t<\/div>\n\t\t\t\t\t<\/div>\n\t\t<\/div>\n\t\t\t\t\t<\/div>\n\t\t<\/section>\n\t\t\t\t<section class=\"elementor-section elementor-top-section elementor-element elementor-element-f13c1b1 elementor-section-boxed elementor-section-height-default elementor-section-height-default\" data-id=\"f13c1b1\" data-element_type=\"section\" data-e-type=\"section\">\n\t\t\t\t\t\t<div class=\"elementor-container elementor-column-gap-default\">\n\t\t\t\t\t<div class=\"elementor-column elementor-col-100 elementor-top-column elementor-element elementor-element-4fe6975\" data-id=\"4fe6975\" data-element_type=\"column\" data-e-type=\"column\">\n\t\t\t<div class=\"elementor-widget-wrap elementor-element-populated\">\n\t\t\t\t\t\t<div class=\"elementor-element elementor-element-88d0a26 elementor-position-left elementor-vertical-align-top elementor-widget elementor-widget-image-box\" data-id=\"88d0a26\" data-element_type=\"widget\" data-e-type=\"widget\" data-widget_type=\"image-box.default\">\n\t\t\t\t<div class=\"elementor-widget-container\">\n\t\t\t\t\t<div class=\"elementor-image-box-wrapper\"><figure class=\"elementor-image-box-img\"><img fetchpriority=\"high\" decoding=\"async\" width=\"474\" height=\"356\" src=\"https:\/\/teslafm.net\/wp-content\/uploads\/2019\/11\/Reroar.jpg\" class=\"attachment-mythemes-classic size-mythemes-classic wp-image-3660\" alt=\"\" srcset=\"https:\/\/teslafm.net\/wp-content\/uploads\/2019\/11\/Reroar.jpg 474w, https:\/\/teslafm.net\/wp-content\/uploads\/2019\/11\/Reroar-300x225.jpg 300w\" sizes=\"(max-width: 474px) 100vw, 474px\" \/><\/figure><div class=\"elementor-image-box-content\"><h3 class=\"elementor-image-box-title\"><b>REROAR INSTRUMENT<\/b><\/h3><p class=\"elementor-image-box-description\">Group of gongs hung on a kind of tub with counterweights that allow the gongs to slide vertically and can be introduced into the water of the tub.\n\nThis extends the surface area of the gongs and lowers their pitch depending on how deeply they are submerged. Anything that sounds for a period of time submerged in water will have this effect.<\/p><\/div><\/div>\t\t\t\t<\/div>\n\t\t\t\t<\/div>\n\t\t\t\t\t<\/div>\n\t\t<\/div>\n\t\t\t\t\t<\/div>\n\t\t<\/section>\n\t\t\t\t<section class=\"elementor-section elementor-top-section elementor-element elementor-element-50284408 elementor-section-boxed elementor-section-height-default elementor-section-height-default\" data-id=\"50284408\" data-element_type=\"section\" data-e-type=\"section\">\n\t\t\t\t\t\t<div class=\"elementor-container elementor-column-gap-default\">\n\t\t\t\t\t<div class=\"elementor-column elementor-col-100 elementor-top-column elementor-element elementor-element-68bc9e46\" data-id=\"68bc9e46\" data-element_type=\"column\" data-e-type=\"column\">\n\t\t\t<div class=\"elementor-widget-wrap elementor-element-populated\">\n\t\t\t\t\t\t<div class=\"elementor-element elementor-element-539e668a elementor-widget elementor-widget-text-editor\" data-id=\"539e668a\" data-element_type=\"widget\" data-e-type=\"widget\" data-widget_type=\"text-editor.default\">\n\t\t\t\t<div class=\"elementor-widget-container\">\n\t\t\t\t\t\t\t\t\t<p><span style=\"color: #808080;\"><strong>Alex Ferris<\/strong> describes about bells, gongs and cymbals that they produce a multitude of tones simultaneously. They inhabit a musical dimension between that of instruments and specifically tuned sounds with so many tones or so little pitch stability that none can be effectively distinguished.<\/span><\/p><p><span style=\"color: #808080;\">Most of our Euro-American tonal concepts (those behind strings, winds and bars) are based almost exclusively on length (with the other two dimensions as modifiers). This is efficient and simple and produces the most easily identifiable (less complex) pitch fields.<\/span><\/p><p><span style=\"color: #808080;\">Circular and curved objects struck in different places with different degrees of force tend to produce a variety of frequencies. This tends to remove us, when we use them musically, from the linear ideas that drive Western ideas of tonality: the inharmonically rich sound universes generated by multi-linear instruments are infinitely more complex. If Western pitch generation can be thought of as essentially one-dimensional, instruments based on circles and curves are three-dimensional. In mathematical terms, the analogy would be the difference between arithmetic and topology. In terms of conventional Western theory, they are puzzling, and generations of Western theorists have dismissed them as <em>\"noise\"<\/em>.<\/span><\/p><p><img decoding=\"async\" class=\"alignnone wp-image-56166 size-large\" src=\"https:\/\/teslafm.net\/wp-content\/uploads\/2021\/01\/maxresdefault-1024x576.jpg\" alt=\"\" width=\"1024\" height=\"576\" srcset=\"https:\/\/teslafm.net\/wp-content\/uploads\/2021\/01\/maxresdefault-1024x576.jpg 1024w, https:\/\/teslafm.net\/wp-content\/uploads\/2021\/01\/maxresdefault-300x169.jpg 300w, https:\/\/teslafm.net\/wp-content\/uploads\/2021\/01\/maxresdefault-768x432.jpg 768w, https:\/\/teslafm.net\/wp-content\/uploads\/2021\/01\/maxresdefault.jpg 1280w\" sizes=\"(max-width: 1024px) 100vw, 1024px\" \/><\/p><p><span style=\"color: #808080;\">I have heard and read about gamelan music (whose theoretical sense of music is much less linear than that of the West) for many years, but I am far from considering myself remotely knowledgeable about it. My approach to building and playing instruments <em>\"circulars\"<\/em> comes from a desire to explore and understand the 3-D tonal universe.<\/span><\/p><p><span style=\"color: #808080;\">Methodology for recording <strong>Anarchestra<\/strong> in their sound registers.<\/span><\/p><p><span style=\"color: #808080;\">Other than rudimentary mixing functions such as gain, level, panning and equalization, no processing of any kind has been used. Unless specifically noted, no editing (other than starts and stops) has been imposed on the live recordings (all of which were recorded directly to two tracks).<\/span><\/p>\t\t\t\t\t\t\t\t<\/div>\n\t\t\t\t<\/div>\n\t\t\t\t\t<\/div>\n\t\t<\/div>\n\t\t\t\t\t<\/div>\n\t\t<\/section>\n\t\t\t\t<section class=\"elementor-section elementor-top-section elementor-element elementor-element-a288eaf elementor-section-boxed elementor-section-height-default elementor-section-height-default\" data-id=\"a288eaf\" data-element_type=\"section\" data-e-type=\"section\">\n\t\t\t\t\t\t<div class=\"elementor-container elementor-column-gap-default\">\n\t\t\t\t\t<div class=\"elementor-column elementor-col-100 elementor-top-column elementor-element elementor-element-0754c6c\" data-id=\"0754c6c\" data-element_type=\"column\" data-e-type=\"column\">\n\t\t\t<div class=\"elementor-widget-wrap elementor-element-populated\">\n\t\t\t\t\t\t<div class=\"elementor-element elementor-element-8a31005 elementor-widget elementor-widget-video\" data-id=\"8a31005\" data-element_type=\"widget\" data-e-type=\"widget\" data-settings=\"{&quot;youtube_url&quot;:&quot;https:\\\/\\\/www.youtube.com\\\/watch?v=kbgMvCoWLtY&quot;,&quot;video_type&quot;:&quot;youtube&quot;,&quot;controls&quot;:&quot;yes&quot;}\" data-widget_type=\"video.default\">\n\t\t\t\t<div class=\"elementor-widget-container\">\n\t\t\t\t\t\t\t<div class=\"elementor-wrapper elementor-open-inline\">\n\t\t\t<div class=\"elementor-video\"><\/div>\t\t<\/div>\n\t\t\t\t\t\t<\/div>\n\t\t\t\t<\/div>\n\t\t\t\t\t<\/div>\n\t\t<\/div>\n\t\t\t\t\t<\/div>\n\t\t<\/section>\n\t\t\t\t<section class=\"elementor-section elementor-top-section elementor-element elementor-element-39422ec elementor-section-boxed elementor-section-height-default elementor-section-height-default\" data-id=\"39422ec\" data-element_type=\"section\" data-e-type=\"section\">\n\t\t\t\t\t\t<div class=\"elementor-container elementor-column-gap-default\">\n\t\t\t\t\t<div class=\"elementor-column elementor-col-100 elementor-top-column elementor-element elementor-element-36460b2\" data-id=\"36460b2\" data-element_type=\"column\" data-e-type=\"column\">\n\t\t\t<div class=\"elementor-widget-wrap elementor-element-populated\">\n\t\t\t\t\t\t<div class=\"elementor-element elementor-element-717256f elementor-widget elementor-widget-text-editor\" data-id=\"717256f\" data-element_type=\"widget\" data-e-type=\"widget\" data-widget_type=\"text-editor.default\">\n\t\t\t\t<div class=\"elementor-widget-container\">\n\t\t\t\t\t\t\t\t\t<p><span style=\"color: #808080;\">Links:<\/span><\/p><p><a href=\"https:\/\/anarchestra.wordpress.com\/\" target=\"_blank\" rel=\"noopener\">anarchestra.wordpress.com\/<\/a><\/p><p><a href=\"https:\/\/anarchestra.bandcamp.com\/album\/reroar-5\" target=\"_blank\" rel=\"noopener\">anarchestra.bandcamp.com\/album\/reroar-5<\/a><\/p>\t\t\t\t\t\t\t\t<\/div>\n\t\t\t\t<\/div>\n\t\t\t\t\t<\/div>\n\t\t<\/div>\n\t\t\t\t\t<\/div>\n\t\t<\/section>\n\t\t\t\t<\/div>","protected":false},"excerpt":{"rendered":"<p>Teor\u00eda Incertidumbre #13 Anarchestra de Alex Ferris, Joana Moher y Sly &amp; The Family Drone TEM\u00c1TICA Anarchestra de Alex Ferris, la sonoplastia de Joana Moher y la m\u00fasica de Sly &amp; The Family Drone. M\u00daSICA Demostraci\u00f3n de Reroar de Anarchestra (Reroar #5: Adrums, Basok, Crickets &#8211; 2016)Sly &amp; The Family Drone &#8211; Heaven&#8217;s Gate Dog [&hellip;]<\/p>\n","protected":false},"author":19,"featured_media":0,"parent":0,"menu_order":0,"comment_status":"closed","ping_status":"closed","template":"","meta":{"footnotes":""},"class_list":["post-3659","page","type-page","status-publish","hentry"],"yoast_head":"<!-- This site is optimized with the Yoast SEO plugin v27.2 - https:\/\/yoast.com\/product\/yoast-seo-wordpress\/ -->\n<title>Teor\u00eda Incertidumbre #13 -<\/title>\n<meta name=\"robots\" content=\"index, follow, max-snippet:-1, max-image-preview:large, max-video-preview:-1\" \/>\n<link rel=\"canonical\" href=\"https:\/\/teslafm.net\/en\/teoria-incertidumbre-13\/\" \/>\n<meta property=\"og:locale\" content=\"en_US\" \/>\n<meta property=\"og:type\" content=\"article\" \/>\n<meta property=\"og:title\" content=\"Teor\u00eda Incertidumbre #13 -\" \/>\n<meta property=\"og:description\" content=\"Teor\u00eda Incertidumbre #13 Anarchestra de Alex Ferris, Joana Moher y Sly &amp; The Family Drone TEM\u00c1TICA Anarchestra de Alex Ferris, la sonoplastia de Joana Moher y la m\u00fasica de Sly &amp; The Family Drone. M\u00daSICA Demostraci\u00f3n de Reroar de Anarchestra (Reroar #5: Adrums, Basok, Crickets &#8211; 2016)Sly &amp; The Family Drone &#8211; Heaven&#8217;s Gate Dog [&hellip;]\" \/>\n<meta property=\"og:url\" content=\"https:\/\/teslafm.net\/en\/teoria-incertidumbre-13\/\" \/>\n<meta property=\"article:publisher\" content=\"https:\/\/www.facebook.com\/teslafm.net\" \/>\n<meta property=\"article:modified_time\" content=\"2021-03-13T10:04:30+00:00\" \/>\n<meta property=\"og:image\" content=\"https:\/\/teslafm.net\/wp-content\/uploads\/2019\/11\/Reroar.jpg\" \/>\n<meta name=\"twitter:card\" content=\"summary_large_image\" \/>\n<meta name=\"twitter:site\" content=\"@teslafm\" \/>\n<meta name=\"twitter:label1\" content=\"Est. reading time\" \/>\n\t<meta name=\"twitter:data1\" content=\"3 minutes\" \/>\n<script type=\"application\/ld+json\" class=\"yoast-schema-graph\">{\"@context\":\"https:\/\/schema.org\",\"@graph\":[{\"@type\":\"WebPage\",\"@id\":\"https:\/\/teslafm.net\/teoria-incertidumbre-13\/\",\"url\":\"https:\/\/teslafm.net\/teoria-incertidumbre-13\/\",\"name\":\"Teor\u00eda Incertidumbre #13 -\",\"isPartOf\":{\"@id\":\"https:\/\/teslafm.net\/#website\"},\"primaryImageOfPage\":{\"@id\":\"https:\/\/teslafm.net\/teoria-incertidumbre-13\/#primaryimage\"},\"image\":{\"@id\":\"https:\/\/teslafm.net\/teoria-incertidumbre-13\/#primaryimage\"},\"thumbnailUrl\":\"https:\/\/teslafm.net\/wp-content\/uploads\/2019\/11\/Reroar.jpg\",\"datePublished\":\"2019-11-06T17:42:03+00:00\",\"dateModified\":\"2021-03-13T10:04:30+00:00\",\"breadcrumb\":{\"@id\":\"https:\/\/teslafm.net\/teoria-incertidumbre-13\/#breadcrumb\"},\"inLanguage\":\"en-US\",\"potentialAction\":[{\"@type\":\"ReadAction\",\"target\":[\"https:\/\/teslafm.net\/teoria-incertidumbre-13\/\"]}]},{\"@type\":\"ImageObject\",\"inLanguage\":\"en-US\",\"@id\":\"https:\/\/teslafm.net\/teoria-incertidumbre-13\/#primaryimage\",\"url\":\"https:\/\/teslafm.net\/wp-content\/uploads\/2019\/11\/Reroar.jpg\",\"contentUrl\":\"https:\/\/teslafm.net\/wp-content\/uploads\/2019\/11\/Reroar.jpg\"},{\"@type\":\"BreadcrumbList\",\"@id\":\"https:\/\/teslafm.net\/teoria-incertidumbre-13\/#breadcrumb\",\"itemListElement\":[{\"@type\":\"ListItem\",\"position\":1,\"name\":\"Portada\",\"item\":\"https:\/\/teslafm.net\/\"},{\"@type\":\"ListItem\",\"position\":2,\"name\":\"Teor\u00eda Incertidumbre #13\"}]},{\"@type\":\"WebSite\",\"@id\":\"https:\/\/teslafm.net\/#website\",\"url\":\"https:\/\/teslafm.net\/\",\"name\":\"TeslaFM\",\"description\":\"An experimental and creative radio\",\"publisher\":{\"@id\":\"https:\/\/teslafm.net\/#organization\"},\"potentialAction\":[{\"@type\":\"SearchAction\",\"target\":{\"@type\":\"EntryPoint\",\"urlTemplate\":\"https:\/\/teslafm.net\/?s={search_term_string}\"},\"query-input\":{\"@type\":\"PropertyValueSpecification\",\"valueRequired\":true,\"valueName\":\"search_term_string\"}}],\"inLanguage\":\"en-US\"},{\"@type\":\"Organization\",\"@id\":\"https:\/\/teslafm.net\/#organization\",\"name\":\"TeslaFM\",\"url\":\"https:\/\/teslafm.net\/\",\"logo\":{\"@type\":\"ImageObject\",\"inLanguage\":\"en-US\",\"@id\":\"https:\/\/teslafm.net\/#\/schema\/logo\/image\/\",\"url\":\"https:\/\/teslafm.net\/wp-content\/uploads\/2020\/06\/logo-tesla.png\",\"contentUrl\":\"https:\/\/teslafm.net\/wp-content\/uploads\/2020\/06\/logo-tesla.png\",\"width\":512,\"height\":512,\"caption\":\"TeslaFM\"},\"image\":{\"@id\":\"https:\/\/teslafm.net\/#\/schema\/logo\/image\/\"},\"sameAs\":[\"https:\/\/www.facebook.com\/teslafm.net\",\"https:\/\/x.com\/teslafm\"]}]}<\/script>\n<!-- \/ Yoast SEO plugin. -->","yoast_head_json":{"title":"Uncertainty Theory #13 - Uncertainty Theory #13 -","robots":{"index":"index","follow":"follow","max-snippet":"max-snippet:-1","max-image-preview":"max-image-preview:large","max-video-preview":"max-video-preview:-1"},"canonical":"https:\/\/teslafm.net\/en\/teoria-incertidumbre-13\/","og_locale":"en_US","og_type":"article","og_title":"Teor\u00eda Incertidumbre #13 -","og_description":"Teor\u00eda Incertidumbre #13 Anarchestra de Alex Ferris, Joana Moher y Sly &amp; The Family Drone TEM\u00c1TICA Anarchestra de Alex Ferris, la sonoplastia de Joana Moher y la m\u00fasica de Sly &amp; The Family Drone. M\u00daSICA Demostraci\u00f3n de Reroar de Anarchestra (Reroar #5: Adrums, Basok, Crickets &#8211; 2016)Sly &amp; The Family Drone &#8211; Heaven&#8217;s Gate Dog [&hellip;]","og_url":"https:\/\/teslafm.net\/en\/teoria-incertidumbre-13\/","article_publisher":"https:\/\/www.facebook.com\/teslafm.net","article_modified_time":"2021-03-13T10:04:30+00:00","og_image":[{"url":"https:\/\/teslafm.net\/wp-content\/uploads\/2019\/11\/Reroar.jpg","type":"","width":"","height":""}],"twitter_card":"summary_large_image","twitter_site":"@teslafm","twitter_misc":{"Est. reading time":"3 minutes"},"schema":{"@context":"https:\/\/schema.org","@graph":[{"@type":"WebPage","@id":"https:\/\/teslafm.net\/teoria-incertidumbre-13\/","url":"https:\/\/teslafm.net\/teoria-incertidumbre-13\/","name":"Uncertainty Theory #13 - Uncertainty Theory #13 -","isPartOf":{"@id":"https:\/\/teslafm.net\/#website"},"primaryImageOfPage":{"@id":"https:\/\/teslafm.net\/teoria-incertidumbre-13\/#primaryimage"},"image":{"@id":"https:\/\/teslafm.net\/teoria-incertidumbre-13\/#primaryimage"},"thumbnailUrl":"https:\/\/teslafm.net\/wp-content\/uploads\/2019\/11\/Reroar.jpg","datePublished":"2019-11-06T17:42:03+00:00","dateModified":"2021-03-13T10:04:30+00:00","breadcrumb":{"@id":"https:\/\/teslafm.net\/teoria-incertidumbre-13\/#breadcrumb"},"inLanguage":"en-US","potentialAction":[{"@type":"ReadAction","target":["https:\/\/teslafm.net\/teoria-incertidumbre-13\/"]}]},{"@type":"ImageObject","inLanguage":"en-US","@id":"https:\/\/teslafm.net\/teoria-incertidumbre-13\/#primaryimage","url":"https:\/\/teslafm.net\/wp-content\/uploads\/2019\/11\/Reroar.jpg","contentUrl":"https:\/\/teslafm.net\/wp-content\/uploads\/2019\/11\/Reroar.jpg"},{"@type":"BreadcrumbList","@id":"https:\/\/teslafm.net\/teoria-incertidumbre-13\/#breadcrumb","itemListElement":[{"@type":"ListItem","position":1,"name":"Portada","item":"https:\/\/teslafm.net\/"},{"@type":"ListItem","position":2,"name":"Teor\u00eda Incertidumbre #13"}]},{"@type":"WebSite","@id":"https:\/\/teslafm.net\/#website","url":"https:\/\/teslafm.net\/","name":"TeslaFM","description":"An experimental and creative radio","publisher":{"@id":"https:\/\/teslafm.net\/#organization"},"potentialAction":[{"@type":"SearchAction","target":{"@type":"EntryPoint","urlTemplate":"https:\/\/teslafm.net\/?s={search_term_string}"},"query-input":{"@type":"PropertyValueSpecification","valueRequired":true,"valueName":"search_term_string"}}],"inLanguage":"en-US"},{"@type":"Organization","@id":"https:\/\/teslafm.net\/#organization","name":"TeslaFM","url":"https:\/\/teslafm.net\/","logo":{"@type":"ImageObject","inLanguage":"en-US","@id":"https:\/\/teslafm.net\/#\/schema\/logo\/image\/","url":"https:\/\/teslafm.net\/wp-content\/uploads\/2020\/06\/logo-tesla.png","contentUrl":"https:\/\/teslafm.net\/wp-content\/uploads\/2020\/06\/logo-tesla.png","width":512,"height":512,"caption":"TeslaFM"},"image":{"@id":"https:\/\/teslafm.net\/#\/schema\/logo\/image\/"},"sameAs":["https:\/\/www.facebook.com\/teslafm.net","https:\/\/x.com\/teslafm"]}]}},"rttpg_featured_image_url":null,"rttpg_author":{"display_name":"Ishak","author_link":"https:\/\/teslafm.net\/en\/author\/cravan\/"},"rttpg_comment":0,"rttpg_category":null,"rttpg_excerpt":"Teor\u00eda Incertidumbre #13 Anarchestra de Alex Ferris, Joana Moher y Sly &amp; The Family Drone TEM\u00c1TICA Anarchestra de Alex Ferris, la sonoplastia de Joana Moher y la m\u00fasica de Sly &amp; The Family Drone. M\u00daSICA Demostraci\u00f3n de Reroar de Anarchestra (Reroar #5: Adrums, Basok, Crickets &#8211; 2016)Sly &amp; The Family Drone &#8211; Heaven&#8217;s Gate Dog&hellip;","_links":{"self":[{"href":"https:\/\/teslafm.net\/en\/wp-json\/wp\/v2\/pages\/3659","targetHints":{"allow":["GET"]}}],"collection":[{"href":"https:\/\/teslafm.net\/en\/wp-json\/wp\/v2\/pages"}],"about":[{"href":"https:\/\/teslafm.net\/en\/wp-json\/wp\/v2\/types\/page"}],"author":[{"embeddable":true,"href":"https:\/\/teslafm.net\/en\/wp-json\/wp\/v2\/users\/19"}],"replies":[{"embeddable":true,"href":"https:\/\/teslafm.net\/en\/wp-json\/wp\/v2\/comments?post=3659"}],"version-history":[{"count":15,"href":"https:\/\/teslafm.net\/en\/wp-json\/wp\/v2\/pages\/3659\/revisions"}],"predecessor-version":[{"id":56167,"href":"https:\/\/teslafm.net\/en\/wp-json\/wp\/v2\/pages\/3659\/revisions\/56167"}],"wp:attachment":[{"href":"https:\/\/teslafm.net\/en\/wp-json\/wp\/v2\/media?parent=3659"}],"curies":[{"name":"wp","href":"https:\/\/api.w.org\/{rel}","templated":true}]}}