

{"id":3693,"date":"2019-11-12T19:40:03","date_gmt":"2019-11-12T18:40:03","guid":{"rendered":"https:\/\/teslafm.net\/?page_id=3693"},"modified":"2020-06-06T14:44:46","modified_gmt":"2020-06-06T12:44:46","slug":"espace-plein-2","status":"publish","type":"page","link":"https:\/\/teslafm.net\/en\/espace-plein-2\/","title":{"rendered":"Espace Plein #2"},"content":{"rendered":"<h2><span style=\"color: #ffffff;\"><strong>Espace Plein #2<\/strong><\/span><\/h2>\n<p><span style=\"color: #808080;\"><em>November 2019<\/em><\/span><\/p>\n<p><iframe src=\"https:\/\/www.mixcloud.com\/widget\/iframe\/?hide_cover=1&amp;feed=%2FTeslafm_net%2Fespace-plein-2-%C3%BArsula-bravo%2F\" width=\"100%\" height=\"120\" frameborder=\"0\"><\/iframe><\/p>\n<p><span style=\"color: #808080;\"><strong>Espace Plein #2 <\/strong>is a portrait of a hangover day at lunchtime, while the neighbor is vacuuming hard. There is no specific place, although it is within the time of contemporaneity, due to the dominance of resonances in contemporary materials. The modulation of reality through different spatial effects, composes a series of landscapes that take us into a strange locality of perhaps the deformation of the dehydrated state, modifying the resonance of the room transports us to the room of the mind. When the tempo of our dwelling is modified, we are left adrift in the absence of self-identification with the environment and with otherness. Art and experimentation give those of us who inhabit the world of the imagination the right environment for coexistence.<\/span><\/p>","protected":false},"excerpt":{"rendered":"<p>Espace Plein #2 Noviembre 2019 Espace Plein #2 es un retrato de un dia de resaca a la hora de comer, mientras el vecino d\u00e1ndole fuerte a la limpieza con aspiradora. No hay un lugar determinado, aunque est\u00e1 dentro del tiempo de la contemporaniedad, por la dominancia de resonancias en materiales contempor\u00e1neos. La modulaci\u00f3n de [&hellip;]<\/p>\n","protected":false},"author":19,"featured_media":0,"parent":0,"menu_order":0,"comment_status":"closed","ping_status":"closed","template":"","meta":{"footnotes":""},"class_list":["post-3693","page","type-page","status-publish","hentry"],"yoast_head":"<!-- This site is optimized with the Yoast SEO plugin v27.4 - https:\/\/yoast.com\/product\/yoast-seo-wordpress\/ -->\n<title>Espace Plein #2 -<\/title>\n<meta name=\"robots\" content=\"index, follow, max-snippet:-1, max-image-preview:large, max-video-preview:-1\" \/>\n<link rel=\"canonical\" href=\"https:\/\/teslafm.net\/en\/espace-plein-2\/\" \/>\n<meta property=\"og:locale\" content=\"en_US\" \/>\n<meta property=\"og:type\" content=\"article\" \/>\n<meta property=\"og:title\" content=\"Espace Plein #2 -\" \/>\n<meta property=\"og:description\" content=\"Espace Plein #2 Noviembre 2019 Espace Plein #2 es un retrato de un dia de resaca a la hora de comer, mientras el vecino d\u00e1ndole fuerte a la limpieza con aspiradora. No hay un lugar determinado, aunque est\u00e1 dentro del tiempo de la contemporaniedad, por la dominancia de resonancias en materiales contempor\u00e1neos. La modulaci\u00f3n de [&hellip;]\" \/>\n<meta property=\"og:url\" content=\"https:\/\/teslafm.net\/en\/espace-plein-2\/\" \/>\n<meta property=\"article:publisher\" content=\"https:\/\/www.facebook.com\/teslafm.net\" \/>\n<meta property=\"article:modified_time\" content=\"2020-06-06T12:44:46+00:00\" \/>\n<meta property=\"og:image\" content=\"https:\/\/teslafm.net\/wp-content\/uploads\/2022\/09\/header-image-4-temp.png\" \/>\n\t<meta property=\"og:image:width\" content=\"1274\" \/>\n\t<meta property=\"og:image:height\" content=\"818\" \/>\n\t<meta property=\"og:image:type\" content=\"image\/png\" \/>\n<meta name=\"twitter:card\" content=\"summary_large_image\" \/>\n<meta name=\"twitter:site\" content=\"@teslafm\" \/>\n<meta name=\"twitter:label1\" content=\"Est. reading time\" \/>\n\t<meta name=\"twitter:data1\" content=\"1 minute\" \/>\n<script type=\"application\/ld+json\" class=\"yoast-schema-graph\">{\"@context\":\"https:\\\/\\\/schema.org\",\"@graph\":[{\"@type\":\"WebPage\",\"@id\":\"https:\\\/\\\/teslafm.net\\\/espace-plein-2\\\/\",\"url\":\"https:\\\/\\\/teslafm.net\\\/espace-plein-2\\\/\",\"name\":\"Espace Plein #2 -\",\"isPartOf\":{\"@id\":\"https:\\\/\\\/teslafm.net\\\/#website\"},\"datePublished\":\"2019-11-12T18:40:03+00:00\",\"dateModified\":\"2020-06-06T12:44:46+00:00\",\"breadcrumb\":{\"@id\":\"https:\\\/\\\/teslafm.net\\\/espace-plein-2\\\/#breadcrumb\"},\"inLanguage\":\"en-US\",\"potentialAction\":[{\"@type\":\"ReadAction\",\"target\":[\"https:\\\/\\\/teslafm.net\\\/espace-plein-2\\\/\"]}]},{\"@type\":\"BreadcrumbList\",\"@id\":\"https:\\\/\\\/teslafm.net\\\/espace-plein-2\\\/#breadcrumb\",\"itemListElement\":[{\"@type\":\"ListItem\",\"position\":1,\"name\":\"Portada\",\"item\":\"https:\\\/\\\/teslafm.net\\\/\"},{\"@type\":\"ListItem\",\"position\":2,\"name\":\"Espace Plein #2\"}]},{\"@type\":\"WebSite\",\"@id\":\"https:\\\/\\\/teslafm.net\\\/#website\",\"url\":\"https:\\\/\\\/teslafm.net\\\/\",\"name\":\"TeslaFM\",\"description\":\"An experimental and creative radio\",\"publisher\":{\"@id\":\"https:\\\/\\\/teslafm.net\\\/#organization\"},\"potentialAction\":[{\"@type\":\"SearchAction\",\"target\":{\"@type\":\"EntryPoint\",\"urlTemplate\":\"https:\\\/\\\/teslafm.net\\\/?s={search_term_string}\"},\"query-input\":{\"@type\":\"PropertyValueSpecification\",\"valueRequired\":true,\"valueName\":\"search_term_string\"}}],\"inLanguage\":\"en-US\"},{\"@type\":\"Organization\",\"@id\":\"https:\\\/\\\/teslafm.net\\\/#organization\",\"name\":\"TeslaFM\",\"url\":\"https:\\\/\\\/teslafm.net\\\/\",\"logo\":{\"@type\":\"ImageObject\",\"inLanguage\":\"en-US\",\"@id\":\"https:\\\/\\\/teslafm.net\\\/#\\\/schema\\\/logo\\\/image\\\/\",\"url\":\"https:\\\/\\\/teslafm.net\\\/wp-content\\\/uploads\\\/2020\\\/06\\\/logo-tesla.png\",\"contentUrl\":\"https:\\\/\\\/teslafm.net\\\/wp-content\\\/uploads\\\/2020\\\/06\\\/logo-tesla.png\",\"width\":512,\"height\":512,\"caption\":\"TeslaFM\"},\"image\":{\"@id\":\"https:\\\/\\\/teslafm.net\\\/#\\\/schema\\\/logo\\\/image\\\/\"},\"sameAs\":[\"https:\\\/\\\/www.facebook.com\\\/teslafm.net\",\"https:\\\/\\\/x.com\\\/teslafm\"]}]}<\/script>\n<!-- \/ Yoast SEO plugin. -->","yoast_head_json":{"title":"Espace Plein #2 -","robots":{"index":"index","follow":"follow","max-snippet":"max-snippet:-1","max-image-preview":"max-image-preview:large","max-video-preview":"max-video-preview:-1"},"canonical":"https:\/\/teslafm.net\/en\/espace-plein-2\/","og_locale":"en_US","og_type":"article","og_title":"Espace Plein #2 -","og_description":"Espace Plein #2 Noviembre 2019 Espace Plein #2 es un retrato de un dia de resaca a la hora de comer, mientras el vecino d\u00e1ndole fuerte a la limpieza con aspiradora. No hay un lugar determinado, aunque est\u00e1 dentro del tiempo de la contemporaniedad, por la dominancia de resonancias en materiales contempor\u00e1neos. La modulaci\u00f3n de [&hellip;]","og_url":"https:\/\/teslafm.net\/en\/espace-plein-2\/","article_publisher":"https:\/\/www.facebook.com\/teslafm.net","article_modified_time":"2020-06-06T12:44:46+00:00","og_image":[{"width":1274,"height":818,"url":"https:\/\/teslafm.net\/wp-content\/uploads\/2022\/09\/header-image-4-temp.png","type":"image\/png"}],"twitter_card":"summary_large_image","twitter_site":"@teslafm","twitter_misc":{"Est. reading time":"1 minute"},"schema":{"@context":"https:\/\/schema.org","@graph":[{"@type":"WebPage","@id":"https:\/\/teslafm.net\/espace-plein-2\/","url":"https:\/\/teslafm.net\/espace-plein-2\/","name":"Espace Plein #2 -","isPartOf":{"@id":"https:\/\/teslafm.net\/#website"},"datePublished":"2019-11-12T18:40:03+00:00","dateModified":"2020-06-06T12:44:46+00:00","breadcrumb":{"@id":"https:\/\/teslafm.net\/espace-plein-2\/#breadcrumb"},"inLanguage":"en-US","potentialAction":[{"@type":"ReadAction","target":["https:\/\/teslafm.net\/espace-plein-2\/"]}]},{"@type":"BreadcrumbList","@id":"https:\/\/teslafm.net\/espace-plein-2\/#breadcrumb","itemListElement":[{"@type":"ListItem","position":1,"name":"Portada","item":"https:\/\/teslafm.net\/"},{"@type":"ListItem","position":2,"name":"Espace Plein #2"}]},{"@type":"WebSite","@id":"https:\/\/teslafm.net\/#website","url":"https:\/\/teslafm.net\/","name":"TeslaFM","description":"An experimental and creative radio","publisher":{"@id":"https:\/\/teslafm.net\/#organization"},"potentialAction":[{"@type":"SearchAction","target":{"@type":"EntryPoint","urlTemplate":"https:\/\/teslafm.net\/?s={search_term_string}"},"query-input":{"@type":"PropertyValueSpecification","valueRequired":true,"valueName":"search_term_string"}}],"inLanguage":"en-US"},{"@type":"Organization","@id":"https:\/\/teslafm.net\/#organization","name":"TeslaFM","url":"https:\/\/teslafm.net\/","logo":{"@type":"ImageObject","inLanguage":"en-US","@id":"https:\/\/teslafm.net\/#\/schema\/logo\/image\/","url":"https:\/\/teslafm.net\/wp-content\/uploads\/2020\/06\/logo-tesla.png","contentUrl":"https:\/\/teslafm.net\/wp-content\/uploads\/2020\/06\/logo-tesla.png","width":512,"height":512,"caption":"TeslaFM"},"image":{"@id":"https:\/\/teslafm.net\/#\/schema\/logo\/image\/"},"sameAs":["https:\/\/www.facebook.com\/teslafm.net","https:\/\/x.com\/teslafm"]}]}},"rttpg_featured_image_url":null,"rttpg_author":{"display_name":"Ishak","author_link":"https:\/\/teslafm.net\/en\/author\/cravan\/"},"rttpg_comment":0,"rttpg_category":null,"rttpg_excerpt":"Espace Plein #2 Noviembre 2019 Espace Plein #2 es un retrato de un dia de resaca a la hora de comer, mientras el vecino d\u00e1ndole fuerte a la limpieza con aspiradora. No hay un lugar determinado, aunque est\u00e1 dentro del tiempo de la contemporaniedad, por la dominancia de resonancias en materiales contempor\u00e1neos. La modulaci\u00f3n de&hellip;","_links":{"self":[{"href":"https:\/\/teslafm.net\/en\/wp-json\/wp\/v2\/pages\/3693","targetHints":{"allow":["GET"]}}],"collection":[{"href":"https:\/\/teslafm.net\/en\/wp-json\/wp\/v2\/pages"}],"about":[{"href":"https:\/\/teslafm.net\/en\/wp-json\/wp\/v2\/types\/page"}],"author":[{"embeddable":true,"href":"https:\/\/teslafm.net\/en\/wp-json\/wp\/v2\/users\/19"}],"replies":[{"embeddable":true,"href":"https:\/\/teslafm.net\/en\/wp-json\/wp\/v2\/comments?post=3693"}],"version-history":[{"count":3,"href":"https:\/\/teslafm.net\/en\/wp-json\/wp\/v2\/pages\/3693\/revisions"}],"predecessor-version":[{"id":53816,"href":"https:\/\/teslafm.net\/en\/wp-json\/wp\/v2\/pages\/3693\/revisions\/53816"}],"wp:attachment":[{"href":"https:\/\/teslafm.net\/en\/wp-json\/wp\/v2\/media?parent=3693"}],"curies":[{"name":"wp","href":"https:\/\/api.w.org\/{rel}","templated":true}]}}