

{"id":3726,"date":"2019-11-19T21:02:31","date_gmt":"2019-11-19T20:02:31","guid":{"rendered":"https:\/\/teslafm.net\/?page_id=3726"},"modified":"2021-03-13T12:31:10","modified_gmt":"2021-03-13T11:31:10","slug":"space-oddity-recollection-5","status":"publish","type":"page","link":"https:\/\/teslafm.net\/en\/space-oddity-recollection-5\/","title":{"rendered":"Space Oddity Recollection #5"},"content":{"rendered":"<h2><span style=\"color: #ffffff;\"><strong>Space Oddity Recollection #5<\/strong><\/span><\/h2>\n<p><span style=\"color: #808080;\"><em>November 2019<\/em><\/span><\/p>\n<p><iframe src=\"https:\/\/www.mixcloud.com\/widget\/iframe\/?hide_cover=1&amp;feed=%2FTeslafm_net%2Fspace-oddity-recollection-5-monikapich%2F\" width=\"100%\" height=\"120\" frameborder=\"0\"><\/iframe><\/p>\n<p><img fetchpriority=\"high\" decoding=\"async\" class=\"alignnone wp-image-3727 size-full\" src=\"https:\/\/teslafm.net\/wp-content\/uploads\/2019\/11\/Single-Powder-Splitter_image.jpg\" alt=\"\" width=\"593\" height=\"593\" srcset=\"https:\/\/teslafm.net\/wp-content\/uploads\/2019\/11\/Single-Powder-Splitter_image.jpg 593w, https:\/\/teslafm.net\/wp-content\/uploads\/2019\/11\/Single-Powder-Splitter_image-300x300.jpg 300w, https:\/\/teslafm.net\/wp-content\/uploads\/2019\/11\/Single-Powder-Splitter_image-150x150.jpg 150w, https:\/\/teslafm.net\/wp-content\/uploads\/2019\/11\/Single-Powder-Splitter_image-100x100.jpg 100w\" sizes=\"(max-width: 593px) 100vw, 593px\" \/><\/p>\n<p><span style=\"color: #808080;\"><strong>Single Powder Splitter<br \/>\n<\/strong><\/span><\/p>\n<p><span style=\"color: #808080;\">Solo project entitled <em>\"Single Powder Splitter\"<\/em> by the artist and researcher <strong>Gustavo Mendez<\/strong>.<\/span><\/p>\n<p><a href=\"http:\/\/www.s-p-s.mndez.com\" target=\"_blank\" rel=\"noopener noreferrer\">s-p-s-s.mndez.com<\/a><\/p>\n<p><span style=\"color: #808080;\">asymmetry. tilted systems. chromatic sweep. pseudospeculative loops. inverted logic. deformed scales. invisible entities. anthroposcene. collective envelopes. color modulation. spiral sine. nonlinear time. stretched cartoons. speed. imaginary limits 1k reality. acid room, animalis. hox geneish acoustics. radical archive. applied chaos. copy art. changed patterns.<\/span><\/p>\n<p>&nbsp;<\/p>\n<p><span style=\"color: #808080;\">Enjoy the mix. November 2019. P<\/span><span style=\"color: #808080;\">roduced by <strong>monikapich<\/strong>.<\/span><\/p>","protected":false},"excerpt":{"rendered":"<p>Space Oddity Recollection #5 Noviembre 2019 Single Powder Splitter Proyecto en solitario titulado \u201cSingle Powder Splitter\u201d por el artista e investigador Gustavo M\u00e9ndez. s-p-s.mndez.com asimetr\u00eda. sistemas inclinados. barrido crom\u00e1tico. bucles pseudoespeculativos. l\u00f3gica invertida. escamas deformadas. entidades invisibles. antroposceno. sobres colectivos. modulaci\u00f3n de color. seno espiral. tiempo no lineal. dibujos animados estirados. velocidad. l\u00edmites imaginarios 1k [&hellip;]<\/p>\n","protected":false},"author":19,"featured_media":0,"parent":0,"menu_order":0,"comment_status":"closed","ping_status":"closed","template":"","meta":{"footnotes":""},"class_list":["post-3726","page","type-page","status-publish","hentry"],"yoast_head":"<!-- This site is optimized with the Yoast SEO plugin v27.2 - https:\/\/yoast.com\/product\/yoast-seo-wordpress\/ -->\n<title>Space Oddity Recollection #5 -<\/title>\n<meta name=\"robots\" content=\"index, follow, max-snippet:-1, max-image-preview:large, max-video-preview:-1\" \/>\n<link rel=\"canonical\" href=\"https:\/\/teslafm.net\/en\/space-oddity-recollection-5\/\" \/>\n<meta property=\"og:locale\" content=\"en_US\" \/>\n<meta property=\"og:type\" content=\"article\" \/>\n<meta property=\"og:title\" content=\"Space Oddity Recollection #5 -\" \/>\n<meta property=\"og:description\" content=\"Space Oddity Recollection #5 Noviembre 2019 Single Powder Splitter Proyecto en solitario titulado \u201cSingle Powder Splitter\u201d por el artista e investigador Gustavo M\u00e9ndez. s-p-s.mndez.com asimetr\u00eda. sistemas inclinados. barrido crom\u00e1tico. bucles pseudoespeculativos. l\u00f3gica invertida. escamas deformadas. entidades invisibles. antroposceno. sobres colectivos. modulaci\u00f3n de color. seno espiral. tiempo no lineal. dibujos animados estirados. velocidad. l\u00edmites imaginarios 1k [&hellip;]\" \/>\n<meta property=\"og:url\" content=\"https:\/\/teslafm.net\/en\/space-oddity-recollection-5\/\" \/>\n<meta property=\"article:publisher\" content=\"https:\/\/www.facebook.com\/teslafm.net\" \/>\n<meta property=\"article:modified_time\" content=\"2021-03-13T11:31:10+00:00\" \/>\n<meta property=\"og:image\" content=\"https:\/\/teslafm.net\/wp-content\/uploads\/2019\/11\/Single-Powder-Splitter_image.jpg\" \/>\n<meta name=\"twitter:card\" content=\"summary_large_image\" \/>\n<meta name=\"twitter:site\" content=\"@teslafm\" \/>\n<meta name=\"twitter:label1\" content=\"Est. reading time\" \/>\n\t<meta name=\"twitter:data1\" content=\"1 minute\" \/>\n<script type=\"application\/ld+json\" class=\"yoast-schema-graph\">{\"@context\":\"https:\/\/schema.org\",\"@graph\":[{\"@type\":\"WebPage\",\"@id\":\"https:\/\/teslafm.net\/space-oddity-recollection-5\/\",\"url\":\"https:\/\/teslafm.net\/space-oddity-recollection-5\/\",\"name\":\"Space Oddity Recollection #5 -\",\"isPartOf\":{\"@id\":\"https:\/\/teslafm.net\/#website\"},\"primaryImageOfPage\":{\"@id\":\"https:\/\/teslafm.net\/space-oddity-recollection-5\/#primaryimage\"},\"image\":{\"@id\":\"https:\/\/teslafm.net\/space-oddity-recollection-5\/#primaryimage\"},\"thumbnailUrl\":\"https:\/\/teslafm.net\/wp-content\/uploads\/2019\/11\/Single-Powder-Splitter_image.jpg\",\"datePublished\":\"2019-11-19T20:02:31+00:00\",\"dateModified\":\"2021-03-13T11:31:10+00:00\",\"breadcrumb\":{\"@id\":\"https:\/\/teslafm.net\/space-oddity-recollection-5\/#breadcrumb\"},\"inLanguage\":\"en-US\",\"potentialAction\":[{\"@type\":\"ReadAction\",\"target\":[\"https:\/\/teslafm.net\/space-oddity-recollection-5\/\"]}]},{\"@type\":\"ImageObject\",\"inLanguage\":\"en-US\",\"@id\":\"https:\/\/teslafm.net\/space-oddity-recollection-5\/#primaryimage\",\"url\":\"https:\/\/teslafm.net\/wp-content\/uploads\/2019\/11\/Single-Powder-Splitter_image.jpg\",\"contentUrl\":\"https:\/\/teslafm.net\/wp-content\/uploads\/2019\/11\/Single-Powder-Splitter_image.jpg\"},{\"@type\":\"BreadcrumbList\",\"@id\":\"https:\/\/teslafm.net\/space-oddity-recollection-5\/#breadcrumb\",\"itemListElement\":[{\"@type\":\"ListItem\",\"position\":1,\"name\":\"Portada\",\"item\":\"https:\/\/teslafm.net\/\"},{\"@type\":\"ListItem\",\"position\":2,\"name\":\"Space Oddity Recollection #5\"}]},{\"@type\":\"WebSite\",\"@id\":\"https:\/\/teslafm.net\/#website\",\"url\":\"https:\/\/teslafm.net\/\",\"name\":\"TeslaFM\",\"description\":\"An experimental and creative radio\",\"publisher\":{\"@id\":\"https:\/\/teslafm.net\/#organization\"},\"potentialAction\":[{\"@type\":\"SearchAction\",\"target\":{\"@type\":\"EntryPoint\",\"urlTemplate\":\"https:\/\/teslafm.net\/?s={search_term_string}\"},\"query-input\":{\"@type\":\"PropertyValueSpecification\",\"valueRequired\":true,\"valueName\":\"search_term_string\"}}],\"inLanguage\":\"en-US\"},{\"@type\":\"Organization\",\"@id\":\"https:\/\/teslafm.net\/#organization\",\"name\":\"TeslaFM\",\"url\":\"https:\/\/teslafm.net\/\",\"logo\":{\"@type\":\"ImageObject\",\"inLanguage\":\"en-US\",\"@id\":\"https:\/\/teslafm.net\/#\/schema\/logo\/image\/\",\"url\":\"https:\/\/teslafm.net\/wp-content\/uploads\/2020\/06\/logo-tesla.png\",\"contentUrl\":\"https:\/\/teslafm.net\/wp-content\/uploads\/2020\/06\/logo-tesla.png\",\"width\":512,\"height\":512,\"caption\":\"TeslaFM\"},\"image\":{\"@id\":\"https:\/\/teslafm.net\/#\/schema\/logo\/image\/\"},\"sameAs\":[\"https:\/\/www.facebook.com\/teslafm.net\",\"https:\/\/x.com\/teslafm\"]}]}<\/script>\n<!-- \/ Yoast SEO plugin. -->","yoast_head_json":{"title":"Space Oddity Recollection #5 -","robots":{"index":"index","follow":"follow","max-snippet":"max-snippet:-1","max-image-preview":"max-image-preview:large","max-video-preview":"max-video-preview:-1"},"canonical":"https:\/\/teslafm.net\/en\/space-oddity-recollection-5\/","og_locale":"en_US","og_type":"article","og_title":"Space Oddity Recollection #5 -","og_description":"Space Oddity Recollection #5 Noviembre 2019 Single Powder Splitter Proyecto en solitario titulado \u201cSingle Powder Splitter\u201d por el artista e investigador Gustavo M\u00e9ndez. s-p-s.mndez.com asimetr\u00eda. sistemas inclinados. barrido crom\u00e1tico. bucles pseudoespeculativos. l\u00f3gica invertida. escamas deformadas. entidades invisibles. antroposceno. sobres colectivos. modulaci\u00f3n de color. seno espiral. tiempo no lineal. dibujos animados estirados. velocidad. l\u00edmites imaginarios 1k [&hellip;]","og_url":"https:\/\/teslafm.net\/en\/space-oddity-recollection-5\/","article_publisher":"https:\/\/www.facebook.com\/teslafm.net","article_modified_time":"2021-03-13T11:31:10+00:00","og_image":[{"url":"https:\/\/teslafm.net\/wp-content\/uploads\/2019\/11\/Single-Powder-Splitter_image.jpg","type":"","width":"","height":""}],"twitter_card":"summary_large_image","twitter_site":"@teslafm","twitter_misc":{"Est. reading time":"1 minute"},"schema":{"@context":"https:\/\/schema.org","@graph":[{"@type":"WebPage","@id":"https:\/\/teslafm.net\/space-oddity-recollection-5\/","url":"https:\/\/teslafm.net\/space-oddity-recollection-5\/","name":"Space Oddity Recollection #5 -","isPartOf":{"@id":"https:\/\/teslafm.net\/#website"},"primaryImageOfPage":{"@id":"https:\/\/teslafm.net\/space-oddity-recollection-5\/#primaryimage"},"image":{"@id":"https:\/\/teslafm.net\/space-oddity-recollection-5\/#primaryimage"},"thumbnailUrl":"https:\/\/teslafm.net\/wp-content\/uploads\/2019\/11\/Single-Powder-Splitter_image.jpg","datePublished":"2019-11-19T20:02:31+00:00","dateModified":"2021-03-13T11:31:10+00:00","breadcrumb":{"@id":"https:\/\/teslafm.net\/space-oddity-recollection-5\/#breadcrumb"},"inLanguage":"en-US","potentialAction":[{"@type":"ReadAction","target":["https:\/\/teslafm.net\/space-oddity-recollection-5\/"]}]},{"@type":"ImageObject","inLanguage":"en-US","@id":"https:\/\/teslafm.net\/space-oddity-recollection-5\/#primaryimage","url":"https:\/\/teslafm.net\/wp-content\/uploads\/2019\/11\/Single-Powder-Splitter_image.jpg","contentUrl":"https:\/\/teslafm.net\/wp-content\/uploads\/2019\/11\/Single-Powder-Splitter_image.jpg"},{"@type":"BreadcrumbList","@id":"https:\/\/teslafm.net\/space-oddity-recollection-5\/#breadcrumb","itemListElement":[{"@type":"ListItem","position":1,"name":"Portada","item":"https:\/\/teslafm.net\/"},{"@type":"ListItem","position":2,"name":"Space Oddity Recollection #5"}]},{"@type":"WebSite","@id":"https:\/\/teslafm.net\/#website","url":"https:\/\/teslafm.net\/","name":"TeslaFM","description":"An experimental and creative radio","publisher":{"@id":"https:\/\/teslafm.net\/#organization"},"potentialAction":[{"@type":"SearchAction","target":{"@type":"EntryPoint","urlTemplate":"https:\/\/teslafm.net\/?s={search_term_string}"},"query-input":{"@type":"PropertyValueSpecification","valueRequired":true,"valueName":"search_term_string"}}],"inLanguage":"en-US"},{"@type":"Organization","@id":"https:\/\/teslafm.net\/#organization","name":"TeslaFM","url":"https:\/\/teslafm.net\/","logo":{"@type":"ImageObject","inLanguage":"en-US","@id":"https:\/\/teslafm.net\/#\/schema\/logo\/image\/","url":"https:\/\/teslafm.net\/wp-content\/uploads\/2020\/06\/logo-tesla.png","contentUrl":"https:\/\/teslafm.net\/wp-content\/uploads\/2020\/06\/logo-tesla.png","width":512,"height":512,"caption":"TeslaFM"},"image":{"@id":"https:\/\/teslafm.net\/#\/schema\/logo\/image\/"},"sameAs":["https:\/\/www.facebook.com\/teslafm.net","https:\/\/x.com\/teslafm"]}]}},"rttpg_featured_image_url":null,"rttpg_author":{"display_name":"Ishak","author_link":"https:\/\/teslafm.net\/en\/author\/cravan\/"},"rttpg_comment":0,"rttpg_category":null,"rttpg_excerpt":"Space Oddity Recollection #5 Noviembre 2019 Single Powder Splitter Proyecto en solitario titulado \u201cSingle Powder Splitter\u201d por el artista e investigador Gustavo M\u00e9ndez. s-p-s.mndez.com asimetr\u00eda. sistemas inclinados. barrido crom\u00e1tico. bucles pseudoespeculativos. l\u00f3gica invertida. escamas deformadas. entidades invisibles. antroposceno. sobres colectivos. modulaci\u00f3n de color. seno espiral. tiempo no lineal. dibujos animados estirados. velocidad. l\u00edmites imaginarios 1k&hellip;","_links":{"self":[{"href":"https:\/\/teslafm.net\/en\/wp-json\/wp\/v2\/pages\/3726","targetHints":{"allow":["GET"]}}],"collection":[{"href":"https:\/\/teslafm.net\/en\/wp-json\/wp\/v2\/pages"}],"about":[{"href":"https:\/\/teslafm.net\/en\/wp-json\/wp\/v2\/types\/page"}],"author":[{"embeddable":true,"href":"https:\/\/teslafm.net\/en\/wp-json\/wp\/v2\/users\/19"}],"replies":[{"embeddable":true,"href":"https:\/\/teslafm.net\/en\/wp-json\/wp\/v2\/comments?post=3726"}],"version-history":[{"count":9,"href":"https:\/\/teslafm.net\/en\/wp-json\/wp\/v2\/pages\/3726\/revisions"}],"predecessor-version":[{"id":57532,"href":"https:\/\/teslafm.net\/en\/wp-json\/wp\/v2\/pages\/3726\/revisions\/57532"}],"wp:attachment":[{"href":"https:\/\/teslafm.net\/en\/wp-json\/wp\/v2\/media?parent=3726"}],"curies":[{"name":"wp","href":"https:\/\/api.w.org\/{rel}","templated":true}]}}