

{"id":3802,"date":"2019-12-03T16:27:41","date_gmt":"2019-12-03T15:27:41","guid":{"rendered":"https:\/\/teslafm.net\/?page_id=3802"},"modified":"2021-02-04T11:41:34","modified_gmt":"2021-02-04T10:41:34","slug":"ananke-14","status":"publish","type":"page","link":"https:\/\/teslafm.net\/en\/ananke-14\/","title":{"rendered":"Anank\u00e9 #14"},"content":{"rendered":"<h2><span style=\"color: #ffffff;\"><strong>Anank\u00e9 Chapter XIV<\/strong><\/span><\/h2>\n<p><span style=\"color: #808080;\"><em>December 2019<\/em><\/span><\/p>\n<p><iframe src=\"https:\/\/www.mixcloud.com\/widget\/iframe\/?hide_cover=1&amp;feed=%2FTeslafm_net%2Fanank%C3%A9-14-jaco%2F\" width=\"100%\" height=\"120\" frameborder=\"0\"><\/iframe><\/p>\n<p><span style=\"color: #808080;\">01. <strong>Caira Paravel<\/strong> - Andmoreagain - Mirror Mirror Mirror (God's Eye Records, 2018).<\/span><br \/>\n<span style=\"color: #808080;\">02. <strong>Wendy &amp; Bonnie<\/strong> - By The Sea - Genesis (Skye, 1969\/Sundazed Music, 2019)<\/span><br \/>\n<span style=\"color: #808080;\">03. <strong>The United States Of America<\/strong> - Love Song For The Dead Che - The United States of America (Columbia, 1969\/Sundazed Music, 2008)<\/span><br \/>\n<span style=\"color: #808080;\">04. <strong>Foehn<\/strong> - Pour Vous Timide Voyou - Hidden Cinema Soundtrack (FatCat, 2000)<\/span><br \/>\n<span style=\"color: #808080;\">05. <strong>Fishmans<\/strong> - Long Season (part 4) - Long Season (Polydor, 1996\/Universal, 2016)<\/span><br \/>\n<span style=\"color: #808080;\">06. <strong>Roy Montgomery &amp; Emma Johnston<\/strong> - After Nietzsche - After Nietzsche (Aguirre, 2019)<\/span><br \/>\n<span style=\"color: #808080;\">07. <strong>Mark Hollis<\/strong> - The Gift - Mark Hollis (Polydor, 1998\/2019)<\/span><br \/>\n<span style=\"color: #808080;\">08. <strong>Disco Inferno<\/strong> - From the Devil to the Deep Blue Sky - The 5 EPs (One Little Indian, 2012)<\/span><br \/>\n<span style=\"color: #808080;\">09. <strong>Diabologum with Daniel Darc<\/strong> - Et si nous n'avions pas \u00e9t\u00e9 l\u00e0 l'histoire aurait \u00e9t\u00e9 la m\u00eame mais racont\u00e9e par d'autres (Bonus Tracks) - # 3 (Ce n'est pas perdu pour tout le monde) (Lithium, 1996\/Ici d'ailleurs, 2015).<\/span><br \/>\n<span style=\"color: #808080;\">10. <strong>Pale Cocoon<\/strong> - Musoukyoku - Mayu (Pafe, 1984)<\/span><br \/>\n<span style=\"color: #808080;\">11. <strong>Jerkcurb<\/strong> - Timelapse Tulip - Air Con Eden (Handsome Dad Records, 2019)<\/span><br \/>\n<span style=\"color: #808080;\">12. <strong>Candy Claws<\/strong> - Into The Deep Time (One Sun) - Ceres &amp; Calypso in the Deep Time (Twosyllable Records, 2013\/2019).<\/span><br \/>\n<span style=\"color: #808080;\">13. <strong>My Bloody Valentine<\/strong> - Wonder 2 - m b v (MBV Records, 2013)<\/span><br \/>\n<span style=\"color: #808080;\">14. <strong>Genius Perfume<\/strong> - Eye In The Wall (Matador, 2019)<\/span><br \/>\n<span style=\"color: #808080;\">15. <strong>Mica Levi<\/strong> - Monkeys - Monkeys O.S.T. (Lakeshore, 2019)<\/span><br \/>\n<span style=\"color: #808080;\">16. <strong>Fly Pan Am<\/strong> - Interface Your Shattered Dreams - C'est \u00e7a (Constellation, 2019)<\/span><br \/>\n<span style=\"color: #808080;\">17. <strong>Heroin In Tahiti<\/strong> - Illamorip - Casilina Tapes 2010\/2017 (Boring Machines, 2018)<\/span><br \/>\n<span style=\"color: #808080;\">18. <strong>For Against<\/strong> - Echelons - Echelons (Independent Project, 1987\/Words on Music, 2004)<\/span><br \/>\n<span style=\"color: #808080;\">19. <strong>Kai Whiston<\/strong> - I - Fall In Your Hands - No World As Good As Mine (LUX, 2019)<\/span><br \/>\n<span style=\"color: #808080;\">20. <strong>The Soundcarriers<\/strong> - Entropicalia - Entropicalia (Ghost Box, 2014)<\/span><br \/>\n<span style=\"color: #808080;\">21. <strong>Stereolab<\/strong> - Refractions In The Plastic Pulse - Dots and Loops (Elektra, 1997\/Warp, 2019)<\/span><br \/>\n<span style=\"color: #808080;\">22. <strong>Mild High Club<\/strong> - Windowpane - Timeline (Circle Star, 2015)<\/span><br \/>\n<span style=\"color: #808080;\">23. <strong>Gene Clark with The Gosdin Brothers<\/strong> - The Same One - Gene Clark with The Gosdin Brothers (Columbia, 1967\/Sony, 2014).<\/span><\/p>","protected":false},"excerpt":{"rendered":"<p>Anank\u00e9 Cap\u00edtulo XIV Diciembre 2019 01. Caira Paravel &#8211; Andmoreagain &#8211; Mirror Mirror (God&#8217;s Eye Records, 2018) 02. Wendy &amp; Bonnie &#8211; By The Sea &#8211; Genesis (Skye, 1969\/Sundazed Music, 2019) 03. The United States Of America &#8211; Love Song For The Dead Che &#8211; The United States of America (Columbia, 1969\/Sundazed Music, 2008) 04. [&hellip;]<\/p>\n","protected":false},"author":19,"featured_media":0,"parent":0,"menu_order":0,"comment_status":"closed","ping_status":"closed","template":"","meta":{"footnotes":""},"class_list":["post-3802","page","type-page","status-publish","hentry"],"yoast_head":"<!-- This site is optimized with the Yoast SEO plugin v27.4 - https:\/\/yoast.com\/product\/yoast-seo-wordpress\/ -->\n<title>Anank\u00e9 #14 -<\/title>\n<meta name=\"robots\" content=\"index, follow, max-snippet:-1, max-image-preview:large, max-video-preview:-1\" \/>\n<link rel=\"canonical\" href=\"https:\/\/teslafm.net\/en\/ananke-14\/\" \/>\n<meta property=\"og:locale\" content=\"en_US\" \/>\n<meta property=\"og:type\" content=\"article\" \/>\n<meta property=\"og:title\" content=\"Anank\u00e9 #14 -\" \/>\n<meta property=\"og:description\" content=\"Anank\u00e9 Cap\u00edtulo XIV Diciembre 2019 01. Caira Paravel &#8211; Andmoreagain &#8211; Mirror Mirror (God&#8217;s Eye Records, 2018) 02. Wendy &amp; Bonnie &#8211; By The Sea &#8211; Genesis (Skye, 1969\/Sundazed Music, 2019) 03. The United States Of America &#8211; Love Song For The Dead Che &#8211; The United States of America (Columbia, 1969\/Sundazed Music, 2008) 04. [&hellip;]\" \/>\n<meta property=\"og:url\" content=\"https:\/\/teslafm.net\/en\/ananke-14\/\" \/>\n<meta property=\"article:publisher\" content=\"https:\/\/www.facebook.com\/teslafm.net\" \/>\n<meta property=\"article:modified_time\" content=\"2021-02-04T10:41:34+00:00\" \/>\n<meta property=\"og:image\" content=\"https:\/\/teslafm.net\/wp-content\/uploads\/2022\/09\/header-image-4-temp.png\" \/>\n\t<meta property=\"og:image:width\" content=\"1274\" \/>\n\t<meta property=\"og:image:height\" content=\"818\" \/>\n\t<meta property=\"og:image:type\" content=\"image\/png\" \/>\n<meta name=\"twitter:card\" content=\"summary_large_image\" \/>\n<meta name=\"twitter:site\" content=\"@teslafm\" \/>\n<meta name=\"twitter:label1\" content=\"Est. reading time\" \/>\n\t<meta name=\"twitter:data1\" content=\"2 minutes\" \/>\n<script type=\"application\/ld+json\" class=\"yoast-schema-graph\">{\"@context\":\"https:\\\/\\\/schema.org\",\"@graph\":[{\"@type\":\"WebPage\",\"@id\":\"https:\\\/\\\/teslafm.net\\\/ananke-14\\\/\",\"url\":\"https:\\\/\\\/teslafm.net\\\/ananke-14\\\/\",\"name\":\"Anank\u00e9 #14 -\",\"isPartOf\":{\"@id\":\"https:\\\/\\\/teslafm.net\\\/#website\"},\"datePublished\":\"2019-12-03T15:27:41+00:00\",\"dateModified\":\"2021-02-04T10:41:34+00:00\",\"breadcrumb\":{\"@id\":\"https:\\\/\\\/teslafm.net\\\/ananke-14\\\/#breadcrumb\"},\"inLanguage\":\"en-US\",\"potentialAction\":[{\"@type\":\"ReadAction\",\"target\":[\"https:\\\/\\\/teslafm.net\\\/ananke-14\\\/\"]}]},{\"@type\":\"BreadcrumbList\",\"@id\":\"https:\\\/\\\/teslafm.net\\\/ananke-14\\\/#breadcrumb\",\"itemListElement\":[{\"@type\":\"ListItem\",\"position\":1,\"name\":\"Portada\",\"item\":\"https:\\\/\\\/teslafm.net\\\/\"},{\"@type\":\"ListItem\",\"position\":2,\"name\":\"Anank\u00e9 #14\"}]},{\"@type\":\"WebSite\",\"@id\":\"https:\\\/\\\/teslafm.net\\\/#website\",\"url\":\"https:\\\/\\\/teslafm.net\\\/\",\"name\":\"TeslaFM\",\"description\":\"An experimental and creative radio\",\"publisher\":{\"@id\":\"https:\\\/\\\/teslafm.net\\\/#organization\"},\"potentialAction\":[{\"@type\":\"SearchAction\",\"target\":{\"@type\":\"EntryPoint\",\"urlTemplate\":\"https:\\\/\\\/teslafm.net\\\/?s={search_term_string}\"},\"query-input\":{\"@type\":\"PropertyValueSpecification\",\"valueRequired\":true,\"valueName\":\"search_term_string\"}}],\"inLanguage\":\"en-US\"},{\"@type\":\"Organization\",\"@id\":\"https:\\\/\\\/teslafm.net\\\/#organization\",\"name\":\"TeslaFM\",\"url\":\"https:\\\/\\\/teslafm.net\\\/\",\"logo\":{\"@type\":\"ImageObject\",\"inLanguage\":\"en-US\",\"@id\":\"https:\\\/\\\/teslafm.net\\\/#\\\/schema\\\/logo\\\/image\\\/\",\"url\":\"https:\\\/\\\/teslafm.net\\\/wp-content\\\/uploads\\\/2020\\\/06\\\/logo-tesla.png\",\"contentUrl\":\"https:\\\/\\\/teslafm.net\\\/wp-content\\\/uploads\\\/2020\\\/06\\\/logo-tesla.png\",\"width\":512,\"height\":512,\"caption\":\"TeslaFM\"},\"image\":{\"@id\":\"https:\\\/\\\/teslafm.net\\\/#\\\/schema\\\/logo\\\/image\\\/\"},\"sameAs\":[\"https:\\\/\\\/www.facebook.com\\\/teslafm.net\",\"https:\\\/\\\/x.com\\\/teslafm\"]}]}<\/script>\n<!-- \/ Yoast SEO plugin. -->","yoast_head_json":{"title":"Anank\u00e9 #14 -","robots":{"index":"index","follow":"follow","max-snippet":"max-snippet:-1","max-image-preview":"max-image-preview:large","max-video-preview":"max-video-preview:-1"},"canonical":"https:\/\/teslafm.net\/en\/ananke-14\/","og_locale":"en_US","og_type":"article","og_title":"Anank\u00e9 #14 -","og_description":"Anank\u00e9 Cap\u00edtulo XIV Diciembre 2019 01. Caira Paravel &#8211; Andmoreagain &#8211; Mirror Mirror (God&#8217;s Eye Records, 2018) 02. Wendy &amp; Bonnie &#8211; By The Sea &#8211; Genesis (Skye, 1969\/Sundazed Music, 2019) 03. The United States Of America &#8211; Love Song For The Dead Che &#8211; The United States of America (Columbia, 1969\/Sundazed Music, 2008) 04. [&hellip;]","og_url":"https:\/\/teslafm.net\/en\/ananke-14\/","article_publisher":"https:\/\/www.facebook.com\/teslafm.net","article_modified_time":"2021-02-04T10:41:34+00:00","og_image":[{"width":1274,"height":818,"url":"https:\/\/teslafm.net\/wp-content\/uploads\/2022\/09\/header-image-4-temp.png","type":"image\/png"}],"twitter_card":"summary_large_image","twitter_site":"@teslafm","twitter_misc":{"Est. reading time":"2 minutes"},"schema":{"@context":"https:\/\/schema.org","@graph":[{"@type":"WebPage","@id":"https:\/\/teslafm.net\/ananke-14\/","url":"https:\/\/teslafm.net\/ananke-14\/","name":"Anank\u00e9 #14 -","isPartOf":{"@id":"https:\/\/teslafm.net\/#website"},"datePublished":"2019-12-03T15:27:41+00:00","dateModified":"2021-02-04T10:41:34+00:00","breadcrumb":{"@id":"https:\/\/teslafm.net\/ananke-14\/#breadcrumb"},"inLanguage":"en-US","potentialAction":[{"@type":"ReadAction","target":["https:\/\/teslafm.net\/ananke-14\/"]}]},{"@type":"BreadcrumbList","@id":"https:\/\/teslafm.net\/ananke-14\/#breadcrumb","itemListElement":[{"@type":"ListItem","position":1,"name":"Portada","item":"https:\/\/teslafm.net\/"},{"@type":"ListItem","position":2,"name":"Anank\u00e9 #14"}]},{"@type":"WebSite","@id":"https:\/\/teslafm.net\/#website","url":"https:\/\/teslafm.net\/","name":"TeslaFM","description":"An experimental and creative radio","publisher":{"@id":"https:\/\/teslafm.net\/#organization"},"potentialAction":[{"@type":"SearchAction","target":{"@type":"EntryPoint","urlTemplate":"https:\/\/teslafm.net\/?s={search_term_string}"},"query-input":{"@type":"PropertyValueSpecification","valueRequired":true,"valueName":"search_term_string"}}],"inLanguage":"en-US"},{"@type":"Organization","@id":"https:\/\/teslafm.net\/#organization","name":"TeslaFM","url":"https:\/\/teslafm.net\/","logo":{"@type":"ImageObject","inLanguage":"en-US","@id":"https:\/\/teslafm.net\/#\/schema\/logo\/image\/","url":"https:\/\/teslafm.net\/wp-content\/uploads\/2020\/06\/logo-tesla.png","contentUrl":"https:\/\/teslafm.net\/wp-content\/uploads\/2020\/06\/logo-tesla.png","width":512,"height":512,"caption":"TeslaFM"},"image":{"@id":"https:\/\/teslafm.net\/#\/schema\/logo\/image\/"},"sameAs":["https:\/\/www.facebook.com\/teslafm.net","https:\/\/x.com\/teslafm"]}]}},"rttpg_featured_image_url":null,"rttpg_author":{"display_name":"Ishak","author_link":"https:\/\/teslafm.net\/en\/author\/cravan\/"},"rttpg_comment":0,"rttpg_category":null,"rttpg_excerpt":"Anank\u00e9 Cap\u00edtulo XIV Diciembre 2019 01. Caira Paravel &#8211; Andmoreagain &#8211; Mirror Mirror (God&#8217;s Eye Records, 2018) 02. Wendy &amp; Bonnie &#8211; By The Sea &#8211; Genesis (Skye, 1969\/Sundazed Music, 2019) 03. The United States Of America &#8211; Love Song For The Dead Che &#8211; The United States of America (Columbia, 1969\/Sundazed Music, 2008) 04.&hellip;","_links":{"self":[{"href":"https:\/\/teslafm.net\/en\/wp-json\/wp\/v2\/pages\/3802","targetHints":{"allow":["GET"]}}],"collection":[{"href":"https:\/\/teslafm.net\/en\/wp-json\/wp\/v2\/pages"}],"about":[{"href":"https:\/\/teslafm.net\/en\/wp-json\/wp\/v2\/types\/page"}],"author":[{"embeddable":true,"href":"https:\/\/teslafm.net\/en\/wp-json\/wp\/v2\/users\/19"}],"replies":[{"embeddable":true,"href":"https:\/\/teslafm.net\/en\/wp-json\/wp\/v2\/comments?post=3802"}],"version-history":[{"count":5,"href":"https:\/\/teslafm.net\/en\/wp-json\/wp\/v2\/pages\/3802\/revisions"}],"predecessor-version":[{"id":56691,"href":"https:\/\/teslafm.net\/en\/wp-json\/wp\/v2\/pages\/3802\/revisions\/56691"}],"wp:attachment":[{"href":"https:\/\/teslafm.net\/en\/wp-json\/wp\/v2\/media?parent=3802"}],"curies":[{"name":"wp","href":"https:\/\/api.w.org\/{rel}","templated":true}]}}