

{"id":4059,"date":"2019-12-17T11:47:10","date_gmt":"2019-12-17T10:47:10","guid":{"rendered":"https:\/\/teslafm.net\/?page_id=4059"},"modified":"2021-03-13T12:23:18","modified_gmt":"2021-03-13T11:23:18","slug":"space-oddity-recollection-6","status":"publish","type":"page","link":"https:\/\/teslafm.net\/en\/space-oddity-recollection-6\/","title":{"rendered":"Space Oddity Recollection #6"},"content":{"rendered":"<h2><span style=\"color: #ffffff;\"><strong>Space Oddity Recollection #6<\/strong><\/span><\/h2>\n<p><span style=\"color: #808080;\"><em>December 2019<\/em><\/span><\/p>\n<p><iframe src=\"https:\/\/www.mixcloud.com\/widget\/iframe\/?hide_cover=1&amp;feed=%2FTeslafm_net%2Fspace-oddity-recollection-6-monikapich%2F\" width=\"100%\" height=\"120\" frameborder=\"0\"><\/iframe><\/p>\n<p><img fetchpriority=\"high\" decoding=\"async\" class=\"alignnone wp-image-4060 size-large\" src=\"https:\/\/teslafm.net\/wp-content\/uploads\/2019\/12\/Uroruro_image-1024x1024.jpg\" alt=\"\" width=\"1024\" height=\"1024\" srcset=\"https:\/\/teslafm.net\/wp-content\/uploads\/2019\/12\/Uroruro_image-1024x1024.jpg 1024w, https:\/\/teslafm.net\/wp-content\/uploads\/2019\/12\/Uroruro_image-300x300.jpg 300w, https:\/\/teslafm.net\/wp-content\/uploads\/2019\/12\/Uroruro_image-100x100.jpg 100w, https:\/\/teslafm.net\/wp-content\/uploads\/2019\/12\/Uroruro_image-600x600.jpg 600w, https:\/\/teslafm.net\/wp-content\/uploads\/2019\/12\/Uroruro_image-150x150.jpg 150w, https:\/\/teslafm.net\/wp-content\/uploads\/2019\/12\/Uroruro_image-768x768.jpg 768w, https:\/\/teslafm.net\/wp-content\/uploads\/2019\/12\/Uroruro_image.jpg 1181w\" sizes=\"(max-width: 1024px) 100vw, 1024px\" \/><\/p>\n<p><span style=\"color: #808080;\">Dodecaphonic Republic by <strong>Uroruro<\/strong>a Polish sound artist, performer and poet. <strong>Uromusic<\/strong> consists of audio recordings made using monophonic tape recorders and everyday objects.<\/span><\/p>\n<p><span style=\"color: #808080;\"><br \/>\nIt contains vocal interpretations and poems by the artist.<\/span><\/p>\n<p><span style=\"color: #808080;\"><br \/>\nThe mix is based on titled recordings:<\/span><\/p>\n<p><span style=\"color: #808080;\">* \u00a0<strong>niewystarczaj\u0105ce,b\u0142\u0119dne, nieaktualne.<\/strong><\/span><\/p>\n<ol>\n<li><span style=\"color: #808080;\">etiuda\/ g\u0119ba w lewo osiem<\/span><\/li>\n<li><span style=\"color: #808080;\">le\u017ca\u0142 w ka\u0142u\u017cy badacza<\/span><\/li>\n<\/ol>\n<p><span style=\"color: #808080;\"><br \/>\n* \u00a0<strong>prosz\u0119 wpisa\u0107 tytu\u0142 albumu<\/strong><\/span><\/p>\n<ol>\n<li><span style=\"color: #808080;\">1.szypa, ty\u0142ki<\/span><\/li>\n<\/ol>\n<p><span style=\"color: #808080;\"><br \/>\n* \u00a0<strong>herezje wielkanocne. szpinak<\/strong><\/span><\/p>\n<ol>\n<li><span style=\"color: #808080;\">strona A...herezje<\/span><\/li>\n<li><span style=\"color: #808080;\">strona B...szpinak<\/span><\/li>\n<\/ol>\n<p><span style=\"color: #808080;\"><br \/>\n* <strong>frajer w zaro\u015blach<\/strong><\/span><\/p>\n<ol>\n<li><span style=\"color: #808080;\">frajer w zaro\u015blach<\/span><\/li>\n<\/ol>\n<p><span style=\"color: #808080;\"><br \/>\n* <strong>the story of gregor dziura<\/strong><\/span><\/p>\n<ol>\n<li><span style=\"color: #808080;\">the story of gregor dziura<\/span><\/li>\n<\/ol>\n<p><span style=\"color: #808080;\"><br \/>\nFor more information about the music of <strong>Uroruro<\/strong>please visit <\/span><a href=\"https:\/\/uroruro.bandcamp.com\/\" target=\"_blank\" rel=\"noopener noreferrer\">uroruro.bandcamp.com\/<\/a><\/p>\n<p><span style=\"color: #808080;\">Enjoy the mix, December 2019. P<\/span><span style=\"color: #808080;\">roduced by <strong>monikapich<\/strong>.<\/span><\/p>","protected":false},"excerpt":{"rendered":"<p>Space Oddity Recollection #6 Diciembre 2019 Rep\u00fablica dodecaf\u00f3nica por Uroruro, un artista sonoro polaco, performer y poeta. Uromusic consiste en grabaciones de audio hechas usando grabadoras de cinta monof\u00f3nicas y objetos cotidianos. Contiene\u00a0 interpretaciones vocales y poemas del artista. La mezcla se basa en grabaciones tituladas: * \u00a0niewystarczaj\u0105ce,b\u0142\u0119dne, nieaktualne etiuda\/ g\u0119ba w lewo osiem le\u017ca\u0142 [&hellip;]<\/p>\n","protected":false},"author":19,"featured_media":0,"parent":0,"menu_order":0,"comment_status":"closed","ping_status":"closed","template":"","meta":{"footnotes":""},"class_list":["post-4059","page","type-page","status-publish","hentry"],"yoast_head":"<!-- This site is optimized with the Yoast SEO plugin v27.4 - https:\/\/yoast.com\/product\/yoast-seo-wordpress\/ -->\n<title>Space Oddity Recollection #6 -<\/title>\n<meta name=\"robots\" content=\"index, follow, max-snippet:-1, max-image-preview:large, max-video-preview:-1\" \/>\n<link rel=\"canonical\" href=\"https:\/\/teslafm.net\/en\/space-oddity-recollection-6\/\" \/>\n<meta property=\"og:locale\" content=\"en_US\" \/>\n<meta property=\"og:type\" content=\"article\" \/>\n<meta property=\"og:title\" content=\"Space Oddity Recollection #6 -\" \/>\n<meta property=\"og:description\" content=\"Space Oddity Recollection #6 Diciembre 2019 Rep\u00fablica dodecaf\u00f3nica por Uroruro, un artista sonoro polaco, performer y poeta. Uromusic consiste en grabaciones de audio hechas usando grabadoras de cinta monof\u00f3nicas y objetos cotidianos. Contiene\u00a0 interpretaciones vocales y poemas del artista. La mezcla se basa en grabaciones tituladas: * \u00a0niewystarczaj\u0105ce,b\u0142\u0119dne, nieaktualne etiuda\/ g\u0119ba w lewo osiem le\u017ca\u0142 [&hellip;]\" \/>\n<meta property=\"og:url\" content=\"https:\/\/teslafm.net\/en\/space-oddity-recollection-6\/\" \/>\n<meta property=\"article:publisher\" content=\"https:\/\/www.facebook.com\/teslafm.net\" \/>\n<meta property=\"article:modified_time\" content=\"2021-03-13T11:23:18+00:00\" \/>\n<meta property=\"og:image\" content=\"https:\/\/teslafm.net\/wp-content\/uploads\/2019\/12\/Uroruro_image-1024x1024.jpg\" \/>\n<meta name=\"twitter:card\" content=\"summary_large_image\" \/>\n<meta name=\"twitter:site\" content=\"@teslafm\" \/>\n<meta name=\"twitter:label1\" content=\"Est. reading time\" \/>\n\t<meta name=\"twitter:data1\" content=\"1 minute\" \/>\n<script type=\"application\/ld+json\" class=\"yoast-schema-graph\">{\"@context\":\"https:\\\/\\\/schema.org\",\"@graph\":[{\"@type\":\"WebPage\",\"@id\":\"https:\\\/\\\/teslafm.net\\\/space-oddity-recollection-6\\\/\",\"url\":\"https:\\\/\\\/teslafm.net\\\/space-oddity-recollection-6\\\/\",\"name\":\"Space Oddity Recollection #6 -\",\"isPartOf\":{\"@id\":\"https:\\\/\\\/teslafm.net\\\/#website\"},\"primaryImageOfPage\":{\"@id\":\"https:\\\/\\\/teslafm.net\\\/space-oddity-recollection-6\\\/#primaryimage\"},\"image\":{\"@id\":\"https:\\\/\\\/teslafm.net\\\/space-oddity-recollection-6\\\/#primaryimage\"},\"thumbnailUrl\":\"https:\\\/\\\/teslafm.net\\\/wp-content\\\/uploads\\\/2019\\\/12\\\/Uroruro_image-1024x1024.jpg\",\"datePublished\":\"2019-12-17T10:47:10+00:00\",\"dateModified\":\"2021-03-13T11:23:18+00:00\",\"breadcrumb\":{\"@id\":\"https:\\\/\\\/teslafm.net\\\/space-oddity-recollection-6\\\/#breadcrumb\"},\"inLanguage\":\"en-US\",\"potentialAction\":[{\"@type\":\"ReadAction\",\"target\":[\"https:\\\/\\\/teslafm.net\\\/space-oddity-recollection-6\\\/\"]}]},{\"@type\":\"ImageObject\",\"inLanguage\":\"en-US\",\"@id\":\"https:\\\/\\\/teslafm.net\\\/space-oddity-recollection-6\\\/#primaryimage\",\"url\":\"https:\\\/\\\/teslafm.net\\\/wp-content\\\/uploads\\\/2019\\\/12\\\/Uroruro_image-1024x1024.jpg\",\"contentUrl\":\"https:\\\/\\\/teslafm.net\\\/wp-content\\\/uploads\\\/2019\\\/12\\\/Uroruro_image-1024x1024.jpg\"},{\"@type\":\"BreadcrumbList\",\"@id\":\"https:\\\/\\\/teslafm.net\\\/space-oddity-recollection-6\\\/#breadcrumb\",\"itemListElement\":[{\"@type\":\"ListItem\",\"position\":1,\"name\":\"Portada\",\"item\":\"https:\\\/\\\/teslafm.net\\\/\"},{\"@type\":\"ListItem\",\"position\":2,\"name\":\"Space Oddity Recollection #6\"}]},{\"@type\":\"WebSite\",\"@id\":\"https:\\\/\\\/teslafm.net\\\/#website\",\"url\":\"https:\\\/\\\/teslafm.net\\\/\",\"name\":\"TeslaFM\",\"description\":\"An experimental and creative radio\",\"publisher\":{\"@id\":\"https:\\\/\\\/teslafm.net\\\/#organization\"},\"potentialAction\":[{\"@type\":\"SearchAction\",\"target\":{\"@type\":\"EntryPoint\",\"urlTemplate\":\"https:\\\/\\\/teslafm.net\\\/?s={search_term_string}\"},\"query-input\":{\"@type\":\"PropertyValueSpecification\",\"valueRequired\":true,\"valueName\":\"search_term_string\"}}],\"inLanguage\":\"en-US\"},{\"@type\":\"Organization\",\"@id\":\"https:\\\/\\\/teslafm.net\\\/#organization\",\"name\":\"TeslaFM\",\"url\":\"https:\\\/\\\/teslafm.net\\\/\",\"logo\":{\"@type\":\"ImageObject\",\"inLanguage\":\"en-US\",\"@id\":\"https:\\\/\\\/teslafm.net\\\/#\\\/schema\\\/logo\\\/image\\\/\",\"url\":\"https:\\\/\\\/teslafm.net\\\/wp-content\\\/uploads\\\/2020\\\/06\\\/logo-tesla.png\",\"contentUrl\":\"https:\\\/\\\/teslafm.net\\\/wp-content\\\/uploads\\\/2020\\\/06\\\/logo-tesla.png\",\"width\":512,\"height\":512,\"caption\":\"TeslaFM\"},\"image\":{\"@id\":\"https:\\\/\\\/teslafm.net\\\/#\\\/schema\\\/logo\\\/image\\\/\"},\"sameAs\":[\"https:\\\/\\\/www.facebook.com\\\/teslafm.net\",\"https:\\\/\\\/x.com\\\/teslafm\"]}]}<\/script>\n<!-- \/ Yoast SEO plugin. -->","yoast_head_json":{"title":"Space Oddity Recollection #6 -","robots":{"index":"index","follow":"follow","max-snippet":"max-snippet:-1","max-image-preview":"max-image-preview:large","max-video-preview":"max-video-preview:-1"},"canonical":"https:\/\/teslafm.net\/en\/space-oddity-recollection-6\/","og_locale":"en_US","og_type":"article","og_title":"Space Oddity Recollection #6 -","og_description":"Space Oddity Recollection #6 Diciembre 2019 Rep\u00fablica dodecaf\u00f3nica por Uroruro, un artista sonoro polaco, performer y poeta. Uromusic consiste en grabaciones de audio hechas usando grabadoras de cinta monof\u00f3nicas y objetos cotidianos. Contiene\u00a0 interpretaciones vocales y poemas del artista. La mezcla se basa en grabaciones tituladas: * \u00a0niewystarczaj\u0105ce,b\u0142\u0119dne, nieaktualne etiuda\/ g\u0119ba w lewo osiem le\u017ca\u0142 [&hellip;]","og_url":"https:\/\/teslafm.net\/en\/space-oddity-recollection-6\/","article_publisher":"https:\/\/www.facebook.com\/teslafm.net","article_modified_time":"2021-03-13T11:23:18+00:00","og_image":[{"url":"https:\/\/teslafm.net\/wp-content\/uploads\/2019\/12\/Uroruro_image-1024x1024.jpg","type":"","width":"","height":""}],"twitter_card":"summary_large_image","twitter_site":"@teslafm","twitter_misc":{"Est. reading time":"1 minute"},"schema":{"@context":"https:\/\/schema.org","@graph":[{"@type":"WebPage","@id":"https:\/\/teslafm.net\/space-oddity-recollection-6\/","url":"https:\/\/teslafm.net\/space-oddity-recollection-6\/","name":"Space Oddity Recollection #6 -","isPartOf":{"@id":"https:\/\/teslafm.net\/#website"},"primaryImageOfPage":{"@id":"https:\/\/teslafm.net\/space-oddity-recollection-6\/#primaryimage"},"image":{"@id":"https:\/\/teslafm.net\/space-oddity-recollection-6\/#primaryimage"},"thumbnailUrl":"https:\/\/teslafm.net\/wp-content\/uploads\/2019\/12\/Uroruro_image-1024x1024.jpg","datePublished":"2019-12-17T10:47:10+00:00","dateModified":"2021-03-13T11:23:18+00:00","breadcrumb":{"@id":"https:\/\/teslafm.net\/space-oddity-recollection-6\/#breadcrumb"},"inLanguage":"en-US","potentialAction":[{"@type":"ReadAction","target":["https:\/\/teslafm.net\/space-oddity-recollection-6\/"]}]},{"@type":"ImageObject","inLanguage":"en-US","@id":"https:\/\/teslafm.net\/space-oddity-recollection-6\/#primaryimage","url":"https:\/\/teslafm.net\/wp-content\/uploads\/2019\/12\/Uroruro_image-1024x1024.jpg","contentUrl":"https:\/\/teslafm.net\/wp-content\/uploads\/2019\/12\/Uroruro_image-1024x1024.jpg"},{"@type":"BreadcrumbList","@id":"https:\/\/teslafm.net\/space-oddity-recollection-6\/#breadcrumb","itemListElement":[{"@type":"ListItem","position":1,"name":"Portada","item":"https:\/\/teslafm.net\/"},{"@type":"ListItem","position":2,"name":"Space Oddity Recollection #6"}]},{"@type":"WebSite","@id":"https:\/\/teslafm.net\/#website","url":"https:\/\/teslafm.net\/","name":"TeslaFM","description":"An experimental and creative radio","publisher":{"@id":"https:\/\/teslafm.net\/#organization"},"potentialAction":[{"@type":"SearchAction","target":{"@type":"EntryPoint","urlTemplate":"https:\/\/teslafm.net\/?s={search_term_string}"},"query-input":{"@type":"PropertyValueSpecification","valueRequired":true,"valueName":"search_term_string"}}],"inLanguage":"en-US"},{"@type":"Organization","@id":"https:\/\/teslafm.net\/#organization","name":"TeslaFM","url":"https:\/\/teslafm.net\/","logo":{"@type":"ImageObject","inLanguage":"en-US","@id":"https:\/\/teslafm.net\/#\/schema\/logo\/image\/","url":"https:\/\/teslafm.net\/wp-content\/uploads\/2020\/06\/logo-tesla.png","contentUrl":"https:\/\/teslafm.net\/wp-content\/uploads\/2020\/06\/logo-tesla.png","width":512,"height":512,"caption":"TeslaFM"},"image":{"@id":"https:\/\/teslafm.net\/#\/schema\/logo\/image\/"},"sameAs":["https:\/\/www.facebook.com\/teslafm.net","https:\/\/x.com\/teslafm"]}]}},"rttpg_featured_image_url":null,"rttpg_author":{"display_name":"Ishak","author_link":"https:\/\/teslafm.net\/en\/author\/cravan\/"},"rttpg_comment":0,"rttpg_category":null,"rttpg_excerpt":"Space Oddity Recollection #6 Diciembre 2019 Rep\u00fablica dodecaf\u00f3nica por Uroruro, un artista sonoro polaco, performer y poeta. Uromusic consiste en grabaciones de audio hechas usando grabadoras de cinta monof\u00f3nicas y objetos cotidianos. Contiene\u00a0 interpretaciones vocales y poemas del artista. La mezcla se basa en grabaciones tituladas: * \u00a0niewystarczaj\u0105ce,b\u0142\u0119dne, nieaktualne etiuda\/ g\u0119ba w lewo osiem le\u017ca\u0142&hellip;","_links":{"self":[{"href":"https:\/\/teslafm.net\/en\/wp-json\/wp\/v2\/pages\/4059","targetHints":{"allow":["GET"]}}],"collection":[{"href":"https:\/\/teslafm.net\/en\/wp-json\/wp\/v2\/pages"}],"about":[{"href":"https:\/\/teslafm.net\/en\/wp-json\/wp\/v2\/types\/page"}],"author":[{"embeddable":true,"href":"https:\/\/teslafm.net\/en\/wp-json\/wp\/v2\/users\/19"}],"replies":[{"embeddable":true,"href":"https:\/\/teslafm.net\/en\/wp-json\/wp\/v2\/comments?post=4059"}],"version-history":[{"count":16,"href":"https:\/\/teslafm.net\/en\/wp-json\/wp\/v2\/pages\/4059\/revisions"}],"predecessor-version":[{"id":57524,"href":"https:\/\/teslafm.net\/en\/wp-json\/wp\/v2\/pages\/4059\/revisions\/57524"}],"wp:attachment":[{"href":"https:\/\/teslafm.net\/en\/wp-json\/wp\/v2\/media?parent=4059"}],"curies":[{"name":"wp","href":"https:\/\/api.w.org\/{rel}","templated":true}]}}