

{"id":4226,"date":"2020-01-14T14:50:48","date_gmt":"2020-01-14T13:50:48","guid":{"rendered":"https:\/\/teslafm.net\/?page_id=4226"},"modified":"2021-02-04T11:42:04","modified_gmt":"2021-02-04T10:42:04","slug":"ananke-15","status":"publish","type":"page","link":"https:\/\/teslafm.net\/en\/ananke-15\/","title":{"rendered":"Anank\u00e9 #15"},"content":{"rendered":"<h2><span style=\"color: #ffffff;\"><strong>Anank\u00e9 Chapter XV<\/strong><\/span><\/h2>\n<p><span style=\"color: #808080;\"><em>January 2020<\/em><\/span><\/p>\n<p><iframe src=\"https:\/\/www.mixcloud.com\/widget\/iframe\/?hide_cover=1&amp;feed=%2FTeslafm_net%2Fanank%C3%A9-15-jaco%2F\" width=\"100%\" height=\"120\" frameborder=\"0\"><\/iframe><\/p>\n<p><span style=\"color: #808080;\">01. <strong>Burial<\/strong> - State Forest - Tunes 2011-2019 (Hyperdub, 2019)<\/span><br \/>\n<span style=\"color: #808080;\">02. <strong>Okay Kaya<\/strong> - Asexual Wellbeing - Watch This Liquid Pour Itself (Jagjaguwar, 2020)<\/span><br \/>\n<span style=\"color: #808080;\">03. <strong>ASC<\/strong> - Etracene - 1138 (Auxiliary, 2019)<\/span><br \/>\n<span style=\"color: #808080;\">04. <strong>Mireille Kyrou<\/strong> \/ VOX Populi! - \u00c9tude I - Experimental Lineage (Nostalgie de la boue, 2019)<\/span><br \/>\n<span style=\"color: #808080;\">05. <strong>Tunes of Negation<\/strong> - The World Is a Stage \/ Reach the Endless Sea - Reach the Endless Sea (Cosmo Rhythmatic, 2019).<\/span><br \/>\n<span style=\"color: #808080;\">06 - Lech Nienartowicz - Zludzenie - Wrazenia i mechanizmy (Pawlacz Perski, 2019)<\/span><br \/>\n<span style=\"color: #808080;\">07. <strong>Chaines<\/strong> - Knockturning - The King (Slip, 2018)<\/span><br \/>\n<span style=\"color: #808080;\">08. <strong>Kaitlyn Aurelia Smith<\/strong> - IX - Tides: Music for Meditation and Yoga (Touchtheplants, 2019).<\/span><br \/>\n<span style=\"color: #808080;\">09. <strong>A\u00efsha Devi<\/strong> - Aurat (Tool) - Of Matter and Spirit (Houndstooth, 2015)<\/span><br \/>\n<span style=\"color: #808080;\">10. <strong>Zo\u00eb McPherson &amp; Rupert Clervaux<\/strong> - Cercle Vertueux - Plafond 5 (BAKK, 2019)<\/span><br \/>\n<span style=\"color: #808080;\">11. <strong>Sparrowhawk Rayna Russom<\/strong> - Envoy - The Envoy (Ecstatic, 2019)<\/span><br \/>\n<span style=\"color: #808080;\">12. <strong>Andrea Borghi<\/strong> - Untitled - VHS (Misanthropic, 2019)<\/span><br \/>\n<span style=\"color: #808080;\">13. <strong>Geneva Skeen<\/strong> - The Angles Without Palm Trees - A Parallel Array of Horses (Room40, 2018)<\/span><br \/>\n<span style=\"color: #808080;\">14. <strong>Jana Winderen<\/strong> - Aquaculture - Energy Field (Touch, 2010)<\/span><br \/>\n<span style=\"color: #808080;\">15. <strong>Sarah Davachi &amp; Ariel Kalma<\/strong> - Harmonium Odissey - Intemporel (Black Sweat, 2019).<\/span><br \/>\n<span style=\"color: #808080;\">16. <strong>Zonal<\/strong> - Wrecked - Wrecked (Relapse, 2019)<\/span><br \/>\n<span style=\"color: #808080;\">17. <strong>Eleh<\/strong> - Lo, Fr Ega - Living Space (Touch, 2019)<\/span><br \/>\n<span style=\"color: #808080;\">18. <strong>Boards Of Canada<\/strong> - XYZ (Warp, 2019)<\/span><br \/>\n<span style=\"color: #808080;\">19. <strong>Martina Lussi<\/strong> - Anarchy For Her - Diffusion Is A Force (Latency, 2019)<\/span><br \/>\n<span style=\"color: #808080;\">20. <strong>Jan St. Werner<\/strong> - Glottal Wolpertinger Feedback Band 3 \/ B - Glottal Wolpertinger (Thrill Jockey, 2019).<\/span><br \/>\n<span style=\"color: #808080;\">21. <strong>Tim Hecker<\/strong> - That World - Anoyo (Kranky, 2019)<\/span><br \/>\n<span style=\"color: #808080;\">22. <strong>Cecilia<\/strong> - House Of Flesh - Adoration (Halcyon Veil, 2018)<\/span><br \/>\n<span style=\"color: #808080;\">23. <strong>A. R. Luciani<\/strong> - Piccola Fabbrica - Ambiente E Musica (Vroommm, 1976)<\/span><br \/>\n<span style=\"color: #808080;\">24. <strong>Jay Glass Dubs<\/strong> - To My Benefitors - Epitaph (Bokeh Versions, 2019)<\/span><br \/>\n<span style=\"color: #808080;\">25. <strong>The Caretaker<\/strong> - Stage 6 Place in the World Fades Away - Everywhere at the End of Time - Stage 6 (History Always Favours the Winners, 2019).<\/span><\/p>","protected":false},"excerpt":{"rendered":"<p>Anank\u00e9 Cap\u00edtulo XV Enero 2020 01. Burial &#8211; State Forest &#8211; Tunes 2011-2019 (Hyperdub, 2019) 02. Okay Kaya &#8211; Asexual Wellbeing &#8211; Watch This Liquid Pour Itself (Jagjaguwar, 2020) 03. ASC &#8211; Etracene &#8211; 1138 (Auxiliary, 2019) 04. Mireille Kyrou \/ VOX Populi! &#8211; \u00c9tude I &#8211; Experimental Lineage (Nostalgie de la boue, 2019) 05. [&hellip;]<\/p>\n","protected":false},"author":19,"featured_media":0,"parent":0,"menu_order":0,"comment_status":"closed","ping_status":"closed","template":"","meta":{"footnotes":""},"class_list":["post-4226","page","type-page","status-publish","hentry"],"yoast_head":"<!-- This site is optimized with the Yoast SEO plugin v27.4 - https:\/\/yoast.com\/product\/yoast-seo-wordpress\/ -->\n<title>Anank\u00e9 #15 -<\/title>\n<meta name=\"robots\" content=\"index, follow, max-snippet:-1, max-image-preview:large, max-video-preview:-1\" \/>\n<link rel=\"canonical\" href=\"https:\/\/teslafm.net\/en\/ananke-15\/\" \/>\n<meta property=\"og:locale\" content=\"en_US\" \/>\n<meta property=\"og:type\" content=\"article\" \/>\n<meta property=\"og:title\" content=\"Anank\u00e9 #15 -\" \/>\n<meta property=\"og:description\" content=\"Anank\u00e9 Cap\u00edtulo XV Enero 2020 01. Burial &#8211; State Forest &#8211; Tunes 2011-2019 (Hyperdub, 2019) 02. Okay Kaya &#8211; Asexual Wellbeing &#8211; Watch This Liquid Pour Itself (Jagjaguwar, 2020) 03. ASC &#8211; Etracene &#8211; 1138 (Auxiliary, 2019) 04. Mireille Kyrou \/ VOX Populi! &#8211; \u00c9tude I &#8211; Experimental Lineage (Nostalgie de la boue, 2019) 05. [&hellip;]\" \/>\n<meta property=\"og:url\" content=\"https:\/\/teslafm.net\/en\/ananke-15\/\" \/>\n<meta property=\"article:publisher\" content=\"https:\/\/www.facebook.com\/teslafm.net\" \/>\n<meta property=\"article:modified_time\" content=\"2021-02-04T10:42:04+00:00\" \/>\n<meta property=\"og:image\" content=\"https:\/\/teslafm.net\/wp-content\/uploads\/2022\/09\/header-image-4-temp.png\" \/>\n\t<meta property=\"og:image:width\" content=\"1274\" \/>\n\t<meta property=\"og:image:height\" content=\"818\" \/>\n\t<meta property=\"og:image:type\" content=\"image\/png\" \/>\n<meta name=\"twitter:card\" content=\"summary_large_image\" \/>\n<meta name=\"twitter:site\" content=\"@teslafm\" \/>\n<meta name=\"twitter:label1\" content=\"Est. reading time\" \/>\n\t<meta name=\"twitter:data1\" content=\"2 minutes\" \/>\n<script type=\"application\/ld+json\" class=\"yoast-schema-graph\">{\"@context\":\"https:\\\/\\\/schema.org\",\"@graph\":[{\"@type\":\"WebPage\",\"@id\":\"https:\\\/\\\/teslafm.net\\\/ananke-15\\\/\",\"url\":\"https:\\\/\\\/teslafm.net\\\/ananke-15\\\/\",\"name\":\"Anank\u00e9 #15 -\",\"isPartOf\":{\"@id\":\"https:\\\/\\\/teslafm.net\\\/#website\"},\"datePublished\":\"2020-01-14T13:50:48+00:00\",\"dateModified\":\"2021-02-04T10:42:04+00:00\",\"breadcrumb\":{\"@id\":\"https:\\\/\\\/teslafm.net\\\/ananke-15\\\/#breadcrumb\"},\"inLanguage\":\"en-US\",\"potentialAction\":[{\"@type\":\"ReadAction\",\"target\":[\"https:\\\/\\\/teslafm.net\\\/ananke-15\\\/\"]}]},{\"@type\":\"BreadcrumbList\",\"@id\":\"https:\\\/\\\/teslafm.net\\\/ananke-15\\\/#breadcrumb\",\"itemListElement\":[{\"@type\":\"ListItem\",\"position\":1,\"name\":\"Portada\",\"item\":\"https:\\\/\\\/teslafm.net\\\/\"},{\"@type\":\"ListItem\",\"position\":2,\"name\":\"Anank\u00e9 #15\"}]},{\"@type\":\"WebSite\",\"@id\":\"https:\\\/\\\/teslafm.net\\\/#website\",\"url\":\"https:\\\/\\\/teslafm.net\\\/\",\"name\":\"TeslaFM\",\"description\":\"An experimental and creative radio\",\"publisher\":{\"@id\":\"https:\\\/\\\/teslafm.net\\\/#organization\"},\"potentialAction\":[{\"@type\":\"SearchAction\",\"target\":{\"@type\":\"EntryPoint\",\"urlTemplate\":\"https:\\\/\\\/teslafm.net\\\/?s={search_term_string}\"},\"query-input\":{\"@type\":\"PropertyValueSpecification\",\"valueRequired\":true,\"valueName\":\"search_term_string\"}}],\"inLanguage\":\"en-US\"},{\"@type\":\"Organization\",\"@id\":\"https:\\\/\\\/teslafm.net\\\/#organization\",\"name\":\"TeslaFM\",\"url\":\"https:\\\/\\\/teslafm.net\\\/\",\"logo\":{\"@type\":\"ImageObject\",\"inLanguage\":\"en-US\",\"@id\":\"https:\\\/\\\/teslafm.net\\\/#\\\/schema\\\/logo\\\/image\\\/\",\"url\":\"https:\\\/\\\/teslafm.net\\\/wp-content\\\/uploads\\\/2020\\\/06\\\/logo-tesla.png\",\"contentUrl\":\"https:\\\/\\\/teslafm.net\\\/wp-content\\\/uploads\\\/2020\\\/06\\\/logo-tesla.png\",\"width\":512,\"height\":512,\"caption\":\"TeslaFM\"},\"image\":{\"@id\":\"https:\\\/\\\/teslafm.net\\\/#\\\/schema\\\/logo\\\/image\\\/\"},\"sameAs\":[\"https:\\\/\\\/www.facebook.com\\\/teslafm.net\",\"https:\\\/\\\/x.com\\\/teslafm\"]}]}<\/script>\n<!-- \/ Yoast SEO plugin. -->","yoast_head_json":{"title":"Anank\u00e9 #15 -","robots":{"index":"index","follow":"follow","max-snippet":"max-snippet:-1","max-image-preview":"max-image-preview:large","max-video-preview":"max-video-preview:-1"},"canonical":"https:\/\/teslafm.net\/en\/ananke-15\/","og_locale":"en_US","og_type":"article","og_title":"Anank\u00e9 #15 -","og_description":"Anank\u00e9 Cap\u00edtulo XV Enero 2020 01. Burial &#8211; State Forest &#8211; Tunes 2011-2019 (Hyperdub, 2019) 02. Okay Kaya &#8211; Asexual Wellbeing &#8211; Watch This Liquid Pour Itself (Jagjaguwar, 2020) 03. ASC &#8211; Etracene &#8211; 1138 (Auxiliary, 2019) 04. Mireille Kyrou \/ VOX Populi! &#8211; \u00c9tude I &#8211; Experimental Lineage (Nostalgie de la boue, 2019) 05. [&hellip;]","og_url":"https:\/\/teslafm.net\/en\/ananke-15\/","article_publisher":"https:\/\/www.facebook.com\/teslafm.net","article_modified_time":"2021-02-04T10:42:04+00:00","og_image":[{"width":1274,"height":818,"url":"https:\/\/teslafm.net\/wp-content\/uploads\/2022\/09\/header-image-4-temp.png","type":"image\/png"}],"twitter_card":"summary_large_image","twitter_site":"@teslafm","twitter_misc":{"Est. reading time":"2 minutes"},"schema":{"@context":"https:\/\/schema.org","@graph":[{"@type":"WebPage","@id":"https:\/\/teslafm.net\/ananke-15\/","url":"https:\/\/teslafm.net\/ananke-15\/","name":"Anank\u00e9 #15 -","isPartOf":{"@id":"https:\/\/teslafm.net\/#website"},"datePublished":"2020-01-14T13:50:48+00:00","dateModified":"2021-02-04T10:42:04+00:00","breadcrumb":{"@id":"https:\/\/teslafm.net\/ananke-15\/#breadcrumb"},"inLanguage":"en-US","potentialAction":[{"@type":"ReadAction","target":["https:\/\/teslafm.net\/ananke-15\/"]}]},{"@type":"BreadcrumbList","@id":"https:\/\/teslafm.net\/ananke-15\/#breadcrumb","itemListElement":[{"@type":"ListItem","position":1,"name":"Portada","item":"https:\/\/teslafm.net\/"},{"@type":"ListItem","position":2,"name":"Anank\u00e9 #15"}]},{"@type":"WebSite","@id":"https:\/\/teslafm.net\/#website","url":"https:\/\/teslafm.net\/","name":"TeslaFM","description":"An experimental and creative radio","publisher":{"@id":"https:\/\/teslafm.net\/#organization"},"potentialAction":[{"@type":"SearchAction","target":{"@type":"EntryPoint","urlTemplate":"https:\/\/teslafm.net\/?s={search_term_string}"},"query-input":{"@type":"PropertyValueSpecification","valueRequired":true,"valueName":"search_term_string"}}],"inLanguage":"en-US"},{"@type":"Organization","@id":"https:\/\/teslafm.net\/#organization","name":"TeslaFM","url":"https:\/\/teslafm.net\/","logo":{"@type":"ImageObject","inLanguage":"en-US","@id":"https:\/\/teslafm.net\/#\/schema\/logo\/image\/","url":"https:\/\/teslafm.net\/wp-content\/uploads\/2020\/06\/logo-tesla.png","contentUrl":"https:\/\/teslafm.net\/wp-content\/uploads\/2020\/06\/logo-tesla.png","width":512,"height":512,"caption":"TeslaFM"},"image":{"@id":"https:\/\/teslafm.net\/#\/schema\/logo\/image\/"},"sameAs":["https:\/\/www.facebook.com\/teslafm.net","https:\/\/x.com\/teslafm"]}]}},"rttpg_featured_image_url":null,"rttpg_author":{"display_name":"Ishak","author_link":"https:\/\/teslafm.net\/en\/author\/cravan\/"},"rttpg_comment":0,"rttpg_category":null,"rttpg_excerpt":"Anank\u00e9 Cap\u00edtulo XV Enero 2020 01. Burial &#8211; State Forest &#8211; Tunes 2011-2019 (Hyperdub, 2019) 02. Okay Kaya &#8211; Asexual Wellbeing &#8211; Watch This Liquid Pour Itself (Jagjaguwar, 2020) 03. ASC &#8211; Etracene &#8211; 1138 (Auxiliary, 2019) 04. Mireille Kyrou \/ VOX Populi! &#8211; \u00c9tude I &#8211; Experimental Lineage (Nostalgie de la boue, 2019) 05.&hellip;","_links":{"self":[{"href":"https:\/\/teslafm.net\/en\/wp-json\/wp\/v2\/pages\/4226","targetHints":{"allow":["GET"]}}],"collection":[{"href":"https:\/\/teslafm.net\/en\/wp-json\/wp\/v2\/pages"}],"about":[{"href":"https:\/\/teslafm.net\/en\/wp-json\/wp\/v2\/types\/page"}],"author":[{"embeddable":true,"href":"https:\/\/teslafm.net\/en\/wp-json\/wp\/v2\/users\/19"}],"replies":[{"embeddable":true,"href":"https:\/\/teslafm.net\/en\/wp-json\/wp\/v2\/comments?post=4226"}],"version-history":[{"count":5,"href":"https:\/\/teslafm.net\/en\/wp-json\/wp\/v2\/pages\/4226\/revisions"}],"predecessor-version":[{"id":56692,"href":"https:\/\/teslafm.net\/en\/wp-json\/wp\/v2\/pages\/4226\/revisions\/56692"}],"wp:attachment":[{"href":"https:\/\/teslafm.net\/en\/wp-json\/wp\/v2\/media?parent=4226"}],"curies":[{"name":"wp","href":"https:\/\/api.w.org\/{rel}","templated":true}]}}