

{"id":4297,"date":"2020-01-21T17:41:15","date_gmt":"2020-01-21T16:41:15","guid":{"rendered":"https:\/\/teslafm.net\/?page_id=4297"},"modified":"2021-03-06T17:03:48","modified_gmt":"2021-03-06T16:03:48","slug":"espace-plein-4","status":"publish","type":"page","link":"https:\/\/teslafm.net\/en\/espace-plein-4\/","title":{"rendered":"Espace Plein #4"},"content":{"rendered":"<h2><span style=\"color: #ffffff;\"><strong>Espace Plein #4<\/strong><\/span><\/h2>\n<p><span style=\"color: #808080;\"><em>January 2020<\/em><\/span><\/p>\n<p><iframe src=\"https:\/\/www.mixcloud.com\/widget\/iframe\/?hide_cover=1&amp;feed=%2FTeslafm_net%2Fespace-plein-4-%C3%BArsula-bravo%2F\" width=\"100%\" height=\"120\" frameborder=\"0\"><\/iframe><\/p>\n<p><span style=\"color: #808080;\"><strong>Espace Plein #4<\/strong> is the result of being alive in a concrete auditory context, it is a route that subjectively shows some sound notes of the last days of 2019 and the first days of 2020 in different territories, to which it is possible to discover in these coordinates<\/span><\/p>\n<p><span style=\"color: #808080;\">38. <b>176959, -1.368519<br \/>\n<\/b>38. <b>176939, -1.368546<br \/>\n<\/b>38. <b>181182, -1.376996<br \/>\n<\/b>38. <b>179498, -1.373533<br \/>\n<\/b>38. <b>179694, -1.373429<br \/>\n<\/b>38. <b>179788, -1.373262<br \/>\n<\/b>37. <b>979160, -1.133956<br \/>\n<\/b>38. <b>465592 - 2.236883<br \/>\n<\/b>38. <b>410504, -2.315006<br \/>\n<\/b>38. <b>409886, -2.314834<br \/>\n<\/b>38. <strong>186953, -1.373333<\/strong><\/span><\/p>\n<p><span style=\"color: #808080;\">Developed with the soundscapes of the town of Blancas, the town of Molinicos, the nature of the town of Rala, the reflective workshop<strong> Between the lines<\/strong>voice exercise, <strong>After the wound<\/strong>exhibition with the sounds of <strong>Selu Herr\u00e1iz<\/strong>, <strong>Juan Conesa<\/strong>, <strong>Abraham Hurtado<\/strong>, <strong>Elena Azzed\u00edn<\/strong>, <strong>Francesca Carbone<\/strong>, <strong>Aurora Rodriguez<\/strong> And what does democracy mean? sound art work by <strong>Ursula Bravo<\/strong>.<\/span><\/p>\n<p><span style=\"color: #808080;\">Thanks to physics for giving us sound phenomenology. All the soundscapes have been recorded with <strong>Zoom H3-VR<\/strong>. Edited, produced by <strong>Ursula Bravo<\/strong> and set to music in collaboration with <strong>Josman<\/strong> for <strong>TeslaFM<\/strong>. 2020<\/span><\/p>\n<p>&nbsp;<\/p>","protected":false},"excerpt":{"rendered":"<p>Espace Plein #4 Enero 2020 Espace Plein #4 es el resultado de estar vivo en un contexto auditivo concreto, es una ruta en la que se muestra de manera subjetiva algunas notas sonoras de los \u00faltimos d\u00edas de 2019 y de los primeros d\u00edas de 2020 en diferentes territorios, a los cuales es posible descubrir [&hellip;]<\/p>\n","protected":false},"author":19,"featured_media":0,"parent":0,"menu_order":0,"comment_status":"closed","ping_status":"closed","template":"","meta":{"footnotes":""},"class_list":["post-4297","page","type-page","status-publish","hentry"],"yoast_head":"<!-- This site is optimized with the Yoast SEO plugin v27.2 - https:\/\/yoast.com\/product\/yoast-seo-wordpress\/ -->\n<title>Espace Plein #4 -<\/title>\n<meta name=\"robots\" content=\"index, follow, max-snippet:-1, max-image-preview:large, max-video-preview:-1\" \/>\n<link rel=\"canonical\" href=\"https:\/\/teslafm.net\/en\/espace-plein-4\/\" \/>\n<meta property=\"og:locale\" content=\"en_US\" \/>\n<meta property=\"og:type\" content=\"article\" \/>\n<meta property=\"og:title\" content=\"Espace Plein #4 -\" \/>\n<meta property=\"og:description\" content=\"Espace Plein #4 Enero 2020 Espace Plein #4 es el resultado de estar vivo en un contexto auditivo concreto, es una ruta en la que se muestra de manera subjetiva algunas notas sonoras de los \u00faltimos d\u00edas de 2019 y de los primeros d\u00edas de 2020 en diferentes territorios, a los cuales es posible descubrir [&hellip;]\" \/>\n<meta property=\"og:url\" content=\"https:\/\/teslafm.net\/en\/espace-plein-4\/\" \/>\n<meta property=\"article:publisher\" content=\"https:\/\/www.facebook.com\/teslafm.net\" \/>\n<meta property=\"article:modified_time\" content=\"2021-03-06T16:03:48+00:00\" \/>\n<meta property=\"og:image\" content=\"https:\/\/teslafm.net\/wp-content\/uploads\/2022\/09\/header-image-4-temp.png\" \/>\n\t<meta property=\"og:image:width\" content=\"1274\" \/>\n\t<meta property=\"og:image:height\" content=\"818\" \/>\n\t<meta property=\"og:image:type\" content=\"image\/png\" \/>\n<meta name=\"twitter:card\" content=\"summary_large_image\" \/>\n<meta name=\"twitter:site\" content=\"@teslafm\" \/>\n<meta name=\"twitter:label1\" content=\"Est. reading time\" \/>\n\t<meta name=\"twitter:data1\" content=\"1 minute\" \/>\n<script type=\"application\/ld+json\" class=\"yoast-schema-graph\">{\"@context\":\"https:\/\/schema.org\",\"@graph\":[{\"@type\":\"WebPage\",\"@id\":\"https:\/\/teslafm.net\/espace-plein-4\/\",\"url\":\"https:\/\/teslafm.net\/espace-plein-4\/\",\"name\":\"Espace Plein #4 -\",\"isPartOf\":{\"@id\":\"https:\/\/teslafm.net\/#website\"},\"datePublished\":\"2020-01-21T16:41:15+00:00\",\"dateModified\":\"2021-03-06T16:03:48+00:00\",\"breadcrumb\":{\"@id\":\"https:\/\/teslafm.net\/espace-plein-4\/#breadcrumb\"},\"inLanguage\":\"en-US\",\"potentialAction\":[{\"@type\":\"ReadAction\",\"target\":[\"https:\/\/teslafm.net\/espace-plein-4\/\"]}]},{\"@type\":\"BreadcrumbList\",\"@id\":\"https:\/\/teslafm.net\/espace-plein-4\/#breadcrumb\",\"itemListElement\":[{\"@type\":\"ListItem\",\"position\":1,\"name\":\"Portada\",\"item\":\"https:\/\/teslafm.net\/\"},{\"@type\":\"ListItem\",\"position\":2,\"name\":\"Espace Plein #4\"}]},{\"@type\":\"WebSite\",\"@id\":\"https:\/\/teslafm.net\/#website\",\"url\":\"https:\/\/teslafm.net\/\",\"name\":\"TeslaFM\",\"description\":\"An experimental and creative radio\",\"publisher\":{\"@id\":\"https:\/\/teslafm.net\/#organization\"},\"potentialAction\":[{\"@type\":\"SearchAction\",\"target\":{\"@type\":\"EntryPoint\",\"urlTemplate\":\"https:\/\/teslafm.net\/?s={search_term_string}\"},\"query-input\":{\"@type\":\"PropertyValueSpecification\",\"valueRequired\":true,\"valueName\":\"search_term_string\"}}],\"inLanguage\":\"en-US\"},{\"@type\":\"Organization\",\"@id\":\"https:\/\/teslafm.net\/#organization\",\"name\":\"TeslaFM\",\"url\":\"https:\/\/teslafm.net\/\",\"logo\":{\"@type\":\"ImageObject\",\"inLanguage\":\"en-US\",\"@id\":\"https:\/\/teslafm.net\/#\/schema\/logo\/image\/\",\"url\":\"https:\/\/teslafm.net\/wp-content\/uploads\/2020\/06\/logo-tesla.png\",\"contentUrl\":\"https:\/\/teslafm.net\/wp-content\/uploads\/2020\/06\/logo-tesla.png\",\"width\":512,\"height\":512,\"caption\":\"TeslaFM\"},\"image\":{\"@id\":\"https:\/\/teslafm.net\/#\/schema\/logo\/image\/\"},\"sameAs\":[\"https:\/\/www.facebook.com\/teslafm.net\",\"https:\/\/x.com\/teslafm\"]}]}<\/script>\n<!-- \/ Yoast SEO plugin. -->","yoast_head_json":{"title":"Espace Plein #4 -","robots":{"index":"index","follow":"follow","max-snippet":"max-snippet:-1","max-image-preview":"max-image-preview:large","max-video-preview":"max-video-preview:-1"},"canonical":"https:\/\/teslafm.net\/en\/espace-plein-4\/","og_locale":"en_US","og_type":"article","og_title":"Espace Plein #4 -","og_description":"Espace Plein #4 Enero 2020 Espace Plein #4 es el resultado de estar vivo en un contexto auditivo concreto, es una ruta en la que se muestra de manera subjetiva algunas notas sonoras de los \u00faltimos d\u00edas de 2019 y de los primeros d\u00edas de 2020 en diferentes territorios, a los cuales es posible descubrir [&hellip;]","og_url":"https:\/\/teslafm.net\/en\/espace-plein-4\/","article_publisher":"https:\/\/www.facebook.com\/teslafm.net","article_modified_time":"2021-03-06T16:03:48+00:00","og_image":[{"width":1274,"height":818,"url":"https:\/\/teslafm.net\/wp-content\/uploads\/2022\/09\/header-image-4-temp.png","type":"image\/png"}],"twitter_card":"summary_large_image","twitter_site":"@teslafm","twitter_misc":{"Est. reading time":"1 minute"},"schema":{"@context":"https:\/\/schema.org","@graph":[{"@type":"WebPage","@id":"https:\/\/teslafm.net\/espace-plein-4\/","url":"https:\/\/teslafm.net\/espace-plein-4\/","name":"Espace Plein #4 -","isPartOf":{"@id":"https:\/\/teslafm.net\/#website"},"datePublished":"2020-01-21T16:41:15+00:00","dateModified":"2021-03-06T16:03:48+00:00","breadcrumb":{"@id":"https:\/\/teslafm.net\/espace-plein-4\/#breadcrumb"},"inLanguage":"en-US","potentialAction":[{"@type":"ReadAction","target":["https:\/\/teslafm.net\/espace-plein-4\/"]}]},{"@type":"BreadcrumbList","@id":"https:\/\/teslafm.net\/espace-plein-4\/#breadcrumb","itemListElement":[{"@type":"ListItem","position":1,"name":"Portada","item":"https:\/\/teslafm.net\/"},{"@type":"ListItem","position":2,"name":"Espace Plein #4"}]},{"@type":"WebSite","@id":"https:\/\/teslafm.net\/#website","url":"https:\/\/teslafm.net\/","name":"TeslaFM","description":"An experimental and creative radio","publisher":{"@id":"https:\/\/teslafm.net\/#organization"},"potentialAction":[{"@type":"SearchAction","target":{"@type":"EntryPoint","urlTemplate":"https:\/\/teslafm.net\/?s={search_term_string}"},"query-input":{"@type":"PropertyValueSpecification","valueRequired":true,"valueName":"search_term_string"}}],"inLanguage":"en-US"},{"@type":"Organization","@id":"https:\/\/teslafm.net\/#organization","name":"TeslaFM","url":"https:\/\/teslafm.net\/","logo":{"@type":"ImageObject","inLanguage":"en-US","@id":"https:\/\/teslafm.net\/#\/schema\/logo\/image\/","url":"https:\/\/teslafm.net\/wp-content\/uploads\/2020\/06\/logo-tesla.png","contentUrl":"https:\/\/teslafm.net\/wp-content\/uploads\/2020\/06\/logo-tesla.png","width":512,"height":512,"caption":"TeslaFM"},"image":{"@id":"https:\/\/teslafm.net\/#\/schema\/logo\/image\/"},"sameAs":["https:\/\/www.facebook.com\/teslafm.net","https:\/\/x.com\/teslafm"]}]}},"rttpg_featured_image_url":null,"rttpg_author":{"display_name":"Ishak","author_link":"https:\/\/teslafm.net\/en\/author\/cravan\/"},"rttpg_comment":0,"rttpg_category":null,"rttpg_excerpt":"Espace Plein #4 Enero 2020 Espace Plein #4 es el resultado de estar vivo en un contexto auditivo concreto, es una ruta en la que se muestra de manera subjetiva algunas notas sonoras de los \u00faltimos d\u00edas de 2019 y de los primeros d\u00edas de 2020 en diferentes territorios, a los cuales es posible descubrir&hellip;","_links":{"self":[{"href":"https:\/\/teslafm.net\/en\/wp-json\/wp\/v2\/pages\/4297","targetHints":{"allow":["GET"]}}],"collection":[{"href":"https:\/\/teslafm.net\/en\/wp-json\/wp\/v2\/pages"}],"about":[{"href":"https:\/\/teslafm.net\/en\/wp-json\/wp\/v2\/types\/page"}],"author":[{"embeddable":true,"href":"https:\/\/teslafm.net\/en\/wp-json\/wp\/v2\/users\/19"}],"replies":[{"embeddable":true,"href":"https:\/\/teslafm.net\/en\/wp-json\/wp\/v2\/comments?post=4297"}],"version-history":[{"count":9,"href":"https:\/\/teslafm.net\/en\/wp-json\/wp\/v2\/pages\/4297\/revisions"}],"predecessor-version":[{"id":57171,"href":"https:\/\/teslafm.net\/en\/wp-json\/wp\/v2\/pages\/4297\/revisions\/57171"}],"wp:attachment":[{"href":"https:\/\/teslafm.net\/en\/wp-json\/wp\/v2\/media?parent=4297"}],"curies":[{"name":"wp","href":"https:\/\/api.w.org\/{rel}","templated":true}]}}