

{"id":4471,"date":"2020-02-13T12:29:26","date_gmt":"2020-02-13T11:29:26","guid":{"rendered":"http:\/\/new.teslafm.net\/?page_id=4471"},"modified":"2021-03-06T15:36:50","modified_gmt":"2021-03-06T14:36:50","slug":"luna-llena-7","status":"publish","type":"page","link":"https:\/\/teslafm.net\/en\/luna-llena-7\/","title":{"rendered":"Full Moon #7"},"content":{"rendered":"<h2><span style=\"color: #ffffff;\"><strong>Full Moon #7<\/strong><\/span><\/h2>\n<p><span style=\"color: #808080;\"><em>Et\u00fcde um Der Blaue Engel\u00a0<\/em><\/span><\/p>\n<p><iframe src=\"https:\/\/www.mixcloud.com\/widget\/iframe\/?hide_cover=1&amp;feed=%2FTeslafm_net%2Fluna-llena-7-et%C3%BCde-um-der-blaue-engel%2F\" width=\"100%\" height=\"120\" frameborder=\"0\"><\/iframe><\/p>\n<p><img fetchpriority=\"high\" decoding=\"async\" class=\"alignnone size-large wp-image-4472\" src=\"https:\/\/teslafm.net\/wp-content\/uploads\/2020\/02\/der-blaue-chopped-724x1024.png\" alt=\"\" width=\"724\" height=\"1024\" srcset=\"https:\/\/teslafm.net\/wp-content\/uploads\/2020\/02\/der-blaue-chopped-724x1024.png 724w, https:\/\/teslafm.net\/wp-content\/uploads\/2020\/02\/der-blaue-chopped-212x300.png 212w, https:\/\/teslafm.net\/wp-content\/uploads\/2020\/02\/der-blaue-chopped.png 764w\" sizes=\"(max-width: 724px) 100vw, 724px\" \/><\/p>\n<p><span style=\"color: #808080;\">The idea of selecting <strong>The blue angel (Der blaue engel)<\/strong> from <strong>Josef von Sternberg<\/strong> is because it was the first sound film to receive near-universal critical approval as a sound film. <i>\u00a0<\/i>released on April 1, 1930.<\/span><\/p>\n<p><span style=\"color: #808080;\"><strong>Marlene Dietrich<\/strong> achieved stardom by co-starring with the then-celebrated\u00a0<strong>Emil Jannings<\/strong>. Her daring role as the cabaret girl Lola-Lola who leads a respectable professor to perdition caused an international sensation; especially because she sang insinuating lyrics while showing her thighs at a time when commercial cinema was very prudish and more or less erotic films circulated only clandestinely. In 1933\u00a0<strong>The blue angel<\/strong>\u00a0would be banned in Germany by the Nazi regime.<\/span><\/p>\n<p><span style=\"color: #808080;\">The sound recordings have been taken to deconstruct them in the form of a piece of concrete music divided into two pieces, created respectively by <strong>ea7_dmZ<\/strong> and <strong>Johannes de Silentio<\/strong>.<\/span><\/p>\n<p><span style=\"color: #808080;\">Presents: <strong>Shak Benavides<\/strong><\/span><br \/>\n<span style=\"color: #808080;\">00:01:54 <strong>ea7_dmZ<\/strong> - Et\u00fcde um Der Blaue Engel, 1 teil<\/span><br \/>\n<span style=\"color: #808080;\">00:31:54 <strong>Johannes de Silentio<\/strong>- Et\u00fcde um Der Blaue Engel, 2 teil<\/span><\/p>\n<p><span style=\"color: #808080;\">Image design: <strong>Josep M\u00aa Soler Sol\u00e1<\/strong> and <strong>Shak Benavides<\/strong><\/span><\/p>","protected":false},"excerpt":{"rendered":"<p>Luna llena #7 Et\u00fcde um Der Blaue Engel\u00a0 La idea de seleccionar El \u00e1ngel azul (Der blaue engel) de Josef von Sternberg es porque fue la primera pel\u00edcula sonora en recibir una aprobaci\u00f3n cr\u00edtica casi universal como tal, fue \u00a0estrenada el 1 de abril de 1930. Marlene Dietrich alcanz\u00f3 el estrellato al coprotagonizar junto al [&hellip;]<\/p>\n","protected":false},"author":19,"featured_media":0,"parent":0,"menu_order":0,"comment_status":"closed","ping_status":"closed","template":"","meta":{"footnotes":""},"class_list":["post-4471","page","type-page","status-publish","hentry"],"yoast_head":"<!-- This site is optimized with the Yoast SEO plugin v27.2 - https:\/\/yoast.com\/product\/yoast-seo-wordpress\/ -->\n<title>Luna llena #7 -<\/title>\n<meta name=\"robots\" content=\"index, follow, max-snippet:-1, max-image-preview:large, max-video-preview:-1\" \/>\n<link rel=\"canonical\" href=\"https:\/\/teslafm.net\/en\/luna-llena-7\/\" \/>\n<meta property=\"og:locale\" content=\"en_US\" \/>\n<meta property=\"og:type\" content=\"article\" \/>\n<meta property=\"og:title\" content=\"Luna llena #7 -\" \/>\n<meta property=\"og:description\" content=\"Luna llena #7 Et\u00fcde um Der Blaue Engel\u00a0 La idea de seleccionar El \u00e1ngel azul (Der blaue engel) de Josef von Sternberg es porque fue la primera pel\u00edcula sonora en recibir una aprobaci\u00f3n cr\u00edtica casi universal como tal, fue \u00a0estrenada el 1 de abril de 1930. Marlene Dietrich alcanz\u00f3 el estrellato al coprotagonizar junto al [&hellip;]\" \/>\n<meta property=\"og:url\" content=\"https:\/\/teslafm.net\/en\/luna-llena-7\/\" \/>\n<meta property=\"article:publisher\" content=\"https:\/\/www.facebook.com\/teslafm.net\" \/>\n<meta property=\"article:modified_time\" content=\"2021-03-06T14:36:50+00:00\" \/>\n<meta property=\"og:image\" content=\"https:\/\/teslafm.net\/wp-content\/uploads\/2020\/02\/der-blaue-chopped-724x1024.png\" \/>\n<meta name=\"twitter:card\" content=\"summary_large_image\" \/>\n<meta name=\"twitter:site\" content=\"@teslafm\" \/>\n<meta name=\"twitter:label1\" content=\"Est. reading time\" \/>\n\t<meta name=\"twitter:data1\" content=\"2 minutes\" \/>\n<script type=\"application\/ld+json\" class=\"yoast-schema-graph\">{\"@context\":\"https:\/\/schema.org\",\"@graph\":[{\"@type\":\"WebPage\",\"@id\":\"https:\/\/teslafm.net\/luna-llena-7\/\",\"url\":\"https:\/\/teslafm.net\/luna-llena-7\/\",\"name\":\"Luna llena #7 -\",\"isPartOf\":{\"@id\":\"https:\/\/teslafm.net\/#website\"},\"primaryImageOfPage\":{\"@id\":\"https:\/\/teslafm.net\/luna-llena-7\/#primaryimage\"},\"image\":{\"@id\":\"https:\/\/teslafm.net\/luna-llena-7\/#primaryimage\"},\"thumbnailUrl\":\"https:\/\/teslafm.net\/wp-content\/uploads\/2020\/02\/der-blaue-chopped-724x1024.png\",\"datePublished\":\"2020-02-13T11:29:26+00:00\",\"dateModified\":\"2021-03-06T14:36:50+00:00\",\"breadcrumb\":{\"@id\":\"https:\/\/teslafm.net\/luna-llena-7\/#breadcrumb\"},\"inLanguage\":\"en-US\",\"potentialAction\":[{\"@type\":\"ReadAction\",\"target\":[\"https:\/\/teslafm.net\/luna-llena-7\/\"]}]},{\"@type\":\"ImageObject\",\"inLanguage\":\"en-US\",\"@id\":\"https:\/\/teslafm.net\/luna-llena-7\/#primaryimage\",\"url\":\"https:\/\/teslafm.net\/wp-content\/uploads\/2020\/02\/der-blaue-chopped-724x1024.png\",\"contentUrl\":\"https:\/\/teslafm.net\/wp-content\/uploads\/2020\/02\/der-blaue-chopped-724x1024.png\"},{\"@type\":\"BreadcrumbList\",\"@id\":\"https:\/\/teslafm.net\/luna-llena-7\/#breadcrumb\",\"itemListElement\":[{\"@type\":\"ListItem\",\"position\":1,\"name\":\"Portada\",\"item\":\"https:\/\/teslafm.net\/\"},{\"@type\":\"ListItem\",\"position\":2,\"name\":\"Luna llena #7\"}]},{\"@type\":\"WebSite\",\"@id\":\"https:\/\/teslafm.net\/#website\",\"url\":\"https:\/\/teslafm.net\/\",\"name\":\"TeslaFM\",\"description\":\"An experimental and creative radio\",\"publisher\":{\"@id\":\"https:\/\/teslafm.net\/#organization\"},\"potentialAction\":[{\"@type\":\"SearchAction\",\"target\":{\"@type\":\"EntryPoint\",\"urlTemplate\":\"https:\/\/teslafm.net\/?s={search_term_string}\"},\"query-input\":{\"@type\":\"PropertyValueSpecification\",\"valueRequired\":true,\"valueName\":\"search_term_string\"}}],\"inLanguage\":\"en-US\"},{\"@type\":\"Organization\",\"@id\":\"https:\/\/teslafm.net\/#organization\",\"name\":\"TeslaFM\",\"url\":\"https:\/\/teslafm.net\/\",\"logo\":{\"@type\":\"ImageObject\",\"inLanguage\":\"en-US\",\"@id\":\"https:\/\/teslafm.net\/#\/schema\/logo\/image\/\",\"url\":\"https:\/\/teslafm.net\/wp-content\/uploads\/2020\/06\/logo-tesla.png\",\"contentUrl\":\"https:\/\/teslafm.net\/wp-content\/uploads\/2020\/06\/logo-tesla.png\",\"width\":512,\"height\":512,\"caption\":\"TeslaFM\"},\"image\":{\"@id\":\"https:\/\/teslafm.net\/#\/schema\/logo\/image\/\"},\"sameAs\":[\"https:\/\/www.facebook.com\/teslafm.net\",\"https:\/\/x.com\/teslafm\"]}]}<\/script>\n<!-- \/ Yoast SEO plugin. -->","yoast_head_json":{"title":"Full Moon #7 -","robots":{"index":"index","follow":"follow","max-snippet":"max-snippet:-1","max-image-preview":"max-image-preview:large","max-video-preview":"max-video-preview:-1"},"canonical":"https:\/\/teslafm.net\/en\/luna-llena-7\/","og_locale":"en_US","og_type":"article","og_title":"Luna llena #7 -","og_description":"Luna llena #7 Et\u00fcde um Der Blaue Engel\u00a0 La idea de seleccionar El \u00e1ngel azul (Der blaue engel) de Josef von Sternberg es porque fue la primera pel\u00edcula sonora en recibir una aprobaci\u00f3n cr\u00edtica casi universal como tal, fue \u00a0estrenada el 1 de abril de 1930. Marlene Dietrich alcanz\u00f3 el estrellato al coprotagonizar junto al [&hellip;]","og_url":"https:\/\/teslafm.net\/en\/luna-llena-7\/","article_publisher":"https:\/\/www.facebook.com\/teslafm.net","article_modified_time":"2021-03-06T14:36:50+00:00","og_image":[{"url":"https:\/\/teslafm.net\/wp-content\/uploads\/2020\/02\/der-blaue-chopped-724x1024.png","type":"","width":"","height":""}],"twitter_card":"summary_large_image","twitter_site":"@teslafm","twitter_misc":{"Est. reading time":"2 minutes"},"schema":{"@context":"https:\/\/schema.org","@graph":[{"@type":"WebPage","@id":"https:\/\/teslafm.net\/luna-llena-7\/","url":"https:\/\/teslafm.net\/luna-llena-7\/","name":"Full Moon #7 -","isPartOf":{"@id":"https:\/\/teslafm.net\/#website"},"primaryImageOfPage":{"@id":"https:\/\/teslafm.net\/luna-llena-7\/#primaryimage"},"image":{"@id":"https:\/\/teslafm.net\/luna-llena-7\/#primaryimage"},"thumbnailUrl":"https:\/\/teslafm.net\/wp-content\/uploads\/2020\/02\/der-blaue-chopped-724x1024.png","datePublished":"2020-02-13T11:29:26+00:00","dateModified":"2021-03-06T14:36:50+00:00","breadcrumb":{"@id":"https:\/\/teslafm.net\/luna-llena-7\/#breadcrumb"},"inLanguage":"en-US","potentialAction":[{"@type":"ReadAction","target":["https:\/\/teslafm.net\/luna-llena-7\/"]}]},{"@type":"ImageObject","inLanguage":"en-US","@id":"https:\/\/teslafm.net\/luna-llena-7\/#primaryimage","url":"https:\/\/teslafm.net\/wp-content\/uploads\/2020\/02\/der-blaue-chopped-724x1024.png","contentUrl":"https:\/\/teslafm.net\/wp-content\/uploads\/2020\/02\/der-blaue-chopped-724x1024.png"},{"@type":"BreadcrumbList","@id":"https:\/\/teslafm.net\/luna-llena-7\/#breadcrumb","itemListElement":[{"@type":"ListItem","position":1,"name":"Portada","item":"https:\/\/teslafm.net\/"},{"@type":"ListItem","position":2,"name":"Luna llena #7"}]},{"@type":"WebSite","@id":"https:\/\/teslafm.net\/#website","url":"https:\/\/teslafm.net\/","name":"TeslaFM","description":"An experimental and creative radio","publisher":{"@id":"https:\/\/teslafm.net\/#organization"},"potentialAction":[{"@type":"SearchAction","target":{"@type":"EntryPoint","urlTemplate":"https:\/\/teslafm.net\/?s={search_term_string}"},"query-input":{"@type":"PropertyValueSpecification","valueRequired":true,"valueName":"search_term_string"}}],"inLanguage":"en-US"},{"@type":"Organization","@id":"https:\/\/teslafm.net\/#organization","name":"TeslaFM","url":"https:\/\/teslafm.net\/","logo":{"@type":"ImageObject","inLanguage":"en-US","@id":"https:\/\/teslafm.net\/#\/schema\/logo\/image\/","url":"https:\/\/teslafm.net\/wp-content\/uploads\/2020\/06\/logo-tesla.png","contentUrl":"https:\/\/teslafm.net\/wp-content\/uploads\/2020\/06\/logo-tesla.png","width":512,"height":512,"caption":"TeslaFM"},"image":{"@id":"https:\/\/teslafm.net\/#\/schema\/logo\/image\/"},"sameAs":["https:\/\/www.facebook.com\/teslafm.net","https:\/\/x.com\/teslafm"]}]}},"rttpg_featured_image_url":null,"rttpg_author":{"display_name":"Ishak","author_link":"https:\/\/teslafm.net\/en\/author\/cravan\/"},"rttpg_comment":0,"rttpg_category":null,"rttpg_excerpt":"Luna llena #7 Et\u00fcde um Der Blaue Engel\u00a0 La idea de seleccionar El \u00e1ngel azul (Der blaue engel) de Josef von Sternberg es porque fue la primera pel\u00edcula sonora en recibir una aprobaci\u00f3n cr\u00edtica casi universal como tal, fue \u00a0estrenada el 1 de abril de 1930. Marlene Dietrich alcanz\u00f3 el estrellato al coprotagonizar junto al&hellip;","_links":{"self":[{"href":"https:\/\/teslafm.net\/en\/wp-json\/wp\/v2\/pages\/4471","targetHints":{"allow":["GET"]}}],"collection":[{"href":"https:\/\/teslafm.net\/en\/wp-json\/wp\/v2\/pages"}],"about":[{"href":"https:\/\/teslafm.net\/en\/wp-json\/wp\/v2\/types\/page"}],"author":[{"embeddable":true,"href":"https:\/\/teslafm.net\/en\/wp-json\/wp\/v2\/users\/19"}],"replies":[{"embeddable":true,"href":"https:\/\/teslafm.net\/en\/wp-json\/wp\/v2\/comments?post=4471"}],"version-history":[{"count":6,"href":"https:\/\/teslafm.net\/en\/wp-json\/wp\/v2\/pages\/4471\/revisions"}],"predecessor-version":[{"id":57112,"href":"https:\/\/teslafm.net\/en\/wp-json\/wp\/v2\/pages\/4471\/revisions\/57112"}],"wp:attachment":[{"href":"https:\/\/teslafm.net\/en\/wp-json\/wp\/v2\/media?parent=4471"}],"curies":[{"name":"wp","href":"https:\/\/api.w.org\/{rel}","templated":true}]}}