

{"id":4479,"date":"2020-02-13T12:50:26","date_gmt":"2020-02-13T11:50:26","guid":{"rendered":"http:\/\/new.teslafm.net\/?page_id=4479"},"modified":"2021-02-04T11:42:57","modified_gmt":"2021-02-04T10:42:57","slug":"ananke-16","status":"publish","type":"page","link":"https:\/\/teslafm.net\/en\/ananke-16\/","title":{"rendered":"Anank\u00e9 #16"},"content":{"rendered":"<h2><span style=\"color: #ffffff;\"><strong>Anank\u00e9 Chapter XVI<\/strong><\/span><\/h2>\n<p><span style=\"color: #808080;\"><em>February 2020<\/em><\/span><\/p>\n<p><iframe src=\"https:\/\/www.mixcloud.com\/widget\/iframe\/?hide_cover=1&amp;feed=%2FTeslafm_net%2Fanank%C3%A9-16-jaco%2F\" width=\"100%\" height=\"120\" frameborder=\"0\"><\/iframe><\/p>\n<p><span style=\"color: #808080;\">01. <strong>LAW<\/strong> - 666 (feat. Eartheater) - The Fool (NNA Tapes, 2018).<\/span><br \/>\n<span style=\"color: #808080;\">02. <strong>Erica That<\/strong> - Pink Atlantic - 2019 (Ramp Local, 2015)<\/span><br \/>\n<span style=\"color: #808080;\">03. <strong>Cecilia<\/strong> - Gris\u00e9lidis - Adoration (Halcyon Veil, 2018)<\/span><br \/>\n<span style=\"color: #808080;\">04. <strong>Msylma<\/strong> - Li-Kul-i Murad-in Hijaa - Dhil-un Taht Shajarat Al-Zaqum (Halcyon Veil, 2019).<\/span><br \/>\n<span style=\"color: #808080;\">05. <strong>\u00c1ine O'Dwyer &amp; Graham Lambkin<\/strong> - Greenways - Green Ways (Erstwhile, 2018).<\/span><br \/>\n<span style=\"color: #808080;\">06. <strong>Sadaf<\/strong> - Animal - History Of Heat (Blueberry Records, 2019)<\/span><br \/>\n<span style=\"color: #808080;\">07. <strong>Dis Fig<\/strong> - Drum Fife Bugle - Purge (Purple Tape Pedigree, 2019).<\/span><br \/>\n<span style=\"color: #808080;\">08. <strong>Klein<\/strong> - Claim It - Lifetime (Ijn Inc. 2019)<\/span><br \/>\n<span style=\"color: #808080;\">09. <strong>Ghikas &amp; Walshe<\/strong> - The Pig Sleep - Good Teeth (Migro, 2013)<\/span><br \/>\n<span style=\"color: #808080;\">10. <strong>Rainforest Spiritual Enslavement<\/strong> - Bridgetown Dub - Venus Flytrap Exotica (Les Disques de la Bretagne, 2019).<\/span><br \/>\n<span style=\"color: #808080;\">11. <strong>Baron Mordant<\/strong> - Anything With A Pulse (Original Mix) - Mark of the Mould (Mordant, 2019).<\/span><br \/>\n<span style=\"color: #808080;\">12. <strong>Villaelvin<\/strong> - Ghot Zilla - Head Roof (Hakuna Kulala, 2020)<\/span><br \/>\n<span style=\"color: #808080;\">13. <strong>Giant Swan<\/strong> - 55 Year Old Daughter - Giant Swan (Keck, 2019).<\/span><br \/>\n<span style=\"color: #808080;\">14. <strong>Bad Tracking<\/strong> - Widower - Widower EP (Bokeh Versions, 2019)<\/span><br \/>\n<span style=\"color: #808080;\">15. <strong>Kinlaw &amp; Franco Franco Franco<\/strong> - Cuore Molle Palle Mosce - Mezzi Umani Mezze Macchine (Avon Terror Corps, 2019).<\/span><br \/>\n<span style=\"color: #808080;\">16. <strong>Fumu<\/strong> - Untitled - Skinned (Youth, 2019)<\/span><br \/>\n<span style=\"color: #808080;\">17. <strong>Nazar<\/strong> - Massacre - Nihil EP (Generation Bass, 2015)<\/span><br \/>\n<span style=\"color: #808080;\">18. <strong>Equiknoxx<\/strong> - Heathen Emissaries From the Dens of Babylon - Columbus Man (DDS, 2017)<\/span><br \/>\n<span style=\"color: #808080;\">19. <strong>Rhythm &amp; Sound<\/strong> - Queen in My Empire (with Jennifer Lara) - w\/ the Artists (Burial Mix, 2003\/2020)<\/span><br \/>\n<span style=\"color: #808080;\">20. <strong>Maarja Nuut &amp; Ruum<\/strong> - Muutuja - Muunduja (130701, 2018)<\/span><br \/>\n<span style=\"color: #808080;\">21. <strong>Pepa Flores<\/strong> - I want to lose myself in your body - Clima (Zafiro, 1983)<\/span><\/p>","protected":false},"excerpt":{"rendered":"<p>Anank\u00e9 Cap\u00edtulo XVI Febrero 2020 01. LEYA &#8211; 666 (feat. Eartheater) &#8211; The Fool (NNA Tapes, 2018) 02. Erica Eso &#8211; Pink Atlantic &#8211; 2019 (Ramp Local, 2015) 03. Cecilia &#8211; Gris\u00e9lidis &#8211; Adoration (Halcyon Veil, 2018) 04. Msylma &#8211; Li-Kul-i Murad-in Hijaa &#8211; Dhil-un Taht Shajarat Al-Zaqum (Halcyon Veil, 2019) 05. \u00c1ine O&#8217;Dwyer &amp; [&hellip;]<\/p>\n","protected":false},"author":19,"featured_media":0,"parent":0,"menu_order":0,"comment_status":"closed","ping_status":"closed","template":"","meta":{"footnotes":""},"class_list":["post-4479","page","type-page","status-publish","hentry"],"yoast_head":"<!-- This site is optimized with the Yoast SEO plugin v27.4 - https:\/\/yoast.com\/product\/yoast-seo-wordpress\/ -->\n<title>Anank\u00e9 #16 -<\/title>\n<meta name=\"robots\" content=\"index, follow, max-snippet:-1, max-image-preview:large, max-video-preview:-1\" \/>\n<link rel=\"canonical\" href=\"https:\/\/teslafm.net\/en\/ananke-16\/\" \/>\n<meta property=\"og:locale\" content=\"en_US\" \/>\n<meta property=\"og:type\" content=\"article\" \/>\n<meta property=\"og:title\" content=\"Anank\u00e9 #16 -\" \/>\n<meta property=\"og:description\" content=\"Anank\u00e9 Cap\u00edtulo XVI Febrero 2020 01. LEYA &#8211; 666 (feat. Eartheater) &#8211; The Fool (NNA Tapes, 2018) 02. Erica Eso &#8211; Pink Atlantic &#8211; 2019 (Ramp Local, 2015) 03. Cecilia &#8211; Gris\u00e9lidis &#8211; Adoration (Halcyon Veil, 2018) 04. Msylma &#8211; Li-Kul-i Murad-in Hijaa &#8211; Dhil-un Taht Shajarat Al-Zaqum (Halcyon Veil, 2019) 05. \u00c1ine O&#8217;Dwyer &amp; [&hellip;]\" \/>\n<meta property=\"og:url\" content=\"https:\/\/teslafm.net\/en\/ananke-16\/\" \/>\n<meta property=\"article:publisher\" content=\"https:\/\/www.facebook.com\/teslafm.net\" \/>\n<meta property=\"article:modified_time\" content=\"2021-02-04T10:42:57+00:00\" \/>\n<meta property=\"og:image\" content=\"https:\/\/teslafm.net\/wp-content\/uploads\/2022\/09\/header-image-4-temp.png\" \/>\n\t<meta property=\"og:image:width\" content=\"1274\" \/>\n\t<meta property=\"og:image:height\" content=\"818\" \/>\n\t<meta property=\"og:image:type\" content=\"image\/png\" \/>\n<meta name=\"twitter:card\" content=\"summary_large_image\" \/>\n<meta name=\"twitter:site\" content=\"@teslafm\" \/>\n<meta name=\"twitter:label1\" content=\"Est. reading time\" \/>\n\t<meta name=\"twitter:data1\" content=\"2 minutes\" \/>\n<script type=\"application\/ld+json\" class=\"yoast-schema-graph\">{\"@context\":\"https:\\\/\\\/schema.org\",\"@graph\":[{\"@type\":\"WebPage\",\"@id\":\"https:\\\/\\\/teslafm.net\\\/ananke-16\\\/\",\"url\":\"https:\\\/\\\/teslafm.net\\\/ananke-16\\\/\",\"name\":\"Anank\u00e9 #16 -\",\"isPartOf\":{\"@id\":\"https:\\\/\\\/teslafm.net\\\/#website\"},\"datePublished\":\"2020-02-13T11:50:26+00:00\",\"dateModified\":\"2021-02-04T10:42:57+00:00\",\"breadcrumb\":{\"@id\":\"https:\\\/\\\/teslafm.net\\\/ananke-16\\\/#breadcrumb\"},\"inLanguage\":\"en-US\",\"potentialAction\":[{\"@type\":\"ReadAction\",\"target\":[\"https:\\\/\\\/teslafm.net\\\/ananke-16\\\/\"]}]},{\"@type\":\"BreadcrumbList\",\"@id\":\"https:\\\/\\\/teslafm.net\\\/ananke-16\\\/#breadcrumb\",\"itemListElement\":[{\"@type\":\"ListItem\",\"position\":1,\"name\":\"Portada\",\"item\":\"https:\\\/\\\/teslafm.net\\\/\"},{\"@type\":\"ListItem\",\"position\":2,\"name\":\"Anank\u00e9 #16\"}]},{\"@type\":\"WebSite\",\"@id\":\"https:\\\/\\\/teslafm.net\\\/#website\",\"url\":\"https:\\\/\\\/teslafm.net\\\/\",\"name\":\"TeslaFM\",\"description\":\"An experimental and creative radio\",\"publisher\":{\"@id\":\"https:\\\/\\\/teslafm.net\\\/#organization\"},\"potentialAction\":[{\"@type\":\"SearchAction\",\"target\":{\"@type\":\"EntryPoint\",\"urlTemplate\":\"https:\\\/\\\/teslafm.net\\\/?s={search_term_string}\"},\"query-input\":{\"@type\":\"PropertyValueSpecification\",\"valueRequired\":true,\"valueName\":\"search_term_string\"}}],\"inLanguage\":\"en-US\"},{\"@type\":\"Organization\",\"@id\":\"https:\\\/\\\/teslafm.net\\\/#organization\",\"name\":\"TeslaFM\",\"url\":\"https:\\\/\\\/teslafm.net\\\/\",\"logo\":{\"@type\":\"ImageObject\",\"inLanguage\":\"en-US\",\"@id\":\"https:\\\/\\\/teslafm.net\\\/#\\\/schema\\\/logo\\\/image\\\/\",\"url\":\"https:\\\/\\\/teslafm.net\\\/wp-content\\\/uploads\\\/2020\\\/06\\\/logo-tesla.png\",\"contentUrl\":\"https:\\\/\\\/teslafm.net\\\/wp-content\\\/uploads\\\/2020\\\/06\\\/logo-tesla.png\",\"width\":512,\"height\":512,\"caption\":\"TeslaFM\"},\"image\":{\"@id\":\"https:\\\/\\\/teslafm.net\\\/#\\\/schema\\\/logo\\\/image\\\/\"},\"sameAs\":[\"https:\\\/\\\/www.facebook.com\\\/teslafm.net\",\"https:\\\/\\\/x.com\\\/teslafm\"]}]}<\/script>\n<!-- \/ Yoast SEO plugin. -->","yoast_head_json":{"title":"Anank\u00e9 #16 -","robots":{"index":"index","follow":"follow","max-snippet":"max-snippet:-1","max-image-preview":"max-image-preview:large","max-video-preview":"max-video-preview:-1"},"canonical":"https:\/\/teslafm.net\/en\/ananke-16\/","og_locale":"en_US","og_type":"article","og_title":"Anank\u00e9 #16 -","og_description":"Anank\u00e9 Cap\u00edtulo XVI Febrero 2020 01. LEYA &#8211; 666 (feat. Eartheater) &#8211; The Fool (NNA Tapes, 2018) 02. Erica Eso &#8211; Pink Atlantic &#8211; 2019 (Ramp Local, 2015) 03. Cecilia &#8211; Gris\u00e9lidis &#8211; Adoration (Halcyon Veil, 2018) 04. Msylma &#8211; Li-Kul-i Murad-in Hijaa &#8211; Dhil-un Taht Shajarat Al-Zaqum (Halcyon Veil, 2019) 05. \u00c1ine O&#8217;Dwyer &amp; [&hellip;]","og_url":"https:\/\/teslafm.net\/en\/ananke-16\/","article_publisher":"https:\/\/www.facebook.com\/teslafm.net","article_modified_time":"2021-02-04T10:42:57+00:00","og_image":[{"width":1274,"height":818,"url":"https:\/\/teslafm.net\/wp-content\/uploads\/2022\/09\/header-image-4-temp.png","type":"image\/png"}],"twitter_card":"summary_large_image","twitter_site":"@teslafm","twitter_misc":{"Est. reading time":"2 minutes"},"schema":{"@context":"https:\/\/schema.org","@graph":[{"@type":"WebPage","@id":"https:\/\/teslafm.net\/ananke-16\/","url":"https:\/\/teslafm.net\/ananke-16\/","name":"Anank\u00e9 #16 -","isPartOf":{"@id":"https:\/\/teslafm.net\/#website"},"datePublished":"2020-02-13T11:50:26+00:00","dateModified":"2021-02-04T10:42:57+00:00","breadcrumb":{"@id":"https:\/\/teslafm.net\/ananke-16\/#breadcrumb"},"inLanguage":"en-US","potentialAction":[{"@type":"ReadAction","target":["https:\/\/teslafm.net\/ananke-16\/"]}]},{"@type":"BreadcrumbList","@id":"https:\/\/teslafm.net\/ananke-16\/#breadcrumb","itemListElement":[{"@type":"ListItem","position":1,"name":"Portada","item":"https:\/\/teslafm.net\/"},{"@type":"ListItem","position":2,"name":"Anank\u00e9 #16"}]},{"@type":"WebSite","@id":"https:\/\/teslafm.net\/#website","url":"https:\/\/teslafm.net\/","name":"TeslaFM","description":"An experimental and creative radio","publisher":{"@id":"https:\/\/teslafm.net\/#organization"},"potentialAction":[{"@type":"SearchAction","target":{"@type":"EntryPoint","urlTemplate":"https:\/\/teslafm.net\/?s={search_term_string}"},"query-input":{"@type":"PropertyValueSpecification","valueRequired":true,"valueName":"search_term_string"}}],"inLanguage":"en-US"},{"@type":"Organization","@id":"https:\/\/teslafm.net\/#organization","name":"TeslaFM","url":"https:\/\/teslafm.net\/","logo":{"@type":"ImageObject","inLanguage":"en-US","@id":"https:\/\/teslafm.net\/#\/schema\/logo\/image\/","url":"https:\/\/teslafm.net\/wp-content\/uploads\/2020\/06\/logo-tesla.png","contentUrl":"https:\/\/teslafm.net\/wp-content\/uploads\/2020\/06\/logo-tesla.png","width":512,"height":512,"caption":"TeslaFM"},"image":{"@id":"https:\/\/teslafm.net\/#\/schema\/logo\/image\/"},"sameAs":["https:\/\/www.facebook.com\/teslafm.net","https:\/\/x.com\/teslafm"]}]}},"rttpg_featured_image_url":null,"rttpg_author":{"display_name":"Ishak","author_link":"https:\/\/teslafm.net\/en\/author\/cravan\/"},"rttpg_comment":0,"rttpg_category":null,"rttpg_excerpt":"Anank\u00e9 Cap\u00edtulo XVI Febrero 2020 01. LEYA &#8211; 666 (feat. Eartheater) &#8211; The Fool (NNA Tapes, 2018) 02. Erica Eso &#8211; Pink Atlantic &#8211; 2019 (Ramp Local, 2015) 03. Cecilia &#8211; Gris\u00e9lidis &#8211; Adoration (Halcyon Veil, 2018) 04. Msylma &#8211; Li-Kul-i Murad-in Hijaa &#8211; Dhil-un Taht Shajarat Al-Zaqum (Halcyon Veil, 2019) 05. \u00c1ine O&#8217;Dwyer &amp;&hellip;","_links":{"self":[{"href":"https:\/\/teslafm.net\/en\/wp-json\/wp\/v2\/pages\/4479","targetHints":{"allow":["GET"]}}],"collection":[{"href":"https:\/\/teslafm.net\/en\/wp-json\/wp\/v2\/pages"}],"about":[{"href":"https:\/\/teslafm.net\/en\/wp-json\/wp\/v2\/types\/page"}],"author":[{"embeddable":true,"href":"https:\/\/teslafm.net\/en\/wp-json\/wp\/v2\/users\/19"}],"replies":[{"embeddable":true,"href":"https:\/\/teslafm.net\/en\/wp-json\/wp\/v2\/comments?post=4479"}],"version-history":[{"count":6,"href":"https:\/\/teslafm.net\/en\/wp-json\/wp\/v2\/pages\/4479\/revisions"}],"predecessor-version":[{"id":56693,"href":"https:\/\/teslafm.net\/en\/wp-json\/wp\/v2\/pages\/4479\/revisions\/56693"}],"wp:attachment":[{"href":"https:\/\/teslafm.net\/en\/wp-json\/wp\/v2\/media?parent=4479"}],"curies":[{"name":"wp","href":"https:\/\/api.w.org\/{rel}","templated":true}]}}