

{"id":4547,"date":"2020-02-16T11:27:25","date_gmt":"2020-02-16T10:27:25","guid":{"rendered":"http:\/\/teslafm.net\/?page_id=4547"},"modified":"2021-03-06T16:32:43","modified_gmt":"2021-03-06T15:32:43","slug":"eftos-15","status":"publish","type":"page","link":"https:\/\/teslafm.net\/en\/eftos-15\/","title":{"rendered":"EFTOS #15"},"content":{"rendered":"<h2><span style=\"color: #ffffff;\"><strong>EFTOS #15<\/strong><\/span><\/h2>\n<p><span style=\"color: #808080;\"><em>February 2020<\/em><\/span><\/p>\n<p><iframe src=\"https:\/\/www.mixcloud.com\/widget\/iframe\/?hide_cover=1&amp;feed=%2FTeslafm_net%2Femissions-from-the-othes-side-15-gonzo%2F\" width=\"100%\" height=\"120\" frameborder=\"0\"><\/iframe><\/p>\n<p><img fetchpriority=\"high\" decoding=\"async\" src=\"http:\/\/teslafm.net\/wp-content\/uploads\/2020\/02\/EFTOS-15.jpg\" alt=\"\" width=\"960\" height=\"640\" \/><\/p>\n<p><span style=\"color: #808080;\">01. <b>Smagghe &amp; Cross<\/b> - Monody<\/span><br \/>\n<span style=\"color: #808080;\">02. <b>Jonny Nash<\/b> - Place<\/span><br \/>\n<span style=\"color: #808080;\">03. <b>O Yuki Conjugate<\/b> - Another Journey<\/span><br \/>\n<span style=\"color: #808080;\">04. Excerp 1 from \"<b>Void<\/b>\" Side of Tongues of Light's The Myth of Separation and Selfhood<\/span><br \/>\n<span style=\"color: #808080;\">05. <b>Belinda Subraman &amp; Ken Clinger<\/b> - The Edge of Silence<\/span><br \/>\n<span style=\"color: #808080;\">06. <b>ACTUS<\/b> - Descent<\/span><br \/>\n<span style=\"color: #808080;\">07. <b>Ksi\u0119\u017cyc<\/b> - \u015amieszki<\/span><br \/>\n<span style=\"color: #808080;\">08. <b>Smagghe &amp; Cross<\/b> - Drain<\/span><br \/>\n<span style=\"color: #808080;\">09. <b>Szemz\u00f6 Tibor &amp; M\u00e1sik J\u00e1nos<\/b> - Eckermann Otthon<\/span><br \/>\n<span style=\"color: #808080;\">10. <b>Emerald Web<\/b> - Dawn<\/span><br \/>\n<span style=\"color: #808080;\">11. <b>I.A.O<\/b>. - Topless and Shaved<\/span><br \/>\n<span style=\"color: #808080;\">12. <b>Szemz\u00f6 Tibor &amp; M\u00e1sik J\u00e1nos<\/b> - L\u00f3verseny<\/span><br \/>\n<span style=\"color: #808080;\">13. <b>Gruppo Di Improvvisazione Nuova Consonanza<\/b> - Padroni delle Ferriere<\/span><br \/>\n<span style=\"color: #808080;\">14. <b>Max de Wardener<\/b> - Wraith<\/span><br \/>\n<span style=\"color: #808080;\">15. <b>John di Stefano<\/b> - The Rain on the Leaves<\/span><br \/>\n<span style=\"color: #808080;\">16. Last excerp from \"<b>Unity<\/b>\" Side of Tongues of Light's The Myth of Separation and Selfhood<\/span><br \/>\n<span style=\"color: #808080;\">17. <b>Curd Duca<\/b> - Touch<\/span><br \/>\n<span style=\"color: #808080;\">18. <b>Chel White<\/b> - Forest Song<\/span><br \/>\n<span style=\"color: #808080;\">19. <b>Vito Ricci<\/b> - I Am Silent<\/span><br \/>\n<span style=\"color: #808080;\">20. <b>Guerilla Welfare<\/b> - See You on the Other Side<\/span><br \/>\n<span style=\"color: #808080;\">21. <b>Lustige Mutanten<\/b> - Kurios &amp; Lustig<\/span><\/p>","protected":false},"excerpt":{"rendered":"<p>EFTOS #15 Febrero 2020 01. Smagghe &amp; Cross &#8211; Monody 02. Jonny Nash &#8211; Place 03. O Yuki Conjugate &#8211; Another Journey 04. Excerp 1 from \u00abVoid\u00bb Side of Tongues of Light&#8217;s The Myth of Separation and Selfhood 05. Belinda Subraman &amp; Ken Clinger &#8211; The Edge of Silence 06. ACTUS &#8211; Descent 07. Ksi\u0119\u017cyc [&hellip;]<\/p>\n","protected":false},"author":19,"featured_media":0,"parent":0,"menu_order":0,"comment_status":"closed","ping_status":"closed","template":"","meta":{"footnotes":""},"class_list":["post-4547","page","type-page","status-publish","hentry"],"yoast_head":"<!-- This site is optimized with the Yoast SEO plugin v27.4 - https:\/\/yoast.com\/product\/yoast-seo-wordpress\/ -->\n<title>EFTOS #15 -<\/title>\n<meta name=\"robots\" content=\"index, follow, max-snippet:-1, max-image-preview:large, max-video-preview:-1\" \/>\n<link rel=\"canonical\" href=\"https:\/\/teslafm.net\/en\/eftos-15\/\" \/>\n<meta property=\"og:locale\" content=\"en_US\" \/>\n<meta property=\"og:type\" content=\"article\" \/>\n<meta property=\"og:title\" content=\"EFTOS #15 -\" \/>\n<meta property=\"og:description\" content=\"EFTOS #15 Febrero 2020 01. Smagghe &amp; Cross &#8211; Monody 02. Jonny Nash &#8211; Place 03. O Yuki Conjugate &#8211; Another Journey 04. Excerp 1 from \u00abVoid\u00bb Side of Tongues of Light&#8217;s The Myth of Separation and Selfhood 05. Belinda Subraman &amp; Ken Clinger &#8211; The Edge of Silence 06. ACTUS &#8211; Descent 07. Ksi\u0119\u017cyc [&hellip;]\" \/>\n<meta property=\"og:url\" content=\"https:\/\/teslafm.net\/en\/eftos-15\/\" \/>\n<meta property=\"article:publisher\" content=\"https:\/\/www.facebook.com\/teslafm.net\" \/>\n<meta property=\"article:modified_time\" content=\"2021-03-06T15:32:43+00:00\" \/>\n<meta property=\"og:image\" content=\"http:\/\/teslafm.net\/wp-content\/uploads\/2020\/02\/EFTOS-15.jpg\" \/>\n<meta name=\"twitter:card\" content=\"summary_large_image\" \/>\n<meta name=\"twitter:site\" content=\"@teslafm\" \/>\n<meta name=\"twitter:label1\" content=\"Est. reading time\" \/>\n\t<meta name=\"twitter:data1\" content=\"1 minute\" \/>\n<script type=\"application\/ld+json\" class=\"yoast-schema-graph\">{\"@context\":\"https:\\\/\\\/schema.org\",\"@graph\":[{\"@type\":\"WebPage\",\"@id\":\"https:\\\/\\\/teslafm.net\\\/en\\\/eftos-15\\\/\",\"url\":\"https:\\\/\\\/teslafm.net\\\/en\\\/eftos-15\\\/\",\"name\":\"EFTOS #15 -\",\"isPartOf\":{\"@id\":\"https:\\\/\\\/teslafm.net\\\/#website\"},\"primaryImageOfPage\":{\"@id\":\"https:\\\/\\\/teslafm.net\\\/en\\\/eftos-15\\\/#primaryimage\"},\"image\":{\"@id\":\"https:\\\/\\\/teslafm.net\\\/en\\\/eftos-15\\\/#primaryimage\"},\"thumbnailUrl\":\"http:\\\/\\\/teslafm.net\\\/wp-content\\\/uploads\\\/2020\\\/02\\\/EFTOS-15.jpg\",\"datePublished\":\"2020-02-16T10:27:25+00:00\",\"dateModified\":\"2021-03-06T15:32:43+00:00\",\"breadcrumb\":{\"@id\":\"https:\\\/\\\/teslafm.net\\\/en\\\/eftos-15\\\/#breadcrumb\"},\"inLanguage\":\"en-US\",\"potentialAction\":[{\"@type\":\"ReadAction\",\"target\":[\"https:\\\/\\\/teslafm.net\\\/en\\\/eftos-15\\\/\"]}]},{\"@type\":\"ImageObject\",\"inLanguage\":\"en-US\",\"@id\":\"https:\\\/\\\/teslafm.net\\\/en\\\/eftos-15\\\/#primaryimage\",\"url\":\"http:\\\/\\\/teslafm.net\\\/wp-content\\\/uploads\\\/2020\\\/02\\\/EFTOS-15.jpg\",\"contentUrl\":\"http:\\\/\\\/teslafm.net\\\/wp-content\\\/uploads\\\/2020\\\/02\\\/EFTOS-15.jpg\"},{\"@type\":\"BreadcrumbList\",\"@id\":\"https:\\\/\\\/teslafm.net\\\/en\\\/eftos-15\\\/#breadcrumb\",\"itemListElement\":[{\"@type\":\"ListItem\",\"position\":1,\"name\":\"Portada\",\"item\":\"https:\\\/\\\/teslafm.net\\\/\"},{\"@type\":\"ListItem\",\"position\":2,\"name\":\"EFTOS #15\"}]},{\"@type\":\"WebSite\",\"@id\":\"https:\\\/\\\/teslafm.net\\\/#website\",\"url\":\"https:\\\/\\\/teslafm.net\\\/\",\"name\":\"TeslaFM\",\"description\":\"An experimental and creative radio\",\"publisher\":{\"@id\":\"https:\\\/\\\/teslafm.net\\\/#organization\"},\"potentialAction\":[{\"@type\":\"SearchAction\",\"target\":{\"@type\":\"EntryPoint\",\"urlTemplate\":\"https:\\\/\\\/teslafm.net\\\/?s={search_term_string}\"},\"query-input\":{\"@type\":\"PropertyValueSpecification\",\"valueRequired\":true,\"valueName\":\"search_term_string\"}}],\"inLanguage\":\"en-US\"},{\"@type\":\"Organization\",\"@id\":\"https:\\\/\\\/teslafm.net\\\/#organization\",\"name\":\"TeslaFM\",\"url\":\"https:\\\/\\\/teslafm.net\\\/\",\"logo\":{\"@type\":\"ImageObject\",\"inLanguage\":\"en-US\",\"@id\":\"https:\\\/\\\/teslafm.net\\\/#\\\/schema\\\/logo\\\/image\\\/\",\"url\":\"https:\\\/\\\/teslafm.net\\\/wp-content\\\/uploads\\\/2020\\\/06\\\/logo-tesla.png\",\"contentUrl\":\"https:\\\/\\\/teslafm.net\\\/wp-content\\\/uploads\\\/2020\\\/06\\\/logo-tesla.png\",\"width\":512,\"height\":512,\"caption\":\"TeslaFM\"},\"image\":{\"@id\":\"https:\\\/\\\/teslafm.net\\\/#\\\/schema\\\/logo\\\/image\\\/\"},\"sameAs\":[\"https:\\\/\\\/www.facebook.com\\\/teslafm.net\",\"https:\\\/\\\/x.com\\\/teslafm\"]}]}<\/script>\n<!-- \/ Yoast SEO plugin. -->","yoast_head_json":{"title":"EFTOS #15 -","robots":{"index":"index","follow":"follow","max-snippet":"max-snippet:-1","max-image-preview":"max-image-preview:large","max-video-preview":"max-video-preview:-1"},"canonical":"https:\/\/teslafm.net\/en\/eftos-15\/","og_locale":"en_US","og_type":"article","og_title":"EFTOS #15 -","og_description":"EFTOS #15 Febrero 2020 01. Smagghe &amp; Cross &#8211; Monody 02. Jonny Nash &#8211; Place 03. O Yuki Conjugate &#8211; Another Journey 04. Excerp 1 from \u00abVoid\u00bb Side of Tongues of Light&#8217;s The Myth of Separation and Selfhood 05. Belinda Subraman &amp; Ken Clinger &#8211; The Edge of Silence 06. ACTUS &#8211; Descent 07. Ksi\u0119\u017cyc [&hellip;]","og_url":"https:\/\/teslafm.net\/en\/eftos-15\/","article_publisher":"https:\/\/www.facebook.com\/teslafm.net","article_modified_time":"2021-03-06T15:32:43+00:00","og_image":[{"url":"http:\/\/teslafm.net\/wp-content\/uploads\/2020\/02\/EFTOS-15.jpg","type":"","width":"","height":""}],"twitter_card":"summary_large_image","twitter_site":"@teslafm","twitter_misc":{"Est. reading time":"1 minute"},"schema":{"@context":"https:\/\/schema.org","@graph":[{"@type":"WebPage","@id":"https:\/\/teslafm.net\/en\/eftos-15\/","url":"https:\/\/teslafm.net\/en\/eftos-15\/","name":"EFTOS #15 -","isPartOf":{"@id":"https:\/\/teslafm.net\/#website"},"primaryImageOfPage":{"@id":"https:\/\/teslafm.net\/en\/eftos-15\/#primaryimage"},"image":{"@id":"https:\/\/teslafm.net\/en\/eftos-15\/#primaryimage"},"thumbnailUrl":"http:\/\/teslafm.net\/wp-content\/uploads\/2020\/02\/EFTOS-15.jpg","datePublished":"2020-02-16T10:27:25+00:00","dateModified":"2021-03-06T15:32:43+00:00","breadcrumb":{"@id":"https:\/\/teslafm.net\/en\/eftos-15\/#breadcrumb"},"inLanguage":"en-US","potentialAction":[{"@type":"ReadAction","target":["https:\/\/teslafm.net\/en\/eftos-15\/"]}]},{"@type":"ImageObject","inLanguage":"en-US","@id":"https:\/\/teslafm.net\/en\/eftos-15\/#primaryimage","url":"http:\/\/teslafm.net\/wp-content\/uploads\/2020\/02\/EFTOS-15.jpg","contentUrl":"http:\/\/teslafm.net\/wp-content\/uploads\/2020\/02\/EFTOS-15.jpg"},{"@type":"BreadcrumbList","@id":"https:\/\/teslafm.net\/en\/eftos-15\/#breadcrumb","itemListElement":[{"@type":"ListItem","position":1,"name":"Portada","item":"https:\/\/teslafm.net\/"},{"@type":"ListItem","position":2,"name":"EFTOS #15"}]},{"@type":"WebSite","@id":"https:\/\/teslafm.net\/#website","url":"https:\/\/teslafm.net\/","name":"TeslaFM","description":"An experimental and creative radio","publisher":{"@id":"https:\/\/teslafm.net\/#organization"},"potentialAction":[{"@type":"SearchAction","target":{"@type":"EntryPoint","urlTemplate":"https:\/\/teslafm.net\/?s={search_term_string}"},"query-input":{"@type":"PropertyValueSpecification","valueRequired":true,"valueName":"search_term_string"}}],"inLanguage":"en-US"},{"@type":"Organization","@id":"https:\/\/teslafm.net\/#organization","name":"TeslaFM","url":"https:\/\/teslafm.net\/","logo":{"@type":"ImageObject","inLanguage":"en-US","@id":"https:\/\/teslafm.net\/#\/schema\/logo\/image\/","url":"https:\/\/teslafm.net\/wp-content\/uploads\/2020\/06\/logo-tesla.png","contentUrl":"https:\/\/teslafm.net\/wp-content\/uploads\/2020\/06\/logo-tesla.png","width":512,"height":512,"caption":"TeslaFM"},"image":{"@id":"https:\/\/teslafm.net\/#\/schema\/logo\/image\/"},"sameAs":["https:\/\/www.facebook.com\/teslafm.net","https:\/\/x.com\/teslafm"]}]}},"rttpg_featured_image_url":null,"rttpg_author":{"display_name":"Ishak","author_link":"https:\/\/teslafm.net\/en\/author\/cravan\/"},"rttpg_comment":0,"rttpg_category":null,"rttpg_excerpt":"EFTOS #15 Febrero 2020 01. Smagghe &amp; Cross &#8211; Monody 02. Jonny Nash &#8211; Place 03. O Yuki Conjugate &#8211; Another Journey 04. Excerp 1 from \u00abVoid\u00bb Side of Tongues of Light&#8217;s The Myth of Separation and Selfhood 05. Belinda Subraman &amp; Ken Clinger &#8211; The Edge of Silence 06. ACTUS &#8211; Descent 07. Ksi\u0119\u017cyc&hellip;","_links":{"self":[{"href":"https:\/\/teslafm.net\/en\/wp-json\/wp\/v2\/pages\/4547","targetHints":{"allow":["GET"]}}],"collection":[{"href":"https:\/\/teslafm.net\/en\/wp-json\/wp\/v2\/pages"}],"about":[{"href":"https:\/\/teslafm.net\/en\/wp-json\/wp\/v2\/types\/page"}],"author":[{"embeddable":true,"href":"https:\/\/teslafm.net\/en\/wp-json\/wp\/v2\/users\/19"}],"replies":[{"embeddable":true,"href":"https:\/\/teslafm.net\/en\/wp-json\/wp\/v2\/comments?post=4547"}],"version-history":[{"count":5,"href":"https:\/\/teslafm.net\/en\/wp-json\/wp\/v2\/pages\/4547\/revisions"}],"predecessor-version":[{"id":57153,"href":"https:\/\/teslafm.net\/en\/wp-json\/wp\/v2\/pages\/4547\/revisions\/57153"}],"wp:attachment":[{"href":"https:\/\/teslafm.net\/en\/wp-json\/wp\/v2\/media?parent=4547"}],"curies":[{"name":"wp","href":"https:\/\/api.w.org\/{rel}","templated":true}]}}