

{"id":4566,"date":"2020-02-18T16:22:33","date_gmt":"2020-02-18T15:22:33","guid":{"rendered":"http:\/\/teslafm.net\/?page_id=4566"},"modified":"2020-06-06T14:37:38","modified_gmt":"2020-06-06T12:37:38","slug":"espace-plein-5","status":"publish","type":"page","link":"https:\/\/teslafm.net\/en\/espace-plein-5\/","title":{"rendered":"Espace Plein #5"},"content":{"rendered":"<h2><span style=\"color: #ffffff;\"><strong>Espace Plein #5<\/strong><\/span><\/h2>\n<p><span style=\"color: #808080;\"><em>February 2020<\/em><\/span><\/p>\n<p><iframe src=\"https:\/\/www.mixcloud.com\/widget\/iframe\/?hide_cover=1&amp;feed=%2FTeslafm_net%2Fespace-plein-5-%C3%BArsula-bravo%2F\" width=\"100%\" height=\"120\" frameborder=\"0\"><\/iframe><\/p>\n<p><img fetchpriority=\"high\" decoding=\"async\" class=\"alignnone wp-image-4567 size-full\" src=\"http:\/\/teslafm.net\/wp-content\/uploads\/2020\/02\/espace-plein-5_blanco.jpg\" alt=\"\" width=\"470\" height=\"470\" srcset=\"https:\/\/teslafm.net\/wp-content\/uploads\/2020\/02\/espace-plein-5_blanco.jpg 1080w, https:\/\/teslafm.net\/wp-content\/uploads\/2020\/02\/espace-plein-5_blanco-300x300.jpg 300w, https:\/\/teslafm.net\/wp-content\/uploads\/2020\/02\/espace-plein-5_blanco-1024x1024.jpg 1024w, https:\/\/teslafm.net\/wp-content\/uploads\/2020\/02\/espace-plein-5_blanco-150x150.jpg 150w, https:\/\/teslafm.net\/wp-content\/uploads\/2020\/02\/espace-plein-5_blanco-768x768.jpg 768w, https:\/\/teslafm.net\/wp-content\/uploads\/2020\/02\/espace-plein-5_blanco-100x100.jpg 100w\" sizes=\"(max-width: 470px) 100vw, 470px\" \/><\/p>\n<p align=\"left\"><span style=\"color: #808080;\"><strong>Espace plein number 5<\/strong> is a sensitive search for the acoustic properties of spaces, consisting of four exercises.<\/span><\/p>\n<p align=\"left\"><span style=\"color: #808080;\">1. <strong>The blue room, the resonance space is activated by the voice, a stove and 4 bodies playing with the walls.<\/strong><\/span><\/p>\n<p align=\"left\"><span style=\"color: #808080;\">2. <strong>The ocarina dialogue. This is a walk, looking for the echoes in the valley.<\/strong><\/span><\/p>\n<p align=\"left\"><span style=\"color: #808080;\">3. <strong>Feedback with nature. Consists of a recorded soundscape that is released through a loudspeaker into nature and then re-recorded, in the same place. Repeated twice.<\/strong><\/span><\/p>\n<p align=\"left\"><span style=\"color: #808080;\">4. <strong>Some synth sounds thrown into the wild and some responses.<\/strong><\/span><\/p>\n<p align=\"left\"><span style=\"color: #808080;\">This program is an experimental trial and would not have been possible without the assistance of <strong>Josman<\/strong>, <strong>Elena<\/strong>, <strong>Selu<\/strong>, <strong>Zara<\/strong> and <strong>La Cubana<\/strong>. Nor without the invaluable help of geographical and geological forms that build the acoustics of the soundscape, and thanks to the beings who composed. We must listen to biodiversity, understand the language of flora and fauna and we will reconnect with our origin. Recorded by <strong>Ursula Bravo<\/strong> from <strong>collective 2.5.5<\/strong>for <strong>TeslaFM<\/strong>. Blanca, Murcia, Spain 2020.<\/span><\/p>","protected":false},"excerpt":{"rendered":"<p>Espace Plein #5 Febrero 2020 Espace plein n\u00famero 5 es una b\u00fasqueda sensible de las propiedades ac\u00fasticas de los espacios, compuesta por cuatro ejercicios. 1. La sala azul, el espacio de resonancia se activa con la voz, una estufa y 4 cuerpos jugando con las paredes. 2. El di\u00e1logo ocarina. Este es un paseo, buscando [&hellip;]<\/p>\n","protected":false},"author":19,"featured_media":0,"parent":0,"menu_order":0,"comment_status":"closed","ping_status":"closed","template":"","meta":{"footnotes":""},"class_list":["post-4566","page","type-page","status-publish","hentry"],"yoast_head":"<!-- This site is optimized with the Yoast SEO plugin v27.4 - https:\/\/yoast.com\/product\/yoast-seo-wordpress\/ -->\n<title>Espace Plein #5 -<\/title>\n<meta name=\"robots\" content=\"index, follow, max-snippet:-1, max-image-preview:large, max-video-preview:-1\" \/>\n<link rel=\"canonical\" href=\"https:\/\/teslafm.net\/en\/espace-plein-5\/\" \/>\n<meta property=\"og:locale\" content=\"en_US\" \/>\n<meta property=\"og:type\" content=\"article\" \/>\n<meta property=\"og:title\" content=\"Espace Plein #5 -\" \/>\n<meta property=\"og:description\" content=\"Espace Plein #5 Febrero 2020 Espace plein n\u00famero 5 es una b\u00fasqueda sensible de las propiedades ac\u00fasticas de los espacios, compuesta por cuatro ejercicios. 1. La sala azul, el espacio de resonancia se activa con la voz, una estufa y 4 cuerpos jugando con las paredes. 2. El di\u00e1logo ocarina. Este es un paseo, buscando [&hellip;]\" \/>\n<meta property=\"og:url\" content=\"https:\/\/teslafm.net\/en\/espace-plein-5\/\" \/>\n<meta property=\"article:publisher\" content=\"https:\/\/www.facebook.com\/teslafm.net\" \/>\n<meta property=\"article:modified_time\" content=\"2020-06-06T12:37:38+00:00\" \/>\n<meta property=\"og:image\" content=\"http:\/\/teslafm.net\/wp-content\/uploads\/2020\/02\/espace-plein-5_blanco.jpg\" \/>\n<meta name=\"twitter:card\" content=\"summary_large_image\" \/>\n<meta name=\"twitter:site\" content=\"@teslafm\" \/>\n<meta name=\"twitter:label1\" content=\"Est. reading time\" \/>\n\t<meta name=\"twitter:data1\" content=\"1 minute\" \/>\n<script type=\"application\/ld+json\" class=\"yoast-schema-graph\">{\"@context\":\"https:\\\/\\\/schema.org\",\"@graph\":[{\"@type\":\"WebPage\",\"@id\":\"https:\\\/\\\/teslafm.net\\\/en\\\/espace-plein-5\\\/\",\"url\":\"https:\\\/\\\/teslafm.net\\\/en\\\/espace-plein-5\\\/\",\"name\":\"Espace Plein #5 -\",\"isPartOf\":{\"@id\":\"https:\\\/\\\/teslafm.net\\\/#website\"},\"primaryImageOfPage\":{\"@id\":\"https:\\\/\\\/teslafm.net\\\/en\\\/espace-plein-5\\\/#primaryimage\"},\"image\":{\"@id\":\"https:\\\/\\\/teslafm.net\\\/en\\\/espace-plein-5\\\/#primaryimage\"},\"thumbnailUrl\":\"http:\\\/\\\/teslafm.net\\\/wp-content\\\/uploads\\\/2020\\\/02\\\/espace-plein-5_blanco.jpg\",\"datePublished\":\"2020-02-18T15:22:33+00:00\",\"dateModified\":\"2020-06-06T12:37:38+00:00\",\"breadcrumb\":{\"@id\":\"https:\\\/\\\/teslafm.net\\\/en\\\/espace-plein-5\\\/#breadcrumb\"},\"inLanguage\":\"en-US\",\"potentialAction\":[{\"@type\":\"ReadAction\",\"target\":[\"https:\\\/\\\/teslafm.net\\\/en\\\/espace-plein-5\\\/\"]}]},{\"@type\":\"ImageObject\",\"inLanguage\":\"en-US\",\"@id\":\"https:\\\/\\\/teslafm.net\\\/en\\\/espace-plein-5\\\/#primaryimage\",\"url\":\"http:\\\/\\\/teslafm.net\\\/wp-content\\\/uploads\\\/2020\\\/02\\\/espace-plein-5_blanco.jpg\",\"contentUrl\":\"http:\\\/\\\/teslafm.net\\\/wp-content\\\/uploads\\\/2020\\\/02\\\/espace-plein-5_blanco.jpg\"},{\"@type\":\"BreadcrumbList\",\"@id\":\"https:\\\/\\\/teslafm.net\\\/en\\\/espace-plein-5\\\/#breadcrumb\",\"itemListElement\":[{\"@type\":\"ListItem\",\"position\":1,\"name\":\"Portada\",\"item\":\"https:\\\/\\\/teslafm.net\\\/\"},{\"@type\":\"ListItem\",\"position\":2,\"name\":\"Espace Plein #5\"}]},{\"@type\":\"WebSite\",\"@id\":\"https:\\\/\\\/teslafm.net\\\/#website\",\"url\":\"https:\\\/\\\/teslafm.net\\\/\",\"name\":\"TeslaFM\",\"description\":\"An experimental and creative radio\",\"publisher\":{\"@id\":\"https:\\\/\\\/teslafm.net\\\/#organization\"},\"potentialAction\":[{\"@type\":\"SearchAction\",\"target\":{\"@type\":\"EntryPoint\",\"urlTemplate\":\"https:\\\/\\\/teslafm.net\\\/?s={search_term_string}\"},\"query-input\":{\"@type\":\"PropertyValueSpecification\",\"valueRequired\":true,\"valueName\":\"search_term_string\"}}],\"inLanguage\":\"en-US\"},{\"@type\":\"Organization\",\"@id\":\"https:\\\/\\\/teslafm.net\\\/#organization\",\"name\":\"TeslaFM\",\"url\":\"https:\\\/\\\/teslafm.net\\\/\",\"logo\":{\"@type\":\"ImageObject\",\"inLanguage\":\"en-US\",\"@id\":\"https:\\\/\\\/teslafm.net\\\/#\\\/schema\\\/logo\\\/image\\\/\",\"url\":\"https:\\\/\\\/teslafm.net\\\/wp-content\\\/uploads\\\/2020\\\/06\\\/logo-tesla.png\",\"contentUrl\":\"https:\\\/\\\/teslafm.net\\\/wp-content\\\/uploads\\\/2020\\\/06\\\/logo-tesla.png\",\"width\":512,\"height\":512,\"caption\":\"TeslaFM\"},\"image\":{\"@id\":\"https:\\\/\\\/teslafm.net\\\/#\\\/schema\\\/logo\\\/image\\\/\"},\"sameAs\":[\"https:\\\/\\\/www.facebook.com\\\/teslafm.net\",\"https:\\\/\\\/x.com\\\/teslafm\"]}]}<\/script>\n<!-- \/ Yoast SEO plugin. -->","yoast_head_json":{"title":"Espace Plein #5 -","robots":{"index":"index","follow":"follow","max-snippet":"max-snippet:-1","max-image-preview":"max-image-preview:large","max-video-preview":"max-video-preview:-1"},"canonical":"https:\/\/teslafm.net\/en\/espace-plein-5\/","og_locale":"en_US","og_type":"article","og_title":"Espace Plein #5 -","og_description":"Espace Plein #5 Febrero 2020 Espace plein n\u00famero 5 es una b\u00fasqueda sensible de las propiedades ac\u00fasticas de los espacios, compuesta por cuatro ejercicios. 1. La sala azul, el espacio de resonancia se activa con la voz, una estufa y 4 cuerpos jugando con las paredes. 2. El di\u00e1logo ocarina. Este es un paseo, buscando [&hellip;]","og_url":"https:\/\/teslafm.net\/en\/espace-plein-5\/","article_publisher":"https:\/\/www.facebook.com\/teslafm.net","article_modified_time":"2020-06-06T12:37:38+00:00","og_image":[{"url":"http:\/\/teslafm.net\/wp-content\/uploads\/2020\/02\/espace-plein-5_blanco.jpg","type":"","width":"","height":""}],"twitter_card":"summary_large_image","twitter_site":"@teslafm","twitter_misc":{"Est. reading time":"1 minute"},"schema":{"@context":"https:\/\/schema.org","@graph":[{"@type":"WebPage","@id":"https:\/\/teslafm.net\/en\/espace-plein-5\/","url":"https:\/\/teslafm.net\/en\/espace-plein-5\/","name":"Espace Plein #5 -","isPartOf":{"@id":"https:\/\/teslafm.net\/#website"},"primaryImageOfPage":{"@id":"https:\/\/teslafm.net\/en\/espace-plein-5\/#primaryimage"},"image":{"@id":"https:\/\/teslafm.net\/en\/espace-plein-5\/#primaryimage"},"thumbnailUrl":"http:\/\/teslafm.net\/wp-content\/uploads\/2020\/02\/espace-plein-5_blanco.jpg","datePublished":"2020-02-18T15:22:33+00:00","dateModified":"2020-06-06T12:37:38+00:00","breadcrumb":{"@id":"https:\/\/teslafm.net\/en\/espace-plein-5\/#breadcrumb"},"inLanguage":"en-US","potentialAction":[{"@type":"ReadAction","target":["https:\/\/teslafm.net\/en\/espace-plein-5\/"]}]},{"@type":"ImageObject","inLanguage":"en-US","@id":"https:\/\/teslafm.net\/en\/espace-plein-5\/#primaryimage","url":"http:\/\/teslafm.net\/wp-content\/uploads\/2020\/02\/espace-plein-5_blanco.jpg","contentUrl":"http:\/\/teslafm.net\/wp-content\/uploads\/2020\/02\/espace-plein-5_blanco.jpg"},{"@type":"BreadcrumbList","@id":"https:\/\/teslafm.net\/en\/espace-plein-5\/#breadcrumb","itemListElement":[{"@type":"ListItem","position":1,"name":"Portada","item":"https:\/\/teslafm.net\/"},{"@type":"ListItem","position":2,"name":"Espace Plein #5"}]},{"@type":"WebSite","@id":"https:\/\/teslafm.net\/#website","url":"https:\/\/teslafm.net\/","name":"TeslaFM","description":"An experimental and creative radio","publisher":{"@id":"https:\/\/teslafm.net\/#organization"},"potentialAction":[{"@type":"SearchAction","target":{"@type":"EntryPoint","urlTemplate":"https:\/\/teslafm.net\/?s={search_term_string}"},"query-input":{"@type":"PropertyValueSpecification","valueRequired":true,"valueName":"search_term_string"}}],"inLanguage":"en-US"},{"@type":"Organization","@id":"https:\/\/teslafm.net\/#organization","name":"TeslaFM","url":"https:\/\/teslafm.net\/","logo":{"@type":"ImageObject","inLanguage":"en-US","@id":"https:\/\/teslafm.net\/#\/schema\/logo\/image\/","url":"https:\/\/teslafm.net\/wp-content\/uploads\/2020\/06\/logo-tesla.png","contentUrl":"https:\/\/teslafm.net\/wp-content\/uploads\/2020\/06\/logo-tesla.png","width":512,"height":512,"caption":"TeslaFM"},"image":{"@id":"https:\/\/teslafm.net\/#\/schema\/logo\/image\/"},"sameAs":["https:\/\/www.facebook.com\/teslafm.net","https:\/\/x.com\/teslafm"]}]}},"rttpg_featured_image_url":null,"rttpg_author":{"display_name":"Ishak","author_link":"https:\/\/teslafm.net\/en\/author\/cravan\/"},"rttpg_comment":0,"rttpg_category":null,"rttpg_excerpt":"Espace Plein #5 Febrero 2020 Espace plein n\u00famero 5 es una b\u00fasqueda sensible de las propiedades ac\u00fasticas de los espacios, compuesta por cuatro ejercicios. 1. La sala azul, el espacio de resonancia se activa con la voz, una estufa y 4 cuerpos jugando con las paredes. 2. El di\u00e1logo ocarina. Este es un paseo, buscando&hellip;","_links":{"self":[{"href":"https:\/\/teslafm.net\/en\/wp-json\/wp\/v2\/pages\/4566","targetHints":{"allow":["GET"]}}],"collection":[{"href":"https:\/\/teslafm.net\/en\/wp-json\/wp\/v2\/pages"}],"about":[{"href":"https:\/\/teslafm.net\/en\/wp-json\/wp\/v2\/types\/page"}],"author":[{"embeddable":true,"href":"https:\/\/teslafm.net\/en\/wp-json\/wp\/v2\/users\/19"}],"replies":[{"embeddable":true,"href":"https:\/\/teslafm.net\/en\/wp-json\/wp\/v2\/comments?post=4566"}],"version-history":[{"count":4,"href":"https:\/\/teslafm.net\/en\/wp-json\/wp\/v2\/pages\/4566\/revisions"}],"predecessor-version":[{"id":53808,"href":"https:\/\/teslafm.net\/en\/wp-json\/wp\/v2\/pages\/4566\/revisions\/53808"}],"wp:attachment":[{"href":"https:\/\/teslafm.net\/en\/wp-json\/wp\/v2\/media?parent=4566"}],"curies":[{"name":"wp","href":"https:\/\/api.w.org\/{rel}","templated":true}]}}