

{"id":4620,"date":"2020-02-25T14:42:28","date_gmt":"2020-02-25T13:42:28","guid":{"rendered":"http:\/\/teslafm.net\/?page_id=4620"},"modified":"2021-03-13T12:33:58","modified_gmt":"2021-03-13T11:33:58","slug":"space-oddity-recollection-8","status":"publish","type":"page","link":"https:\/\/teslafm.net\/en\/space-oddity-recollection-8\/","title":{"rendered":"Space Oddity Recollection #8"},"content":{"rendered":"<h2><span style=\"color: #ffffff;\"><strong>Space Oddity Recollection #8<\/strong><\/span><\/h2>\n<p><span style=\"color: #808080;\"><em>February 2020<\/em><\/span><\/p>\n<p><iframe src=\"https:\/\/www.mixcloud.com\/widget\/iframe\/?hide_cover=1&amp;feed=%2FTeslafm_net%2Fspace-oddity-recollection-8-monikapich%2F\" width=\"100%\" height=\"120\" frameborder=\"0\"><\/iframe><\/p>\n<p><img fetchpriority=\"high\" decoding=\"async\" src=\"https:\/\/teslafm.net\/wp-content\/uploads\/2020\/02\/marc_matter_pic.jpg\" alt=\"\" width=\"988\" height=\"960\" \/><\/p>\n<p lang=\"pl-PL\"><span style=\"color: #808080;\"><b>MARC MATTER<\/b><\/span><\/p>\n<p lang=\"pl-PL\"><span style=\"color: #808080;\">Original music produced by <strong>Marc Matter<\/strong>German sound artist, explorer and former member of the art group, <strong>Institut fuer Feinmotorik<\/strong> and of <strong>The Durian Brothers<\/strong>. She collaborated with many artists, including the poet <strong>Dagmara Kraus<\/strong>the performer <strong>Veridiana Zurita<\/strong> and visual artists <strong>Haseeb Ahmed<\/strong> and <strong>Tris Vonna-Michell<\/strong>. Interested in manipulating the sounds of voice and speech and searching for semantic collisions, which he presents live and in recorded performances, as well as for radio compositions.<\/span><\/p>\n<p lang=\"pl-PL\"><span style=\"color: #808080;\">The mix contains pieces from the artist's solo sound projects and collaborations, which include:<\/span><\/p>\n<p lang=\"pl-PL\">\n<span style=\"color: #808080;\"><strong>SOLITARY WORKS<\/strong><\/span><\/p>\n<p lang=\"pl-PL\"><span style=\"color: #808080;\">* <strong>Marc_Matter<\/strong>_-_NACHRICHTENTSTELLT_(SWR_Radio_2016)_final_passage<\/span><br \/>\n<span style=\"color: #808080;\">The final passage of my radio composition NACHRICHTENTSTELLT, an electroacoustic gluing of sampled radio news.<\/span><\/p>\n<p lang=\"pl-PL\"><span style=\"color: #808080;\">* <strong>Marc_Matter<\/strong>_-_Weni_Woun_(2016)<\/span><br \/>\n<span style=\"color: #808080;\">A short piece consisting of short samples taken from radio news, reworked on a CDJ player with the knob back and forth to make palindromes, resulting in a kind of imaginary language.<\/span><\/p>\n<p lang=\"pl-PL\"><span style=\"color: #808080;\">* <strong>Marc_Matter<\/strong>_-_Could_Change_(No realizado_2019)<\/span><br \/>\n<span style=\"color: #808080;\">A word composition using fragments of news headlines voiced by voice synthesis, played on a sampler. <strong>Akai MPC<\/strong>.<\/span><\/p>\n<p lang=\"pl-PL\"><span style=\"color: #808080;\">* <strong>Marc_Matter<\/strong>_-_Another_Great_(work in progress 2019)<\/span><br \/>\n<span style=\"color: #808080;\">Another word composition, still in progress, using more fragments of news headlines, voiced by voice synthesis, played on a sampler <strong>Akai MPC<\/strong>.<\/span><\/p>\n<p lang=\"pl-PL\"><span style=\"color: #808080;\">* <strong>Voiceover<\/strong>_-_Breakthrough_(tanuki_2014)<\/span><br \/>\n<span style=\"color: #808080;\">Side B of a seal tape <strong>Tanuki<\/strong> based in Brussels, manipulated voice composition, abstract sound poetry.<\/span><\/p>\n<p lang=\"pl-PL\"><span style=\"color: #808080;\">* <strong>Voiceover<\/strong>_-_L_Oeil_Ecclatante_(Chocolate_Monk_2013)_Extract1<\/span><br \/>\n<span style=\"color: #808080;\">An excerpt from the CDr produced by the label <strong>Chocolate Monk<\/strong> based in Brighton, recordings of my own voice manipulated with turntables, mixer and effects.<\/span><\/p>\n<p lang=\"pl-PL\"><span style=\"color: #808080;\">* <strong>Voiceover<\/strong>_-_L_Oeil_Ecclatant_(Chocolate_Monk_2013)_extract2<\/span><br \/>\n<span style=\"color: #808080;\">An excerpt from the CDr produced by the label <strong>Chocolate Monk<\/strong> based in Brighton, recordings of my own voice manipulated with turntables, mixer and effects.<\/span><br \/>\n<span style=\"color: #808080;\">Collaborations<\/span><\/p>\n<p lang=\"pl-PL\"><span style=\"color: #808080;\">* - _\/_Dagmara_Kraus_-_Entstehung_dunkel_(SWR_Radio_2014)_excerpt1<\/span><br \/>\n<span style=\"color: #808080;\">A radio composition excerpt, written and composed together with the poet and translator Dagmara Kraus, abstract sound poetry.<\/span><\/p>\n<p lang=\"pl-PL\"><span style=\"color: #808080;\">* <strong>Marc_Matter<\/strong>_\/_Dagmara_Kraus_-_Entstehung_dunkel_(SWR_Radio_2014)_extract2<\/span><br \/>\n<span style=\"color: #808080;\">Another excerpt of radio composition, written and composed together with the poet and translator Dagmara Kraus, abstract sound poetry.<\/span><\/p>\n<p lang=\"pl-PL\"><span style=\"color: #808080;\">* <strong>Marc_Matter<\/strong>_\/_Robert_M_Ochshorn_-_Propagation_de_nouvel_alphabet_lettrique_(2012)<\/span><br \/>\n<span style=\"color: #808080;\">Realization of an interactive web-based application of the letterist alphabet, originally formulated by Isidore Isou in 1947 - Voice &amp; electronic manipulation: Marc Matter; software engineer: Robert M Ochshorn<\/span><\/p>\n<p lang=\"pl-PL\"><span style=\"color: #808080;\">* <strong>Marc_Matter<\/strong>_\/_Stefan_Roemer_-_Deconceptual_Voicings_-_A_Child_Of_Pop_And_Music__(Slimvolume_2019)<\/span><br \/>\n<span style=\"color: #808080;\">The opening track of the LP with music made up of artists' voices, taken from interviews from the essay film \"Conceptual Paradise\".<\/span><\/p>\n<p lang=\"pl-PL\"><span style=\"color: #808080;\">Music of groups in which he has participated:<\/span><br \/>\n<span style=\"color: #808080;\">* The Durian Brothers - Planete Sauvage (2009)<\/span><br \/>\n<span style=\"color: #808080;\"><a style=\"color: #808080;\" href=\"https:\/\/www.youtube.com\/watch?v=QOxX9ZRAY64&amp;list=PLTBTOdOdmKaUgRdAtrY9lPhE-QBGj5x8g\" target=\"_blank\" rel=\"noopener noreferrer\">youtube.com\/watch?v=QOxX9ZRAY64&amp;list=PLTBTOdOdmKaUgRdAtrY9lPhE-QBGj5x8g<\/a><\/span><\/p>\n<p><span style=\"color: #808080;\">* The Durian Brothers - Weggeputscht (2014).<\/span><br \/>\n<span style=\"color: #808080;\"><a style=\"color: #808080;\" href=\"https:\/\/www.youtube.com\/watch?v=1NXORvgZuNk\" target=\"_blank\" rel=\"noopener noreferrer\">youtube.com\/watch?v=1NXORvgZuNk<\/a><\/span><\/p>\n<p><span style=\"color: #808080;\">* Insttut f\u00fcr Feinmotorik - ...Ja das ist Kunst! (2002)<\/span><br \/>\n<span style=\"color: #808080;\"><a style=\"color: #808080;\" href=\"https:\/\/www.youtube.com\/watch?v=OhBKDbvciCs&amp;list=OLAK5uy_mRbgjPzeAD_fw3DkRn3nJ-LfKCmYPv5Ek&amp;index=7\" target=\"_blank\" rel=\"noopener noreferrer\">youtube.com\/watch?v=OhBKDbvciCs&amp;list=OLAK5uy_mRbgjPzeAD_fw3DkRn3nJ-LfKKCmYPv5Ek&amp;index=7<\/a><\/span><\/p>\n<p><span style=\"color: #808080;\">* Institut f\u00fcr Feinmotorik - Rufen Sie die Polizei (2002)<\/span><br \/>\n<span style=\"color: #808080;\"><a style=\"color: #808080;\" href=\"https:\/\/www.youtube.com\/watch?v=2QsAC7CA2bI&amp;list=OLAK5uy_mRbgjPzeAD_fw3DkRn3nJ-LfKCmYPv5Ek&amp;index=4\" target=\"_blank\" rel=\"noopener noreferrer\">youtube.com\/watch?v=2QsAC7CA2bI&amp;list=OLAK5uy_mRbgjPzeAD_fw3DkRn3nJ-LfKCmYPv5Ek&amp;index=4<\/a><\/span><\/p>\n<p><span style=\"color: #808080;\">Enjoy the mix. February 2020. Produced by <strong>monikapich<\/strong>.<\/span><\/p>","protected":false},"excerpt":{"rendered":"<p>Space Oddity Recollection #8 Febrero 2020 MARC MATTER M\u00fasica original producida por Marc Matter, artista sonoro alem\u00e1n, explorador y ex miembro del grupo de arte, Institut fuer Feinmotorik y de The Durian Brothers. Colabor\u00f3 con muchos artistas, incluida la poeta Dagmara Kraus, la performer Veridiana Zurita y los artistas visuales Haseeb Ahmed y Tris Vonna-Michell. [&hellip;]<\/p>\n","protected":false},"author":19,"featured_media":0,"parent":0,"menu_order":0,"comment_status":"closed","ping_status":"closed","template":"","meta":{"footnotes":""},"class_list":["post-4620","page","type-page","status-publish","hentry"],"yoast_head":"<!-- This site is optimized with the Yoast SEO plugin v27.2 - https:\/\/yoast.com\/product\/yoast-seo-wordpress\/ -->\n<title>Space Oddity Recollection #8 -<\/title>\n<meta name=\"robots\" content=\"index, follow, max-snippet:-1, max-image-preview:large, max-video-preview:-1\" \/>\n<link rel=\"canonical\" href=\"https:\/\/teslafm.net\/en\/space-oddity-recollection-8\/\" \/>\n<meta property=\"og:locale\" content=\"en_US\" \/>\n<meta property=\"og:type\" content=\"article\" \/>\n<meta property=\"og:title\" content=\"Space Oddity Recollection #8 -\" \/>\n<meta property=\"og:description\" content=\"Space Oddity Recollection #8 Febrero 2020 MARC MATTER M\u00fasica original producida por Marc Matter, artista sonoro alem\u00e1n, explorador y ex miembro del grupo de arte, Institut fuer Feinmotorik y de The Durian Brothers. Colabor\u00f3 con muchos artistas, incluida la poeta Dagmara Kraus, la performer Veridiana Zurita y los artistas visuales Haseeb Ahmed y Tris Vonna-Michell. [&hellip;]\" \/>\n<meta property=\"og:url\" content=\"https:\/\/teslafm.net\/en\/space-oddity-recollection-8\/\" \/>\n<meta property=\"article:publisher\" content=\"https:\/\/www.facebook.com\/teslafm.net\" \/>\n<meta property=\"article:modified_time\" content=\"2021-03-13T11:33:58+00:00\" \/>\n<meta property=\"og:image\" content=\"https:\/\/teslafm.net\/wp-content\/uploads\/2020\/02\/marc_matter_pic.jpg\" \/>\n<meta name=\"twitter:card\" content=\"summary_large_image\" \/>\n<meta name=\"twitter:site\" content=\"@teslafm\" \/>\n<meta name=\"twitter:label1\" content=\"Est. reading time\" \/>\n\t<meta name=\"twitter:data1\" content=\"3 minutes\" \/>\n<script type=\"application\/ld+json\" class=\"yoast-schema-graph\">{\"@context\":\"https:\/\/schema.org\",\"@graph\":[{\"@type\":\"WebPage\",\"@id\":\"https:\/\/teslafm.net\/space-oddity-recollection-8\/\",\"url\":\"https:\/\/teslafm.net\/space-oddity-recollection-8\/\",\"name\":\"Space Oddity Recollection #8 -\",\"isPartOf\":{\"@id\":\"https:\/\/teslafm.net\/#website\"},\"primaryImageOfPage\":{\"@id\":\"https:\/\/teslafm.net\/space-oddity-recollection-8\/#primaryimage\"},\"image\":{\"@id\":\"https:\/\/teslafm.net\/space-oddity-recollection-8\/#primaryimage\"},\"thumbnailUrl\":\"https:\/\/teslafm.net\/wp-content\/uploads\/2020\/02\/marc_matter_pic.jpg\",\"datePublished\":\"2020-02-25T13:42:28+00:00\",\"dateModified\":\"2021-03-13T11:33:58+00:00\",\"breadcrumb\":{\"@id\":\"https:\/\/teslafm.net\/space-oddity-recollection-8\/#breadcrumb\"},\"inLanguage\":\"en-US\",\"potentialAction\":[{\"@type\":\"ReadAction\",\"target\":[\"https:\/\/teslafm.net\/space-oddity-recollection-8\/\"]}]},{\"@type\":\"ImageObject\",\"inLanguage\":\"en-US\",\"@id\":\"https:\/\/teslafm.net\/space-oddity-recollection-8\/#primaryimage\",\"url\":\"https:\/\/teslafm.net\/wp-content\/uploads\/2020\/02\/marc_matter_pic.jpg\",\"contentUrl\":\"https:\/\/teslafm.net\/wp-content\/uploads\/2020\/02\/marc_matter_pic.jpg\"},{\"@type\":\"BreadcrumbList\",\"@id\":\"https:\/\/teslafm.net\/space-oddity-recollection-8\/#breadcrumb\",\"itemListElement\":[{\"@type\":\"ListItem\",\"position\":1,\"name\":\"Portada\",\"item\":\"https:\/\/teslafm.net\/\"},{\"@type\":\"ListItem\",\"position\":2,\"name\":\"Space Oddity Recollection #8\"}]},{\"@type\":\"WebSite\",\"@id\":\"https:\/\/teslafm.net\/#website\",\"url\":\"https:\/\/teslafm.net\/\",\"name\":\"TeslaFM\",\"description\":\"An experimental and creative radio\",\"publisher\":{\"@id\":\"https:\/\/teslafm.net\/#organization\"},\"potentialAction\":[{\"@type\":\"SearchAction\",\"target\":{\"@type\":\"EntryPoint\",\"urlTemplate\":\"https:\/\/teslafm.net\/?s={search_term_string}\"},\"query-input\":{\"@type\":\"PropertyValueSpecification\",\"valueRequired\":true,\"valueName\":\"search_term_string\"}}],\"inLanguage\":\"en-US\"},{\"@type\":\"Organization\",\"@id\":\"https:\/\/teslafm.net\/#organization\",\"name\":\"TeslaFM\",\"url\":\"https:\/\/teslafm.net\/\",\"logo\":{\"@type\":\"ImageObject\",\"inLanguage\":\"en-US\",\"@id\":\"https:\/\/teslafm.net\/#\/schema\/logo\/image\/\",\"url\":\"https:\/\/teslafm.net\/wp-content\/uploads\/2020\/06\/logo-tesla.png\",\"contentUrl\":\"https:\/\/teslafm.net\/wp-content\/uploads\/2020\/06\/logo-tesla.png\",\"width\":512,\"height\":512,\"caption\":\"TeslaFM\"},\"image\":{\"@id\":\"https:\/\/teslafm.net\/#\/schema\/logo\/image\/\"},\"sameAs\":[\"https:\/\/www.facebook.com\/teslafm.net\",\"https:\/\/x.com\/teslafm\"]}]}<\/script>\n<!-- \/ Yoast SEO plugin. -->","yoast_head_json":{"title":"Space Oddity Recollection #8 -","robots":{"index":"index","follow":"follow","max-snippet":"max-snippet:-1","max-image-preview":"max-image-preview:large","max-video-preview":"max-video-preview:-1"},"canonical":"https:\/\/teslafm.net\/en\/space-oddity-recollection-8\/","og_locale":"en_US","og_type":"article","og_title":"Space Oddity Recollection #8 -","og_description":"Space Oddity Recollection #8 Febrero 2020 MARC MATTER M\u00fasica original producida por Marc Matter, artista sonoro alem\u00e1n, explorador y ex miembro del grupo de arte, Institut fuer Feinmotorik y de The Durian Brothers. Colabor\u00f3 con muchos artistas, incluida la poeta Dagmara Kraus, la performer Veridiana Zurita y los artistas visuales Haseeb Ahmed y Tris Vonna-Michell. [&hellip;]","og_url":"https:\/\/teslafm.net\/en\/space-oddity-recollection-8\/","article_publisher":"https:\/\/www.facebook.com\/teslafm.net","article_modified_time":"2021-03-13T11:33:58+00:00","og_image":[{"url":"https:\/\/teslafm.net\/wp-content\/uploads\/2020\/02\/marc_matter_pic.jpg","type":"","width":"","height":""}],"twitter_card":"summary_large_image","twitter_site":"@teslafm","twitter_misc":{"Est. reading time":"3 minutes"},"schema":{"@context":"https:\/\/schema.org","@graph":[{"@type":"WebPage","@id":"https:\/\/teslafm.net\/space-oddity-recollection-8\/","url":"https:\/\/teslafm.net\/space-oddity-recollection-8\/","name":"Space Oddity Recollection #8 -","isPartOf":{"@id":"https:\/\/teslafm.net\/#website"},"primaryImageOfPage":{"@id":"https:\/\/teslafm.net\/space-oddity-recollection-8\/#primaryimage"},"image":{"@id":"https:\/\/teslafm.net\/space-oddity-recollection-8\/#primaryimage"},"thumbnailUrl":"https:\/\/teslafm.net\/wp-content\/uploads\/2020\/02\/marc_matter_pic.jpg","datePublished":"2020-02-25T13:42:28+00:00","dateModified":"2021-03-13T11:33:58+00:00","breadcrumb":{"@id":"https:\/\/teslafm.net\/space-oddity-recollection-8\/#breadcrumb"},"inLanguage":"en-US","potentialAction":[{"@type":"ReadAction","target":["https:\/\/teslafm.net\/space-oddity-recollection-8\/"]}]},{"@type":"ImageObject","inLanguage":"en-US","@id":"https:\/\/teslafm.net\/space-oddity-recollection-8\/#primaryimage","url":"https:\/\/teslafm.net\/wp-content\/uploads\/2020\/02\/marc_matter_pic.jpg","contentUrl":"https:\/\/teslafm.net\/wp-content\/uploads\/2020\/02\/marc_matter_pic.jpg"},{"@type":"BreadcrumbList","@id":"https:\/\/teslafm.net\/space-oddity-recollection-8\/#breadcrumb","itemListElement":[{"@type":"ListItem","position":1,"name":"Portada","item":"https:\/\/teslafm.net\/"},{"@type":"ListItem","position":2,"name":"Space Oddity Recollection #8"}]},{"@type":"WebSite","@id":"https:\/\/teslafm.net\/#website","url":"https:\/\/teslafm.net\/","name":"TeslaFM","description":"An experimental and creative radio","publisher":{"@id":"https:\/\/teslafm.net\/#organization"},"potentialAction":[{"@type":"SearchAction","target":{"@type":"EntryPoint","urlTemplate":"https:\/\/teslafm.net\/?s={search_term_string}"},"query-input":{"@type":"PropertyValueSpecification","valueRequired":true,"valueName":"search_term_string"}}],"inLanguage":"en-US"},{"@type":"Organization","@id":"https:\/\/teslafm.net\/#organization","name":"TeslaFM","url":"https:\/\/teslafm.net\/","logo":{"@type":"ImageObject","inLanguage":"en-US","@id":"https:\/\/teslafm.net\/#\/schema\/logo\/image\/","url":"https:\/\/teslafm.net\/wp-content\/uploads\/2020\/06\/logo-tesla.png","contentUrl":"https:\/\/teslafm.net\/wp-content\/uploads\/2020\/06\/logo-tesla.png","width":512,"height":512,"caption":"TeslaFM"},"image":{"@id":"https:\/\/teslafm.net\/#\/schema\/logo\/image\/"},"sameAs":["https:\/\/www.facebook.com\/teslafm.net","https:\/\/x.com\/teslafm"]}]}},"rttpg_featured_image_url":null,"rttpg_author":{"display_name":"Ishak","author_link":"https:\/\/teslafm.net\/en\/author\/cravan\/"},"rttpg_comment":0,"rttpg_category":null,"rttpg_excerpt":"Space Oddity Recollection #8 Febrero 2020 MARC MATTER M\u00fasica original producida por Marc Matter, artista sonoro alem\u00e1n, explorador y ex miembro del grupo de arte, Institut fuer Feinmotorik y de The Durian Brothers. Colabor\u00f3 con muchos artistas, incluida la poeta Dagmara Kraus, la performer Veridiana Zurita y los artistas visuales Haseeb Ahmed y Tris Vonna-Michell.&hellip;","_links":{"self":[{"href":"https:\/\/teslafm.net\/en\/wp-json\/wp\/v2\/pages\/4620","targetHints":{"allow":["GET"]}}],"collection":[{"href":"https:\/\/teslafm.net\/en\/wp-json\/wp\/v2\/pages"}],"about":[{"href":"https:\/\/teslafm.net\/en\/wp-json\/wp\/v2\/types\/page"}],"author":[{"embeddable":true,"href":"https:\/\/teslafm.net\/en\/wp-json\/wp\/v2\/users\/19"}],"replies":[{"embeddable":true,"href":"https:\/\/teslafm.net\/en\/wp-json\/wp\/v2\/comments?post=4620"}],"version-history":[{"count":13,"href":"https:\/\/teslafm.net\/en\/wp-json\/wp\/v2\/pages\/4620\/revisions"}],"predecessor-version":[{"id":57534,"href":"https:\/\/teslafm.net\/en\/wp-json\/wp\/v2\/pages\/4620\/revisions\/57534"}],"wp:attachment":[{"href":"https:\/\/teslafm.net\/en\/wp-json\/wp\/v2\/media?parent=4620"}],"curies":[{"name":"wp","href":"https:\/\/api.w.org\/{rel}","templated":true}]}}