

{"id":4642,"date":"2020-02-27T20:04:18","date_gmt":"2020-02-27T19:04:18","guid":{"rendered":"http:\/\/teslafm.net\/?page_id=4642"},"modified":"2021-03-06T17:12:28","modified_gmt":"2021-03-06T16:12:28","slug":"fair_play-mix-11","status":"publish","type":"page","link":"https:\/\/teslafm.net\/en\/fair_play-mix-11\/","title":{"rendered":"Fair_Play Mix #11"},"content":{"rendered":"<h2><span style=\"color: #ffffff;\"><strong>Fair_Play Mix #11<\/strong><\/span><\/h2>\n<p><span style=\"color: #808080;\"><em>February 2020<\/em><\/span><\/p>\n<p><iframe src=\"https:\/\/www.mixcloud.com\/widget\/iframe\/?hide_cover=1&amp;feed=%2FTeslafm_net%2Ffair_play-mix-11-fair_play%2F\" width=\"100%\" height=\"120\" frameborder=\"0\"><\/iframe><\/p>\n<p><span style=\"color: #808080;\">01. <strong>Nahawa Doumbia<\/strong> - Niama Tutu<\/span><br \/>\n<span style=\"color: #808080;\">02. <strong>Okkyung Lee<\/strong> - One Hundred <\/span><br \/>\n<span style=\"color: #808080;\">03. <strong>Years Old Rain (The Same River Twice)<\/strong><\/span><br \/>\n<span style=\"color: #808080;\">04. <strong>Delphine Dora<\/strong> - In the absence<\/span><br \/>\n<span style=\"color: #808080;\">05. <strong>Dalot (Maria Papadomanolaki)<\/strong> - Valletta (relative distance)<\/span><br \/>\n<span style=\"color: #808080;\">06. <strong>Avsluta (Lucie \u0160t\u011bp\u00e1nkov\u00e1)<\/strong> - Drone Plateau<\/span><br \/>\n<span style=\"color: #808080;\">07. <strong>Mariachi (Nina Garcia)<\/strong> - Tak\u00e9<\/span><br \/>\n<span style=\"color: #808080;\">08. <strong>Tami T<\/strong> - Face Riding<\/span><br \/>\n<span style=\"color: #808080;\">09. <strong>Biawanna<\/strong> - You &amp; Me<\/span><br \/>\n<span style=\"color: #808080;\">10. <strong>Ellen Fullman<\/strong> - Staggered Stasis 1<\/span><\/p>","protected":false},"excerpt":{"rendered":"<p>Fair_Play Mix #11 Febrero 2020 01. Nahawa Doumbia &#8211; Niama Tutu 02. Okkyung Lee &#8211; One Hundred 03. Years Old Rain (The Same River Twice) 04. Delphine Dora &#8211; Dans l\u2019absence 05. Dalot (Maria Papadomanolaki) &#8211; Valletta (relative distance) 06. Avsluta (Lucie \u0160t\u011bp\u00e1nkov\u00e1) &#8211; Drone Plateau 07. Mariachi (Nina Garcia) &#8211; Tak\u00e9 08. Tami T [&hellip;]<\/p>\n","protected":false},"author":19,"featured_media":0,"parent":0,"menu_order":0,"comment_status":"closed","ping_status":"closed","template":"","meta":{"footnotes":""},"class_list":["post-4642","page","type-page","status-publish","hentry"],"yoast_head":"<!-- This site is optimized with the Yoast SEO plugin v27.2 - https:\/\/yoast.com\/product\/yoast-seo-wordpress\/ -->\n<title>Fair_Play Mix #11 -<\/title>\n<meta name=\"robots\" content=\"index, follow, max-snippet:-1, max-image-preview:large, max-video-preview:-1\" \/>\n<link rel=\"canonical\" href=\"https:\/\/teslafm.net\/en\/fair_play-mix-11\/\" \/>\n<meta property=\"og:locale\" content=\"en_US\" \/>\n<meta property=\"og:type\" content=\"article\" \/>\n<meta property=\"og:title\" content=\"Fair_Play Mix #11 -\" \/>\n<meta property=\"og:description\" content=\"Fair_Play Mix #11 Febrero 2020 01. Nahawa Doumbia &#8211; Niama Tutu 02. Okkyung Lee &#8211; One Hundred 03. Years Old Rain (The Same River Twice) 04. Delphine Dora &#8211; Dans l\u2019absence 05. Dalot (Maria Papadomanolaki) &#8211; Valletta (relative distance) 06. Avsluta (Lucie \u0160t\u011bp\u00e1nkov\u00e1) &#8211; Drone Plateau 07. Mariachi (Nina Garcia) &#8211; Tak\u00e9 08. Tami T [&hellip;]\" \/>\n<meta property=\"og:url\" content=\"https:\/\/teslafm.net\/en\/fair_play-mix-11\/\" \/>\n<meta property=\"article:publisher\" content=\"https:\/\/www.facebook.com\/teslafm.net\" \/>\n<meta property=\"article:modified_time\" content=\"2021-03-06T16:12:28+00:00\" \/>\n<meta property=\"og:image\" content=\"https:\/\/teslafm.net\/wp-content\/uploads\/2022\/09\/header-image-4-temp.png\" \/>\n\t<meta property=\"og:image:width\" content=\"1274\" \/>\n\t<meta property=\"og:image:height\" content=\"818\" \/>\n\t<meta property=\"og:image:type\" content=\"image\/png\" \/>\n<meta name=\"twitter:card\" content=\"summary_large_image\" \/>\n<meta name=\"twitter:site\" content=\"@teslafm\" \/>\n<meta name=\"twitter:label1\" content=\"Est. reading time\" \/>\n\t<meta name=\"twitter:data1\" content=\"1 minute\" \/>\n<script type=\"application\/ld+json\" class=\"yoast-schema-graph\">{\"@context\":\"https:\/\/schema.org\",\"@graph\":[{\"@type\":\"WebPage\",\"@id\":\"https:\/\/teslafm.net\/fair_play-mix-11\/\",\"url\":\"https:\/\/teslafm.net\/fair_play-mix-11\/\",\"name\":\"Fair_Play Mix #11 -\",\"isPartOf\":{\"@id\":\"https:\/\/teslafm.net\/#website\"},\"datePublished\":\"2020-02-27T19:04:18+00:00\",\"dateModified\":\"2021-03-06T16:12:28+00:00\",\"breadcrumb\":{\"@id\":\"https:\/\/teslafm.net\/fair_play-mix-11\/#breadcrumb\"},\"inLanguage\":\"en-US\",\"potentialAction\":[{\"@type\":\"ReadAction\",\"target\":[\"https:\/\/teslafm.net\/fair_play-mix-11\/\"]}]},{\"@type\":\"BreadcrumbList\",\"@id\":\"https:\/\/teslafm.net\/fair_play-mix-11\/#breadcrumb\",\"itemListElement\":[{\"@type\":\"ListItem\",\"position\":1,\"name\":\"Portada\",\"item\":\"https:\/\/teslafm.net\/\"},{\"@type\":\"ListItem\",\"position\":2,\"name\":\"Fair_Play Mix #11\"}]},{\"@type\":\"WebSite\",\"@id\":\"https:\/\/teslafm.net\/#website\",\"url\":\"https:\/\/teslafm.net\/\",\"name\":\"TeslaFM\",\"description\":\"An experimental and creative radio\",\"publisher\":{\"@id\":\"https:\/\/teslafm.net\/#organization\"},\"potentialAction\":[{\"@type\":\"SearchAction\",\"target\":{\"@type\":\"EntryPoint\",\"urlTemplate\":\"https:\/\/teslafm.net\/?s={search_term_string}\"},\"query-input\":{\"@type\":\"PropertyValueSpecification\",\"valueRequired\":true,\"valueName\":\"search_term_string\"}}],\"inLanguage\":\"en-US\"},{\"@type\":\"Organization\",\"@id\":\"https:\/\/teslafm.net\/#organization\",\"name\":\"TeslaFM\",\"url\":\"https:\/\/teslafm.net\/\",\"logo\":{\"@type\":\"ImageObject\",\"inLanguage\":\"en-US\",\"@id\":\"https:\/\/teslafm.net\/#\/schema\/logo\/image\/\",\"url\":\"https:\/\/teslafm.net\/wp-content\/uploads\/2020\/06\/logo-tesla.png\",\"contentUrl\":\"https:\/\/teslafm.net\/wp-content\/uploads\/2020\/06\/logo-tesla.png\",\"width\":512,\"height\":512,\"caption\":\"TeslaFM\"},\"image\":{\"@id\":\"https:\/\/teslafm.net\/#\/schema\/logo\/image\/\"},\"sameAs\":[\"https:\/\/www.facebook.com\/teslafm.net\",\"https:\/\/x.com\/teslafm\"]}]}<\/script>\n<!-- \/ Yoast SEO plugin. -->","yoast_head_json":{"title":"Fair_Play Mix #11 -","robots":{"index":"index","follow":"follow","max-snippet":"max-snippet:-1","max-image-preview":"max-image-preview:large","max-video-preview":"max-video-preview:-1"},"canonical":"https:\/\/teslafm.net\/en\/fair_play-mix-11\/","og_locale":"en_US","og_type":"article","og_title":"Fair_Play Mix #11 -","og_description":"Fair_Play Mix #11 Febrero 2020 01. Nahawa Doumbia &#8211; Niama Tutu 02. Okkyung Lee &#8211; One Hundred 03. Years Old Rain (The Same River Twice) 04. Delphine Dora &#8211; Dans l\u2019absence 05. Dalot (Maria Papadomanolaki) &#8211; Valletta (relative distance) 06. Avsluta (Lucie \u0160t\u011bp\u00e1nkov\u00e1) &#8211; Drone Plateau 07. Mariachi (Nina Garcia) &#8211; Tak\u00e9 08. Tami T [&hellip;]","og_url":"https:\/\/teslafm.net\/en\/fair_play-mix-11\/","article_publisher":"https:\/\/www.facebook.com\/teslafm.net","article_modified_time":"2021-03-06T16:12:28+00:00","og_image":[{"width":1274,"height":818,"url":"https:\/\/teslafm.net\/wp-content\/uploads\/2022\/09\/header-image-4-temp.png","type":"image\/png"}],"twitter_card":"summary_large_image","twitter_site":"@teslafm","twitter_misc":{"Est. reading time":"1 minute"},"schema":{"@context":"https:\/\/schema.org","@graph":[{"@type":"WebPage","@id":"https:\/\/teslafm.net\/fair_play-mix-11\/","url":"https:\/\/teslafm.net\/fair_play-mix-11\/","name":"Fair_Play Mix #11 -","isPartOf":{"@id":"https:\/\/teslafm.net\/#website"},"datePublished":"2020-02-27T19:04:18+00:00","dateModified":"2021-03-06T16:12:28+00:00","breadcrumb":{"@id":"https:\/\/teslafm.net\/fair_play-mix-11\/#breadcrumb"},"inLanguage":"en-US","potentialAction":[{"@type":"ReadAction","target":["https:\/\/teslafm.net\/fair_play-mix-11\/"]}]},{"@type":"BreadcrumbList","@id":"https:\/\/teslafm.net\/fair_play-mix-11\/#breadcrumb","itemListElement":[{"@type":"ListItem","position":1,"name":"Portada","item":"https:\/\/teslafm.net\/"},{"@type":"ListItem","position":2,"name":"Fair_Play Mix #11"}]},{"@type":"WebSite","@id":"https:\/\/teslafm.net\/#website","url":"https:\/\/teslafm.net\/","name":"TeslaFM","description":"An experimental and creative radio","publisher":{"@id":"https:\/\/teslafm.net\/#organization"},"potentialAction":[{"@type":"SearchAction","target":{"@type":"EntryPoint","urlTemplate":"https:\/\/teslafm.net\/?s={search_term_string}"},"query-input":{"@type":"PropertyValueSpecification","valueRequired":true,"valueName":"search_term_string"}}],"inLanguage":"en-US"},{"@type":"Organization","@id":"https:\/\/teslafm.net\/#organization","name":"TeslaFM","url":"https:\/\/teslafm.net\/","logo":{"@type":"ImageObject","inLanguage":"en-US","@id":"https:\/\/teslafm.net\/#\/schema\/logo\/image\/","url":"https:\/\/teslafm.net\/wp-content\/uploads\/2020\/06\/logo-tesla.png","contentUrl":"https:\/\/teslafm.net\/wp-content\/uploads\/2020\/06\/logo-tesla.png","width":512,"height":512,"caption":"TeslaFM"},"image":{"@id":"https:\/\/teslafm.net\/#\/schema\/logo\/image\/"},"sameAs":["https:\/\/www.facebook.com\/teslafm.net","https:\/\/x.com\/teslafm"]}]}},"rttpg_featured_image_url":null,"rttpg_author":{"display_name":"Ishak","author_link":"https:\/\/teslafm.net\/en\/author\/cravan\/"},"rttpg_comment":0,"rttpg_category":null,"rttpg_excerpt":"Fair_Play Mix #11 Febrero 2020 01. Nahawa Doumbia &#8211; Niama Tutu 02. Okkyung Lee &#8211; One Hundred 03. Years Old Rain (The Same River Twice) 04. Delphine Dora &#8211; Dans l\u2019absence 05. Dalot (Maria Papadomanolaki) &#8211; Valletta (relative distance) 06. Avsluta (Lucie \u0160t\u011bp\u00e1nkov\u00e1) &#8211; Drone Plateau 07. Mariachi (Nina Garcia) &#8211; Tak\u00e9 08. Tami T&hellip;","_links":{"self":[{"href":"https:\/\/teslafm.net\/en\/wp-json\/wp\/v2\/pages\/4642","targetHints":{"allow":["GET"]}}],"collection":[{"href":"https:\/\/teslafm.net\/en\/wp-json\/wp\/v2\/pages"}],"about":[{"href":"https:\/\/teslafm.net\/en\/wp-json\/wp\/v2\/types\/page"}],"author":[{"embeddable":true,"href":"https:\/\/teslafm.net\/en\/wp-json\/wp\/v2\/users\/19"}],"replies":[{"embeddable":true,"href":"https:\/\/teslafm.net\/en\/wp-json\/wp\/v2\/comments?post=4642"}],"version-history":[{"count":4,"href":"https:\/\/teslafm.net\/en\/wp-json\/wp\/v2\/pages\/4642\/revisions"}],"predecessor-version":[{"id":57178,"href":"https:\/\/teslafm.net\/en\/wp-json\/wp\/v2\/pages\/4642\/revisions\/57178"}],"wp:attachment":[{"href":"https:\/\/teslafm.net\/en\/wp-json\/wp\/v2\/media?parent=4642"}],"curies":[{"name":"wp","href":"https:\/\/api.w.org\/{rel}","templated":true}]}}