

{"id":4694,"date":"2020-03-04T16:59:12","date_gmt":"2020-03-04T15:59:12","guid":{"rendered":"http:\/\/teslafm.net\/?page_id=4694"},"modified":"2020-06-27T22:29:52","modified_gmt":"2020-06-27T20:29:52","slug":"la-politica-del-ruido-12","status":"publish","type":"page","link":"https:\/\/teslafm.net\/en\/la-politica-del-ruido-12\/","title":{"rendered":"Noise Policy #12"},"content":{"rendered":"<h2><span style=\"color: #ffffff;\"><strong>Noise Policy #12<\/strong><\/span><\/h2>\n<p><span style=\"color: #808080;\"><em>3 March 2020<\/em><\/span><\/p>\n<p><iframe src=\"https:\/\/www.mixcloud.com\/widget\/iframe\/?hide_cover=1&amp;feed=%2FTeslafm_net%2Fla-pol%C3%ADtica-del-ruido-12-susana-l%C3%B3pez%2F\" width=\"100%\" height=\"120\" frameborder=\"0\"><\/iframe><\/p>\n<p><span style=\"color: #808080;\">01. <strong>Antonio Garcia<\/strong> - The blue lady - 5:00<\/span><br \/>\n<span style=\"color: #808080;\">02. <strong>Chop Shop<\/strong> - Trio Capture (segment) - 6:20<\/span><br \/>\n<span style=\"color: #808080;\">03. <strong>Dario Moratilla<\/strong> - What we saw from the second floor - 5:00<\/span><br \/>\n<span style=\"color: #808080;\">04. <strong>\u00c9ric La Casa<\/strong> - Excerpt from Le Havre, a sound project with Cedric Peyronnet - 6:58<\/span><br \/>\n<span style=\"color: #808080;\">05. <strong>G*Park<\/strong> - LH - 5:45<\/span><br \/>\n<span style=\"color: #808080;\">06. <strong>Jean-Luc Guionnet<\/strong> - Moon, Empty Kky &amp; Alike Clouds - 10:08<\/span><br \/>\n<span style=\"color: #808080;\">07. <strong>Modulate Collective<\/strong> - Live @ Supersonic Excerpt - 5:50<\/span><br \/>\n<span style=\"color: #808080;\">08. <strong>Pe Lang<\/strong> - Berlin - 5:20<\/span><br \/>\n<span style=\"color: #808080;\">09. <strong>Ruben Garcia<\/strong> - Living Fire - 5:00<\/span><br \/>\n<span style=\"color: #808080;\">10. <strong>Slavek Kwi<\/strong> - Ggbarlu Ultra-Bug Extract - 5:45<\/span><\/p>","protected":false},"excerpt":{"rendered":"<p>La Pol\u00edtica del Ruido #12 3 Marzo 2020 01. Antonio Garc\u00eda &#8211; La dama azul &#8211; 5:00 02. Chop Shop &#8211; Trio Capture (segment) &#8211; 6:20 03. Dar\u00edo Moratilla &#8211; What we saw from the second floor &#8211; 5:00 04. \u00c9ric La Casa &#8211; Excerpt from Le Havre, a sound project with Cedric Peyronnet &#8211; [&hellip;]<\/p>\n","protected":false},"author":19,"featured_media":0,"parent":0,"menu_order":0,"comment_status":"closed","ping_status":"closed","template":"","meta":{"footnotes":""},"class_list":["post-4694","page","type-page","status-publish","hentry"],"yoast_head":"<!-- This site is optimized with the Yoast SEO plugin v27.4 - https:\/\/yoast.com\/product\/yoast-seo-wordpress\/ -->\n<title>La Pol\u00edtica del Ruido #12 -<\/title>\n<meta name=\"robots\" content=\"index, follow, max-snippet:-1, max-image-preview:large, max-video-preview:-1\" \/>\n<link rel=\"canonical\" href=\"https:\/\/teslafm.net\/en\/la-politica-del-ruido-12\/\" \/>\n<meta property=\"og:locale\" content=\"en_US\" \/>\n<meta property=\"og:type\" content=\"article\" \/>\n<meta property=\"og:title\" content=\"La Pol\u00edtica del Ruido #12 -\" \/>\n<meta property=\"og:description\" content=\"La Pol\u00edtica del Ruido #12 3 Marzo 2020 01. Antonio Garc\u00eda &#8211; La dama azul &#8211; 5:00 02. Chop Shop &#8211; Trio Capture (segment) &#8211; 6:20 03. Dar\u00edo Moratilla &#8211; What we saw from the second floor &#8211; 5:00 04. \u00c9ric La Casa &#8211; Excerpt from Le Havre, a sound project with Cedric Peyronnet &#8211; [&hellip;]\" \/>\n<meta property=\"og:url\" content=\"https:\/\/teslafm.net\/en\/la-politica-del-ruido-12\/\" \/>\n<meta property=\"article:publisher\" content=\"https:\/\/www.facebook.com\/teslafm.net\" \/>\n<meta property=\"article:modified_time\" content=\"2020-06-27T20:29:52+00:00\" \/>\n<meta property=\"og:image\" content=\"https:\/\/teslafm.net\/wp-content\/uploads\/2022\/09\/header-image-4-temp.png\" \/>\n\t<meta property=\"og:image:width\" content=\"1274\" \/>\n\t<meta property=\"og:image:height\" content=\"818\" \/>\n\t<meta property=\"og:image:type\" content=\"image\/png\" \/>\n<meta name=\"twitter:card\" content=\"summary_large_image\" \/>\n<meta name=\"twitter:site\" content=\"@teslafm\" \/>\n<script type=\"application\/ld+json\" class=\"yoast-schema-graph\">{\"@context\":\"https:\\\/\\\/schema.org\",\"@graph\":[{\"@type\":\"WebPage\",\"@id\":\"https:\\\/\\\/teslafm.net\\\/la-politica-del-ruido-12\\\/\",\"url\":\"https:\\\/\\\/teslafm.net\\\/la-politica-del-ruido-12\\\/\",\"name\":\"La Pol\u00edtica del Ruido #12 -\",\"isPartOf\":{\"@id\":\"https:\\\/\\\/teslafm.net\\\/#website\"},\"datePublished\":\"2020-03-04T15:59:12+00:00\",\"dateModified\":\"2020-06-27T20:29:52+00:00\",\"breadcrumb\":{\"@id\":\"https:\\\/\\\/teslafm.net\\\/la-politica-del-ruido-12\\\/#breadcrumb\"},\"inLanguage\":\"en-US\",\"potentialAction\":[{\"@type\":\"ReadAction\",\"target\":[\"https:\\\/\\\/teslafm.net\\\/la-politica-del-ruido-12\\\/\"]}]},{\"@type\":\"BreadcrumbList\",\"@id\":\"https:\\\/\\\/teslafm.net\\\/la-politica-del-ruido-12\\\/#breadcrumb\",\"itemListElement\":[{\"@type\":\"ListItem\",\"position\":1,\"name\":\"Portada\",\"item\":\"https:\\\/\\\/teslafm.net\\\/\"},{\"@type\":\"ListItem\",\"position\":2,\"name\":\"La Pol\u00edtica del Ruido #12\"}]},{\"@type\":\"WebSite\",\"@id\":\"https:\\\/\\\/teslafm.net\\\/#website\",\"url\":\"https:\\\/\\\/teslafm.net\\\/\",\"name\":\"TeslaFM\",\"description\":\"An experimental and creative radio\",\"publisher\":{\"@id\":\"https:\\\/\\\/teslafm.net\\\/#organization\"},\"potentialAction\":[{\"@type\":\"SearchAction\",\"target\":{\"@type\":\"EntryPoint\",\"urlTemplate\":\"https:\\\/\\\/teslafm.net\\\/?s={search_term_string}\"},\"query-input\":{\"@type\":\"PropertyValueSpecification\",\"valueRequired\":true,\"valueName\":\"search_term_string\"}}],\"inLanguage\":\"en-US\"},{\"@type\":\"Organization\",\"@id\":\"https:\\\/\\\/teslafm.net\\\/#organization\",\"name\":\"TeslaFM\",\"url\":\"https:\\\/\\\/teslafm.net\\\/\",\"logo\":{\"@type\":\"ImageObject\",\"inLanguage\":\"en-US\",\"@id\":\"https:\\\/\\\/teslafm.net\\\/#\\\/schema\\\/logo\\\/image\\\/\",\"url\":\"https:\\\/\\\/teslafm.net\\\/wp-content\\\/uploads\\\/2020\\\/06\\\/logo-tesla.png\",\"contentUrl\":\"https:\\\/\\\/teslafm.net\\\/wp-content\\\/uploads\\\/2020\\\/06\\\/logo-tesla.png\",\"width\":512,\"height\":512,\"caption\":\"TeslaFM\"},\"image\":{\"@id\":\"https:\\\/\\\/teslafm.net\\\/#\\\/schema\\\/logo\\\/image\\\/\"},\"sameAs\":[\"https:\\\/\\\/www.facebook.com\\\/teslafm.net\",\"https:\\\/\\\/x.com\\\/teslafm\"]}]}<\/script>\n<!-- \/ Yoast SEO plugin. -->","yoast_head_json":{"title":"La Pol\u00edtica del Ruido #12 -","robots":{"index":"index","follow":"follow","max-snippet":"max-snippet:-1","max-image-preview":"max-image-preview:large","max-video-preview":"max-video-preview:-1"},"canonical":"https:\/\/teslafm.net\/en\/la-politica-del-ruido-12\/","og_locale":"en_US","og_type":"article","og_title":"La Pol\u00edtica del Ruido #12 -","og_description":"La Pol\u00edtica del Ruido #12 3 Marzo 2020 01. Antonio Garc\u00eda &#8211; La dama azul &#8211; 5:00 02. Chop Shop &#8211; Trio Capture (segment) &#8211; 6:20 03. Dar\u00edo Moratilla &#8211; What we saw from the second floor &#8211; 5:00 04. \u00c9ric La Casa &#8211; Excerpt from Le Havre, a sound project with Cedric Peyronnet &#8211; [&hellip;]","og_url":"https:\/\/teslafm.net\/en\/la-politica-del-ruido-12\/","article_publisher":"https:\/\/www.facebook.com\/teslafm.net","article_modified_time":"2020-06-27T20:29:52+00:00","og_image":[{"width":1274,"height":818,"url":"https:\/\/teslafm.net\/wp-content\/uploads\/2022\/09\/header-image-4-temp.png","type":"image\/png"}],"twitter_card":"summary_large_image","twitter_site":"@teslafm","schema":{"@context":"https:\/\/schema.org","@graph":[{"@type":"WebPage","@id":"https:\/\/teslafm.net\/la-politica-del-ruido-12\/","url":"https:\/\/teslafm.net\/la-politica-del-ruido-12\/","name":"La Pol\u00edtica del Ruido #12 -","isPartOf":{"@id":"https:\/\/teslafm.net\/#website"},"datePublished":"2020-03-04T15:59:12+00:00","dateModified":"2020-06-27T20:29:52+00:00","breadcrumb":{"@id":"https:\/\/teslafm.net\/la-politica-del-ruido-12\/#breadcrumb"},"inLanguage":"en-US","potentialAction":[{"@type":"ReadAction","target":["https:\/\/teslafm.net\/la-politica-del-ruido-12\/"]}]},{"@type":"BreadcrumbList","@id":"https:\/\/teslafm.net\/la-politica-del-ruido-12\/#breadcrumb","itemListElement":[{"@type":"ListItem","position":1,"name":"Portada","item":"https:\/\/teslafm.net\/"},{"@type":"ListItem","position":2,"name":"La Pol\u00edtica del Ruido #12"}]},{"@type":"WebSite","@id":"https:\/\/teslafm.net\/#website","url":"https:\/\/teslafm.net\/","name":"TeslaFM","description":"An experimental and creative radio","publisher":{"@id":"https:\/\/teslafm.net\/#organization"},"potentialAction":[{"@type":"SearchAction","target":{"@type":"EntryPoint","urlTemplate":"https:\/\/teslafm.net\/?s={search_term_string}"},"query-input":{"@type":"PropertyValueSpecification","valueRequired":true,"valueName":"search_term_string"}}],"inLanguage":"en-US"},{"@type":"Organization","@id":"https:\/\/teslafm.net\/#organization","name":"TeslaFM","url":"https:\/\/teslafm.net\/","logo":{"@type":"ImageObject","inLanguage":"en-US","@id":"https:\/\/teslafm.net\/#\/schema\/logo\/image\/","url":"https:\/\/teslafm.net\/wp-content\/uploads\/2020\/06\/logo-tesla.png","contentUrl":"https:\/\/teslafm.net\/wp-content\/uploads\/2020\/06\/logo-tesla.png","width":512,"height":512,"caption":"TeslaFM"},"image":{"@id":"https:\/\/teslafm.net\/#\/schema\/logo\/image\/"},"sameAs":["https:\/\/www.facebook.com\/teslafm.net","https:\/\/x.com\/teslafm"]}]}},"rttpg_featured_image_url":null,"rttpg_author":{"display_name":"Ishak","author_link":"https:\/\/teslafm.net\/en\/author\/cravan\/"},"rttpg_comment":0,"rttpg_category":null,"rttpg_excerpt":"La Pol\u00edtica del Ruido #12 3 Marzo 2020 01. Antonio Garc\u00eda &#8211; La dama azul &#8211; 5:00 02. Chop Shop &#8211; Trio Capture (segment) &#8211; 6:20 03. Dar\u00edo Moratilla &#8211; What we saw from the second floor &#8211; 5:00 04. \u00c9ric La Casa &#8211; Excerpt from Le Havre, a sound project with Cedric Peyronnet &#8211;&hellip;","_links":{"self":[{"href":"https:\/\/teslafm.net\/en\/wp-json\/wp\/v2\/pages\/4694","targetHints":{"allow":["GET"]}}],"collection":[{"href":"https:\/\/teslafm.net\/en\/wp-json\/wp\/v2\/pages"}],"about":[{"href":"https:\/\/teslafm.net\/en\/wp-json\/wp\/v2\/types\/page"}],"author":[{"embeddable":true,"href":"https:\/\/teslafm.net\/en\/wp-json\/wp\/v2\/users\/19"}],"replies":[{"embeddable":true,"href":"https:\/\/teslafm.net\/en\/wp-json\/wp\/v2\/comments?post=4694"}],"version-history":[{"count":4,"href":"https:\/\/teslafm.net\/en\/wp-json\/wp\/v2\/pages\/4694\/revisions"}],"predecessor-version":[{"id":54139,"href":"https:\/\/teslafm.net\/en\/wp-json\/wp\/v2\/pages\/4694\/revisions\/54139"}],"wp:attachment":[{"href":"https:\/\/teslafm.net\/en\/wp-json\/wp\/v2\/media?parent=4694"}],"curies":[{"name":"wp","href":"https:\/\/api.w.org\/{rel}","templated":true}]}}