

{"id":4760,"date":"2020-03-16T18:38:52","date_gmt":"2020-03-16T17:38:52","guid":{"rendered":"http:\/\/teslafm.net\/?page_id=4760"},"modified":"2020-06-06T14:41:29","modified_gmt":"2020-06-06T12:41:29","slug":"espace-plein-6","status":"publish","type":"page","link":"https:\/\/teslafm.net\/en\/espace-plein-6\/","title":{"rendered":"Espace Plein #6"},"content":{"rendered":"<h2><span style=\"color: #ffffff;\"><strong>Espace Plein #6<\/strong><\/span><\/h2>\n<p><span style=\"color: #808080;\"><em>March 2020<\/em><\/span><\/p>\n<p><iframe src=\"https:\/\/www.mixcloud.com\/widget\/iframe\/?hide_cover=1&amp;feed=%2FTeslafm_net%2Fespace-plein-6-%C3%BArsula-bravo%2F\" width=\"100%\" height=\"120\" frameborder=\"0\"><\/iframe><\/p>\n<p><img fetchpriority=\"high\" decoding=\"async\" class=\"alignnone size-full wp-image-4766\" src=\"http:\/\/teslafm.net\/wp-content\/uploads\/2020\/03\/espace-plein-6_blanco.jpg\" alt=\"\" width=\"470\" height=\"470\" srcset=\"https:\/\/teslafm.net\/wp-content\/uploads\/2020\/03\/espace-plein-6_blanco.jpg 470w, https:\/\/teslafm.net\/wp-content\/uploads\/2020\/03\/espace-plein-6_blanco-300x300.jpg 300w, https:\/\/teslafm.net\/wp-content\/uploads\/2020\/03\/espace-plein-6_blanco-150x150.jpg 150w, https:\/\/teslafm.net\/wp-content\/uploads\/2020\/03\/espace-plein-6_blanco-100x100.jpg 100w\" sizes=\"(max-width: 470px) 100vw, 470px\" \/><\/p>\n<p><span style=\"color: #808080;\"><strong>Espace Plein #6<\/strong> is a journey through the sound space of March 8 in the street, gathering some testimonies about territories of debate in which we still have the duty to position ourselves and the superposition of experimental music pieces based on the contextualization of women in the public and private space, based on the reflections of the artist <strong>Martha Rosler<\/strong> and its semiotics of the kitchen, through <strong>Juliana Spain<\/strong>. The perspective of sound and song as a territory of experience and empowerment, as is our sound representation in the territory of the public, in what it says in how it is said, how we move our body by how they resonate within us. #Thanks to all the compa\u00f1eras who took to the streets on March 8th, this piece is for each and every one of those who sustain the fabric of affection and care, all those who are invisible, the compa\u00f1eras putas, the compa\u00f1eras trans, the migrants, the compa\u00f1eras who tend ties towards new socio-political constructs. Thanks to <strong>Juliana Spain<\/strong> and his experimental music pieces and the approach to the new materiality, thanks to my colleagues who welcome me and support me despite the difficulties, to <strong>Umar<\/strong> and to the women who participated in the body and sound art workshop, to each and every one of those who risk their necks every day to build and believe in a new world.<\/span><\/p>\n<p><span style=\"color: #808080;\">Produced by <strong>Ursula Bravo<\/strong>for <strong>TeslaFM<\/strong>.<\/span><\/p>","protected":false},"excerpt":{"rendered":"<p>Espace Plein #6 Marzo 2020 Espace Plein #6 es un recorrido a trav\u00e9s del espacio sonoro del 8 de marzo en la calle, recogiendo algunos testimonios sobre territorios de debate en los que aun tenemos el deber de posicionarnos y la superposici\u00f3n de piezas de m\u00fasica experimental basadas en la contextualizaci\u00f3n de la mujer en [&hellip;]<\/p>\n","protected":false},"author":19,"featured_media":0,"parent":0,"menu_order":0,"comment_status":"closed","ping_status":"closed","template":"","meta":{"footnotes":""},"class_list":["post-4760","page","type-page","status-publish","hentry"],"yoast_head":"<!-- This site is optimized with the Yoast SEO plugin v27.2 - https:\/\/yoast.com\/product\/yoast-seo-wordpress\/ -->\n<title>Espace Plein #6 -<\/title>\n<meta name=\"robots\" content=\"index, follow, max-snippet:-1, max-image-preview:large, max-video-preview:-1\" \/>\n<link rel=\"canonical\" href=\"https:\/\/teslafm.net\/en\/espace-plein-6\/\" \/>\n<meta property=\"og:locale\" content=\"en_US\" \/>\n<meta property=\"og:type\" content=\"article\" \/>\n<meta property=\"og:title\" content=\"Espace Plein #6 -\" \/>\n<meta property=\"og:description\" content=\"Espace Plein #6 Marzo 2020 Espace Plein #6 es un recorrido a trav\u00e9s del espacio sonoro del 8 de marzo en la calle, recogiendo algunos testimonios sobre territorios de debate en los que aun tenemos el deber de posicionarnos y la superposici\u00f3n de piezas de m\u00fasica experimental basadas en la contextualizaci\u00f3n de la mujer en [&hellip;]\" \/>\n<meta property=\"og:url\" content=\"https:\/\/teslafm.net\/en\/espace-plein-6\/\" \/>\n<meta property=\"article:publisher\" content=\"https:\/\/www.facebook.com\/teslafm.net\" \/>\n<meta property=\"article:modified_time\" content=\"2020-06-06T12:41:29+00:00\" \/>\n<meta property=\"og:image\" content=\"http:\/\/teslafm.net\/wp-content\/uploads\/2020\/03\/espace-plein-6_blanco.jpg\" \/>\n<meta name=\"twitter:card\" content=\"summary_large_image\" \/>\n<meta name=\"twitter:site\" content=\"@teslafm\" \/>\n<meta name=\"twitter:label1\" content=\"Est. reading time\" \/>\n\t<meta name=\"twitter:data1\" content=\"1 minute\" \/>\n<script type=\"application\/ld+json\" class=\"yoast-schema-graph\">{\"@context\":\"https:\/\/schema.org\",\"@graph\":[{\"@type\":\"WebPage\",\"@id\":\"https:\/\/teslafm.net\/espace-plein-6\/\",\"url\":\"https:\/\/teslafm.net\/espace-plein-6\/\",\"name\":\"Espace Plein #6 -\",\"isPartOf\":{\"@id\":\"https:\/\/teslafm.net\/#website\"},\"primaryImageOfPage\":{\"@id\":\"https:\/\/teslafm.net\/espace-plein-6\/#primaryimage\"},\"image\":{\"@id\":\"https:\/\/teslafm.net\/espace-plein-6\/#primaryimage\"},\"thumbnailUrl\":\"http:\/\/teslafm.net\/wp-content\/uploads\/2020\/03\/espace-plein-6_blanco.jpg\",\"datePublished\":\"2020-03-16T17:38:52+00:00\",\"dateModified\":\"2020-06-06T12:41:29+00:00\",\"breadcrumb\":{\"@id\":\"https:\/\/teslafm.net\/espace-plein-6\/#breadcrumb\"},\"inLanguage\":\"en-US\",\"potentialAction\":[{\"@type\":\"ReadAction\",\"target\":[\"https:\/\/teslafm.net\/espace-plein-6\/\"]}]},{\"@type\":\"ImageObject\",\"inLanguage\":\"en-US\",\"@id\":\"https:\/\/teslafm.net\/espace-plein-6\/#primaryimage\",\"url\":\"http:\/\/teslafm.net\/wp-content\/uploads\/2020\/03\/espace-plein-6_blanco.jpg\",\"contentUrl\":\"http:\/\/teslafm.net\/wp-content\/uploads\/2020\/03\/espace-plein-6_blanco.jpg\"},{\"@type\":\"BreadcrumbList\",\"@id\":\"https:\/\/teslafm.net\/espace-plein-6\/#breadcrumb\",\"itemListElement\":[{\"@type\":\"ListItem\",\"position\":1,\"name\":\"Portada\",\"item\":\"https:\/\/teslafm.net\/\"},{\"@type\":\"ListItem\",\"position\":2,\"name\":\"Espace Plein #6\"}]},{\"@type\":\"WebSite\",\"@id\":\"https:\/\/teslafm.net\/#website\",\"url\":\"https:\/\/teslafm.net\/\",\"name\":\"TeslaFM\",\"description\":\"An experimental and creative radio\",\"publisher\":{\"@id\":\"https:\/\/teslafm.net\/#organization\"},\"potentialAction\":[{\"@type\":\"SearchAction\",\"target\":{\"@type\":\"EntryPoint\",\"urlTemplate\":\"https:\/\/teslafm.net\/?s={search_term_string}\"},\"query-input\":{\"@type\":\"PropertyValueSpecification\",\"valueRequired\":true,\"valueName\":\"search_term_string\"}}],\"inLanguage\":\"en-US\"},{\"@type\":\"Organization\",\"@id\":\"https:\/\/teslafm.net\/#organization\",\"name\":\"TeslaFM\",\"url\":\"https:\/\/teslafm.net\/\",\"logo\":{\"@type\":\"ImageObject\",\"inLanguage\":\"en-US\",\"@id\":\"https:\/\/teslafm.net\/#\/schema\/logo\/image\/\",\"url\":\"https:\/\/teslafm.net\/wp-content\/uploads\/2020\/06\/logo-tesla.png\",\"contentUrl\":\"https:\/\/teslafm.net\/wp-content\/uploads\/2020\/06\/logo-tesla.png\",\"width\":512,\"height\":512,\"caption\":\"TeslaFM\"},\"image\":{\"@id\":\"https:\/\/teslafm.net\/#\/schema\/logo\/image\/\"},\"sameAs\":[\"https:\/\/www.facebook.com\/teslafm.net\",\"https:\/\/x.com\/teslafm\"]}]}<\/script>\n<!-- \/ Yoast SEO plugin. -->","yoast_head_json":{"title":"Espace Plein #6 -","robots":{"index":"index","follow":"follow","max-snippet":"max-snippet:-1","max-image-preview":"max-image-preview:large","max-video-preview":"max-video-preview:-1"},"canonical":"https:\/\/teslafm.net\/en\/espace-plein-6\/","og_locale":"en_US","og_type":"article","og_title":"Espace Plein #6 -","og_description":"Espace Plein #6 Marzo 2020 Espace Plein #6 es un recorrido a trav\u00e9s del espacio sonoro del 8 de marzo en la calle, recogiendo algunos testimonios sobre territorios de debate en los que aun tenemos el deber de posicionarnos y la superposici\u00f3n de piezas de m\u00fasica experimental basadas en la contextualizaci\u00f3n de la mujer en [&hellip;]","og_url":"https:\/\/teslafm.net\/en\/espace-plein-6\/","article_publisher":"https:\/\/www.facebook.com\/teslafm.net","article_modified_time":"2020-06-06T12:41:29+00:00","og_image":[{"url":"http:\/\/teslafm.net\/wp-content\/uploads\/2020\/03\/espace-plein-6_blanco.jpg","type":"","width":"","height":""}],"twitter_card":"summary_large_image","twitter_site":"@teslafm","twitter_misc":{"Est. reading time":"1 minute"},"schema":{"@context":"https:\/\/schema.org","@graph":[{"@type":"WebPage","@id":"https:\/\/teslafm.net\/espace-plein-6\/","url":"https:\/\/teslafm.net\/espace-plein-6\/","name":"Espace Plein #6 -","isPartOf":{"@id":"https:\/\/teslafm.net\/#website"},"primaryImageOfPage":{"@id":"https:\/\/teslafm.net\/espace-plein-6\/#primaryimage"},"image":{"@id":"https:\/\/teslafm.net\/espace-plein-6\/#primaryimage"},"thumbnailUrl":"http:\/\/teslafm.net\/wp-content\/uploads\/2020\/03\/espace-plein-6_blanco.jpg","datePublished":"2020-03-16T17:38:52+00:00","dateModified":"2020-06-06T12:41:29+00:00","breadcrumb":{"@id":"https:\/\/teslafm.net\/espace-plein-6\/#breadcrumb"},"inLanguage":"en-US","potentialAction":[{"@type":"ReadAction","target":["https:\/\/teslafm.net\/espace-plein-6\/"]}]},{"@type":"ImageObject","inLanguage":"en-US","@id":"https:\/\/teslafm.net\/espace-plein-6\/#primaryimage","url":"http:\/\/teslafm.net\/wp-content\/uploads\/2020\/03\/espace-plein-6_blanco.jpg","contentUrl":"http:\/\/teslafm.net\/wp-content\/uploads\/2020\/03\/espace-plein-6_blanco.jpg"},{"@type":"BreadcrumbList","@id":"https:\/\/teslafm.net\/espace-plein-6\/#breadcrumb","itemListElement":[{"@type":"ListItem","position":1,"name":"Portada","item":"https:\/\/teslafm.net\/"},{"@type":"ListItem","position":2,"name":"Espace Plein #6"}]},{"@type":"WebSite","@id":"https:\/\/teslafm.net\/#website","url":"https:\/\/teslafm.net\/","name":"TeslaFM","description":"An experimental and creative radio","publisher":{"@id":"https:\/\/teslafm.net\/#organization"},"potentialAction":[{"@type":"SearchAction","target":{"@type":"EntryPoint","urlTemplate":"https:\/\/teslafm.net\/?s={search_term_string}"},"query-input":{"@type":"PropertyValueSpecification","valueRequired":true,"valueName":"search_term_string"}}],"inLanguage":"en-US"},{"@type":"Organization","@id":"https:\/\/teslafm.net\/#organization","name":"TeslaFM","url":"https:\/\/teslafm.net\/","logo":{"@type":"ImageObject","inLanguage":"en-US","@id":"https:\/\/teslafm.net\/#\/schema\/logo\/image\/","url":"https:\/\/teslafm.net\/wp-content\/uploads\/2020\/06\/logo-tesla.png","contentUrl":"https:\/\/teslafm.net\/wp-content\/uploads\/2020\/06\/logo-tesla.png","width":512,"height":512,"caption":"TeslaFM"},"image":{"@id":"https:\/\/teslafm.net\/#\/schema\/logo\/image\/"},"sameAs":["https:\/\/www.facebook.com\/teslafm.net","https:\/\/x.com\/teslafm"]}]}},"rttpg_featured_image_url":null,"rttpg_author":{"display_name":"Ishak","author_link":"https:\/\/teslafm.net\/en\/author\/cravan\/"},"rttpg_comment":0,"rttpg_category":null,"rttpg_excerpt":"Espace Plein #6 Marzo 2020 Espace Plein #6 es un recorrido a trav\u00e9s del espacio sonoro del 8 de marzo en la calle, recogiendo algunos testimonios sobre territorios de debate en los que aun tenemos el deber de posicionarnos y la superposici\u00f3n de piezas de m\u00fasica experimental basadas en la contextualizaci\u00f3n de la mujer en&hellip;","_links":{"self":[{"href":"https:\/\/teslafm.net\/en\/wp-json\/wp\/v2\/pages\/4760","targetHints":{"allow":["GET"]}}],"collection":[{"href":"https:\/\/teslafm.net\/en\/wp-json\/wp\/v2\/pages"}],"about":[{"href":"https:\/\/teslafm.net\/en\/wp-json\/wp\/v2\/types\/page"}],"author":[{"embeddable":true,"href":"https:\/\/teslafm.net\/en\/wp-json\/wp\/v2\/users\/19"}],"replies":[{"embeddable":true,"href":"https:\/\/teslafm.net\/en\/wp-json\/wp\/v2\/comments?post=4760"}],"version-history":[{"count":7,"href":"https:\/\/teslafm.net\/en\/wp-json\/wp\/v2\/pages\/4760\/revisions"}],"predecessor-version":[{"id":53812,"href":"https:\/\/teslafm.net\/en\/wp-json\/wp\/v2\/pages\/4760\/revisions\/53812"}],"wp:attachment":[{"href":"https:\/\/teslafm.net\/en\/wp-json\/wp\/v2\/media?parent=4760"}],"curies":[{"name":"wp","href":"https:\/\/api.w.org\/{rel}","templated":true}]}}