

{"id":4802,"date":"2020-03-19T19:37:37","date_gmt":"2020-03-19T18:37:37","guid":{"rendered":"http:\/\/teslafm.net\/?page_id=4802"},"modified":"2021-03-06T16:25:00","modified_gmt":"2021-03-06T15:25:00","slug":"despues-del-mundo-1","status":"publish","type":"page","link":"https:\/\/teslafm.net\/en\/despues-del-mundo-1\/","title":{"rendered":"After the World #1"},"content":{"rendered":"<h2><span style=\"color: #ffffff;\"><strong>After the World #1<\/strong><\/span><\/h2>\n<p><span style=\"color: #808080;\"><em>March 2020<\/em><\/span><\/p>\n<p><iframe src=\"https:\/\/www.mixcloud.com\/widget\/iframe\/?hide_cover=1&amp;feed=%2FTeslafm_net%2Fdespu%C3%A9s-del-mundo-1-atractores-extra%C3%B1os%2F\" width=\"100%\" height=\"120\" frameborder=\"0\"><\/iframe><\/p>\n<p><span style=\"color: #808080;\"><strong>There may be no future but we continue to create the past<\/strong><\/span><\/p>\n<p><span style=\"color: #808080;\"><b>#01_MEAT WORK<\/b><\/span><\/p>\n<p><span style=\"color: #808080;\"><strong><b>SOUND<\/b><br \/>\n<\/strong>01. 0 - 34'24''<\/span><br \/>\n<span style=\"color: #808080;\">Humana de Niebla (<b>Pia Achternkamp<\/b>, <b>Selu Herraiz<\/b>) - PachaMamaDinerito #01 - Fragment 01. Improvised session of ambient recorded analog electronics \/ Intervening: DIY noise machine, anarchaeological sculpture of iron and wood, various synthesizers, looping machine, Spanish guitar with piezoelectric microphone and microphone attached inside the guitar case.<\/span><\/p>\n<p><span style=\"color: #808080;\">02. 34'24'' - 40'00<\/span><br \/>\n<span style=\"color: #808080;\"><b>Lilith'21<\/b> (aka <b>Selu Herraiz<\/b>) - The Fallen Tree - Epilogue o <em>bugs eating the corpse<\/em><\/span><\/p>\n<p><span style=\"color: #808080;\">03. 40'00 - 60'00<\/span><br \/>\n<span style=\"color: #808080;\"><b>Humana de Niebla<\/b> - PachaMamaDinerito #01 - Fragment 02<\/span><\/p>\n<p><span style=\"color: #808080;\"><strong><b>TEXTS<\/b><br \/>\n<\/strong><b>Rainer Maria Rilke<\/b> - Letters to a Young Poet<\/span><\/p>\n<p><span style=\"color: #808080;\">Fragment of the first letter (Paris, February 17, 1903)<\/span><\/p>\n<p><span style=\"color: #808080;\"><b>Alba Valladares<\/b> - interpreted by virtual voice<\/span><br \/>\n<span style=\"color: #808080;\"><b>Vulkana<\/b> (aka Elena Azzed\u00edn) - poem<\/span><br \/>\n<span style=\"color: #808080;\"><b>Lilith'21<\/b> - meat work<\/span><\/p>","protected":false},"excerpt":{"rendered":"<p>Despu\u00e9s del Mundo #1 Marzo 2020 Puede que no haya futuro pero seguimos creando pasado #01_OBRA DE CARNE SONIDO 01. 0 &#8211; 34\u201924\u2019\u2019 Humana de Niebla (P\u00eda Achternkamp, Selu Herraiz) &#8211; PachaMamaDinerito #01 &#8211; Fragmento 01. Sesi\u00f3n improvisada de electr\u00f3nica anal\u00f3gica grabada de ambiente \/ Intervienen: m\u00e1quina de ruidos DIY, escultura anarqueol\u00f3gica de hierro y [&hellip;]<\/p>\n","protected":false},"author":19,"featured_media":0,"parent":0,"menu_order":0,"comment_status":"closed","ping_status":"closed","template":"","meta":{"footnotes":""},"class_list":["post-4802","page","type-page","status-publish","hentry"],"yoast_head":"<!-- This site is optimized with the Yoast SEO plugin v27.2 - https:\/\/yoast.com\/product\/yoast-seo-wordpress\/ -->\n<title>Despu\u00e9s del Mundo #1 -<\/title>\n<meta name=\"robots\" content=\"index, follow, max-snippet:-1, max-image-preview:large, max-video-preview:-1\" \/>\n<link rel=\"canonical\" href=\"https:\/\/teslafm.net\/en\/despues-del-mundo-1\/\" \/>\n<meta property=\"og:locale\" content=\"en_US\" \/>\n<meta property=\"og:type\" content=\"article\" \/>\n<meta property=\"og:title\" content=\"Despu\u00e9s del Mundo #1 -\" \/>\n<meta property=\"og:description\" content=\"Despu\u00e9s del Mundo #1 Marzo 2020 Puede que no haya futuro pero seguimos creando pasado #01_OBRA DE CARNE SONIDO 01. 0 &#8211; 34\u201924\u2019\u2019 Humana de Niebla (P\u00eda Achternkamp, Selu Herraiz) &#8211; PachaMamaDinerito #01 &#8211; Fragmento 01. Sesi\u00f3n improvisada de electr\u00f3nica anal\u00f3gica grabada de ambiente \/ Intervienen: m\u00e1quina de ruidos DIY, escultura anarqueol\u00f3gica de hierro y [&hellip;]\" \/>\n<meta property=\"og:url\" content=\"https:\/\/teslafm.net\/en\/despues-del-mundo-1\/\" \/>\n<meta property=\"article:publisher\" content=\"https:\/\/www.facebook.com\/teslafm.net\" \/>\n<meta property=\"article:modified_time\" content=\"2021-03-06T15:25:00+00:00\" \/>\n<meta property=\"og:image\" content=\"https:\/\/teslafm.net\/wp-content\/uploads\/2022\/09\/header-image-4-temp.png\" \/>\n\t<meta property=\"og:image:width\" content=\"1274\" \/>\n\t<meta property=\"og:image:height\" content=\"818\" \/>\n\t<meta property=\"og:image:type\" content=\"image\/png\" \/>\n<meta name=\"twitter:card\" content=\"summary_large_image\" \/>\n<meta name=\"twitter:site\" content=\"@teslafm\" \/>\n<meta name=\"twitter:label1\" content=\"Est. reading time\" \/>\n\t<meta name=\"twitter:data1\" content=\"1 minute\" \/>\n<script type=\"application\/ld+json\" class=\"yoast-schema-graph\">{\"@context\":\"https:\/\/schema.org\",\"@graph\":[{\"@type\":\"WebPage\",\"@id\":\"https:\/\/teslafm.net\/despues-del-mundo-1\/\",\"url\":\"https:\/\/teslafm.net\/despues-del-mundo-1\/\",\"name\":\"Despu\u00e9s del Mundo #1 -\",\"isPartOf\":{\"@id\":\"https:\/\/teslafm.net\/#website\"},\"datePublished\":\"2020-03-19T18:37:37+00:00\",\"dateModified\":\"2021-03-06T15:25:00+00:00\",\"breadcrumb\":{\"@id\":\"https:\/\/teslafm.net\/despues-del-mundo-1\/#breadcrumb\"},\"inLanguage\":\"en-US\",\"potentialAction\":[{\"@type\":\"ReadAction\",\"target\":[\"https:\/\/teslafm.net\/despues-del-mundo-1\/\"]}]},{\"@type\":\"BreadcrumbList\",\"@id\":\"https:\/\/teslafm.net\/despues-del-mundo-1\/#breadcrumb\",\"itemListElement\":[{\"@type\":\"ListItem\",\"position\":1,\"name\":\"Portada\",\"item\":\"https:\/\/teslafm.net\/\"},{\"@type\":\"ListItem\",\"position\":2,\"name\":\"Despu\u00e9s del Mundo #1\"}]},{\"@type\":\"WebSite\",\"@id\":\"https:\/\/teslafm.net\/#website\",\"url\":\"https:\/\/teslafm.net\/\",\"name\":\"TeslaFM\",\"description\":\"An experimental and creative radio\",\"publisher\":{\"@id\":\"https:\/\/teslafm.net\/#organization\"},\"potentialAction\":[{\"@type\":\"SearchAction\",\"target\":{\"@type\":\"EntryPoint\",\"urlTemplate\":\"https:\/\/teslafm.net\/?s={search_term_string}\"},\"query-input\":{\"@type\":\"PropertyValueSpecification\",\"valueRequired\":true,\"valueName\":\"search_term_string\"}}],\"inLanguage\":\"en-US\"},{\"@type\":\"Organization\",\"@id\":\"https:\/\/teslafm.net\/#organization\",\"name\":\"TeslaFM\",\"url\":\"https:\/\/teslafm.net\/\",\"logo\":{\"@type\":\"ImageObject\",\"inLanguage\":\"en-US\",\"@id\":\"https:\/\/teslafm.net\/#\/schema\/logo\/image\/\",\"url\":\"https:\/\/teslafm.net\/wp-content\/uploads\/2020\/06\/logo-tesla.png\",\"contentUrl\":\"https:\/\/teslafm.net\/wp-content\/uploads\/2020\/06\/logo-tesla.png\",\"width\":512,\"height\":512,\"caption\":\"TeslaFM\"},\"image\":{\"@id\":\"https:\/\/teslafm.net\/#\/schema\/logo\/image\/\"},\"sameAs\":[\"https:\/\/www.facebook.com\/teslafm.net\",\"https:\/\/x.com\/teslafm\"]}]}<\/script>\n<!-- \/ Yoast SEO plugin. -->","yoast_head_json":{"title":"After the World #1 -","robots":{"index":"index","follow":"follow","max-snippet":"max-snippet:-1","max-image-preview":"max-image-preview:large","max-video-preview":"max-video-preview:-1"},"canonical":"https:\/\/teslafm.net\/en\/despues-del-mundo-1\/","og_locale":"en_US","og_type":"article","og_title":"Despu\u00e9s del Mundo #1 -","og_description":"Despu\u00e9s del Mundo #1 Marzo 2020 Puede que no haya futuro pero seguimos creando pasado #01_OBRA DE CARNE SONIDO 01. 0 &#8211; 34\u201924\u2019\u2019 Humana de Niebla (P\u00eda Achternkamp, Selu Herraiz) &#8211; PachaMamaDinerito #01 &#8211; Fragmento 01. Sesi\u00f3n improvisada de electr\u00f3nica anal\u00f3gica grabada de ambiente \/ Intervienen: m\u00e1quina de ruidos DIY, escultura anarqueol\u00f3gica de hierro y [&hellip;]","og_url":"https:\/\/teslafm.net\/en\/despues-del-mundo-1\/","article_publisher":"https:\/\/www.facebook.com\/teslafm.net","article_modified_time":"2021-03-06T15:25:00+00:00","og_image":[{"width":1274,"height":818,"url":"https:\/\/teslafm.net\/wp-content\/uploads\/2022\/09\/header-image-4-temp.png","type":"image\/png"}],"twitter_card":"summary_large_image","twitter_site":"@teslafm","twitter_misc":{"Est. reading time":"1 minute"},"schema":{"@context":"https:\/\/schema.org","@graph":[{"@type":"WebPage","@id":"https:\/\/teslafm.net\/despues-del-mundo-1\/","url":"https:\/\/teslafm.net\/despues-del-mundo-1\/","name":"After the World #1 -","isPartOf":{"@id":"https:\/\/teslafm.net\/#website"},"datePublished":"2020-03-19T18:37:37+00:00","dateModified":"2021-03-06T15:25:00+00:00","breadcrumb":{"@id":"https:\/\/teslafm.net\/despues-del-mundo-1\/#breadcrumb"},"inLanguage":"en-US","potentialAction":[{"@type":"ReadAction","target":["https:\/\/teslafm.net\/despues-del-mundo-1\/"]}]},{"@type":"BreadcrumbList","@id":"https:\/\/teslafm.net\/despues-del-mundo-1\/#breadcrumb","itemListElement":[{"@type":"ListItem","position":1,"name":"Portada","item":"https:\/\/teslafm.net\/"},{"@type":"ListItem","position":2,"name":"Despu\u00e9s del Mundo #1"}]},{"@type":"WebSite","@id":"https:\/\/teslafm.net\/#website","url":"https:\/\/teslafm.net\/","name":"TeslaFM","description":"An experimental and creative radio","publisher":{"@id":"https:\/\/teslafm.net\/#organization"},"potentialAction":[{"@type":"SearchAction","target":{"@type":"EntryPoint","urlTemplate":"https:\/\/teslafm.net\/?s={search_term_string}"},"query-input":{"@type":"PropertyValueSpecification","valueRequired":true,"valueName":"search_term_string"}}],"inLanguage":"en-US"},{"@type":"Organization","@id":"https:\/\/teslafm.net\/#organization","name":"TeslaFM","url":"https:\/\/teslafm.net\/","logo":{"@type":"ImageObject","inLanguage":"en-US","@id":"https:\/\/teslafm.net\/#\/schema\/logo\/image\/","url":"https:\/\/teslafm.net\/wp-content\/uploads\/2020\/06\/logo-tesla.png","contentUrl":"https:\/\/teslafm.net\/wp-content\/uploads\/2020\/06\/logo-tesla.png","width":512,"height":512,"caption":"TeslaFM"},"image":{"@id":"https:\/\/teslafm.net\/#\/schema\/logo\/image\/"},"sameAs":["https:\/\/www.facebook.com\/teslafm.net","https:\/\/x.com\/teslafm"]}]}},"rttpg_featured_image_url":null,"rttpg_author":{"display_name":"Ishak","author_link":"https:\/\/teslafm.net\/en\/author\/cravan\/"},"rttpg_comment":0,"rttpg_category":null,"rttpg_excerpt":"Despu\u00e9s del Mundo #1 Marzo 2020 Puede que no haya futuro pero seguimos creando pasado #01_OBRA DE CARNE SONIDO 01. 0 &#8211; 34\u201924\u2019\u2019 Humana de Niebla (P\u00eda Achternkamp, Selu Herraiz) &#8211; PachaMamaDinerito #01 &#8211; Fragmento 01. Sesi\u00f3n improvisada de electr\u00f3nica anal\u00f3gica grabada de ambiente \/ Intervienen: m\u00e1quina de ruidos DIY, escultura anarqueol\u00f3gica de hierro y&hellip;","_links":{"self":[{"href":"https:\/\/teslafm.net\/en\/wp-json\/wp\/v2\/pages\/4802","targetHints":{"allow":["GET"]}}],"collection":[{"href":"https:\/\/teslafm.net\/en\/wp-json\/wp\/v2\/pages"}],"about":[{"href":"https:\/\/teslafm.net\/en\/wp-json\/wp\/v2\/types\/page"}],"author":[{"embeddable":true,"href":"https:\/\/teslafm.net\/en\/wp-json\/wp\/v2\/users\/19"}],"replies":[{"embeddable":true,"href":"https:\/\/teslafm.net\/en\/wp-json\/wp\/v2\/comments?post=4802"}],"version-history":[{"count":7,"href":"https:\/\/teslafm.net\/en\/wp-json\/wp\/v2\/pages\/4802\/revisions"}],"predecessor-version":[{"id":57144,"href":"https:\/\/teslafm.net\/en\/wp-json\/wp\/v2\/pages\/4802\/revisions\/57144"}],"wp:attachment":[{"href":"https:\/\/teslafm.net\/en\/wp-json\/wp\/v2\/media?parent=4802"}],"curies":[{"name":"wp","href":"https:\/\/api.w.org\/{rel}","templated":true}]}}