

{"id":50808,"date":"2020-04-07T14:12:46","date_gmt":"2020-04-07T12:12:46","guid":{"rendered":"https:\/\/teslafm.net\/?page_id=50808"},"modified":"2021-03-06T15:52:50","modified_gmt":"2021-03-06T14:52:50","slug":"luna-llena-8","status":"publish","type":"page","link":"https:\/\/teslafm.net\/en\/luna-llena-8\/","title":{"rendered":"Full Moon #8"},"content":{"rendered":"<h2><span style=\"color: #ffffff;\"><strong>Full Moon #8<\/strong><\/span><\/h2>\n<p><span style=\"color: #808080;\"><em>The Sewing Circle<\/em><\/span><\/p>\n<p><iframe src=\"https:\/\/www.mixcloud.com\/widget\/iframe\/?hide_cover=1&amp;feed=%2FTeslafm_net%2Fluna-llena-8-el-c%C3%ADrculo-de-costura%2F\" width=\"100%\" height=\"120\" frameborder=\"0\"><\/iframe><\/p>\n<p><img fetchpriority=\"high\" decoding=\"async\" src=\"https:\/\/teslafm.net\/wp-content\/uploads\/2020\/04\/Sewing-circle.jpg\" alt=\"\" width=\"1080\" height=\"1080\" \/><\/p>\n<p><span style=\"color: #808080;\">As \"<em>The sewing circle<\/em>\"The Sewing Circle has been called a private group of lesbian and bisexual women in Hollywood. The group existed during the so-called \"<em>Golden Age of Hollywood<\/em>\"in the 1920s and 1950s. To the Circle belonged movie idols like <strong>Greta Garbo<\/strong>, <strong>Marlene Dietrich<\/strong>, <strong>Joan Crawford<\/strong> and <strong>Barbara Stanwyck<\/strong>as well as the poet and scriptwriter <strong>Mercedes de Acosta<\/strong>. The Circle kept its existence a secret, because the Hollywood code of conduct at the time did not allow homosexuality to appear in the movies, nor did it allow people whose homosexuality was publicly known to work in the industry. Especially in the case of the big stars, this was forbidden with corresponding contractual clauses.<\/span><\/p>\n<p><span style=\"color: #808080;\">More information: <\/span><a href=\"https:\/\/es.wikipedia.org\/wiki\/El_c\u00edrculo_de_costura\" target=\"_blank\" rel=\"noopener noreferrer\">Wikipedia<\/a><\/p>\n<p><span style=\"color: #808080;\"><b>Film dialogues, radio dialogues and music in order of appearance:<\/b><\/span><\/p>\n<p><span style=\"color: #808080;\">Soundtrack composed by Herbert Stothart, for the film \"Anna Karenina\" (1935).<\/span><br \/>\n<span style=\"color: #808080;\">01. Main title<\/span><br \/>\n<span style=\"color: #808080;\">02. Premonition<\/span><br \/>\n<span style=\"color: #808080;\">03. Station at Moscow<\/span><br \/>\n<span style=\"color: #808080;\">04. En route in a storm<\/span><br \/>\n<span style=\"color: #808080;\">05. Vronsky despondent<\/span><\/p>\n<p><span style=\"color: #808080;\">Soundtrack composed by <strong>Miklos Rosza<\/strong>for the film \"<em>Double Idemnity<\/em>\" (1944)<\/span><br \/>\n<span style=\"color: #808080;\">01. Prelude<\/span><br \/>\n<span style=\"color: #808080;\"><strong>Eva Le Gallienne<\/strong>television interview in 1977.<\/span><br \/>\n<span style=\"color: #808080;\">The voice of <strong>Greta Garbo<\/strong> in \"<em>Queen Christina<\/em>\" (1933)<\/span><br \/>\n<span style=\"color: #808080;\"><strong>Billie Holiday<\/strong>I'm a fool to want you\", \"I'm a fool to want you\".<\/span><br \/>\n<span style=\"color: #808080;\">Soundtrack composed by <strong>Franz Waxman<\/strong>for the film \"Woman of the Year\" (1942).<\/span><br \/>\n<span style=\"color: #808080;\"><strong>Scotty Bower<\/strong>s on <strong>Katherine Hepburn<\/strong> in an interview.<\/span><br \/>\n<span style=\"color: #808080;\"><strong>Katherine Hepburn<\/strong> and <strong>Dennie Moore<\/strong> is a scene from the comedy \"<em>Sylvia Scarlett<\/em>\" (1935)<\/span><\/p>\n<p><iframe src=\"https:\/\/www.youtube.com\/embed\/RP8UzVN3POI\" width=\"1560\" height=\"800\" frameborder=\"0\" allowfullscreen=\"allowfullscreen\"><\/iframe><\/p>\n<p><span style=\"color: #808080;\"><strong>Beatrice Lillie<\/strong>, \"<em>Now's the time<\/em>\" (1915)<\/span><br \/>\n<span style=\"color: #808080;\"><strong>Katherine Hepburn<\/strong> at the piano in the film \"<em>Song of love<\/em>\" (1947)<\/span><br \/>\n<span style=\"color: #808080;\"><strong>Tallulah Bankhead<\/strong> invites <strong>Marlene Dietrich<\/strong> to his radio program <strong>The Big Show<\/strong>, 1951<\/span><br \/>\n<span style=\"color: #808080;\">A filmic reinterpretation of the encounter between <strong>Marlene Dietrich<\/strong> and <strong>\u00c9dith Piaf<\/strong> in the movie \"<em>La Vie en Rose<\/em>\" (2007)<\/span><br \/>\n<span style=\"color: #808080;\"><strong>Libby Holman<\/strong>, \"<em>Something to remember you by<\/em>\"<\/span><br \/>\n<span style=\"color: #808080;\">Dramatized reading of the \"<em>Love letter<\/em>\"(1909) by <strong>Sibilla Aleramo<\/strong> a <strong>Lina Cordula Poletti<br \/>\n<\/strong>Soundtrack composed by <strong>Jule Styne<\/strong>for the film \"<em>Gentlemen prefer blondes<\/em>\" (1953)<\/span><\/p>\n<p><span style=\"color: #808080;\">Produced by <strong>Shak Benavides<\/strong> and <strong>ea7_dm<\/strong><\/span><\/p>\n<p>&nbsp;<\/p>","protected":false},"excerpt":{"rendered":"<p>Luna Llena #8 El C\u00edrculo de Costura Como \u00abEl c\u00edrculo de costura\u00bb, en ingl\u00e9s The Sewing Circle, se ha denominado un grupo privado de mujeres lesbianas y bisexuales de Hollywood. El grupo existi\u00f3 durante la llamada \u00abEdad de Oro de Hollywood\u00bb en las d\u00e9cadas de 1920 a 1950. Al C\u00edrculo pertenec\u00edan \u00eddolos del cine como [&hellip;]<\/p>\n","protected":false},"author":19,"featured_media":0,"parent":0,"menu_order":0,"comment_status":"closed","ping_status":"closed","template":"","meta":{"footnotes":""},"class_list":["post-50808","page","type-page","status-publish","hentry"],"yoast_head":"<!-- This site is optimized with the Yoast SEO plugin v27.2 - https:\/\/yoast.com\/product\/yoast-seo-wordpress\/ -->\n<title>Luna Llena #8 -<\/title>\n<meta name=\"robots\" content=\"index, follow, max-snippet:-1, max-image-preview:large, max-video-preview:-1\" \/>\n<link rel=\"canonical\" href=\"https:\/\/teslafm.net\/en\/luna-llena-8\/\" \/>\n<meta property=\"og:locale\" content=\"en_US\" \/>\n<meta property=\"og:type\" content=\"article\" \/>\n<meta property=\"og:title\" content=\"Luna Llena #8 -\" \/>\n<meta property=\"og:description\" content=\"Luna Llena #8 El C\u00edrculo de Costura Como \u00abEl c\u00edrculo de costura\u00bb, en ingl\u00e9s The Sewing Circle, se ha denominado un grupo privado de mujeres lesbianas y bisexuales de Hollywood. El grupo existi\u00f3 durante la llamada \u00abEdad de Oro de Hollywood\u00bb en las d\u00e9cadas de 1920 a 1950. Al C\u00edrculo pertenec\u00edan \u00eddolos del cine como [&hellip;]\" \/>\n<meta property=\"og:url\" content=\"https:\/\/teslafm.net\/en\/luna-llena-8\/\" \/>\n<meta property=\"article:publisher\" content=\"https:\/\/www.facebook.com\/teslafm.net\" \/>\n<meta property=\"article:modified_time\" content=\"2021-03-06T14:52:50+00:00\" \/>\n<meta property=\"og:image\" content=\"https:\/\/teslafm.net\/wp-content\/uploads\/2020\/04\/Sewing-circle.jpg\" \/>\n<meta name=\"twitter:card\" content=\"summary_large_image\" \/>\n<meta name=\"twitter:site\" content=\"@teslafm\" \/>\n<meta name=\"twitter:label1\" content=\"Est. reading time\" \/>\n\t<meta name=\"twitter:data1\" content=\"2 minutes\" \/>\n<script type=\"application\/ld+json\" class=\"yoast-schema-graph\">{\"@context\":\"https:\/\/schema.org\",\"@graph\":[{\"@type\":\"WebPage\",\"@id\":\"https:\/\/teslafm.net\/luna-llena-8\/\",\"url\":\"https:\/\/teslafm.net\/luna-llena-8\/\",\"name\":\"Luna Llena #8 -\",\"isPartOf\":{\"@id\":\"https:\/\/teslafm.net\/#website\"},\"primaryImageOfPage\":{\"@id\":\"https:\/\/teslafm.net\/luna-llena-8\/#primaryimage\"},\"image\":{\"@id\":\"https:\/\/teslafm.net\/luna-llena-8\/#primaryimage\"},\"thumbnailUrl\":\"https:\/\/teslafm.net\/wp-content\/uploads\/2020\/04\/Sewing-circle.jpg\",\"datePublished\":\"2020-04-07T12:12:46+00:00\",\"dateModified\":\"2021-03-06T14:52:50+00:00\",\"breadcrumb\":{\"@id\":\"https:\/\/teslafm.net\/luna-llena-8\/#breadcrumb\"},\"inLanguage\":\"en-US\",\"potentialAction\":[{\"@type\":\"ReadAction\",\"target\":[\"https:\/\/teslafm.net\/luna-llena-8\/\"]}]},{\"@type\":\"ImageObject\",\"inLanguage\":\"en-US\",\"@id\":\"https:\/\/teslafm.net\/luna-llena-8\/#primaryimage\",\"url\":\"https:\/\/teslafm.net\/wp-content\/uploads\/2020\/04\/Sewing-circle.jpg\",\"contentUrl\":\"https:\/\/teslafm.net\/wp-content\/uploads\/2020\/04\/Sewing-circle.jpg\"},{\"@type\":\"BreadcrumbList\",\"@id\":\"https:\/\/teslafm.net\/luna-llena-8\/#breadcrumb\",\"itemListElement\":[{\"@type\":\"ListItem\",\"position\":1,\"name\":\"Portada\",\"item\":\"https:\/\/teslafm.net\/\"},{\"@type\":\"ListItem\",\"position\":2,\"name\":\"Luna Llena #8\"}]},{\"@type\":\"WebSite\",\"@id\":\"https:\/\/teslafm.net\/#website\",\"url\":\"https:\/\/teslafm.net\/\",\"name\":\"TeslaFM\",\"description\":\"An experimental and creative radio\",\"publisher\":{\"@id\":\"https:\/\/teslafm.net\/#organization\"},\"potentialAction\":[{\"@type\":\"SearchAction\",\"target\":{\"@type\":\"EntryPoint\",\"urlTemplate\":\"https:\/\/teslafm.net\/?s={search_term_string}\"},\"query-input\":{\"@type\":\"PropertyValueSpecification\",\"valueRequired\":true,\"valueName\":\"search_term_string\"}}],\"inLanguage\":\"en-US\"},{\"@type\":\"Organization\",\"@id\":\"https:\/\/teslafm.net\/#organization\",\"name\":\"TeslaFM\",\"url\":\"https:\/\/teslafm.net\/\",\"logo\":{\"@type\":\"ImageObject\",\"inLanguage\":\"en-US\",\"@id\":\"https:\/\/teslafm.net\/#\/schema\/logo\/image\/\",\"url\":\"https:\/\/teslafm.net\/wp-content\/uploads\/2020\/06\/logo-tesla.png\",\"contentUrl\":\"https:\/\/teslafm.net\/wp-content\/uploads\/2020\/06\/logo-tesla.png\",\"width\":512,\"height\":512,\"caption\":\"TeslaFM\"},\"image\":{\"@id\":\"https:\/\/teslafm.net\/#\/schema\/logo\/image\/\"},\"sameAs\":[\"https:\/\/www.facebook.com\/teslafm.net\",\"https:\/\/x.com\/teslafm\"]}]}<\/script>\n<!-- \/ Yoast SEO plugin. -->","yoast_head_json":{"title":"Full Moon #8 -","robots":{"index":"index","follow":"follow","max-snippet":"max-snippet:-1","max-image-preview":"max-image-preview:large","max-video-preview":"max-video-preview:-1"},"canonical":"https:\/\/teslafm.net\/en\/luna-llena-8\/","og_locale":"en_US","og_type":"article","og_title":"Luna Llena #8 -","og_description":"Luna Llena #8 El C\u00edrculo de Costura Como \u00abEl c\u00edrculo de costura\u00bb, en ingl\u00e9s The Sewing Circle, se ha denominado un grupo privado de mujeres lesbianas y bisexuales de Hollywood. El grupo existi\u00f3 durante la llamada \u00abEdad de Oro de Hollywood\u00bb en las d\u00e9cadas de 1920 a 1950. Al C\u00edrculo pertenec\u00edan \u00eddolos del cine como [&hellip;]","og_url":"https:\/\/teslafm.net\/en\/luna-llena-8\/","article_publisher":"https:\/\/www.facebook.com\/teslafm.net","article_modified_time":"2021-03-06T14:52:50+00:00","og_image":[{"url":"https:\/\/teslafm.net\/wp-content\/uploads\/2020\/04\/Sewing-circle.jpg","type":"","width":"","height":""}],"twitter_card":"summary_large_image","twitter_site":"@teslafm","twitter_misc":{"Est. reading time":"2 minutes"},"schema":{"@context":"https:\/\/schema.org","@graph":[{"@type":"WebPage","@id":"https:\/\/teslafm.net\/luna-llena-8\/","url":"https:\/\/teslafm.net\/luna-llena-8\/","name":"Full Moon #8 -","isPartOf":{"@id":"https:\/\/teslafm.net\/#website"},"primaryImageOfPage":{"@id":"https:\/\/teslafm.net\/luna-llena-8\/#primaryimage"},"image":{"@id":"https:\/\/teslafm.net\/luna-llena-8\/#primaryimage"},"thumbnailUrl":"https:\/\/teslafm.net\/wp-content\/uploads\/2020\/04\/Sewing-circle.jpg","datePublished":"2020-04-07T12:12:46+00:00","dateModified":"2021-03-06T14:52:50+00:00","breadcrumb":{"@id":"https:\/\/teslafm.net\/luna-llena-8\/#breadcrumb"},"inLanguage":"en-US","potentialAction":[{"@type":"ReadAction","target":["https:\/\/teslafm.net\/luna-llena-8\/"]}]},{"@type":"ImageObject","inLanguage":"en-US","@id":"https:\/\/teslafm.net\/luna-llena-8\/#primaryimage","url":"https:\/\/teslafm.net\/wp-content\/uploads\/2020\/04\/Sewing-circle.jpg","contentUrl":"https:\/\/teslafm.net\/wp-content\/uploads\/2020\/04\/Sewing-circle.jpg"},{"@type":"BreadcrumbList","@id":"https:\/\/teslafm.net\/luna-llena-8\/#breadcrumb","itemListElement":[{"@type":"ListItem","position":1,"name":"Portada","item":"https:\/\/teslafm.net\/"},{"@type":"ListItem","position":2,"name":"Luna Llena #8"}]},{"@type":"WebSite","@id":"https:\/\/teslafm.net\/#website","url":"https:\/\/teslafm.net\/","name":"TeslaFM","description":"An experimental and creative radio","publisher":{"@id":"https:\/\/teslafm.net\/#organization"},"potentialAction":[{"@type":"SearchAction","target":{"@type":"EntryPoint","urlTemplate":"https:\/\/teslafm.net\/?s={search_term_string}"},"query-input":{"@type":"PropertyValueSpecification","valueRequired":true,"valueName":"search_term_string"}}],"inLanguage":"en-US"},{"@type":"Organization","@id":"https:\/\/teslafm.net\/#organization","name":"TeslaFM","url":"https:\/\/teslafm.net\/","logo":{"@type":"ImageObject","inLanguage":"en-US","@id":"https:\/\/teslafm.net\/#\/schema\/logo\/image\/","url":"https:\/\/teslafm.net\/wp-content\/uploads\/2020\/06\/logo-tesla.png","contentUrl":"https:\/\/teslafm.net\/wp-content\/uploads\/2020\/06\/logo-tesla.png","width":512,"height":512,"caption":"TeslaFM"},"image":{"@id":"https:\/\/teslafm.net\/#\/schema\/logo\/image\/"},"sameAs":["https:\/\/www.facebook.com\/teslafm.net","https:\/\/x.com\/teslafm"]}]}},"rttpg_featured_image_url":null,"rttpg_author":{"display_name":"Ishak","author_link":"https:\/\/teslafm.net\/en\/author\/cravan\/"},"rttpg_comment":0,"rttpg_category":null,"rttpg_excerpt":"Luna Llena #8 El C\u00edrculo de Costura Como \u00abEl c\u00edrculo de costura\u00bb, en ingl\u00e9s The Sewing Circle, se ha denominado un grupo privado de mujeres lesbianas y bisexuales de Hollywood. El grupo existi\u00f3 durante la llamada \u00abEdad de Oro de Hollywood\u00bb en las d\u00e9cadas de 1920 a 1950. Al C\u00edrculo pertenec\u00edan \u00eddolos del cine como&hellip;","_links":{"self":[{"href":"https:\/\/teslafm.net\/en\/wp-json\/wp\/v2\/pages\/50808","targetHints":{"allow":["GET"]}}],"collection":[{"href":"https:\/\/teslafm.net\/en\/wp-json\/wp\/v2\/pages"}],"about":[{"href":"https:\/\/teslafm.net\/en\/wp-json\/wp\/v2\/types\/page"}],"author":[{"embeddable":true,"href":"https:\/\/teslafm.net\/en\/wp-json\/wp\/v2\/users\/19"}],"replies":[{"embeddable":true,"href":"https:\/\/teslafm.net\/en\/wp-json\/wp\/v2\/comments?post=50808"}],"version-history":[{"count":18,"href":"https:\/\/teslafm.net\/en\/wp-json\/wp\/v2\/pages\/50808\/revisions"}],"predecessor-version":[{"id":57121,"href":"https:\/\/teslafm.net\/en\/wp-json\/wp\/v2\/pages\/50808\/revisions\/57121"}],"wp:attachment":[{"href":"https:\/\/teslafm.net\/en\/wp-json\/wp\/v2\/media?parent=50808"}],"curies":[{"name":"wp","href":"https:\/\/api.w.org\/{rel}","templated":true}]}}